{"id":2719,"date":"2022-04-25T15:58:39","date_gmt":"2022-04-25T13:58:39","guid":{"rendered":"https:\/\/szkolenia-udt.pl\/?page_id=2719"},"modified":"2023-03-26T12:01:24","modified_gmt":"2023-03-26T10:01:24","slug":"gaffeltruckar","status":"publish","type":"page","link":"https:\/\/szkolenia-udt.pl\/sv\/kursy\/uprawnienia-udt-tdt-wdt\/wozki-widlowe\/","title":{"rendered":"Kurs f\u00f6r f\u00f6rare av gaffeltruckar"},"content":{"rendered":"<div class=\"wp-block-image\">\n<figure class=\"aligncenter size-large is-resized\"><a href=\"https:\/\/szkolenia-udt.pl\/wp-content\/uploads\/2022\/04\/oso-reklama.edu_.pl-009-k-1920x800-1.jpg\"><img loading=\"lazy\" decoding=\"async\" src=\"https:\/\/szkolenia-udt.pl\/wp-content\/uploads\/2022\/04\/oso-reklama.edu_.pl-009-k-1920x800-1-1024x427.jpg\" alt=\"Gaffeltruck i anv\u00e4ndning i ett lager\" class=\"wp-image-2724\" width=\"1024\" height=\"427\" srcset=\"https:\/\/szkolenia-udt.pl\/wp-content\/uploads\/2022\/04\/oso-reklama.edu_.pl-009-k-1920x800-1-1024x427.jpg 1024w, https:\/\/szkolenia-udt.pl\/wp-content\/uploads\/2022\/04\/oso-reklama.edu_.pl-009-k-1920x800-1-300x125.jpg 300w, https:\/\/szkolenia-udt.pl\/wp-content\/uploads\/2022\/04\/oso-reklama.edu_.pl-009-k-1920x800-1-768x320.jpg 768w, https:\/\/szkolenia-udt.pl\/wp-content\/uploads\/2022\/04\/oso-reklama.edu_.pl-009-k-1920x800-1-1536x640.jpg 1536w, https:\/\/szkolenia-udt.pl\/wp-content\/uploads\/2022\/04\/oso-reklama.edu_.pl-009-k-1920x800-1.jpg 1920w\" sizes=\"auto, (max-width: 1024px) 100vw, 1024px\" \/><\/a><\/figure>\n<\/div>\n\n\n<h2 class=\"wp-block-heading\"><strong>Varf\u00f6r delta i utbildningen?<\/strong><\/h2>\n\n\n\n<p>Att l\u00e4ra sig k\u00f6ra gaffeltruck och bli kvalificerad \u00e4r ett bra s\u00e4tt att utvecklas.  Lagerarbete \u00e4r n\u00e4ra kopplat till denna utrustning. En gaffeltruck \u00e4r konstruerad f\u00f6r att lyfta och flytta tyngre material, d\u00e4rav de n\u00f6dv\u00e4ndiga k\u00f6r- och lasthanteringsf\u00e4rdigheter du kommer att l\u00e4ra dig p\u00e5 v\u00e5r kurs!&nbsp;<\/p>\n\n\n\n<h2 class=\"wp-block-heading\"><strong>Vilka kvalifikationer kr\u00e4vs f\u00f6r gaffeltruckar?<\/strong>&nbsp;<\/h2>\n\n\n\n<p>Byr\u00e5n f\u00f6r teknisk inspektion listar flera kategorier av tillst\u00e5nd f\u00f6r lyfttruckar. Och dessa \u00e4r:&nbsp;<\/p>\n\n\n\n<ul class=\"wp-block-list\">\n<li><strong>lyftvagnar med mekanisk lyftmekanism<\/strong> <strong>med bom<\/strong> och <strong>motordrivna staplare med f\u00f6raren upplyft med last<\/strong> (ger dig ocks\u00e5 r\u00e4tt att anv\u00e4nda alla andra <a href=\"https:\/\/szkolenia-udt.pl\/sv\/kursy\/wozki-widlowe\/budowa-wozka-jezdniowego\/\">gaffeltruckar<\/a> motordrivna lyfttruckar) - giltigt i 5 \u00e5r,&nbsp;<\/li>\n\n\n\n<li><strong>motordrivna stapeltruckar med mekanisk lyftmekanism, exklusive skjutstativtruckar och stapeltruckar med f\u00f6raren placerad vid lasten<\/strong> - giltig i 10 \u00e5r.&nbsp;&nbsp;<\/li>\n<\/ul>\n\n\n\n<h2 class=\"wp-block-heading\"><strong>Vilka \u00e4r kraven f\u00f6r att kunna genomf\u00f6ra kursen?<\/strong>&nbsp;<\/h2>\n\n\n\n<p>Det enda du beh\u00f6ver f\u00f6r att delta i v\u00e5r kurs \u00e4r&nbsp;&nbsp;<\/p>\n\n\n\n<ul class=\"wp-block-list\">\n<li>vara minst 18 \u00e5r gammal,&nbsp;&nbsp;<\/li>\n\n\n\n<li>Minst grundskoleutbildning,&nbsp;&nbsp;<\/li>\n\n\n\n<li>inga kontraindikationer f\u00f6r att arbeta med gaffeltruckar.<\/li>\n<\/ul>\n\n\n\n<div class=\"filmw\">\n<div class=\"responsive-youtube\"><iframe loading=\"lazy\" title=\"YouTube-videospelare\" src=\"https:\/\/www.youtube.com\/embed\/lBt7_7QgUVU\" width=\"560\" height=\"315\" frameborder=\"0\" allowfullscreen=\"allowfullscreen\"><\/iframe><\/div>\n<\/div>\n\n\n\n<h2 class=\"wp-block-heading\"><strong>Vem \u00e4r m\u00e5lgruppen f\u00f6r v\u00e5r utbildning?<\/strong>&nbsp;<\/h2>\n\n\n\n<p>Utbildning \u00e4r ett bra s\u00e4tt att l\u00e4ra sig specifika f\u00e4rdigheter som du kommer att anv\u00e4nda p\u00e5 jobbet. Kurserna \u00e4r inte bara idealiska f\u00f6r yngre m\u00e4nniskor, utan ocks\u00e5 f\u00f6r dem som vill byta karri\u00e4r, f\u00f6r n\u00e4rvarande s\u00f6ker ett jobb eller vill f\u00f6rnya sina kunskaper! Om du s\u00f6ker arbete utomlands \u00e4r en kurs ett bra val \u00e4ven i detta fall. De kvalifikationer som erh\u00e5lls i Polen respekteras ocks\u00e5 i alla EU-l\u00e4nder. Dessutom . <a href=\"https:\/\/szkolenia-udt.pl\/sv\/oferta\/\">V\u00c5RT ERBJUDANDE<\/a> \u00e4r f\u00f6r alla som s\u00f6ker arbete, till exempel i lager, grossister, fabriker eller byggbranschen.&nbsp;<\/p>\n\n\n\n<h2 class=\"wp-block-heading\"><strong>Examen<\/strong>&nbsp;<\/h2>\n\n\n\n<p>UDT-provet \u00e4r uppdelat i tv\u00e5 delar - en teoretisk och en praktisk. F\u00f6rst g\u00f6r du det teoretiska provet, som genomf\u00f6rs i form av ett skriftligt prov under \u00f6verinseende av en kommission. Den praktiska delen av provet \u00e4ger rum p\u00e5 ett man\u00f6veromr\u00e5de, ocks\u00e5 under \u00f6verinseende av en kommission. I denna del kontrollerar examinatorerna din f\u00f6rm\u00e5ga att k\u00f6ra och man\u00f6vrera gaffeltrucken, samtidigt som de ocks\u00e5 tar h\u00e4nsyn till efterlevnaden av h\u00e4lso- och s\u00e4kerhetsbest\u00e4mmelser. <\/p>\n\n\n\n<h2 class=\"wp-block-heading\"><strong>Hur undervisar vi?<\/strong>&nbsp;<\/h2>\n\n\n\n<p>Vi fokuserar p\u00e5 att s\u00e4kerst\u00e4lla att v\u00e5ra kurser f\u00f6rmedlar kunskap p\u00e5 ett originellt och aktiverande s\u00e4tt. Vi tror att en engagerad elev kommer att klara inte bara provet utan ocks\u00e5 jobbet. V\u00e5ra kvalificerade instrukt\u00f6rer ser till att kurserna levereras p\u00e5 h\u00f6gsta m\u00f6jliga utbildningsniv\u00e5 och att de inte blir enformiga.&nbsp;<\/p>\n\n\n<div class=\"wp-block-image\">\n<figure class=\"aligncenter size-large is-resized\"><a href=\"https:\/\/szkolenia-udt.pl\/wp-content\/uploads\/2022\/04\/stapler_background-scaled-1-e1650895034709.jpg\"><img loading=\"lazy\" decoding=\"async\" src=\"https:\/\/szkolenia-udt.pl\/wp-content\/uploads\/2022\/04\/stapler_background-scaled-1-e1650895034709-1024x417.jpg\" alt=\"Nya gaffeltruckar p\u00e5 plats\" class=\"wp-image-2722\" width=\"1024\" height=\"417\" srcset=\"https:\/\/szkolenia-udt.pl\/wp-content\/uploads\/2022\/04\/stapler_background-scaled-1-e1650895034709-1024x417.jpg 1024w, https:\/\/szkolenia-udt.pl\/wp-content\/uploads\/2022\/04\/stapler_background-scaled-1-e1650895034709-300x122.jpg 300w, https:\/\/szkolenia-udt.pl\/wp-content\/uploads\/2022\/04\/stapler_background-scaled-1-e1650895034709-768x313.jpg 768w, https:\/\/szkolenia-udt.pl\/wp-content\/uploads\/2022\/04\/stapler_background-scaled-1-e1650895034709-1536x626.jpg 1536w, https:\/\/szkolenia-udt.pl\/wp-content\/uploads\/2022\/04\/stapler_background-scaled-1-e1650895034709.jpg 2048w\" sizes=\"auto, (max-width: 1024px) 100vw, 1024px\" \/><\/a><\/figure>\n<\/div>\n\n\n<h2 class=\"wp-block-heading\"><strong>Typer av gaffeltruckar<\/strong>&nbsp;<\/h2>\n\n\n\n<p>Gaffeltruckar, allm\u00e4nt k\u00e4nda som gaffeltruckar, \u00e4r termer med vilka vi menar lyfttruckar. De anv\u00e4nds f\u00f6r hantering, transport och styrning och kan delas in i tv\u00e5 grundl\u00e4ggande grupper: efter drivning och efter funktion.&nbsp;<\/p>\n\n\n\n<h4 class=\"wp-block-heading\">N\u00e4r det g\u00e4ller drivningen g\u00f6rs en \u00e5tskillnad:&nbsp;<\/h4>\n\n\n<div class=\"wp-block-image\">\n<figure class=\"alignright size-large is-resized\"><a href=\"https:\/\/szkolenia-udt.pl\/wp-content\/uploads\/2022\/04\/d30s-7.jpg\"><img loading=\"lazy\" decoding=\"async\" src=\"https:\/\/szkolenia-udt.pl\/wp-content\/uploads\/2022\/04\/d30s-7-1024x808.jpg\" alt=\"gaffeltruck i vilol\u00e4ge\" class=\"wp-image-2720\" width=\"512\" height=\"404\" srcset=\"https:\/\/szkolenia-udt.pl\/wp-content\/uploads\/2022\/04\/d30s-7-1024x808.jpg 1024w, https:\/\/szkolenia-udt.pl\/wp-content\/uploads\/2022\/04\/d30s-7-300x237.jpg 300w, https:\/\/szkolenia-udt.pl\/wp-content\/uploads\/2022\/04\/d30s-7-768x606.jpg 768w, https:\/\/szkolenia-udt.pl\/wp-content\/uploads\/2022\/04\/d30s-7-1536x1213.jpg 1536w, https:\/\/szkolenia-udt.pl\/wp-content\/uploads\/2022\/04\/d30s-7.jpg 1824w\" sizes=\"auto, (max-width: 512px) 100vw, 512px\" \/><\/a><\/figure>\n<\/div>\n\n\n<ul class=\"wp-block-list\">\n<li><strong>gaffeltruckar med f\u00f6rbr\u00e4nning<\/strong> - De kan drivas med diesel, bensin, LPG eller CNG. Dessa framdrivningssystem k\u00e4nnetecknas av avgasutsl\u00e4pp och b\u00f6r d\u00e4rf\u00f6r inte anv\u00e4ndas i \u00f6ppna utrymmen. Dessa typer av gaffeltruckar kan endast anv\u00e4ndas inomhus om de \u00e4r utrustade med s\u00e4rskilda filter.&nbsp;<\/li>\n\n\n\n<li><strong>Elektriska gaffeltruckar <\/strong>(batteridrivna) - drivs av ett batteri och anv\u00e4nds i omr\u00e5den d\u00e4r f\u00f6rbr\u00e4nnings- och gasdrivna lastbilar inte kan anv\u00e4ndas p\u00e5 grund av utsl\u00e4pp.&nbsp;<\/li>\n\n\n\n<li><strong>gaffeltruckar f\u00f6r gas<\/strong> - gasdriven, rekommenderas f\u00f6r \u00f6ppna ytor.&nbsp;<\/li>\n<\/ul>\n\n\n\n<h4 class=\"wp-block-heading\">\u00c5 andra sidan skiljer vi p\u00e5 grund av de funktioner som utf\u00f6rs:&nbsp;<\/h4>\n\n\n\n<ul class=\"wp-block-list\">\n<li><strong>gaffeltruckar med variabel r\u00e4ckvidd <\/strong>- \u00c4ven k\u00e4nda som teleskoplastare. De k\u00e4nnetecknas av att de har en l\u00e5ng teleskopisk bom, vilket m\u00f6jligg\u00f6r ett l\u00e5ngt arbetsomr\u00e5de,&nbsp;<\/li>\n\n\n\n<li><strong>Gaffeltruckar f\u00f6r terr\u00e4ngk\u00f6rning<\/strong> - anv\u00e4nds i sv\u00e5rtillg\u00e4ngliga omr\u00e5den med oj\u00e4mnt och halt underlag (t.ex. byggarbetsplatser),&nbsp;<\/li>\n\n\n\n<li><strong>sidlastare<\/strong> - De kallas \u00e4ven sidlastande lastbilar och k\u00e4nnetecknas av att f\u00f6raren sitter i sidled i f\u00f6rh\u00e5llande till k\u00f6rriktningen,&nbsp;<\/li>\n\n\n\n<li><strong>skjutstativtruckar som styrs fr\u00e5n niv\u00e5- eller arbetsplattform<\/strong> - Med dessa enheter styr operat\u00f6ren vagnen genom att st\u00e5 direkt p\u00e5 plattformen eller genom att g\u00e5 bredvid vagnen,&nbsp;<\/li>\n\n\n\n<li><strong>gaffeltruckar med f\u00f6rare lyft med last<\/strong>,&nbsp;<\/li>\n\n\n\n<li><strong>gaffeltruckar med utdragbar mast<\/strong>.&nbsp;<\/li>\n<\/ul>\n\n\n\n<p>P\u00e5 grund av det stora antalet typer av gaffeltruckar v\u00e4ljs ett l\u00e4mpligt kursprogram beroende p\u00e5 behovet och specifikationerna, s\u00e5 det \u00e4r viktigt att \u00f6verv\u00e4ga den relevanta kvalifikationen.&nbsp;<\/p>\n\n\n<div class=\"wp-block-image\">\n<figure class=\"alignleft size-large is-resized\"><a href=\"https:\/\/szkolenia-udt.pl\/wp-content\/uploads\/2022\/04\/GOPR1143_Tech-Reviewing-Checklist3-scaled.jpg\"><img loading=\"lazy\" decoding=\"async\" src=\"https:\/\/szkolenia-udt.pl\/wp-content\/uploads\/2022\/04\/GOPR1143_Tech-Reviewing-Checklist3-1024x768.jpg\" alt=\"F\u00f6rare av gaffeltruckar\" class=\"wp-image-2721\" width=\"512\" height=\"384\" srcset=\"https:\/\/szkolenia-udt.pl\/wp-content\/uploads\/2022\/04\/GOPR1143_Tech-Reviewing-Checklist3-1024x768.jpg 1024w, https:\/\/szkolenia-udt.pl\/wp-content\/uploads\/2022\/04\/GOPR1143_Tech-Reviewing-Checklist3-300x225.jpg 300w, https:\/\/szkolenia-udt.pl\/wp-content\/uploads\/2022\/04\/GOPR1143_Tech-Reviewing-Checklist3-768x576.jpg 768w, https:\/\/szkolenia-udt.pl\/wp-content\/uploads\/2022\/04\/GOPR1143_Tech-Reviewing-Checklist3-1536x1152.jpg 1536w, https:\/\/szkolenia-udt.pl\/wp-content\/uploads\/2022\/04\/GOPR1143_Tech-Reviewing-Checklist3-2048x1536.jpg 2048w, https:\/\/szkolenia-udt.pl\/wp-content\/uploads\/2022\/04\/GOPR1143_Tech-Reviewing-Checklist3-135x100.jpg 135w\" sizes=\"auto, (max-width: 512px) 100vw, 512px\" \/><\/a><\/figure>\n<\/div>\n\n\n<h2 class=\"wp-block-heading\"><strong>Ytterligare information om r\u00e4ttigheter<\/strong>&nbsp;<\/h2>\n\n\n\n<p>Om du funderar p\u00e5 att k\u00f6ra gaffeltruckar med mekanisk lyftmekanism ska du veta att en person som \u00e4r certifierad som gaffeltruckf\u00f6rare i form av ett kvalifikationscertifikat utf\u00e4rdat av Office of Technical Inspection har r\u00e4tt att k\u00f6ra dem. Det \u00e4r v\u00e4rt att veta att f\u00f6r inte s\u00e5 l\u00e4nge sedan \u00e4ndrades den r\u00e4ttsliga grunden f\u00f6r de personliga tillst\u00e5nd som utf\u00e4rdas av arbetsgivaren och som till\u00e5ter anv\u00e4ndning av gaffeltruckar. S\u00e5dana tillst\u00e5nd utf\u00e4rdades naturligtvis p\u00e5 grundval av en framg\u00e5ngsrikt genomf\u00f6rd utbildning. H\u00e4r \u00e4r ett anv\u00e4ndbart index som hj\u00e4lper dig att orientera dig om du \u00e4r en befintlig licensinnehavare. &nbsp;<\/p>\n\n\n\n<h4 class=\"wp-block-heading\"><strong>Tillst\u00e5nd utf\u00e4rdade av arbetsgivaren:<\/strong>&nbsp;<\/h4>\n\n\n\n<ul class=\"wp-block-list\">\n<li>utf\u00e4rdade till och med den 31.12.2004 \u00e4r giltiga till och med den 31.12.2023&nbsp;<\/li>\n\n\n\n<li>utf\u00e4rdade till och med den 31.12.2014 \u00e4r giltiga till och med den 31.12.2026&nbsp;<\/li>\n\n\n\n<li>utf\u00e4rdade till och med 01.01.2015 \u00e4r giltiga till och med 31.12.2027.&nbsp;<\/li>\n<\/ul>\n\n\n\n<p>&nbsp;<br>Du \u00e4r mer \u00e4n v\u00e4lkommen att ringa oss f\u00f6r att anm\u00e4la dig till utbildningen!&nbsp;<\/p>\n\n\n<div class=\"wp-block-image\">\n<figure class=\"aligncenter\"><a href=\"https:\/\/szkolenia-udt.pl\/wp-content\/uploads\/2022\/05\/0012-oso-wozki-widlowe-obsluga-konserwacja.jpeg\"><img loading=\"lazy\" decoding=\"async\" width=\"1024\" height=\"853\" src=\"https:\/\/szkolenia-udt.pl\/wp-content\/uploads\/2022\/05\/0012-oso-wozki-widlowe-obsluga-konserwacja-1024x853.jpeg\" alt=\"en grafisk beskrivning av utbildningen\" class=\"wp-image-2858\" srcset=\"https:\/\/szkolenia-udt.pl\/wp-content\/uploads\/2022\/05\/0012-oso-wozki-widlowe-obsluga-konserwacja-1024x853.jpeg 1024w, https:\/\/szkolenia-udt.pl\/wp-content\/uploads\/2022\/05\/0012-oso-wozki-widlowe-obsluga-konserwacja-300x250.jpeg 300w, https:\/\/szkolenia-udt.pl\/wp-content\/uploads\/2022\/05\/0012-oso-wozki-widlowe-obsluga-konserwacja-768x640.jpeg 768w, https:\/\/szkolenia-udt.pl\/wp-content\/uploads\/2022\/05\/0012-oso-wozki-widlowe-obsluga-konserwacja.jpeg 1200w\" sizes=\"auto, (max-width: 1024px) 100vw, 1024px\" \/><\/a><\/figure>\n<\/div>","protected":false},"excerpt":{"rendered":"<p>Dlaczego warto wzi\u0105\u0107 udzia\u0142 w szkoleniu? Nauka obs\u0142ugi w\u00f3zk\u00f3w wid\u0142owych i zdobycie odpowiednich kwalifikacji to \u015bwietny spos\u00f3b na rozw\u00f3j.&nbsp; Praca na magazynie jest \u015bci\u015ble powi\u0105zana z tymi urz\u0105dzeniami. W\u00f3zek wid\u0142owy jest przeznaczony do podnoszenia i przenoszenia ci\u0119\u017cszych materia\u0142\u00f3w, st\u0105d potrzebne umiej\u0119tno\u015bci prowadzenia i operowania \u0142adunkiem, kt\u00f3rych nauczysz si\u0119 na naszym kursie!&nbsp; Jakie s\u0105 uprawnienia na [&hellip;]<\/p>\n","protected":false},"author":10,"featured_media":2720,"parent":2266,"menu_order":0,"comment_status":"closed","ping_status":"closed","template":"","meta":{"footnotes":""},"class_list":["post-2719","page","type-page","status-publish","has-post-thumbnail","hentry"],"aioseo_notices":[],"_links":{"self":[{"href":"https:\/\/szkolenia-udt.pl\/sv\/wp-json\/wp\/v2\/pages\/2719","targetHints":{"allow":["GET"]}}],"collection":[{"href":"https:\/\/szkolenia-udt.pl\/sv\/wp-json\/wp\/v2\/pages"}],"about":[{"href":"https:\/\/szkolenia-udt.pl\/sv\/wp-json\/wp\/v2\/types\/page"}],"author":[{"embeddable":true,"href":"https:\/\/szkolenia-udt.pl\/sv\/wp-json\/wp\/v2\/users\/10"}],"replies":[{"embeddable":true,"href":"https:\/\/szkolenia-udt.pl\/sv\/wp-json\/wp\/v2\/comments?post=2719"}],"version-history":[{"count":8,"href":"https:\/\/szkolenia-udt.pl\/sv\/wp-json\/wp\/v2\/pages\/2719\/revisions"}],"predecessor-version":[{"id":4763,"href":"https:\/\/szkolenia-udt.pl\/sv\/wp-json\/wp\/v2\/pages\/2719\/revisions\/4763"}],"up":[{"embeddable":true,"href":"https:\/\/szkolenia-udt.pl\/sv\/wp-json\/wp\/v2\/pages\/2266"}],"wp:featuredmedia":[{"embeddable":true,"href":"https:\/\/szkolenia-udt.pl\/sv\/wp-json\/wp\/v2\/media\/2720"}],"wp:attachment":[{"href":"https:\/\/szkolenia-udt.pl\/sv\/wp-json\/wp\/v2\/media?parent=2719"}],"curies":[{"name":"wp","href":"https:\/\/api.w.org\/{rel}","templated":true}]}}