{"id":2778,"date":"2022-05-06T09:33:34","date_gmt":"2022-05-06T07:33:34","guid":{"rendered":"https:\/\/szkolenia-udt.pl\/?page_id=2778"},"modified":"2023-03-26T12:14:41","modified_gmt":"2023-03-26T10:14:41","slug":"flansanslutningar-montering","status":"publish","type":"page","link":"https:\/\/szkolenia-udt.pl\/sv\/kursy\/uprawnienia-udt-tdt-wdt\/polaczenia-kolnierzowe-montaz\/","title":{"rendered":"Kvalifikationskurs f\u00f6r fl\u00e4nsmont\u00f6rer"},"content":{"rendered":"<div class=\"wp-block-image\">\n<figure class=\"alignright size-large is-resized\"><a href=\"https:\/\/szkolenia-udt.pl\/wp-content\/uploads\/2022\/05\/still-flangemovie.jpg\"><img loading=\"lazy\" decoding=\"async\" src=\"https:\/\/szkolenia-udt.pl\/wp-content\/uploads\/2022\/05\/still-flangemovie-1024x576.jpg\" alt=\"konstruktion av fl\u00e4nsanslutningen\" class=\"wp-image-2781\" width=\"512\" height=\"288\" srcset=\"https:\/\/szkolenia-udt.pl\/wp-content\/uploads\/2022\/05\/still-flangemovie-1024x576.jpg 1024w, https:\/\/szkolenia-udt.pl\/wp-content\/uploads\/2022\/05\/still-flangemovie-300x169.jpg 300w, https:\/\/szkolenia-udt.pl\/wp-content\/uploads\/2022\/05\/still-flangemovie-768x432.jpg 768w, https:\/\/szkolenia-udt.pl\/wp-content\/uploads\/2022\/05\/still-flangemovie-1536x864.jpg 1536w, https:\/\/szkolenia-udt.pl\/wp-content\/uploads\/2022\/05\/still-flangemovie.jpg 1920w\" sizes=\"auto, (max-width: 512px) 100vw, 512px\" \/><\/a><\/figure>\n<\/div>\n\n\n<h2 class=\"wp-block-heading\"><strong>Utbildning i organisationer inom det civila samh\u00e4llet<\/strong>\u00a0<\/h2>\n\n\n\n<p><a href=\"https:\/\/szkolenia-udt.pl\/sv\/o-firmie\/\">Utbildningscenter f\u00f6r operat\u00f6rer<\/a> har en kurs i fl\u00e4nsmontering p\u00e5 g\u00e5ng. V\u00e5rt m\u00e5l \u00e4r att l\u00e4ra mont\u00f6rer korrekt installation och s\u00e4ker drift av tryckb\u00e4rande utrustning: tankar, r\u00f6rledningar, r\u00f6rdelar och r\u00f6r, vilket kr\u00e4ver kunskap fr\u00e5n en tillf\u00f6rlitlig k\u00e4lla om h\u00e4lsa och s\u00e4kerhet samt teori och praktik.\u00a0<\/p>\n\n\n\n<h2 class=\"wp-block-heading\"><strong>Utbildningsprogram<\/strong>&nbsp;<\/h2>\n\n\n\n<figure class=\"wp-block-table\"><table><tbody><tr><td><strong>Utbildningsprogram - teori<\/strong>\u00a0<\/td><td><strong>Utbildningsprogram - praktiskt<\/strong>\u00a0<\/td><td><strong>Vad erbjuder vi?<\/strong>&nbsp;<\/td><\/tr><tr><td><strong>Olika typer av fl\u00e4nsanslutningar<\/strong>&nbsp;<\/td><td>Praktiska \u00f6vningar i montering av fl\u00e4nsf\u00f6rband.&nbsp;<\/td><td>T\u00dcV-certifikat p\u00e5 polska och engelska.&nbsp;<\/td><\/tr><tr><td><strong>Kunskap om de vanligaste felen och hur de kan f\u00f6rebyggas<\/strong>&nbsp;<\/td><td>Val av personlig skyddsutrustning och inspektion av arbetsplatsen.&nbsp;<\/td><td>N\u00f6dv\u00e4ndiga f\u00e4rdigheter f\u00f6r att arbeta som mont\u00f6r.&nbsp;<\/td><\/tr><tr><td><strong>Packningstyper och deras egenskaper<\/strong>&nbsp;<\/td><td>Kontroll och urval av packningar f\u00f6r montering.&nbsp;<\/td><td>Grundlig f\u00f6rberedelse inf\u00f6r examen, som omfattar kunskaper i teori och praktik.&nbsp;<\/td><\/tr><tr><td><strong>Allm\u00e4nna h\u00e4lso- och s\u00e4kerhets\u00e5tg\u00e4rder<\/strong>&nbsp;<\/td><td>Sekvens av steg f\u00f6r montering och demontering av fl\u00e4nsf\u00f6rband.&nbsp;<\/td><td>Konkurrenskraftiga priser j\u00e4mf\u00f6rt med andra utbildningsleverant\u00f6rer.&nbsp;<\/td><\/tr><tr><td><strong>S\u00e4ker demontering av fl\u00e4nsanslutningar<\/strong>&nbsp;<\/td><td>L\u00e4ckagetest av den f\u00e4rdiga fl\u00e4nsanslutningen.&nbsp;<\/td><td>Anordnande av utbildning i kundens lokaler.&nbsp;<\/td><\/tr><tr><td><strong>F\u00f6rberedelse av t\u00e4tningsytan<\/strong>&nbsp;<\/td><td>Sk\u00f6tsel och \u00f6vervakning av instrukt\u00f6rens arbete.&nbsp;<\/td><td>Ett intyg p\u00e5 att utbildningen har slutf\u00f6rts samt n\u00f6dv\u00e4ndigt utbildningsmaterial.&nbsp;<\/td><\/tr><\/tbody><\/table><\/figure>\n\n\n\n<h2 class=\"wp-block-heading\"><strong>R\u00e4ttigheter<\/strong>&nbsp;<\/h2>\n\n\n<div class=\"wp-block-image\">\n<figure class=\"alignleft size-large is-resized\"><a href=\"https:\/\/szkolenia-udt.pl\/wp-content\/uploads\/2022\/05\/HL-005-copy_lar-e1651822318974.jpg\"><img loading=\"lazy\" decoding=\"async\" src=\"https:\/\/szkolenia-udt.pl\/wp-content\/uploads\/2022\/05\/HL-005-copy_lar-e1651822318974-1024x384.jpg\" alt=\"fl\u00e4nsanslutning\" class=\"wp-image-2780\" width=\"512\" height=\"192\" srcset=\"https:\/\/szkolenia-udt.pl\/wp-content\/uploads\/2022\/05\/HL-005-copy_lar-e1651822318974-1024x384.jpg 1024w, https:\/\/szkolenia-udt.pl\/wp-content\/uploads\/2022\/05\/HL-005-copy_lar-e1651822318974-300x113.jpg 300w, https:\/\/szkolenia-udt.pl\/wp-content\/uploads\/2022\/05\/HL-005-copy_lar-e1651822318974-768x288.jpg 768w, https:\/\/szkolenia-udt.pl\/wp-content\/uploads\/2022\/05\/HL-005-copy_lar-e1651822318974-1536x576.jpg 1536w, https:\/\/szkolenia-udt.pl\/wp-content\/uploads\/2022\/05\/HL-005-copy_lar-e1651822318974.jpg 1600w\" sizes=\"auto, (max-width: 512px) 100vw, 512px\" \/><\/a><\/figure>\n<\/div>\n\n\n<p>Vi erbjuder omfattande utbildning f\u00f6r att du ska kunna f\u00e5 ett T\u00dcV-certifikat (i enlighet med EN 1591-4) som ger dig r\u00e4tt att utf\u00f6ra och \u00f6vervaka fl\u00e4nsanslutningar i Polen och andra europeiska l\u00e4nder. Efter att ha genomg\u00e5tt hela utbildningsprogrammet, som \u00f6vervakas av v\u00e5r h\u00f6gt kvalificerade personal, genomf\u00f6r vi ett prov f\u00f6r att testa kandidatens teoretiska kunskaper och praktiska f\u00e4rdigheter. Efter att ha klarat b\u00e5da proven f\u00e5r du din UDT-licens och ett intyg p\u00e5 att du har slutf\u00f6rt utbildningen.\u00a0\u00a0<\/p>\n\n\n\n<h2 class=\"wp-block-heading\">Om oss<\/h2>\n\n\n\n<p>Utbildningen vid Operator Training Centre genomf\u00f6rs i hela Polen och uppfyller kraven fr\u00e5n Office of Technical Inspection. F\u00f6r att bekanta dig med <a href=\"https:\/\/szkolenia-udt.pl\/sv\/oferta\/\">fullst\u00e4ndigt erbjudande<\/a> utbildning och andra tj\u00e4nster som tillhandah\u00e5lls av CSO, v\u00e4nligen bes\u00f6k v\u00e5r officiella webbplats och ring oss.\u00a0<\/p>\n\n\n<div class=\"wp-block-image\">\n<figure class=\"aligncenter\"><a href=\"https:\/\/szkolenia-udt.pl\/wp-content\/uploads\/2022\/05\/0060-oso.edu_.pl_.jpg\"><img loading=\"lazy\" decoding=\"async\" width=\"1024\" height=\"853\" src=\"https:\/\/szkolenia-udt.pl\/wp-content\/uploads\/2022\/05\/0060-oso.edu_.pl_-1024x853.jpg\" alt=\"grafisk beskrivning av kursen\" class=\"wp-image-2861\" srcset=\"https:\/\/szkolenia-udt.pl\/wp-content\/uploads\/2022\/05\/0060-oso.edu_.pl_-1024x853.jpg 1024w, https:\/\/szkolenia-udt.pl\/wp-content\/uploads\/2022\/05\/0060-oso.edu_.pl_-300x250.jpg 300w, https:\/\/szkolenia-udt.pl\/wp-content\/uploads\/2022\/05\/0060-oso.edu_.pl_-768x640.jpg 768w, https:\/\/szkolenia-udt.pl\/wp-content\/uploads\/2022\/05\/0060-oso.edu_.pl_.jpg 1200w\" sizes=\"auto, (max-width: 1024px) 100vw, 1024px\" \/><\/a><\/figure>\n<\/div>","protected":false},"excerpt":{"rendered":"<p>Szkolenie w OSO\u00a0 O\u015brodek Szkolenia Operator\u00f3w posiada w swojej ofercie kurs monta\u017cu po\u0142\u0105cze\u0144 ko\u0142nierzowych. Naszym celem jest nauczenie monta\u017cyst\u00f3w prawid\u0142owej instalacji i bezpiecznej eksploatacji urz\u0105dze\u0144 ci\u015bnieniowych: zbiornik\u00f3w, ruroci\u0105g\u00f3w, armatury i przewod\u00f3w, wymagaj\u0105cych znajomo\u015bci wiedzy z rzetelnego \u017ar\u00f3d\u0142a z zakresu BHP oraz teorii i praktyki.\u00a0 Program szkolenia&nbsp; Program szkolenia \u2013 teoria\u00a0 Program szkolenia \u2013 praktyka\u00a0 Co [&hellip;]<\/p>\n","protected":false},"author":10,"featured_media":2781,"parent":2266,"menu_order":0,"comment_status":"closed","ping_status":"closed","template":"","meta":{"footnotes":""},"class_list":["post-2778","page","type-page","status-publish","has-post-thumbnail","hentry"],"aioseo_notices":[],"_links":{"self":[{"href":"https:\/\/szkolenia-udt.pl\/sv\/wp-json\/wp\/v2\/pages\/2778","targetHints":{"allow":["GET"]}}],"collection":[{"href":"https:\/\/szkolenia-udt.pl\/sv\/wp-json\/wp\/v2\/pages"}],"about":[{"href":"https:\/\/szkolenia-udt.pl\/sv\/wp-json\/wp\/v2\/types\/page"}],"author":[{"embeddable":true,"href":"https:\/\/szkolenia-udt.pl\/sv\/wp-json\/wp\/v2\/users\/10"}],"replies":[{"embeddable":true,"href":"https:\/\/szkolenia-udt.pl\/sv\/wp-json\/wp\/v2\/comments?post=2778"}],"version-history":[{"count":7,"href":"https:\/\/szkolenia-udt.pl\/sv\/wp-json\/wp\/v2\/pages\/2778\/revisions"}],"predecessor-version":[{"id":4767,"href":"https:\/\/szkolenia-udt.pl\/sv\/wp-json\/wp\/v2\/pages\/2778\/revisions\/4767"}],"up":[{"embeddable":true,"href":"https:\/\/szkolenia-udt.pl\/sv\/wp-json\/wp\/v2\/pages\/2266"}],"wp:featuredmedia":[{"embeddable":true,"href":"https:\/\/szkolenia-udt.pl\/sv\/wp-json\/wp\/v2\/media\/2781"}],"wp:attachment":[{"href":"https:\/\/szkolenia-udt.pl\/sv\/wp-json\/wp\/v2\/media?parent=2778"}],"curies":[{"name":"wp","href":"https:\/\/api.w.org\/{rel}","templated":true}]}}