{"id":2784,"date":"2022-05-06T11:52:32","date_gmt":"2022-05-06T09:52:32","guid":{"rendered":"https:\/\/szkolenia-udt.pl\/?page_id=2784"},"modified":"2023-03-20T14:53:21","modified_gmt":"2023-03-20T13:53:21","slug":"stallningsbyggare","status":"publish","type":"page","link":"https:\/\/szkolenia-udt.pl\/sv\/kursy\/montazysta-rusztowan\/","title":{"rendered":"St\u00e4llningsmont\u00f6r - OSO-kurs"},"content":{"rendered":"<h2 class=\"wp-block-heading\"><strong>Kurs f\u00f6r st\u00e4llningsmont\u00f6rer p\u00e5 OSO<\/strong><\/h2>\n\n\n<div class=\"wp-block-image\">\n<figure class=\"alignleft size-large is-resized\"><a href=\"https:\/\/szkolenia-udt.pl\/wp-content\/uploads\/2022\/05\/H61e44d7cfccc4584a6e821885c4445460.jpg\"><img loading=\"lazy\" decoding=\"async\" src=\"https:\/\/szkolenia-udt.pl\/wp-content\/uploads\/2022\/05\/H61e44d7cfccc4584a6e821885c4445460-1024x624.jpg\" alt=\"st\u00e4llningar installerade\" class=\"wp-image-2788\" width=\"512\" height=\"312\" srcset=\"https:\/\/szkolenia-udt.pl\/wp-content\/uploads\/2022\/05\/H61e44d7cfccc4584a6e821885c4445460-1024x624.jpg 1024w, https:\/\/szkolenia-udt.pl\/wp-content\/uploads\/2022\/05\/H61e44d7cfccc4584a6e821885c4445460-300x183.jpg 300w, https:\/\/szkolenia-udt.pl\/wp-content\/uploads\/2022\/05\/H61e44d7cfccc4584a6e821885c4445460-768x468.jpg 768w, https:\/\/szkolenia-udt.pl\/wp-content\/uploads\/2022\/05\/H61e44d7cfccc4584a6e821885c4445460.jpg 1458w\" sizes=\"auto, (max-width: 512px) 100vw, 512px\" \/><\/a><\/figure>\n<\/div>\n\n\n<p>V\u00e4lkommen till kursen i montering av byggnadsst\u00e4llningar som anordnas av <a href=\"https:\/\/szkolenia-udt.pl\/sv\/o-firmie\/\">Utbildningscenter f\u00f6r operat\u00f6rer<\/a>.&nbsp;&nbsp;<\/p>\n\n\n\n<h2 class=\"wp-block-heading\"><strong>Specifika uppgifter om arbete som st\u00e4llningsbyggare<\/strong>&nbsp;<\/h2>\n\n\n\n<p>En st\u00e4llningsbyggare \u00e4r en byggnadsarbetare som ansvarar f\u00f6r att s\u00e4tta upp och demontera st\u00e4llningar. Hans\/hennes uppgift \u00e4r att se till att hela konstruktionen \u00e4r stabil och framf\u00f6r allt s\u00e4ker. Personen i den h\u00e4r positionen m\u00e5ste kunna l\u00e4sa tekniska ritningar och ritningar \u00f6ver byggarbetsplatsen, som utg\u00f6r grunden f\u00f6r korrekt uppf\u00f6rande av byggnadsst\u00e4llningar. F\u00f6r att f\u00e5 arbeta som st\u00e4llningsbyggare m\u00e5ste man genomg\u00e5 en yrkesutbildning och avl\u00e4gga IMBiGS-examen, vilket du kan f\u00f6rbereda dig f\u00f6r med hj\u00e4lp av v\u00e5r utbildningsanl\u00e4ggning.&nbsp;&nbsp;&nbsp;<\/p>\n\n\n\n<h2 class=\"wp-block-heading\"><strong>Vem kan anm\u00e4la sig till kursen?<\/strong>&nbsp;<\/h2>\n\n\n\n<p>CSO-utbildningar \u00e4r utformade f\u00f6r b\u00e5de enskilda personer och organiserade grupper. Kursprogrammet \u00e4r uppbyggt p\u00e5 ett s\u00e5dant s\u00e4tt att det \u00e4r m\u00f6jligt att utbilda sig till ett yrke fr\u00e5n grunden. Den som vill delta i undervisningen b\u00f6r uppfylla f\u00f6ljande formella krav:&nbsp;<\/p>\n\n\n\n<ul class=\"wp-block-list\">\n<li>ha fyllt 18 \u00e5r,&nbsp;<\/li>\n\n\n\n<li>ha minst en grundl\u00e4ggande utbildning,&nbsp;<\/li>\n\n\n\n<li>inga h\u00e4lsorelaterade kontraindikationer f\u00f6r att ut\u00f6va yrket.&nbsp;<\/li>\n<\/ul>\n\n\n<div class=\"wp-block-image\">\n<figure class=\"alignright size-large is-resized\"><a href=\"https:\/\/szkolenia-udt.pl\/wp-content\/uploads\/2022\/05\/D145_32_093_1200-1.jpg\"><img loading=\"lazy\" decoding=\"async\" src=\"https:\/\/szkolenia-udt.pl\/wp-content\/uploads\/2022\/05\/D145_32_093_1200-1-1024x683.jpg\" alt=\"st\u00e4llningsbyggare\" class=\"wp-image-2787\" width=\"512\" height=\"342\" srcset=\"https:\/\/szkolenia-udt.pl\/wp-content\/uploads\/2022\/05\/D145_32_093_1200-1-1024x683.jpg 1024w, https:\/\/szkolenia-udt.pl\/wp-content\/uploads\/2022\/05\/D145_32_093_1200-1-300x200.jpg 300w, https:\/\/szkolenia-udt.pl\/wp-content\/uploads\/2022\/05\/D145_32_093_1200-1-768x512.jpg 768w, https:\/\/szkolenia-udt.pl\/wp-content\/uploads\/2022\/05\/D145_32_093_1200-1.jpg 1200w\" sizes=\"auto, (max-width: 512px) 100vw, 512px\" \/><\/a><\/figure>\n<\/div>\n\n\n<h2 class=\"wp-block-heading\"><strong>H\u00e4lsokontraindikationer<\/strong>&nbsp;<\/h2>\n\n\n\n<p>N\u00e4r du arbetar som st\u00e4llningsbyggare f\u00e5r du f\u00f6rst och fr\u00e4mst inte vara h\u00f6jdr\u00e4dd. Innan du p\u00e5b\u00f6rjar kursen genomg\u00e5r du en unders\u00f6kning f\u00f6r att bland annat avg\u00f6ra om du kan arbeta p\u00e5 h\u00f6jder \u00f6ver tre meter. St\u00e4llningsbyggaren m\u00e5ste ha god fysisk kondition, eftersom det inte \u00e4r det l\u00e4ttaste att kl\u00e4ttra i en byggnadsst\u00e4llning.<\/p>\n\n\n\n<h4 class=\"wp-block-heading\">H\u00e4lsokontraindikationer som verifierats under studien \u00e4r:\u00a0<\/h4>\n\n\n\n<ul class=\"dwiekolumny wp-block-list\">\n<li>synneds\u00e4ttning,&nbsp;<\/li>\n\n\n\n<li>obalanser,&nbsp;<\/li>\n\n\n\n<li>en tendens att svimma,&nbsp;<\/li>\n\n\n\n<li>r\u00e4dsla f\u00f6r h\u00f6jder,&nbsp;<\/li>\n\n\n\n<li>Sjukdomar i det centrala och perifera nervsystemet,&nbsp;<\/li>\n\n\n\n<li>epilepsi,&nbsp;<\/li>\n\n\n\n<li>Pares i en del av en kroppsdel,&nbsp;<\/li>\n\n\n\n<li>diabetes,&nbsp;<\/li>\n\n\n\n<li>hj\u00e4rt- och k\u00e4rlsjukdomar,&nbsp;<\/li>\n\n\n\n<li>kroniska luftv\u00e4gssjukdomar,&nbsp;<\/li>\n\n\n\n<li>betydande nedsatt f\u00e4rgseende,&nbsp;<\/li>\n\n\n\n<li>h\u00f6rselneds\u00e4ttning, \u00f6ronsjukdomar.\u00a0<\/li>\n<\/ul>\n\n\n\n<h2 class=\"wp-block-heading\"><strong>Hur ser registreringen ut?<\/strong>&nbsp;<\/h2>\n\n\n\n<p>Om du vill anm\u00e4la dig till en kurs kan du kontakta oss per telefon. Kandidaten kan v\u00e4lja plats och datum f\u00f6r utbildningen. N\u00e4r villkoren har \u00f6verenskommits slutf\u00f6r vi kursinskrivningen.&nbsp;&nbsp;&nbsp;<\/p>\n\n\n\n<h2 class=\"wp-block-heading\"><strong>Utbildningsprogram<\/strong>&nbsp;<\/h2>\n\n\n\n<h4 class=\"wp-block-heading\">Den teoretiska delen av utbildningen omfattar bland annat f\u00f6ljande fr\u00e5gor:&nbsp;<\/h4>\n\n\n\n<ul class=\"wp-block-list\">\n<li>uppdelning och funktioner f\u00f6r byggnadsst\u00e4llningar,&nbsp;<\/li>\n\n\n\n<li>byggande av s\u00e4rskilda typer av strukturer,&nbsp;<\/li>\n\n\n\n<li>bekanta dig med den tekniska dokumentation som anv\u00e4nds under arbetet,&nbsp;<\/li>\n\n\n\n<li>organisation av platsen,&nbsp;<\/li>\n\n\n\n<li>Principerna f\u00f6r s\u00e4ker arbetshygien vid uppf\u00f6rande och nedmontering av st\u00e4llningar.&nbsp;<\/li>\n<\/ul>\n\n\n\n<h4 class=\"wp-block-heading\">Den praktiska delen av utbildningen omfattar:&nbsp;<\/h4>\n\n\n\n<ul class=\"wp-block-list\">\n<li>l\u00e4ra sig aktiviteter f\u00f6re, under och efter arbetet,&nbsp;<\/li>\n\n\n\n<li>korrekt s\u00e4kring av arbetsomr\u00e5det,&nbsp;<\/li>\n\n\n\n<li>\u00f6vningar f\u00f6r montering och demontering av st\u00e4llningar,&nbsp;<\/li>\n\n\n\n<li>Inspektion av strukturell h\u00e4lsa.&nbsp;<\/li>\n<\/ul>\n\n\n\n<h2 class=\"wp-block-heading\"><strong>Vad \u00e4r en byggnadsst\u00e4llning? - ett av de \u00e4mnen som behandlas i klassen<\/strong>\u00a0<\/h2>\n\n\n\n<p>Genom att delta i v\u00e5r kurs f\u00e5r du en omfattande kunskap om st\u00e4llningar, som \u00e4r konstruktioner (vanligtvis av metall) som g\u00f6r det m\u00f6jligt att p\u00e5 ett s\u00e4kert s\u00e4tt ta sig upp till h\u00f6ga konstruktioner. Om man talar mer allm\u00e4nt om deras struktur \u00e4r varje st\u00e4llning vanligtvis byggd med vertikala st\u00f6dstolpar till vilka horisontella stolpar \u00e4r f\u00e4stade. P\u00e5 dessa l\u00e4ggs en plattform av plankor. I moderna konstruktioner \u00e4r denna plattform konstruerad av l\u00e4tt prefabricerad metall, medan de vertikala stolparna \u00e4r tillverkade av st\u00e5lr\u00f6r.\u00a0<\/p>\n\n\n\n<h2 class=\"wp-block-heading\"><strong>Klassificering och typer av byggnadsst\u00e4llningar<\/strong><\/h2>\n\n\n\n<figure class=\"wp-block-table\"><table><tbody><tr><td>Design<\/td><td>Anv\u00e4ndningsmetod<\/td><td>Konstruktionsmaterial<\/td><\/tr><tr><td>\n<ul>\n<li>Modul\u00e4r<\/li>\n<li>St\u00e5plats<\/li>\n<li>S\u00e4rskilt<\/li>\n<li>Columns (Warszawa)<\/li>\n<li>Ramverk<\/li>\n<li>Getter<\/li>\n<li>F\u00e4ste<\/li>\n<\/ul>\n<\/td><td>\n<ul>\n<li>Mobiltelefon (k\u00f6rning)<\/li>\n<li>Orolig<\/li>\n<\/ul>\n<\/td><td>\n<ul>\n<li>Tr\u00e4<\/li>\n<li>Aluminium<\/li>\n<li>St\u00e5l<\/li>\n<li>Annat material<\/li>\n<\/ul>\n<\/td><\/tr><\/tbody><\/table><\/figure>\n\n\n\n<h2 class=\"wp-block-heading\"><strong>Vad kan du f\u00e5 av oss?<\/strong>&nbsp;<\/h2>\n\n\n\n<p>Vi erbjuder h\u00f6gkvalitativ utbildning och tillhandah\u00e5ller professionell kundservice under hela utbildningsprocessen, fr\u00e5n kursregistrering till IMBiGS-examen.&nbsp;&nbsp;<\/p>\n\n\n\n<p>I priset f\u00f6r din utbildning ing\u00e5r tillg\u00e5ng till undervisningsmaterial som finns p\u00e5 en onlineplattform. Du hittar bland annat instruktionsfilmer och exempel p\u00e5 fr\u00e5gor som kan f\u00f6rekomma i den teoretiska delen av provet.&nbsp;&nbsp;&nbsp;<\/p>\n\n\n\n<figure class=\"wp-block-video\"><video controls poster=\"https:\/\/szkolenia-udt.pl\/wp-content\/uploads\/2023\/03\/okladka-rusztowania-OSO.EDU_.PL-OSO-3.jpg\" src=\"https:\/\/szkolenia-udt.pl\/wp-content\/uploads\/2023\/03\/rusztowania-SZKOLENIA-UDT.PL-OSO.mp4\"><\/video><\/figure>\n\n\n\n<h2 class=\"wp-block-heading\"><strong>Plats f\u00f6r utbildningen<\/strong>&nbsp;<\/h2>\n\n\n\n<p>Utbildningarna genomf\u00f6rs p\u00e5 v\u00e5ra kontor i hela Polen - du hittar oss bland annat i Warszawa. N\u00e4r det g\u00e4ller utbildningar f\u00f6r organiserade grupper erbjuder vi resor till kundens valfria plats i hela landet.\u00a0\u00a0\u00a0<\/p>\n\n\n\n<h2 class=\"wp-block-heading\"><strong>IMBiGS-examen ger dig m\u00f6jlighet att bli certifierad.<\/strong>&nbsp;<\/h2>\n\n\n\n<p>F\u00f6r att du ska kunna certifieras som st\u00e4llningsbyggare m\u00e5ste resultatet av din unders\u00f6kning vara positivt. Examen \u00e4r, precis som utbildningen, uppdelad i tv\u00e5 delar. Under den teoretiska delen av provet f\u00e5r du ett prov att genomf\u00f6ra och under den praktiska delen m\u00e5ste du visa dina f\u00e4rdigheter i st\u00e4llningsmontering. Utbildningen f\u00f6r st\u00e4llningsmontering utf\u00e4rdas av Institutet f\u00f6r byggnads- och bergmekanisering i Warszawa. Efter att ha klarat provet f\u00e5r deltagaren ett bokh\u00e4fte om st\u00e4llningsmont\u00f6r. Beh\u00f6righeterna beviljas p\u00e5 obest\u00e4md tid och \u00e4r giltiga i hela landet och i EU-l\u00e4nder. Det \u00e4r olagligt att arbeta utan tillst\u00e5nd.&nbsp;&nbsp;&nbsp;<\/p>\n\n\n\n<h2 class=\"wp-block-heading\"><strong>Jobbm\u00f6jligheter i Polen och utomlands<\/strong>&nbsp;<\/h2>\n\n\n<div class=\"wp-block-image\">\n<figure class=\"alignleft size-large is-resized\"><a href=\"https:\/\/szkolenia-udt.pl\/wp-content\/uploads\/2022\/05\/D25_142_240_1200.jpg\"><img loading=\"lazy\" decoding=\"async\" src=\"https:\/\/szkolenia-udt.pl\/wp-content\/uploads\/2022\/05\/D25_142_240_1200-1024x683.jpg\" alt=\"mont\u00f6rer vid montering av byggnadsst\u00e4llningar\" class=\"wp-image-2786\" width=\"512\" height=\"342\" srcset=\"https:\/\/szkolenia-udt.pl\/wp-content\/uploads\/2022\/05\/D25_142_240_1200-1024x683.jpg 1024w, https:\/\/szkolenia-udt.pl\/wp-content\/uploads\/2022\/05\/D25_142_240_1200-300x200.jpg 300w, https:\/\/szkolenia-udt.pl\/wp-content\/uploads\/2022\/05\/D25_142_240_1200-768x512.jpg 768w, https:\/\/szkolenia-udt.pl\/wp-content\/uploads\/2022\/05\/D25_142_240_1200.jpg 1200w\" sizes=\"auto, (max-width: 512px) 100vw, 512px\" \/><\/a><\/figure>\n<\/div>\n\n\n<p>Arbetsmarknaden f\u00f6r st\u00e4llningsmont\u00f6rer erbjuder stora m\u00f6jligheter f\u00f6r potentiella kandidater till denna tj\u00e4nst. Med r\u00e4tt kvalifikationer kan du f\u00e5 arbete inom byggbranschen - i f\u00f6retag som arbetar med att uppf\u00f6ra nya byggnader, reparera fasader, bygga broar och tunnlar samt slutarbete. St\u00e4llningsbyggare beh\u00f6vs ocks\u00e5 i f\u00f6nster- och fasadtv\u00e4ttf\u00f6retag, bygg- och monteringsf\u00f6retag, f\u00f6retag som erbjuder t\u00e4lt- och scenbygge f\u00f6r massevenemang samt vid skapande av frist\u00e5ende konstruktioner, t.ex. reklam eller skorstensunderh\u00e5ll.\u00a0\u00a0<\/p>\n\n\n\n<p>Arbetsm\u00f6jligheterna f\u00f6r st\u00e4llningsbyggare str\u00e4cker sig \u00e4ven utanf\u00f6r Polens gr\u00e4nser. Det \u00e4r dock v\u00e4rt att p\u00e5peka att det inte \u00e4r alla europeiska l\u00e4nder som erk\u00e4nner kvalifikationer som f\u00f6rv\u00e4rvats i Polen. N\u00e4r man v\u00e4ljer land \u00e4r det d\u00e4rf\u00f6r viktigt att bekanta sig med de relevanta best\u00e4mmelserna i landet i fr\u00e5ga. St\u00e4llningsbyggaryrket kan vara ett mycket l\u00f6nsamt yrke i vissa europeiska l\u00e4nder.&nbsp;<\/p>\n\n\n\n<h2 class=\"wp-block-heading\"><strong>V\u00e4lj CSO<\/strong>!\u00a0<\/h2>\n\n\n\n<p>Operator Training Centre \u00e4r den b\u00e4sta platsen f\u00f6r att f\u00e5 yrkeskvalifikationer. V\u00e5rt team best\u00e5r av instrukt\u00f6rer med m\u00e5nga \u00e5rs erfarenhet av undervisning. Under utbildningen str\u00e4var vi efter att visa ett individuellt f\u00f6rh\u00e5llningss\u00e4tt till v\u00e5ra praktikanter. Tack vare oss kan du f\u00e5 kvalifikationer och auktorisationer! Vi inbjuder dig att anm\u00e4la dig.<\/p>\n\n\n<div class=\"wp-block-image\">\n<figure class=\"aligncenter size-large\"><a href=\"https:\/\/szkolenia-udt.pl\/wp-content\/uploads\/2022\/05\/0076-oso.edu_.pl_.jpg\"><img loading=\"lazy\" decoding=\"async\" width=\"1024\" height=\"853\" src=\"https:\/\/szkolenia-udt.pl\/wp-content\/uploads\/2022\/05\/0076-oso.edu_.pl_-1024x853.jpg\" alt=\"en grafisk beskrivning av utbildningen\" class=\"wp-image-2863\" srcset=\"https:\/\/szkolenia-udt.pl\/wp-content\/uploads\/2022\/05\/0076-oso.edu_.pl_-1024x853.jpg 1024w, https:\/\/szkolenia-udt.pl\/wp-content\/uploads\/2022\/05\/0076-oso.edu_.pl_-300x250.jpg 300w, https:\/\/szkolenia-udt.pl\/wp-content\/uploads\/2022\/05\/0076-oso.edu_.pl_-768x640.jpg 768w, https:\/\/szkolenia-udt.pl\/wp-content\/uploads\/2022\/05\/0076-oso.edu_.pl_.jpg 1200w\" sizes=\"auto, (max-width: 1024px) 100vw, 1024px\" \/><\/a><\/figure>\n<\/div>","protected":false},"excerpt":{"rendered":"<p>Kurs monta\u017cysty rusztowa\u0144 w OSO Zapraszamy na kurs monta\u017cysty rusztowa\u0144, organizowany przez O\u015brodek Szkolenia Operator\u00f3w.&nbsp;&nbsp; Specyfika pracy jako monta\u017cysta rusztowa\u0144&nbsp; Monta\u017cysta rusztowa\u0144 jest pracownikiem budowlanym odpowiedzianym za monta\u017c oraz demonta\u017c rusztowa\u0144. Jego zadaniem jest zadba\u0107 o to, aby ca\u0142a konstrukcja by\u0142a stabilna i, co najwa\u017cniejsze, bezpieczna. Osoba na tym stanowisku musi posiada\u0107 umiej\u0119tno\u015bci w zakresie [&hellip;]<\/p>\n","protected":false},"author":10,"featured_media":2786,"parent":22,"menu_order":0,"comment_status":"closed","ping_status":"closed","template":"","meta":{"footnotes":""},"class_list":["post-2784","page","type-page","status-publish","has-post-thumbnail","hentry"],"aioseo_notices":[],"_links":{"self":[{"href":"https:\/\/szkolenia-udt.pl\/sv\/wp-json\/wp\/v2\/pages\/2784","targetHints":{"allow":["GET"]}}],"collection":[{"href":"https:\/\/szkolenia-udt.pl\/sv\/wp-json\/wp\/v2\/pages"}],"about":[{"href":"https:\/\/szkolenia-udt.pl\/sv\/wp-json\/wp\/v2\/types\/page"}],"author":[{"embeddable":true,"href":"https:\/\/szkolenia-udt.pl\/sv\/wp-json\/wp\/v2\/users\/10"}],"replies":[{"embeddable":true,"href":"https:\/\/szkolenia-udt.pl\/sv\/wp-json\/wp\/v2\/comments?post=2784"}],"version-history":[{"count":13,"href":"https:\/\/szkolenia-udt.pl\/sv\/wp-json\/wp\/v2\/pages\/2784\/revisions"}],"predecessor-version":[{"id":4646,"href":"https:\/\/szkolenia-udt.pl\/sv\/wp-json\/wp\/v2\/pages\/2784\/revisions\/4646"}],"up":[{"embeddable":true,"href":"https:\/\/szkolenia-udt.pl\/sv\/wp-json\/wp\/v2\/pages\/22"}],"wp:featuredmedia":[{"embeddable":true,"href":"https:\/\/szkolenia-udt.pl\/sv\/wp-json\/wp\/v2\/media\/2786"}],"wp:attachment":[{"href":"https:\/\/szkolenia-udt.pl\/sv\/wp-json\/wp\/v2\/media?parent=2784"}],"curies":[{"name":"wp","href":"https:\/\/api.w.org\/{rel}","templated":true}]}}