{"id":2820,"date":"2022-05-20T10:12:38","date_gmt":"2022-05-20T08:12:38","guid":{"rendered":"https:\/\/szkolenia-udt.pl\/?page_id=2820"},"modified":"2023-03-25T23:45:06","modified_gmt":"2023-03-25T22:45:06","slug":"gaffeltruckar-2","status":"publish","type":"page","link":"https:\/\/szkolenia-udt.pl\/sv\/kursy\/uprawnienia-udt-tdt-wdt\/wozki-widlowe-oso\/","title":{"rendered":"OSO gaffeltruckf\u00f6rarkurs"},"content":{"rendered":"<h2 class=\"wp-block-heading\">Om utbildning i organisationer i det civila samh\u00e4llet<\/h2>\n\n\n\n<p>Utbildningen, som organiseras av OSO, \u00e4r inriktad p\u00e5 alla aspekter av en truckf\u00f6rare. S\u00e5 oavsett om du arbetar inom transportbranschen eller industrin och vill f\u00f6rb\u00e4ttra dina kvalifikationer eller om du vill byta karri\u00e4rv\u00e4g helt och h\u00e5llet, \u00e4r v\u00e5r utbildning n\u00e5got f\u00f6r dig. Omfattande kunskaper och f\u00e4rdigheter inom omr\u00e5det gaffeltruckk\u00f6rning kan f\u00f6rv\u00e4rvas genom att delta i yrkesutbildningar, d\u00e4r v\u00e5ra f\u00f6rel\u00e4sare g\u00f6r sitt b\u00e4sta f\u00f6r att f\u00f6rbereda praktikanterna f\u00f6r arbetet p\u00e5 b\u00e4sta m\u00f6jliga s\u00e4tt. Vi har delat med oss av v\u00e5r kunskap och erfarenhet i m\u00e5nga \u00e5r. Lita p\u00e5 oss och att klara UDT-examen kommer bara att vara en formalitet f\u00f6r dig!\u00a0<\/p>\n\n\n\n<h2 class=\"has-text-align-center wp-block-heading\"><a href=\"https:\/\/szkolenia-udt.pl\/wp-content\/uploads\/2022\/05\/odk-ergon-008-wozki-widlowe-podnosnikowe-item1-33-w1254.jpg\"><img loading=\"lazy\" decoding=\"async\" class=\"aligncenter wp-image-2823 size-large\" src=\"https:\/\/szkolenia-udt.pl\/wp-content\/uploads\/2022\/05\/odk-ergon-008-wozki-widlowe-podnosnikowe-item1-33-w1254-1024x369.jpg\" alt=\"Gaffeltruckar transporterar laster\" width=\"750\" height=\"270\" srcset=\"https:\/\/szkolenia-udt.pl\/wp-content\/uploads\/2022\/05\/odk-ergon-008-wozki-widlowe-podnosnikowe-item1-33-w1254-1024x369.jpg 1024w, https:\/\/szkolenia-udt.pl\/wp-content\/uploads\/2022\/05\/odk-ergon-008-wozki-widlowe-podnosnikowe-item1-33-w1254-300x108.jpg 300w, https:\/\/szkolenia-udt.pl\/wp-content\/uploads\/2022\/05\/odk-ergon-008-wozki-widlowe-podnosnikowe-item1-33-w1254-768x276.jpg 768w, https:\/\/szkolenia-udt.pl\/wp-content\/uploads\/2022\/05\/odk-ergon-008-wozki-widlowe-podnosnikowe-item1-33-w1254-1536x553.jpg 1536w, https:\/\/szkolenia-udt.pl\/wp-content\/uploads\/2022\/05\/odk-ergon-008-wozki-widlowe-podnosnikowe-item1-33-w1254.jpg 1920w\" sizes=\"auto, (max-width: 750px) 100vw, 750px\" \/><\/a><\/h2>\n\n\n\n<h2 class=\"wp-block-heading\"><strong>Vad erbjuder vi? - kursens omfattning<\/strong>\u00a0<\/h2>\n\n\n\n<p>Den kurs som CSO erbjuder ger:&nbsp;<\/p>\n\n\n\n<ul class=\"wp-block-list\">\n<li>Kunskap om typer och utformning av gaffeltruckar,&nbsp;<\/li>\n\n\n\n<li>Kunskap om aktiviteter f\u00f6re och efter drift av utrustningen,&nbsp;<\/li>\n\n\n\n<li>F\u00f6rm\u00e5ga att man\u00f6vrera gaffeltrucken och den last som transporteras,&nbsp;<\/li>\n\n\n\n<li>Kunskap om best\u00e4mmelser om teknisk tillsyn,&nbsp;<\/li>\n\n\n\n<li>l\u00e4ra sig principerna f\u00f6r s\u00e4kert byte av gasflaskor,&nbsp;<\/li>\n\n\n\n<li>praktiska \u00f6vningar med utrustning.&nbsp;<\/li>\n<\/ul>\n\n\n\n<p>Genom att v\u00e4lja OSO l\u00e4r du dig att styra en gaffeltruck p\u00e5 r\u00e4tt s\u00e4tt, eftersom v\u00e5ra instrukt\u00f6rer \u00e4gnar mycket tid \u00e5t praktiska \u00f6vningar.&nbsp;<\/p>\n\n\n\n<h2 class=\"wp-block-heading\"><strong>Vilka krav m\u00e5ste man uppfylla f\u00f6r att delta i kursen?<\/strong>&nbsp;<\/h2>\n\n\n\n<p>Du m\u00e5ste uppfylla f\u00f6ljande krav f\u00f6r att f\u00e5 delta i en kurs f\u00f6r truckf\u00f6rare:&nbsp;<\/p>\n\n\n\n<ul class=\"wp-block-list\">\n<li>vara minst 18 \u00e5r gammal,&nbsp;<\/li>\n\n\n\n<li>Minst grundskoleutbildning,&nbsp;<\/li>\n\n\n\n<li>Inga h\u00e4lsorelaterade kontraindikationer f\u00f6r att arbeta i denna tj\u00e4nst.&nbsp;<\/li>\n<\/ul>\n\n\n\n<h2 class=\"wp-block-heading\"><strong>Vad \u00e4r v\u00e4rt att veta om gaffeltruckar?<\/strong>&nbsp;<\/h2>\n\n\n\n<p>Lyftvagnar tillh\u00f6r kategorin materialhanteringsutrustning och \u00e4r den vanligaste utrustningen som finns p\u00e5 lager och byggdep\u00e5er. De anv\u00e4nds fr\u00e4mst inom industri-, transport- och livsmedelssektorn. Denna utrustning \u00e4r oumb\u00e4rlig f\u00f6r verksamheter som t.ex:&nbsp;<\/p>\n\n\n\n<ul class=\"wp-block-list\">\n<li>Transport av flera laster samtidigt - g\u00f6r det m\u00f6jligt att transportera flera pallar fr\u00e5n plats till plats,&nbsp;<\/li>\n\n\n\n<li>H\u00f6glager - i lagerlokaler d\u00e4r varor staplas fr\u00e5n cirka 7 meter och upp\u00e5t beh\u00f6vs fordon med inf\u00e4llbar mast,&nbsp;<\/li>\n\n\n\n<li>Transport av last av ovanliga storlekar och former - sidoliftar \u00e4r s\u00e4rskilt l\u00e4mpliga f\u00f6r den h\u00e4r typen av last.&nbsp;<\/li>\n<\/ul>\n\n\n\n<div class=\"filmw\">\n<div class=\"responsive-youtube\"><iframe loading=\"lazy\" title=\"YouTube-videospelare\" src=\"https:\/\/www.youtube.com\/embed\/lBt7_7QgUVU\" width=\"560\" height=\"315\" frameborder=\"0\" allowfullscreen=\"allowfullscreen\"><\/iframe><\/div>\n<\/div>\n\n\n\n<h2 class=\"wp-block-heading\"><strong>Typer av lyftvagnar<\/strong>&nbsp;<\/h2>\n\n\n\n<p>Vi skiljer mellan gaffeltruckar:&nbsp;<\/p>\n\n\n\n<ul class=\"trzykolumny wp-block-list\">\n<li>frontal,&nbsp;<\/li>\n\n\n\n<li>Sidan,&nbsp;<\/li>\n\n\n\n<li>med en inre mast,&nbsp;<\/li>\n\n\n\n<li>med f\u00f6raren lyfts upp tillsammans med lasten,&nbsp;<\/li>\n\n\n\n<li>gated,&nbsp;<\/li>\n\n\n\n<li>teleskopisk,&nbsp;<\/li>\n\n\n\n<li>specialiserad med en variabel bom.&nbsp;<\/li>\n<\/ul>\n\n\n\n<h2 class=\"wp-block-heading\"><strong>Annan klassificering av gaffeltruckar<\/strong>&nbsp;<\/h2>\n\n\n\n<p>N\u00e4r det g\u00e4ller typen av drivning kan vi skilja mellan olika typer:&nbsp;<\/p>\n\n\n\n<ul class=\"wp-block-list\">\n<li><strong>elektriska vagnar <\/strong>- Tack vare batteridriften \u00e4r de tysta och garanterar f\u00f6rsumbara avgasutsl\u00e4pp. Operat\u00f6ren kan i sitt arbete st\u00f6ta p\u00e5 fordon med blybatteri som kr\u00e4ver successiv laddning, och s\u00e4rskild f\u00f6rsiktighet m\u00e5ste iakttas under denna process. Det finns ocks\u00e5 nyare maskiner med litiumjonbatterier, vars stora f\u00f6rdel \u00e4r att det inte finns n\u00e5gon risk f\u00f6r att spilla svavelsyra, vilket g\u00f6r det m\u00f6jligt att ladda batteriet var som helst i lagret. Elektriska gaffeltruckar \u00e4r extremt uppladdningsbara och man\u00f6vrerbara, s\u00e5 de klarar av tr\u00e5nga eller smala utrymmen,\u00a0<\/li>\n\n\n\n<li><strong>vagnar med f\u00f6rbr\u00e4nningsmotor<\/strong> - k\u00e4nnetecknas av st\u00f6rre uth\u00e5llighet \u00e4n elbilar, de fungerar bra under flera timmars arbete, men anv\u00e4nds fr\u00e4mst utomhus p\u00e5 grund av avgaserna,<\/li>\n\n\n\n<li><strong>Lastbilar med gasolflaskor<\/strong> - De anv\u00e4nds fr\u00e4mst utomhus, \u00e4r billigare i drift och mycket h\u00e5llbara eftersom de kan anv\u00e4ndas n\u00e4stan kontinuerligt - du beh\u00f6ver bara byta cylindern.&nbsp;<\/li>\n<\/ul>\n\n\n<div class=\"wp-block-image\">\n<figure class=\"alignleft size-large is-resized\"><a href=\"https:\/\/szkolenia-udt.pl\/wp-content\/uploads\/2022\/05\/Combilift-\u2013-COMBI-CB-\u2013-Multi-Directional-counterbalance-forklift-\u2013-handling-long-loads-Building-Supply-DIY-Timber-Lumber-Outdoor-1200x800-1.jpg\"><img loading=\"lazy\" decoding=\"async\" src=\"https:\/\/szkolenia-udt.pl\/wp-content\/uploads\/2022\/05\/Combilift-\u2013-COMBI-CB-\u2013-Multi-Directional-counterbalance-forklift-\u2013-handling-long-loads-Building-Supply-DIY-Timber-Lumber-Outdoor-1200x800-1-1024x683.jpg\" alt=\"Gaffeltrucken placerar lasten p\u00e5 en h\u00f6jd av\" class=\"wp-image-2821\" width=\"512\" height=\"342\" srcset=\"https:\/\/szkolenia-udt.pl\/wp-content\/uploads\/2022\/05\/Combilift-\u2013-COMBI-CB-\u2013-Multi-Directional-counterbalance-forklift-\u2013-handling-long-loads-Building-Supply-DIY-Timber-Lumber-Outdoor-1200x800-1-1024x683.jpg 1024w, https:\/\/szkolenia-udt.pl\/wp-content\/uploads\/2022\/05\/Combilift-\u2013-COMBI-CB-\u2013-Multi-Directional-counterbalance-forklift-\u2013-handling-long-loads-Building-Supply-DIY-Timber-Lumber-Outdoor-1200x800-1-300x200.jpg 300w, https:\/\/szkolenia-udt.pl\/wp-content\/uploads\/2022\/05\/Combilift-\u2013-COMBI-CB-\u2013-Multi-Directional-counterbalance-forklift-\u2013-handling-long-loads-Building-Supply-DIY-Timber-Lumber-Outdoor-1200x800-1-768x512.jpg 768w, https:\/\/szkolenia-udt.pl\/wp-content\/uploads\/2022\/05\/Combilift-\u2013-COMBI-CB-\u2013-Multi-Directional-counterbalance-forklift-\u2013-handling-long-loads-Building-Supply-DIY-Timber-Lumber-Outdoor-1200x800-1.jpg 1200w\" sizes=\"auto, (max-width: 512px) 100vw, 512px\" \/><\/a><\/figure>\n<\/div>\n\n\n<h2 class=\"wp-block-heading\"><strong>F\u00f6rarbevis f\u00f6r truckf\u00f6rare<\/strong>\u00a0<\/h2>\n\n\n\n<p>I enlighet med lagen om teknisk tillsyn och g\u00e4llande h\u00e4lso- och s\u00e4kerhetsf\u00f6reskrifter m\u00e5ste varje verksamhetsut\u00f6vare ha ett relevant tillst\u00e5nd som utf\u00e4rdats av tekniska tillsynsbyr\u00e5n och som endast kan erh\u00e5llas genom en statlig examen. F\u00f6raren av en gaffeltruck m\u00e5ste uppfylla f\u00f6ljande krav:&nbsp;<\/p>\n\n\n\n<ul class=\"wp-block-list\">\n<li>Avslutad kurs f\u00f6r truckf\u00f6rare (du m\u00e5ste ha minst grundskoleutbildning och vara myndig f\u00f6r att g\u00e5 kursen - detta \u00e4r ocks\u00e5 krav f\u00f6r examen),\u00a0<\/li>\n\n\n\n<li>en kurs i hur man byter gasflaskor om gasolbilar anv\u00e4nds i fabriken,&nbsp;<\/li>\n\n\n\n<li>Ett l\u00e4karintyg som visar att det inte finns n\u00e5gra kontraindikationer f\u00f6r denna typ av arbete.&nbsp;<\/li>\n<\/ul>\n\n\n\n<h2 class=\"wp-block-heading\"><strong>Tillst\u00e5ndskategorier<\/strong>&nbsp;<\/h2>\n\n\n\n<p>R\u00e4ttigheter utf\u00e4rdas i kategorier:&nbsp;<\/p>\n\n\n\n<ul class=\"wp-block-list\">\n<li><strong>lyftvagnar med mekanisk lyftmekanism <\/strong>(med bom) och <strong>lyftvagnar med mekanisk lyftmekanism<\/strong> (med m\u00f6jlighet att lyfta operat\u00f6ren med lasten),&nbsp;<\/li>\n\n\n\n<li><strong>lyftvagnar med mekanisk lyftmekanism<\/strong> (med undantag f\u00f6r r\u00e4ckviddstruckar och truckar med m\u00f6jlighet att lyfta f\u00f6raren med det lyftta godset).\u00a0<\/li>\n<\/ul>\n\n\n\n<h2 class=\"wp-block-heading\"><strong>Gaffeltruckf\u00f6rarens ansvarsomr\u00e5den<\/strong>&nbsp;<\/h2>\n\n\n\n<p>Det \u00e4r sv\u00e5rt att f\u00f6rest\u00e4lla sig en effektiv drift av ett lager, en produktionsanl\u00e4ggning eller en byggnadsverkstad utan gaffeltruckar. Deras f\u00f6rares arbete best\u00e5r huvudsakligen av effektiv lastning och lossning av varor. Operat\u00f6ren m\u00e5ste vara vaksam p\u00e5 det tekniska tillst\u00e5ndet hos det fordon som anv\u00e4nds. Han eller hon m\u00e5ste ocks\u00e5 komma ih\u00e5g att endast r\u00f6ra sig p\u00e5 de gaffeltrucksp\u00e5r som f\u00f6retaget anvisat. Ibland ansvarar den person som \u00e4r anst\u00e4lld i denna position ocks\u00e5 f\u00f6r att ta emot och kontrollera best\u00e4llningar, plocka osv.&nbsp;<\/p>\n\n\n\n<h2 class=\"wp-block-heading\"><strong>Plats f\u00f6r utbildning<\/strong>&nbsp;<\/h2>\n\n\n\n<p>Utbildningskurser f\u00f6r truckf\u00f6rare h\u00e5lls p\u00e5 olika platser i landet, bland annat i Warszawa. Vi erbjuder ocks\u00e5 utbildning f\u00f6r slutna d\u00f6rrar, som riktar sig till organiserade grupper och \u00e4ger rum p\u00e5 en plats som passar kunden efter \u00f6verenskommelse.&nbsp;<\/p>\n\n\n\n<h2 class=\"wp-block-heading\"><strong>Varf\u00f6r utbildning tillsammans med CSO:s?<\/strong>&nbsp;<\/h2>\n\n\n<div class=\"wp-block-image\">\n<figure class=\"alignright size-large is-resized\"><a href=\"https:\/\/szkolenia-udt.pl\/wp-content\/uploads\/2022\/05\/liste-amlift-_0.jpg\"><img loading=\"lazy\" decoding=\"async\" src=\"https:\/\/szkolenia-udt.pl\/wp-content\/uploads\/2022\/05\/liste-amlift-_0-1024x768.jpg\" alt=\"Gaffeltruckkurs: elever och instrukt\u00f6r under lektionen\" class=\"wp-image-2822\" width=\"512\" height=\"384\" srcset=\"https:\/\/szkolenia-udt.pl\/wp-content\/uploads\/2022\/05\/liste-amlift-_0-1024x768.jpg 1024w, https:\/\/szkolenia-udt.pl\/wp-content\/uploads\/2022\/05\/liste-amlift-_0-300x225.jpg 300w, https:\/\/szkolenia-udt.pl\/wp-content\/uploads\/2022\/05\/liste-amlift-_0-768x576.jpg 768w, https:\/\/szkolenia-udt.pl\/wp-content\/uploads\/2022\/05\/liste-amlift-_0-135x100.jpg 135w, https:\/\/szkolenia-udt.pl\/wp-content\/uploads\/2022\/05\/liste-amlift-_0.jpg 1030w\" sizes=\"auto, (max-width: 512px) 100vw, 512px\" \/><\/a><\/figure>\n<\/div>\n\n\n<p>Genom att fullf\u00f6lja den utbildning som vi ordnar kan du skaffa dig den kunskap som kr\u00e4vs f\u00f6r att k\u00f6ra en gaffeltruck sj\u00e4lvst\u00e4ndigt och s\u00e4kert. Den kurs vi erbjuder ger teoretiska och praktiska f\u00f6rberedelser f\u00f6r arbete som f\u00f6rare. Under utbildningen fokuserar vi p\u00e5 en omfattande kvalificering av v\u00e5ra praktikanter. Vi har m\u00e5nga \u00e5rs erfarenhet. och under v\u00e5r verksamhetstid har vi redan utbildat tusentals personer.\u00a0<\/p>\n\n\n\n<p>M\u00e5nga f\u00f6retag flyttar numera sina lager fr\u00e5n v\u00e4stv\u00e4rlden till Polen, vilket inneb\u00e4r att efterfr\u00e5gan p\u00e5 gaffeltruckf\u00f6rare kommer att \u00f6ka. Utnyttja denna m\u00f6jlighet och ans\u00f6k till oss redan idag! Vi uppfyller v\u00e5ra kunders f\u00f6rv\u00e4ntningar och f\u00f6rmedlar kunskap p\u00e5 ett tydligt och effektivt s\u00e4tt.\u00a0\u00a0<\/p>\n\n\n\n<p>Vi uppmuntrar dig att anv\u00e4nda dig av v\u00e5ra tj\u00e4nster! Andra utbildningar fr\u00e5n <a href=\"https:\/\/szkolenia-udt.pl\/sv\/oferta\/\">v\u00e5rt erbjudande<\/a> Dessa omfattar bl.a:&nbsp;<\/p>\n\n\n\n<ul class=\"wp-block-list\">\n<li>energiutbildning <a href=\"https:\/\/szkolenia-udt.pl\/sv\/kursy\/sep-g1-g2-g3\/g1\/\">G1<\/a>, <a href=\"https:\/\/szkolenia-udt.pl\/sv\/kursy\/sep-g1-g2-g3\/g2\/\">G2<\/a>, <a href=\"https:\/\/szkolenia-udt.pl\/sv\/kursy\/sep-g1-g2-g3\/g3\/\">G3<\/a>,&nbsp;<\/li>\n\n\n\n<li>arbete p\u00e5 h\u00f6g h\u00f6jd,&nbsp;<\/li>\n\n\n\n<li>drift av mobila plattformar.&nbsp;<\/li>\n<\/ul>\n\n\n<div class=\"wp-block-image\">\n<figure class=\"aligncenter\"><a href=\"https:\/\/szkolenia-udt.pl\/wp-content\/uploads\/2022\/05\/0008-oso-wozki-widlowe-wysokiego-skladowania.jpg\"><img loading=\"lazy\" decoding=\"async\" width=\"1024\" height=\"853\" src=\"https:\/\/szkolenia-udt.pl\/wp-content\/uploads\/2022\/05\/0008-oso-wozki-widlowe-wysokiego-skladowania-1024x853.jpg\" alt=\"grafisk reklam f\u00f6r utbildningen\" class=\"wp-image-2868\" srcset=\"https:\/\/szkolenia-udt.pl\/wp-content\/uploads\/2022\/05\/0008-oso-wozki-widlowe-wysokiego-skladowania-1024x853.jpg 1024w, https:\/\/szkolenia-udt.pl\/wp-content\/uploads\/2022\/05\/0008-oso-wozki-widlowe-wysokiego-skladowania-300x250.jpg 300w, https:\/\/szkolenia-udt.pl\/wp-content\/uploads\/2022\/05\/0008-oso-wozki-widlowe-wysokiego-skladowania-768x640.jpg 768w, https:\/\/szkolenia-udt.pl\/wp-content\/uploads\/2022\/05\/0008-oso-wozki-widlowe-wysokiego-skladowania.jpg 1200w\" sizes=\"auto, (max-width: 1024px) 100vw, 1024px\" \/><\/a><\/figure>\n<\/div>","protected":false},"excerpt":{"rendered":"<p>O szkoleniu w OSO Organizowane przez OSO szkolenie po\u015bwi\u0119cone jest wszystkim aspektom pracy operatora w\u00f3zk\u00f3w wid\u0142owych. Zatem zar\u00f3wno, je\u015bli pracujesz w bran\u017cy transportowej lub przemy\u015ble i chcesz podnie\u015b\u0107 swoje kwalifikacje, b\u0105d\u017a te\u017c pragniesz ca\u0142kowicie zmieni\u0107 \u015bcie\u017ck\u0119 swojej kariery zawodowej, nasze szkolenie jest w\u0142a\u015bnie dla Ciebie.\u00a0Kompleksow\u0105 wiedz\u0119 i umiej\u0119tno\u015bci z zakresu poruszania si\u0119 tzw. widlakiem, mo\u017cna [&hellip;]<\/p>\n","protected":false},"author":10,"featured_media":2823,"parent":2266,"menu_order":0,"comment_status":"closed","ping_status":"closed","template":"","meta":{"footnotes":""},"class_list":["post-2820","page","type-page","status-publish","has-post-thumbnail","hentry"],"aioseo_notices":[],"_links":{"self":[{"href":"https:\/\/szkolenia-udt.pl\/sv\/wp-json\/wp\/v2\/pages\/2820","targetHints":{"allow":["GET"]}}],"collection":[{"href":"https:\/\/szkolenia-udt.pl\/sv\/wp-json\/wp\/v2\/pages"}],"about":[{"href":"https:\/\/szkolenia-udt.pl\/sv\/wp-json\/wp\/v2\/types\/page"}],"author":[{"embeddable":true,"href":"https:\/\/szkolenia-udt.pl\/sv\/wp-json\/wp\/v2\/users\/10"}],"replies":[{"embeddable":true,"href":"https:\/\/szkolenia-udt.pl\/sv\/wp-json\/wp\/v2\/comments?post=2820"}],"version-history":[{"count":10,"href":"https:\/\/szkolenia-udt.pl\/sv\/wp-json\/wp\/v2\/pages\/2820\/revisions"}],"predecessor-version":[{"id":4716,"href":"https:\/\/szkolenia-udt.pl\/sv\/wp-json\/wp\/v2\/pages\/2820\/revisions\/4716"}],"up":[{"embeddable":true,"href":"https:\/\/szkolenia-udt.pl\/sv\/wp-json\/wp\/v2\/pages\/2266"}],"wp:featuredmedia":[{"embeddable":true,"href":"https:\/\/szkolenia-udt.pl\/sv\/wp-json\/wp\/v2\/media\/2823"}],"wp:attachment":[{"href":"https:\/\/szkolenia-udt.pl\/sv\/wp-json\/wp\/v2\/media?parent=2820"}],"curies":[{"name":"wp","href":"https:\/\/api.w.org\/{rel}","templated":true}]}}