{"id":2963,"date":"2022-06-27T12:58:06","date_gmt":"2022-06-27T10:58:06","guid":{"rendered":"https:\/\/szkolenia-udt.pl\/?page_id=2963"},"modified":"2023-03-26T09:49:23","modified_gmt":"2023-03-26T07:49:23","slug":"anlaggningsmaskiner","status":"publish","type":"page","link":"https:\/\/szkolenia-udt.pl\/sv\/kursy\/uprawnienia-udt-tdt-wdt\/maszyny-budowlane\/","title":{"rendered":"SPA - kurs f\u00f6r f\u00f6rare av entreprenadmaskiner"},"content":{"rendered":"<div class=\"wp-block-image\">\n<figure class=\"alignleft size-large is-resized\"><a href=\"https:\/\/szkolenia-udt.pl\/wp-content\/uploads\/2022\/06\/p.jpg\"><img loading=\"lazy\" decoding=\"async\" src=\"https:\/\/szkolenia-udt.pl\/wp-content\/uploads\/2022\/06\/p-1024x684.jpg\" alt=\"Utbildning om uppgifter om entreprenadmaskiner\" class=\"wp-image-2967\" width=\"512\" height=\"342\" srcset=\"https:\/\/szkolenia-udt.pl\/wp-content\/uploads\/2022\/06\/p-1024x684.jpg 1024w, https:\/\/szkolenia-udt.pl\/wp-content\/uploads\/2022\/06\/p-300x200.jpg 300w, https:\/\/szkolenia-udt.pl\/wp-content\/uploads\/2022\/06\/p-768x513.jpg 768w, https:\/\/szkolenia-udt.pl\/wp-content\/uploads\/2022\/06\/p.jpg 1200w\" sizes=\"auto, (max-width: 512px) 100vw, 512px\" \/><\/a><\/figure>\n<\/div>\n\n\n<h2 class=\"wp-block-heading\">Om utbildningen<\/h2>\n\n\n\n<p>Inom byggbranschen kan vi r\u00e4kna med stabila anst\u00e4llningar och mycket bra l\u00f6ner. Att arbeta p\u00e5 en byggarbetsplats \u00e4r dock ett av de tyngre och ganska sv\u00e5raste jobben n\u00e4r det g\u00e4ller fysisk kondition, men ocks\u00e5 med tanke p\u00e5 v\u00e4derf\u00f6rh\u00e5llandena. D\u00e4rf\u00f6r \u00e4r det mycket viktigt att ha r\u00e4tt kvalifikationer och n\u00f6dv\u00e4ndiga f\u00e4rdigheter f\u00f6r att se till att arbetstagarna uppr\u00e4tth\u00e5ller s\u00e4kra arbetsf\u00f6rh\u00e5llanden.\u00a0<\/p>\n\n\n\n<h2 class=\"wp-block-heading\"><strong>Krav som m\u00e5ste uppfyllas f\u00f6r att f\u00e5 delta i<\/strong> <strong>kurs<\/strong>\u00a0<\/h2>\n\n\n\n<p>F\u00f6r att delta i utbildningen m\u00e5ste du:&nbsp;&nbsp;<\/p>\n\n\n\n<ul class=\"wp-block-list\">\n<li>ha minst grundskoleutbildning,&nbsp;&nbsp;<\/li>\n\n\n\n<li>vara myndig,&nbsp;<\/li>\n\n\n\n<li>inneha ett l\u00e4karintyg som visar att det inte finns n\u00e5gra h\u00e4lsom\u00e4ssiga hinder f\u00f6r att arbeta som f\u00f6rare av en v\u00e4gv\u00e4lt, gr\u00e4vmaskin eller annan entreprenadmaskin.&nbsp;<\/li>\n<\/ul>\n\n\n\n<h2 class=\"wp-block-heading\"><strong>Kurs och examination<\/strong>&nbsp;<\/h2>\n\n\n\n<p>Vi erbjuder sluten utbildning (f\u00f6r organiserade grupper) och \u00f6ppen utbildning (f\u00f6r enskilda kunder). Klasser i v\u00e5r <a href=\"https:\/\/szkolenia-udt.pl\/sv\/o-firmie\/\">Centrum f\u00f6r utbildning av operat\u00f6rer<\/a> leds av erfarna instrukt\u00f6rer och artister. Kurserna avslutas med ett statligt prov som best\u00e5r av tv\u00e5 delar. Den f\u00f6rsta \u00e4r ett teoretiskt prov och den andra \u00e4r ett praktiskt prov. Efter godk\u00e4nd IMBiGS-examen f\u00e5r man ett kursintyg samt statligt tillst\u00e5nd att arbeta i den valda befattningen och en notering i operat\u00f6rsh\u00e4ftet.&nbsp;<\/p>\n\n\n\n<h2 class=\"wp-block-heading\"><strong>Utbildning f\u00f6r gr\u00e4vmaskinister i grupp III<\/strong>&nbsp;<\/h2>\n\n\n\n<h3 class=\"wp-block-heading\"><strong>Typer av tillst\u00e5nd f\u00f6r gr\u00e4vmaskiner<\/strong>&nbsp;<\/h3>\n\n\n\n<figure class=\"wp-block-table\"><table><tbody><tr><td><strong>Klass III<\/strong>&nbsp;<\/td><td>Grupp III-beh\u00f6righeten till\u00e5ter arbete med gr\u00e4vmaskiner med ett huvud p\u00e5 upp till 25 ton.&nbsp;<\/td><\/tr><tr><td><strong>Klass I<\/strong>&nbsp;<\/td><td>Grupp I-k\u00f6rkortet ger dig m\u00f6jlighet att arbeta med enkelhuvudsgr\u00e4vmaskiner fr\u00e5n 25 ton.&nbsp;<\/td><\/tr><\/tbody><\/table><\/figure>\n\n\n<div class=\"wp-block-image\">\n<figure class=\"alignright size-full is-resized\"><a href=\"https:\/\/szkolenia-udt.pl\/wp-content\/uploads\/2022\/06\/operatorzy.edu_.pl-jcb-15c-1-1-5t-mini-excavator79ea9367.jpg\"><img loading=\"lazy\" decoding=\"async\" src=\"https:\/\/szkolenia-udt.pl\/wp-content\/uploads\/2022\/06\/operatorzy.edu_.pl-jcb-15c-1-1-5t-mini-excavator79ea9367.jpg\" alt=\"gr\u00e4vmaskin i drift\" class=\"wp-image-2966\" width=\"469\" height=\"352\" srcset=\"https:\/\/szkolenia-udt.pl\/wp-content\/uploads\/2022\/06\/operatorzy.edu_.pl-jcb-15c-1-1-5t-mini-excavator79ea9367.jpg 1024w, https:\/\/szkolenia-udt.pl\/wp-content\/uploads\/2022\/06\/operatorzy.edu_.pl-jcb-15c-1-1-5t-mini-excavator79ea9367-300x225.jpg 300w, https:\/\/szkolenia-udt.pl\/wp-content\/uploads\/2022\/06\/operatorzy.edu_.pl-jcb-15c-1-1-5t-mini-excavator79ea9367-768x576.jpg 768w, https:\/\/szkolenia-udt.pl\/wp-content\/uploads\/2022\/06\/operatorzy.edu_.pl-jcb-15c-1-1-5t-mini-excavator79ea9367-135x100.jpg 135w\" sizes=\"auto, (max-width: 469px) 100vw, 469px\" \/><\/a><\/figure>\n<\/div>\n\n\n<h3 class=\"wp-block-heading\"><strong>Omfattning och syfte med utbildning f\u00f6r enkelhuvudsgr\u00e4vmaskiner i klass I och III<\/strong>\u00a0<\/h3>\n\n\n\n<p>F\u00f6r att f\u00e5 den relevanta beh\u00f6righeten m\u00e5ste du f\u00f6rst ha beh\u00f6righet f\u00f6r klass III och f\u00f6rst d\u00e4refter f\u00f6r klass I. Best\u00e4mmelserna g\u00f6r det dock m\u00f6jligt att samtidigt f\u00e5 beh\u00f6righet f\u00f6r b\u00e5de klass III och klass I. Syftet med kursen \u00e4r att f\u00f6rbereda deltagarna s\u00e5 att de f\u00e5r den beh\u00f6righet som kr\u00e4vs f\u00f6r att korrekt utf\u00f6ra arbetet som gr\u00e4vmaskinist i klass III och att f\u00f6rbereda dem s\u00e5 v\u00e4l som m\u00f6jligt inf\u00f6r IMBiGS-provet som g\u00f6rs inf\u00f6r en examensn\u00e4mnd.\u00a0<\/p>\n\n\n\n<h3 class=\"wp-block-heading\"><strong>Kompetenser som vi kan erh\u00e5lla fr\u00e5n utbildningen<\/strong>&nbsp;<\/h3>\n\n\n\n<p>Genom att delta i v\u00e5r kurs kommer deltagarna fr\u00e4mst att f\u00e5:&nbsp;<\/p>\n\n\n\n<ul class=\"wp-block-list\">\n<li>Kunskaper om moderna entreprenadmaskiner,&nbsp;<\/li>\n\n\n\n<li>F\u00e4rdigheter i att anv\u00e4nda teknisk och teknisk dokumentation,&nbsp;<\/li>\n\n\n\n<li>information om brands\u00e4kerhet och f\u00f6reskrifter och regler f\u00f6r h\u00e4lsa och s\u00e4kerhet,&nbsp;<\/li>\n\n\n\n<li>F\u00f6rm\u00e5gan att kontrollera det arbete som utf\u00f6rs,&nbsp;<\/li>\n\n\n\n<li>Organisera arbete med en gr\u00e4vmaskin under olika v\u00e4derf\u00f6rh\u00e5llanden,&nbsp;<\/li>\n\n\n\n<li>F\u00f6rm\u00e5ga att arbeta med och k\u00f6ra gr\u00e4vmaskiner,&nbsp;<\/li>\n\n\n\n<li>F\u00f6rberedelse f\u00f6r IMBiGS-provet och gr\u00e4vmaskinist,&nbsp;<\/li>\n\n\n\n<li>Kunskaper om underh\u00e5ll och reparation av gr\u00e4vmaskiner.&nbsp;<\/li>\n<\/ul>\n\n\n\n<h2 class=\"wp-block-heading\"><strong>Kurs f\u00f6r f\u00f6rare av v\u00e4gv\u00e4ltar<\/strong>&nbsp;<\/h2>\n\n\n\n<h3 class=\"wp-block-heading\"><strong>Omfattning och syfte med utbildningen f\u00f6r f\u00f6rare av v\u00e4gv\u00e4ltar<\/strong>\u00a0<\/h3>\n\n\n\n<p>Utbildningsprogrammet omfattar v\u00e4gv\u00e4ltar, dvs. deras konstruktion, funktion och tekniska egenskaper. Kursen inneh\u00e5ller teoretiska och praktiska lektioner om h\u00e4lsa och s\u00e4kerhet p\u00e5 arbetsplatsen och korrekt anv\u00e4ndning och drift av arbetsmaskiner. M\u00e5let med utbildningen \u00e4r att f\u00f6rbereda deltagarna f\u00f6r att beh\u00e4rska de kvalifikationer som kr\u00e4vs f\u00f6r att utf\u00f6ra arbete som v\u00e4gvalsoperat\u00f6r inom ramen f\u00f6r auktorisationsgrupp II. Denna grupp omfattar alla storlekar och typer av v\u00e4gv\u00e4ltar. Kursen avslutas med ett IMBiGS-prov inf\u00f6r en examensn\u00e4mnd, d\u00e4r deltagaren vid godk\u00e4nt resultat tilldelas ett statligt k\u00f6rkort som intygar hans f\u00f6rm\u00e5ga att arbeta med v\u00e4gv\u00e4ltar i grupp II och en notering i f\u00f6rarens loggbok. I slutet av kursen f\u00e5r deltagaren ocks\u00e5 ett dokument som intygar att han har slutf\u00f6rt utbildningen.\u00a0<\/p>\n\n\n\n<h3 class=\"wp-block-heading\"><strong>Kompetenser som vi kan erh\u00e5lla fr\u00e5n utbildningen<\/strong>&nbsp;<\/h3>\n\n\n\n<p>Genom att delta i v\u00e5r kurs kommer deltagarna fr\u00e4mst att f\u00e5:&nbsp;<\/p>\n\n\n\n<ul class=\"wp-block-list\">\n<li>Erfarenhet fr\u00e5n aktivt deltagande i reparation och underh\u00e5ll av v\u00e4gv\u00e4ltar,&nbsp;<\/li>\n\n\n\n<li>F\u00f6rm\u00e5ga att kontrollera kvaliteten p\u00e5 det utf\u00f6rda arbetet,&nbsp;<\/li>\n\n\n\n<li>F\u00f6rm\u00e5ga att organisera v\u00e4gv\u00e4ltarnas arbetsomr\u00e5de under olika v\u00e4der- och klimatf\u00f6rh\u00e5llanden,&nbsp;<\/li>\n\n\n\n<li>F\u00f6rm\u00e5ga att leda arbetsorganisationen,&nbsp;<\/li>\n\n\n\n<li>F\u00f6rm\u00e5ga att arbeta med olika typer av v\u00e4gv\u00e4ltar.&nbsp;<\/li>\n<\/ul>\n\n\n<div class=\"wp-block-image\">\n<figure class=\"alignleft size-large is-resized\"><a href=\"https:\/\/szkolenia-udt.pl\/wp-content\/uploads\/2022\/06\/kurso.eu-077.jpg\"><img loading=\"lazy\" decoding=\"async\" src=\"https:\/\/szkolenia-udt.pl\/wp-content\/uploads\/2022\/06\/kurso.eu-077-1024x784.jpg\" alt=\"Utbildningsprogram\" class=\"wp-image-2965\" width=\"512\" height=\"392\" srcset=\"https:\/\/szkolenia-udt.pl\/wp-content\/uploads\/2022\/06\/kurso.eu-077-1024x784.jpg 1024w, https:\/\/szkolenia-udt.pl\/wp-content\/uploads\/2022\/06\/kurso.eu-077-300x230.jpg 300w, https:\/\/szkolenia-udt.pl\/wp-content\/uploads\/2022\/06\/kurso.eu-077-768x588.jpg 768w, https:\/\/szkolenia-udt.pl\/wp-content\/uploads\/2022\/06\/kurso.eu-077-1536x1176.jpg 1536w, https:\/\/szkolenia-udt.pl\/wp-content\/uploads\/2022\/06\/kurso.eu-077.jpg 1568w\" sizes=\"auto, (max-width: 512px) 100vw, 512px\" \/><\/a><\/figure>\n<\/div>\n\n\n<h2 class=\"wp-block-heading\"><strong>Vad \u00e4r priset f\u00f6r kursen?<\/strong>&nbsp;<\/h2>\n\n\n\n<p>J\u00e4mf\u00f6rt med andra f\u00f6retag, <a href=\"https:\/\/szkolenia-udt.pl\/sv\/oferta\/\">pris<\/a> hos oss \u00e4r mycket attraktivt, eftersom vi alltid ser till att h\u00e5lla det konkurrenskraftigt och d\u00e4rmed s\u00e4kerst\u00e4lla kundn\u00f6jdhet. F\u00f6r st\u00f6rre organiserade grupper kan vi dessutom erbjuda kostnadseffektiva rabatter. Du kan ta reda p\u00e5 all kostnadsinformation genom att kontakta oss per telefon.&nbsp;<\/p>\n\n\n\n<h2 class=\"wp-block-heading\"><strong>Var kan du hitta oss?<\/strong>&nbsp;<\/h2>\n\n\n\n<p>Alla som \u00e4r intresserade av att erh\u00e5lla auktorisationer \u00e4r hj\u00e4rtligt v\u00e4lkomna till v\u00e5rt Operator Training Centre. Vi samarbetar med UDT, TDT, WDT och IMBiGS och erbjuder l\u00e4rlingsutbildning f\u00f6r operat\u00f6rer och underh\u00e5llare av utrustning, inklusive entreprenadmaskiner. Tack vare oss kan du f\u00e5 kvalifikationer f\u00f6r bland annat v\u00e4gv\u00e4ltar, gr\u00e4vmaskiner och st\u00e4llningsbyggare.  Vi h\u00e5ller kurser i hela Polen, inklusive i Warszawa. N\u00e4r det g\u00e4ller slutna utbildningar kan vi ocks\u00e5 leverera utbildningen direkt i kundens lokaler.&nbsp;&nbsp;<\/p>\n\n\n\n<p><a href=\"https:\/\/szkolenia-udt.pl\/sv\/kontakt\/\">Vi ser fram emot att arbeta med dig<\/a>!&nbsp;<\/p>\n\n\n<div class=\"wp-block-image\">\n<figure class=\"aligncenter\"><a href=\"https:\/\/szkolenia-udt.pl\/wp-content\/uploads\/2022\/06\/0077-oso.edu_.pl_.jpg\"><img loading=\"lazy\" decoding=\"async\" width=\"1024\" height=\"853\" src=\"https:\/\/szkolenia-udt.pl\/wp-content\/uploads\/2022\/06\/0077-oso.edu_.pl_-1024x853.jpg\" alt=\"Grafik som marknadsf\u00f6r utbildningen\" class=\"wp-image-2964\" srcset=\"https:\/\/szkolenia-udt.pl\/wp-content\/uploads\/2022\/06\/0077-oso.edu_.pl_-1024x853.jpg 1024w, https:\/\/szkolenia-udt.pl\/wp-content\/uploads\/2022\/06\/0077-oso.edu_.pl_-300x250.jpg 300w, https:\/\/szkolenia-udt.pl\/wp-content\/uploads\/2022\/06\/0077-oso.edu_.pl_-768x640.jpg 768w, https:\/\/szkolenia-udt.pl\/wp-content\/uploads\/2022\/06\/0077-oso.edu_.pl_.jpg 1200w\" sizes=\"auto, (max-width: 1024px) 100vw, 1024px\" \/><\/a><\/figure>\n<\/div>","protected":false},"excerpt":{"rendered":"<p>O szkoleniu W bran\u017cy budowlanej mo\u017cemy liczy\u0107 na stabilne zatrudnienie i bardzo dobre wynagrodzenie. Praca na budowie jest jednak jedn\u0105 z ci\u0119\u017cszych i do\u015b\u0107 trudnych pod wzgl\u0119dem kondycji fizycznej, ale r\u00f3wnie\u017c zwa\u017cywszy na warunki atmosferyczne. Dlatego tak bardzo wa\u017cne s\u0105 odpowiednie kwalifikacje i niezb\u0119dne umiej\u0119tno\u015bci, dzi\u0119ki kt\u00f3rym pracownicy utrzymaj\u0105 bezpieczne warunki pracy.\u00a0 Wymagania, jakie nale\u017cy [&hellip;]<\/p>\n","protected":false},"author":10,"featured_media":2965,"parent":2266,"menu_order":0,"comment_status":"closed","ping_status":"closed","template":"","meta":{"footnotes":""},"class_list":["post-2963","page","type-page","status-publish","has-post-thumbnail","hentry"],"aioseo_notices":[],"_links":{"self":[{"href":"https:\/\/szkolenia-udt.pl\/sv\/wp-json\/wp\/v2\/pages\/2963","targetHints":{"allow":["GET"]}}],"collection":[{"href":"https:\/\/szkolenia-udt.pl\/sv\/wp-json\/wp\/v2\/pages"}],"about":[{"href":"https:\/\/szkolenia-udt.pl\/sv\/wp-json\/wp\/v2\/types\/page"}],"author":[{"embeddable":true,"href":"https:\/\/szkolenia-udt.pl\/sv\/wp-json\/wp\/v2\/users\/10"}],"replies":[{"embeddable":true,"href":"https:\/\/szkolenia-udt.pl\/sv\/wp-json\/wp\/v2\/comments?post=2963"}],"version-history":[{"count":10,"href":"https:\/\/szkolenia-udt.pl\/sv\/wp-json\/wp\/v2\/pages\/2963\/revisions"}],"predecessor-version":[{"id":4728,"href":"https:\/\/szkolenia-udt.pl\/sv\/wp-json\/wp\/v2\/pages\/2963\/revisions\/4728"}],"up":[{"embeddable":true,"href":"https:\/\/szkolenia-udt.pl\/sv\/wp-json\/wp\/v2\/pages\/2266"}],"wp:featuredmedia":[{"embeddable":true,"href":"https:\/\/szkolenia-udt.pl\/sv\/wp-json\/wp\/v2\/media\/2965"}],"wp:attachment":[{"href":"https:\/\/szkolenia-udt.pl\/sv\/wp-json\/wp\/v2\/media?parent=2963"}],"curies":[{"name":"wp","href":"https:\/\/api.w.org\/{rel}","templated":true}]}}