{"id":2973,"date":"2022-06-28T14:46:18","date_gmt":"2022-06-28T12:46:18","guid":{"rendered":"https:\/\/szkolenia-udt.pl\/?page_id=2973"},"modified":"2025-07-19T22:59:31","modified_gmt":"2025-07-19T20:59:31","slug":"strona-glowna","status":"publish","type":"page","link":"https:\/\/szkolenia-udt.pl\/","title":{"rendered":"Hem"},"content":{"rendered":"<div class=\"roww\">\n<div class=\"podzial\">\n<h2>Gaffeltruckar - skaffa ditt UDT-certifikat!<\/h2>\n<p><a href=\"https:\/\/szkolenia-udt.pl\/wp-content\/uploads\/2014\/11\/wozki1a.jpg\"><img loading=\"lazy\" decoding=\"async\" class=\"alignright wp-image-1203 size-full\" src=\"https:\/\/szkolenia-udt.pl\/wp-content\/uploads\/2014\/11\/wozki1a.jpg\" alt=\"\" width=\"300\" height=\"225\" srcset=\"https:\/\/szkolenia-udt.pl\/wp-content\/uploads\/2014\/11\/wozki1a.jpg 300w, https:\/\/szkolenia-udt.pl\/wp-content\/uploads\/2014\/11\/wozki1a-135x100.jpg 135w\" sizes=\"auto, (max-width: 300px) 100vw, 300px\" \/><\/a>Gaffeltrucklicenser \u00e4r en av de mest eftertraktade kurserna, och hos oss f\u00e5r du omfattande kunskaper och f\u00e4rdigheter f\u00f6r att klara UDT-examen. I v\u00e5rt utbud hittar du kurser f\u00f6r gaffeltruckar och teleskoplastare och tillh\u00f6rande utrustning, bland annat:<\/p>\n<ul>\n<li>h\u00f6g lagringskapacitet,<\/li>\n<li>lyftning,<\/li>\n<li>lyfta operat\u00f6ren och lasten,<\/li>\n<li>med varierande \u00f6verh\u00e4ng,<\/li>\n<li>teleskopiska handlare,<\/li>\n<li>gaffeltruckar.<\/li>\n<\/ul>\n<p><a class=\"read-more bttn\" href=\"https:\/\/szkolenia-udt.pl\/sv\/kurser\/gaffeltruckar\/\">L\u00e4s mer<\/a><\/p>\n<\/div>\n<div class=\"podzial\">\n<h2>Lyftplattformar och lyftanordningar - UDT-utbildning<\/h2>\n<p><a href=\"https:\/\/szkolenia-udt.pl\/wp-content\/uploads\/2014\/11\/platf-no\u017cycowaa.jpg\"><img loading=\"lazy\" decoding=\"async\" class=\"alignright wp-image-1208 size-full\" src=\"https:\/\/szkolenia-udt.pl\/wp-content\/uploads\/2014\/11\/platf-no\u017cycowaa.jpg\" alt=\"\" width=\"300\" height=\"225\" srcset=\"https:\/\/szkolenia-udt.pl\/wp-content\/uploads\/2014\/11\/platf-no\u017cycowaa.jpg 300w, https:\/\/szkolenia-udt.pl\/wp-content\/uploads\/2014\/11\/platf-no\u017cycowaa-135x100.jpg 135w\" sizes=\"auto, (max-width: 300px) 100vw, 300px\" \/><\/a>Vi erbjuder professionella kurser som f\u00f6rbereder dig f\u00f6r UDT-examen till attraktiva priser. Tack vare oss f\u00e5r du kunskap och f\u00e4rdigheter f\u00f6r att hantera plattformar och hissar som t.ex:<\/p>\n<ul>\n<li>mobila plattformar,<\/li>\n<li>Arbetsplattformar,<\/li>\n<li>saxliftar,<\/li>\n<li>h\u00e4ng- och mastplattformar,<\/li>\n<li>fordons- och j\u00e4rnv\u00e4gsplattformar,<\/li>\n<li>station\u00e4ra och fritt r\u00f6rliga plattformar,<\/li>\n<li>och lastning.<\/li>\n<\/ul>\n<p><a class=\"read-more bttn\" href=\"https:\/\/szkolenia-udt.pl\/sv\/kurser\/mobila-plattformar\/\">L\u00e4s mer<\/a><\/p>\n<\/div>\n<\/div>\n<div class=\"roww\">\n<div class=\"podzial\">\n<h2>H\u00f6jd\/Alpinist\/IRATA-tr\u00e4ning<\/h2>\n<p><a href=\"https:\/\/szkolenia-udt.pl\/wp-content\/uploads\/2021\/11\/pracawysok.jpg\"><img loading=\"lazy\" decoding=\"async\" class=\"alignright wp-image-2578 size-medium\" src=\"https:\/\/szkolenia-udt.pl\/wp-content\/uploads\/2021\/11\/pracawysok-300x200.jpg\" alt=\"\" width=\"300\" height=\"200\" srcset=\"https:\/\/szkolenia-udt.pl\/wp-content\/uploads\/2021\/11\/pracawysok-300x200.jpg 300w, https:\/\/szkolenia-udt.pl\/wp-content\/uploads\/2021\/11\/pracawysok-1024x681.jpg 1024w, https:\/\/szkolenia-udt.pl\/wp-content\/uploads\/2021\/11\/pracawysok-768x511.jpg 768w, https:\/\/szkolenia-udt.pl\/wp-content\/uploads\/2021\/11\/pracawysok-1536x1022.jpg 1536w, https:\/\/szkolenia-udt.pl\/wp-content\/uploads\/2021\/11\/pracawysok.jpg 1551w\" sizes=\"auto, (max-width: 300px) 100vw, 300px\" \/><\/a>Bergskl\u00e4ttring blir alltmer popul\u00e4rt och d\u00e4rmed \u00f6kar behovet av h\u00f6jdtr\u00e4ning. Vi vet hur viktig s\u00e4kerheten \u00e4r n\u00e4r man arbetar p\u00e5 h\u00f6g h\u00f6jd och d\u00e4rf\u00f6r l\u00e4gger vi stor vikt vid den under v\u00e5ra kurser. Vi erbjuder utbildning inom alla typer av utbildning:<\/p>\n<ul>\n<li>Tilltr\u00e4de till byggnaden (inklusive anv\u00e4ndning av sele),<\/li>\n<li>Tilltr\u00e4de till byggnadsverk med inslag av reptilltr\u00e4desteknik,<\/li>\n<li>skapande av tillf\u00e4lliga bel\u00e4ggningspunkter,<\/li>\n<li>Utbildning i bergskl\u00e4ttring och repningsteknik,<\/li>\n<li>Utbildning i evakuering av personer p\u00e5 h\u00f6g h\u00f6jd,<\/li>\n<li>Utbildning i evakuering av personer fr\u00e5n slutna utrymmen,<\/li>\n<li>IRATA-beh\u00f6righetskurs - alla niv\u00e5er L1, L2 och L3.<\/li>\n<\/ul>\n<p><a class=\"read-more bttn\" href=\"https:\/\/szkolenia-udt.pl\/sv\/kurser\/arbete-pa-hog-hojd\/\">L\u00e4s mer<\/a><\/p>\n<\/div>\n<div class=\"podzial\">\n<h2>Lyftkranar, hissar och vinschar, kranar och signalman - krok<\/h2>\n<p><a href=\"https:\/\/szkolenia-udt.pl\/wp-content\/uploads\/2021\/09\/suwnice_1.jpg\"><img loading=\"lazy\" decoding=\"async\" class=\"alignright wp-image-2517 size-medium\" src=\"https:\/\/szkolenia-udt.pl\/wp-content\/uploads\/2021\/09\/suwnice_1-300x252.jpg\" alt=\"\" width=\"300\" height=\"252\" srcset=\"https:\/\/szkolenia-udt.pl\/wp-content\/uploads\/2021\/09\/suwnice_1-300x252.jpg 300w, https:\/\/szkolenia-udt.pl\/wp-content\/uploads\/2021\/09\/suwnice_1-1024x859.jpg 1024w, https:\/\/szkolenia-udt.pl\/wp-content\/uploads\/2021\/09\/suwnice_1-768x644.jpg 768w, https:\/\/szkolenia-udt.pl\/wp-content\/uploads\/2021\/09\/suwnice_1.jpg 1455w\" sizes=\"auto, (max-width: 300px) 100vw, 300px\" \/><\/a>Vi bjuder in dig till v\u00e5rt center f\u00f6r utbildning i anv\u00e4ndning av lyftutrustning. V\u00e5rt kursutbud g\u00f6r det m\u00f6jligt f\u00f6r dig att skaffa dig kunskaper och f\u00e4rdigheter f\u00f6r att arbeta i bland annat f\u00f6ljande positioner:<\/p>\n<ul>\n<li>kranar,<\/li>\n<li>lyftanordningar<\/li>\n<li>vinschar,<\/li>\n<li>kranar,<\/li>\n<li>signalist-kopplare.<\/li>\n<\/ul>\n<p><a class=\"read-more bttn\" href=\"https:\/\/szkolenia-udt.pl\/sv\/kurser\/kranar\/\">L\u00e4s mer<\/a><\/p>\n<\/div>\n<\/div>\n<div class=\"roww\">\n<div class=\"podzial\">\n<h2>HDS-kranar och tornkranar - UDT-kurser<\/h2>\n<p><a href=\"https:\/\/szkolenia-udt.pl\/wp-content\/uploads\/2015\/07\/reshds_wywrotka_trojstronna_W3F_Volvo_6x4_2.jpg\"><img loading=\"lazy\" decoding=\"async\" class=\"alignright wp-image-1361 size-full\" src=\"https:\/\/szkolenia-udt.pl\/wp-content\/uploads\/2015\/07\/reshds_wywrotka_trojstronna_W3F_Volvo_6x4_2.jpg\" alt=\"\" width=\"300\" height=\"225\" srcset=\"https:\/\/szkolenia-udt.pl\/wp-content\/uploads\/2015\/07\/reshds_wywrotka_trojstronna_W3F_Volvo_6x4_2.jpg 300w, https:\/\/szkolenia-udt.pl\/wp-content\/uploads\/2015\/07\/reshds_wywrotka_trojstronna_W3F_Volvo_6x4_2-135x100.jpg 135w\" sizes=\"auto, (max-width: 300px) 100vw, 300px\" \/><\/a>Vi bjuder in dig till utbildningar f\u00f6r tillst\u00e5nd att anv\u00e4nda kranar, fr\u00e5n tornkranar till HDS. Vi har utposter i de st\u00f6rre st\u00e4derna i Polen och \u00e4r dessutom beredda att resa till den plats som kunden anger. I v\u00e5rt utbud hittar du kurser f\u00f6r kranar:<\/p>\n<ul>\n<li>torn,<\/li>\n<li>sj\u00e4lvg\u00e5ende,<\/li>\n<li>b\u00e4rbar HDS,<\/li>\n<li>station\u00e4r,<\/li>\n<li>j\u00e4rnv\u00e4gar och p\u00e5 j\u00e4rnv\u00e4gsfordon,<\/li>\n<li>j\u00e4rnv\u00e4g,<\/li>\n<li>ombord,<\/li>\n<li>flytande,<\/li>\n<li>varvsindustrin.<\/li>\n<\/ul>\n<p><a class=\"read-more bttn\" href=\"https:\/\/szkolenia-udt.pl\/sv\/kurser\/hds\/\">L\u00e4s mer<\/a><\/p>\n<\/div>\n<div class=\"podzial\">\n<h2>Mont\u00f6r av byggnadsst\u00e4llningar - UDT-utbildning<\/h2>\n<p><a href=\"https:\/\/szkolenia-udt.pl\/wp-content\/uploads\/2022\/05\/D25_142_240_1200.jpg\"><img loading=\"lazy\" decoding=\"async\" class=\"size-medium wp-image-2786 alignright\" src=\"https:\/\/szkolenia-udt.pl\/wp-content\/uploads\/2022\/05\/D25_142_240_1200-300x200.jpg\" alt=\"\" width=\"300\" height=\"200\" srcset=\"https:\/\/szkolenia-udt.pl\/wp-content\/uploads\/2022\/05\/D25_142_240_1200-300x200.jpg 300w, https:\/\/szkolenia-udt.pl\/wp-content\/uploads\/2022\/05\/D25_142_240_1200-1024x683.jpg 1024w, https:\/\/szkolenia-udt.pl\/wp-content\/uploads\/2022\/05\/D25_142_240_1200-768x512.jpg 768w, https:\/\/szkolenia-udt.pl\/wp-content\/uploads\/2022\/05\/D25_142_240_1200.jpg 1200w\" sizes=\"auto, (max-width: 300px) 100vw, 300px\" \/><\/a>Kom till v\u00e5rt center f\u00f6r utbildning i st\u00e4llningsmontering, hos oss f\u00e5r du kunskaper och f\u00e4rdigheter som \u00e4r anv\u00e4ndbara n\u00e4r du arbetar i den h\u00e4r positionen. Tack vare oss f\u00e5r du l\u00e4ra dig:<\/p>\n<ul>\n<li>Regler f\u00f6r montering av metallst\u00e4llningar,<\/li>\n<li>Principer f\u00f6r montering av st\u00e5lr\u00f6rs- och systemst\u00e4llningar,<\/li>\n<li>Regler f\u00f6r nedmontering av byggnadsst\u00e4llningar.<\/li>\n<\/ul>\n<p><a class=\"read-more bttn\" href=\"https:\/\/szkolenia-udt.pl\/sv\/kurser\/stallningsbyggare\/\">L\u00e4s mer<\/a><\/p>\n<\/div>\n<\/div>\n<div class=\"roww\">\n<div class=\"podzial\">\n<h2>Utbildning f\u00f6r UDT-auktorisation<\/h2>\n<p>Vi vill bjuda in dig till v\u00e5rt center f\u00f6r att delta i kurser p\u00e5 utrustning som kr\u00e4ver UDT-licens. Tack vare v\u00e5r personals erfarenhet och kunskap ska provet bara vara en formalitet som g\u00f6r att du kan b\u00f6rja arbeta som f\u00f6rare av n\u00e5gon av de apparater som anges nedan:<\/p>\n<ul>\n<li><a href=\"https:\/\/szkolenia-udt.pl\/wp-content\/uploads\/2021\/08\/szkolenia-udt.pl-0014-OPUBLIKOWANY-v11.jpg\"><img loading=\"lazy\" decoding=\"async\" class=\"alignright wp-image-2495 size-medium\" src=\"https:\/\/szkolenia-udt.pl\/wp-content\/uploads\/2021\/08\/szkolenia-udt.pl-0014-OPUBLIKOWANY-v11-300x200.jpg\" alt=\"UDT-underh\u00e5llaren utf\u00f6r reparationer p\u00e5 arbetsplattformen och iakttar h\u00e4lso- och s\u00e4kerhetsregler samt f\u00f6reskrifter f\u00f6r teknisk \u00f6vervakning\" width=\"300\" height=\"200\" srcset=\"https:\/\/szkolenia-udt.pl\/wp-content\/uploads\/2021\/08\/szkolenia-udt.pl-0014-OPUBLIKOWANY-v11-300x200.jpg 300w, https:\/\/szkolenia-udt.pl\/wp-content\/uploads\/2021\/08\/szkolenia-udt.pl-0014-OPUBLIKOWANY-v11-1024x683.jpg 1024w, https:\/\/szkolenia-udt.pl\/wp-content\/uploads\/2021\/08\/szkolenia-udt.pl-0014-OPUBLIKOWANY-v11-768x512.jpg 768w, https:\/\/szkolenia-udt.pl\/wp-content\/uploads\/2021\/08\/szkolenia-udt.pl-0014-OPUBLIKOWANY-v11.jpg 1200w\" sizes=\"auto, (max-width: 300px) 100vw, 300px\" \/><\/a>vinschar och lyftanordningar,<\/li>\n<li>kranar,<\/li>\n<li>station\u00e4ra kranar,<\/li>\n<li>mobilkranar,<\/li>\n<li>torn- och h\u00f6ghastighetskranar,<\/li>\n<li>mobila och portabla kranar,<\/li>\n<li>stapelkranar,<\/li>\n<li>frakthissar,<\/li>\n<li>fartygshissar,<\/li>\n<li>mobila plattformar,<\/li>\n<li>station\u00e4ra mobila plattformar,<\/li>\n<li>mobila plattformar med mast,<\/li>\n<li>lyftvagnar,<\/li>\n<li>byggkranar,<\/li>\n<li>varu- och passagerarlyftar.<\/li>\n<\/ul>\n<p><a class=\"read-more bttn\" href=\"https:\/\/szkolenia-udt.pl\/sv\/kurser\/udt-rattigheter-tdt-wdt\/\">L\u00e4s mer<\/a><\/p>\n<\/div>\n<div class=\"podzial\">\n<h2>Svetskurser<\/h2>\n<p><a href=\"https:\/\/szkolenia-udt.pl\/wp-content\/uploads\/2022\/01\/spawanie_szkoleniaudt.jpg\"><img loading=\"lazy\" decoding=\"async\" class=\"size-medium wp-image-2584 alignright\" src=\"https:\/\/szkolenia-udt.pl\/wp-content\/uploads\/2022\/01\/spawanie_szkoleniaudt-300x200.jpg\" alt=\"En teknik f\u00f6r att sammanfoga metall med hj\u00e4lp av tr\u00e5d som bindemedel.\" width=\"300\" height=\"200\" srcset=\"https:\/\/szkolenia-udt.pl\/wp-content\/uploads\/2022\/01\/spawanie_szkoleniaudt-300x200.jpg 300w, https:\/\/szkolenia-udt.pl\/wp-content\/uploads\/2022\/01\/spawanie_szkoleniaudt-1024x683.jpg 1024w, https:\/\/szkolenia-udt.pl\/wp-content\/uploads\/2022\/01\/spawanie_szkoleniaudt-768x512.jpg 768w, https:\/\/szkolenia-udt.pl\/wp-content\/uploads\/2022\/01\/spawanie_szkoleniaudt.jpg 1483w\" sizes=\"auto, (max-width: 300px) 100vw, 300px\" \/><\/a>Kom till v\u00e5rt center f\u00f6r en svetskurs som ger dig de kunskaper och f\u00e4rdigheter som hj\u00e4lper dig att f\u00e5 ett jobb i den h\u00e4r positionen. Hos oss l\u00e4r du dig inte bara att svetsa, utan ocks\u00e5 att l\u00f6da och svetsa. I v\u00e5rt erbjudande:<\/p>\n<p><strong>Svetsning:\u00a0\u00a0<\/strong><\/p>\n<ul>\n<li>MIG\/MAG,<\/li>\n<li>TIG,<\/li>\n<li>MMA,<\/li>\n<li>SAW,<\/li>\n<li>plasmasvetsning,.<\/li>\n<\/ul>\n<p><strong>Svetsning:\u00a0\u00a0<\/strong><\/p>\n<ul>\n<li>elektrofusion,<\/li>\n<li>bak\u00e4ndan.<\/li>\n<\/ul>\n<p><strong>L\u00f6dning:\u00a0\u00a0<\/strong><\/p>\n<ul>\n<li>mjuk,<\/li>\n<li>H\u00c5RT.<\/li>\n<\/ul>\n<p><a class=\"read-more bttn\" href=\"https:\/\/szkolenia-udt.pl\/sv\/kurser\/svetsning\/\">L\u00e4s mer<\/a><\/p>\n<\/div>\n<\/div>\n<div class=\"roww\">\n<div class=\"podzial\">\n<h2>Fl\u00e4nsf\u00f6rbindelser - kurser<\/h2>\n<p>Kom till v\u00e5rt center f\u00f6r en kurs d\u00e4r du f\u00e5r l\u00e4ra dig hur man monterar fl\u00e4nsf\u00f6rband p\u00e5 r\u00e4tt s\u00e4tt. Den \u00f6kande efterfr\u00e5gan p\u00e5 denna typ av arbete inneb\u00e4r att det beh\u00f6vs kvalificerade specialister p\u00e5 omr\u00e5det. Kurserna genomf\u00f6rs i enlighet med PN EN 1591-4.<\/p>\n<p><a class=\"read-more bttn\" href=\"https:\/\/szkolenia-udt.pl\/sv\/kurser\/udt-rattigheter-tdt-wdt\/flansanslutningar-montering\/\">L\u00e4s mer<\/a><\/p>\n<\/div>\n<div class=\"podzial\">\n<h2>Regelbunden utbildning i h\u00e4lsa och s\u00e4kerhet p\u00e5 arbetsplatsen.<\/h2>\n<p><a href=\"https:\/\/szkolenia-udt.pl\/wp-content\/uploads\/2022\/06\/oso.edu_.pl-84-91-0K2A8465.jpg\"><img loading=\"lazy\" decoding=\"async\" class=\"alignright\" src=\"https:\/\/szkolenia-udt.pl\/wp-content\/uploads\/2022\/06\/oso.edu_.pl-84-91-0K2A8465-300x200.jpg\" alt=\"\" width=\"300\" height=\"200\" \/><\/a>Alla arbetsgivare \u00e4r skyldiga att tillhandah\u00e5lla adekvat h\u00e4lso- och s\u00e4kerhetsutbildning f\u00f6r sina anst\u00e4llda. Ut\u00f6ver den grundutbildning som en anst\u00e4lld m\u00e5ste f\u00e5 n\u00e4r han eller hon b\u00f6rjar arbeta, b\u00f6r varje anst\u00e4lld f\u00e5 en periodisk utbildning med n\u00e5gra \u00e5rs mellanrum.<\/p>\n<ul>\n<li>F\u00f6r personal inom h\u00e4lsa och s\u00e4kerhet<\/li>\n<li>F\u00f6r arbetsgivare<\/li>\n<li>F\u00f6r arbetare<\/li>\n<li>F\u00f6r ingenj\u00f6rer och teknisk personal<\/li>\n<\/ul>\n<p><a class=\"read-more bttn\" href=\"https:\/\/szkolenia-udt.pl\/sv\/kurser\/brand-och-sakerhet\/riskfyllt-arbete\/\">L\u00e4s mer<\/a><\/p>\n<\/div>\n<\/div>\n<div class=\"roww\">\n<div class=\"podzial\">\n<h2>Lastkranar<\/h2>\n<p>Kranar, som vanligtvis kallas hissar, anv\u00e4nds f\u00f6r att flytta varor eller personer vertikalt. De f\u00f6rv\u00e4xlas ofta med hela den grupp kranar som de ing\u00e5r i. Det kr\u00e4vs s\u00e4rskild UDT-utbildning f\u00f6r att anv\u00e4nda en kran. Typer av kranar:<\/p>\n<ul>\n<li>axel (hissar)<\/li>\n<li>cirkul\u00e4r<\/li>\n<li>vertikal konstruktion<\/li>\n<li>port<\/li>\n<li>lutande<\/li>\n<\/ul>\n<p><a class=\"read-more bttn\" href=\"https:\/\/szkolenia-udt.pl\/sv\/kurser\/udt-rattigheter-tdt-wdt\/\">L\u00e4s mer<\/a><\/p>\n<\/div>\n<div class=\"podzial\">\n<h2>Kurser G1, G2, G3<\/h2>\n<p><a href=\"https:\/\/szkolenia-udt.pl\/wp-content\/uploads\/2017\/12\/SEP_2016-1030x687.jpg\"><img loading=\"lazy\" decoding=\"async\" class=\"size-medium wp-image-1943 alignright\" src=\"https:\/\/szkolenia-udt.pl\/wp-content\/uploads\/2017\/12\/SEP_2016-1030x687-300x200.jpg\" alt=\"\" width=\"300\" height=\"200\" srcset=\"https:\/\/szkolenia-udt.pl\/wp-content\/uploads\/2017\/12\/SEP_2016-1030x687-300x200.jpg 300w, https:\/\/szkolenia-udt.pl\/wp-content\/uploads\/2017\/12\/SEP_2016-1030x687-768x512.jpg 768w, https:\/\/szkolenia-udt.pl\/wp-content\/uploads\/2017\/12\/SEP_2016-1030x687-1024x683.jpg 1024w, https:\/\/szkolenia-udt.pl\/wp-content\/uploads\/2017\/12\/SEP_2016-1030x687.jpg 1030w\" sizes=\"auto, (max-width: 300px) 100vw, 300px\" \/><\/a>Vi h\u00e5ller kurser som f\u00f6rbereder dig f\u00f6r prov inf\u00f6r SEP-, PSE-, SIMP-, SITPS-kommissioner i kategorierna G1, G2 och G3 - om du vill f\u00e5 tillst\u00e5nd upp till 1 kV eller h\u00f6gre erbjuder v\u00e5rt center en omfattande och professionell tj\u00e4nst.  Tillsammans med oss kan du \u00e4nnu enklare f\u00e5 tillst\u00e5nd fr\u00e5n SEP, PSE, SIMP, SITPS f\u00f6r kategorierna G1 - el, G2 - v\u00e4rme och G3 - gas. Tillst\u00e5nden g\u00f6r att du kan arbeta med:<\/p>\n<div style=\"float: left; width: 50%;\">\n<p>G1:<\/p>\n<ul>\n<li>generatorisk utrustning<\/li>\n<li>utrustning f\u00f6r elektrolys<\/li>\n<li>elektrotermisk utrustning<\/li>\n<li>Kontroll- och m\u00e4tutrustning.<\/li>\n<\/ul>\n<p>G2:<\/p>\n<ul>\n<li>\u00e5ng- och vattenpannor<\/li>\n<li>pumpar och fl\u00e4ktar<\/li>\n<li>kompressorer<\/li>\n<li>termiska installationer<\/li>\n<\/ul>\n<\/div>\n<div style=\"float: left; width: 50%;\">\n<p>G3:<\/p>\n<ul>\n<li>Gasturbiner.<\/li>\n<li>lagringsutrymmen<\/li>\n<li>utrustning f\u00f6r framst\u00e4llning av gasformiga br\u00e4nslen<\/li>\n<\/ul>\n<\/div>\n<div style=\"clear: both;\"><a class=\"read-more bttn\" href=\"https:\/\/szkolenia-udt.pl\/sv\/kurser\/sep-g1-g2-g3\/\">L\u00e4s mer<\/a><\/div>\n<\/div>\n<\/div>\n<div class=\"roww\">\n<div class=\"podzial\">\n<h2>F\u00f6rs\u00e4ljning av utrustning<\/h2>\n<p>Vi uppmanar dig att kontrollera v\u00e5rt f\u00f6rs\u00e4ljningserbjudande<\/p>\n<ul>\n<li>HDS-kranar,<\/li>\n<li>gaffeltruckar,<\/li>\n<li>saxliftar och arbetsplattformar,<\/li>\n<li>Teleskoplastare.<\/li>\n<\/ul>\n<p>Vi s\u00e4ljer utrustning fr\u00e5n v\u00e4rldens mest popul\u00e4ra varum\u00e4rken till konkurrenskraftiga priser<\/p>\n<ul>\n<li>Linde,<\/li>\n<li>Haulotte,<\/li>\n<li>Genie,<\/li>\n<li>Manitou,<\/li>\n<li>JLG,<\/li>\n<li>Fortfarande,<\/li>\n<li>Toyota,<\/li>\n<li>Jungheinrich.<\/li>\n<\/ul>\n<\/div>\n<div class=\"podzial\">\n<h2>Underh\u00e5ll av utrustning<\/h2>\n<p>Underh\u00e5ll av den utrustning vi s\u00e4ljer \u00e4r av st\u00f6rsta vikt f\u00f6r att f\u00f6rl\u00e4nga dess livsl\u00e4ngd och s\u00e4kerst\u00e4lla m\u00e5nga \u00e5rs felfri drift. Priset f\u00f6r underh\u00e5ll av utrustning \u00e4r mycket l\u00e4gre \u00e4n de kostnader som ett pl\u00f6tsligt haveri kan orsaka. V\u00e5rt f\u00f6retag erbjuder reparations- och underh\u00e5llstj\u00e4nster f\u00f6r den tidigare n\u00e4mnda utrustningen, och dessutom hanterar vi \u00e4ven kranar och andra typer av mobila plattformar. Tack vare oss kommer din utrustning att fungera som ny!<\/p>\n<ul>\n<li>JLG,<\/li>\n<li>Fortfarande,<\/li>\n<li>Toyota,<\/li>\n<li>Haulotte,<\/li>\n<li>Genie,<\/li>\n<li>Manitou,<\/li>\n<li>Linde,<\/li>\n<li>Jungheinrich.<\/li>\n<\/ul>\n<\/div>\n<\/div>\n<div class=\"wyjustuj fullekran\">\n<h2 style=\"text-align: center;\">Kolla in detaljerna i v\u00e5rt erbjudande nu och anm\u00e4l dig till en kurs p\u00e5 OSO Operator Training Centre!<\/h2>\n<div>\n<p>Utbildning online<\/p>\n<p>K\u00e4ra herrar,<\/p>\n<p>CSO genomf\u00f6r #BHP #UDT #TDT #SEP utbildning med hj\u00e4lp av modern teknik och Internet, i form av online, dvs. e-l\u00e4rande och webbinarier - ljud- och bild\u00f6verf\u00f6ring i realtid.<\/p>\n<p>V\u00e5ra e-kurser #UDT #TDT #SEP #BHP och #Heights inom byggtilltr\u00e4de, samt f\u00f6r #Hooks eller #Sygnalists finns tillg\u00e4ngliga p\u00e5 webbplatsen.<\/p>\n<p><a class=\"read-more bttn\" href=\"\/sv\/e-priser\/\">L\u00e4s mer<\/a><\/p>\n<\/div>\n<\/div>","protected":false},"excerpt":{"rendered":"<p>W\u00f3zki wid\u0142owe &#8211; zdob\u0105d\u017a uprawnienia UDT! Uprawnienia na w\u00f3zki wid\u0142owe s\u0105 jednymi z najcz\u0119\u015bciej poszukiwanych kurs\u00f3w, z nami otrzymasz kompleksow\u0105 wiedz\u0119 i umiej\u0119tno\u015bci, dzi\u0119ki kt\u00f3rym zdasz egzamin UDT. W naszej ofercie znajdziesz kursy na w\u00f3zki wid\u0142owe i \u0142adowarki teleskopowe oraz pokrewne urz\u0105dzenia w tym: wysokiego sk\u0142adowania, podno\u015bnikowe, unosz\u0105ce operatora i \u0142adunek, ze zmiennym wysi\u0119giem, \u0142adowarki [&hellip;]<\/p>\n","protected":false},"author":3,"featured_media":0,"parent":0,"menu_order":0,"comment_status":"closed","ping_status":"closed","template":"template-home.php","meta":{"footnotes":""},"class_list":["post-2973","page","type-page","status-publish","hentry"],"aioseo_notices":[],"_links":{"self":[{"href":"https:\/\/szkolenia-udt.pl\/sv\/wp-json\/wp\/v2\/pages\/2973","targetHints":{"allow":["GET"]}}],"collection":[{"href":"https:\/\/szkolenia-udt.pl\/sv\/wp-json\/wp\/v2\/pages"}],"about":[{"href":"https:\/\/szkolenia-udt.pl\/sv\/wp-json\/wp\/v2\/types\/page"}],"author":[{"embeddable":true,"href":"https:\/\/szkolenia-udt.pl\/sv\/wp-json\/wp\/v2\/users\/3"}],"replies":[{"embeddable":true,"href":"https:\/\/szkolenia-udt.pl\/sv\/wp-json\/wp\/v2\/comments?post=2973"}],"version-history":[{"count":14,"href":"https:\/\/szkolenia-udt.pl\/sv\/wp-json\/wp\/v2\/pages\/2973\/revisions"}],"predecessor-version":[{"id":5728,"href":"https:\/\/szkolenia-udt.pl\/sv\/wp-json\/wp\/v2\/pages\/2973\/revisions\/5728"}],"wp:attachment":[{"href":"https:\/\/szkolenia-udt.pl\/sv\/wp-json\/wp\/v2\/media?parent=2973"}],"curies":[{"name":"wp","href":"https:\/\/api.w.org\/{rel}","templated":true}]}}