{"id":3004,"date":"2022-07-06T01:28:27","date_gmt":"2022-07-05T23:28:27","guid":{"rendered":"https:\/\/szkolenia-udt.pl\/?page_id=3004"},"modified":"2023-03-24T19:16:44","modified_gmt":"2023-03-24T18:16:44","slug":"praktisk-utbildning-i-bergsklattring","status":"publish","type":"page","link":"https:\/\/szkolenia-udt.pl\/sv\/kursy\/prace-wysokosciowe\/prace-alpinistyczne-szkolenie-praktyczne\/","title":{"rendered":"Kl\u00e4tterarbete - praktisk tr\u00e4ning"},"content":{"rendered":"<h2 class=\"wp-block-heading\"><strong>Industriell kl\u00e4ttrare - hur blir man det?<\/strong>\u00a0<\/h2>\n\n\n\n<p>Jobbet som industrikl\u00e4ttrare blir alltmer popul\u00e4rt och yrket blir alltmer efterfr\u00e5gat.<a href=\"https:\/\/szkolenia-udt.pl\/wp-content\/uploads\/2022\/04\/bac0663d5b51544f4e23fcf9a15c377b.jpg\"><img loading=\"lazy\" decoding=\"async\" title=\"Utbildning f\u00f6r organisationer i det civila samh\u00e4llet\" width=\"225\" height=\"300\" class=\"alignright\" src=\"https:\/\/szkolenia-udt.pl\/wp-content\/uploads\/2022\/04\/bac0663d5b51544f4e23fcf9a15c377b-225x300.jpg\" alt=\"Utbildning f\u00f6r organisationer i det civila samh\u00e4llet\"><\/a> p\u00e5 arbetsmarknaden. Det kr\u00e4vs mod och professionalism f\u00f6r att g\u00f6ra det. Det \u00e4r inget jobb f\u00f6r m\u00e4nniskor med svaga nerver. N\u00e4r allt kommer omkring kan h\u00f6jder vara mycket imponerande. En person med h\u00f6jdr\u00e4dsla klarar det definitivt inte. P\u00e5 h\u00f6g h\u00f6jd kan man g\u00f6ra m\u00e5nga olika saker, till exempel putsa f\u00f6nster i kontorsbyggnader, arbeta p\u00e5 oljeriggar och olika typer av montering. F\u00f6r att kunna arbeta p\u00e5 h\u00f6g h\u00f6jd kr\u00e4vs specialiserad utbildning, och d\u00e4rf\u00f6r inbjuder vi dig att delta i en kurs som anordnas av <a href=\"https:\/\/szkolenia-udt.pl\/sv\/o-firmie\/\">OSO Operat\u00f6rsutbildningscenter<\/a>.\u00a0<\/p>\n\n\n\n<h2 class=\"wp-block-heading\"><strong>Utforska CSO-utbildning<\/strong>&nbsp;<\/h2>\n\n\n\n<p>Operator Training Centre har utbildat yrkesverksamma i m\u00e5nga \u00e5r. Genom att arbeta med v\u00e5r anl\u00e4ggning kan du effektivt f\u00f6rv\u00e4rva bland annat f\u00f6ljande. <a href=\"https:\/\/szkolenia-udt.pl\/sv\/kursy\/prace-wysokosciowe\/kurs-alpinistyczny\/\">kvalifikationer f\u00f6r bergskl\u00e4ttring<\/a>.\u00a0<\/p>\n\n\n\n<h2 class=\"wp-block-heading\"><strong>Kategorier av arbete p\u00e5 h\u00f6g h\u00f6jd<\/strong>&nbsp;<\/h2>\n\n\n\n<p>Det finns tv\u00e5 kategorier av arbete p\u00e5 h\u00f6g h\u00f6jd:&nbsp;<\/p>\n\n\n\n<ul class=\"wp-block-list\">\n<li>Tilltr\u00e4de med rep,&nbsp;<\/li>\n\n\n\n<li>tilltr\u00e4de till byggnaden.&nbsp;<\/li>\n<\/ul>\n\n\n\n<h2 class=\"wp-block-heading\"><strong>Utbildningens omfattning<\/strong>&nbsp;<\/h2>\n\n\n\n<p>F\u00f6ljande information ges under utbildningen:&nbsp;<\/p>\n\n\n\n<ul class=\"dwiekolumny wp-block-list\">\n<li>typer av hot,&nbsp;<\/li>\n\n\n\n<li>Individuell och kollektiv s\u00e4kring,\u00a0<\/li>\n\n\n\n<li>h\u00e4lso- och s\u00e4kerhetskrav,&nbsp;<\/li>\n\n\n\n<li>r\u00e4ttsliga krav,&nbsp;<\/li>\n\n\n\n<li>r\u00e4ddningsteknik,&nbsp;<\/li>\n\n\n\n<li>praktiska f\u00e4rdigheter,&nbsp;<\/li>\n\n\n\n<li>verkets egenskaper.&nbsp;<\/li>\n<\/ul>\n\n\n\n<p>Efter avslutad kurs f\u00e5r deltagaren ett certifikat som g\u00f6r det m\u00f6jligt att arbeta p\u00e5 h\u00f6g h\u00f6jd i tre \u00e5r. D\u00e4refter m\u00e5ste man g\u00e5 en s\u00e5 kallad repetitionskurs.&nbsp;<\/p>\n\n\n\n<div class=\"filmw\">\n<div class=\"responsive-youtube\"><iframe loading=\"lazy\" title=\"YouTube-videospelare\" src=\"https:\/\/www.youtube.com\/embed\/QcT4h2Z50M0\" width=\"560\" height=\"315\" frameborder=\"0\" allowfullscreen=\"allowfullscreen\"><\/iframe><\/div>\n<\/div>\n\n\n\n<h2 class=\"wp-block-heading\"><strong>Arbetsuppgifter f\u00f6r en industrikl\u00e4ttrare<\/strong>&nbsp;<\/h2>\n\n\n\n<p>Vi f\u00f6rknippar bergskl\u00e4ttring fr\u00e4mst med att bestiga berg. Kunskaperna och f\u00e4rdigheterna kan dock ocks\u00e5 vara anv\u00e4ndbara i ett specifikt arbete. Kl\u00e4ttrare kan ocks\u00e5 anlitas f\u00f6r renoverings-, reparations-, st\u00e4d- och takarbeten. Det kr\u00e4vs specialutrustning och anv\u00e4ndning av repteknik. En industrikl\u00e4ttrare kan utf\u00f6ra:\u00a0<\/p>\n\n\n\n<ul class=\"dwiekolumny wp-block-list\">\n<li>f\u00e4llning av tr\u00e4d,&nbsp;<\/li>\n\n\n\n<li>reparation av h\u00e4ngr\u00e4nnor,&nbsp;<\/li>\n\n\n\n<li>reng\u00f6ring av fasader,&nbsp;<\/li>\n\n\n\n<li>svetstj\u00e4nster,&nbsp;<\/li>\n\n\n\n<li>verksamhet i slutna utrymmen,&nbsp;<\/li>\n\n\n\n<li>r\u00f6rkoppling,&nbsp;<\/li>\n\n\n\n<li>sn\u00f6r\u00f6jning fr\u00e5n tak.&nbsp;<\/li>\n<\/ul>\n\n\n\n<p>En industrikl\u00e4ttrare m\u00e5ste ocks\u00e5 ha manuella f\u00e4rdigheter och kunna hantera grundl\u00e4ggande verktyg. Erfarenhet av kl\u00e4ttring \u00e4r ocks\u00e5 mycket viktigt i detta yrke, liksom en passionerad inst\u00e4llning till arbetet.\u00a0\u00a0<\/p>\n\n\n\n<h2 class=\"wp-block-heading\"><strong>Kombinera passion med bra l\u00f6n<\/strong>&nbsp;<\/h2>\n\n\n\n<p>L\u00f6nerna f\u00f6r industrikl\u00e4ttrare \u00e4r attraktiva b\u00e5de i Polen och utomlands. Industriell bergskl\u00e4ttring kan ut\u00f6vas av b\u00e5de m\u00e4n och kvinnor. Den mest aktiva arbetss\u00e4songen f\u00f6r en industrikl\u00e4ttrare \u00e4r sommaren, p\u00e5 grund av gynnsamma v\u00e4derf\u00f6rh\u00e5llanden. M\u00e5nga kl\u00e4ttrare arbetar dock \u00e4ven p\u00e5 vintern, till exempel n\u00e4r de r\u00f6jer sn\u00f6 fr\u00e5n tak eller putsar f\u00f6nster.\u00a0\u00a0<\/p>\n\n\n\n<figure class=\"wp-block-video\"><video controls poster=\"https:\/\/szkolenia-udt.pl\/wp-content\/uploads\/2023\/03\/okladka-alpinista-OSO.jpg\" src=\"https:\/\/szkolenia-udt.pl\/wp-content\/uploads\/2023\/03\/wspinacz-SZKOLENIA-UDT.PL-OSO.mp4\"><\/video><\/figure>\n\n\n\n<h2 class=\"wp-block-heading\"><strong>Specifika uppgifter om arbetet som industrikl\u00e4ttrare<\/strong><\/h2>\n\n\n\n<h4 class=\"wp-block-heading\"><strong>I yrket som industrikl\u00e4ttrare \u00e4r f\u00f6ljande mycket viktigt:<\/strong>&nbsp;<\/h4>\n\n\n\n<ul class=\"dwiekolumny wp-block-list\">\n<li>arbetss\u00e4kerhet,&nbsp;<\/li>\n\n\n\n<li>uth\u00e5llighet,&nbsp;<\/li>\n\n\n\n<li>styrka,&nbsp;<\/li>\n\n\n\n<li>att bli vuxen,&nbsp;<\/li>\n\n\n\n<li>erfarenhet av kl\u00e4ttring.&nbsp;<\/li>\n<\/ul>\n\n\n\n<p>Industrikl\u00e4ttrare \u00e4r h\u00e5rda yrkesm\u00e4n som utf\u00f6r sitt arbete med stort ansvar. Yrket \u00e4r kr\u00e4vande, men verkligen givande. Arbetet utf\u00f6rs av utvalda specialister.&nbsp;<\/p>\n\n\n\n<h4 class=\"wp-block-heading\"><strong>Viktigt f\u00f6r en bergskl\u00e4ttrare \u00e4r bland annat f\u00f6ljande:<\/strong>&nbsp;<\/h4>\n\n\n\n<ul class=\"wp-block-list\">\n<li>fysisk f\u00f6rberedelse,&nbsp;<\/li>\n\n\n\n<li>mental f\u00f6rberedelse,&nbsp;<\/li>\n\n\n\n<li>erfarenhet av kl\u00e4ttring.&nbsp;<\/li>\n<\/ul>\n\n\n\n<p>Det b\u00f6r noteras att de strukturer som industrikl\u00e4ttrare arbetar p\u00e5 blir allt h\u00f6gre. Arbete p\u00e5 h\u00f6g h\u00f6jd utf\u00f6rs av f\u00f6retr\u00e4dare f\u00f6r moderna f\u00f6retag. En industrikl\u00e4ttrare arbetar inom mycket olika industriomr\u00e5den. Han eller hon kan serva kraftledningar, utf\u00f6ra inspektioner av telekommunikationsantenner och \u00e4ven arbeta p\u00e5 oljeriggar.\u00a0\u00a0<\/p>\n\n\n\n<h2 class=\"wp-block-heading\"><strong>Krav p\u00e5 praktikanter<\/strong>&nbsp;<\/h2>\n\n\n\n<p>F\u00f6r att delta i utbildningen m\u00e5ste du uppfylla f\u00f6ljande krav:&nbsp;&nbsp;<\/p>\n\n\n\n<ul class=\"wp-block-list\">\n<li>vara minst 18 \u00e5r gammal, &nbsp;<\/li>\n\n\n\n<li>inga h\u00e4lsorelaterade kontraindikationer f\u00f6r att arbeta.\u00a0<a href=\"https:\/\/szkolenia-udt.pl\/wp-content\/uploads\/2022\/04\/26-27767.png\"><img loading=\"lazy\" decoding=\"async\" title=\"Utbildning f\u00f6r organisationer i det civila samh\u00e4llet\" width=\"300\" height=\"287\" class=\"alignright\" src=\"https:\/\/szkolenia-udt.pl\/wp-content\/uploads\/2022\/04\/26-27767-300x287.png\" alt=\"Utbildning f\u00f6r organisationer i det civila samh\u00e4llet\"><\/a><\/li>\n\n\n\n<li>Minst grundskoleutbildning,&nbsp;<\/li>\n<\/ul>\n\n\n\n<h2 class=\"wp-block-heading\"><strong>Kostnad f\u00f6r utbildning<\/strong>&nbsp;<\/h2>\n\n\n\n<p>Priserna f\u00f6r bergskl\u00e4ttringsutbildningar \u00e4r mycket attraktiva och mycket l\u00e4gre j\u00e4mf\u00f6rt med konkurrenterna. N\u00e4r det g\u00e4ller slutna kurser f\u00f6r st\u00f6rre organiserade grupper erbjuds s\u00e4rskilda rabatter. V\u00e4lkommen att kontakta oss f\u00f6r att f\u00e5 veta mer om <a href=\"https:\/\/szkolenia-udt.pl\/sv\/oferta\/\">fullst\u00e4ndigt erbjudande<\/a> <a href=\"https:\/\/szkolenia-udt.pl\/sv\/kursy\/\">v\u00e5ra utbildningar<\/a> och anm\u00e4l dig till ett urval av dem! Vi erbjuder attraktiva priser, erfarna mentorer och ett beh\u00f6righetsintyg!\u00a0\u00a0<\/p>","protected":false},"excerpt":{"rendered":"<p>Alpinista przemys\u0142owy \u2013 jak nim zosta\u0107?\u00a0 Praca alpinisty przemys\u0142owego staje si\u0119 coraz popularniejsza, a zaw\u00f3d ten jest coraz bardziej poszukiwany na rynku pracy. Do jego wykonywania potrzebna jest odwaga i profesjonalizm. Nie jest to praca dla ludzi o s\u0142abych nerwach. Wysoko\u015bci mog\u0105 by\u0107 bowiem bardzo imponuj\u0105ce. Osoba z l\u0119kiem wysoko\u015bci z pewno\u015bci\u0105 sobie nie poradzi. [&hellip;]<\/p>\n","protected":false},"author":10,"featured_media":2659,"parent":1874,"menu_order":0,"comment_status":"closed","ping_status":"closed","template":"","meta":{"footnotes":""},"class_list":["post-3004","page","type-page","status-publish","has-post-thumbnail","hentry"],"aioseo_notices":[],"_links":{"self":[{"href":"https:\/\/szkolenia-udt.pl\/sv\/wp-json\/wp\/v2\/pages\/3004","targetHints":{"allow":["GET"]}}],"collection":[{"href":"https:\/\/szkolenia-udt.pl\/sv\/wp-json\/wp\/v2\/pages"}],"about":[{"href":"https:\/\/szkolenia-udt.pl\/sv\/wp-json\/wp\/v2\/types\/page"}],"author":[{"embeddable":true,"href":"https:\/\/szkolenia-udt.pl\/sv\/wp-json\/wp\/v2\/users\/10"}],"replies":[{"embeddable":true,"href":"https:\/\/szkolenia-udt.pl\/sv\/wp-json\/wp\/v2\/comments?post=3004"}],"version-history":[{"count":9,"href":"https:\/\/szkolenia-udt.pl\/sv\/wp-json\/wp\/v2\/pages\/3004\/revisions"}],"predecessor-version":[{"id":4672,"href":"https:\/\/szkolenia-udt.pl\/sv\/wp-json\/wp\/v2\/pages\/3004\/revisions\/4672"}],"up":[{"embeddable":true,"href":"https:\/\/szkolenia-udt.pl\/sv\/wp-json\/wp\/v2\/pages\/1874"}],"wp:featuredmedia":[{"embeddable":true,"href":"https:\/\/szkolenia-udt.pl\/sv\/wp-json\/wp\/v2\/media\/2659"}],"wp:attachment":[{"href":"https:\/\/szkolenia-udt.pl\/sv\/wp-json\/wp\/v2\/media?parent=3004"}],"curies":[{"name":"wp","href":"https:\/\/api.w.org\/{rel}","templated":true}]}}