{"id":3016,"date":"2022-07-07T15:48:56","date_gmt":"2022-07-07T13:48:56","guid":{"rendered":"https:\/\/szkolenia-udt.pl\/?page_id=3016"},"modified":"2023-03-26T12:35:35","modified_gmt":"2023-03-26T10:35:35","slug":"rokare-kurs","status":"publish","type":"page","link":"https:\/\/szkolenia-udt.pl\/sv\/kursy\/sep-g1-g2-g3\/kurs-palacza\/","title":{"rendered":"Kurs f\u00f6r r\u00f6kare av centralv\u00e4rmeugnar och pannor"},"content":{"rendered":"<h2 class=\"wp-block-heading\"><strong>Utbilda dig med hj\u00e4lp av civilsamh\u00e4llesorganisationer!<\/strong><\/h2>\n\n\n\n<p>Har du funderat p\u00e5 att ut\u00f6ka dina kvalifikationer och bli kvalificerad f\u00f6r en ny tj\u00e4nst? Eller har ni brist p\u00e5 kvalificerad arbetskraft? Nu kan du byta yrke eller utbilda ditt team tillsammans med OSO Operator Training Centre genom att anm\u00e4la dig till en valfri kurs fr\u00e5n <a href=\"https:\/\/szkolenia-udt.pl\/sv\/oferta\/\">v\u00e5rt erbjudande<\/a>! Det finns f\u00f6r n\u00e4rvarande ett stort intresse f\u00f6r CO-spis- och pannbr\u00e4nnarkursen, med vilken du kan f\u00e5 de n\u00f6dv\u00e4ndiga kvalifikationerna f\u00f6r jobbet.&nbsp;&nbsp;&nbsp;<\/p>\n\n\n\n<h2 class=\"wp-block-heading\"><strong>Varf\u00f6r kr\u00e4vs det tillst\u00e5nd f\u00f6r att driva v\u00e4rmepannor?<\/strong>&nbsp;<\/h2>\n\n\n<div class=\"wp-block-image\">\n<figure class=\"alignright size-full is-resized\"><a href=\"https:\/\/szkolenia-udt.pl\/wp-content\/uploads\/2022\/07\/CBLE_Dryback_three-quater_1000.jpg\"><img loading=\"lazy\" decoding=\"async\" src=\"https:\/\/szkolenia-udt.pl\/wp-content\/uploads\/2022\/07\/CBLE_Dryback_three-quater_1000.jpg\" alt=\"Kvalificering f\u00f6r CO-pannr\u00f6kare\" class=\"wp-image-3017\" width=\"500\" height=\"500\" srcset=\"https:\/\/szkolenia-udt.pl\/wp-content\/uploads\/2022\/07\/CBLE_Dryback_three-quater_1000.jpg 1000w, https:\/\/szkolenia-udt.pl\/wp-content\/uploads\/2022\/07\/CBLE_Dryback_three-quater_1000-300x300.jpg 300w, https:\/\/szkolenia-udt.pl\/wp-content\/uploads\/2022\/07\/CBLE_Dryback_three-quater_1000-150x150.jpg 150w, https:\/\/szkolenia-udt.pl\/wp-content\/uploads\/2022\/07\/CBLE_Dryback_three-quater_1000-768x768.jpg 768w\" sizes=\"auto, (max-width: 500px) 100vw, 500px\" \/><\/a><\/figure>\n<\/div>\n\n\n<p>I enfamiljshus eller andra byggnader med liten yta installeras pannor med l\u00e5g effekt och deras drift \u00e4r ganska enkel. Det finns dock byggnader, t.ex. sjukhus, hotell eller flerfamiljshus, d\u00e4r en enkel liten panna inte r\u00e4cker till f\u00f6r uppv\u00e4rmningen. P\u00e5 s\u00e5dana platser kommer det att finnas pannor med en kapacitet p\u00e5 mer \u00e4n 50 kW, och det kommer att kr\u00e4vas en G2\/E-kvalifikation f\u00f6r att sk\u00f6ta dem.&nbsp;&nbsp;&nbsp;<\/p>\n\n\n\n<h2 class=\"wp-block-heading\"><strong>Hur ser utbildningen och dess program ut?<\/strong>&nbsp;<\/h2>\n\n\n\n<p>Utbildningsprogrammet \u00e4r utformat f\u00f6r att l\u00e4ra ut fr\u00e5n grunden, s\u00e5 deltagarna grupperas efter samma niv\u00e5 av tidigare f\u00e4rdigheter. Utbildningen best\u00e5r av en teoretisk och en praktisk del och lektionerna leds av kvalificerade och erfarna instrukt\u00f6rer. M\u00e5let med utbildningen \u00e4r att deltagarna ska f\u00f6rv\u00e4rva de kunskaper och f\u00e4rdigheter som kr\u00e4vs f\u00f6r deras arbete. Alla anstr\u00e4ngningar g\u00f6rs f\u00f6r att s\u00e4kerst\u00e4lla att eleven i slutet av kursen \u00e4r redo att ta examen.\u00a0\u00a0<\/p>\n\n\n\n<h4 class=\"wp-block-heading\"><strong>Utbildningsprogrammet omfattar \u00e4mnen relaterade till:<\/strong>&nbsp;<\/h4>\n\n\n\n<ul class=\"dwiekolumny wp-block-list\">\n<li>allm\u00e4nna best\u00e4mmelser och utvalda fr\u00e5gor,&nbsp;<\/li>\n\n\n\n<li>f\u00f6reskrifter om teknisk \u00f6vervakning,&nbsp;<\/li>\n\n\n\n<li>Organisation av arbetet med termisk utrustning,&nbsp;<\/li>\n\n\n\n<li>arbetsuppgifter f\u00f6r en spis f\u00f6r centralv\u00e4rme,&nbsp;<\/li>\n\n\n\n<li>Utvalda kunskaper om v\u00e4rmeteknik,&nbsp;<\/li>\n\n\n\n<li>beslag och material,&nbsp;<\/li>\n\n\n\n<li>Schema \u00f6ver pannrummet f\u00f6r centralv\u00e4rmepannan,&nbsp;<\/li>\n\n\n\n<li>vatten i v\u00e4rmestyrning,&nbsp;<\/li>\n\n\n\n<li>Allm\u00e4n kunskap om \u00e5ng- och vattenpannor,&nbsp;<\/li>\n\n\n\n<li>drift av pannan,&nbsp;<\/li>\n\n\n\n<li>n\u00e4tverk och v\u00e4rmeanl\u00e4ggningar,&nbsp;<\/li>\n\n\n\n<li>industriell \u00e5ng- och varmvattenutrustning,&nbsp;<\/li>\n\n\n\n<li>fasta och flytande br\u00e4nslen,&nbsp;<\/li>\n\n\n\n<li>H\u00e4lso- och s\u00e4kerhetsbest\u00e4mmelser f\u00f6r termisk utrustning och CO-br\u00e4nnare, brandskydd, medicinska n\u00f6dsituationer.&nbsp;<\/li>\n<\/ul>\n\n\n\n<h2 class=\"wp-block-heading\"><strong>Vem kan bli en eldare f\u00f6r centralv\u00e4rmepannor?<\/strong>&nbsp;<\/h2>\n\n\n\n<p>CSO Operator Training Centres erbjudande riktar sig till alla som uppfyller tre grundl\u00e4ggande villkor:&nbsp;&nbsp;<\/p>\n\n\n\n<ul class=\"wp-block-list\">\n<li>minst 18 \u00e5rs \u00e5lder,&nbsp;&nbsp;<\/li>\n\n\n\n<li>Minsta grundskoleutbildning,&nbsp;&nbsp;&nbsp;<\/li>\n\n\n\n<li>inga h\u00e4lsorelaterade kontraindikationer.&nbsp;&nbsp;<\/li>\n<\/ul>\n\n\n\n<p>S\u00e5 l\u00e4nge du har viljan att skaffa dig en ny kvalifikation \u00e4r det tillr\u00e4ckligt f\u00f6r oss att du uppfyller dessa villkor. Om du \u00e4r os\u00e4ker p\u00e5 din h\u00e4lsa beh\u00f6ver du inte oroa dig. N\u00e4r du har anm\u00e4lt dig till kursen, och innan du b\u00f6rjar, kommer du att kallas till en drop-in-unders\u00f6kning f\u00f6r att fastst\u00e4lla din l\u00e4mplighet att arbeta med centralv\u00e4rmespisar och pannor.&nbsp;<\/p>\n\n\n\n<h2 class=\"wp-block-heading\"><strong>Arbetet i en pannan f\u00f6r centralv\u00e4rmepannor<\/strong>&nbsp;<\/h2>\n\n\n\n<p>Deltagandet i utbildningen syftar till att f\u00f6rbereda praktikanten f\u00f6r det arbete som ska utf\u00f6ras i framtiden. Det \u00e4r v\u00e4rt att veta att stokerens uppgift inte bara \u00e4r att f\u00f6rse katterna med br\u00e4nsle, utan ocks\u00e5 att utf\u00f6ra aktiviteter som f\u00f6rb\u00e4ttrar dess funktion. Till hans arbetsuppgifter h\u00f6r bland annat f\u00f6ljande:&nbsp;<\/p>\n\n\n\n<ul class=\"dwiekolumny wp-block-list\">\n<li>Kontroll av driften av utrustning f\u00f6r rening och utsl\u00e4pp av r\u00f6kgaser,&nbsp;<\/li>\n\n\n\n<li>Kontroll av hj\u00e4lputrustning,&nbsp;<\/li>\n\n\n\n<li>Kontroll av kontroll- och m\u00e4tutrustning,\u00a0<\/li>\n\n\n\n<li>S\u00e4kerst\u00e4lla att utrustningen \u00e4r i gott skick,&nbsp;<\/li>\n\n\n\n<li>avl\u00e4sning av specialutrustning,&nbsp;<\/li>\n\n\n\n<li>tryck- och temperatur\u00f6vervakning,&nbsp;<\/li>\n\n\n\n<li>kontroll av t\u00e4theten hos r\u00f6r, kopplingar och v\u00e4rmef\u00f6rs\u00f6rjningsinstallationer,&nbsp;<\/li>\n\n\n\n<li>f\u00f6ra ett register \u00f6ver m\u00e4tv\u00e4rden och m\u00e4tinstrument.&nbsp;<\/li>\n<\/ul>\n\n\n<div class=\"wp-block-image\">\n<figure class=\"alignright size-full is-resized\"><a href=\"https:\/\/szkolenia-udt.pl\/wp-content\/uploads\/2022\/07\/Rotating_Comp1.jpg\"><img loading=\"lazy\" decoding=\"async\" src=\"https:\/\/szkolenia-udt.pl\/wp-content\/uploads\/2022\/07\/Rotating_Comp1.jpg\" alt=\"Typer av v\u00e4rmepannor f\u00f6r centralv\u00e4rme\" class=\"wp-image-3019\" width=\"330\" height=\"220\" srcset=\"https:\/\/szkolenia-udt.pl\/wp-content\/uploads\/2022\/07\/Rotating_Comp1.jpg 660w, https:\/\/szkolenia-udt.pl\/wp-content\/uploads\/2022\/07\/Rotating_Comp1-300x200.jpg 300w\" sizes=\"auto, (max-width: 330px) 100vw, 330px\" \/><\/a><\/figure>\n<\/div>\n\n\n<h2 class=\"wp-block-heading\">&nbsp;<strong>Pannor och deras typer<\/strong>&nbsp;<\/h2>\n\n\n\n<p>Pannor fungerar genom att v\u00e4rma vatten samtidigt som br\u00e4nslet i pannan f\u00f6rbr\u00e4nns, och deras syfte \u00e4r att v\u00e4rma m\u00e5lbyggnaden. Det finns olika typer av br\u00e4nsle och olika s\u00e4tt att f\u00f6rbr\u00e4nna det, vilket p\u00e5verkar uppv\u00e4rmningskostnaderna. Br\u00e4nslet kan vara fast, flytande eller gasformigt. Klassificeringen av pannor \u00e4r mycket bred och kommer att diskuteras i detalj under de teoretiska utbildningskurserna.&nbsp;&nbsp;<\/p>\n\n\n\n<h4 class=\"wp-block-heading\"><strong>N\u00e4r det g\u00e4ller pannor kan de enkelt och snabbt grupperas efter grundl\u00e4ggande kriterier:<\/strong>&nbsp;<\/h4>\n\n\n\n<figure class=\"wp-block-table\"><table><thead><tr><th>V\u00e4rmetransport\u00f6r<\/th><th>Konstruktionstyp som \u00e4r anpassad till br\u00e4nsletyp<\/th><th>Material som anv\u00e4nds<\/th><\/tr><\/thead><tbody><tr><td>\n<ul>\n<li>vatten<\/li>\n<li>\u00e5nga<\/li>\n<\/ul>\n<\/td><td>\n<ul>\n<li>olja<\/li>\n<li>gas<\/li>\n<li>elektrisk<\/li>\n<li>f\u00f6r fasta br\u00e4nslen<\/li>\n<li>pannor med reversibel f\u00f6rbr\u00e4nning<\/li>\n<li>pannor med varmvattenberedare f\u00f6r hush\u00e5llsbruk<\/li>\n<\/ul>\n<\/td><td>\n<ul>\n<li>st\u00e5l<\/li>\n<li>gjutj\u00e4rn<\/li>\n<li>av legerat st\u00e5l<\/li>\n<li>av aluminiumbaserade l\u00e4ttlegeringar<\/li>\n<\/ul>\n<\/td><\/tr><\/tbody><\/table><\/figure>\n\n\n\n<h2 class=\"wp-block-heading\"><strong>Anm\u00e4lan till utbildning<\/strong>&nbsp;<\/h2>\n\n\n\n<p>Du kan anm\u00e4la dig till kursen via telefon. Under samtalet kontrollerar vi kandidatens tidigare erfarenhet s\u00e5 att vi kan placera honom eller henne i en l\u00e4mplig grupp. Vi best\u00e4mmer datum och plats f\u00f6r utbildningen. Detta inkluderar utbildningsaktiviteterna samt undervisningsmaterialet, som laddas upp till en onlineplattform.&nbsp;<\/p>\n\n\n\n<h2 class=\"wp-block-heading\"><strong>Plats f\u00f6r utbildning<\/strong>&nbsp;<\/h2>\n\n\n\n<p><a href=\"https:\/\/szkolenia-udt.pl\/sv\/o-firmie\/\">Utbildningscenter f\u00f6r operat\u00f6rer<\/a> erbjuder utbildning i hela landet, och n\u00e4r det g\u00e4ller utbildning f\u00f6r en organiserad grupp av anst\u00e4llda p\u00e5 ett visst f\u00f6retag erbjuder vi resor till kundens lokaler.&nbsp;&nbsp;<\/p>\n\n\n\n<h2 class=\"wp-block-heading\"><strong>F\u00f6rdelar med att fullf\u00f6lja utbildningen<\/strong>&nbsp;<\/h2>\n\n\n<div class=\"wp-block-image\">\n<figure class=\"alignleft size-large is-resized\"><a href=\"https:\/\/szkolenia-udt.pl\/wp-content\/uploads\/2022\/07\/Mechanical-Engineering-1-scaled.webp\"><img loading=\"lazy\" decoding=\"async\" src=\"https:\/\/szkolenia-udt.pl\/wp-content\/uploads\/2022\/07\/Mechanical-Engineering-1-1024x683.webp\" alt=\"Arbete f\u00f6r r\u00f6kare: utbildningsprogram, omfattning och plats\" class=\"wp-image-3018\" width=\"512\" height=\"342\" srcset=\"https:\/\/szkolenia-udt.pl\/wp-content\/uploads\/2022\/07\/Mechanical-Engineering-1-1024x683.webp 1024w, https:\/\/szkolenia-udt.pl\/wp-content\/uploads\/2022\/07\/Mechanical-Engineering-1-300x200.webp 300w, https:\/\/szkolenia-udt.pl\/wp-content\/uploads\/2022\/07\/Mechanical-Engineering-1-768x512.webp 768w, https:\/\/szkolenia-udt.pl\/wp-content\/uploads\/2022\/07\/Mechanical-Engineering-1-1536x1024.webp 1536w, https:\/\/szkolenia-udt.pl\/wp-content\/uploads\/2022\/07\/Mechanical-Engineering-1-2048x1365.webp 2048w\" sizes=\"auto, (max-width: 512px) 100vw, 512px\" \/><\/a><\/figure>\n<\/div>\n\n\n<p>Efter avslutad utbildning f\u00e5r du avl\u00e4gga ett prov inf\u00f6r en beh\u00f6righetsn\u00e4mnd som utses av ordf\u00f6randen f\u00f6r energitillsynsmyndigheten. Om du klarar provet f\u00e5r du en v\u00e4rmelicens i kategorin G2\/E, som ger dig r\u00e4tt att arbeta med drift, underh\u00e5ll, reparation och installation av centralv\u00e4rmeugnar och pannor. Tyv\u00e4rr g\u00e4ller dessa tillst\u00e5nd inte p\u00e5 obest\u00e4md tid, utan i fem \u00e5r. Innan giltighetstiden l\u00f6per ut m\u00e5ste du l\u00e4mna in en ans\u00f6kan om att f\u00f6rnya dem.&nbsp;&nbsp;&nbsp;<\/p>\n\n\n\n<h2 class=\"wp-block-heading\"><strong>Varf\u00f6r v\u00e4lja civilsamh\u00e4llesorganisationer?<\/strong>&nbsp;<\/h2>\n\n\n\n<p>V\u00e5r uppgift \u00e4r att utbilda framtida yrkesverksamma inom olika omr\u00e5den, vilket \u00e4r anledningen till att kvaliteten p\u00e5 den utbildning vi erbjuder \u00e4r p\u00e5 h\u00f6gsta niv\u00e5. Vi har varit verksamma p\u00e5 marknaden i m\u00e5nga \u00e5r, och denna tid har gjort det m\u00f6jligt f\u00f6r oss att f\u00e5 n\u00f6dv\u00e4ndig erfarenhet, inte bara n\u00e4r det g\u00e4ller att genomf\u00f6ra utbildningar, utan ocks\u00e5 i deras totala organisation och effektiv f\u00f6rberedelse av praktikanter f\u00f6r certifikatexamen. Att l\u00e4ra sig hos oss \u00e4r ett n\u00f6je.\u00a0\u00a0<\/p>\n\n\n\n<p><a href=\"https:\/\/szkolenia-udt.pl\/sv\/kontakt\/\">Kontakta oss<\/a> och se sj\u00e4lv f\u00f6rdelarna med att delta i CSO-utbildningen!\u00a0 \u00a0<\/p>\n\n\n<div class=\"wp-block-image\">\n<figure class=\"aligncenter\"><a href=\"https:\/\/szkolenia-udt.pl\/wp-content\/uploads\/2022\/07\/0003-oso-kurs-g-2-cieplo.jpg\"><img loading=\"lazy\" decoding=\"async\" width=\"1024\" height=\"853\" src=\"https:\/\/szkolenia-udt.pl\/wp-content\/uploads\/2022\/07\/0003-oso-kurs-g-2-cieplo-1024x853.jpg\" alt=\"en grafisk beskrivning av utbildningen\" class=\"wp-image-3024\" srcset=\"https:\/\/szkolenia-udt.pl\/wp-content\/uploads\/2022\/07\/0003-oso-kurs-g-2-cieplo-1024x853.jpg 1024w, https:\/\/szkolenia-udt.pl\/wp-content\/uploads\/2022\/07\/0003-oso-kurs-g-2-cieplo-300x250.jpg 300w, https:\/\/szkolenia-udt.pl\/wp-content\/uploads\/2022\/07\/0003-oso-kurs-g-2-cieplo-768x640.jpg 768w, https:\/\/szkolenia-udt.pl\/wp-content\/uploads\/2022\/07\/0003-oso-kurs-g-2-cieplo.jpg 1200w\" sizes=\"auto, (max-width: 1024px) 100vw, 1024px\" \/><\/a><\/figure>\n<\/div>","protected":false},"excerpt":{"rendered":"<p>Szk\u00f3l si\u0119 z OSO! My\u015bla\u0142e\u015b o tym, \u017ceby rozszerzy\u0107 swoje kwalifikacje i zdoby\u0107 uprawnienia do pracy na nowym stanowisku? A mo\u017ce brak Ci wykwalikowanych pracownik\u00f3w? Ju\u017c teraz mo\u017cesz zmieni\u0107 sw\u00f3j zaw\u00f3d lub przeszkoli\u0107 sw\u00f3j zesp\u00f3\u0142 razem z O\u015brodkiem Szkolenia Operator\u00f3w OSO, zapisuj\u0105c si\u0119 na wybrany kurs z naszej oferty! Aktualnie du\u017cym zainteresowaniem cieszy si\u0119 kurs [&hellip;]<\/p>\n","protected":false},"author":10,"featured_media":3017,"parent":1895,"menu_order":0,"comment_status":"closed","ping_status":"closed","template":"","meta":{"footnotes":""},"class_list":["post-3016","page","type-page","status-publish","has-post-thumbnail","hentry"],"aioseo_notices":[],"_links":{"self":[{"href":"https:\/\/szkolenia-udt.pl\/sv\/wp-json\/wp\/v2\/pages\/3016","targetHints":{"allow":["GET"]}}],"collection":[{"href":"https:\/\/szkolenia-udt.pl\/sv\/wp-json\/wp\/v2\/pages"}],"about":[{"href":"https:\/\/szkolenia-udt.pl\/sv\/wp-json\/wp\/v2\/types\/page"}],"author":[{"embeddable":true,"href":"https:\/\/szkolenia-udt.pl\/sv\/wp-json\/wp\/v2\/users\/10"}],"replies":[{"embeddable":true,"href":"https:\/\/szkolenia-udt.pl\/sv\/wp-json\/wp\/v2\/comments?post=3016"}],"version-history":[{"count":8,"href":"https:\/\/szkolenia-udt.pl\/sv\/wp-json\/wp\/v2\/pages\/3016\/revisions"}],"predecessor-version":[{"id":4772,"href":"https:\/\/szkolenia-udt.pl\/sv\/wp-json\/wp\/v2\/pages\/3016\/revisions\/4772"}],"up":[{"embeddable":true,"href":"https:\/\/szkolenia-udt.pl\/sv\/wp-json\/wp\/v2\/pages\/1895"}],"wp:featuredmedia":[{"embeddable":true,"href":"https:\/\/szkolenia-udt.pl\/sv\/wp-json\/wp\/v2\/media\/3017"}],"wp:attachment":[{"href":"https:\/\/szkolenia-udt.pl\/sv\/wp-json\/wp\/v2\/media?parent=3016"}],"curies":[{"name":"wp","href":"https:\/\/api.w.org\/{rel}","templated":true}]}}