{"id":3072,"date":"2022-08-04T13:19:41","date_gmt":"2022-08-04T11:19:41","guid":{"rendered":"https:\/\/szkolenia-udt.pl\/?page_id=3072"},"modified":"2024-01-12T12:51:55","modified_gmt":"2024-01-12T11:51:55","slug":"hanteringsutrustning","status":"publish","type":"page","link":"https:\/\/szkolenia-udt.pl\/sv\/kursy\/uprawnienia-udt-tdt-wdt\/urzadzenia-transportu-bliskiego\/","title":{"rendered":"Underh\u00e5llskurs f\u00f6r hanteringsutrustning"},"content":{"rendered":"<h2 class=\"wp-block-heading\">Vem kan utf\u00f6ra underh\u00e5ll p\u00e5 materialhanteringsutrustning?&nbsp;<\/h2>\n\n\n<div class=\"wp-block-image\">\n<figure class=\"alignleft is-resized\"><a href=\"https:\/\/szkolenia-udt.pl\/wp-content\/uploads\/2022\/08\/2-2.jpeg\"><img loading=\"lazy\" decoding=\"async\" width=\"1024\" height=\"683\" src=\"https:\/\/szkolenia-udt.pl\/wp-content\/uploads\/2022\/08\/2-2-1024x683.jpeg\" alt=\"masthissar i drift\" class=\"wp-image-3114\" style=\"width:512px;height:342px\" srcset=\"https:\/\/szkolenia-udt.pl\/wp-content\/uploads\/2022\/08\/2-2-1024x683.jpeg 1024w, https:\/\/szkolenia-udt.pl\/wp-content\/uploads\/2022\/08\/2-2-300x200.jpeg 300w, https:\/\/szkolenia-udt.pl\/wp-content\/uploads\/2022\/08\/2-2-768x512.jpeg 768w, https:\/\/szkolenia-udt.pl\/wp-content\/uploads\/2022\/08\/2-2-1536x1024.jpeg 1536w, https:\/\/szkolenia-udt.pl\/wp-content\/uploads\/2022\/08\/2-2-18x12.jpeg 18w, https:\/\/szkolenia-udt.pl\/wp-content\/uploads\/2022\/08\/2-2.jpeg 1600w\" sizes=\"auto, (max-width: 1024px) 100vw, 1024px\" \/><\/a><\/figure>\n<\/div>\n\n\n<p>I dag \u00e4r hissar, mobila plattformar och andra anordningar som underl\u00e4ttar tillg\u00e4ngligheten f\u00f6r personer med funktionshinder en viktig del av alla byggnader som \u00e4r avsedda f\u00f6r allm\u00e4nheten. I Polen tillh\u00f6r denna typ av utrustning en bredare kategori som kallas hanteringsutrustning.&nbsp;<\/p>\n\n\n\n<p>F\u00f6r att utf\u00f6ra underh\u00e5ll p\u00e5 hanteringsutrustning kr\u00e4vs ett s\u00e4rskilt tillst\u00e5nd som i Polen utf\u00e4rdas av kontoret f\u00f6r teknisk inspektion. Under den kurs som anordnas av OSO f\u00e5r du all information du beh\u00f6ver f\u00f6r att klara provet f\u00f6r underh\u00e5ll av hanteringsutrustning.&nbsp;<\/p>\n\n\n\n<h2 class=\"wp-block-heading\">Varf\u00f6r en kurs i underh\u00e5ll av materialhanteringsutrustning?&nbsp;<\/h2>\n\n\n\n<p>I den nuvarande marknadssituationen i Polen \u00e4r en kvalificerad arbetstagare v\u00e4rd mycket f\u00f6r en arbetsgivare. De som har kvalifikationsf\u00f6rm\u00e5ner som g\u00f6r det m\u00f6jligt att arbeta som underh\u00e5llsarbetare av hanteringsutrustning kan r\u00e4kna med mycket attraktiva l\u00f6ner. Det \u00e4r ett bra val f\u00f6r dem som \u00e4r villiga att byta jobb mot ett b\u00e4ttre betalt jobb.&nbsp;<\/p>\n\n\n<div class=\"wp-block-image\">\n<figure class=\"alignright size-large is-resized\"><a href=\"https:\/\/szkolenia-udt.pl\/wp-content\/uploads\/2022\/08\/1-2.jpeg\"><img loading=\"lazy\" decoding=\"async\" width=\"1024\" height=\"877\" src=\"https:\/\/szkolenia-udt.pl\/wp-content\/uploads\/2022\/08\/1-2-1024x877.jpeg\" alt=\"gaffeltruckar i vila\" class=\"wp-image-3113\" style=\"width:426px;height:365px\" srcset=\"https:\/\/szkolenia-udt.pl\/wp-content\/uploads\/2022\/08\/1-2-1024x877.jpeg 1024w, https:\/\/szkolenia-udt.pl\/wp-content\/uploads\/2022\/08\/1-2-300x257.jpeg 300w, https:\/\/szkolenia-udt.pl\/wp-content\/uploads\/2022\/08\/1-2-768x658.jpeg 768w, https:\/\/szkolenia-udt.pl\/wp-content\/uploads\/2022\/08\/1-2-1536x1316.jpeg 1536w, https:\/\/szkolenia-udt.pl\/wp-content\/uploads\/2022\/08\/1-2-14x12.jpeg 14w, https:\/\/szkolenia-udt.pl\/wp-content\/uploads\/2022\/08\/1-2.jpeg 1600w\" sizes=\"auto, (max-width: 1024px) 100vw, 1024px\" \/><\/a><\/figure>\n<\/div>\n\n\n<p>Yrket som underh\u00e5llare av materialhanteringsutrustning \u00e4r ocks\u00e5 mycket s\u00e4kert n\u00e4r det g\u00e4ller syssels\u00e4ttning. Hissar och plattformar f\u00f6r funktionshindrade \u00e4r en obligatorisk del av de flesta byggprojekt i dagens byggbransch. F\u00f6ljaktligen \u00f6kar efterfr\u00e5gan p\u00e5 personer med tillst\u00e5nd att underh\u00e5lla denna typ av utrustning i takt med att byggprojekten blir fler.&nbsp;<\/p>\n\n\n\n<h2 class=\"wp-block-heading\">Vem kan delta i utbildningen?&nbsp;<\/h2>\n\n\n\n<p>F\u00f6r att kunna avl\u00e4gga provet f\u00f6r att bli underh\u00e5llare av materialhanteringsutrustning m\u00e5ste du f\u00f6rst och fr\u00e4mst uppfylla tv\u00e5 grundl\u00e4ggande krav:&nbsp;<\/p>\n\n\n\n<ul class=\"wp-block-list\">\n<li>Vara vuxen<\/li>\n\n\n\n<li>Har minst grundskoleutbildning<\/li>\n\n\n\n<li>ha tillr\u00e4cklig h\u00e4lsa f\u00f6r att arbeta i yrket<\/li>\n<\/ul>\n\n\n\n<p>De kvalifikationer som erh\u00e5llits i underh\u00e5llsutbildningen f\u00f6r hanteringsutrustning \u00e4r giltiga i fem \u00e5r. Efter denna period m\u00e5ste jag avl\u00e4gga provet p\u00e5 nytt med positivt resultat f\u00f6r att f\u00e5 f\u00f6rnyade yrkesf\u00f6rm\u00e5ner.&nbsp;&nbsp;<\/p>\n\n\n\n<h2 class=\"wp-block-heading\">Hur ser utbildningen f\u00f6r underh\u00e5llare av materialhanteringsutrustning ut?&nbsp;<\/h2>\n\n\n\n<p>Liksom resten av OSO:s kurser best\u00e5r \u00e4ven kursen f\u00f6r underh\u00e5ll av hanteringsutrustning av tre delar: teori, praktik och prov.<\/p>\n\n\n\n<figure class=\"wp-block-table\"><table><thead><tr><th>Teoretisk del<\/th><th>Praktisk del<\/th><th>Slutprov<\/th><\/tr><thead><tbody><tr><td>I denna del av utbildningen l\u00e4r sig deltagarna om h\u00e4lsa och s\u00e4kerhet vid arbete med hanteringsutrustning, dess utformning, de olika typerna av utrustning och hur man f\u00f6rvarar den dokumentation som beh\u00f6vs f\u00f6r underh\u00e5ll.  Denna del av utbildningen sker vanligtvis i form av f\u00f6rel\u00e4sningar som h\u00e5lls av v\u00e5ra utbildare. F\u00f6r kundernas behov \u00e4r det ocks\u00e5 m\u00f6jligt att organisera denna del av kursen p\u00e5 distans.<\/td><td>I den praktiska delen kan deltagarna \u00f6va p\u00e5 drift och underh\u00e5ll av hanteringsutrustning i en s\u00e4ker och kontrollerad milj\u00f6.  V\u00e5ra utbildare fokuserar p\u00e5 att ge deltagarna den kunskap som kr\u00e4vs f\u00f6r att inte bara klara provet, utan ocks\u00e5 f\u00f6r att kunna arbeta s\u00e4kert och effektivt med hanteringsutrustningen.<\/td><td>OSO-kursen f\u00f6r underh\u00e5ll av hanteringsutrustning avslutas med ett prov inf\u00f6r en kommission som utsetts av UDT.  Precis som sj\u00e4lva utbildningen best\u00e5r provet av en teoretisk och en praktisk del. I den teoretiska delen m\u00e5ste praktikanterna skriva ett prov som best\u00e5r av \u00f6ppna och slutna fr\u00e5gor som testar deras kunskaper om h\u00e4lsa och s\u00e4kerhet p\u00e5 arbetsplatsen och konstruktion och anv\u00e4ndning av utrustning. Det praktiska provet baseras p\u00e5 korrekt utf\u00f6rande av en rad uppgifter som r\u00f6r underh\u00e5ll och drift av hanteringsutrustningen inf\u00f6r en jury.  Om b\u00e5da delarna av provet genomf\u00f6rs med godk\u00e4nt resultat f\u00e5r deltagarna en licens f\u00f6r att arbeta som underh\u00e5llstekniker f\u00f6r materialhanteringsutrustning.<\/td><\/tr><\/tbody><\/table><\/figure>\n\n\n\n<div>&nbsp;<\/div>\n\n\n\n<h2 class=\"wp-block-heading\">Hur l\u00e5ng \u00e4r kursen f\u00f6r underh\u00e5llare av materialhanteringsutrustning?&nbsp;<\/h2>\n\n\n<div class=\"wp-block-image\">\n<figure class=\"alignleft size-large is-resized\"><a href=\"https:\/\/szkolenia-udt.pl\/wp-content\/uploads\/2022\/08\/3-1.jpeg\"><img loading=\"lazy\" decoding=\"async\" width=\"1024\" height=\"760\" src=\"https:\/\/szkolenia-udt.pl\/wp-content\/uploads\/2022\/08\/3-1-1024x760.jpeg\" alt=\"mastlyft p\u00e5 plats\" class=\"wp-image-3115\" style=\"width:512px;height:380px\" srcset=\"https:\/\/szkolenia-udt.pl\/wp-content\/uploads\/2022\/08\/3-1-1024x760.jpeg 1024w, https:\/\/szkolenia-udt.pl\/wp-content\/uploads\/2022\/08\/3-1-300x223.jpeg 300w, https:\/\/szkolenia-udt.pl\/wp-content\/uploads\/2022\/08\/3-1-768x570.jpeg 768w, https:\/\/szkolenia-udt.pl\/wp-content\/uploads\/2022\/08\/3-1-1536x1140.jpeg 1536w, https:\/\/szkolenia-udt.pl\/wp-content\/uploads\/2022\/08\/3-1-16x12.jpeg 16w, https:\/\/szkolenia-udt.pl\/wp-content\/uploads\/2022\/08\/3-1-135x100.jpeg 135w, https:\/\/szkolenia-udt.pl\/wp-content\/uploads\/2022\/08\/3-1.jpeg 1600w\" sizes=\"auto, (max-width: 1024px) 100vw, 1024px\" \/><\/a><\/figure>\n<\/div>\n\n\n<p>OSO erbjuder kurser f\u00f6r personer p\u00e5 alla niv\u00e5er av erfarenhet. Beroende p\u00e5 vad som kr\u00e4vs kan kursen p\u00e5g\u00e5 fr\u00e5n n\u00e5gra timmar till flera dagar.&nbsp;<\/p>\n\n\n\n<p>F\u00f6r personer som inte har n\u00e5gon tidigare erfarenhet av underh\u00e5ll av hanteringsutrustning erbjuder OSO specialkurser som vanligtvis p\u00e5g\u00e5r under flera dagar. Under denna tid f\u00e5r deltagarna den kunskap och erfarenhet som beh\u00f6vs f\u00f6r att ta sina f\u00f6rsta steg i underh\u00e5llet av denna typ av utrustning.&nbsp;<\/p>\n\n\n\n<p>F\u00f6r dem som bara vill f\u00f6rnya tidigare f\u00f6rv\u00e4rvade kvalifikationer erbjuder v\u00e5rt f\u00f6retag expresskurser som bara tar n\u00e5gra timmar. S\u00e5dan utbildning p\u00e5g\u00e5r vanligtvis en arbetsdag och avslutas med ett prov som genomf\u00f6rs samma dag.&nbsp;&nbsp;<\/p>\n\n\n\n<p>Om du vill bredda din yrkeskompetens eller ge dina medarbetare ytterligare utbildning, v\u00e4nligen kontakta v\u00e5rt f\u00f6retag. Datum f\u00f6r \u00f6ppna utbildningar publiceras regelbundet p\u00e5 v\u00e5r webbplats, tillsammans med priser. Enskilda kunder <a href=\"https:\/\/szkolenia-udt.pl\/sv\/kontakt\/\">Du \u00e4r v\u00e4lkommen att kontakta oss<\/a> med v\u00e5ra konsulter. De kommer att kunna utarbeta ett personligt erbjudande f\u00f6r varje kund. V\u00e5rt f\u00f6retag erbjuder attraktiva utbildningspriser och f\u00f6retag som \u00e4r villiga att samarbeta med OSO under en l\u00e4ngre period kan r\u00e4kna med f\u00f6rm\u00e5nliga priser.&nbsp;<\/p>","protected":false},"excerpt":{"rendered":"<p>Kto mo\u017ce prowadzi\u0107 konserwacje urz\u0105dze\u0144 transportu bliskiego?&nbsp; Wsp\u00f3\u0142cze\u015bnie windy, ruchome podesty i inne urz\u0105dzenia u\u0142atwiaj\u0105ce dost\u0119p osobom niepe\u0142nosprawnym s\u0105 podstawowym elementem ka\u017cdego budynku przeznaczonego do u\u017cytku publicznego. W Polsce urz\u0105dzenia tego typu zaliczaj\u0105 si\u0119 do szerszej kategorii zwanej urz\u0105dzeniami transportu bliskiego.&nbsp; Do prowadzenia konserwacji urz\u0105dze\u0144 transportu bliskiego trzeba posiada\u0107 specjalne pozwolenia wydawane w Polsce przez [&hellip;]<\/p>\n","protected":false},"author":10,"featured_media":3074,"parent":2266,"menu_order":0,"comment_status":"closed","ping_status":"closed","template":"","meta":{"footnotes":""},"class_list":["post-3072","page","type-page","status-publish","has-post-thumbnail","hentry"],"aioseo_notices":[],"_links":{"self":[{"href":"https:\/\/szkolenia-udt.pl\/sv\/wp-json\/wp\/v2\/pages\/3072","targetHints":{"allow":["GET"]}}],"collection":[{"href":"https:\/\/szkolenia-udt.pl\/sv\/wp-json\/wp\/v2\/pages"}],"about":[{"href":"https:\/\/szkolenia-udt.pl\/sv\/wp-json\/wp\/v2\/types\/page"}],"author":[{"embeddable":true,"href":"https:\/\/szkolenia-udt.pl\/sv\/wp-json\/wp\/v2\/users\/10"}],"replies":[{"embeddable":true,"href":"https:\/\/szkolenia-udt.pl\/sv\/wp-json\/wp\/v2\/comments?post=3072"}],"version-history":[{"count":11,"href":"https:\/\/szkolenia-udt.pl\/sv\/wp-json\/wp\/v2\/pages\/3072\/revisions"}],"predecessor-version":[{"id":5368,"href":"https:\/\/szkolenia-udt.pl\/sv\/wp-json\/wp\/v2\/pages\/3072\/revisions\/5368"}],"up":[{"embeddable":true,"href":"https:\/\/szkolenia-udt.pl\/sv\/wp-json\/wp\/v2\/pages\/2266"}],"wp:featuredmedia":[{"embeddable":true,"href":"https:\/\/szkolenia-udt.pl\/sv\/wp-json\/wp\/v2\/media\/3074"}],"wp:attachment":[{"href":"https:\/\/szkolenia-udt.pl\/sv\/wp-json\/wp\/v2\/media?parent=3072"}],"curies":[{"name":"wp","href":"https:\/\/api.w.org\/{rel}","templated":true}]}}