{"id":3117,"date":"2022-08-11T11:52:59","date_gmt":"2022-08-11T09:52:59","guid":{"rendered":"https:\/\/szkolenia-udt.pl\/?page_id=3117"},"modified":"2023-03-24T19:30:24","modified_gmt":"2023-03-24T18:30:24","slug":"fallskydd","status":"publish","type":"page","link":"https:\/\/szkolenia-udt.pl\/sv\/kursy\/prace-wysokosciowe\/ochrona-przed-upadkiem\/","title":{"rendered":"Utbildning i fallskydd"},"content":{"rendered":"<div class=\"wp-block-image\">\n<figure class=\"alignleft size-large is-resized\"><a href=\"https:\/\/szkolenia-udt.pl\/wp-content\/uploads\/2022\/08\/1-3.jpeg\"><img loading=\"lazy\" decoding=\"async\" src=\"https:\/\/szkolenia-udt.pl\/wp-content\/uploads\/2022\/08\/1-3-927x1024.jpeg\" alt=\"fallskyddsutrustning\" class=\"wp-image-3118\" width=\"464\" height=\"512\" srcset=\"https:\/\/szkolenia-udt.pl\/wp-content\/uploads\/2022\/08\/1-3-927x1024.jpeg 927w, https:\/\/szkolenia-udt.pl\/wp-content\/uploads\/2022\/08\/1-3-272x300.jpeg 272w, https:\/\/szkolenia-udt.pl\/wp-content\/uploads\/2022\/08\/1-3-768x848.jpeg 768w, https:\/\/szkolenia-udt.pl\/wp-content\/uploads\/2022\/08\/1-3-1391x1536.jpeg 1391w, https:\/\/szkolenia-udt.pl\/wp-content\/uploads\/2022\/08\/1-3-11x12.jpeg 11w, https:\/\/szkolenia-udt.pl\/wp-content\/uploads\/2022\/08\/1-3.jpeg 1449w\" sizes=\"auto, (max-width: 464px) 100vw, 464px\" \/><\/a><\/figure>\n<\/div>\n\n\n<h2 class=\"wp-block-heading\"><strong>Om kursen<\/strong><\/h2>\n\n\n\n<p>Arbete p\u00e5 h\u00f6g h\u00f6jd kr\u00e4ver r\u00e4tt kvalifikationer, eftersom det \u00e4r ett mycket farligt yrke och en olycka p\u00e5 arbetsplatsen kan intr\u00e4ffa n\u00e4r som helst. Det \u00e4r oerh\u00f6rt viktigt att personer som arbetar p\u00e5 h\u00f6ga h\u00f6jder har de kunskaper och f\u00e4rdigheter som kr\u00e4vs f\u00f6r att g\u00f6ra det p\u00e5 ett s\u00e4kert s\u00e4tt. D\u00e4rf\u00f6r vill vi uppmana dig att bes\u00f6ka webbplatsen f\u00f6r v\u00e5rt centrum, d\u00e4r du kan hitta ett erbjudande om yrkesutbildning i fallskydd. Den \u00e4r utformad f\u00f6r personer som arbetar med olika typer av f\u00f6rem\u00e5l p\u00e5 h\u00f6g h\u00f6jd. Vi har varit verksamma i m\u00e5nga \u00e5r och v\u00e5ra instrukt\u00f6rer \u00e4r alltid tillg\u00e4ngliga och l\u00e4mpligt kvalificerade f\u00f6r att ge professionell utbildning. F\u00f6rdelen med <a href=\"https:\/\/szkolenia-udt.pl\/sv\/kursy\/\">av v\u00e5ra kurser<\/a> \u00e4r deras flexibilitet och f\u00f6rm\u00e5ga att anpassa dem till dina behov.<\/p>\n\n\n\n<h2 class=\"wp-block-heading\"><strong>Hur ser v\u00e5r utbildning ut?<\/strong>&nbsp;<\/h2>\n\n\n\n<p>Vi erbjuder ett personligt tillv\u00e4gag\u00e5ngss\u00e4tt och anv\u00e4ndbara verktyg, tillbeh\u00f6r och utbildningsmaterial. Dessa aspekter underl\u00e4ttar en professionell och helt\u00e4ckande utbildning i arbete p\u00e5 h\u00f6g h\u00f6jd och fallskydd. Utbildningen omfattar b\u00e5de en teoretisk del, d\u00e4r deltagarna f\u00e5r kunskap om fallskydd, och en praktisk del, d\u00e4r de f\u00e5r m\u00f6jlighet att praktisera den information de har f\u00f6rv\u00e4rvat.\u00a0\u00a0<\/p>\n\n\n\n<h2 class=\"wp-block-heading\"><strong>V\u00e5ra krav<\/strong>&nbsp;<\/h2>\n\n\n\n<p>De som vill delta i utbildningen m\u00e5ste vara minst 18 \u00e5r, ha minst grundskoleutbildning och ha en aktuell l\u00e4karunders\u00f6kning som till\u00e5ter dem att arbeta \u00f6ver 3 meter, samt ha en god mental h\u00e4lsa.&nbsp;&nbsp;<\/p>\n\n\n\n<h2 class=\"wp-block-heading\"><strong>Kursens syfte<\/strong>&nbsp;<\/h2>\n\n\n\n<p>Huvudsyftet med denna utbildning \u00e4r att deltagaren efter avslutad utbildning ska kunna identifiera och eliminera faran med hj\u00e4lp av l\u00e4mpliga <a href=\"https:\/\/szkolenia-udt.pl\/sv\/kursy\/bhp-ppoz\/szkolenia-bhp-oso\/\">Personlig skyddsutrustning.<\/a>och genomf\u00f6ra r\u00e4ddningsinsatser.&nbsp;&nbsp;<\/p>\n\n\n\n<h2 class=\"wp-block-heading\"><strong>Utbildningsplan<\/strong>&nbsp;<\/h2>\n\n\n\n<p>Utbildningsprogrammet omfattar fr\u00e5gor om s\u00e4kerhet i arbetsmilj\u00f6n och s\u00e4kerhet p\u00e5 arbetsplatsen: personlig skyddsutrustning.&nbsp;&nbsp;<\/p>\n\n\n\n<h4 class=\"wp-block-heading\">S\u00e4kerhet i arbetsmilj\u00f6n omfattar \u00e4mnen som t.ex:\u00a0\u00a0<\/h4>\n\n\n<div class=\"wp-block-image\">\n<figure class=\"alignright size-large is-resized\"><a href=\"https:\/\/szkolenia-udt.pl\/wp-content\/uploads\/2022\/08\/2-3.jpeg\"><img loading=\"lazy\" decoding=\"async\" src=\"https:\/\/szkolenia-udt.pl\/wp-content\/uploads\/2022\/08\/2-3-1024x683.jpeg\" alt=\"Arbete p\u00e5 h\u00f6g h\u00f6jd\" class=\"wp-image-3119\" width=\"512\" height=\"342\" srcset=\"https:\/\/szkolenia-udt.pl\/wp-content\/uploads\/2022\/08\/2-3-1024x683.jpeg 1024w, https:\/\/szkolenia-udt.pl\/wp-content\/uploads\/2022\/08\/2-3-300x200.jpeg 300w, https:\/\/szkolenia-udt.pl\/wp-content\/uploads\/2022\/08\/2-3-768x512.jpeg 768w, https:\/\/szkolenia-udt.pl\/wp-content\/uploads\/2022\/08\/2-3-1536x1024.jpeg 1536w, https:\/\/szkolenia-udt.pl\/wp-content\/uploads\/2022\/08\/2-3-18x12.jpeg 18w, https:\/\/szkolenia-udt.pl\/wp-content\/uploads\/2022\/08\/2-3.jpeg 1600w\" sizes=\"auto, (max-width: 512px) 100vw, 512px\" \/><\/a><\/figure>\n<\/div>\n\n\n<ul class=\"wp-block-list\">\n<li>fysiska faktorer i samband med arbete p\u00e5 h\u00f6g h\u00f6jd;\u00a0<\/li>\n\n\n\n<li>Analys och bed\u00f6mning av arbetsrelaterade risker och begr\u00e4nsning av risker som kan uppst\u00e5 p\u00e5 arbetsplatsen;\u00a0\u00a0<\/li>\n\n\n\n<li>insikt om faran, arbetsplatsen och hur man skyddar sig;&nbsp;&nbsp;<\/li>\n\n\n\n<li>de viktigaste best\u00e4mmelserna i polsk och europeisk lagstiftning;&nbsp;&nbsp;<\/li>\n\n\n\n<li>aktiviteter f\u00f6r att s\u00e4kerst\u00e4lla s\u00e4kra arbetsf\u00f6rh\u00e5llanden.&nbsp;&nbsp;<\/li>\n<\/ul>\n\n\n\n<h4 class=\"wp-block-heading\">\u00c4mnen som behandlas p\u00e5 arbetsstationen belay \u00e4r:&nbsp;&nbsp;<\/h4>\n\n\n\n<ul class=\"wp-block-list\">\n<li>arbetsorder - skydd p\u00e5 h\u00f6g h\u00f6jd, p\u00e5 tak;&nbsp;&nbsp;<\/li>\n\n\n\n<li>s\u00e4kra arbetsplatsen;&nbsp;&nbsp;<\/li>\n\n\n\n<li>genomg\u00e5ng av utrustning;&nbsp;&nbsp;<\/li>\n\n\n\n<li>K\u00e4nnedom om kraven f\u00f6r personlig skyddsutrustning fr\u00e5n h\u00f6jd - fallskyddssystem;&nbsp;&nbsp;<\/li>\n\n\n\n<li>regler f\u00f6r s\u00e4ker tillg\u00e5ng till arbetsplatsen;&nbsp;&nbsp;<\/li>\n\n\n\n<li>Anv\u00e4ndning av personlig skyddsutrustning;&nbsp;&nbsp;<\/li>\n\n\n\n<li>aktiviteter efter olyckan, f\u00f6rtrogenhet med evakuerings- och r\u00e4ddningsutrustning;&nbsp;&nbsp;<\/li>\n\n\n\n<li>Diskussion om effekten efter olyckan.&nbsp;&nbsp;<\/li>\n<\/ul>\n\n\n\n<p>Efter avslutad kurs m\u00e5ste deltagarna g\u00f6ra ett prov. Endast ett positivt resultat g\u00f6r att du kan bli certifierad f\u00f6r arbete p\u00e5 h\u00f6g h\u00f6jd.&nbsp;&nbsp;<\/p>\n\n\n\n<div class=\"filmw\">\n<div class=\"responsive-youtube\"><iframe loading=\"lazy\" title=\"YouTube-videospelare\" src=\"https:\/\/www.youtube.com\/embed\/QcT4h2Z50M0\" width=\"560\" height=\"315\" frameborder=\"0\" allowfullscreen=\"allowfullscreen\"><\/iframe><\/div>\n<\/div>\n\n\n\n<h2 class=\"wp-block-heading\"><strong>Fallskydd och arbetsgivaren<\/strong>&nbsp;<\/h2>\n\n\n\n<p>Enligt arbets- och socialministerns f\u00f6rordning av den 26 september 1997 om allm\u00e4nna h\u00e4lso- och s\u00e4kerhetsbest\u00e4mmelser \"<a href=\"https:\/\/szkolenia-udt.pl\/sv\/kursy\/prace-wysokosciowe\/kurs-na-szelki-budowlane\/\">Arbete p\u00e5 h\u00f6g h\u00f6jd<\/a> \u00e4r arbete som utf\u00f6rs p\u00e5 en yta p\u00e5 en h\u00f6jd av minst 1,0 m \u00f6ver golv- eller markniv\u00e5\".&nbsp;&nbsp;<\/p>\n\n\n\n<p>Enligt polsk lagstiftning och europeisk lagstiftning om h\u00e4lsa och s\u00e4kerhet \u00e4r arbetsgivare som anst\u00e4ller personer som arbetar p\u00e5 h\u00f6jder skyldiga att f\u00f6rse sina anst\u00e4llda med:&nbsp;&nbsp;<\/p>\n\n\n\n<ul class=\"wp-block-list\">\n<li>l\u00e4mpliga \u00e5tg\u00e4rder f\u00f6r att skydda mot fall fr\u00e5n h\u00f6jd;&nbsp;&nbsp;<\/li>\n\n\n\n<li>Direkt \u00f6vervakning av detta arbete av personer som utsetts f\u00f6r detta \u00e4ndam\u00e5l;&nbsp;&nbsp;&nbsp;<\/li>\n\n\n\n<li>information om jobbet.&nbsp;&nbsp;<\/li>\n<\/ul>\n\n\n\n<p>Om det inte \u00e4r m\u00f6jligt att utf\u00f6ra arbetet p\u00e5 ett s\u00e5dant s\u00e4tt att arbetstagarna befinner sig utanf\u00f6r riskzonen f\u00f6r fall, m\u00e5ste de f\u00f6rses med den l\u00e4mpligaste utrustningen f\u00f6r att s\u00e4kerst\u00e4lla en s\u00e4ker arbetsmilj\u00f6. I denna situation har kollektiva skydds\u00e5tg\u00e4rder som skyddsn\u00e4t eller skyddsr\u00e4cken f\u00f6retr\u00e4de framf\u00f6r personliga skydds\u00e5tg\u00e4rder som individuell fallskyddsutrustning.&nbsp;&nbsp;<\/p>\n\n\n\n<h2 class=\"wp-block-heading\"><strong>SOI - personlig skyddsutrustning<\/strong>\u00a0<\/h2>\n\n\n<div class=\"wp-block-image\">\n<figure class=\"alignleft size-large is-resized\"><a href=\"https:\/\/szkolenia-udt.pl\/wp-content\/uploads\/2022\/08\/3-2.jpeg\"><img loading=\"lazy\" decoding=\"async\" src=\"https:\/\/szkolenia-udt.pl\/wp-content\/uploads\/2022\/08\/3-2-1024x675.jpeg\" alt=\"fallskyddsutrustning\" class=\"wp-image-3121\" width=\"512\" height=\"338\" srcset=\"https:\/\/szkolenia-udt.pl\/wp-content\/uploads\/2022\/08\/3-2-1024x675.jpeg 1024w, https:\/\/szkolenia-udt.pl\/wp-content\/uploads\/2022\/08\/3-2-300x198.jpeg 300w, https:\/\/szkolenia-udt.pl\/wp-content\/uploads\/2022\/08\/3-2-768x506.jpeg 768w, https:\/\/szkolenia-udt.pl\/wp-content\/uploads\/2022\/08\/3-2-1536x1012.jpeg 1536w, https:\/\/szkolenia-udt.pl\/wp-content\/uploads\/2022\/08\/3-2-18x12.jpeg 18w, https:\/\/szkolenia-udt.pl\/wp-content\/uploads\/2022\/08\/3-2.jpeg 1600w\" sizes=\"auto, (max-width: 512px) 100vw, 512px\" \/><\/a><\/figure>\n<\/div>\n\n\n<p>Valet av personlig skyddsutrustning beror p\u00e5 flera faktorer. F\u00f6rst och fr\u00e4mst b\u00f6r de v\u00e4ljas p\u00e5 ett s\u00e5dant s\u00e4tt att de \u00e4r l\u00e4mpliga f\u00f6r den aktuella faran. Dessutom b\u00f6r de v\u00e4ljas med h\u00e4nsyn till den person som anv\u00e4nder dem, vilket inneb\u00e4r att man vid valet bland annat b\u00f6r ta h\u00e4nsyn till arbetstagarens h\u00e4lsotillst\u00e5nd. De f\u00f6rh\u00e5llanden som r\u00e5der p\u00e5 arbetsplatsen b\u00f6r ocks\u00e5 beaktas, liksom det faktum att personlig skyddsutrustning b\u00f6r uppfylla h\u00e4lso- och s\u00e4kerhetskriterier.&nbsp;<\/p>\n\n\n\n<h2 class=\"wp-block-heading\"><strong>Personlig fallskyddsutrustning<\/strong>&nbsp;<\/h2>\n\n\n\n<p>Varje person som arbetar p\u00e5 h\u00f6g h\u00f6jd ska vara utrustad med personlig fallskyddsutrustning. Denna utrustning omfattar f\u00f6ljande:&nbsp;<\/p>\n\n\n\n<figure class=\"wp-block-table\"><table><tbody><tr><td><strong>Namn<\/strong>&nbsp;<\/td><td><strong>BESKRIVNING<\/strong>&nbsp;<\/td><\/tr><tr><td>F\u00f6rankringsanordning&nbsp;<\/td><td>Den ansluts direkt till den b\u00e4rande strukturen; den b\u00f6r bilda en stark f\u00f6rbindelse mellan underenheten f\u00f6r l\u00e4nkning och d\u00e4mpning och arbetsstationens strukturella komponenter; den b\u00f6r placeras direkt ovanf\u00f6r arbetsstationen f\u00f6r att undvika pendeleffekten, den kan vara: sax, kabel och bandf\u00e4sten, samt f\u00f6rankringsrep och skenor, etc.\u00a0<\/td><\/tr><tr><td>S\u00e4kerhetsb\u00e4lten&nbsp;<\/td><td>De anv\u00e4nds f\u00f6r att st\u00f6dja arbetstagarens kropp under ett fall fr\u00e5n h\u00f6jd och f\u00f6r att s\u00e4kert f\u00f6rdela de dynamiska krafterna n\u00e4r fallet stoppas; de hj\u00e4lper ocks\u00e5 till att h\u00e5lla r\u00e4tt position medan man v\u00e4ntar p\u00e5 hj\u00e4lp; de \u00e4r utrustade med sp\u00e4nnen som g\u00f6r att selen kan anslutas till anslutnings- och d\u00e4mpningsdelen.\u00a0<\/td><\/tr><tr><td>Anslutande och absorberande underenhet\u00a0<\/td><td>En s\u00e4rskild anordning som f\u00f6rhindrar att arbetstagare faller fr\u00e5n h\u00f6jd. Arbetstagaren \u00e4r f\u00e4st vid st\u00f6d- eller f\u00f6rankringsanordningen med hj\u00e4lp av en f\u00f6rbindande och d\u00e4mpande underenhet, som \u00e4r placerad mellan f\u00f6rankringsanordningen och s\u00e4kerhetsselen.\u00a0<\/td><\/tr><\/tbody><\/table><\/figure>\n\n\n\n<h2 class=\"wp-block-heading\"><strong>Annan information om kursen<\/strong>&nbsp;<\/h2>\n\n\n\n<p>Vi erbjuder utbildning i Warszawa samt i andra st\u00e4der i Polen. Vi fastst\u00e4ller priset individuellt beroende p\u00e5 antalet personer (f\u00f6r st\u00f6rre organiserade grupper finns det m\u00f6jlighet till rabatter). Vi inbjuder dig att anm\u00e4la dig till \u00f6ppna kurser enligt det datumschema som finns tillg\u00e4ngligt p\u00e5 v\u00e5r webbplats. F\u00f6r mer information eller om du har n\u00e5gra fr\u00e5gor, v\u00e4nligen kontakta oss p\u00e5 <a href=\"https:\/\/szkolenia-udt.pl\/sv\/kontakt\/\">kontakta oss<\/a>. V\u00e4lkommen att kontakta oss, anm\u00e4la dig och delta i v\u00e5ra utbildningar!\u00a0<\/p>\n\n\n<div class=\"wp-block-image\">\n<figure class=\"aligncenter\"><a href=\"https:\/\/szkolenia-udt.pl\/wp-content\/uploads\/2022\/08\/0096-oso.edu_.pl_.jpg\"><img loading=\"lazy\" decoding=\"async\" width=\"1024\" height=\"853\" src=\"https:\/\/szkolenia-udt.pl\/wp-content\/uploads\/2022\/08\/0096-oso.edu_.pl_-1024x853.jpg\" alt=\"grafisk reklam f\u00f6r utbildningen\" class=\"wp-image-3120\" srcset=\"https:\/\/szkolenia-udt.pl\/wp-content\/uploads\/2022\/08\/0096-oso.edu_.pl_-1024x853.jpg 1024w, https:\/\/szkolenia-udt.pl\/wp-content\/uploads\/2022\/08\/0096-oso.edu_.pl_-300x250.jpg 300w, https:\/\/szkolenia-udt.pl\/wp-content\/uploads\/2022\/08\/0096-oso.edu_.pl_-768x640.jpg 768w, https:\/\/szkolenia-udt.pl\/wp-content\/uploads\/2022\/08\/0096-oso.edu_.pl_-14x12.jpg 14w, https:\/\/szkolenia-udt.pl\/wp-content\/uploads\/2022\/08\/0096-oso.edu_.pl_.jpg 1200w\" sizes=\"auto, (max-width: 1024px) 100vw, 1024px\" \/><\/a><\/figure>\n<\/div>","protected":false},"excerpt":{"rendered":"<p>O kursie Praca na wysoko\u015bciach wymaga posiadania odpowiednich uprawnie\u0144, bior\u0105c pod uwag\u0119 fakt, \u017ce jest to zaw\u00f3d bardzo niebezpieczny, a wypadek przy pracy mo\u017ce zdarzy\u0107 si\u0119 w ka\u017cdej chwili. Niezwykle wa\u017cne jest, aby osoby pracuj\u0105ce na wysoko\u015bciach mia\u0142y odpowiedn\u0105 wiedz\u0119 i umiej\u0119tno\u015bci niezb\u0119dne do bezpiecznego wykonywania zawodu.\u00a0W zwi\u0105zku z tym, serdecznie zapraszamy na stron\u0119 naszego [&hellip;]<\/p>\n","protected":false},"author":10,"featured_media":3119,"parent":1874,"menu_order":0,"comment_status":"closed","ping_status":"closed","template":"","meta":{"footnotes":""},"class_list":["post-3117","page","type-page","status-publish","has-post-thumbnail","hentry"],"aioseo_notices":[],"_links":{"self":[{"href":"https:\/\/szkolenia-udt.pl\/sv\/wp-json\/wp\/v2\/pages\/3117","targetHints":{"allow":["GET"]}}],"collection":[{"href":"https:\/\/szkolenia-udt.pl\/sv\/wp-json\/wp\/v2\/pages"}],"about":[{"href":"https:\/\/szkolenia-udt.pl\/sv\/wp-json\/wp\/v2\/types\/page"}],"author":[{"embeddable":true,"href":"https:\/\/szkolenia-udt.pl\/sv\/wp-json\/wp\/v2\/users\/10"}],"replies":[{"embeddable":true,"href":"https:\/\/szkolenia-udt.pl\/sv\/wp-json\/wp\/v2\/comments?post=3117"}],"version-history":[{"count":6,"href":"https:\/\/szkolenia-udt.pl\/sv\/wp-json\/wp\/v2\/pages\/3117\/revisions"}],"predecessor-version":[{"id":4677,"href":"https:\/\/szkolenia-udt.pl\/sv\/wp-json\/wp\/v2\/pages\/3117\/revisions\/4677"}],"up":[{"embeddable":true,"href":"https:\/\/szkolenia-udt.pl\/sv\/wp-json\/wp\/v2\/pages\/1874"}],"wp:featuredmedia":[{"embeddable":true,"href":"https:\/\/szkolenia-udt.pl\/sv\/wp-json\/wp\/v2\/media\/3119"}],"wp:attachment":[{"href":"https:\/\/szkolenia-udt.pl\/sv\/wp-json\/wp\/v2\/media?parent=3117"}],"curies":[{"name":"wp","href":"https:\/\/api.w.org\/{rel}","templated":true}]}}