{"id":3126,"date":"2022-08-12T14:52:09","date_gmt":"2022-08-12T12:52:09","guid":{"rendered":"https:\/\/szkolenia-udt.pl\/?page_id=3126"},"modified":"2023-03-26T10:19:24","modified_gmt":"2023-03-26T08:19:24","slug":"udt-utbildning","status":"publish","type":"page","link":"https:\/\/szkolenia-udt.pl\/sv\/kursy\/uprawnienia-udt-tdt-wdt\/szkolenia-z-zakresu-udt\/","title":{"rendered":"UDT-utbildning"},"content":{"rendered":"<h2 class=\"wp-block-heading\"><strong>UTB - hanteringsutrustning<\/strong>\u00a0<\/h2>\n\n\n<div class=\"wp-block-image\">\n<figure class=\"alignright size-large is-resized\"><a href=\"https:\/\/szkolenia-udt.pl\/wp-content\/uploads\/2022\/08\/1234.jpeg\"><img loading=\"lazy\" decoding=\"async\" src=\"https:\/\/szkolenia-udt.pl\/wp-content\/uploads\/2022\/08\/1234-1024x684.jpeg\" alt=\"foto av instrukt\u00f6rer under UTD-tr\u00e4ning\" class=\"wp-image-3128\" width=\"512\" height=\"342\" srcset=\"https:\/\/szkolenia-udt.pl\/wp-content\/uploads\/2022\/08\/1234-1024x684.jpeg 1024w, https:\/\/szkolenia-udt.pl\/wp-content\/uploads\/2022\/08\/1234-300x200.jpeg 300w, https:\/\/szkolenia-udt.pl\/wp-content\/uploads\/2022\/08\/1234-768x513.jpeg 768w, https:\/\/szkolenia-udt.pl\/wp-content\/uploads\/2022\/08\/1234-1536x1025.jpeg 1536w, https:\/\/szkolenia-udt.pl\/wp-content\/uploads\/2022\/08\/1234-18x12.jpeg 18w, https:\/\/szkolenia-udt.pl\/wp-content\/uploads\/2022\/08\/1234.jpeg 1600w\" sizes=\"auto, (max-width: 512px) 100vw, 512px\" \/><\/a><\/figure>\n<\/div>\n\n\n<p>Materialhanteringsutrustning \u00e4r utrustning som st\u00e5r under UDT:s tekniska \u00f6vervakning. Detta omfattar bland annat f\u00f6ljande:&nbsp;<\/p>\n\n\n\n<ul class=\"wp-block-list\">\n<li>kranar,&nbsp;&nbsp;<\/li>\n\n\n\n<li>olika typer av kranar,&nbsp;&nbsp;<\/li>\n\n\n\n<li>gaffeltruckar,&nbsp;&nbsp;<\/li>\n\n\n\n<li>hissar,&nbsp;&nbsp;<\/li>\n\n\n\n<li>mobila plattformar,&nbsp;&nbsp;<\/li>\n\n\n\n<li>kranar,&nbsp;&nbsp;<\/li>\n\n\n\n<li>hissar och vinschar.&nbsp;&nbsp;<\/li>\n<\/ul>\n\n\n\n<p>Detta inneb\u00e4r att de endast f\u00e5r anv\u00e4ndas, repareras, underh\u00e5llas och inspekteras av en person som \u00e4r certifierad f\u00f6r detta. Av denna anledning har vi utvecklat yrkeskurser f\u00f6r dem som vill f\u00f6rv\u00e4rva dem. Vi har i m\u00e5nga \u00e5r tillhandah\u00e5llit yrkesutbildningar f\u00f6r anst\u00e4llda i hela Polen. Vi erbjuder yrkeskurser som ger dig m\u00f6jlighet att erh\u00e5lla auktorisationer fr\u00e5n kontoret f\u00f6r teknisk inspektion och sedan hitta ett jobb som utrustningsoperat\u00f6r.\u00a0\u00a0<\/p>\n\n\n\n<h2 class=\"wp-block-heading\"><strong>Utbildning f\u00f6r organisationer i det civila samh\u00e4llet<\/strong>&nbsp;<\/h2>\n\n\n\n<p>I v\u00e5rt utbud hittar du bland annat utbildning i f\u00f6ljande \u00e4mnen:&nbsp;<\/p>\n\n\n\n<ul class=\"dwiekolumny wp-block-list\">\n<li>mobila lyftplattformar,&nbsp;<\/li>\n\n\n\n<li>station\u00e4ra mobila plattformar,&nbsp;<\/li>\n\n\n\n<li>mobila plattformar med mast,&nbsp;<\/li>\n\n\n\n<li>mobila plattformar,&nbsp;<\/li>\n\n\n\n<li>Arbetsplattformar,&nbsp;<\/li>\n\n\n\n<li>saxliftar,&nbsp;<\/li>\n\n\n\n<li>kranar,&nbsp;<\/li>\n\n\n\n<li>HDS (hydraulisk lastbilskran).&nbsp;<\/li>\n<\/ul>\n\n\n\n<h2 class=\"wp-block-heading\"><strong>V\u00e5r personal<\/strong>&nbsp;<\/h2>\n\n\n\n<p>Vi har mycket kvalificerade instrukt\u00f6rer som undervisar enligt program som skapats i samarbete med de certifieringsorgan som utf\u00e4rdar kvalifikationerna. Varje person som deltar i denna kurs f\u00e5r st\u00f6d och tillg\u00e5ng till undervisningsmaterial.&nbsp;&nbsp;<\/p>\n\n\n<div class=\"wp-block-image\">\n<figure class=\"alignleft size-large is-resized\"><a href=\"https:\/\/szkolenia-udt.pl\/wp-content\/uploads\/2022\/08\/123.webp\"><img loading=\"lazy\" decoding=\"async\" src=\"https:\/\/szkolenia-udt.pl\/wp-content\/uploads\/2022\/08\/123-1024x769.webp\" alt=\"foto av praktikanter\" class=\"wp-image-3127\" width=\"512\" height=\"385\" srcset=\"https:\/\/szkolenia-udt.pl\/wp-content\/uploads\/2022\/08\/123-1024x769.webp 1024w, https:\/\/szkolenia-udt.pl\/wp-content\/uploads\/2022\/08\/123-300x225.webp 300w, https:\/\/szkolenia-udt.pl\/wp-content\/uploads\/2022\/08\/123-768x576.webp 768w, https:\/\/szkolenia-udt.pl\/wp-content\/uploads\/2022\/08\/123-1536x1153.webp 1536w, https:\/\/szkolenia-udt.pl\/wp-content\/uploads\/2022\/08\/123-16x12.webp 16w, https:\/\/szkolenia-udt.pl\/wp-content\/uploads\/2022\/08\/123.webp 1600w\" sizes=\"auto, (max-width: 512px) 100vw, 512px\" \/><\/a><\/figure>\n<\/div>\n\n\n<h2 class=\"wp-block-heading\"><strong>Omfattning av v\u00e5ra kurser<\/strong>&nbsp;<\/h2>\n\n\n\n<p>Vi f\u00f6rbereder deltagarna p\u00e5 ett omfattande s\u00e4tt genom f\u00f6rel\u00e4sningar, d\u00e4r teoretisk kunskap f\u00f6rmedlas, men vi genomf\u00f6r ocks\u00e5 praktiska lektioner, tack vare vilka deltagarna tar till sig den f\u00f6rv\u00e4rvade informationen \u00e4nnu b\u00e4ttre. Beroende p\u00e5 antalet deltagare fastst\u00e4ller vi ett individuellt pris f\u00f6r utbildningen, med attraktiva rabatter f\u00f6r st\u00f6rre grupper. F\u00f6r mer information eller om du har ytterligare fr\u00e5gor, v\u00e4nligen kontakta oss p\u00e5 f\u00f6ljande adress <a href=\"https:\/\/szkolenia-udt.pl\/sv\/kontakt\/\">kontakta oss<\/a>.\u00a0<\/p>\n\n\n\n<h2 class=\"wp-block-heading\"><strong>Form och schema f\u00f6r undervisningen<\/strong>&nbsp;<\/h2>\n\n\n\n<p>Kursen ges i tv\u00e5 olika former:&nbsp;&nbsp;<\/p>\n\n\n\n<ul class=\"wp-block-list\">\n<li><strong>\u00f6ppna <\/strong>- riktar sig till alla som \u00e4r intresserade och genomf\u00f6rs enligt det schema som finns p\u00e5 v\u00e5r webbplats,\u00a0\u00a0\u00a0<\/li>\n\n\n\n<li><strong>st\u00e4ngd <\/strong>- utformade f\u00f6r grupper som organiseras av s\u00e4rskilda arbetsgivare eller institutioner. Dessa kurser kan genomf\u00f6ras individuellt med h\u00e4nsyn till kundernas behov. F\u00f6r slutna grupper \u00e4r utbildningarna tillg\u00e4ngliga p\u00e5 v\u00e5ra filialer, men vi kan ocks\u00e5 enkelt resa och genomf\u00f6ra dem var som helst i Polen.\u00a0<\/li>\n<\/ul>\n\n\n\n<h2 class=\"wp-block-heading\"><strong>UDT - viktig information<\/strong>\u00a0<\/h2>\n\n\n\n<p>Byr\u00e5n f\u00f6r teknisk kontroll \u00e4r den myndighet som har befogenhet att se till att all teknisk utrustning och alla tekniska installationer som enligt lag \u00e4r f\u00f6rem\u00e5l f\u00f6r teknisk tillsyn fungerar s\u00e4kert. Den tillhandah\u00e5ller b\u00e5de UDT-CERT-certifieringsverksamhet och utbildning vid UDT-akademin.\u00a0\u00a0<\/p>\n\n\n\n<h4 class=\"wp-block-heading\"><strong>De viktigaste uppgifterna f\u00f6r kontoret f\u00f6r teknisk kontroll \u00e4r f\u00f6ljande:<\/strong>&nbsp;&nbsp;<\/h4>\n\n\n\n<ul class=\"dwiekolumny wp-block-list\">\n<li>certifiering av utrustningens kvalitet,&nbsp;&nbsp;<\/li>\n\n\n\n<li>avge yttranden och fatta beslut,&nbsp;&nbsp;<\/li>\n\n\n\n<li>teknisk \u00f6vervakning av utrustningen,&nbsp;&nbsp;<\/li>\n\n\n\n<li>skadeanalys,&nbsp;&nbsp;&nbsp;<\/li>\n\n\n\n<li>\u00d6vervakning av riskniv\u00e5n,&nbsp;&nbsp;<\/li>\n\n\n\n<li>Registrering av utrustning som tas i bruk,&nbsp;&nbsp;<\/li>\n\n\n\n<li>Kontroll av kvalifikationer,&nbsp;&nbsp;<\/li>\n\n\n\n<li>genomf\u00f6ra verksamhet f\u00f6r att f\u00f6rb\u00e4ttra yrkeskvalifikationer.&nbsp;<\/li>\n<\/ul>\n\n\n\n<h2 class=\"wp-block-heading\"><strong>UDT-kvalifikationer<\/strong>&nbsp;<\/h2>\n\n\n<div class=\"wp-block-image\">\n<figure class=\"aligncenter size-large is-resized\"><a href=\"https:\/\/szkolenia-udt.pl\/wp-content\/uploads\/2022\/08\/UDT-ERGON1.jpeg\"><img loading=\"lazy\" decoding=\"async\" src=\"https:\/\/szkolenia-udt.pl\/wp-content\/uploads\/2022\/08\/UDT-ERGON1-1024x433.jpeg\" alt=\"Utbildning f\u00f6r godk\u00e4nnande av UDT\" class=\"wp-image-3129\" width=\"768\" height=\"325\" srcset=\"https:\/\/szkolenia-udt.pl\/wp-content\/uploads\/2022\/08\/UDT-ERGON1-1024x433.jpeg 1024w, https:\/\/szkolenia-udt.pl\/wp-content\/uploads\/2022\/08\/UDT-ERGON1-300x127.jpeg 300w, https:\/\/szkolenia-udt.pl\/wp-content\/uploads\/2022\/08\/UDT-ERGON1-768x325.jpeg 768w, https:\/\/szkolenia-udt.pl\/wp-content\/uploads\/2022\/08\/UDT-ERGON1-1536x650.jpeg 1536w, https:\/\/szkolenia-udt.pl\/wp-content\/uploads\/2022\/08\/UDT-ERGON1-18x8.jpeg 18w, https:\/\/szkolenia-udt.pl\/wp-content\/uploads\/2022\/08\/UDT-ERGON1.jpeg 1588w\" sizes=\"auto, (max-width: 768px) 100vw, 768px\" \/><\/a><\/figure>\n<\/div>\n\n\n<p>UDT-certifikatet \u00e4r en kvalifikation f\u00f6r personer som vill anv\u00e4nda eller underh\u00e5lla utrustning som omfattas av teknisk \u00f6vervakning, i synnerhet materialhanteringsutrustning. Certifikatet utf\u00e4rdas av en kommission utsedd av kontoret f\u00f6r teknisk inspektion och \u00e4r avsett att bekr\u00e4fta kunskap om specifikationerna f\u00f6r teknisk inspektion, n\u00f6dv\u00e4ndiga f\u00f6reskrifter och standarder samt f\u00f6rm\u00e5gan att utf\u00f6ra praktiska aktiviteter i samband med drift eller underh\u00e5ll av utrustning. Den som vill ut\u00f6va ett yrke som kr\u00e4ver ett UDT-certifikat m\u00e5ste genomg\u00e5 relevant utbildning och klara en auktoriseringsexamen. Kvalifikationsbeviset utf\u00e4rdas p\u00e5 grundval av ett godk\u00e4nt statligt prov inf\u00f6r en kommission som utsetts av kontoret f\u00f6r teknisk inspektion. Denna unders\u00f6kning testar b\u00e5de teoretiska kunskaper och praktiska f\u00e4rdigheter i driften av den valda hanteringsutrustningen. F\u00f6r att kunna delta i provet m\u00e5ste du l\u00e4mna in den relevanta ans\u00f6kan om verifiering av de kvalifikationer som kr\u00e4vs f\u00f6r att anv\u00e4nda och underh\u00e5lla den tekniska utrustningen. Vi erbjuder hj\u00e4lp med att anm\u00e4la dig till UDT-examen!\u00a0<\/p>\n\n\n\n<p>Vi bjuder in dig att kontakta oss och anm\u00e4la dig till de kurser som v\u00e5rt f\u00f6retag erbjuder!<\/p>","protected":false},"excerpt":{"rendered":"<p>UTB \u2013 Urz\u0105dzenia Transportu Bliskiego\u00a0 Urz\u0105dzenia transportu bliskiego to urz\u0105dzenia, kt\u00f3re s\u0105 obj\u0119te dozorem technicznym UDT. S\u0105 to mi\u0119dzy innymi:&nbsp; Oznacza to, \u017ce ich obs\u0142ug\u0119, napraw\u0119, konserwacj\u0119 i przegl\u0105d mo\u017ce wykonywa\u0107 tyko osoba posiadaj\u0105ca do tego odpowiednie uprawnienia.\u00a0W zwi\u0105zku z powy\u017cszym, stworzyli\u015bmy profesjonalne kursy dla os\u00f3b ch\u0119tnych je zdoby\u0107. Profesjonalne szkolenia dla pracownik\u00f3w s\u0105 prowadzone [&hellip;]<\/p>\n","protected":false},"author":10,"featured_media":3127,"parent":2266,"menu_order":0,"comment_status":"closed","ping_status":"closed","template":"","meta":{"footnotes":""},"class_list":["post-3126","page","type-page","status-publish","has-post-thumbnail","hentry"],"aioseo_notices":[],"_links":{"self":[{"href":"https:\/\/szkolenia-udt.pl\/sv\/wp-json\/wp\/v2\/pages\/3126","targetHints":{"allow":["GET"]}}],"collection":[{"href":"https:\/\/szkolenia-udt.pl\/sv\/wp-json\/wp\/v2\/pages"}],"about":[{"href":"https:\/\/szkolenia-udt.pl\/sv\/wp-json\/wp\/v2\/types\/page"}],"author":[{"embeddable":true,"href":"https:\/\/szkolenia-udt.pl\/sv\/wp-json\/wp\/v2\/users\/10"}],"replies":[{"embeddable":true,"href":"https:\/\/szkolenia-udt.pl\/sv\/wp-json\/wp\/v2\/comments?post=3126"}],"version-history":[{"count":3,"href":"https:\/\/szkolenia-udt.pl\/sv\/wp-json\/wp\/v2\/pages\/3126\/revisions"}],"predecessor-version":[{"id":4736,"href":"https:\/\/szkolenia-udt.pl\/sv\/wp-json\/wp\/v2\/pages\/3126\/revisions\/4736"}],"up":[{"embeddable":true,"href":"https:\/\/szkolenia-udt.pl\/sv\/wp-json\/wp\/v2\/pages\/2266"}],"wp:featuredmedia":[{"embeddable":true,"href":"https:\/\/szkolenia-udt.pl\/sv\/wp-json\/wp\/v2\/media\/3127"}],"wp:attachment":[{"href":"https:\/\/szkolenia-udt.pl\/sv\/wp-json\/wp\/v2\/media?parent=3126"}],"curies":[{"name":"wp","href":"https:\/\/api.w.org\/{rel}","templated":true}]}}