{"id":3132,"date":"2022-08-12T15:49:56","date_gmt":"2022-08-12T13:49:56","guid":{"rendered":"https:\/\/szkolenia-udt.pl\/?page_id=3132"},"modified":"2023-03-20T13:59:24","modified_gmt":"2023-03-20T12:59:24","slug":"ppoz-i-egen-hog-person","status":"publish","type":"page","link":"https:\/\/szkolenia-udt.pl\/sv\/kursy\/bhp-ppoz\/ppoz-w-oso\/","title":{"rendered":"Brandskyddsutbildning vid OSO"},"content":{"rendered":"<h2 class=\"wp-block-heading\"><strong>Utbildning i organisationer inom det civila samh\u00e4llet<\/strong>\u00a0<\/h2>\n\n\n<div class=\"wp-block-image\">\n<figure class=\"alignright size-large is-resized\"><a href=\"https:\/\/szkolenia-udt.pl\/wp-content\/uploads\/2022\/08\/2-4.jpeg\"><img loading=\"lazy\" decoding=\"async\" src=\"https:\/\/szkolenia-udt.pl\/wp-content\/uploads\/2022\/08\/2-4-1024x868.jpeg\" alt=\"brandsl\u00e4ckare i utbildningslokalen\" class=\"wp-image-3134\" width=\"512\" height=\"434\" srcset=\"https:\/\/szkolenia-udt.pl\/wp-content\/uploads\/2022\/08\/2-4-1024x868.jpeg 1024w, https:\/\/szkolenia-udt.pl\/wp-content\/uploads\/2022\/08\/2-4-300x254.jpeg 300w, https:\/\/szkolenia-udt.pl\/wp-content\/uploads\/2022\/08\/2-4-768x651.jpeg 768w, https:\/\/szkolenia-udt.pl\/wp-content\/uploads\/2022\/08\/2-4-1536x1302.jpeg 1536w, https:\/\/szkolenia-udt.pl\/wp-content\/uploads\/2022\/08\/2-4-14x12.jpeg 14w, https:\/\/szkolenia-udt.pl\/wp-content\/uploads\/2022\/08\/2-4.jpeg 1600w\" sizes=\"auto, (max-width: 512px) 100vw, 512px\" \/><\/a><\/figure>\n<\/div>\n\n\n<p>P\u00e5 v\u00e5r webbplats hittar du expertutbildningar i brands\u00e4kerhet. Det \u00e4r kurser som garanterar att de anst\u00e4llda \u00e4r ordentligt f\u00f6rberedda f\u00f6r att utf\u00f6ra sitt arbete p\u00e5 ett s\u00e4kert s\u00e4tt. Vi l\u00e4gger alla v\u00e5ra anstr\u00e4ngningar p\u00e5 att s\u00e4kerst\u00e4lla b\u00e4sta m\u00f6jliga kvalitet p\u00e5 v\u00e5ra kurser. Vi har moderna anl\u00e4ggningar och utbildningslokaler samt kompetenta instrukt\u00f6rer som \u00e4r tillg\u00e4ngliga och v\u00e4lkvalificerade. Dessutom satsar vi p\u00e5 ett omfattande och utvecklande program. Vi har ocks\u00e5 m\u00e5ng\u00e5rig erfarenhet och v\u00e5ra kurser genomf\u00f6rs i enlighet med den senaste lagstiftningen.\u00a0\u00a0<\/p>\n\n\n\n<h2 class=\"wp-block-heading\"><strong>Hur tr\u00e4nar vi?<\/strong><\/h2>\n\n\n\n<p>Vi erbjuder utbildning i tv\u00e5 delar: teoretisk och praktisk utbildning. Under kursen f\u00e5r deltagarna de obligatoriska kunskaperna och f\u00e4rdigheterna f\u00f6r att uppfylla alla r\u00e4ttsliga och situationsbundna krav.&nbsp;&nbsp;<\/p>\n\n\n\n<h4 class=\"wp-block-heading\"><strong>Utbildnings\u00e4mnena omfattar fr\u00e4mst:<\/strong>&nbsp;<\/h4>\n\n\n\n<ul class=\"wp-block-list\">\n<li>Anv\u00e4ndning av handh\u00e5llen brandbek\u00e4mpningsutrustning,&nbsp;<\/li>\n\n\n\n<li>skyltar f\u00f6r brand och evakuering,&nbsp;<\/li>\n\n\n\n<li>N\u00f6df\u00f6rfaranden och utrymning,&nbsp;<\/li>\n\n\n\n<li>Utplacering av brandbek\u00e4mpningsutrustning,&nbsp;<\/li>\n\n\n\n<li>regler f\u00f6r korrekt kontakt med de ber\u00f6rda enheterna,&nbsp;<\/li>\n\n\n\n<li>ge f\u00f6rsta hj\u00e4lpen till offret,&nbsp;<\/li>\n\n\n\n<li>brandrisker p\u00e5 arbetsplatsen,&nbsp;<\/li>\n\n\n\n<li>Brandinstruktionen f\u00f6r arbetet i fr\u00e5ga.&nbsp;<\/li>\n<\/ul>\n\n\n\n<p>Den teoretiska delen kompletteras med praktiska \u00f6vningar. Det b\u00f6r noteras att de ovann\u00e4mnda \u00e4mnena kan anpassas och f\u00f6rfinas individuellt till v\u00e5ra kunders behov. Alla som fullf\u00f6ljer kursen f\u00e5r ett intyg p\u00e5 att de har slutf\u00f6rt brandskyddsutbildningen.&nbsp;<\/p>\n\n\n\n<h2 class=\"wp-block-heading\"><strong>Vilka typer av utbildningar erbjuder vi?\u00a0<\/strong><\/h2>\n\n\n\n<p>Vi erbjuder tv\u00e5 typer av utbildningar:&nbsp;<\/p>\n\n\n\n<figure class=\"wp-block-table\"><table><tbody><tr><td><strong>Typ:<\/strong>&nbsp;<\/td><td><strong>F\u00f6r vem?<\/strong>&nbsp;<\/td><td><strong>M\u00e5l<\/strong>&nbsp;<\/td><\/tr><tr><td><strong>Prelimin\u00e4rt<\/strong>&nbsp;<\/td><td>Utformad f\u00f6r nyanst\u00e4llda p\u00e5 ett visst f\u00f6retag.&nbsp;<\/td><td>Bekanta sig med g\u00e4llande best\u00e4mmelser och instruktioner om brands\u00e4kerhet och f\u00f6rklaring av f\u00f6rh\u00e5llningsreglerna i h\u00e4ndelse av brand.&nbsp;<\/td><\/tr><tr><td><strong>Periodisk<\/strong>&nbsp;<\/td><td>Avsedd f\u00f6r anst\u00e4llda p\u00e5 ett visst f\u00f6retag.&nbsp;<\/td><td>Komplettera och uppdatera kunskaperna.&nbsp;<\/td><\/tr><\/tbody><\/table><\/figure>\n\n\n\n<h2 class=\"wp-block-heading\"><strong>Var hittar du oss?<\/strong>&nbsp;<\/h2>\n\n\n<div class=\"wp-block-image\">\n<figure class=\"alignleft size-large is-resized\"><a href=\"https:\/\/szkolenia-udt.pl\/wp-content\/uploads\/2022\/08\/1-1.webp\"><img loading=\"lazy\" decoding=\"async\" src=\"https:\/\/szkolenia-udt.pl\/wp-content\/uploads\/2022\/08\/1-1-1024x683.webp\" alt=\"Deltagare i utbildningen i brands\u00e4kerhet \" class=\"wp-image-3133\" width=\"512\" height=\"342\" srcset=\"https:\/\/szkolenia-udt.pl\/wp-content\/uploads\/2022\/08\/1-1-1024x683.webp 1024w, https:\/\/szkolenia-udt.pl\/wp-content\/uploads\/2022\/08\/1-1-300x200.webp 300w, https:\/\/szkolenia-udt.pl\/wp-content\/uploads\/2022\/08\/1-1-768x512.webp 768w, https:\/\/szkolenia-udt.pl\/wp-content\/uploads\/2022\/08\/1-1-1536x1024.webp 1536w, https:\/\/szkolenia-udt.pl\/wp-content\/uploads\/2022\/08\/1-1-18x12.webp 18w, https:\/\/szkolenia-udt.pl\/wp-content\/uploads\/2022\/08\/1-1.webp 1600w\" sizes=\"auto, (max-width: 512px) 100vw, 512px\" \/><\/a><\/figure>\n<\/div>\n\n\n<p>V\u00e5rt huvudkontor ligger i Warszawa, men vi erbjuder utbildning i hela landet och utomlands. Enligt det aktuella schemat kan du anm\u00e4la dig till brandskyddsutbildning p\u00e5 en plats som du sj\u00e4lv v\u00e4ljer. F\u00f6r en detaljerad lista \u00f6ver kursdatum uppmanar vi dig att ringa v\u00e5rt kontor. Vi \u00e4r tillg\u00e4ngliga p\u00e5 det telefonnummer som anges p\u00e5 v\u00e5r webbplats.&nbsp;<\/p>\n\n\n\n<h2 class=\"wp-block-heading\"><strong>Erbjuda att resa till kunden<\/strong>&nbsp;<\/h2>\n\n\n\n<p>N\u00e4r det g\u00e4ller slutna kurser som riktar sig till organiserade grupper erbjuder vi resor och kursleveranser till vilken plats som helst i Polen. <a href=\"https:\/\/szkolenia-udt.pl\/sv\/oferta\/\">Pris<\/a> \u00e4r beroende av antalet personer och fastst\u00e4lls d\u00e4rf\u00f6r individuellt. St\u00f6rre grupper har r\u00e4tt till attraktiva rabatter. F\u00f6r att anm\u00e4la dig till kursen eller f\u00f6r att f\u00e5 svar p\u00e5 andra fr\u00e5gor som du kan ha, v\u00e4nligen kontakta oss p\u00e5 f\u00f6ljande adress <a href=\"https:\/\/szkolenia-udt.pl\/sv\/kontakt\/\">kontakta oss<\/a>.&nbsp;<\/p>\n\n\n\n<h2 class=\"wp-block-heading\"><strong>Vad \u00e4r brandskydd?<\/strong>&nbsp;<\/h2>\n\n\n\n<p>Brandskydd \u00e4r de \u00e5tg\u00e4rder som vidtas f\u00f6r att skydda m\u00e4nniskors och djurs liv och h\u00e4lsa och f\u00f6r att skydda egendom fr\u00e5n brand, naturkatastrofer och andra lokala risker. Brandskydd \u00e4r en lagreglerad \u00e5tg\u00e4rd som \u00e5l\u00e4gger f\u00f6rvaltare och \u00e4gare av byggnader och mark att anv\u00e4nda l\u00e4mpligt utformade brandskyddssystem som kan minimera risken f\u00f6r brand och effektivt eliminera dess effekter.&nbsp;<\/p>\n\n\n\n<h2 class=\"wp-block-heading\"><strong>Brandskydd p\u00e5 arbetsplatsen<\/strong>&nbsp;<\/h2>\n\n\n\n<p>Alla som anv\u00e4nder en byggnad, anl\u00e4ggning, milj\u00f6 eller mark \u00e4r skyldiga att skydda den mot brandrisker, oavsett om det \u00e4r en privatperson, juridisk person, organisation eller institution. Enligt lagen \u00e4r varje person som innehar en byggnad, plats eller anl\u00e4ggning ansvarig f\u00f6r att s\u00e4kerst\u00e4lla brandskyddet.  Den \u00e4r d\u00e4rf\u00f6r skyldig att:\u00a0<\/p>\n\n\n<div class=\"wp-block-image\">\n<figure class=\"alignright size-large is-resized\"><a href=\"https:\/\/szkolenia-udt.pl\/wp-content\/uploads\/2022\/08\/3.webp\"><img loading=\"lazy\" decoding=\"async\" src=\"https:\/\/szkolenia-udt.pl\/wp-content\/uploads\/2022\/08\/3-1024x678.webp\" alt=\"foto av anv\u00e4ndningen av en brandsl\u00e4ckare under en brand\" class=\"wp-image-3135\" width=\"512\" height=\"339\" srcset=\"https:\/\/szkolenia-udt.pl\/wp-content\/uploads\/2022\/08\/3-1024x678.webp 1024w, https:\/\/szkolenia-udt.pl\/wp-content\/uploads\/2022\/08\/3-300x199.webp 300w, https:\/\/szkolenia-udt.pl\/wp-content\/uploads\/2022\/08\/3-768x509.webp 768w, https:\/\/szkolenia-udt.pl\/wp-content\/uploads\/2022\/08\/3-1536x1018.webp 1536w, https:\/\/szkolenia-udt.pl\/wp-content\/uploads\/2022\/08\/3-18x12.webp 18w, https:\/\/szkolenia-udt.pl\/wp-content\/uploads\/2022\/08\/3.webp 1600w\" sizes=\"auto, (max-width: 512px) 100vw, 512px\" \/><\/a><\/figure>\n<\/div>\n\n\n<ul class=\"wp-block-list\">\n<li>garantera underh\u00e5ll och reparation av brandsl\u00e4ckare och brandbek\u00e4mpningsutrustning s\u00e5 att de \u00e4r effektiva och tillf\u00f6rlitliga;&nbsp;<\/li>\n\n\n\n<li>tillhandah\u00e5lla en brandsl\u00e4ckare och annan obligatorisk brand- och r\u00e4ddningsutrustning i byggnaden, konstruktionen eller p\u00e5 omr\u00e5det;&nbsp;<\/li>\n\n\n\n<li>Utse personer som ansvarar f\u00f6r evakuering av de \u00e5terst\u00e5ende arbetstagarna, kontakt med tj\u00e4nsterna och f\u00f6rsta hj\u00e4lpen;&nbsp;<\/li>\n\n\n\n<li>uppfylla brandskyddskraven: tekniska, installationsm\u00e4ssiga och tekniska;&nbsp;<\/li>\n\n\n\n<li>personer som befinner sig i byggnaden f\u00f6r att garantera s\u00e4kerheten och en smidig evakuering;&nbsp;<\/li>\n\n\n\n<li>anpassa byggnaden, strukturen eller platsen till r\u00e4ddningsinsatsen;&nbsp;<\/li>\n\n\n\n<li>g\u00f6ra sina anst\u00e4llda f\u00f6rtrogna med de g\u00e4llande brandskyddsbest\u00e4mmelserna;&nbsp;<\/li>\n\n\n\n<li>identifiera m\u00f6jliga l\u00f6sningar f\u00f6r att hantera en brand, naturkatastrof eller annan n\u00f6dsituation.&nbsp;<\/li>\n<\/ul>\n\n\n\n<h2 class=\"wp-block-heading\"><strong>Arbetstagarens ansvarsomr\u00e5den<\/strong>&nbsp;<\/h2>\n\n\n\n<p>Personalens ansvarsomr\u00e5den omfattar:&nbsp;<\/p>\n\n\n\n<ul class=\"wp-block-list\">\n<li>&nbsp;informera arbetsgivaren om risker eller olyckor som uppt\u00e4cks;&nbsp;<\/li>\n\n\n\n<li>&nbsp;Genomg\u00e5ngen grundutbildning i arbetsmilj\u00f6 och brands\u00e4kerhet (f\u00f6r nyanst\u00e4llda);&nbsp;&nbsp;<\/li>\n\n\n\n<li>Genomf\u00f6ra regelbunden utbildning i arbetsmilj\u00f6 och brands\u00e4kerhet (f\u00f6r fast anst\u00e4lld personal);&nbsp;<\/li>\n\n\n\n<li>&nbsp;k\u00e4nna till och f\u00f6lja best\u00e4mmelserna om h\u00e4lsa, s\u00e4kerhet och brandskydd.&nbsp;&nbsp;<\/li>\n<\/ul>\n\n\n\n<p>Du \u00e4r hj\u00e4rtligt inbjuden till utbildningar p\u00e5 v\u00e5r <a href=\"https:\/\/szkolenia-udt.pl\/sv\/o-firmie\/\">Centrum f\u00f6r utbildning av operat\u00f6rer<\/a>d\u00e4r vi genomf\u00f6r brands\u00e4kerhetskurser. Vi erbjuder professionellt st\u00f6d till \u00f6verkomliga priser. Vi bjuder in dig att anm\u00e4la dig och delta i v\u00e5ra utbildningar!<\/p>\n\n\n<div class=\"wp-block-image\">\n<figure class=\"aligncenter size-full is-resized\"><a href=\"https:\/\/szkolenia-udt.pl\/wp-content\/uploads\/2022\/08\/0094-oso.edu_.pl_.jpg\"><img loading=\"lazy\" decoding=\"async\" src=\"https:\/\/szkolenia-udt.pl\/wp-content\/uploads\/2022\/08\/0094-oso.edu_.pl_.jpg\" alt=\"\" class=\"wp-image-3136\" width=\"454\" height=\"378\" srcset=\"https:\/\/szkolenia-udt.pl\/wp-content\/uploads\/2022\/08\/0094-oso.edu_.pl_.jpg 446w, https:\/\/szkolenia-udt.pl\/wp-content\/uploads\/2022\/08\/0094-oso.edu_.pl_-300x250.jpg 300w, https:\/\/szkolenia-udt.pl\/wp-content\/uploads\/2022\/08\/0094-oso.edu_.pl_-14x12.jpg 14w\" sizes=\"auto, (max-width: 454px) 100vw, 454px\" \/><\/a><\/figure>\n<\/div>","protected":false},"excerpt":{"rendered":"<p>Szkolenia w OSO\u00a0 Na naszej stronie mo\u017cna znale\u017a\u0107 fachowe szkolenia w zakresie ochrony PPO\u017b. S\u0105 to kursy, kt\u00f3re zapewniaj\u0105 odpowiednie przygotowanie pracownik\u00f3w do bezpiecznego wykonywania pracy. Przek\u0142adamy wszelkie si\u0142y, aby zapewni\u0107 jak najlepsz\u0105 jako\u015b\u0107 naszych zaj\u0119\u0107.\u00a0Dysponujemy nowoczesnym zapleczem i salami szkoleniowymi oraz kompetentnymi instruktorami, kt\u00f3rzy s\u0105 dyspozycyjni i \u015bwietnie wykwalifikowani. Opr\u00f3cz tego stawiamy na obszerny [&hellip;]<\/p>\n","protected":false},"author":10,"featured_media":3135,"parent":2739,"menu_order":0,"comment_status":"closed","ping_status":"closed","template":"","meta":{"footnotes":""},"class_list":["post-3132","page","type-page","status-publish","has-post-thumbnail","hentry"],"aioseo_notices":[],"_links":{"self":[{"href":"https:\/\/szkolenia-udt.pl\/sv\/wp-json\/wp\/v2\/pages\/3132","targetHints":{"allow":["GET"]}}],"collection":[{"href":"https:\/\/szkolenia-udt.pl\/sv\/wp-json\/wp\/v2\/pages"}],"about":[{"href":"https:\/\/szkolenia-udt.pl\/sv\/wp-json\/wp\/v2\/types\/page"}],"author":[{"embeddable":true,"href":"https:\/\/szkolenia-udt.pl\/sv\/wp-json\/wp\/v2\/users\/10"}],"replies":[{"embeddable":true,"href":"https:\/\/szkolenia-udt.pl\/sv\/wp-json\/wp\/v2\/comments?post=3132"}],"version-history":[{"count":8,"href":"https:\/\/szkolenia-udt.pl\/sv\/wp-json\/wp\/v2\/pages\/3132\/revisions"}],"predecessor-version":[{"id":4625,"href":"https:\/\/szkolenia-udt.pl\/sv\/wp-json\/wp\/v2\/pages\/3132\/revisions\/4625"}],"up":[{"embeddable":true,"href":"https:\/\/szkolenia-udt.pl\/sv\/wp-json\/wp\/v2\/pages\/2739"}],"wp:featuredmedia":[{"embeddable":true,"href":"https:\/\/szkolenia-udt.pl\/sv\/wp-json\/wp\/v2\/media\/3135"}],"wp:attachment":[{"href":"https:\/\/szkolenia-udt.pl\/sv\/wp-json\/wp\/v2\/media?parent=3132"}],"curies":[{"name":"wp","href":"https:\/\/api.w.org\/{rel}","templated":true}]}}