{"id":3143,"date":"2022-08-18T13:21:16","date_gmt":"2022-08-18T11:21:16","guid":{"rendered":"https:\/\/szkolenia-udt.pl\/?page_id=3143"},"modified":"2023-03-20T14:13:38","modified_gmt":"2023-03-20T13:13:38","slug":"skarning-med-brannare","status":"publish","type":"page","link":"https:\/\/szkolenia-udt.pl\/sv\/kursy\/spawanie\/ciecie-palnikiem\/","title":{"rendered":"Oxy-acetylenbr\u00e4nnsk\u00e4rning"},"content":{"rendered":"<h2 class=\"wp-block-heading\"><strong>Om oss<\/strong><\/h2>\n\n\n<div class=\"wp-block-image\">\n<figure class=\"alignright size-large is-resized\"><a href=\"https:\/\/szkolenia-udt.pl\/wp-content\/uploads\/2022\/08\/2-5.jpeg\"><img loading=\"lazy\" decoding=\"async\" src=\"https:\/\/szkolenia-udt.pl\/wp-content\/uploads\/2022\/08\/2-5-1024x682.jpeg\" alt=\"D\u00e4r acetylon-syrebr\u00e4nnaren anv\u00e4nds\" class=\"wp-image-3145\" width=\"512\" height=\"341\" srcset=\"https:\/\/szkolenia-udt.pl\/wp-content\/uploads\/2022\/08\/2-5-1024x682.jpeg 1024w, https:\/\/szkolenia-udt.pl\/wp-content\/uploads\/2022\/08\/2-5-300x200.jpeg 300w, https:\/\/szkolenia-udt.pl\/wp-content\/uploads\/2022\/08\/2-5-768x511.jpeg 768w, https:\/\/szkolenia-udt.pl\/wp-content\/uploads\/2022\/08\/2-5-1536x1022.jpeg 1536w, https:\/\/szkolenia-udt.pl\/wp-content\/uploads\/2022\/08\/2-5-18x12.jpeg 18w, https:\/\/szkolenia-udt.pl\/wp-content\/uploads\/2022\/08\/2-5.jpeg 1600w\" sizes=\"auto, (max-width: 512px) 100vw, 512px\" \/><\/a><\/figure>\n<\/div>\n\n\n<p>Sedan m\u00e5nga \u00e5r tillbaka erbjuder vi specialistutbildning i hantering av teknisk utrustning, t.ex. kranar, mobila plattformar eller gaffeltruckar, utbildning f\u00f6r eldare av v\u00e4rmepannor och centralv\u00e4rmepannor samt <a href=\"https:\/\/szkolenia-udt.pl\/sv\/kursy\/prace-wysokosciowe\/\">h\u00f6jdkurser<\/a> och svetsning, inklusive utbildning i oxy-acetylenbr\u00e4nning. Vi \u00e4r verksamma i hela Polen och utanf\u00f6r landets gr\u00e4nser. Vi samarbetar ocks\u00e5 med statliga examenscentra som t.ex: UDT, TDT, WDT eller IMBiGS.\u00a0\u00a0<\/p>\n\n\n\n<h2 class=\"wp-block-heading\"><strong>Vad garanterar CSO-utbildningen?<\/strong>\u00a0<\/h2>\n\n\n\n<p>I v\u00e5r kurs f\u00e5r du l\u00e4ra dig s\u00e4rskilt f\u00f6ljande: r\u00e4ttsliga och tekniska best\u00e4mmelser, arbetets organisation, v\u00e4rmeteknik, arbetsmilj\u00f6 och s\u00e4kerhet samt principerna f\u00f6r acetylen-oxygensk\u00e4rning.\u00a0\u00a0<\/p>\n\n\n\n<h2 class=\"wp-block-heading\"><strong>Krav<\/strong><\/h2>\n\n\n\n<p>F\u00f6r att kunna delta i utbildningen m\u00e5ste du ha:\u00a0<\/p>\n\n\n\n<ul class=\"wp-block-list\">\n<li>vara minst 18 \u00e5r gammal,&nbsp;<\/li>\n\n\n\n<li>har avslutat minst grundskolan,&nbsp;<\/li>\n\n\n\n<li>L\u00e4karintyg som visar att det inte finns n\u00e5gra kontraindikationer f\u00f6r att utf\u00f6ra sk\u00e4rande arbete med oxyacetylen.\u00a0<\/li>\n<\/ul>\n\n\n\n<h2 class=\"wp-block-heading\"><strong>Oxy-acetylenbr\u00e4nnsk\u00e4rning<\/strong>\u00a0<\/h2>\n\n\n<div class=\"wp-block-image\">\n<figure class=\"alignleft size-large is-resized\"><img loading=\"lazy\" decoding=\"async\" src=\"https:\/\/szkolenia-udt.pl\/wp-content\/uploads\/2022\/08\/1-4-775x1024.jpeg\" alt=\"Plasmask\u00e4rning\" class=\"wp-image-3144\" width=\"388\" height=\"512\" srcset=\"https:\/\/szkolenia-udt.pl\/wp-content\/uploads\/2022\/08\/1-4-775x1024.jpeg 775w, https:\/\/szkolenia-udt.pl\/wp-content\/uploads\/2022\/08\/1-4-227x300.jpeg 227w, https:\/\/szkolenia-udt.pl\/wp-content\/uploads\/2022\/08\/1-4-768x1015.jpeg 768w, https:\/\/szkolenia-udt.pl\/wp-content\/uploads\/2022\/08\/1-4-1163x1536.jpeg 1163w, https:\/\/szkolenia-udt.pl\/wp-content\/uploads\/2022\/08\/1-4-9x12.jpeg 9w, https:\/\/szkolenia-udt.pl\/wp-content\/uploads\/2022\/08\/1-4.jpeg 1211w\" sizes=\"auto, (max-width: 388px) 100vw, 388px\" \/><\/figure>\n<\/div>\n\n\n<p>Oxyacetylensk\u00e4rning \u00e4r en metod f\u00f6r att separera metaller, s\u00e4rskilt l\u00e5glegerat st\u00e5l och st\u00e5l med l\u00e5gt kolinneh\u00e5ll. Gassk\u00e4rningsprocessen inneb\u00e4r att materialet f\u00f6rs till ant\u00e4ndningstemperatur och sedan br\u00e4nns och bl\u00e5ses metallens flytande oxider bort med hj\u00e4lp av en syrestr\u00e5le under tryck. Aceylen-syresk\u00e4rning g\u00f6r att materialet snabbt kan n\u00e5 mycket h\u00f6ga temperaturer.\u00a0\u00a0<\/p>\n\n\n\n<h4 class=\"wp-block-heading\">Om materialet ska sk\u00e4ras p\u00e5 acetylen-syres\u00e4ttet ska det uppfylla tv\u00e5 grundl\u00e4ggande villkor. Dessa \u00e4r:<\/h4>\n\n\n\n<ul class=\"wp-block-list\">\n<li>Metallens ant\u00e4ndning m\u00e5ste ske vid en temperatur under sm\u00e4ltpunkten;&nbsp;<\/li>\n\n\n\n<li>Sm\u00e4ltningen av de basiska oxiderna m\u00e5ste ske vid en temperatur som \u00e4r l\u00e4gre \u00e4n ant\u00e4ndningstemperatur.&nbsp;<\/li>\n<\/ul>\n\n\n\n<h4 class=\"wp-block-heading\"><strong>Metaller som inte l\u00e4mpar sig f\u00f6r gassk\u00e4rning:<\/strong>&nbsp;<\/h4>\n\n\n\n<ul class=\"trzykolumny wp-block-list\">\n<li>m\u00e4ssing;&nbsp;<\/li>\n\n\n\n<li>brons;&nbsp;<\/li>\n\n\n\n<li>Volfram;&nbsp;<\/li>\n\n\n\n<li>titan;&nbsp;<\/li>\n\n\n\n<li>gjutj\u00e4rn;&nbsp;<\/li>\n\n\n\n<li>j\u00e4rn.&nbsp;<\/li>\n<\/ul>\n\n\n\n<p>N\u00e4r det g\u00e4ller att uppn\u00e5 en h\u00f6gkvalitativ sk\u00e4rning b\u00f6r fokus ligga p\u00e5 att styra br\u00e4nnaren, h\u00e5lla avst\u00e5ndet mellan br\u00e4nnarens munstycke och materialet som sk\u00e4rs och h\u00e5lla sk\u00e4rhastigheten s\u00e5 konstant som m\u00f6jligt. N\u00e4r det \u00e4r sv\u00e5rt att h\u00e5lla avst\u00e5ndet anv\u00e4nds styrrullar. Avst\u00e5ndet mellan munstycket och det material som ska sk\u00e4ras beror p\u00e5 materialets tjocklek. Sk\u00e4rets kvalitet p\u00e5verkas av valet av br\u00e4nnare. Br\u00e4nnare delas in i universalbr\u00e4nnare och br\u00e4nnare som endast anv\u00e4nds f\u00f6r sk\u00e4rning.\u00a0\u00a0<\/p>\n\n\n\n<h2 class=\"wp-block-heading\">F\u00f6r- och nackdelar med gassk\u00e4rning<\/h2>\n\n\n\n<div class=\"wp-block-group dwiekolumny\"><div class=\"wp-block-group__inner-container is-layout-constrained wp-block-group-is-layout-constrained\">\n<h4 class=\"wp-block-heading\"><strong>F\u00f6rdelar med gassk\u00e4rning:<\/strong>&nbsp;<\/h4>\n\n\n\n<ul class=\"wp-block-list\">\n<li>M\u00f6jlighet att sk\u00e4ra i olika vinklar;&nbsp;<\/li>\n\n\n\n<li>M\u00f6jligheten till automatisering;&nbsp;<\/li>\n\n\n\n<li>Mycket stort intervall f\u00f6r sk\u00e4rande tjocklek;&nbsp;<\/li>\n\n\n\n<li>Bra sk\u00e4rkvalitet f\u00f6r tjockare material;&nbsp;<\/li>\n\n\n\n<li>vinkelr\u00e4ta sk\u00e4reggar.&nbsp;<\/li>\n<\/ul>\n\n\n\n<h4 class=\"wp-block-heading\"><strong>Nackdelar med gassk\u00e4rning:<\/strong>&nbsp;<\/h4>\n\n\n\n<ul class=\"wp-block-list\">\n<li>l\u00e5g klipphastighet;&nbsp;<\/li>\n\n\n\n<li>stor v\u00e4rmep\u00e5verkad zon;&nbsp;<\/li>\n\n\n\n<li>ingen sk\u00e4rning av h\u00f6glegerade st\u00e5l;&nbsp;<\/li>\n\n\n\n<li>\u00d6kad genombrottstid genom materialet.&nbsp;<\/li>\n<\/ul>\n<\/div><\/div>\n\n\n\n<h2 class=\"wp-block-heading\"><strong>Var anv\u00e4nds acetylen-oxygenbr\u00e4nnaren?<\/strong>\u00a0<\/h2>\n\n\n\n<p>Den h\u00e4r typen av br\u00e4nnare anv\u00e4nds inte bara i stora f\u00f6retag, utan \u00e4ven i sm\u00e5 f\u00f6retag och verkst\u00e4der. Den \u00e4r grunden f\u00f6r allt arbete som inneb\u00e4r bearbetning, sk\u00e4rning och svetsning av olika metallegeringar. Den anv\u00e4nds \u00f6verallt d\u00e4r precision \u00e4r n\u00f6dv\u00e4ndig.  Sk\u00e4rning med en oxyacetylenbr\u00e4nnare ger relativt l\u00e5ga driftskostnader.&nbsp;<\/p>\n\n\n\n<h2 class=\"wp-block-heading\"><strong>Plasmask\u00e4rning<\/strong>&nbsp;<\/h2>\n\n\n\n<p>Den best\u00e5r av att sm\u00e4lta och skjuta ut metall fr\u00e5n sk\u00e4rspalten med hj\u00e4lp av en plasmab\u00e5ge som gl\u00f6der mellan elektroden och arbetsstycket. Elektroden kyls med vatten eller luft. Vid plasmask\u00e4rning sm\u00e4lter materialet lokalt, vid temperaturer p\u00e5 upp till 2 000 grader Celsius.&nbsp;&nbsp;<\/p>\n\n\n<div class=\"wp-block-image\">\n<figure class=\"alignright size-large is-resized\"><a href=\"https:\/\/szkolenia-udt.pl\/wp-content\/uploads\/2022\/08\/3-3.jpeg\"><img loading=\"lazy\" decoding=\"async\" src=\"https:\/\/szkolenia-udt.pl\/wp-content\/uploads\/2022\/08\/3-3-768x1024.jpeg\" alt=\"N\u00e4r acetylon-oxygenbr\u00e4nnare anv\u00e4nds\" class=\"wp-image-3146\" width=\"384\" height=\"512\" srcset=\"https:\/\/szkolenia-udt.pl\/wp-content\/uploads\/2022\/08\/3-3-768x1024.jpeg 768w, https:\/\/szkolenia-udt.pl\/wp-content\/uploads\/2022\/08\/3-3-225x300.jpeg 225w, https:\/\/szkolenia-udt.pl\/wp-content\/uploads\/2022\/08\/3-3-1152x1536.jpeg 1152w, https:\/\/szkolenia-udt.pl\/wp-content\/uploads\/2022\/08\/3-3-9x12.jpeg 9w, https:\/\/szkolenia-udt.pl\/wp-content\/uploads\/2022\/08\/3-3.jpeg 1200w\" sizes=\"auto, (max-width: 384px) 100vw, 384px\" \/><\/a><\/figure>\n<\/div>\n\n\n<h4 class=\"wp-block-heading\"><strong>Metoder f\u00f6r plasmask\u00e4rning:<\/strong>&nbsp;<\/h4>\n\n\n\n<ul class=\"wp-block-list\">\n<li><strong>fasning<\/strong> - Br\u00e4nnaren placeras \u00f6ver arbetsstycket i en l\u00e4mplig vinkel;&nbsp;<\/li>\n\n\n\n<li><strong>grundl\u00e4ggande<\/strong> - inneb\u00e4r klassisk bearbetning av arbetsstycket fr\u00e5n kanten;&nbsp;<\/li>\n\n\n\n<li><strong>mall<\/strong> - Bearbetningen av materialet sker med hj\u00e4lp av ett f\u00f6rpreparerat m\u00f6nster;\u00a0<\/li>\n\n\n\n<li><strong>gouging<\/strong> - Genom att placera plasmabr\u00e4nnaren i en vinkel, s\u00e5 att materialet inte sk\u00e4rs av, bildas regelbundna sp\u00e5r;\u00a0<\/li>\n\n\n\n<li><strong>mekaniserad<\/strong> - utf\u00f6rs med CNC-maskiner och industrirobotar, det s\u00e4kraste s\u00e4ttet att sk\u00e4ra;&nbsp;<\/li>\n\n\n\n<li><strong>Sk\u00e4rning av flera ark p\u00e5 samma g\u00e5ng.<\/strong> - mindre drift av br\u00e4nnaren och tidsbesparingar.\u00a0<\/li>\n<\/ul>\n\n\n\n<h2 class=\"wp-block-heading\">V\u00e5ra andra kurser<\/h2>\n\n\n\n<p>Vi bjuder in dig till kurser i bland annat:\u00a0<\/p>\n\n\n\n<ul class=\"wp-block-list\">\n<li>sk\u00e4rning med br\u00e4nnare,&nbsp;<\/li>\n\n\n\n<li>svetsning,&nbsp;<\/li>\n\n\n\n<li>svetsning,&nbsp;<\/li>\n\n\n\n<li>fl\u00e4nsade anslutningar,&nbsp;<\/li>\n\n\n\n<li>l\u00f6dning.&nbsp;<\/li>\n<\/ul>\n\n\n\n<p>Vi utbildar ocks\u00e5 framtida operat\u00f6rer och underh\u00e5llare av maskiner, t.ex. kranar, HDS, mobila plattformar, skopor och andra. Vi har varit verksamma i hela Polen i m\u00e5nga \u00e5r. Vi erbjuder professionell f\u00f6rberedelse och T\u00dcV-certifiering.&nbsp;<\/p>\n\n\n\n<p>Du kan anm\u00e4la dig till \u00f6ppna kurser och kontakta oss f\u00f6r slutna kurser.&nbsp;<\/p>\n\n\n<div class=\"wp-block-image\">\n<figure class=\"aligncenter\"><a href=\"https:\/\/szkolenia-udt.pl\/wp-content\/uploads\/2022\/08\/0071-oso.edu_.pl_.jpg\"><img loading=\"lazy\" decoding=\"async\" width=\"1024\" height=\"853\" src=\"https:\/\/szkolenia-udt.pl\/wp-content\/uploads\/2022\/08\/0071-oso.edu_.pl_-1024x853.jpg\" alt=\"grafisk reklam f\u00f6r utbildningen\" class=\"wp-image-3147\" srcset=\"https:\/\/szkolenia-udt.pl\/wp-content\/uploads\/2022\/08\/0071-oso.edu_.pl_-1024x853.jpg 1024w, https:\/\/szkolenia-udt.pl\/wp-content\/uploads\/2022\/08\/0071-oso.edu_.pl_-300x250.jpg 300w, https:\/\/szkolenia-udt.pl\/wp-content\/uploads\/2022\/08\/0071-oso.edu_.pl_-768x640.jpg 768w, https:\/\/szkolenia-udt.pl\/wp-content\/uploads\/2022\/08\/0071-oso.edu_.pl_-14x12.jpg 14w, https:\/\/szkolenia-udt.pl\/wp-content\/uploads\/2022\/08\/0071-oso.edu_.pl_.jpg 1200w\" sizes=\"auto, (max-width: 1024px) 100vw, 1024px\" \/><\/a><\/figure>\n<\/div>","protected":false},"excerpt":{"rendered":"<p>O nas Ju\u017c od wielu lat prowadzimy specjalistyczne szkolenia z zakresu obs\u0142ugi urz\u0105dze\u0144 technicznych, np. \u017curawi, podest\u00f3w ruchomych czy w\u00f3zk\u00f3w wid\u0142owych, szkolenia na palaczy piec\u00f3w i kot\u0142\u00f3w CO oraz kursy wysoko\u015bciowe i spawalnicze, w tym szkolenia z ci\u0119\u0107 palnikiem acetylenowo\u2013tlenowym.\u00a0Dzia\u0142amy na terenie ca\u0142ej Polski i nie tylko. Wsp\u00f3\u0142pracujemy tak\u017ce z pa\u0144stwowymi o\u015brodkami egzaminacyjnymi, takimi jak [&hellip;]<\/p>\n","protected":false},"author":10,"featured_media":3145,"parent":2583,"menu_order":0,"comment_status":"closed","ping_status":"closed","template":"","meta":{"footnotes":""},"class_list":["post-3143","page","type-page","status-publish","has-post-thumbnail","hentry"],"aioseo_notices":[],"_links":{"self":[{"href":"https:\/\/szkolenia-udt.pl\/sv\/wp-json\/wp\/v2\/pages\/3143","targetHints":{"allow":["GET"]}}],"collection":[{"href":"https:\/\/szkolenia-udt.pl\/sv\/wp-json\/wp\/v2\/pages"}],"about":[{"href":"https:\/\/szkolenia-udt.pl\/sv\/wp-json\/wp\/v2\/types\/page"}],"author":[{"embeddable":true,"href":"https:\/\/szkolenia-udt.pl\/sv\/wp-json\/wp\/v2\/users\/10"}],"replies":[{"embeddable":true,"href":"https:\/\/szkolenia-udt.pl\/sv\/wp-json\/wp\/v2\/comments?post=3143"}],"version-history":[{"count":6,"href":"https:\/\/szkolenia-udt.pl\/sv\/wp-json\/wp\/v2\/pages\/3143\/revisions"}],"predecessor-version":[{"id":4627,"href":"https:\/\/szkolenia-udt.pl\/sv\/wp-json\/wp\/v2\/pages\/3143\/revisions\/4627"}],"up":[{"embeddable":true,"href":"https:\/\/szkolenia-udt.pl\/sv\/wp-json\/wp\/v2\/pages\/2583"}],"wp:featuredmedia":[{"embeddable":true,"href":"https:\/\/szkolenia-udt.pl\/sv\/wp-json\/wp\/v2\/media\/3145"}],"wp:attachment":[{"href":"https:\/\/szkolenia-udt.pl\/sv\/wp-json\/wp\/v2\/media?parent=3143"}],"curies":[{"name":"wp","href":"https:\/\/api.w.org\/{rel}","templated":true}]}}