{"id":3150,"date":"2022-08-19T09:19:35","date_gmt":"2022-08-19T07:19:35","guid":{"rendered":"https:\/\/szkolenia-udt.pl\/?page_id=3150"},"modified":"2023-03-20T12:59:25","modified_gmt":"2023-03-20T11:59:25","slug":"utbildning-i-halsa-och-sakerhet-for-personer","status":"publish","type":"page","link":"https:\/\/szkolenia-udt.pl\/sv\/kursy\/bhp-ppoz\/szkolenia-bhp-oso\/","title":{"rendered":"Utbildning i h\u00e4lsa och s\u00e4kerhet p\u00e5 arbetsplatsen"},"content":{"rendered":"<div class=\"wp-block-image\">\n<figure class=\"alignright size-large is-resized\"><a href=\"https:\/\/szkolenia-udt.pl\/wp-content\/uploads\/2022\/08\/1-5.jpeg\"><img loading=\"lazy\" decoding=\"async\" src=\"https:\/\/szkolenia-udt.pl\/wp-content\/uploads\/2022\/08\/1-5-1024x512.jpeg\" alt=\"utbildning i h\u00e4lsa och s\u00e4kerhet\" class=\"wp-image-3151\" width=\"512\" height=\"256\" srcset=\"https:\/\/szkolenia-udt.pl\/wp-content\/uploads\/2022\/08\/1-5-1024x512.jpeg 1024w, https:\/\/szkolenia-udt.pl\/wp-content\/uploads\/2022\/08\/1-5-300x150.jpeg 300w, https:\/\/szkolenia-udt.pl\/wp-content\/uploads\/2022\/08\/1-5-768x384.jpeg 768w, https:\/\/szkolenia-udt.pl\/wp-content\/uploads\/2022\/08\/1-5-1536x768.jpeg 1536w, https:\/\/szkolenia-udt.pl\/wp-content\/uploads\/2022\/08\/1-5-18x9.jpeg 18w, https:\/\/szkolenia-udt.pl\/wp-content\/uploads\/2022\/08\/1-5.jpeg 1600w\" sizes=\"auto, (max-width: 512px) 100vw, 512px\" \/><\/a><\/figure>\n<\/div>\n\n\n<h2 class=\"wp-block-heading\"><strong>Om oss<\/strong>&nbsp;<\/h2>\n\n\n\n<p>I v\u00e5r <a href=\"https:\/\/szkolenia-udt.pl\/sv\/o-firmie\/\">Centrum f\u00f6r utbildning av operat\u00f6rer<\/a> Vi erbjuder olika typer av utbildningar, bland annat h\u00e4lso- och s\u00e4kerhetsutbildning f\u00f6r dem som arbetar under farliga f\u00f6rh\u00e5llanden samt utbildning i truckk\u00f6rning och fiberoptisk svetsning.\u00a0<\/p>\n\n\n\n<h2 class=\"wp-block-heading\"><strong>Varf\u00f6r g\u00e5 en kurs i h\u00e4lsa och s\u00e4kerhet p\u00e5 OSO?<\/strong>\u00a0<\/h2>\n\n\n\n<p>F\u00f6r arbetstagare i s\u00e4rskilt riskfyllda positioner b\u00f6r utbildning genomf\u00f6ras minst en g\u00e5ng per \u00e5r. Det \u00e4r arbetsgivarens skyldighet att skydda de anst\u00e4lldas h\u00e4lsa och liv genom att erbjuda dem s\u00e4kra och hygieniska arbetsf\u00f6rh\u00e5llanden.&nbsp;&nbsp;&nbsp;<\/p>\n\n\n\n<h2 class=\"wp-block-heading\"><strong>Syftet med utbildningen<\/strong>&nbsp;<\/h2>\n\n\n\n<p>Syftet med kursen \u00e4r att f\u00f6rebygga olyckor p\u00e5 arbetsplatsen, att g\u00f6ra medarbetarna f\u00f6rtrogna med m\u00f6jliga faror och principerna f\u00f6r korrekt evakuering och f\u00f6rsta hj\u00e4lpen.&nbsp;&nbsp;<\/p>\n\n\n\n<h4 class=\"wp-block-heading\">Dessutom omfattar de v\u00e4gledande principerna f\u00f6r utbildningen:&nbsp;<\/h4>\n\n\n\n<ul class=\"wp-block-list\">\n<li>Minskning av riskerna vid s\u00e4rskilt riskfyllt arbete,&nbsp;<\/li>\n\n\n\n<li>Identifiering och bed\u00f6mning av faror i s\u00e4rskilt riskfyllda arbeten,&nbsp;<\/li>\n\n\n\n<li>f\u00f6rm\u00e5ga att hantera utrustning och personlig skyddsutrustning,&nbsp;<\/li>\n\n\n\n<li>juridiska och organisatoriska krav f\u00f6r operat\u00f6rer som utf\u00f6r s\u00e4rskilt riskfyllt arbete,\u00a0<\/li>\n\n\n\n<li>F\u00f6rm\u00e5ga att organisera s\u00e4kra arbetsmetoder,&nbsp;<\/li>\n\n\n\n<li>Praktisk utbildning av deltagarna i principerna f\u00f6r f\u00f6rsta hj\u00e4lpen enligt de senaste standarderna fr\u00e5n ERC och AHA,&nbsp;<\/li>\n\n\n\n<li>garantera andra arbetstagares s\u00e4kerhet,&nbsp;<\/li>\n\n\n\n<li>erh\u00e5lla exemplar av den dokumentation som kr\u00e4vs f\u00f6r att utf\u00f6ra s\u00e4rskilt riskfyllt arbete.&nbsp;<\/li>\n<\/ul>\n\n\n\n<h2 class=\"wp-block-heading\"><strong>Klassernas form<\/strong>&nbsp;<\/h2>\n\n\n\n<p>Utbildningens frekvens och form beror p\u00e5 vilken typ av befattning den anst\u00e4llde har. Arbetsmilj\u00f6utbildningen ska organiseras och genomf\u00f6ras av arbetsgivaren eller p\u00e5 dennes beg\u00e4ran av organisationsenheter som \u00e4r beh\u00f6riga att genomf\u00f6ra arbetsmilj\u00f6utbildning.\u00a0<\/p>\n\n\n\n<figure class=\"wp-block-table\"><table><thead><tr><th><strong>TYPER AV UTBILDNING SOM TILLHANDAH\u00c5LLS VID V\u00c5RT CENTER<\/strong>\u00a0<\/th><\/tr><\/thead><tbody><tr><td><strong>Prelimin\u00e4rt <\/strong>-<strong> <\/strong>b\u00f6r ske samma dag som den anst\u00e4llde b\u00f6rjar arbeta p\u00e5 arbetsplatsen.<\/td><\/tr><tr><td><strong>Periodisk <\/strong>-<strong> <\/strong>ska ske inom ett \u00e5r efter anst\u00e4llning eller, f\u00f6r chefer (max 6 m\u00e5nader efter grundutbildning).\u00a0<\/td><\/tr><\/tbody><\/table><\/figure>\n\n\n\n<h2 class=\"wp-block-heading\"><strong>Korrekt instruktion<\/strong>&nbsp;<\/h2>\n\n\n\n<p>N\u00e4r det g\u00e4ller h\u00e4lsa och s\u00e4kerhet f\u00f6r dem som utf\u00f6r s\u00e4rskilt riskfyllda arbeten b\u00f6r instruktionen inneh\u00e5lla en namngiven arbetsf\u00f6rdelning. Det \u00e4r ocks\u00e5 viktigt att ange i vilken ordning arbetsuppgifterna ska utf\u00f6ras och vilka arbetsmilj\u00f6krav som g\u00e4ller f\u00f6r de enskilda arbetsmomenten. Varje medarbetare m\u00e5ste veta vilka arbetsuppgifter som \u00e4r hans\/hennes ansvar. Medarbetare som utf\u00f6r arbeten som t.ex. reparbete b\u00f6r f\u00e5 ytterligare specialutbildning f\u00f6r arbete p\u00e5 h\u00f6g h\u00f6jd. V\u00e5ra f\u00f6rel\u00e4sare och instrukt\u00f6rer har kunskap, yrkeserfarenhet och pedagogisk skicklighet f\u00f6r att s\u00e4kerst\u00e4lla att utbildningsprogrammen genomf\u00f6rs p\u00e5 r\u00e4tt s\u00e4tt. Undervisningen sker i \u00e4ndam\u00e5lsenliga lokaler.&nbsp;<\/p>\n\n\n\n<h2 class=\"has-text-align-center wp-block-heading\"><a href=\"https:\/\/szkolenia-udt.pl\/wp-content\/uploads\/2022\/08\/3-1.webp\"><img loading=\"lazy\" decoding=\"async\" class=\"aligncenter wp-image-3153 size-large\" src=\"https:\/\/szkolenia-udt.pl\/wp-content\/uploads\/2022\/08\/3-1-1024x674.webp\" alt=\"utbildning i h\u00e4lsa och s\u00e4kerhet\" width=\"750\" height=\"494\" srcset=\"https:\/\/szkolenia-udt.pl\/wp-content\/uploads\/2022\/08\/3-1-1024x674.webp 1024w, https:\/\/szkolenia-udt.pl\/wp-content\/uploads\/2022\/08\/3-1-300x197.webp 300w, https:\/\/szkolenia-udt.pl\/wp-content\/uploads\/2022\/08\/3-1-768x505.webp 768w, https:\/\/szkolenia-udt.pl\/wp-content\/uploads\/2022\/08\/3-1-1536x1011.webp 1536w, https:\/\/szkolenia-udt.pl\/wp-content\/uploads\/2022\/08\/3-1-18x12.webp 18w, https:\/\/szkolenia-udt.pl\/wp-content\/uploads\/2022\/08\/3-1.webp 1600w\" sizes=\"auto, (max-width: 750px) 100vw, 750px\" \/><\/a><\/h2>\n\n\n\n<h2 class=\"wp-block-heading\"><strong>Arbetsgivarens skyldigheter n\u00e4r det g\u00e4ller h\u00e4lsa och s\u00e4kerhet f\u00f6r de anst\u00e4llda<\/strong>&nbsp;<\/h2>\n\n\n\n<p>Arbetsgivaren \u00e4r ansvarig f\u00f6r att s\u00e4kerst\u00e4lla s\u00e4kra och h\u00e4lsosamma arbetsf\u00f6rh\u00e5llanden genom att bland annat:&nbsp;<\/p>\n\n\n\n<ul class=\"wp-block-list\">\n<li>f\u00f6rse den anst\u00e4llde med gratis personlig skyddsutrustning och information om hur den ska anv\u00e4ndas,&nbsp;<\/li>\n\n\n\n<li>Genomf\u00f6ra systematisk utbildning av medarbetarna i h\u00e4lsa och s\u00e4kerhet,&nbsp;<\/li>\n\n\n\n<li>ger detaljerade instruktioner och v\u00e4gledning om h\u00e4lsa och s\u00e4kerhet p\u00e5 arbetsplatsen,&nbsp;<\/li>\n\n\n\n<li>Introducera medarbetarna till de f\u00f6reskrifter och regler f\u00f6r h\u00e4lsa och s\u00e4kerhet som g\u00e4ller p\u00e5 de olika arbetsplatserna.&nbsp;<\/li>\n<\/ul>\n\n\n\n<h2 class=\"wp-block-heading\"><strong>Slutlig utbildningsexamen<\/strong>&nbsp;<\/h2>\n\n\n\n<p>Arbetsmilj\u00f6utbildningen avslutas med ett prov som visar att deltagaren har till\u00e4gnat sig de kunskaper som ing\u00e5r i utbildningen och har f\u00f6rm\u00e5ga att utf\u00f6ra och organisera arbetet i enlighet med principerna f\u00f6r arbetsmilj\u00f6. Efter avslutad kurs erh\u00e5ller deltagaren ett intyg som utf\u00e4rdas av utbildningsarrang\u00f6ren. Intygsdokumentet f\u00f6rvaras i deltagarens personliga fil.&nbsp;<\/p>\n\n\n\n<h2 class=\"wp-block-heading\"><strong>Tematisk omfattning av aktiviteter<\/strong>&nbsp;<\/h2>\n\n\n\n<p>De \u00e4mnen som behandlas i kursens olika delar \u00e4r bland annat f\u00f6ljande:&nbsp;<\/p>\n\n\n\n<ul class=\"wp-block-list\">\n<li>anv\u00e4ndning av personlig skyddsutrustning,&nbsp;<\/li>\n\n\n\n<li>riskfaktorerna vid utf\u00f6rande av s\u00e4rskilt riskfyllt arbete,&nbsp;<\/li>\n\n\n\n<li>brandskydd, korrekt skyltning p\u00e5 arbetsplatser,&nbsp;<\/li>\n\n\n\n<li>principerna f\u00f6r att skapa dokumentation om h\u00e4lsa och s\u00e4kerhet p\u00e5 arbetsplatsen,&nbsp;<\/li>\n\n\n\n<li>f\u00f6reskrifter om h\u00e4lsa och s\u00e4kerhet,&nbsp;<\/li>\n\n\n\n<li>principer f\u00f6r hantering av olyckor och f\u00f6rsta hj\u00e4lpen,&nbsp;<\/li>\n\n\n\n<li>omst\u00e4ndigheter kring och orsaker till olyckor under s\u00e4rskilt riskfyllda arbeten (exempel),&nbsp;<\/li>\n\n\n\n<li>regler f\u00f6r utf\u00f6rande av arbete i potentiellt explosiva atmosf\u00e4rer,&nbsp;<\/li>\n\n\n\n<li>regler f\u00f6r evakuering av anst\u00e4llda,&nbsp;<\/li>\n\n\n\n<li>diskussion om autentiska incidenter som intr\u00e4ffar vid felaktigt arbete i tr\u00e5nga utrymmen.<\/li>\n<\/ul>\n\n\n<div class=\"wp-block-image\">\n<figure class=\"alignleft size-large is-resized\"><a href=\"https:\/\/szkolenia-udt.pl\/wp-content\/uploads\/2022\/08\/2.webp\"><img loading=\"lazy\" decoding=\"async\" src=\"https:\/\/szkolenia-udt.pl\/wp-content\/uploads\/2022\/08\/2-1024x768.webp\" alt=\"utbildning i h\u00e4lsa och s\u00e4kerhet\" class=\"wp-image-3152\" width=\"512\" height=\"384\" srcset=\"https:\/\/szkolenia-udt.pl\/wp-content\/uploads\/2022\/08\/2-1024x768.webp 1024w, https:\/\/szkolenia-udt.pl\/wp-content\/uploads\/2022\/08\/2-300x225.webp 300w, https:\/\/szkolenia-udt.pl\/wp-content\/uploads\/2022\/08\/2-768x576.webp 768w, https:\/\/szkolenia-udt.pl\/wp-content\/uploads\/2022\/08\/2-1536x1152.webp 1536w, https:\/\/szkolenia-udt.pl\/wp-content\/uploads\/2022\/08\/2-16x12.webp 16w, https:\/\/szkolenia-udt.pl\/wp-content\/uploads\/2022\/08\/2-135x100.webp 135w, https:\/\/szkolenia-udt.pl\/wp-content\/uploads\/2022\/08\/2.webp 1600w\" sizes=\"auto, (max-width: 512px) 100vw, 512px\" \/><\/a><\/figure>\n<\/div>\n\n\n<h2 class=\"wp-block-heading\"><strong>Utbildningens giltighet<\/strong>&nbsp;<\/h2>\n\n\n\n<p>Beroende p\u00e5 vilken befattning man har \u00e4r utbildningens giltighetstid mellan 1 och 6 \u00e5r. N\u00e4r det g\u00e4ller arbetsgivare och arbetsledare, tekniska tj\u00e4nstem\u00e4n och tj\u00e4nstem\u00e4n eller anst\u00e4llda vars arbete inneb\u00e4r ansvar f\u00f6r h\u00e4lsa och s\u00e4kerhet - \u00e4r utbildningen giltig under en period av 5 \u00e5r. Personer som \u00e4r anst\u00e4llda i arbetsst\u00e4llningar f\u00f6r vilka utbildning ges i form av instruktioner b\u00f6r f\u00e5 utbildning minst vart tredje \u00e5r. I arbetsst\u00e4llningar d\u00e4r det finns s\u00e4rskilt stora risker f\u00f6r de anst\u00e4lldas s\u00e4kerhet eller h\u00e4lsa - minst en g\u00e5ng om \u00e5ret.\u00a0<\/p>\n\n\n\n<h2 class=\"wp-block-heading\"><strong>Pris f\u00f6r utbildning<\/strong>&nbsp;<\/h2>\n\n\n\n<p><a href=\"https:\/\/szkolenia-udt.pl\/sv\/oferta\/\">Pris<\/a> <a href=\"https:\/\/szkolenia-udt.pl\/sv\/kursy\/\">av v\u00e5ra kurser<\/a> \u00e4r beroende av hur m\u00e5nga personer som deltar. Vi erbjuder attraktiva rabatter f\u00f6r st\u00f6rre organiserade grupper, eftersom vi \u00e4r medvetna om att blivande studenter vill ha bra utbildning till ett bra pris. F\u00f6r mer information, v\u00e4nligen ring oss.&nbsp;<\/p>\n\n\n\n<h2 class=\"wp-block-heading\"><strong>Var hittar du oss?<\/strong>&nbsp;<\/h2>\n\n\n\n<p>Vi \u00e4r baserade i Warszawa, men erbjuder v\u00e5ra tj\u00e4nster \u00f6ver hela landet. F\u00f6r slutna grupper reser vi till f\u00f6retag eller till en \u00f6verenskommen plats. Du \u00e4r v\u00e4lkommen att kontakta v\u00e5rt kontor f\u00f6r mer information.<\/p>\n\n\n<div class=\"wp-block-image\">\n<figure class=\"aligncenter\"><a href=\"https:\/\/szkolenia-udt.pl\/wp-content\/uploads\/2022\/08\/0084-oso.edu_.pl_.jpg\"><img loading=\"lazy\" decoding=\"async\" width=\"1024\" height=\"853\" src=\"https:\/\/szkolenia-udt.pl\/wp-content\/uploads\/2022\/08\/0084-oso.edu_.pl_-1024x853.jpg\" alt=\"utbildning i h\u00e4lsa och s\u00e4kerhet\" class=\"wp-image-3154\" srcset=\"https:\/\/szkolenia-udt.pl\/wp-content\/uploads\/2022\/08\/0084-oso.edu_.pl_-1024x853.jpg 1024w, https:\/\/szkolenia-udt.pl\/wp-content\/uploads\/2022\/08\/0084-oso.edu_.pl_-300x250.jpg 300w, https:\/\/szkolenia-udt.pl\/wp-content\/uploads\/2022\/08\/0084-oso.edu_.pl_-768x640.jpg 768w, https:\/\/szkolenia-udt.pl\/wp-content\/uploads\/2022\/08\/0084-oso.edu_.pl_-14x12.jpg 14w, https:\/\/szkolenia-udt.pl\/wp-content\/uploads\/2022\/08\/0084-oso.edu_.pl_.jpg 1200w\" sizes=\"auto, (max-width: 1024px) 100vw, 1024px\" \/><\/a><\/figure>\n<\/div>","protected":false},"excerpt":{"rendered":"<p>O nas&nbsp; W naszym O\u015brodku Szkolenia Operator\u00f3w prowadzimy r\u00f3\u017cnego rodzaju szkolenia m.in. BHP dla os\u00f3b wykonuj\u0105cych prac\u0119 w niebezpiecznych warunkach oraz z obs\u0142ugi w\u00f3zk\u00f3w wid\u0142owych czy spawania \u015bwiat\u0142owod\u00f3w.\u00a0 Dlaczego warto podj\u0105\u0107 kurs z zakresu BHP w OSO?\u00a0 Dla pracownik\u00f3w zatrudnionych na stanowiskach szczeg\u00f3lnie niebezpiecznych, szkolenia powinno przeprowadza\u0107 si\u0119 co najmniej raz w roku. Obowi\u0105zkiem pracodawcy [&hellip;]<\/p>\n","protected":false},"author":10,"featured_media":3152,"parent":2739,"menu_order":0,"comment_status":"closed","ping_status":"closed","template":"","meta":{"footnotes":""},"class_list":["post-3150","page","type-page","status-publish","has-post-thumbnail","hentry"],"aioseo_notices":[],"_links":{"self":[{"href":"https:\/\/szkolenia-udt.pl\/sv\/wp-json\/wp\/v2\/pages\/3150","targetHints":{"allow":["GET"]}}],"collection":[{"href":"https:\/\/szkolenia-udt.pl\/sv\/wp-json\/wp\/v2\/pages"}],"about":[{"href":"https:\/\/szkolenia-udt.pl\/sv\/wp-json\/wp\/v2\/types\/page"}],"author":[{"embeddable":true,"href":"https:\/\/szkolenia-udt.pl\/sv\/wp-json\/wp\/v2\/users\/10"}],"replies":[{"embeddable":true,"href":"https:\/\/szkolenia-udt.pl\/sv\/wp-json\/wp\/v2\/comments?post=3150"}],"version-history":[{"count":3,"href":"https:\/\/szkolenia-udt.pl\/sv\/wp-json\/wp\/v2\/pages\/3150\/revisions"}],"predecessor-version":[{"id":4615,"href":"https:\/\/szkolenia-udt.pl\/sv\/wp-json\/wp\/v2\/pages\/3150\/revisions\/4615"}],"up":[{"embeddable":true,"href":"https:\/\/szkolenia-udt.pl\/sv\/wp-json\/wp\/v2\/pages\/2739"}],"wp:featuredmedia":[{"embeddable":true,"href":"https:\/\/szkolenia-udt.pl\/sv\/wp-json\/wp\/v2\/media\/3152"}],"wp:attachment":[{"href":"https:\/\/szkolenia-udt.pl\/sv\/wp-json\/wp\/v2\/media?parent=3150"}],"curies":[{"name":"wp","href":"https:\/\/api.w.org\/{rel}","templated":true}]}}