{"id":3173,"date":"2022-08-23T14:52:09","date_gmt":"2022-08-23T12:52:09","guid":{"rendered":"https:\/\/szkolenia-udt.pl\/?page_id=3173"},"modified":"2023-03-24T18:51:25","modified_gmt":"2023-03-24T17:51:25","slug":"kurs-i-bygghantverk","status":"publish","type":"page","link":"https:\/\/szkolenia-udt.pl\/sv\/kursy\/prace-wysokosciowe\/kurs-na-szelki-budowlane\/","title":{"rendered":"Kurs i byggsele"},"content":{"rendered":"<div class=\"wp-block-image\">\n<figure class=\"alignright size-large is-resized\"><a href=\"https:\/\/szkolenia-udt.pl\/wp-content\/uploads\/2023\/03\/qwe.jpeg\"><img loading=\"lazy\" decoding=\"async\" src=\"https:\/\/szkolenia-udt.pl\/wp-content\/uploads\/2023\/03\/qwe-1024x683.jpeg\" alt=\"tandst\u00e4llning f\u00f6r konstruktion\" class=\"wp-image-4178\" width=\"512\" height=\"342\" srcset=\"https:\/\/szkolenia-udt.pl\/wp-content\/uploads\/2023\/03\/qwe-1024x683.jpeg 1024w, https:\/\/szkolenia-udt.pl\/wp-content\/uploads\/2023\/03\/qwe-300x200.jpeg 300w, https:\/\/szkolenia-udt.pl\/wp-content\/uploads\/2023\/03\/qwe-768x512.jpeg 768w, https:\/\/szkolenia-udt.pl\/wp-content\/uploads\/2023\/03\/qwe-1536x1024.jpeg 1536w, https:\/\/szkolenia-udt.pl\/wp-content\/uploads\/2023\/03\/qwe-18x12.jpeg 18w, https:\/\/szkolenia-udt.pl\/wp-content\/uploads\/2023\/03\/qwe.jpeg 1600w\" sizes=\"auto, (max-width: 512px) 100vw, 512px\" \/><\/a><\/figure>\n<\/div>\n\n\n<h2 class=\"wp-block-heading\">Om utbildningen<\/h2>\n\n\n\n<p>Arbete p\u00e5 h\u00f6g h\u00f6jd inneb\u00e4r enorma risker och m\u00e5nga faror. F\u00f6r att skydda dig fr\u00e5n att falla \u00e4r det viktigt att anv\u00e4nda byggsele. De minskar risken f\u00f6r skador och, \u00e4nnu viktigare, skyddar dig fr\u00e5n att falla. I utbildningen kommer du att l\u00e4ra dig om grundl\u00e4ggande h\u00e4lso- och s\u00e4kerhetsf\u00f6reskrifter. <a href=\"https:\/\/szkolenia-udt.pl\/sv\/o-firmie\/\">Utbildningscenter f\u00f6r operat\u00f6rer<\/a> ser till att undervisningen organiseras s\u00e5 att den passar elevernas behov.\u00a0<\/p>\n\n\n\n<h2 class=\"wp-block-heading\"><strong>Utbildningskurs<\/strong>&nbsp;<\/h2>\n\n\n\n<p>Nedan listar vi de \u00e4mnen som behandlas p\u00e5 v\u00e5ra kurser.&nbsp;<\/p>\n\n\n\n<figure class=\"wp-block-table\"><table><tbody><tr><td><strong>Utg\u00e5va<\/strong>&nbsp;<\/td><td><strong>Diskussion av fr\u00e5gan<\/strong>&nbsp;<\/td><\/tr><tr><td>R\u00e4ttsliga krav&nbsp;<\/td><td>Deltagaren l\u00e4r sig om h\u00e4lso- och s\u00e4kerhetsbest\u00e4mmelser och lagstiftning som r\u00f6r arbete p\u00e5 h\u00f6g h\u00f6jd.&nbsp;<\/td><\/tr><tr><td>Arbetets art&nbsp;<\/td><td>Igenk\u00e4nning av faror p\u00e5 arbetsplatsen, riskbed\u00f6mning och information om fysiska arbetsf\u00f6rh\u00e5llanden.&nbsp;<\/td><\/tr><tr><td>Utrustning&nbsp;<\/td><td>Studenterna l\u00e4r sig att v\u00e4lja utrustning (t.ex. selar) p\u00e5 r\u00e4tt s\u00e4tt, hur man anv\u00e4nder den och hur man kontrollerar den i h\u00e4ndelse av o\u00f6nskade situationer.&nbsp;<\/td><\/tr><tr><td>F\u00f6rs\u00e4kran&nbsp;<\/td><td>F\u00f6rtrogenhet med anv\u00e4ndning av personlig skyddsutrustning och \u00e5tg\u00e4rder f\u00f6r att f\u00f6rebygga olyckor.&nbsp;<\/td><\/tr><tr><td>Praxis&nbsp;<\/td><td>L\u00e4r dig praktiska f\u00e4rdigheter som kommer v\u00e4l till pass vid arbete p\u00e5 h\u00f6g h\u00f6jd.&nbsp;<\/td><\/tr><tr><td>R\u00e4ddning&nbsp;<\/td><td>Deltagarna l\u00e4r sig r\u00e4ddningsf\u00e4rdigheter och oms\u00e4tter dem i praktiken. De l\u00e4r sig till exempel vad \"h\u00e4ngande chock\" inneb\u00e4r och hur man f\u00f6rhindrar det.&nbsp;<\/td><\/tr><\/tbody><\/table><\/figure>\n\n\n\n<p>Alla \u00e4mnen som behandlas \u00e4r extremt viktiga f\u00f6r korrekt och s\u00e4kert arbete vid arbete p\u00e5 h\u00f6g h\u00f6jd och bergskl\u00e4ttring. Efter avslutad kurs hos OSO f\u00e5r deltagarna en licens f\u00f6r arbete p\u00e5 h\u00f6g h\u00f6jd. Detta \u00e4r giltigt i tre \u00e5r.&nbsp;&nbsp;<\/p>\n\n\n\n<h2 class=\"wp-block-heading\"><strong>Vad erbjuder kursen?&nbsp;<\/strong>&nbsp;<\/h2>\n\n\n<div class=\"wp-block-image\">\n<figure class=\"alignleft size-large is-resized\"><a href=\"https:\/\/szkolenia-udt.pl\/wp-content\/uploads\/2022\/08\/2-8.jpeg\"><img loading=\"lazy\" decoding=\"async\" src=\"https:\/\/szkolenia-udt.pl\/wp-content\/uploads\/2022\/08\/2-8-1024x683.jpeg\" alt=\"Industriell kl\u00e4ttrare\" class=\"wp-image-3175\" width=\"512\" height=\"342\" srcset=\"https:\/\/szkolenia-udt.pl\/wp-content\/uploads\/2022\/08\/2-8-1024x683.jpeg 1024w, https:\/\/szkolenia-udt.pl\/wp-content\/uploads\/2022\/08\/2-8-300x200.jpeg 300w, https:\/\/szkolenia-udt.pl\/wp-content\/uploads\/2022\/08\/2-8-768x512.jpeg 768w, https:\/\/szkolenia-udt.pl\/wp-content\/uploads\/2022\/08\/2-8-1536x1024.jpeg 1536w, https:\/\/szkolenia-udt.pl\/wp-content\/uploads\/2022\/08\/2-8-18x12.jpeg 18w, https:\/\/szkolenia-udt.pl\/wp-content\/uploads\/2022\/08\/2-8.jpeg 1600w\" sizes=\"auto, (max-width: 512px) 100vw, 512px\" \/><\/a><\/figure>\n<\/div>\n\n\n<p>Om vi ska anv\u00e4nda <a href=\"https:\/\/szkolenia-udt.pl\/sv\/kursy\/prace-wysokosciowe\/ochrona-przed-upadkiem\/\">s\u00e4kerhetssele<\/a> p\u00e5 jobbet eller om v\u00e5ra anst\u00e4llda kommer att beh\u00f6va g\u00f6ra det, kan det vara n\u00f6dv\u00e4ndigt med utbildning i anv\u00e4ndningen av ett s\u00e5dant tillbeh\u00f6r. Detta kan man l\u00e4ra sig p\u00e5 egen hand, men kursen ger mycket mer \u00e4n bara instruktioner om hur man anv\u00e4nder selen - det \u00e4r bara en del av det. Det kommer att vara mycket anv\u00e4ndbart f\u00f6r bergskl\u00e4ttringsarbete. Utbildningen ger dig ett intyg om beh\u00f6righet f\u00f6r arbete p\u00e5 h\u00f6g h\u00f6jd. Detta kommer att vara s\u00e4rskilt viktigt f\u00f6r arbetsgivare om du t\u00e4nker ans\u00f6ka om en tj\u00e4nst som industrikl\u00e4ttrare eller helt enkelt som arbetare som utf\u00f6r arbete, till exempel p\u00e5 ett tak.\u00a0<\/p>\n\n\n\n<h2 class=\"wp-block-heading\"><strong>Krav p\u00e5 praktikanter<\/strong>&nbsp;<\/h2>\n\n\n\n<p>F\u00f6r att p\u00e5b\u00f6rja utbildningen m\u00e5ste f\u00f6ljande krav uppfyllas:&nbsp;<\/p>\n\n\n\n<ul class=\"wp-block-list\">\n<li>vara minst 18 \u00e5r gammal,<\/li>\n\n\n\n<li>ha \u00e5tminstone en grundl\u00e4ggande utbildning,<\/li>\n\n\n\n<li>inte har n\u00e5gra h\u00e4lsorelaterade kontraindikationer f\u00f6r arbete p\u00e5 en h\u00f6jd av mer \u00e4n tre meter. <\/li>\n<\/ul>\n\n\n\n<p>Om de som \u00e4r intresserade av att delta i kursen har tester som till\u00e5ter dem att arbeta \u00f6ver tre meter, kommer detta att vara en ytterligare formell facilitet.\u00a0<\/p>\n\n\n\n<h2 class=\"wp-block-heading\"><strong>Konstruktion av sele<\/strong>&nbsp;<\/h2>\n\n\n\n<p>S\u00e5dan utrustning m\u00e5ste anpassas till den typ av arbete som utf\u00f6rs. Standarden EN361 anger specifika krav som m\u00e5ste uppfyllas n\u00e4r det g\u00e4ller selens konstruktion. Dessutom \u00e4r det viktigt vilket material de skall vara tillverkade av, t.ex. polyamid, polyester eller t.o.m. st\u00e5l. Normalt har selar en eller tv\u00e5 f\u00e4stpunkter, som uppfyller en annan standard, markerad med bokstaven A. Detta element \u00e4r placerat p\u00e5 baksidan, p\u00e5 ryggen, och p\u00e5 framsidan, n\u00e4ra br\u00f6stbenet. Det \u00e4r v\u00e4rt att veta att om det bara finns en f\u00e4stpunkt inneb\u00e4r det att standarden bara uppfylls till h\u00e4lften och beteckningen \u00e4r bokstavligen \"halv A\", dvs. A\/2. Selen kan ha ett b\u00e4lte som \u00e4r anv\u00e4ndbart f\u00f6r arbete med st\u00f6d - det best\u00e5r av ett band och tv\u00e5 sp\u00e4nnen placerade i h\u00f6ftb\u00e4ltet. Ett annat valfritt element \u00e4r en punkt placerad p\u00e5 buken. Detta \u00e4r i sin tur avsett att vara anv\u00e4ndbart f\u00f6r reparbete. Det \u00e4r upp till oss att avg\u00f6ra om vi beh\u00f6ver den. Om du ska arbeta i en st\u00f6dd position b\u00f6r du \u00f6verv\u00e4ga att k\u00f6pa en sele med ett b\u00e4lte. Kontrollera alltid om selen \u00e4r defekt innan arbetet p\u00e5b\u00f6rjas. Kom ih\u00e5g att regelbunden kontroll av utrustningen inte befriar dig fr\u00e5n att kontrollera att den fungerar som den ska.<\/p>\n\n\n\n<h2 class=\"wp-block-heading\"><strong>Vem b\u00f6r ha tandst\u00e4llning?<\/strong>&nbsp;<\/h2>\n\n\n<div class=\"wp-block-image\">\n<figure class=\"alignright size-large is-resized\"><a href=\"https:\/\/szkolenia-udt.pl\/wp-content\/uploads\/2022\/08\/1-7.jpeg\"><img loading=\"lazy\" decoding=\"async\" src=\"https:\/\/szkolenia-udt.pl\/wp-content\/uploads\/2022\/08\/1-7-1024x682.jpeg\" alt=\"Arbete p\u00e5 h\u00f6g h\u00f6jd\" class=\"wp-image-3174\" width=\"512\" height=\"341\" srcset=\"https:\/\/szkolenia-udt.pl\/wp-content\/uploads\/2022\/08\/1-7-1024x682.jpeg 1024w, https:\/\/szkolenia-udt.pl\/wp-content\/uploads\/2022\/08\/1-7-300x200.jpeg 300w, https:\/\/szkolenia-udt.pl\/wp-content\/uploads\/2022\/08\/1-7-768x512.jpeg 768w, https:\/\/szkolenia-udt.pl\/wp-content\/uploads\/2022\/08\/1-7-1536x1023.jpeg 1536w, https:\/\/szkolenia-udt.pl\/wp-content\/uploads\/2022\/08\/1-7-18x12.jpeg 18w, https:\/\/szkolenia-udt.pl\/wp-content\/uploads\/2022\/08\/1-7.jpeg 1600w\" sizes=\"auto, (max-width: 512px) 100vw, 512px\" \/><\/a><\/figure>\n<\/div>\n\n\n<p>S\u00e4kerhetsselar \u00e4r avsedda f\u00f6r personer som utf\u00f6r arbete p\u00e5 h\u00f6g h\u00f6jd. S\u00e5dant arbete inkluderar reng\u00f6ring av fasader eller f\u00f6nster p\u00e5 en byggnad. S\u00e4rskilt farligt \u00e4r arbete p\u00e5 h\u00f6ghus, liksom fasadm\u00e5lning, som kr\u00e4ver att man b\u00e4r sele, och dessutom elarbete och bergskl\u00e4ttring, dvs. att utf\u00f6ra elinstallationer, f\u00e4lla tr\u00e4d eller installera reklam p\u00e5 skyltar. Det \u00e4r inte bara inom byggbranschen som vi kommer att anv\u00e4nda selar, utan \u00e4ven vid r\u00e4ddningsarbete f\u00f6r \u00e5tg\u00e4rder som kr\u00e4ver kl\u00e4ttring p\u00e5 instabila ytor.\u00a0\u00a0<\/p>\n\n\n\n<h2 class=\"wp-block-heading\"><strong>Hur mycket kostar kursen?<\/strong>&nbsp;<\/h2>\n\n\n\n<p><a href=\"https:\/\/szkolenia-udt.pl\/sv\/oferta\/\">Pris f\u00f6r utbildning<\/a> av arbete p\u00e5 h\u00f6g h\u00f6jd och l\u00e4mplig anv\u00e4ndning av utrustning best\u00e4ms individuellt och \u00e4r beroende av antalet deltagare. Vi kan erbjuda l\u00e4mpliga rabatter f\u00f6r st\u00f6rre organiserade grupper. Vi garanterar att v\u00e5ra priser \u00e4r attraktiva! Ett schema som visar specifika datum och plats f\u00f6r \u00f6ppna utbildningstillf\u00e4llen finns tillg\u00e4ngligt p\u00e5 v\u00e5r webbplats. Vi st\u00e5r till ert fulla f\u00f6rfogande.\u00a0\u00a0<\/p>\n\n\n\n<p>Om du \u00e4r intresserad av v\u00e5rt erbjudande och vill veta mer, tveka inte att kontakta oss! Vi kommer att f\u00f6rs\u00f6ka svara s\u00e5 snart som m\u00f6jligt. Operator Training Centre inbjuder dig att delta i en utbildningskurs!<\/p>\n\n\n<div class=\"wp-block-image\">\n<figure class=\"aligncenter\"><a href=\"https:\/\/szkolenia-udt.pl\/wp-content\/uploads\/2022\/08\/0028-oso-kurs-alpinistyczny-wysokosciowy.jpg\"><img loading=\"lazy\" decoding=\"async\" width=\"1024\" height=\"853\" src=\"https:\/\/szkolenia-udt.pl\/wp-content\/uploads\/2022\/08\/0028-oso-kurs-alpinistyczny-wysokosciowy-1024x853.jpg\" alt=\"Grafik som marknadsf\u00f6r utbildningen\" class=\"wp-image-3177\" srcset=\"https:\/\/szkolenia-udt.pl\/wp-content\/uploads\/2022\/08\/0028-oso-kurs-alpinistyczny-wysokosciowy-1024x853.jpg 1024w, https:\/\/szkolenia-udt.pl\/wp-content\/uploads\/2022\/08\/0028-oso-kurs-alpinistyczny-wysokosciowy-300x250.jpg 300w, https:\/\/szkolenia-udt.pl\/wp-content\/uploads\/2022\/08\/0028-oso-kurs-alpinistyczny-wysokosciowy-768x640.jpg 768w, https:\/\/szkolenia-udt.pl\/wp-content\/uploads\/2022\/08\/0028-oso-kurs-alpinistyczny-wysokosciowy-14x12.jpg 14w, https:\/\/szkolenia-udt.pl\/wp-content\/uploads\/2022\/08\/0028-oso-kurs-alpinistyczny-wysokosciowy.jpg 1200w\" sizes=\"auto, (max-width: 1024px) 100vw, 1024px\" \/><\/a><\/figure>\n<\/div>","protected":false},"excerpt":{"rendered":"<p>O szkoleniu Prowadzenie prac wysoko\u015bciowych wi\u0105\u017ce si\u0119 z ogromnym ryzykiem i wieloma niebezpiecze\u0144stwami. Aby uchroni\u0107 si\u0119 przed upadkiem, konieczne jest u\u017cywanie szelek budowlanych. Ograniczaj\u0105 one mo\u017cliwo\u015b\u0107 doznania uszczerbku na zdrowiu i, co wa\u017cne, chroni\u0105 od upadku. Na szkoleniu poznasz podstawowe przepisy bezpiecze\u0144stwa i higieny pracy. O\u015brodek Szkolenia Operator\u00f3w zapewnia organizacj\u0119 zaj\u0119\u0107 na miar\u0119 potrzeb kursant\u00f3w.\u00a0 [&hellip;]<\/p>\n","protected":false},"author":10,"featured_media":4178,"parent":1874,"menu_order":0,"comment_status":"closed","ping_status":"closed","template":"","meta":{"footnotes":""},"class_list":["post-3173","page","type-page","status-publish","has-post-thumbnail","hentry"],"aioseo_notices":[],"_links":{"self":[{"href":"https:\/\/szkolenia-udt.pl\/sv\/wp-json\/wp\/v2\/pages\/3173","targetHints":{"allow":["GET"]}}],"collection":[{"href":"https:\/\/szkolenia-udt.pl\/sv\/wp-json\/wp\/v2\/pages"}],"about":[{"href":"https:\/\/szkolenia-udt.pl\/sv\/wp-json\/wp\/v2\/types\/page"}],"author":[{"embeddable":true,"href":"https:\/\/szkolenia-udt.pl\/sv\/wp-json\/wp\/v2\/users\/10"}],"replies":[{"embeddable":true,"href":"https:\/\/szkolenia-udt.pl\/sv\/wp-json\/wp\/v2\/comments?post=3173"}],"version-history":[{"count":6,"href":"https:\/\/szkolenia-udt.pl\/sv\/wp-json\/wp\/v2\/pages\/3173\/revisions"}],"predecessor-version":[{"id":4661,"href":"https:\/\/szkolenia-udt.pl\/sv\/wp-json\/wp\/v2\/pages\/3173\/revisions\/4661"}],"up":[{"embeddable":true,"href":"https:\/\/szkolenia-udt.pl\/sv\/wp-json\/wp\/v2\/pages\/1874"}],"wp:featuredmedia":[{"embeddable":true,"href":"https:\/\/szkolenia-udt.pl\/sv\/wp-json\/wp\/v2\/media\/4178"}],"wp:attachment":[{"href":"https:\/\/szkolenia-udt.pl\/sv\/wp-json\/wp\/v2\/media?parent=3173"}],"curies":[{"name":"wp","href":"https:\/\/api.w.org\/{rel}","templated":true}]}}