{"id":3192,"date":"2022-08-30T11:06:31","date_gmt":"2022-08-30T09:06:31","guid":{"rendered":"https:\/\/szkolenia-udt.pl\/?page_id=3192"},"modified":"2023-05-22T15:18:49","modified_gmt":"2023-05-22T13:18:49","slug":"vi-kommer-till-undsattning","status":"publish","type":"page","link":"https:\/\/szkolenia-udt.pl\/sv\/kursy\/bhp-ppoz\/przychodzimy-z-pomoca\/","title":{"rendered":"Utbildning i h\u00e4lsa och s\u00e4kerhet p\u00e5 arbetsplatsen"},"content":{"rendered":"<h2 class=\"wp-block-heading\">Vi bryr oss om utveckling\u00a0<\/h2>\n\n\n\n<p>V\u00e5rt f\u00f6retag har under m\u00e5nga \u00e5r erbjudit olika utbildningar och f\u00f6rmedlat yrkeskunskap till v\u00e5ra deltagare. Det \u00e4r upp till dig att best\u00e4mma om du vill skicka din medarbetare till oss f\u00f6r att f\u00e5 den kunskap som beh\u00f6vs ur ett arbetsgivarperspektiv. Som det st\u00e5r i arbetslagen \u00e4r det viktigt att alla n\u00f6dv\u00e4ndiga \u00e5tg\u00e4rder vidtas p\u00e5 arbetsplatsen i h\u00e4ndelse av br\u00e4nder, behov av evakuering eller pl\u00f6tsliga olyckor bland arbetskraften. Dessutom m\u00e5ste en s\u00e4rskild grupp av anst\u00e4llda utses som kan utf\u00f6ra s\u00e5dana r\u00e4ddningsinsatser. Det \u00e4r d\u00e4rf\u00f6r det \u00e4r s\u00e5 viktigt med ordentlig utbildning p\u00e5 detta omr\u00e5de. &nbsp;<\/p>\n\n\n\n<h2 class=\"wp-block-heading\">Utbildning p\u00e5 h\u00f6g niv\u00e5\u00a0<\/h2>\n\n\n\n<p>Vi erbjuder professionell utbildning f\u00f6r dina medarbetare. Att h\u00e4nvisa dem till utbildning hos oss garanterar en h\u00f6g inl\u00e4rningsniv\u00e5. V\u00e5rt program \"F\u00f6rsta hj\u00e4lpen vid n\u00f6dsituationer som r\u00f6r liv och h\u00e4lsa\" f\u00f6rbereder dig f\u00f6r att agera i n\u00f6dsituationer som kr\u00e4ver omedelbara \u00e5tg\u00e4rder. Kontakta oss f\u00f6r att anm\u00e4la dig till en kurs. Vi har en filial i de flesta polska st\u00e4der, och vi reser till den angivna platsen p\u00e5 beg\u00e4ran.&nbsp;<\/p>\n\n\n<div class=\"wp-block-image\">\n<figure class=\"alignright size-large is-resized\"><a href=\"https:\/\/szkolenia-udt.pl\/wp-content\/uploads\/2023\/05\/screen_2x-2023-05-22T151512.006.jpg\"><img loading=\"lazy\" decoding=\"async\" src=\"https:\/\/szkolenia-udt.pl\/wp-content\/uploads\/2023\/05\/screen_2x-2023-05-22T151512.006-1024x684.jpg\" alt=\"F\u00f6rsta hj\u00e4lpen-kit\" class=\"wp-image-5236\" width=\"512\" height=\"342\" srcset=\"https:\/\/szkolenia-udt.pl\/wp-content\/uploads\/2023\/05\/screen_2x-2023-05-22T151512.006-1024x684.jpg 1024w, https:\/\/szkolenia-udt.pl\/wp-content\/uploads\/2023\/05\/screen_2x-2023-05-22T151512.006-300x200.jpg 300w, https:\/\/szkolenia-udt.pl\/wp-content\/uploads\/2023\/05\/screen_2x-2023-05-22T151512.006-768x513.jpg 768w, https:\/\/szkolenia-udt.pl\/wp-content\/uploads\/2023\/05\/screen_2x-2023-05-22T151512.006-1536x1025.jpg 1536w, https:\/\/szkolenia-udt.pl\/wp-content\/uploads\/2023\/05\/screen_2x-2023-05-22T151512.006-18x12.jpg 18w, https:\/\/szkolenia-udt.pl\/wp-content\/uploads\/2023\/05\/screen_2x-2023-05-22T151512.006.jpg 1600w\" sizes=\"auto, (max-width: 512px) 100vw, 512px\" \/><\/a><\/figure>\n<\/div>\n\n\n<ul class=\"wp-block-list\">\n<li>Vi g\u00f6r allt f\u00f6r att f\u00f6rmedla v\u00e4rdefull kunskap och f\u00f6rbereda v\u00e5ra praktikanter f\u00f6r att hantera kritiska situationer. D\u00e4rf\u00f6r inneh\u00e5ller den utbildning vi erbjuder en praktisk och en teoretisk del. Teoripassen best\u00e5r av:&nbsp;<\/li>\n\n\n\n<li>F\u00f6rordningar och lagstiftning,&nbsp;<\/li>\n\n\n\n<li>Instruktioner om hur man ringer f\u00f6r att f\u00e5 l\u00e4mplig hj\u00e4lp med en lista \u00f6ver n\u00f6dv\u00e4ndiga nummer,&nbsp;<\/li>\n\n\n\n<li>F\u00f6rklaringar till vad som ska g\u00f6ras vid en eventuell evakuering,&nbsp;<\/li>\n\n\n\n<li>Principer f\u00f6r att s\u00e4kra den skadade personens omgivning,&nbsp;<\/li>\n\n\n\n<li>Beteende vid olika skador (frakturer, br\u00e4nnskador, slaganfall etc.),\u00a0<\/li>\n\n\n\n<li>Beteende vid risker f\u00f6r liv och h\u00e4lsa (f\u00f6rgiftning, svimning, hj\u00e4rtattack, f\u00f6rlamning),&nbsp;<\/li>\n\n\n\n<li>Instruktioner f\u00f6r bed\u00f6mning av vitala funktioner hos en skadad.&nbsp;<\/li>\n<\/ul>\n\n\n\n<p>Den praktiska delen, som \u00e4r ett viktigt komplement till teorin, omfattar bl.a:&nbsp;<\/p>\n\n\n\n<ul class=\"wp-block-list\">\n<li>L\u00e4r dig hur du ska agera vid trafikolyckor, elektriska st\u00f6tar, drunkning, svimning, lem- eller kotskador eller kv\u00e4vning,&nbsp;<\/li>\n\n\n\n<li>Instruktioner f\u00f6r placering av den skadade i lateralt s\u00e4kerhetsl\u00e4ge,&nbsp;<\/li>\n\n\n\n<li>Organisera evakueringen av det drabbade omr\u00e5det,&nbsp;<\/li>\n\n\n\n<li>Utf\u00f6ra \u00e5terupplivning (HLR).&nbsp;<\/li>\n<\/ul>\n\n\n\n<figure class=\"wp-block-table\"><table><tbody><tr><td>Praktisk kursstadium&nbsp;<\/td><td>HLR-utbildning (del I)&nbsp;&nbsp;<\/td><td>Organisation av evakuering (del II)&nbsp;&nbsp;<\/td><td>Att l\u00e4ra sig hantera olika situationer (del III)&nbsp;&nbsp;<\/td><\/tr><tr><td>Plats f\u00f6r utbildningen&nbsp;<\/td><td>\u00d6vningsrum&nbsp;<\/td><td>Interi\u00f6r av byggnaden <a href=\"https:\/\/szkolenia-udt.pl\/sv\/o-firmie\/\">centrum<\/a>&nbsp;<\/td><td>\u00d6vningsrum&nbsp;<\/td><\/tr><\/tbody><\/table><\/figure>\n\n\n\n<h2 class=\"wp-block-heading\">Behov av utbildning\u00a0<\/h2>\n\n\n\n<p>F\u00f6rmodligen har de flesta av oss n\u00e5gon g\u00e5ng undrat - \"Vad h\u00e4nder om jag hamnar i en situation d\u00e4r jag m\u00e5ste r\u00e4dda n\u00e5gons liv? - I v\u00e5r utbildning f\u00e5r du ett svar p\u00e5 den fr\u00e5gan. Situationer som denna kan h\u00e4nda vem som helst varje dag, s\u00e5 det \u00e4r v\u00e4rt att k\u00e4nna till principerna f\u00f6r f\u00f6rsta hj\u00e4lpen f\u00f6r dig sj\u00e4lv och dina n\u00e4ra och k\u00e4ra, men ocks\u00e5 f\u00f6r att kunna hj\u00e4lpa dem p\u00e5 jobbet om det beh\u00f6vs. Vi vet aldrig n\u00e4r n\u00e5gon bredvid oss kommer att beh\u00f6va snabb hj\u00e4lp innan l\u00e4mpliga tj\u00e4nster anl\u00e4nder.\u00a0<\/p>\n\n\n\n<h2 class=\"wp-block-heading\">Vi anpassar oss till dig\u00a0<\/h2>\n\n\n\n<p>N\u00e5got som skiljer v\u00e5ra kurser fr\u00e5n resten \u00e4r den stora flexibiliteten att anpassa sig till dina behov. Vi kommer att f\u00f6rs\u00f6ka bredda \u00e4mnena i v\u00e5ra kurser f\u00f6r att inkludera de specifika faror som v\u00e4ntar p\u00e5 positioner i ditt f\u00f6retag. Vi kommer att ta h\u00e4nsyn till enskilda arbetsplatser och f\u00f6rs\u00f6ka f\u00f6rbereda en kurs f\u00f6r alla befattningar som kunden v\u00e4ljer. <a href=\"https:\/\/szkolenia-udt.pl\/sv\/kursy\/\">V\u00e5r utbildning<\/a> \u00e4r indelade i \u00f6ppna och slutna. De f\u00f6rstn\u00e4mnda g\u00e4ller alla som \u00e4r intresserade av att f\u00e5 specialistkunskaper fr\u00e5n oss, medan de sistn\u00e4mnda \u00e4r \u00f6ppna f\u00f6r utvalda grupper som skickas av sina \u00f6verordnade eller specialiserade institutioner. V\u00e5r infrastruktur \u00e4r rik p\u00e5 olika typer av utbildningsrum, olika tillbeh\u00f6r eller specialtillverkade dockor f\u00f6r inl\u00e4rning av HLR. Som ett resultat av detta ger utbildningen utm\u00e4rkta resultat och v\u00e5ra kunder \u00e4r n\u00f6jda med utbildningsresultaten. Vi erbjuder ocks\u00e5 ett h\u00f6gkvalificerat team av instrukt\u00f6rer och f\u00f6rel\u00e4sare som har utbildat ett stort antal personer i f\u00f6rsta hj\u00e4lpen.&nbsp;&nbsp;<\/p>\n\n\n<div class=\"wp-block-image\">\n<figure class=\"alignleft size-large is-resized\"><a href=\"https:\/\/szkolenia-udt.pl\/wp-content\/uploads\/2023\/05\/screen_2x-2023-05-22T151527.656.jpg\"><img loading=\"lazy\" decoding=\"async\" src=\"https:\/\/szkolenia-udt.pl\/wp-content\/uploads\/2023\/05\/screen_2x-2023-05-22T151527.656-1024x684.jpg\" alt=\"Utbildningsgrupp\" class=\"wp-image-5237\" width=\"512\" height=\"342\" srcset=\"https:\/\/szkolenia-udt.pl\/wp-content\/uploads\/2023\/05\/screen_2x-2023-05-22T151527.656-1024x684.jpg 1024w, https:\/\/szkolenia-udt.pl\/wp-content\/uploads\/2023\/05\/screen_2x-2023-05-22T151527.656-300x200.jpg 300w, https:\/\/szkolenia-udt.pl\/wp-content\/uploads\/2023\/05\/screen_2x-2023-05-22T151527.656-768x513.jpg 768w, https:\/\/szkolenia-udt.pl\/wp-content\/uploads\/2023\/05\/screen_2x-2023-05-22T151527.656-1536x1025.jpg 1536w, https:\/\/szkolenia-udt.pl\/wp-content\/uploads\/2023\/05\/screen_2x-2023-05-22T151527.656-18x12.jpg 18w, https:\/\/szkolenia-udt.pl\/wp-content\/uploads\/2023\/05\/screen_2x-2023-05-22T151527.656.jpg 1600w\" sizes=\"auto, (max-width: 512px) 100vw, 512px\" \/><\/a><\/figure>\n<\/div>\n\n\n<h2 class=\"wp-block-heading\">Hur anm\u00e4ler man sig?\u00a0<\/h2>\n\n\n\n<p>Vi erbjuder olika datum i m\u00e5nga st\u00e4der, detaljer <a href=\"https:\/\/szkolenia-udt.pl\/sv\/oferta\/\">v\u00e5rt erbjudande<\/a> finns p\u00e5 CSO:s webbplats. Vi erbjuder ocks\u00e5 m\u00f6jligheten att n\u00e5 st\u00e4der \u00f6ver hela Polen f\u00f6r s\u00e4rskilda slutna kurser f\u00f6r utvalda utbildningsgrupper. F\u00f6r v\u00e5r del garanterar vi attraktiva priser och h\u00f6gsta didaktiska niv\u00e5. Det \u00e4r upp till dig att best\u00e4mma det exakta datumet f\u00f6r utbildningen, vi anpassar oss efter ditt schema. Priserna \u00e4r en fr\u00e5ga om individuellt val, men f\u00f6r v\u00e5r del erbjuder vi rabatter i h\u00e4ndelse av att vi samlar en tillr\u00e4ckligt stor grupp.&nbsp;&nbsp;<\/p>\n\n\n\n<p>Ring och fr\u00e5ga efter alla detaljer nu! &nbsp;<\/p>\n\n\n<div class=\"wp-block-image\">\n<figure class=\"aligncenter\"><a href=\"https:\/\/szkolenia-udt.pl\/wp-content\/uploads\/2022\/08\/0093-oso.edu_.pl_.jpg\"><img loading=\"lazy\" decoding=\"async\" width=\"1024\" height=\"853\" src=\"https:\/\/szkolenia-udt.pl\/wp-content\/uploads\/2022\/08\/0093-oso.edu_.pl_-1024x853.jpg\" alt=\"\" class=\"wp-image-3198\" srcset=\"https:\/\/szkolenia-udt.pl\/wp-content\/uploads\/2022\/08\/0093-oso.edu_.pl_-1024x853.jpg 1024w, https:\/\/szkolenia-udt.pl\/wp-content\/uploads\/2022\/08\/0093-oso.edu_.pl_-300x250.jpg 300w, https:\/\/szkolenia-udt.pl\/wp-content\/uploads\/2022\/08\/0093-oso.edu_.pl_-768x640.jpg 768w, https:\/\/szkolenia-udt.pl\/wp-content\/uploads\/2022\/08\/0093-oso.edu_.pl_-14x12.jpg 14w, https:\/\/szkolenia-udt.pl\/wp-content\/uploads\/2022\/08\/0093-oso.edu_.pl_.jpg 1200w\" sizes=\"auto, (max-width: 1024px) 100vw, 1024px\" \/><\/a><\/figure>\n<\/div>","protected":false},"excerpt":{"rendered":"<p>Dbamy o rozw\u00f3j\u00a0 Nasza firma prowadzi rozmaite szkolenia od lat, kt\u00f3re przekazuj\u0105 profesjonaln\u0105 wiedz\u0119 naszym kursantom. Od Ciebie zale\u017cy, czy chcesz wys\u0142a\u0107 swojego pracownika w\u0142a\u015bnie do nas, by uzyska\u0142 potrzebn\u0105 z perspektywy pracodawcy wiedz\u0119. Jak m\u00f3wi Kodeks Pracy, niezb\u0119dne jest, by w miejscu pracy zapewni\u0107 wszelkie potrzebne \u015brodki w momencie wyst\u0105pienia po\u017car\u00f3w, konieczno\u015bci ewakuowania si\u0119 [&hellip;]<\/p>\n","protected":false},"author":10,"featured_media":3193,"parent":2739,"menu_order":0,"comment_status":"closed","ping_status":"closed","template":"","meta":{"footnotes":""},"class_list":["post-3192","page","type-page","status-publish","has-post-thumbnail","hentry"],"aioseo_notices":[],"_links":{"self":[{"href":"https:\/\/szkolenia-udt.pl\/sv\/wp-json\/wp\/v2\/pages\/3192","targetHints":{"allow":["GET"]}}],"collection":[{"href":"https:\/\/szkolenia-udt.pl\/sv\/wp-json\/wp\/v2\/pages"}],"about":[{"href":"https:\/\/szkolenia-udt.pl\/sv\/wp-json\/wp\/v2\/types\/page"}],"author":[{"embeddable":true,"href":"https:\/\/szkolenia-udt.pl\/sv\/wp-json\/wp\/v2\/users\/10"}],"replies":[{"embeddable":true,"href":"https:\/\/szkolenia-udt.pl\/sv\/wp-json\/wp\/v2\/comments?post=3192"}],"version-history":[{"count":8,"href":"https:\/\/szkolenia-udt.pl\/sv\/wp-json\/wp\/v2\/pages\/3192\/revisions"}],"predecessor-version":[{"id":5238,"href":"https:\/\/szkolenia-udt.pl\/sv\/wp-json\/wp\/v2\/pages\/3192\/revisions\/5238"}],"up":[{"embeddable":true,"href":"https:\/\/szkolenia-udt.pl\/sv\/wp-json\/wp\/v2\/pages\/2739"}],"wp:featuredmedia":[{"embeddable":true,"href":"https:\/\/szkolenia-udt.pl\/sv\/wp-json\/wp\/v2\/media\/3193"}],"wp:attachment":[{"href":"https:\/\/szkolenia-udt.pl\/sv\/wp-json\/wp\/v2\/media?parent=3192"}],"curies":[{"name":"wp","href":"https:\/\/api.w.org\/{rel}","templated":true}]}}