{"id":3201,"date":"2022-08-30T12:23:00","date_gmt":"2022-08-30T10:23:00","guid":{"rendered":"https:\/\/szkolenia-udt.pl\/?page_id=3201"},"modified":"2023-03-26T11:43:48","modified_gmt":"2023-03-26T09:43:48","slug":"uno-tdt","status":"publish","type":"page","link":"https:\/\/szkolenia-udt.pl\/sv\/kursy\/uprawnienia-udt-tdt-wdt\/uno-tdt\/","title":{"rendered":"UNO - TDT:s anv\u00e4ndning, risker och befogenheter"},"content":{"rendered":"<div class=\"wp-block-image\">\n<figure class=\"alignleft size-large is-resized\"><a href=\"https:\/\/szkolenia-udt.pl\/wp-content\/uploads\/2022\/08\/2-10.jpeg\"><img loading=\"lazy\" decoding=\"async\" src=\"https:\/\/szkolenia-udt.pl\/wp-content\/uploads\/2022\/08\/2-10-1024x678.jpeg\" alt=\"Reparation av tankfartyg\" class=\"wp-image-3203\" width=\"512\" height=\"339\" srcset=\"https:\/\/szkolenia-udt.pl\/wp-content\/uploads\/2022\/08\/2-10-1024x678.jpeg 1024w, https:\/\/szkolenia-udt.pl\/wp-content\/uploads\/2022\/08\/2-10-300x199.jpeg 300w, https:\/\/szkolenia-udt.pl\/wp-content\/uploads\/2022\/08\/2-10-768x509.jpeg 768w, https:\/\/szkolenia-udt.pl\/wp-content\/uploads\/2022\/08\/2-10-1536x1018.jpeg 1536w, https:\/\/szkolenia-udt.pl\/wp-content\/uploads\/2022\/08\/2-10-18x12.jpeg 18w, https:\/\/szkolenia-udt.pl\/wp-content\/uploads\/2022\/08\/2-10.jpeg 1600w\" sizes=\"auto, (max-width: 512px) 100vw, 512px\" \/><\/a><\/figure>\n<\/div>\n\n\n<h2 class=\"wp-block-heading\"><strong>UNO:s specificitet<\/strong><\/h2>\n\n\n\n<p>Den utrustning som anv\u00e4nds f\u00f6r att fylla och t\u00f6mma tankar \u00e4r ganska komplex och f\u00f6r att anv\u00e4nda den kr\u00e4vs en s\u00e4rskild kvalifikation som beviljats av Transport Technical Supervision och som \u00e4r giltig i fem \u00e5r fr\u00e5n det att den f\u00f6rv\u00e4rvades. UNO-utrustningens huvudsakliga funktion \u00e4r s\u00e4ker fyllning och t\u00f6mning av tankar med flytande r\u00e5material. Det finns olika kurser tillg\u00e4ngliga f\u00f6r att f\u00f6rbereda sig f\u00f6r drift av s\u00e5dan utrustning och f\u00f6r examen, vars godk\u00e4nnande inf\u00f6r en kommission utsedd av TDT m\u00f6jligg\u00f6r drift av UNO-utrustning. Vi l\u00e4r dig allt du beh\u00f6ver veta om UNO p\u00e5 v\u00e5ra specialutvecklade utbildningar i <a href=\"https:\/\/szkolenia-udt.pl\/sv\/o-firmie\/\">Centrum f\u00f6r utbildning av operat\u00f6rer<\/a>.\u00a0<\/p>\n\n\n\n<h2 class=\"wp-block-heading\"><strong>UNO-utbildning vid CSO<\/strong>&nbsp;<\/h2>\n\n\n\n<p>F\u00f6r att p\u00e5 ett tillf\u00f6rlitligt s\u00e4tt f\u00f6rbereda dig f\u00f6r TDT-examen m\u00e5ste du k\u00e4nna till allt till\u00e4mpligt material. I v\u00e5r utbildning vill vi fokusera p\u00e5 n\u00e5gra av de viktigaste punkterna, vars beh\u00e4rskning kommer att ge dig grunden f\u00f6r att arbeta med fyllnings- och t\u00f6mningsutrustning. F\u00f6r att \u00f6verhuvudtaget kunna delta i v\u00e5r UNO-utbildning m\u00e5ste du uppfylla f\u00f6ljande krav:&nbsp;<\/p>\n\n\n\n<ul class=\"wp-block-list\">\n<li>vara minst 18 \u00e5r gammal,&nbsp;<\/li>\n\n\n\n<li>Ha ett minimum av yrkesutbildning,&nbsp;<\/li>\n\n\n\n<li>ha ett l\u00e4karintyg som intygar att det inte finns n\u00e5gra h\u00e4lsorelaterade kontraindikationer f\u00f6r att arbeta med UNO-fyllmaskiner.&nbsp;<\/li>\n<\/ul>\n\n\n\n<h2 class=\"wp-block-heading\"><strong>Utbildningens omfattning<\/strong>&nbsp;<\/h2>\n\n\n\n<p>Du m\u00e5ste veta att arbete under dessa f\u00f6rh\u00e5llanden och i dessa milj\u00f6er inneb\u00e4r h\u00e4lsorisker och faror. D\u00e4rf\u00f6r beh\u00f6ver du kunskap om aspekter som t.ex:&nbsp;<\/p>\n\n\n<div class=\"wp-block-image\">\n<figure class=\"alignright size-large is-resized\"><a href=\"https:\/\/szkolenia-udt.pl\/wp-content\/uploads\/2022\/08\/3-7.jpeg\"><img loading=\"lazy\" decoding=\"async\" src=\"https:\/\/szkolenia-udt.pl\/wp-content\/uploads\/2022\/08\/3-7-1024x680.jpeg\" alt=\"UNO utrustning\" class=\"wp-image-3204\" width=\"512\" height=\"340\" srcset=\"https:\/\/szkolenia-udt.pl\/wp-content\/uploads\/2022\/08\/3-7-1024x680.jpeg 1024w, https:\/\/szkolenia-udt.pl\/wp-content\/uploads\/2022\/08\/3-7-300x199.jpeg 300w, https:\/\/szkolenia-udt.pl\/wp-content\/uploads\/2022\/08\/3-7-768x510.jpeg 768w, https:\/\/szkolenia-udt.pl\/wp-content\/uploads\/2022\/08\/3-7-1536x1020.jpeg 1536w, https:\/\/szkolenia-udt.pl\/wp-content\/uploads\/2022\/08\/3-7-18x12.jpeg 18w, https:\/\/szkolenia-udt.pl\/wp-content\/uploads\/2022\/08\/3-7.jpeg 1600w\" sizes=\"auto, (max-width: 512px) 100vw, 512px\" \/><\/a><\/figure>\n<\/div>\n\n\n<ul class=\"wp-block-list\">\n<li>farliga material och deras egenskaper,&nbsp;<\/li>\n\n\n\n<li>Teknisk \u00f6vervakning av utrustning och kunskap om konstruktion av tankar,&nbsp;<\/li>\n\n\n\n<li>Korrekt p\u00e5fyllning och t\u00f6mning av popul\u00e4ra beh\u00e5llare och anv\u00e4ndning av h\u00e4llmaskiner,&nbsp;<\/li>\n\n\n\n<li>korrekt m\u00e4rkning av alla beh\u00e5llare,&nbsp;<\/li>\n\n\n\n<li>regler f\u00f6r h\u00e4lsa och s\u00e4kerhet samt brandskydd,&nbsp;<\/li>\n<\/ul>\n\n\n\n<p>Vi \u00e4gnar minst ett par timmar \u00e5t varje kursmoment, eftersom vi \u00e4r angel\u00e4gna om att alla deltagare ska f\u00f6rst\u00e5 \u00e4mnet p\u00e5 djupet. Utbildningen inneh\u00e5ller b\u00e5de praktiska och teoretiska delar.&nbsp;<\/p>\n\n\n\n<figure class=\"wp-block-table\"><table><thead><tr><th>En del av utbildningen<\/th><th>Fr\u00e5gor<\/th><th>\u00d6vningar<\/th><\/tr><\/thead><tbody><tr><td><strong>Utbildningsprogram<\/strong><\/td><td>\n<ul>\n<li>Farliga material<\/li>\n<li>Utformning av tank<\/li>\n<li>F\u00f6rtrogenhet med v\u00e4gvisning<\/li>\n<li>Regler f\u00f6r h\u00e4lsa, s\u00e4kerhet och hygien<\/li>\n<\/ul>\n<\/td><td>\n<ul>\n<li>Utf\u00f6rande av teknisk \u00f6vervakning<\/li>\n<li>Drift av UNO-utrustning<\/li>\n<li>P\u00e5fyllning och t\u00f6mning av tankar<\/li>\n<\/ul>\n<\/td><\/tr><\/tbody><\/table><\/figure>\n\n\n\n<ol class=\"wp-block-list\" start=\"1\">\n<li><strong>Detaljerat utbildningsprogram och f\u00f6rtrogenhet med farliga \u00e4mnen och tankm\u00e4rkning<\/strong>\u00a0<\/li>\n<\/ol>\n\n\n\n<p>Under utbildningen bekantar vi oss med de material och \u00e4mnen som du kommer att arbeta med n\u00e4r du anv\u00e4nder UNO. Dessutom kommer vi att f\u00f6rklara f\u00f6rkortningar f\u00f6r m\u00e4rkning, s\u00e5som ADR eller RID. Kursen omfattar f\u00f6ljande:&nbsp;<\/p>\n\n\n\n<ul class=\"wp-block-list\">\n<li>material som \u00e4r s\u00e4kra under tryck,&nbsp;<\/li>\n\n\n\n<li>gasmaterial,&nbsp;<\/li>\n\n\n\n<li>brandfarliga v\u00e4tskor,&nbsp;<\/li>\n\n\n\n<li>olika klasser av ADR\/RID-material.&nbsp;<\/li>\n<\/ul>\n\n\n\n<p>Denna del kommer att vara s\u00e4rskilt viktig, eftersom grundl\u00e4ggande kunskaper om farliga material och tankm\u00e4rkning avg\u00f6r s\u00e4kra arbetsmetoder. Som en introduktion till utbildningen kommer denna del sannolikt att vara l\u00e4ngre och mer detaljerad. Okunskap om egenskaperna hos enskilda \u00e4mnen och material, tillsammans med korrekt m\u00e4rkning, leder till ett direkt hot mot UNO-operat\u00f6rens h\u00e4lsa och liv.&nbsp;<\/p>\n\n\n\n<ol class=\"wp-block-list\" start=\"2\">\n<li><strong>Kunskap om konstruktion av tankar och utrustning<\/strong>&nbsp;<\/li>\n<\/ol>\n\n\n\n<p>I detta avsnitt presenteras de delar som ing\u00e5r i konstruktionen av tankar, s\u00e5som tankvagnar och utrustning f\u00f6r t\u00f6mning och fyllning av tankar. Det \u00e4r v\u00e4rt att inse att konstruktionen av en s\u00e5dan tankbil m\u00e5ste uppfylla en lista med m\u00e5nga krav f\u00f6r att kunna transportera \u00e4mnen s\u00e5 s\u00e4kert och korrekt som m\u00f6jligt. En annan viktig aspekt \u00e4r ocks\u00e5 styrkan hos de olika typerna av tankar, som f\u00f6rhindrar att materialet l\u00e4cker ut i h\u00e4ndelse av haveri eller olycka. I den h\u00e4r delen av kursen kommer du bland annat att l\u00e4ra dig om den detaljerade konstruktionen av tankvagnar f\u00f6r transport:&nbsp;<\/p>\n\n\n\n<ul class=\"wp-block-list\">\n<li>fasta material,&nbsp;<\/li>\n\n\n\n<li>kemiska \u00e4mnen,&nbsp;<\/li>\n\n\n\n<li>gasformiga br\u00e4nslen,&nbsp;<\/li>\n\n\n\n<li>Avfall,&nbsp;<\/li>\n\n\n\n<li>livsmedel.&nbsp;<\/li>\n<\/ul>\n\n\n\n<ol class=\"wp-block-list\" start=\"3\">\n<li><strong>Kunskaper om h\u00e4lsa, s\u00e4kerhet och hygien p\u00e5 arbetsplatsen<\/strong>&nbsp;<\/li>\n<\/ol>\n\n\n\n<p>N\u00e4sta steg i utbildningen, som inte \u00e4r mindre viktigt, kommer att vara hela \u00e4mnet h\u00e4lso- och s\u00e4kerhetsf\u00f6reskrifter och brandbeteende, vilket \u00e4r s\u00e5 l\u00e4tt att h\u00e4nda i en milj\u00f6 med gaser och brandfarliga material. Vi kommer att presentera:&nbsp;<\/p>\n\n\n\n<ul class=\"wp-block-list\">\n<li>de viktigaste reglerna f\u00f6r att uppr\u00e4tth\u00e5lla s\u00e4kerheten vid arbete med UNO-utrustning och de vanligaste tankarna,&nbsp;<\/li>\n\n\n\n<li>v\u00e4gar f\u00f6r skydd mot eventuella br\u00e4nder,&nbsp;<\/li>\n\n\n\n<li>metoder f\u00f6r att bek\u00e4mpa en eventuell katastrof p\u00e5 arbetsplatsen,&nbsp;<\/li>\n\n\n\n<li>steg med h\u00e4nsyn till f\u00f6rberedelser f\u00f6r arbete p\u00e5 UNO-tankar och utrustning,&nbsp;<\/li>\n\n\n\n<li>tekniker f\u00f6r att s\u00e4kerst\u00e4lla s\u00e4kerheten inte bara f\u00f6r dem sj\u00e4lva utan \u00e4ven f\u00f6r alla i deras omgivning.&nbsp;<\/li>\n<\/ul>\n\n\n<div class=\"wp-block-image\">\n<figure class=\"alignleft size-large is-resized\"><a href=\"https:\/\/szkolenia-udt.pl\/wp-content\/uploads\/2022\/08\/1-10.jpeg\"><img loading=\"lazy\" decoding=\"async\" src=\"https:\/\/szkolenia-udt.pl\/wp-content\/uploads\/2022\/08\/1-10-1024x683.jpeg\" alt=\"Teknisk \u00f6vervakning av transporter\" class=\"wp-image-3202\" width=\"512\" height=\"342\" srcset=\"https:\/\/szkolenia-udt.pl\/wp-content\/uploads\/2022\/08\/1-10-1024x683.jpeg 1024w, https:\/\/szkolenia-udt.pl\/wp-content\/uploads\/2022\/08\/1-10-300x200.jpeg 300w, https:\/\/szkolenia-udt.pl\/wp-content\/uploads\/2022\/08\/1-10-768x512.jpeg 768w, https:\/\/szkolenia-udt.pl\/wp-content\/uploads\/2022\/08\/1-10-1536x1024.jpeg 1536w, https:\/\/szkolenia-udt.pl\/wp-content\/uploads\/2022\/08\/1-10-18x12.jpeg 18w, https:\/\/szkolenia-udt.pl\/wp-content\/uploads\/2022\/08\/1-10.jpeg 1600w\" sizes=\"auto, (max-width: 512px) 100vw, 512px\" \/><\/a><\/figure>\n<\/div>\n\n\n<ol class=\"wp-block-list\" start=\"4\">\n<li><strong>TDT Teknisk inspektion<\/strong>&nbsp;<\/li>\n<\/ol>\n\n\n\n<p>Som du vet omfattas UNO-utrustning av den tekniska transport\u00f6vervakningen. Hos oss f\u00e5r du l\u00e4ra dig att utf\u00f6ra teknisk \u00f6vervakning av utrustning, t.ex:&nbsp;<\/p>\n\n\n\n<ul class=\"wp-block-list\">\n<li>flexibla lastlinjer,&nbsp;<\/li>\n\n\n\n<li>lastarmar (anv\u00e4nds p\u00e5 havsg\u00e5ende fartyg),&nbsp;<\/li>\n\n\n\n<li>Utrustning f\u00f6r fyllning och t\u00f6mning av transporttankar.&nbsp;<\/li>\n<\/ul>\n\n\n\n<p>Teknisk \u00f6vervakning \u00e4r en mycket viktig fr\u00e5ga och i v\u00e5r utbildning utg\u00f6r den en mycket stor del av \u00f6vningssegmentet. S\u00e5dan \u00f6vervakning garanterar utrustningens s\u00e4kerhet och livsl\u00e4ngd, s\u00e5 att \u00f6va p\u00e5 det \u00e4r ett m\u00e5ste f\u00f6r oss.&nbsp;<\/p>\n\n\n\n<ol class=\"wp-block-list\" start=\"5\">\n<li><strong>Drift av utrustning - p\u00e5fyllning och t\u00f6mning<\/strong>\u00a0<\/li>\n<\/ol>\n\n\n\n<p>I det h\u00e4r avsnittet kommer vi att fokusera p\u00e5 att anv\u00e4nda ovan n\u00e4mnda utrustning och \u00f6va p\u00e5 hela p\u00e5fyllningsprocessen med t\u00f6mning av tanken. Det \u00e4r dessa f\u00e4rdigheter som ditt framtida jobb kommer att kr\u00e4va n\u00e4r du har f\u00e5tt ditt TDT-certifikat, s\u00e5 v\u00e5r utbildning kommer att vara starkt fokuserad p\u00e5 att l\u00e4ra dig hur man anv\u00e4nder UNO-utrustning i praktiken. Det finns m\u00e5nga farliga material vars \u00f6verfl\u00f6d och transport p\u00e5 fel s\u00e4tt kan sluta katastrofalt. Som operat\u00f6r av UNO-utrustning beh\u00f6ver du d\u00e4rf\u00f6r:\u00a0<\/p>\n\n\n\n<ul class=\"wp-block-list\">\n<li>veta vilka \u00e4mnen man ska vara s\u00e4rskilt f\u00f6rsiktig med,&nbsp;<\/li>\n\n\n\n<li>k\u00e4nna till de olika \u00e4mnenas egenskaper,&nbsp;<\/li>\n\n\n\n<li>kunna bed\u00f6ma de risker som \u00e4r f\u00f6rknippade med specifika material.&nbsp;<\/li>\n<\/ul>\n\n\n\n<h2 class=\"wp-block-heading\"><strong>Du kan g\u00e4rna kontakta oss<\/strong>&nbsp;<\/h2>\n\n\n\n<p>Om du \u00e4r intresserad av v\u00e5rt nya utbildningserbjudande f\u00f6r UNO-utrustning kan du ringa eller skriva till oss f\u00f6r att f\u00e5 reda p\u00e5 mer om kursen. OSO v\u00e4ntar bara p\u00e5 dig, vi v\u00e4lkomnar och rekommenderar alla <a href=\"https:\/\/szkolenia-udt.pl\/sv\/kursy\/\">v\u00e5ra utbildningar<\/a>.\u00a0<\/p>\n\n\n<div class=\"wp-block-image\">\n<figure class=\"aligncenter\"><a href=\"https:\/\/szkolenia-udt.pl\/wp-content\/uploads\/2022\/08\/0051-oso.edu_.pl_.jpg\"><img loading=\"lazy\" decoding=\"async\" width=\"1024\" height=\"853\" src=\"https:\/\/szkolenia-udt.pl\/wp-content\/uploads\/2022\/08\/0051-oso.edu_.pl_-1024x853.jpg\" alt=\"grafik som beskriver UNO-operat\u00f6rsutbildning\" class=\"wp-image-3208\" srcset=\"https:\/\/szkolenia-udt.pl\/wp-content\/uploads\/2022\/08\/0051-oso.edu_.pl_-1024x853.jpg 1024w, https:\/\/szkolenia-udt.pl\/wp-content\/uploads\/2022\/08\/0051-oso.edu_.pl_-300x250.jpg 300w, https:\/\/szkolenia-udt.pl\/wp-content\/uploads\/2022\/08\/0051-oso.edu_.pl_-768x640.jpg 768w, https:\/\/szkolenia-udt.pl\/wp-content\/uploads\/2022\/08\/0051-oso.edu_.pl_-14x12.jpg 14w, https:\/\/szkolenia-udt.pl\/wp-content\/uploads\/2022\/08\/0051-oso.edu_.pl_.jpg 1200w\" sizes=\"auto, (max-width: 1024px) 100vw, 1024px\" \/><\/a><\/figure>\n<\/div>","protected":false},"excerpt":{"rendered":"<p>Specyfika UNO Urz\u0105dzenia, kt\u00f3re s\u0142u\u017c\u0105 do nape\u0142niania i opr\u00f3\u017cniania zbiornik\u00f3w to dosy\u0107 skomplikowane maszyny, a do ich obs\u0142ugi potrzebne s\u0105 konkretne uprawnienia przyznawane przez Transportowy Doz\u00f3r Techniczny, kt\u00f3re s\u0105 wa\u017cne przez okres 5 lat od ich uzyskania.\u00a0G\u0142\u00f3wn\u0105 funkcj\u0105 urz\u0105dze\u0144 UNO jest bezpieczne nape\u0142nienie wraz z opr\u00f3\u017cnianiem zbiornik\u00f3w surowcami p\u0142ynnymi. Istniej\u0105 r\u00f3\u017cne oferty kurs\u00f3w przygotowuj\u0105ce do [&hellip;]<\/p>\n","protected":false},"author":10,"featured_media":3203,"parent":2266,"menu_order":0,"comment_status":"closed","ping_status":"closed","template":"","meta":{"footnotes":""},"class_list":["post-3201","page","type-page","status-publish","has-post-thumbnail","hentry"],"aioseo_notices":[],"_links":{"self":[{"href":"https:\/\/szkolenia-udt.pl\/sv\/wp-json\/wp\/v2\/pages\/3201","targetHints":{"allow":["GET"]}}],"collection":[{"href":"https:\/\/szkolenia-udt.pl\/sv\/wp-json\/wp\/v2\/pages"}],"about":[{"href":"https:\/\/szkolenia-udt.pl\/sv\/wp-json\/wp\/v2\/types\/page"}],"author":[{"embeddable":true,"href":"https:\/\/szkolenia-udt.pl\/sv\/wp-json\/wp\/v2\/users\/10"}],"replies":[{"embeddable":true,"href":"https:\/\/szkolenia-udt.pl\/sv\/wp-json\/wp\/v2\/comments?post=3201"}],"version-history":[{"count":7,"href":"https:\/\/szkolenia-udt.pl\/sv\/wp-json\/wp\/v2\/pages\/3201\/revisions"}],"predecessor-version":[{"id":4760,"href":"https:\/\/szkolenia-udt.pl\/sv\/wp-json\/wp\/v2\/pages\/3201\/revisions\/4760"}],"up":[{"embeddable":true,"href":"https:\/\/szkolenia-udt.pl\/sv\/wp-json\/wp\/v2\/pages\/2266"}],"wp:featuredmedia":[{"embeddable":true,"href":"https:\/\/szkolenia-udt.pl\/sv\/wp-json\/wp\/v2\/media\/3203"}],"wp:attachment":[{"href":"https:\/\/szkolenia-udt.pl\/sv\/wp-json\/wp\/v2\/media?parent=3201"}],"curies":[{"name":"wp","href":"https:\/\/api.w.org\/{rel}","templated":true}]}}