{"id":3239,"date":"2022-09-01T09:15:24","date_gmt":"2022-09-01T07:15:24","guid":{"rendered":"https:\/\/szkolenia-udt.pl\/?page_id=3239"},"modified":"2023-03-26T11:25:38","modified_gmt":"2023-03-26T09:25:38","slug":"tdt-auktorisationer","status":"publish","type":"page","link":"https:\/\/szkolenia-udt.pl\/sv\/kursy\/uprawnienia-udt-tdt-wdt\/tdt-uprawniania\/","title":{"rendered":"Certifieringskurs f\u00f6r TDT"},"content":{"rendered":"<div class=\"wp-block-image\">\n<figure class=\"alignright size-full is-resized\"><a href=\"https:\/\/szkolenia-udt.pl\/wp-content\/uploads\/2022\/08\/transportowy-dozor-techniczny-zaswiadczenie-kwalifikacyjne.jpeg\"><img loading=\"lazy\" decoding=\"async\" src=\"https:\/\/szkolenia-udt.pl\/wp-content\/uploads\/2022\/08\/transportowy-dozor-techniczny-zaswiadczenie-kwalifikacyjne.jpeg\" alt=\"TDT-tillst\u00e5nd - kort\" class=\"wp-image-3226\" width=\"296\" height=\"387\" srcset=\"https:\/\/szkolenia-udt.pl\/wp-content\/uploads\/2022\/08\/transportowy-dozor-techniczny-zaswiadczenie-kwalifikacyjne.jpeg 592w, https:\/\/szkolenia-udt.pl\/wp-content\/uploads\/2022\/08\/transportowy-dozor-techniczny-zaswiadczenie-kwalifikacyjne-230x300.jpeg 230w, https:\/\/szkolenia-udt.pl\/wp-content\/uploads\/2022\/08\/transportowy-dozor-techniczny-zaswiadczenie-kwalifikacyjne-9x12.jpeg 9w\" sizes=\"auto, (max-width: 296px) 100vw, 296px\" \/><\/a><\/figure>\n<\/div>\n\n\n<p>Teknisk \u00f6vervakning \u00e4r n\u00f6dv\u00e4ndig f\u00f6r att hamnar, marinor, linbanor eller skidliftar ska fungera effektivt. Det finns ocks\u00e5 yrken som \u00e4r n\u00f6dv\u00e4ndiga f\u00f6r korrekt sk\u00f6tsel av maskiner och teknisk utrustning som samtidigt kr\u00e4ver auktorisering, t.ex. teknisk \u00f6vervakning av transport.\u00a0\u00a0<\/p>\n\n\n\n<h2 class=\"wp-block-heading\"><strong>TDT-certifiering<\/strong>&nbsp;<\/h2>\n\n\n\n<p>Med kranf\u00f6rare kan vi flytta mycket tunga material i produktionshallar, p\u00e5 byggarbetsplatser eller skeppsvarv. \u00c5 andra sidan kan de som arbetar p\u00e5 mobila mastplattformar utf\u00f6ra arbete p\u00e5 husfasader eller m\u00e5la v\u00e4ggar. F\u00f6r att f\u00e5 arbeta som operat\u00f6r beh\u00f6ver du ett k\u00f6rkort. P\u00e5 grund av den n\u00e4stan st\u00e4ndiga efterfr\u00e5gan p\u00e5 yrken som omfattar drift av ovan n\u00e4mnda maskiner och m\u00e5nga andra, har v\u00e5ra <a href=\"https:\/\/szkolenia-udt.pl\/sv\/o-firmie\/\">Utbildningscenter f\u00f6r operat\u00f6rer<\/a> (OSO) erbjuder dig yrkesutbildningskurser, efter vilka praktikanter kommer att f\u00f6rv\u00e4rva relevanta kunskaper och f\u00e4rdigheter inom sitt valda yrke. Efter utbildningen kan du g\u00f6ra ett prov och f\u00e5 det n\u00f6dv\u00e4ndiga TDT-certifikatet.\u00a0<\/p>\n\n\n\n<h2 class=\"wp-block-heading\"><strong>Vad g\u00f6r TDT och vilka befogenheter har den?<\/strong>\u00a0<\/h2>\n\n\n<div class=\"wp-block-image\">\n<figure class=\"alignleft size-large is-resized\"><a href=\"https:\/\/szkolenia-udt.pl\/wp-content\/uploads\/2022\/09\/1.jpeg\"><img loading=\"lazy\" decoding=\"async\" src=\"https:\/\/szkolenia-udt.pl\/wp-content\/uploads\/2022\/09\/1-1024x768.jpeg\" alt=\"br\u00e4nsletankfartyg\" class=\"wp-image-3240\" width=\"512\" height=\"384\" srcset=\"https:\/\/szkolenia-udt.pl\/wp-content\/uploads\/2022\/09\/1-1024x768.jpeg 1024w, https:\/\/szkolenia-udt.pl\/wp-content\/uploads\/2022\/09\/1-300x225.jpeg 300w, https:\/\/szkolenia-udt.pl\/wp-content\/uploads\/2022\/09\/1-768x576.jpeg 768w, https:\/\/szkolenia-udt.pl\/wp-content\/uploads\/2022\/09\/1-1536x1152.jpeg 1536w, https:\/\/szkolenia-udt.pl\/wp-content\/uploads\/2022\/09\/1-16x12.jpeg 16w, https:\/\/szkolenia-udt.pl\/wp-content\/uploads\/2022\/09\/1-135x100.jpeg 135w, https:\/\/szkolenia-udt.pl\/wp-content\/uploads\/2022\/09\/1.jpeg 1600w\" sizes=\"auto, (max-width: 512px) 100vw, 512px\" \/><\/a><\/figure>\n<\/div>\n\n\n<p>TDT st\u00e5r f\u00f6r Transport Technical Supervision - det \u00e4r en nationell juridisk person som grundas p\u00e5 lagen av den 21 december 2000 om teknisk tillsyn. Det \u00e4r en enhet inom DT (Technical Supervision), som \u00e4r underst\u00e4lld den minister som ansvarar f\u00f6r transportfr\u00e5gor. Den \u00f6vervakar teknisk utrustning som har installerats p\u00e5 j\u00e4rnv\u00e4gsomr\u00e5det, j\u00e4rnv\u00e4gssp\u00e5r och j\u00e4rnv\u00e4gstransport, samt tankar (bland annat cisterner, som vi anv\u00e4nder i v\u00e4g-, j\u00e4rnv\u00e4gs- och inre vattenv\u00e4gstrafik). TDT omfattas av lagen om teknisk \u00f6vervakning. Dessa inkluderar till exempel transport av farligt gods, utf\u00e4rdande av intyg om godk\u00e4nnande av fordon f\u00f6r transport av farligt gods. Anl\u00e4ggningar som tillverkar, reparerar, moderniserar och monterar teknisk utrustning m\u00e5ste ha tillst\u00e5nd f\u00f6r detta. S\u00e5dana tillst\u00e5nd utf\u00e4rdas ocks\u00e5 av Transport Technical Supervision. Denna enhet beviljar ocks\u00e5 tillst\u00e5nd till arbetstagare i yrken f\u00f6r vilka TDT-tillst\u00e5nd kr\u00e4vs, till exempel de som tillverkar svetsade fogar. \u00c5 andra sidan kan de flesta operat\u00f6rer som \u00e4r auktoriserade av UDT (Office of Technical Inspection) anv\u00e4nda utrustning som \u00e4r registrerad hos TDT.\u00a0<\/p>\n\n\n\n<h2 class=\"wp-block-heading\"><strong>TDT-utbildning<\/strong>&nbsp;<\/h2>\n\n\n\n<p>F\u00f6r att f\u00e5 din TDT-licens m\u00e5ste du ha r\u00e4tt utbildning och f\u00f6rv\u00e4rva de n\u00f6dv\u00e4ndiga kunskaperna. V\u00e5ra omfattande kurser p\u00e5 Operator Training Centre (OSO) genomf\u00f6rs p\u00e5 h\u00f6gsta niv\u00e5 av professionella experter som alltid st\u00e5r till ditt f\u00f6rfogande. I v\u00e5rt omfattande utbildningsutbud ing\u00e5r till exempel kurser om drift och montering av tryckk\u00e4rl eller en kurs om fyllning och t\u00f6mning av trycktankar. Med utbildning p\u00e5 dessa utrustningar kan du enkelt hitta en anst\u00e4llning.\u00a0\u00a0<\/p>\n\n\n<div class=\"wp-block-image\">\n<figure class=\"alignleft is-resized\"><a href=\"https:\/\/szkolenia-udt.pl\/wp-content\/uploads\/2022\/09\/12.jpeg\"><img loading=\"lazy\" decoding=\"async\" src=\"https:\/\/szkolenia-udt.pl\/wp-content\/uploads\/2022\/09\/12-1024x683.jpeg\" alt=\"person som st\u00e5r i hamnen\" class=\"wp-image-3241\" width=\"512\" height=\"342\" srcset=\"https:\/\/szkolenia-udt.pl\/wp-content\/uploads\/2022\/09\/12-1024x683.jpeg 1024w, https:\/\/szkolenia-udt.pl\/wp-content\/uploads\/2022\/09\/12-300x200.jpeg 300w, https:\/\/szkolenia-udt.pl\/wp-content\/uploads\/2022\/09\/12-768x512.jpeg 768w, https:\/\/szkolenia-udt.pl\/wp-content\/uploads\/2022\/09\/12-1536x1024.jpeg 1536w, https:\/\/szkolenia-udt.pl\/wp-content\/uploads\/2022\/09\/12-18x12.jpeg 18w, https:\/\/szkolenia-udt.pl\/wp-content\/uploads\/2022\/09\/12.jpeg 1600w\" sizes=\"auto, (max-width: 512px) 100vw, 512px\" \/><\/a><\/figure>\n<\/div>\n\n\n<h2 class=\"wp-block-heading\"><strong>V\u00e5r utbildning<\/strong>&nbsp;<\/h2>\n\n\n\n<p>V\u00e5ra utbildningsprogram best\u00e5r av en praktisk och en teoretisk del. Kurserna ges p\u00e5 ett l\u00e4ttillg\u00e4ngligt s\u00e4tt och p\u00e5 ett s\u00e5dant s\u00e4tt att du enkelt kan klara TDT:s statliga prov och erh\u00e5lla de n\u00f6dv\u00e4ndiga yrkeslicenserna. Kontakta oss g\u00e4rna s\u00e5 ger vi dig all n\u00f6dv\u00e4ndig information. Vi erbjuder \u00f6verkomliga priser, som vi alltid kommer \u00f6verens om individuellt med dig. Vi erbjuder rabatter f\u00f6r st\u00f6rre, organiserade grupper. V\u00e5rt OSO-center erbjuder b\u00e5de \u00f6ppna och slutna kurser. V\u00e5rt huvudkontor ligger i Warszawa, men vi erbjuder utbildning i hela Polen. Om kursen \u00e4r en sluten kurs, avsedd f\u00f6r en st\u00f6rre organiserad grupp, kommer vi till kundens s\u00e4te utan problem, efter \u00f6verenskommelse i f\u00f6rv\u00e4g. Vi inbjuder dig ocks\u00e5 att ta en titt p\u00e5 det omfattande utbudet av kurser som vi erbjuder p\u00e5 v\u00e5r webbplats. Vi har introduktions- och forts\u00e4ttningskurser i arbetsmilj\u00f6, brands\u00e4kerhet och f\u00f6r HDS-kranf\u00f6rare, <a href=\"https:\/\/szkolenia-udt.pl\/sv\/kursy\/prace-wysokosciowe\/\">h\u00f6jdkurser<\/a> och en m\u00e4ngd andra.\u00a0<\/p>\n\n\n<div class=\"wp-block-image\">\n<figure class=\"aligncenter\"><a href=\"https:\/\/szkolenia-udt.pl\/wp-content\/uploads\/2022\/09\/0021-oso-konserwator-udzadzen-udt-1.jpg\"><img loading=\"lazy\" decoding=\"async\" width=\"1024\" height=\"853\" src=\"https:\/\/szkolenia-udt.pl\/wp-content\/uploads\/2022\/09\/0021-oso-konserwator-udzadzen-udt-1-1024x853.jpg\" alt=\"grafisk reklam f\u00f6r utbildningen\" class=\"wp-image-3242\" srcset=\"https:\/\/szkolenia-udt.pl\/wp-content\/uploads\/2022\/09\/0021-oso-konserwator-udzadzen-udt-1-1024x853.jpg 1024w, https:\/\/szkolenia-udt.pl\/wp-content\/uploads\/2022\/09\/0021-oso-konserwator-udzadzen-udt-1-300x250.jpg 300w, https:\/\/szkolenia-udt.pl\/wp-content\/uploads\/2022\/09\/0021-oso-konserwator-udzadzen-udt-1-768x640.jpg 768w, https:\/\/szkolenia-udt.pl\/wp-content\/uploads\/2022\/09\/0021-oso-konserwator-udzadzen-udt-1-14x12.jpg 14w, https:\/\/szkolenia-udt.pl\/wp-content\/uploads\/2022\/09\/0021-oso-konserwator-udzadzen-udt-1.jpg 1200w\" sizes=\"auto, (max-width: 1024px) 100vw, 1024px\" \/><\/a><\/figure>\n<\/div>","protected":false},"excerpt":{"rendered":"<p>Aby porty, przystanie morskie, koleje linowe czy wyci\u0105gi narciarskie sprawnie dzia\u0142a\u0142y, niezb\u0119dny jest sprawowany nad nimi doz\u00f3r techniczny. S\u0105 r\u00f3wnie\u017c zawody niezb\u0119dne w sprawowaniu prawid\u0142owej opieki nad maszynami i urz\u0105dzeniami technicznymi, kt\u00f3re jednocze\u015bnie wymagaj\u0105 uprawnie\u0144, m.in. Transportowego Dozoru Technicznego.\u00a0\u00a0 Uprawnienia TDT&nbsp; Dzi\u0119ki operatorom suwnic mo\u017cemy przenosi\u0107 bardzo ci\u0119\u017ckie materia\u0142y w halach produkcyjnych, na placach budowy [&hellip;]<\/p>\n","protected":false},"author":10,"featured_media":3241,"parent":2266,"menu_order":0,"comment_status":"closed","ping_status":"closed","template":"","meta":{"footnotes":""},"class_list":["post-3239","page","type-page","status-publish","has-post-thumbnail","hentry"],"aioseo_notices":[],"_links":{"self":[{"href":"https:\/\/szkolenia-udt.pl\/sv\/wp-json\/wp\/v2\/pages\/3239","targetHints":{"allow":["GET"]}}],"collection":[{"href":"https:\/\/szkolenia-udt.pl\/sv\/wp-json\/wp\/v2\/pages"}],"about":[{"href":"https:\/\/szkolenia-udt.pl\/sv\/wp-json\/wp\/v2\/types\/page"}],"author":[{"embeddable":true,"href":"https:\/\/szkolenia-udt.pl\/sv\/wp-json\/wp\/v2\/users\/10"}],"replies":[{"embeddable":true,"href":"https:\/\/szkolenia-udt.pl\/sv\/wp-json\/wp\/v2\/comments?post=3239"}],"version-history":[{"count":5,"href":"https:\/\/szkolenia-udt.pl\/sv\/wp-json\/wp\/v2\/pages\/3239\/revisions"}],"predecessor-version":[{"id":4753,"href":"https:\/\/szkolenia-udt.pl\/sv\/wp-json\/wp\/v2\/pages\/3239\/revisions\/4753"}],"up":[{"embeddable":true,"href":"https:\/\/szkolenia-udt.pl\/sv\/wp-json\/wp\/v2\/pages\/2266"}],"wp:featuredmedia":[{"embeddable":true,"href":"https:\/\/szkolenia-udt.pl\/sv\/wp-json\/wp\/v2\/media\/3241"}],"wp:attachment":[{"href":"https:\/\/szkolenia-udt.pl\/sv\/wp-json\/wp\/v2\/media?parent=3239"}],"curies":[{"name":"wp","href":"https:\/\/api.w.org\/{rel}","templated":true}]}}