{"id":3245,"date":"2022-09-01T11:40:46","date_gmt":"2022-09-01T09:40:46","guid":{"rendered":"https:\/\/szkolenia-udt.pl\/?page_id=3245"},"modified":"2023-03-26T11:10:43","modified_gmt":"2023-03-26T09:10:43","slug":"utbildning-for-av-och-palastning-av-utrustning","status":"publish","type":"page","link":"https:\/\/szkolenia-udt.pl\/sv\/kursy\/uprawnienia-udt-tdt-wdt\/szkolenie-na-urzadzenia-wyladowcze-i-zaladowcze\/","title":{"rendered":"Utbildning i utrustning f\u00f6r lossning och lastning"},"content":{"rendered":"<h2 class=\"wp-block-heading\"><strong>Vem riktar sig kursen till?<\/strong><\/h2>\n\n\n<div class=\"wp-block-image\">\n<figure class=\"alignright size-large is-resized\"><a href=\"https:\/\/szkolenia-udt.pl\/wp-content\/uploads\/2022\/09\/3.jpeg\"><img loading=\"lazy\" decoding=\"async\" src=\"https:\/\/szkolenia-udt.pl\/wp-content\/uploads\/2022\/09\/3-1024x683.jpeg\" alt=\"Tr\u00e4nare vid tavlan som f\u00f6rklarar f\u00f6r folk i rummet.\" class=\"wp-image-3248\" width=\"512\" height=\"342\" srcset=\"https:\/\/szkolenia-udt.pl\/wp-content\/uploads\/2022\/09\/3-1024x683.jpeg 1024w, https:\/\/szkolenia-udt.pl\/wp-content\/uploads\/2022\/09\/3-300x200.jpeg 300w, https:\/\/szkolenia-udt.pl\/wp-content\/uploads\/2022\/09\/3-768x512.jpeg 768w, https:\/\/szkolenia-udt.pl\/wp-content\/uploads\/2022\/09\/3-1536x1024.jpeg 1536w, https:\/\/szkolenia-udt.pl\/wp-content\/uploads\/2022\/09\/3-18x12.jpeg 18w, https:\/\/szkolenia-udt.pl\/wp-content\/uploads\/2022\/09\/3.jpeg 1600w\" sizes=\"auto, (max-width: 512px) 100vw, 512px\" \/><\/a><\/figure>\n<\/div>\n\n\n<p>F\u00f6r att f\u00e5 anv\u00e4nda eller underh\u00e5lla teknisk utrustning f\u00f6r lastning eller lossning beh\u00f6ver du ett tillst\u00e5nd fr\u00e5n UDT (Office of Technical Inspection) eller TDT (Transport Technical Inspection). Dessa maskiner underl\u00e4ttar avsev\u00e4rt arbetet f\u00f6r dem som sk\u00f6ter dem. De anv\u00e4nds i produktionslinjer, tekniska processer och inom industrin.\u00a0<a href=\"https:\/\/szkolenia-udt.pl\/sv\/o-firmie\/\">Utbildningscenter f\u00f6r operat\u00f6rer<\/a> ger kurser i underh\u00e5ll och drift av lossnings- och lastningsutrustning samt lastningsmaskiner i lossningsprocessen. V\u00e5rt erbjudande riktar sig till alla som \u00e4r intresserade av att f\u00e5 relevanta certifikat f\u00f6r att arbeta med denna utrustning.\u00a0\u00a0<\/p>\n\n\n\n<h2 class=\"wp-block-heading\"><strong>Kurser f\u00f6r underh\u00e5llare och operat\u00f6rer av lossnings- och lastningsutrustning.<\/strong>&nbsp;<\/h2>\n\n\n\n<p>F\u00f6r att kunna anv\u00e4nda teknisk utrustning kr\u00e4vs goda kunskaper och praktiska f\u00e4rdigheter. Dessa maskiner \u00e4r f\u00f6rem\u00e5l f\u00f6r teknisk \u00f6vervakning, s\u00e5 om man anv\u00e4nder dem p\u00e5 ett inkompetent s\u00e4tt finns det risk f\u00f6r m\u00e5nga risker som kan bidra till arbetstagarnas h\u00e4lsa eller till och med till deras d\u00f6d. Inte bara driften av dessa maskiner, utan \u00e4ven underh\u00e5llet tvingar arbetstagarna att ha l\u00e4mpliga kunskaper och certifikat. Underh\u00e5llet av dessa maskiner m\u00e5ste vara mycket grundligt och den person som utf\u00f6r underh\u00e5llet b\u00f6r f\u00f6ra en s\u00e4rskild loggbok som rapporteras till UDT. D\u00e4rf\u00f6r \u00e4r v\u00e4lorganiserade kurser s\u00e5 viktiga. P\u00e5 v\u00e5rt center genomf\u00f6rs utbildningen professionellt av kvalificerad personal med l\u00e5ng erfarenhet av att organisera kurser.\u00a0\u00a0<\/p>\n\n\n\n<h2 class=\"wp-block-heading\"><strong>Utbildningsprogram<\/strong>&nbsp;<\/h2>\n\n\n\n<p>V\u00e5rt programrika utbud omfattar:&nbsp;<\/p>\n\n\n\n<ul class=\"dwiekolumny wp-block-list\">\n<li>bekanta dig med h\u00e4lso- och s\u00e4kerhetsbest\u00e4mmelserna;&nbsp;<\/li>\n\n\n\n<li>bekanta sig med de r\u00e4ttsliga aspekterna av teknisk \u00f6vervakning;&nbsp;<\/li>\n\n\n\n<li>typer av utrustning och deras utformning;&nbsp;<\/li>\n\n\n\n<li>Kontroll av utrustningens skick;&nbsp;<\/li>\n\n\n\n<li>operat\u00f6rs- och underh\u00e5llsuppgifter;&nbsp;<\/li>\n\n\n\n<li>f\u00f6rfaranden i h\u00e4ndelse av fel p\u00e5 utrustningen;&nbsp;<\/li>\n\n\n\n<li>tester f\u00f6r att kontrollera maskinens funktion;&nbsp;<\/li>\n\n\n\n<li>justering av s\u00e4kerhetsanordningar;&nbsp;<\/li>\n\n\n\n<li>deljustering;&nbsp;<\/li>\n\n\n\n<li>de typer av fel som uppst\u00e5r vid anv\u00e4ndning av utrustningen;&nbsp;<\/li>\n\n\n\n<li>f\u00f6rm\u00e5ga att anv\u00e4nda maskinen;&nbsp;<\/li>\n\n\n\n<li>den praktiska delen av kursen.&nbsp;<\/li>\n<\/ul>\n\n\n<div class=\"wp-block-image\">\n<figure class=\"alignleft size-large is-resized\"><a href=\"https:\/\/szkolenia-udt.pl\/wp-content\/uploads\/2022\/09\/1-1.jpeg\"><img loading=\"lazy\" decoding=\"async\" src=\"https:\/\/szkolenia-udt.pl\/wp-content\/uploads\/2022\/09\/1-1-1024x683.jpeg\" alt=\"dricks i hamnen\" class=\"wp-image-3246\" width=\"512\" height=\"342\" srcset=\"https:\/\/szkolenia-udt.pl\/wp-content\/uploads\/2022\/09\/1-1-1024x683.jpeg 1024w, https:\/\/szkolenia-udt.pl\/wp-content\/uploads\/2022\/09\/1-1-300x200.jpeg 300w, https:\/\/szkolenia-udt.pl\/wp-content\/uploads\/2022\/09\/1-1-768x512.jpeg 768w, https:\/\/szkolenia-udt.pl\/wp-content\/uploads\/2022\/09\/1-1-1536x1024.jpeg 1536w, https:\/\/szkolenia-udt.pl\/wp-content\/uploads\/2022\/09\/1-1-18x12.jpeg 18w, https:\/\/szkolenia-udt.pl\/wp-content\/uploads\/2022\/09\/1-1.jpeg 1600w\" sizes=\"auto, (max-width: 512px) 100vw, 512px\" \/><\/a><\/figure>\n<\/div>\n\n\n<h2 class=\"wp-block-heading\"><strong>Praktisk del av kursen<\/strong>&nbsp;<\/h2>\n\n\n\n<p>I v\u00e5ra kurser l\u00e4gger vi stor vikt vid den praktiska delen. Vi vill att deltagarna ska veta exakt hur man byter ut skadade eller slitna delar och kan utf\u00f6ra underh\u00e5ll p\u00e5 komponenter. Vi anpassar g\u00e4rna v\u00e5ra kurs\u00e4mnen efter dina behov. Beroende p\u00e5 vilka f\u00f6rv\u00e4ntningar du har kommer vi s\u00e4kert att komma \u00f6verens med dig om kursens omfattning och p\u00e5 s\u00e5 s\u00e4tt komma fram till ett avtal. Vi garanterar \u00f6verf\u00f6ring av de mest n\u00f6dv\u00e4ndiga kunskaperna, b\u00e5de teoretiska och praktiska.<strong>&nbsp;<\/strong>&nbsp;<\/p>\n\n\n\n<h2 class=\"wp-block-heading\"><strong>Utbildning vid Operator Training Centre<\/strong>&nbsp;<\/h2>\n\n\n\n<p>Efterfr\u00e5gan p\u00e5 anst\u00e4llda som \u00e4r certifierade f\u00f6r att serva och hantera lossnings-, lastnings- och matningsutrustning \u00e4r fortfarande mycket stor. D\u00e4rf\u00f6r \u00e4r de kurser som vi erbjuder mycket popul\u00e4ra. P\u00e5 OSO f\u00e5r du omfattande och viktiga kunskaper om anv\u00e4ndning och underh\u00e5ll av dessa maskiner, och vi f\u00f6rbereder och tr\u00e4nar dig ocks\u00e5 v\u00e4l inf\u00f6r den statliga UDT-examen. Vi erbjuder en grundlig och mycket bra utbildning, och du kommer att avl\u00e4gga provet utan stress. Giltighetstiden f\u00f6r ett s\u00e5dant certifikat f\u00f6r den valda maskinen \u00e4r upp till 10 \u00e5r.\u00a0<\/p>\n\n\n\n<h2 class=\"wp-block-heading\"><strong>Krav f\u00f6r att delta i kursen<\/strong>&nbsp;<\/h2>\n\n\n\n<p>F\u00f6r att delta i v\u00e5r utbildning m\u00e5ste du ha:&nbsp;<\/p>\n\n\n\n<ul class=\"wp-block-list\">\n<li>vara minst 18 \u00e5r gammal,&nbsp;<\/li>\n\n\n\n<li>Minst grundskoleutbildning,&nbsp;<\/li>\n\n\n\n<li>inga h\u00e4lsohinder f\u00f6r att arbeta inom detta yrke.&nbsp;<\/li>\n<\/ul>\n\n\n<div class=\"wp-block-image\">\n<figure class=\"alignright size-large is-resized\"><a href=\"https:\/\/szkolenia-udt.pl\/wp-content\/uploads\/2022\/09\/2.jpeg\"><img loading=\"lazy\" decoding=\"async\" src=\"https:\/\/szkolenia-udt.pl\/wp-content\/uploads\/2022\/09\/2-1024x683.jpeg\" alt=\"dra maskinen p\u00e5 sp\u00e5ren\" class=\"wp-image-3247\" width=\"512\" height=\"342\" srcset=\"https:\/\/szkolenia-udt.pl\/wp-content\/uploads\/2022\/09\/2-1024x683.jpeg 1024w, https:\/\/szkolenia-udt.pl\/wp-content\/uploads\/2022\/09\/2-300x200.jpeg 300w, https:\/\/szkolenia-udt.pl\/wp-content\/uploads\/2022\/09\/2-768x512.jpeg 768w, https:\/\/szkolenia-udt.pl\/wp-content\/uploads\/2022\/09\/2-1536x1024.jpeg 1536w, https:\/\/szkolenia-udt.pl\/wp-content\/uploads\/2022\/09\/2-18x12.jpeg 18w, https:\/\/szkolenia-udt.pl\/wp-content\/uploads\/2022\/09\/2.jpeg 1600w\" sizes=\"auto, (max-width: 512px) 100vw, 512px\" \/><\/a><\/figure>\n<\/div>\n\n\n<h2 class=\"wp-block-heading\"><strong>Typer av lastnings- och lossningsmaskiner<\/strong>&nbsp;<\/h2>\n\n\n\n<p>Lastnings- och lossningsutrustning (eller inline-lastare) \u00e4r materialhanteringsmaskiner som anv\u00e4nds f\u00f6r att transportera varor. N\u00e4r det g\u00e4ller hantering av bulkmaterial \u00e4r de ett alternativ till kranar. Dessa maskiner omfattar bland annat f\u00f6ljande:&nbsp;&nbsp;<\/p>\n\n\n\n<ul class=\"wp-block-list\">\n<li><strong>vagns tippare<\/strong> - Anv\u00e4nds i kraftverk och hamnar; de lossar bulkmaterial (t.ex. spannm\u00e5l, grus),\u00a0\u00a0<\/li>\n\n\n\n<li><strong>h\u00f6gar<\/strong>i - anv\u00e4nds i gruvor och kraftverk,\u00a0\u00a0<\/li>\n\n\n\n<li><strong>transport\u00f6rer <\/strong>- De r\u00f6r sig p\u00e5 ett definierat sp\u00e5r, antingen i en vinkel eller horisontellt. De transporterar bulklaster (t.ex. p\u00e5 byggarbetsplatser),\u00a0\u00a0<\/li>\n\n\n\n<li><strong>r\u00f6jmaskiner f\u00f6r transport av vagnar p\u00e5 r\u00e4ls<\/strong> - anv\u00e4nds f\u00f6r att flytta vagnar utan att anv\u00e4nda ett lokomotiv - h\u00e4r \u00e4r varje maskin konstruerad separat.\u00a0\u00a0<\/li>\n<\/ul>\n\n\n\n<p>Alla dessa maskiner \u00e4r kranar och specialmaskiner. De \u00e4r d\u00e4rf\u00f6r f\u00f6rem\u00e5l f\u00f6r \u00f6vervakning. De transporterar laster kontinuerligt l\u00e4ngs en best\u00e4md rutt eller ett sp\u00e5r.&nbsp;<\/p>\n\n\n\n<h2 class=\"wp-block-heading\"><strong>Varf\u00f6r v\u00e4lja civilsamh\u00e4llesorganisationer?<\/strong>&nbsp;<\/h2>\n\n\n\n<p>V\u00e5rt utbildningscenter har redan m\u00e5nga \u00e5rs erfarenhet. Alla v\u00e5ra anst\u00e4llda \u00e4r passionerade m\u00e4nniskor med m\u00e5nga \u00e5rs erfarenhet och en m\u00e4ngd kunskap som de f\u00f6rmedlar p\u00e5 ett l\u00e4ttillg\u00e4ngligt och intressant s\u00e4tt. Allt detta g\u00f6r det m\u00f6jligt f\u00f6r oss att erbjuda dig tj\u00e4nster p\u00e5 h\u00f6gsta niv\u00e5. Vi genomf\u00f6r utbildningar enligt reglerna fr\u00e5n bland annat tekniska kontrollbyr\u00e5n, som vi samarbetar aktivt med. V\u00e5ra utbildningslokaler och anl\u00e4ggningar \u00e4r moderna och v\u00e4lutrustade. Vi l\u00e4gger stor vikt vid undervisningens kvalitet s\u00e5 att du \u00e4r n\u00f6jd med den. <a href=\"https:\/\/szkolenia-udt.pl\/sv\/oferta\/\">v\u00e5ra tj\u00e4nster<\/a>. Operat\u00f6rsutbildningscentret erbjuder en m\u00e4ngd olika kurser och utbildningar. Vi uppmuntrar dig att surfa runt p\u00e5 v\u00e5r webbplats och ta reda p\u00e5 vad vi har att erbjuda. Vi erbjuder kurser i brands\u00e4kerhet, h\u00f6jdl\u00e4gen och svetsning. Vi har m\u00e5nga utbildningar som hj\u00e4lper dig att f\u00e5 ditt UDT- eller TDT-certifikat (t.ex. f\u00f6r en kranf\u00f6rare). V\u00e5rt f\u00f6retag har verksamhet i Warszawa och m\u00e5nga andra st\u00e4der i Polen. F\u00f6rutom \u00f6ppna utbildningar erbjuder vi \u00e4ven slutna kurser. I det h\u00e4r fallet kommer vi alltid \u00f6verens om platsen med v\u00e5r kund. V\u00e5ra priser \u00e4r marknadsm\u00e4ssiga och fastst\u00e4lls alltid individuellt. Vi har rabatter f\u00f6r organiserade grupper! Du \u00e4r v\u00e4lkommen att kontakta oss.<\/p>\n\n\n<div class=\"wp-block-image\">\n<figure class=\"aligncenter\"><a href=\"https:\/\/szkolenia-udt.pl\/wp-content\/uploads\/2022\/09\/0080-oso.edu_.pl_.jpg\"><img loading=\"lazy\" decoding=\"async\" width=\"1024\" height=\"853\" src=\"https:\/\/szkolenia-udt.pl\/wp-content\/uploads\/2022\/09\/0080-oso.edu_.pl_-1024x853.jpg\" alt=\"grafisk reklam f\u00f6r utbildningen\" class=\"wp-image-3249\" srcset=\"https:\/\/szkolenia-udt.pl\/wp-content\/uploads\/2022\/09\/0080-oso.edu_.pl_-1024x853.jpg 1024w, https:\/\/szkolenia-udt.pl\/wp-content\/uploads\/2022\/09\/0080-oso.edu_.pl_-300x250.jpg 300w, https:\/\/szkolenia-udt.pl\/wp-content\/uploads\/2022\/09\/0080-oso.edu_.pl_-768x640.jpg 768w, https:\/\/szkolenia-udt.pl\/wp-content\/uploads\/2022\/09\/0080-oso.edu_.pl_-14x12.jpg 14w, https:\/\/szkolenia-udt.pl\/wp-content\/uploads\/2022\/09\/0080-oso.edu_.pl_.jpg 1200w\" sizes=\"auto, (max-width: 1024px) 100vw, 1024px\" \/><\/a><\/figure>\n<\/div>","protected":false},"excerpt":{"rendered":"<p>Do kogo kierowany jest kurs? Aby obs\u0142ugiwa\u0107 lub konserwowa\u0107 urz\u0105dzenia techniczne za\u0142adowcze czy wy\u0142adowcze potrzeba uprawnie\u0144 UDT (Urz\u0119du Dozoru technicznego), b\u0105d\u017a TDT (Transportowy Doz\u00f3r Techniczny). Maszyny te bardzo upraszczaj\u0105 prace osobom je eksploatuj\u0105cym. U\u017cytkujemy je w ci\u0105gach produkcyjnych, technologicznych oraz w przemy\u015ble.\u00a0O\u015brodek Szkolenia Operator\u00f3w prowadzi kursy z zakresu konserwacji oraz obs\u0142ugi urz\u0105dze\u0144 wy\u0142adowczych, za\u0142adowczych oraz [&hellip;]<\/p>\n","protected":false},"author":10,"featured_media":3248,"parent":2266,"menu_order":0,"comment_status":"closed","ping_status":"closed","template":"","meta":{"footnotes":""},"class_list":["post-3245","page","type-page","status-publish","has-post-thumbnail","hentry"],"aioseo_notices":[],"_links":{"self":[{"href":"https:\/\/szkolenia-udt.pl\/sv\/wp-json\/wp\/v2\/pages\/3245","targetHints":{"allow":["GET"]}}],"collection":[{"href":"https:\/\/szkolenia-udt.pl\/sv\/wp-json\/wp\/v2\/pages"}],"about":[{"href":"https:\/\/szkolenia-udt.pl\/sv\/wp-json\/wp\/v2\/types\/page"}],"author":[{"embeddable":true,"href":"https:\/\/szkolenia-udt.pl\/sv\/wp-json\/wp\/v2\/users\/10"}],"replies":[{"embeddable":true,"href":"https:\/\/szkolenia-udt.pl\/sv\/wp-json\/wp\/v2\/comments?post=3245"}],"version-history":[{"count":6,"href":"https:\/\/szkolenia-udt.pl\/sv\/wp-json\/wp\/v2\/pages\/3245\/revisions"}],"predecessor-version":[{"id":4750,"href":"https:\/\/szkolenia-udt.pl\/sv\/wp-json\/wp\/v2\/pages\/3245\/revisions\/4750"}],"up":[{"embeddable":true,"href":"https:\/\/szkolenia-udt.pl\/sv\/wp-json\/wp\/v2\/pages\/2266"}],"wp:featuredmedia":[{"embeddable":true,"href":"https:\/\/szkolenia-udt.pl\/sv\/wp-json\/wp\/v2\/media\/3248"}],"wp:attachment":[{"href":"https:\/\/szkolenia-udt.pl\/sv\/wp-json\/wp\/v2\/media?parent=3245"}],"curies":[{"name":"wp","href":"https:\/\/api.w.org\/{rel}","templated":true}]}}