{"id":3276,"date":"2022-09-06T10:09:51","date_gmt":"2022-09-06T08:09:51","guid":{"rendered":"https:\/\/szkolenia-udt.pl\/?page_id=3276"},"modified":"2023-05-04T19:03:29","modified_gmt":"2023-05-04T17:03:29","slug":"godshissar","status":"publish","type":"page","link":"https:\/\/szkolenia-udt.pl\/sv\/kursy\/uprawnienia-udt-tdt-wdt\/wyciagi-towarowe\/","title":{"rendered":"Kurs f\u00f6r k\u00f6rkort f\u00f6r godstransport\u00f6rer"},"content":{"rendered":"<div class=\"wp-block-image\">\n<figure class=\"alignright is-resized\"><a href=\"https:\/\/szkolenia-udt.pl\/wp-content\/uploads\/2022\/09\/2-1.webp\"><img loading=\"lazy\" decoding=\"async\" src=\"https:\/\/szkolenia-udt.pl\/wp-content\/uploads\/2022\/09\/2-1.webp\" alt=\"Transport av tunga byggmaterial \" class=\"wp-image-3278\" width=\"287\" height=\"333\" srcset=\"https:\/\/szkolenia-udt.pl\/wp-content\/uploads\/2022\/09\/2-1.webp 250w, https:\/\/szkolenia-udt.pl\/wp-content\/uploads\/2022\/09\/2-1-10x12.webp 10w\" sizes=\"auto, (max-width: 287px) 100vw, 287px\" \/><\/a><\/figure>\n<\/div>\n\n\n<h2 class=\"wp-block-heading\">Inbjudan till utbildningar vid civilsamh\u00e4llesorganisationer<\/h2>\n\n\n\n<ul class=\"wp-block-list\">\n<li>Vi erbjuder yrkesutbildning i bland annat drift av varuhissar;<\/li>\n\n\n\n<li>Vi arbetar i Warszawa och i hela Polen, inklusive Gdansk, Krakow, Gdynia, Poznan, Szczecin, Kielce, Lodz och Wroclaw;<\/li>\n\n\n\n<li>Vi erbjuder \u00f6ppen och sluten utbildning med m\u00f6jlighet att resa till kunden;<\/li>\n\n\n\n<li>Vi erbjuder handledning av erfarna utbildare;<\/li>\n\n\n\n<li>Alla v\u00e5ra utbildningar inneh\u00e5ller teoretiska och praktiska f\u00f6rberedelser inom det aktuella \u00e4mnesomr\u00e5det;<\/li>\n\n\n\n<li>Vi k\u00e4nnetecknas av en n\u00e4stan 100% h\u00f6g andel godk\u00e4nda UDT- och TDT-examinationer av v\u00e5ra praktikanter.<\/li>\n<\/ul>\n\n\n\n<h2 class=\"wp-block-heading\">Ta reda p\u00e5 mer om lasthissar<\/h2>\n\n\n\n<p>En lasthiss (vardaglig term f\u00f6r skip, stege) \u00e4r en glidande plattform p\u00e5 en pelarstruktur som liknar en stege. Den \u00e4r f\u00e4st p\u00e5 ett mobilt chassi och s\u00e4nks ned p\u00e5 ett lutande s\u00e4tt p\u00e5 taket (taket) i en byggnad. Den transporterar byggmaterial till h\u00f6gre niv\u00e5er.\u00a0<\/p>\n\n\n\n<h2 class=\"wp-block-heading\">Var anv\u00e4nds r\u00e5varuutrustningen och vilka \u00e4r kraven?\u00a0<\/h2>\n\n\n\n<p>&nbsp;&nbsp;&nbsp;&nbsp; Under m\u00e5nga \u00e5r har vi kunnat konstatera betydande framsteg n\u00e4r det g\u00e4ller mekaniseringen av arbete p\u00e5 h\u00f6g h\u00f6jd. F\u00f6rr f\u00f6rknippades h\u00f6gteknologisk vertikal transportutrustning med stora byggarbetsplatser, men idag hittar vi den praktiskt taget \u00f6verallt, till och med i enfamiljshus. Bland dessa enheter finns lasthissen, som anses vara det mest v\u00e4lk\u00e4nda verktyget inom takl\u00e4ggningsindustrin.&nbsp;&nbsp;<\/p>\n\n\n\n<p>F\u00f6r att kunna anv\u00e4nda en enhet under teknisk \u00f6vervakning m\u00e5ste anv\u00e4ndaren skicka in ett brev till den relevanta enheten f\u00f6r teknisk \u00f6vervakning. Efter en positiv teknisk inspektion kommer ett beslut att utf\u00e4rdas som till\u00e5ter att maskinen anv\u00e4nds. Maskinen kommer sedan att f\u00f6ras in i inspektionsboken och registreras i registren hos den lokala avdelningen av UDT.&nbsp;&nbsp;<\/p>\n\n\n\n<p>Drift och underh\u00e5ll av varuhissarna f\u00e5r endast utf\u00f6ras p\u00e5 grundval av bruksanvisningen, i enlighet med deras avsedda anv\u00e4ndning. Hissar \u00e4r f\u00f6rem\u00e5l f\u00f6r teknisk \u00f6vervakning. De ing\u00e5r i gruppen hanteringsutrustning.&nbsp;&nbsp;<\/p>\n\n\n\n<p>Deras funktion \u00e4r att b\u00e4ra laster inom ett best\u00e4mt omr\u00e5de. N\u00e4r de anv\u00e4nds har de begr\u00e4nsad \u00f6vervakning och \u00e4r f\u00f6rem\u00e5l f\u00f6r ad hoc-inspektionsprov vartannat \u00e5r. De vanligaste namnen p\u00e5 lyftanordningar som anv\u00e4nds i v\u00e5rt land \u00e4r: takstege, taklyft, lutande vinsch etc.&nbsp;&nbsp;<\/p>\n\n\n\n<p>De finns i portabla och mobila versioner.&nbsp;<\/p>\n\n\n\n<h2 class=\"wp-block-heading\">St\u00f6rsta f\u00f6rdelarna:\u00a0<\/h2>\n\n\n\n<ul class=\"wp-block-list\">\n<li>anv\u00e4nds ofta som ett vertikalt transportmedel f\u00f6r f\u00f6retag som \u00e4r specialiserade p\u00e5 takl\u00e4ggning eller allm\u00e4n byggnation,&nbsp;<\/li>\n\n\n\n<li>enkelhet och anv\u00e4ndarv\u00e4nlighet p\u00e5 byggarbetsplatser,&nbsp;&nbsp;<\/li>\n\n\n\n<li>Stort arbetsomr\u00e5de och lyftkapacitet f\u00f6r transport av de flesta byggmaterial,\u00a0\u00a0<\/li>\n\n\n\n<li>praktisk utformning,\u00a0<\/li>\n\n\n\n<li>m\u00e5ngsidighet f\u00f6r olika typer av specialiserat arbete,&nbsp;<\/li>\n\n\n\n<li>segmenterad struktur,&nbsp;<\/li>\n\n\n\n<li>M\u00f6jligheten att bygga en l\u00e4mplig upps\u00e4ttning enligt kundernas behov.&nbsp;<\/li>\n<\/ul>\n\n\n\n<h2 class=\"wp-block-heading\">Hantera en fraktsedel - vilka villkor m\u00e5ste uppfyllas?\u00a0<\/h2>\n\n\n\n<ul class=\"wp-block-list\">\n<li>Du m\u00e5ste ha det relevanta kvalifikationsbeviset f\u00f6r att anv\u00e4nda utrustningen i fr\u00e5ga, certifierat av UDT (Office of Technical Inspection);&nbsp;<\/li>\n\n\n\n<li>Alla anv\u00e4ndare \u00e4r skyldiga att f\u00f6lja grundl\u00e4ggande h\u00e4lso- och s\u00e4kerhetskrav;&nbsp;<\/li>\n\n\n\n<li>Utbildas p\u00e5 arbetsplatsen i h\u00e4lsa och s\u00e4kerhet och informeras om de risker som \u00e4r f\u00f6rknippade med arbete p\u00e5 en viss typ av maskin, enligt hisstillverkarens riktlinjer i bruksanvisningen;&nbsp;<\/li>\n\n\n\n<li>Bekanta dig med operat\u00f6rens\/arbetsgivarens regler f\u00f6r anv\u00e4ndning av utrustningen;&nbsp;<\/li>\n\n\n\n<li>F\u00f6lja regler och f\u00f6reskrifter.&nbsp;<\/li>\n<\/ul>\n\n\n\n<h2 class=\"wp-block-heading\">Vilka f\u00f6ruts\u00e4ttningar kr\u00e4vs f\u00f6r att en lasthiss ska fungera korrekt?\u00a0<\/h2>\n\n\n\n<ul class=\"wp-block-list\">\n<li>Lyften ska man\u00f6vreras utanf\u00f6r riskzonen och arbetsplatsens omgivning, t.ex. olika hinder, m\u00e5ste kontrolleras innan arbetet p\u00e5b\u00f6rjas. Det \u00e4r n\u00f6dv\u00e4ndigt att s\u00e4kra arbetsomr\u00e5det mot utomst\u00e5ende.&nbsp;<\/li>\n\n\n\n<li>Operat\u00f6ren m\u00e5ste ha fri sikt \u00f6ver det material som ska lastas och ha uppsikt \u00f6ver plattform och mast under f\u00f6rflyttning. Om lastplattformen stannar p\u00e5 grund av en funktionsst\u00f6rning m\u00e5ste operat\u00f6ren lossa inneh\u00e5llet. Det lastade objektet m\u00e5ste alltid vara under uppsikt och j\u00e4mnt f\u00f6rdelat och s\u00e4krat mot fall.&nbsp;&nbsp;<\/li>\n\n\n\n<li>Det \u00e4r inte till\u00e5tet att befinna sig under lasten. Det \u00e4r l\u00e4mpligt att inspektera enheten minst en g\u00e5ng per dag och kontrollera om det finns n\u00e5gra fel eller skador. Meddela omedelbart den person som ansvarar f\u00f6r arbetet om eventuella f\u00f6r\u00e4ndringar eller problem.&nbsp;&nbsp;<\/li>\n\n\n\n<li>Om n\u00f6dv\u00e4ndigt, stoppa lyften omedelbart och s\u00e4kra den. Kom ih\u00e5g att anv\u00e4nda n\u00f6dv\u00e4ndig personlig skyddsutrustning, t.ex. arbetskl\u00e4der, skyddshj\u00e4lm, handskar, skor etc. Placera lasten p\u00e5 ett s\u00e4kert s\u00e4tt s\u00e5 att den inte riskerar att f\u00f6rskjutas eller tippa \u00f6ver, och vid h\u00f6gre h\u00f6jder \u00e4n plattformen, s\u00e4kra p\u00e5 l\u00e4mpligt s\u00e4tt. Dessutom m\u00e5ste h\u00e4nsyn tas till pl\u00f6tsliga vindbyar.&nbsp;<\/li>\n<\/ul>\n\n\n\n<h2 class=\"wp-block-heading\">Specifika krav f\u00f6r portabla lasthissar innan arbetet p\u00e5b\u00f6rjas:\u00a0\u00a0<\/h2>\n\n\n\n<ul class=\"wp-block-list\">\n<li>kontrollera att s\u00e4kerhetsanordningarna fungerar korrekt och f\u00f6rhindrar att plattformen faller ned i h\u00e4ndelse av brott p\u00e5 vajern;&nbsp;<\/li>\n\n\n\n<li>det \u00e4r f\u00f6rbjudet att \u00f6verskrida den till\u00e5tna lasten;&nbsp;<\/li>\n\n\n\n<li>Det \u00e4r f\u00f6rbjudet att kl\u00e4ttra p\u00e5 r\u00e4lssegment;&nbsp;<\/li>\n\n\n\n<li>F\u00f6rbud mot att transportera personer p\u00e5 lyftplattformen;&nbsp;<\/li>\n\n\n\n<li>Vid de h\u00f6ga vindhastigheter som anges i bruksanvisningen m\u00e5ste driften av godslyftvinschen avbrytas;&nbsp;<\/li>\n\n\n\n<li>N\u00e4r arbetet \u00e4r slutf\u00f6rt skall lastplattformen placeras i nedf\u00e4llt l\u00e4ge.&nbsp;<\/li>\n<\/ul>\n\n\n<div class=\"wp-block-image\">\n<figure class=\"alignleft size-full is-resized\"><a href=\"https:\/\/szkolenia-udt.pl\/wp-content\/uploads\/2022\/09\/1-4.jpeg\"><img loading=\"lazy\" decoding=\"async\" src=\"https:\/\/szkolenia-udt.pl\/wp-content\/uploads\/2022\/09\/1-4.jpeg\" alt=\"Lastning och lossning av takpannor\" class=\"wp-image-3277\" width=\"377\" height=\"283\" srcset=\"https:\/\/szkolenia-udt.pl\/wp-content\/uploads\/2022\/09\/1-4.jpeg 300w, https:\/\/szkolenia-udt.pl\/wp-content\/uploads\/2022\/09\/1-4-16x12.jpeg 16w, https:\/\/szkolenia-udt.pl\/wp-content\/uploads\/2022\/09\/1-4-135x100.jpeg 135w\" sizes=\"auto, (max-width: 377px) 100vw, 377px\" \/><\/a><\/figure>\n<\/div>\n\n\n<h2 class=\"wp-block-heading\">Introduktion till underh\u00e5ll och inspektion - grundl\u00e4ggande information\u00a0<\/h2>\n\n\n\n<p>Underh\u00e5ll f\u00e5r endast utf\u00f6ras av personer med erforderliga kvalifikationer. Du m\u00e5ste ha ett s\u00e4rskilt certifikat, efter att ha klarat UDT-examen f\u00f6r underh\u00e5lls- eller lyftoperat\u00f6r. Fett och utbytta delar m\u00e5ste avl\u00e4gsnas utan att skada milj\u00f6n.&nbsp;<\/p>\n\n\n\n<p>Innan underh\u00e5lls- eller reng\u00f6ringsarbete p\u00e5b\u00f6rjas skall lastplattformen s\u00e4nkas s\u00e5 l\u00e5ngt ner som m\u00f6jligt och liften kopplas bort fr\u00e5n eln\u00e4tet. H\u00e4lso- och s\u00e4kerhetsf\u00f6reskrifter m\u00e5ste alltid f\u00f6ljas och arbetskl\u00e4der och skor m\u00e5ste b\u00e4ras. &nbsp;<\/p>\n\n\n\n<h3 class=\"wp-block-heading\">F\u00f6re varje anv\u00e4ndning - en beh\u00f6rig operat\u00f6r kontrollerar utrustningen. Vad har han f\u00f6r ansvar?\u00a0<\/h3>\n\n\n\n<ul class=\"wp-block-list\">\n<li>Kontrollera att s\u00e4kerhetsanordningen i k\u00f6rsl\u00e4den r\u00f6r sig fritt och f\u00f6rhindrar att kabeln g\u00e5r av. Om det finns n\u00e5gra brister m\u00e5ste arbetet avbrytas och defekta delar bytas ut.&nbsp;<\/li>\n\n\n\n<li>Kontrollera att linan inte \u00e4r sliten och att n\u00f6dstoppsbrytaren fungerar korrekt. N\u00e4r n\u00f6dstoppet \u00e4r nedtryckt skall det inte vara m\u00f6jligt att flytta lastplattformen upp eller ner.&nbsp;<\/li>\n\n\n\n<li>Genomf\u00f6r en provk\u00f6rning med tom plattform och kontrollera att hela k\u00f6rsp\u00e5ret l\u00e4ngs r\u00e4lssegmenten \u00e4r fritt.\u00a0\u00a0<\/li>\n\n\n\n<li>Testa funktionen hos gr\u00e4nsl\u00e4gesbrytarna b\u00e5de upptill och nedtill.&nbsp;<\/li>\n<\/ul>\n\n\n\n<h3 class=\"wp-block-heading\">2 Veckovis granskning:\u00a0<\/h3>\n\n\n\n<ul class=\"wp-block-list\">\n<li>reng\u00f6ring av utsuget fr\u00e5n smuts;&nbsp;&nbsp;<\/li>\n\n\n\n<li>h\u00e5lla arbetsomr\u00e5det runt utsuget rent;&nbsp;<\/li>\n\n\n\n<li>noggrann inspektion av linan med avseende p\u00e5 tecken p\u00e5 slitage (t.ex. skrynkliga omr\u00e5den, trasiga kardeler) eller korrosion;&nbsp;<\/li>\n\n\n\n<li>byt ut repet om det beh\u00f6vs.&nbsp;<\/li>\n<\/ul>\n\n\n<div class=\"wp-block-image\">\n<figure class=\"alignright size-full is-resized\"><a href=\"https:\/\/szkolenia-udt.pl\/wp-content\/uploads\/2022\/09\/3-1.jpeg\"><img loading=\"lazy\" decoding=\"async\" src=\"https:\/\/szkolenia-udt.pl\/wp-content\/uploads\/2022\/09\/3-1.jpeg\" alt=\"frakthiss som anv\u00e4ndes under renoveringsarbetet\" class=\"wp-image-3279\" width=\"366\" height=\"274\" srcset=\"https:\/\/szkolenia-udt.pl\/wp-content\/uploads\/2022\/09\/3-1.jpeg 259w, https:\/\/szkolenia-udt.pl\/wp-content\/uploads\/2022\/09\/3-1-16x12.jpeg 16w, https:\/\/szkolenia-udt.pl\/wp-content\/uploads\/2022\/09\/3-1-135x100.jpeg 135w\" sizes=\"auto, (max-width: 366px) 100vw, 366px\" \/><\/a><\/figure>\n<\/div>\n\n\n<h3 class=\"wp-block-heading\">3. M\u00e5natlig inspektion och underh\u00e5ll\u00a0<\/h3>\n\n\n\n<ul class=\"wp-block-list\">\n<li>Sm\u00f6rj kugghjulet p\u00e5 kabelvindans trumma med hj\u00e4lp av en fettspruta;&nbsp;<\/li>\n\n\n\n<li>Se om linans frig\u00f6ringsl\u00e4nk g\u00e5r fritt.&nbsp;<\/li>\n<\/ul>\n\n\n\n<h3 class=\"wp-block-heading\">4 Kvartalsvis \u00f6versyn\u00a0<\/h3>\n\n\n\n<ul class=\"wp-block-list\">\n<li>kontrollera detta:&nbsp;<\/li>\n\n\n\n<li>Informationsskyltarna \u00e4r p\u00e5 plats och l\u00e4tta att l\u00e4sa av;&nbsp;<\/li>\n\n\n\n<li>lutningsvinkelindikatorn, lastbordet \u00e4r p\u00e5 r\u00e4tt plats och fungerar som de ska;&nbsp;<\/li>\n\n\n\n<li>alla s\u00e4kerhetsanordningar fungerar och inte visar n\u00e5gra tecken p\u00e5 fel.&nbsp;&nbsp;<\/li>\n<\/ul>\n\n\n\n<h3 class=\"wp-block-heading\">5. Inspektion var 3.000:e driftstimme eller annat antal driftstimmar som anges av tillverkaren.\u00a0\u00a0<\/h3>\n\n\n\n<ul class=\"wp-block-list\">\n<li>byte av fett i v\u00e4xell\u00e5dan p\u00e5 den v\u00e4xlade motorn.\u00a0<\/li>\n<\/ul>","protected":false},"excerpt":{"rendered":"<p>Zapraszamy na szkolenia do OSO Dowiedz si\u0119 wi\u0119cej na temat wyci\u0105g\u00f3w towarowych Wyci\u0105g towarowy (pot. skip, drabina) \u2013 jest to platforma przesuwna po kolumnie konstrukcji, kt\u00f3ra przypomina drabin\u0119. Mocuje si\u0119 j\u0105 do przewo\u017anego podwozia i opuszcza, w spos\u00f3b pochy\u0142y, na dach (strop) budynku. Transportuje materia\u0142y budowlane na wy\u017csze poziomy.\u00a0 Gdzie wykorzystuje si\u0119 urz\u0105dzenia towarowe i [&hellip;]<\/p>\n","protected":false},"author":10,"featured_media":3277,"parent":2266,"menu_order":0,"comment_status":"closed","ping_status":"closed","template":"","meta":{"footnotes":""},"class_list":["post-3276","page","type-page","status-publish","has-post-thumbnail","hentry"],"aioseo_notices":[],"_links":{"self":[{"href":"https:\/\/szkolenia-udt.pl\/sv\/wp-json\/wp\/v2\/pages\/3276","targetHints":{"allow":["GET"]}}],"collection":[{"href":"https:\/\/szkolenia-udt.pl\/sv\/wp-json\/wp\/v2\/pages"}],"about":[{"href":"https:\/\/szkolenia-udt.pl\/sv\/wp-json\/wp\/v2\/types\/page"}],"author":[{"embeddable":true,"href":"https:\/\/szkolenia-udt.pl\/sv\/wp-json\/wp\/v2\/users\/10"}],"replies":[{"embeddable":true,"href":"https:\/\/szkolenia-udt.pl\/sv\/wp-json\/wp\/v2\/comments?post=3276"}],"version-history":[{"count":4,"href":"https:\/\/szkolenia-udt.pl\/sv\/wp-json\/wp\/v2\/pages\/3276\/revisions"}],"predecessor-version":[{"id":4820,"href":"https:\/\/szkolenia-udt.pl\/sv\/wp-json\/wp\/v2\/pages\/3276\/revisions\/4820"}],"up":[{"embeddable":true,"href":"https:\/\/szkolenia-udt.pl\/sv\/wp-json\/wp\/v2\/pages\/2266"}],"wp:featuredmedia":[{"embeddable":true,"href":"https:\/\/szkolenia-udt.pl\/sv\/wp-json\/wp\/v2\/media\/3277"}],"wp:attachment":[{"href":"https:\/\/szkolenia-udt.pl\/sv\/wp-json\/wp\/v2\/media?parent=3276"}],"curies":[{"name":"wp","href":"https:\/\/api.w.org\/{rel}","templated":true}]}}