{"id":3282,"date":"2022-09-06T10:33:37","date_gmt":"2022-09-06T08:33:37","guid":{"rendered":"https:\/\/szkolenia-udt.pl\/?page_id=3282"},"modified":"2023-05-04T16:59:30","modified_gmt":"2023-05-04T14:59:30","slug":"lodningskurs","status":"publish","type":"page","link":"https:\/\/szkolenia-udt.pl\/sv\/kursy\/spawanie\/kurs-z-lutowania\/","title":{"rendered":"Kurs i l\u00f6dning"},"content":{"rendered":"<h2 class=\"wp-block-heading\">Vad \u00e4r l\u00f6dning?<\/h2>\n\n\n\n<p><strong>L\u00f6dning<\/strong> \u00e4r en av de mest popul\u00e4ra metoderna f\u00f6r att sammanfoga metaller f\u00f6r nyb\u00f6rjare inom elektronik. I praktiken inneb\u00e4r bindningsmetoden att man mellan de ytor som ska bindas f\u00f6r in en - -. <strong>p\u00e4rmar<\/strong>, som t.ex. kan vara en sm\u00e4lt metall eller n\u00e5got annat \u00e4mne.\u00a0\u00a0<\/p>\n\n\n\n<p>Under processen sm\u00e4lter inte de delar som ska l\u00f6das, utan v\u00e4rms upp. <strong>Lut<\/strong> f\u00e4ster permanent p\u00e5 material, vilket kr\u00e4ver att ytan i fr\u00e5ga reng\u00f6rs noggrant (kemiskt och mekaniskt). Med r\u00e4tt kunskap kan h\u00f6gkvalitativa fogar tillverkas. &nbsp;<\/p>\n\n\n\n<ul class=\"wp-block-list\">\n<li>Den vanligaste till\u00e4mpningen \u00e4r inom elektronik-, elektroteknik- och telekommunikationsindustrin f\u00f6r att g\u00f6ra anslutningar i elektriska kablar.&nbsp;&nbsp;<\/li>\n\n\n\n<li>Inom pl\u00e5tslageri anv\u00e4nds den f\u00f6r tillverkning av h\u00e4ngr\u00e4nnor, dvs. l\u00f6dning av galvaniserad pl\u00e5t.&nbsp;&nbsp;<\/li>\n\n\n\n<li>Inom fordonsindustrin anv\u00e4nds den f\u00f6r att sammanfoga motorlindningar, fylla h\u00e5ligheter, spr\u00e4cka gjutgods, reparera och skapa bilradiatorer.&nbsp;&nbsp;<\/li>\n\n\n\n<li>L\u00f6dfogar i integrerade kretsar eller andra elektroniska komponenter \u00e4r det b\u00e4sta s\u00e4ttet att s\u00e4kerst\u00e4lla god ledningsf\u00f6rm\u00e5ga. De anv\u00e4nds ofta ist\u00e4llet f\u00f6r svetsning om inga betydande belastningar beh\u00f6ver transporteras, men det finns ett behov av tillr\u00e4cklig str\u00f6mledning.&nbsp;<\/li>\n<\/ul>\n\n\n<div class=\"wp-block-image\">\n<figure class=\"alignright size-full is-resized\"><a href=\"https:\/\/szkolenia-udt.pl\/wp-content\/uploads\/2023\/05\/1-5-1024x683-1.jpeg\"><img loading=\"lazy\" decoding=\"async\" src=\"https:\/\/szkolenia-udt.pl\/wp-content\/uploads\/2023\/05\/1-5-1024x683-1.jpeg\" alt=\"Svetsning av metaller i praktiken\" class=\"wp-image-4803\" width=\"512\" height=\"342\" srcset=\"https:\/\/szkolenia-udt.pl\/wp-content\/uploads\/2023\/05\/1-5-1024x683-1.jpeg 1024w, https:\/\/szkolenia-udt.pl\/wp-content\/uploads\/2023\/05\/1-5-1024x683-1-300x200.jpeg 300w, https:\/\/szkolenia-udt.pl\/wp-content\/uploads\/2023\/05\/1-5-1024x683-1-768x512.jpeg 768w, https:\/\/szkolenia-udt.pl\/wp-content\/uploads\/2023\/05\/1-5-1024x683-1-18x12.jpeg 18w\" sizes=\"auto, (max-width: 512px) 100vw, 512px\" \/><\/a><\/figure>\n<\/div>\n\n\n<h3 class=\"wp-block-heading\">L\u00f6dning \u00e4r uppdelad i:\u00a0<\/h3>\n\n\n\n<ul class=\"wp-block-list\">\n<li>mjuk,&nbsp;<\/li>\n\n\n\n<li>H\u00c5RT.&nbsp;<\/li>\n<\/ul>\n\n\n\n<h3 class=\"wp-block-heading\">Var \u00e4r den till\u00e4mplig?\u00a0<\/h3>\n\n\n\n<ul class=\"wp-block-list\">\n<li>i installationer:&nbsp;<\/li>\n\n\n\n<li>kylning,&nbsp;<\/li>\n\n\n\n<li>luftkonditionering,&nbsp;<\/li>\n\n\n\n<li>centralv\u00e4rme,&nbsp;<\/li>\n\n\n\n<li>Tekniska gaser (inklusive medicinska gaser).&nbsp;<\/li>\n<\/ul>\n\n\n\n<p><strong>Varf\u00f6r \u00e4r svetsning s\u00e5 attraktivt?<\/strong>&nbsp;<\/p>\n\n\n\n<p>Estetiskt utf\u00f6rande och j\u00e4mn f\u00f6rdelning av lodet \u00e4r en viktig f\u00f6rdel. Det \u00e4r l\u00e4tt att kontrollera l\u00e4ckage med vatten, s\u00e5 att du kan se eventuella l\u00e4ckor.&nbsp;&nbsp;<\/p>\n\n\n\n<p>En annan bra metod \u00e4r att anv\u00e4nda krita p\u00e5 ena sidan och paraffin p\u00e5 den andra. Den t\u00e4ta fogen kommer inte att f\u00e5 feta fl\u00e4ckar p\u00e5 kritan.&nbsp;<\/p>\n\n\n\n<h2 class=\"wp-block-heading\">Kolla in den omfattande kursen i l\u00f6dning!\u00a0<\/h2>\n\n\n\n<p>Du kommer att l\u00e4ra dig mycket v\u00e4rdefull information, t.ex. hur man identifierar och l\u00f6ser problem och l\u00f6der p\u00e5 r\u00e4tt s\u00e4tt. Du kommer att oms\u00e4tta de kunskaper du har f\u00f6rv\u00e4rvat i praktiken. Vi hj\u00e4lper dig att utf\u00f6ra avancerade uppgifter under \u00f6verinseende av en instrukt\u00f6r. Du kommer att l\u00e4ra dig svaret p\u00e5 fr\u00e5gan: vilken l\u00f6dkolv \u00e4r b\u00e4st och vilken upps\u00e4ttning komponenter f\u00f6r ett visst jobb?\u00a0\u00a0<\/p>\n\n\n\n<p>Vi g\u00f6r studenterna medvetna om de m\u00e5nga misstag som kan g\u00f6ras i handl\u00f6dningsprocessen. Du kommer att l\u00e4ra dig steg f\u00f6r steg hur man l\u00f6der korrekt och du kommer att f\u00e5 de n\u00f6dv\u00e4ndiga tipsen f\u00f6r att bli en expert inom ditt omr\u00e5de. Vi har s\u00e4rskilt utformat v\u00e5r kurs f\u00f6r att p\u00e5 b\u00e4sta s\u00e4tt hj\u00e4lpa dig att f\u00e5 de f\u00e4rdigheter som kr\u00e4vs f\u00f6r att skapa l\u00f6dningar som uppfyller alla krav och kvalitetsstandarder. &nbsp;<\/p>\n\n\n\n<p>Under kursen l\u00e4r du dig de tre j\u00e4rnreglerna f\u00f6r jobbet: f\u00f6rberedelse av material, f\u00f6rtenning och applicering av l\u00f6dmetall. N\u00e4r du beh\u00e4rskar dessa blir du mycket snabbt ett proffs inom ditt yrke. Du f\u00e5r tips och tricks som hj\u00e4lper dig att undvika m\u00e5nga misstag i praktiken och uppskatta svetstiderna. Vi visar dig hur du g\u00f6r:&nbsp;&nbsp;<\/p>\n\n\n\n<ul class=\"wp-block-list\">\n<li>reng\u00f6r l\u00f6dkolven,&nbsp;<\/li>\n\n\n\n<li>f\u00f6rl\u00e4nga dess livsl\u00e4ngd,&nbsp;<\/li>\n\n\n\n<li>l\u00f6da integrerade kretsar och kontaktdon.&nbsp;<\/li>\n<\/ul>\n\n\n\n<p>Att skilja d\u00e5liga l\u00f6dningar fr\u00e5n bra l\u00f6dningar blir en barnlek f\u00f6r dig!&nbsp;<\/p>\n\n\n\n<h2 class=\"wp-block-heading\">Val av l\u00f6dartyp<\/h2>\n\n\n\n<p>\u00c4ven om det finns en hel del olika l\u00f6dtyper \u00e4r det vanligt att v\u00e4lja mellan blyfri, bly, solid tr\u00e5d och dess diameter, typ av flussmedel och k\u00e4rna bland grunderna. Att k\u00e4nna till dessa element kan g\u00f6ra det enkelt och roligt att l\u00e4ra sig att l\u00f6da. Du kommer att veta vilken metod du ska anv\u00e4nda.&nbsp;<\/p>\n\n\n<div class=\"wp-block-image\">\n<figure class=\"alignright size-full is-resized\"><a href=\"https:\/\/szkolenia-udt.pl\/wp-content\/uploads\/2023\/05\/screen_2x-1024x684-1.jpeg\"><img loading=\"lazy\" decoding=\"async\" src=\"https:\/\/szkolenia-udt.pl\/wp-content\/uploads\/2023\/05\/screen_2x-1024x684-1.jpeg\" alt=\"Fusion av galvaniserade bilpl\u00e5tar\" class=\"wp-image-4802\" width=\"512\" height=\"342\" srcset=\"https:\/\/szkolenia-udt.pl\/wp-content\/uploads\/2023\/05\/screen_2x-1024x684-1.jpeg 1024w, https:\/\/szkolenia-udt.pl\/wp-content\/uploads\/2023\/05\/screen_2x-1024x684-1-300x200.jpeg 300w, https:\/\/szkolenia-udt.pl\/wp-content\/uploads\/2023\/05\/screen_2x-1024x684-1-768x513.jpeg 768w, https:\/\/szkolenia-udt.pl\/wp-content\/uploads\/2023\/05\/screen_2x-1024x684-1-18x12.jpeg 18w\" sizes=\"auto, (max-width: 512px) 100vw, 512px\" \/><\/a><\/figure>\n<\/div>\n\n\n<h2 class=\"wp-block-heading\">Utbildningens m\u00e5l:\u00a0\u00a0<\/h2>\n\n\n\n<ul class=\"wp-block-list\">\n<li>Att bli kvalificerad f\u00f6r att arbeta med l\u00f6dning av aluminium och koppar - mjuk och h\u00e5rd sm\u00e4ltning med kapill\u00e4rmetoden.&nbsp;<\/li>\n<\/ul>\n\n\n\n<ul class=\"wp-block-list\">\n<li>Utf\u00f6ra l\u00f6dning av koppar- eller aluminiumr\u00f6r.&nbsp;<\/li>\n<\/ul>\n\n\n\n<h2 class=\"wp-block-heading\">Erbjudande\u00a0<\/h2>\n\n\n\n<p>Kursen best\u00e5r av en teoretisk och en praktisk del. De som l\u00f6der f\u00f6r hand m\u00e5ste ha ett intyg om godk\u00e4nd utbildning f\u00f6r att f\u00e5 b\u00f6rja arbeta. Det finns ingen skyldighet att klara en ytterligare extern examen. Detta beskrivs i ekonomiministerns f\u00f6rordning av den 27 april 2000 (Journal of Laws 2000, nr 40, punkt 470).&nbsp;&nbsp;<\/p>\n\n\n\n<h2 class=\"wp-block-heading\">Anm\u00e4l dig till utbildning i l\u00f6dning\u00a0<\/h2>\n\n\n\n<p>F\u00f6r n\u00e4rvarande ser arbetsmarknaden en h\u00f6g efterfr\u00e5gan p\u00e5 specialister inom materialfogning. Arbetsgivare \u00e4r starkt intresserade av personer med dessa f\u00e4rdigheter. Det \u00e4r d\u00e4rf\u00f6r det \u00e4r vettigt att b\u00f6rja p\u00e5 den relevanta kurs som vi har att erbjuda dig.&nbsp;&nbsp;<\/p>\n\n\n\n<p>V\u00e5r personal \u00e4r erfarna instrukt\u00f6rer som f\u00f6rmedlar kunskap p\u00e5 ett s\u00e4tt som \u00e4r tillg\u00e4ngligt och l\u00e4tt att f\u00f6rst\u00e5. Omedelbart efter kursen kommer du att kunna b\u00f6rja arbeta som <strong>L\u00f6sare<\/strong>.&nbsp;&nbsp;<\/p>\n\n\n\n<p>P\u00e5 kursen f\u00e5r du se vilket intressant och givande yrke l\u00f6dning kan vara - s\u00e4rskilt med komplexa operationer. Priset f\u00f6r kursen \u00e4r \u00f6verkomligt och kostnadseffektivt. Investeringen i utbildningen kommer snabbt att betala sig genom anst\u00e4ndiga inkomster och sunda f\u00e4rdigheter. Under utbildningen kommer deltagarna att l\u00e4ra sig att l\u00f6da komponenter, vilket \u00e4r den viktigaste f\u00e4rdigheten f\u00f6r elektroniktekniker&nbsp;<\/p>\n\n\n\n<h2 class=\"wp-block-heading\">F\u00f6r n\u00e4rvarande \u00e4r de vanligaste avl\u00f6dningsmetoderna:\u00a0<\/h2>\n\n\n\n<ul class=\"wp-block-list\">\n<li>med hj\u00e4lp av:&nbsp;<\/li>\n\n\n\n<li>tennutvinningsmaskin,&nbsp;<\/li>\n\n\n\n<li>l\u00f6dbandet som sk\u00e4r ut komponenterna,&nbsp;<\/li>\n\n\n\n<li>olika typer av SMD-komponenter,&nbsp;<\/li>\n\n\n\n<li>v\u00e4rmer alla ben samtidigt.&nbsp;<\/li>\n<\/ul>\n\n\n\n<h2 class=\"wp-block-heading\">L\u00f6dning\u00a0<\/h2>\n\n\n\n<p>Du kommer att f\u00e5 en praktisk utbildning som kommer att vara anv\u00e4ndbar inte bara p\u00e5 jobbet utan ocks\u00e5 i ditt dagliga liv. Den h\u00e4r utbildningen riktar sig till personer i yrken d\u00e4r en solid l\u00f6dkvalitet \u00e4r obligatorisk, men ocks\u00e5 till personer som b\u00f6rjar l\u00e4ra sig om den h\u00e5rda sammansm\u00e4ltningen av koppar och st\u00e5l. Operator Training Centre \u00e4r den plats d\u00e4r du effektivt kommer att l\u00e4ra dig ditt yrke.&nbsp;<\/p>\n\n\n\n<h2 class=\"wp-block-heading\">Villkor f\u00f6r tilltr\u00e4de till l\u00f6dkursen:\u00a0<\/h2>\n\n\n\n<ul class=\"wp-block-list\">\n<li>minst 18 \u00e5rs \u00e5lder;&nbsp;<\/li>\n\n\n\n<li>Min. grundskoleutbildning;&nbsp;<\/li>\n\n\n\n<li>Ett h\u00e4lsotillst\u00e5nd som g\u00f6r det m\u00f6jligt att utf\u00f6ra arbetet som l\u00f6dare, vilket intygas av en f\u00f6retagsl\u00e4kare.&nbsp;<\/li>\n<\/ul>\n\n\n<div class=\"wp-block-image\">\n<figure class=\"alignright size-full is-resized\"><a href=\"https:\/\/szkolenia-udt.pl\/wp-content\/uploads\/2023\/05\/2-3-683x1024-1.jpeg\"><img loading=\"lazy\" decoding=\"async\" src=\"https:\/\/szkolenia-udt.pl\/wp-content\/uploads\/2023\/05\/2-3-683x1024-1.jpeg\" alt=\"L\u00f6dning\" class=\"wp-image-4801\" width=\"342\" height=\"512\" srcset=\"https:\/\/szkolenia-udt.pl\/wp-content\/uploads\/2023\/05\/2-3-683x1024-1.jpeg 683w, https:\/\/szkolenia-udt.pl\/wp-content\/uploads\/2023\/05\/2-3-683x1024-1-200x300.jpeg 200w, https:\/\/szkolenia-udt.pl\/wp-content\/uploads\/2023\/05\/2-3-683x1024-1-8x12.jpeg 8w\" sizes=\"auto, (max-width: 342px) 100vw, 342px\" \/><\/a><\/figure>\n<\/div>\n\n\n<h2 class=\"wp-block-heading\">Allm\u00e4n \u00f6versikt \u00f6ver utbildnings\u00e4mnen:\u00a0<\/h2>\n\n\n\n<ol class=\"wp-block-list\" start=\"1\">\n<li>Principer f\u00f6r f\u00f6rberedelse av delar f\u00f6r sammanfogning;&nbsp;<\/li>\n\n\n\n<li>Designfunktioner f\u00f6r l\u00f6dning; \u00a0<\/li>\n\n\n\n<li>Grundl\u00e4ggande fysik och kemi;\u00a0<\/li>\n\n\n\n<li>Teknik f\u00f6r svetsning;\u00a0<\/li>\n\n\n\n<li>Fusion av st\u00e5l, koppar och olika typer av bindemedel;\u00a0<\/li>\n\n\n\n<li>Kvalitetsanalys;\u00a0<\/li>\n\n\n\n<li>H\u00c4LSA OCH S\u00c4KERHET;\u00a0<\/li>\n\n\n\n<li>Praktiska \u00f6vningar i gasl\u00f6dning vid produktionsstationer.\u00a0<\/li>\n<\/ol>\n\n\n\n<ol class=\"wp-block-list\" start=\"2\"><\/ol>\n\n\n\n<ol class=\"wp-block-list\" start=\"3\"><\/ol>\n\n\n\n<ol class=\"wp-block-list\" start=\"4\"><\/ol>\n\n\n\n<ol class=\"wp-block-list\" start=\"5\"><\/ol>\n\n\n\n<h2 class=\"wp-block-heading\">Varf\u00f6r v\u00e4lja v\u00e5rt f\u00f6retag?\u00a0<\/h2>\n\n\n\n<p>Vi inbjuder dig att <a href=\"https:\/\/szkolenia-udt.pl\/sv\/oferta\/\">Anv\u00e4ndning av tj\u00e4nster.<\/a> p\u00e5 OSO Operator Training Centre! Vi erbjuder omfattande <a href=\"https:\/\/szkolenia-udt.pl\/sv\/kursy\/szkolenie-audytorskie-udt\/\">UDT-utbildning<\/a> p\u00e5 en m\u00e4ngd olika maskiner, t.ex. traverser, gaffeltruckar, kranar, HDS, teleskoplastare eller mobila plattformar. Svetsning, svetsning, beh\u00f6righetskurser <a href=\"https:\/\/szkolenia-udt.pl\/sv\/kursy\/sep-g1-g2-g3\/komisje-certyfikujace-sep-pse-simp-sitps\/\">SEP<\/a> och h\u00f6jder.&nbsp;&nbsp;<\/p>\n\n\n\n<p>Vi erbjuder v\u00e5ra tj\u00e4nster till alla intresserade som vill skaffa sig kunskaper och f\u00e4rdigheter f\u00f6r att anv\u00e4nda utrustning och maskiner.  Hos oss f\u00e5r du st\u00f6d p\u00e5 h\u00f6gsta niv\u00e5!&nbsp;&nbsp;<\/p>\n\n\n\n<p>Vi fokuserar p\u00e5 v\u00e5ra kunders behov, s\u00e5 du kan r\u00e4kna med professionell hj\u00e4lp och ordentlig utbildning. Best\u00e4m ett l\u00e4mpligt datum och boka en tid f\u00f6r din f\u00f6rsta lektion. Vi \u00e4r en icke-offentlig utbildningsinstitution som tillhandah\u00e5ller utbildning i Warszawa.\u00a0<\/p>\n\n\n\n<h2 class=\"wp-block-heading\">Var tr\u00e4nar vi?\u00a0<\/h2>\n\n\n\n<p>Warszawa - h\u00e4r ligger v\u00e5r huvudfilial med professionella lokaler, men vi finns \u00e4ven p\u00e5 andra platser i Polen. Vi erbjuder \u00e4ven utbildningar bakom st\u00e4ngda d\u00f6rrar, som vi genomf\u00f6r p\u00e5 en plats som best\u00e4ms efter samr\u00e5d med kunden.&nbsp;<\/p>\n\n\n\n<p>Om du har n\u00e5gra fr\u00e5gor om v\u00e5ra tj\u00e4nster \u00e4r vi alltid tillg\u00e4ngliga - <a href=\"https:\/\/szkolenia-udt.pl\/sv\/kontakta\/\" target=\"_blank\" rel=\"noreferrer noopener\">v\u00e4nligen kontakta oss<\/a>. Vi bjuder in dig att ta en titt p\u00e5 v\u00e5r <a href=\"https:\/\/szkolenia-udt.pl\/sv\/erbjuda\/\" target=\"_blank\" rel=\"noreferrer noopener\">fullst\u00e4ndigt erbjudande<\/a> utbildning som presenteras p\u00e5 webbplatsen och vi uppmuntrar dig att v\u00e4lja v\u00e5ra tj\u00e4nster!&nbsp;<\/p>\n\n\n\n<h3 class=\"wp-block-heading\">Var tr\u00e4nar vi?<\/h3>\n\n\n\n<div class=\"wp-block-columns is-layout-flex wp-container-core-columns-is-layout-9d6595d7 wp-block-columns-is-layout-flex\">\n<div class=\"wp-block-column is-layout-flow wp-block-column-is-layout-flow\" style=\"flex-basis:50%\">\n<ul class=\"wp-block-list\">\n<li>Warszawa,\u00a0<\/li>\n\n\n\n<li>Krak\u00f3w,&nbsp;<\/li>\n\n\n\n<li>\u0141\u00f3d\u017a,&nbsp;<\/li>\n\n\n\n<li>Wroc\u0142aw,&nbsp;<\/li>\n\n\n\n<li>Pozna\u0144,&nbsp;<\/li>\n\n\n\n<li>Gdansk,\u00a0<\/li>\n<\/ul>\n<\/div>\n\n\n\n<div class=\"wp-block-column is-layout-flow wp-block-column-is-layout-flow\" style=\"flex-basis:50%\">\n<ul class=\"wp-block-list\">\n<li>Gdynia,&nbsp;<\/li>\n\n\n\n<li>Szczecin,&nbsp;<\/li>\n\n\n\n<li>Bydgoszcz,&nbsp;<\/li>\n\n\n\n<li>Lublin,&nbsp;<\/li>\n\n\n\n<li>Schlesien: Katowice,&nbsp;<\/li>\n\n\n\n<li>Bielsko-Bia\u0142a.&nbsp;<\/li>\n<\/ul>\n<\/div>\n<\/div>\n\n\n\n<p><a href=\"https:\/\/szkolenia-udt.pl\/sv\/kontakt\/\">Du \u00e4r hj\u00e4rtligt inbjuden<\/a> att v\u00e4lja v\u00e5ra tj\u00e4nster!&nbsp;<\/p>\n\n\n<div class=\"wp-block-image\">\n<figure class=\"aligncenter size-large\"><a href=\"https:\/\/szkolenia-udt.pl\/wp-content\/uploads\/2022\/09\/0073-oso.edu_.pl_.jpg\"><img loading=\"lazy\" decoding=\"async\" width=\"1024\" height=\"853\" src=\"https:\/\/szkolenia-udt.pl\/wp-content\/uploads\/2022\/09\/0073-oso.edu_.pl_-1024x853.jpg\" alt=\"\" class=\"wp-image-3286\" srcset=\"https:\/\/szkolenia-udt.pl\/wp-content\/uploads\/2022\/09\/0073-oso.edu_.pl_-1024x853.jpg 1024w, https:\/\/szkolenia-udt.pl\/wp-content\/uploads\/2022\/09\/0073-oso.edu_.pl_-300x250.jpg 300w, https:\/\/szkolenia-udt.pl\/wp-content\/uploads\/2022\/09\/0073-oso.edu_.pl_-768x640.jpg 768w, https:\/\/szkolenia-udt.pl\/wp-content\/uploads\/2022\/09\/0073-oso.edu_.pl_-14x12.jpg 14w, https:\/\/szkolenia-udt.pl\/wp-content\/uploads\/2022\/09\/0073-oso.edu_.pl_.jpg 1200w\" sizes=\"auto, (max-width: 1024px) 100vw, 1024px\" \/><\/a><\/figure>\n<\/div>","protected":false},"excerpt":{"rendered":"<p>Czym jest lutowanie? Lutowanie to jeden z najpopularniejszych sposob\u00f3w \u0142\u0105czenia metali dla pocz\u0105tkuj\u0105cych elektronik\u00f3w. W praktyce metoda spajania polega na wprowadzeniu mi\u0119dzy \u0142\u0105czone powierzchnie \u2013 spoiwa, czyli np. roztopiony metal lub inny czynnik.\u00a0\u00a0 Podczas procesu cz\u0119\u015bci do lutowania nie topi\u0105 si\u0119, tylko nagrzewaj\u0105. Lut trwale przyczepia si\u0119 do materia\u0142\u00f3w, co wymaga dok\u0142adnego wyczyszczenia danej powierzchni [&hellip;]<\/p>\n","protected":false},"author":10,"featured_media":3283,"parent":2583,"menu_order":0,"comment_status":"closed","ping_status":"closed","template":"","meta":{"footnotes":""},"class_list":["post-3282","page","type-page","status-publish","has-post-thumbnail","hentry"],"aioseo_notices":[],"_links":{"self":[{"href":"https:\/\/szkolenia-udt.pl\/sv\/wp-json\/wp\/v2\/pages\/3282","targetHints":{"allow":["GET"]}}],"collection":[{"href":"https:\/\/szkolenia-udt.pl\/sv\/wp-json\/wp\/v2\/pages"}],"about":[{"href":"https:\/\/szkolenia-udt.pl\/sv\/wp-json\/wp\/v2\/types\/page"}],"author":[{"embeddable":true,"href":"https:\/\/szkolenia-udt.pl\/sv\/wp-json\/wp\/v2\/users\/10"}],"replies":[{"embeddable":true,"href":"https:\/\/szkolenia-udt.pl\/sv\/wp-json\/wp\/v2\/comments?post=3282"}],"version-history":[{"count":5,"href":"https:\/\/szkolenia-udt.pl\/sv\/wp-json\/wp\/v2\/pages\/3282\/revisions"}],"predecessor-version":[{"id":4804,"href":"https:\/\/szkolenia-udt.pl\/sv\/wp-json\/wp\/v2\/pages\/3282\/revisions\/4804"}],"up":[{"embeddable":true,"href":"https:\/\/szkolenia-udt.pl\/sv\/wp-json\/wp\/v2\/pages\/2583"}],"wp:featuredmedia":[{"embeddable":true,"href":"https:\/\/szkolenia-udt.pl\/sv\/wp-json\/wp\/v2\/media\/3283"}],"wp:attachment":[{"href":"https:\/\/szkolenia-udt.pl\/sv\/wp-json\/wp\/v2\/media?parent=3282"}],"curies":[{"name":"wp","href":"https:\/\/api.w.org\/{rel}","templated":true}]}}