{"id":33,"date":"2014-10-07T16:18:33","date_gmt":"2014-10-07T16:18:33","guid":{"rendered":"http:\/\/szkolenia-udt.pl\/?page_id=33"},"modified":"2024-10-09T14:56:22","modified_gmt":"2024-10-09T12:56:22","slug":"gaffeltruckar","status":"publish","type":"page","link":"https:\/\/szkolenia-udt.pl\/sv\/kursy\/wozki-widlowe\/","title":{"rendered":"Gaffeltruckar"},"content":{"rendered":"<h2>Kurs i gaffeltruckar - Warszawa och hela Polen<\/h2>\n<div style=\"float: left; padding-right: 10px;\"><div id=\"metaslider-id-396\" style=\"max-width: 300px;\" class=\"ml-slider-3-107-0 metaslider metaslider-flex metaslider-396 ml-slider ms-theme-default nav-hidden\" role=\"region\" aria-label=\"Gaffeltruckar\" data-height=\"225\" data-width=\"300\">\n    <div id=\"metaslider_container_396\">\n        <div id=\"metaslider_396\">\n            <ul class='slides'>\n                <li style=\"display: block; width: 100%;\" class=\"slide-400 ms-image\" aria-roledescription=\"slide\" data-date=\"2014-10-10 12:07:59\" data-filename=\"6260676228_3a0fdacf7d_o.jpg\" data-slide-type=\"image\"><img loading=\"lazy\" decoding=\"async\" src=\"https:\/\/szkolenia-udt.pl\/wp-content\/uploads\/2014\/10\/6260676228_3a0fdacf7d_o.jpg\" height=\"225\" width=\"300\" alt=\"Gaffeltruck\" class=\"slider-396 slide-400 msDefaultImage\" \/><\/li>\n                <li style=\"display: none; width: 100%;\" class=\"slide-577 ms-image\" aria-roledescription=\"slide\" data-date=\"2014-10-12 05:27:57\" data-filename=\"Szkolenia-w\u00f3zki-wid\u0142owe.jpg\" data-slide-type=\"image\"><img loading=\"lazy\" decoding=\"async\" src=\"https:\/\/szkolenia-udt.pl\/wp-content\/uploads\/2014\/10\/Szkolenia-w\u00f3zki-wid\u0142owe.jpg\" height=\"225\" width=\"300\" alt=\"Utbildning i gaffeltruckar\" class=\"slider-396 slide-577 msDefaultImage\" \/><\/li>\n                <li style=\"display: none; width: 100%;\" class=\"slide-578 ms-image\" aria-roledescription=\"slide\" data-date=\"2014-10-12 05:34:04\" data-filename=\"W\u00f3zki-wid\u0142owe-UDT.jpg\" data-slide-type=\"image\"><img loading=\"lazy\" decoding=\"async\" src=\"https:\/\/szkolenia-udt.pl\/wp-content\/uploads\/2014\/10\/W\u00f3zki-wid\u0142owe-UDT.jpg\" height=\"225\" width=\"300\" alt=\"\" class=\"slider-396 slide-578 msDefaultImage\" \/><\/li>\n                <li style=\"display: none; width: 100%;\" class=\"slide-1205 ms-image\" aria-roledescription=\"slide\" data-date=\"2014-11-17 21:31:17\" data-filename=\"wozki3a.jpg\" data-slide-type=\"image\"><img loading=\"lazy\" decoding=\"async\" src=\"https:\/\/szkolenia-udt.pl\/wp-content\/uploads\/2014\/11\/wozki3a.jpg\" height=\"225\" width=\"300\" alt=\"\" class=\"slider-396 slide-1205 msDefaultImage\" \/><\/li>\n                <li style=\"display: none; width: 100%;\" class=\"slide-1204 ms-image\" aria-roledescription=\"slide\" data-date=\"2014-11-17 21:31:16\" data-filename=\"wozki2a.jpg\" data-slide-type=\"image\"><img loading=\"lazy\" decoding=\"async\" src=\"https:\/\/szkolenia-udt.pl\/wp-content\/uploads\/2014\/11\/wozki2a.jpg\" height=\"225\" width=\"300\" alt=\"\" class=\"slider-396 slide-1204 msDefaultImage\" \/><\/li>\n            <\/ul>\n        <\/div>\n        \n    <\/div>\n<\/div><\/div>\n<div class=\"wyjustuj\">\n<p>Vi bjuder in dig till kurser i gaffeltruckar p\u00e5 <a href=\"https:\/\/szkolenia-udt.pl\/sv\/o-firmie\/\">Centrum f\u00f6r utbildning av operat\u00f6rer<\/a>! Om du vill ta ett truckkort kan du alltid f\u00e5 det till ett l\u00e5gt pris hos oss - vi har m\u00e5nga \u00e5rs erfarenhet av att h\u00e5lla den h\u00e4r typen av kurser och tusentals m\u00e4nniskor \u00f6ver hela Polen har redan anv\u00e4nt v\u00e5ra tj\u00e4nster - vi uppmuntrar dig att ansluta dig till deras led! V\u00e5r kurs om gaffeltruckar (jezdniowe, forklifts) \u00e4r utformad f\u00f6r personer som s\u00f6ker arbete som f\u00f6rare av dessa enheter. Nuf\u00f6rtiden \u00f6kar efterfr\u00e5gan p\u00e5 personer med gaffeltrucklicenser st\u00e4ndigt, s\u00e5 att dra nytta av <a href=\"https:\/\/szkolenia-udt.pl\/sv\/oferta\/\">v\u00e5rt erbjudande<\/a> \u00e4r ett fram\u00e5tblickande beslut.<\/p>\n<p>Gaffeltruckkurser genomf\u00f6rs i 3 kategorier.<\/p>\n<div class=\"filmw\">\n<div class=\"responsive-youtube\"><iframe loading=\"lazy\" title=\"YouTube-videospelare\" src=\"https:\/\/www.youtube.com\/embed\/lBt7_7QgUVU\" width=\"560\" height=\"315\" frameborder=\"0\" allowfullscreen=\"allowfullscreen\"><\/iframe><\/div>\n<\/div>\n<h2 class=\"boldnagl\">Vi utf\u00e4rdar truckkort i f\u00f6ljande kategorier:<\/h2>\n<ul>\n<li>III WJO - ger r\u00e4tt att bedriva verksamhet <a href=\"https:\/\/szkolenia-udt.pl\/sv\/kursy\/wozki-widlowe\/budowa-wozka-jezdniowego\/\">gaffeltruckar<\/a> Styrda och fj\u00e4rrstyrda lyftvagnar.<\/li>\n<li>II WJO - till\u00e5ta anv\u00e4ndning av truckar, med undantag f\u00f6r specialutrustning.<\/li>\n<li>I WJO - ger tillst\u00e5nd att k\u00f6ra truckar, \u00e4ven specialiserade truckar: med f\u00f6rare som lyfter med last och med variabel r\u00e4ckvidd.<\/li>\n<\/ul>\n<p>Om du vill k\u00f6ra gaffeltruckar \u00e4r kursen n\u00f6dv\u00e4ndig. Den ger dig all viktig teoretisk information och dessutom praktiska \u00f6vningar p\u00e5 utrustning som vanligtvis anv\u00e4nds i materialhanteringsarbete.<\/p>\n<h2 class=\"boldnagl\">Varje kurs f\u00f6r gaffeltruckar omfattar f\u00f6ljande \u00e4mnen:<\/h2>\n<ul>\n<li>Typ och konstruktion av utrustning.<\/li>\n<li>Operat\u00f6rens verksamhet f\u00f6re och efter operationen.<\/li>\n<li>Operat\u00f6rens aktiviteter under drift.<\/li>\n<li>Meddelanden om godstransporter.<\/li>\n<li>teknisk \u00f6vervakning.<\/li>\n<li>regler f\u00f6r byte av gasflaskor<\/li>\n<li>praktiska \u00f6vningar<\/li>\n<\/ul>\n<div style=\"width: 640px;\" class=\"wp-video\"><video id=\"video-33-1\" width=\"640\" height=\"360\" poster=\"https:\/\/szkolenia-udt.pl\/wp-content\/uploads\/2023\/03\/okladka-wozek-widlowy-OSO.jpg\" preload=\"metadata\" controls=\"controls\"><source type=\"video\/mp4\" src=\"https:\/\/szkolenia-udt.pl\/wp-content\/uploads\/2023\/03\/wozki-widlowe-SZKOLENIA-UDT.PL-OSO.mp4?_=1\" \/><a href=\"https:\/\/szkolenia-udt.pl\/wp-content\/uploads\/2023\/03\/wozki-widlowe-SZKOLENIA-UDT.PL-OSO.mp4\">https:\/\/szkolenia-udt.pl\/wp-content\/uploads\/2023\/03\/wozki-widlowe-SZKOLENIA-UDT.PL-OSO.mp4<\/a><\/video><\/div>\n<h2 class=\"boldnagl\">Krav<\/h2>\n<p>F\u00f6ljande krav m\u00e5ste uppfyllas f\u00f6r att du ska kunna delta i kursen:<\/p>\n<ul>\n<li>vara minst 18 \u00e5r gammal<\/li>\n<li>Minst grundskoleutbildning.<\/li>\n<li>inga kontraindikationer f\u00f6r att arbeta i denna position<\/li>\n<\/ul>\n<h2 class=\"boldnagl\">Pris<\/h2>\n<p>Om du vill g\u00e5 en gaffeltruckkurs p\u00e5 v\u00e5rt center beh\u00f6ver du inte oroa dig f\u00f6r h\u00f6ga avgifter. Det som skiljer oss \u00e5t \u00e4r v\u00e5ra f\u00f6rm\u00e5nliga priser och extra rabatter f\u00f6r dem som vill f\u00e5 sin gaffeltruckkvalifikation utan stora kostnader. I priset ing\u00e5r redan examensavgifter och utf\u00e4rdandet av ett utbildningsintyg. Vi uppmuntrar dig att bes\u00f6ka avsnittet prislista f\u00f6r att kontrollera de aktuella avgifterna.<\/p>\n<h2 class=\"boldnagl\">Var \u00e4r vi verksamma?<\/h2>\n<div class=\"sliderpageright\"><div id=\"metaslider-id-403\" style=\"max-width: 300px;\" class=\"ml-slider-3-107-0 metaslider metaslider-flex metaslider-403 ml-slider ms-theme-default nav-hidden nav-hidden\" role=\"region\" aria-label=\"Gaffeltruckar2\" data-height=\"225\" data-width=\"300\">\n    <div id=\"metaslider_container_403\">\n        <div id=\"metaslider_403\">\n            <ul class='slides'>\n                <li style=\"display: block; width: 100%;\" class=\"slide-580 ms-image\" aria-roledescription=\"slide\" data-date=\"2014-10-12 05:36:13\" data-filename=\"Kurs-W\u00f3zek-Wid\u0142owy.jpg\" data-slide-type=\"image\"><img loading=\"lazy\" decoding=\"async\" src=\"https:\/\/szkolenia-udt.pl\/wp-content\/uploads\/2014\/10\/Kurs-W\u00f3zek-Wid\u0142owy.jpg\" height=\"225\" width=\"300\" alt=\"\" class=\"slider-403 slide-580 msDefaultImage\" \/><\/li>\n                <li style=\"display: none; width: 100%;\" class=\"slide-579 ms-image\" aria-roledescription=\"slide\" data-date=\"2014-10-12 05:36:12\" data-filename=\"Szkolenie-W\u00f3zki-wid\u0142owe.jpg\" data-slide-type=\"image\"><img loading=\"lazy\" decoding=\"async\" src=\"https:\/\/szkolenia-udt.pl\/wp-content\/uploads\/2014\/10\/Szkolenie-W\u00f3zki-wid\u0142owe.jpg\" height=\"225\" width=\"300\" alt=\"Utbildning i gaffeltruckar\" class=\"slider-403 slide-579 msDefaultImage\" \/><\/li>\n                <li style=\"display: none; width: 100%;\" class=\"slide-583 ms-image\" aria-roledescription=\"slide\" data-date=\"2014-10-12 05:36:15\" data-filename=\"Szkolenia-\u0141adowarka-teleskopowa.jpg\" data-slide-type=\"image\"><img loading=\"lazy\" decoding=\"async\" src=\"https:\/\/szkolenia-udt.pl\/wp-content\/uploads\/2014\/10\/Szkolenia-\u0141adowarka-teleskopowa.jpg\" height=\"225\" width=\"300\" alt=\"\" class=\"slider-403 slide-583 msDefaultImage\" \/><\/li>\n                <li style=\"display: none; width: 100%;\" class=\"slide-594 ms-image\" aria-roledescription=\"slide\" data-date=\"2014-10-12 05:43:43\" data-filename=\"Szkolenia-w\u00f3zki-wid\u0142owe1.jpg\" data-slide-type=\"image\"><img loading=\"lazy\" decoding=\"async\" src=\"https:\/\/szkolenia-udt.pl\/wp-content\/uploads\/2014\/10\/Szkolenia-w\u00f3zki-wid\u0142owe1.jpg\" height=\"225\" width=\"300\" alt=\"\" class=\"slider-403 slide-594 msDefaultImage\" \/><\/li>\n                <li style=\"display: none; width: 100%;\" class=\"slide-1206 ms-image\" aria-roledescription=\"slide\" data-date=\"2014-11-17 21:31:18\" data-filename=\"wozki4a.jpg\" data-slide-type=\"image\"><img loading=\"lazy\" decoding=\"async\" src=\"https:\/\/szkolenia-udt.pl\/wp-content\/uploads\/2014\/11\/wozki4a.jpg\" height=\"225\" width=\"300\" alt=\"\" class=\"slider-403 slide-1206 msDefaultImage\" \/><\/li>\n            <\/ul>\n        <\/div>\n        \n    <\/div>\n<\/div><\/div>\n<p>P\u00e5 v\u00e5rt huvudkontor i Warszawa kan du dra nytta av v\u00e5ra utbildningstj\u00e4nster i v\u00e4lutrustade lokaler. Dessutom genomf\u00f6r vi kurser i gaffeltruckar p\u00e5 v\u00e5ra filialer i Katowice, Krakow och Bielsko-Bia\u0142a. Vid utbildning av organiserade grupper kan vi ocks\u00e5 resa till kunder \u00f6ver hela Polen.<\/p>\n<p>N\u00e4r du t\u00e4nker k\u00f6ra en gaffeltruck \u00e4r en kurs p\u00e5 OSO den b\u00e4sta investeringen f\u00f6r dig - kolla in de tillg\u00e4ngliga datumen nu eller <a href=\"https:\/\/szkolenia-udt.pl\/sv\/kontakt\/\">kontakta oss<\/a> f\u00f6r att diskutera detaljerna i genomf\u00f6randet av slutna klasser. Du \u00e4r v\u00e4lkommen!<\/p>\n<\/div>","protected":false},"excerpt":{"rendered":"<p>Kurs na w\u00f3zki wid\u0142owe &#8211; Warszawa i ca\u0142a Polska Zapraszamy na kursy na w\u00f3zki wid\u0142owe do O\u015brodka Szkolenia Operator\u00f3w! Je\u017celi chcesz uzyska\u0107 uprawnienia na w\u00f3zki wid\u0142owe, z nami mo\u017cesz otrzyma\u0107 je zawsze w niskiej cenie \u2013 mamy wieloletnie do\u015bwiadczenie w prowadzeniu zaj\u0119\u0107 tego typu i z naszych us\u0142ug skorzysta\u0142o ju\u017c tysi\u0105ce os\u00f3b na terenie ca\u0142ej [&hellip;]<\/p>\n","protected":false},"author":3,"featured_media":400,"parent":22,"menu_order":0,"comment_status":"closed","ping_status":"closed","template":"","meta":{"footnotes":""},"class_list":["post-33","page","type-page","status-publish","has-post-thumbnail","hentry"],"aioseo_notices":[],"_links":{"self":[{"href":"https:\/\/szkolenia-udt.pl\/sv\/wp-json\/wp\/v2\/pages\/33","targetHints":{"allow":["GET"]}}],"collection":[{"href":"https:\/\/szkolenia-udt.pl\/sv\/wp-json\/wp\/v2\/pages"}],"about":[{"href":"https:\/\/szkolenia-udt.pl\/sv\/wp-json\/wp\/v2\/types\/page"}],"author":[{"embeddable":true,"href":"https:\/\/szkolenia-udt.pl\/sv\/wp-json\/wp\/v2\/users\/3"}],"replies":[{"embeddable":true,"href":"https:\/\/szkolenia-udt.pl\/sv\/wp-json\/wp\/v2\/comments?post=33"}],"version-history":[{"count":21,"href":"https:\/\/szkolenia-udt.pl\/sv\/wp-json\/wp\/v2\/pages\/33\/revisions"}],"predecessor-version":[{"id":5632,"href":"https:\/\/szkolenia-udt.pl\/sv\/wp-json\/wp\/v2\/pages\/33\/revisions\/5632"}],"up":[{"embeddable":true,"href":"https:\/\/szkolenia-udt.pl\/sv\/wp-json\/wp\/v2\/pages\/22"}],"wp:featuredmedia":[{"embeddable":true,"href":"https:\/\/szkolenia-udt.pl\/sv\/wp-json\/wp\/v2\/media\/400"}],"wp:attachment":[{"href":"https:\/\/szkolenia-udt.pl\/sv\/wp-json\/wp\/v2\/media?parent=33"}],"curies":[{"name":"wp","href":"https:\/\/api.w.org\/{rel}","templated":true}]}}