{"id":3339,"date":"2022-09-16T11:37:48","date_gmt":"2022-09-16T09:37:48","guid":{"rendered":"https:\/\/szkolenia-udt.pl\/?page_id=3339"},"modified":"2023-03-20T12:20:48","modified_gmt":"2023-03-20T11:20:48","slug":"underhallare-av-brandslackningsutrustning","status":"publish","type":"page","link":"https:\/\/szkolenia-udt.pl\/sv\/kursy\/bhp-ppoz\/konserwator-sprzetu-gasniczego\/","title":{"rendered":"Kurs i underh\u00e5ll av brandutrustning"},"content":{"rendered":"<div class=\"wp-block-image\">\n<figure class=\"alignleft size-large is-resized\"><a href=\"https:\/\/szkolenia-udt.pl\/wp-content\/uploads\/2022\/09\/3-2.jpeg\"><img loading=\"lazy\" decoding=\"async\" src=\"https:\/\/szkolenia-udt.pl\/wp-content\/uploads\/2022\/09\/3-2-1024x683.jpeg\" alt=\"Brandsl\u00e4ckare - utrustning\" class=\"wp-image-3342\" width=\"512\" height=\"342\" srcset=\"https:\/\/szkolenia-udt.pl\/wp-content\/uploads\/2022\/09\/3-2-1024x683.jpeg 1024w, https:\/\/szkolenia-udt.pl\/wp-content\/uploads\/2022\/09\/3-2-300x200.jpeg 300w, https:\/\/szkolenia-udt.pl\/wp-content\/uploads\/2022\/09\/3-2-768x512.jpeg 768w, https:\/\/szkolenia-udt.pl\/wp-content\/uploads\/2022\/09\/3-2-1536x1024.jpeg 1536w, https:\/\/szkolenia-udt.pl\/wp-content\/uploads\/2022\/09\/3-2-18x12.jpeg 18w, https:\/\/szkolenia-udt.pl\/wp-content\/uploads\/2022\/09\/3-2.jpeg 1600w\" sizes=\"auto, (max-width: 512px) 100vw, 512px\" \/><\/a><\/figure>\n<\/div>\n\n\n<h2 class=\"wp-block-heading\">Om oss\u00a0<\/h2>\n\n\n\n<p>Vi p\u00e5 OSO har tagit fram ett erbjudande till v\u00e5ra kunder i form av en omfattande utbildning f\u00f6r underh\u00e5llare av handh\u00e5llen brandbek\u00e4mpningsutrustning. Vi har tillhandah\u00e5llit utbildningstj\u00e4nster i m\u00e5nga \u00e5r. V\u00e5rt erbjudande omfattar \u00e4ven utbildning f\u00f6r operat\u00f6rer av hanteringsutrustning (med UDT-kvalifikationer) samt energiutbildning.&nbsp;&nbsp;<\/p>\n\n\n\n<h2 class=\"wp-block-heading\">Varf\u00f6r CSO:s?\u00a0<\/h2>\n\n\n\n<p>Vi erbjuder attraktiva priser och h\u00f6gkvalificerad personal med l\u00e5ng yrkeserfarenhet - vi ger dig en professionell och omfattande utbildning som omfattar b\u00e5de teoretiska och praktiska kunskaper. V\u00e5ra filialer finns i hela Polen, inklusive Warszawa. Teoretiska kunskaper kan ocks\u00e5 l\u00e4ras ut p\u00e5 distans, medan praktiska kunskaper kan l\u00e4ras ut i s\u00e4rskilt utsedda utbildningsanl\u00e4ggningar som uppfyller alla s\u00e4kerhetskrav.\u00a0\u00a0<\/p>\n\n\n\n<h2 class=\"wp-block-heading\">Allm\u00e4nna krav\u00a0<\/h2>\n\n\n\n<p>V\u00e5ra krav f\u00f6r att starta utbildningen \u00e4r endast:&nbsp;<\/p>\n\n\n\n<ul class=\"wp-block-list\">\n<li>vara minst 18 \u00e5r gammal,&nbsp;&nbsp;<\/li>\n\n\n\n<li>Minst grundskoleutbildning,&nbsp;&nbsp;<\/li>\n\n\n\n<li>Ett intyg om att det inte f\u00f6religger n\u00e5gra h\u00e4lsorelaterade kontraindikationer utf\u00e4rdat av en f\u00f6retagsl\u00e4kare.\u00a0<\/li>\n<\/ul>\n\n\n\n<h2 class=\"wp-block-heading\">V\u00e5rt utbildningsutbud\u00a0<\/h2>\n\n\n\n<figure class=\"wp-block-table\"><table><tbody><tr><td><strong>Vad kommer vi att l\u00e4ra dig?<\/strong>&nbsp;<\/td><td><strong>Vad erbjuder vi?<\/strong>&nbsp;<\/td><\/tr><tr><td>Anv\u00e4ndning av brandbek\u00e4mpningsutrustning<\/td><td>Kompetent personal f\u00f6r utbildning<\/td><\/tr><tr><td>Underh\u00e5ll av utrustning<\/td><td>Professionell utrustning<\/td><\/tr><tr><td>Provning och diagnostisering av fel p\u00e5 utrustningen<\/td><td>Omfattande utbildning<\/td><\/tr><tr><td>H\u00e4lso- och s\u00e4kerhetsbest\u00e4mmelser<\/td><td>Attraktiva priser<\/td><\/tr><tr><td>Reparationer av brandsl\u00e4ckare<\/td><td>V\u00e4nlig atmosf\u00e4r<\/td><\/tr><\/tbody><\/table><\/figure>\n\n\n\n<h2 class=\"wp-block-heading\">Kursinneh\u00e5ll - viktig information\u00a0<\/h2>\n\n\n<div class=\"wp-block-image\">\n<figure class=\"alignright size-large is-resized\"><a href=\"https:\/\/szkolenia-udt.pl\/wp-content\/uploads\/2022\/09\/2-6.jpeg\"><img loading=\"lazy\" decoding=\"async\" src=\"https:\/\/szkolenia-udt.pl\/wp-content\/uploads\/2022\/09\/2-6-1024x683.jpeg\" alt=\"CSO:s logotyp\" class=\"wp-image-3341\" width=\"512\" height=\"342\" srcset=\"https:\/\/szkolenia-udt.pl\/wp-content\/uploads\/2022\/09\/2-6-1024x683.jpeg 1024w, https:\/\/szkolenia-udt.pl\/wp-content\/uploads\/2022\/09\/2-6-300x200.jpeg 300w, https:\/\/szkolenia-udt.pl\/wp-content\/uploads\/2022\/09\/2-6-768x512.jpeg 768w, https:\/\/szkolenia-udt.pl\/wp-content\/uploads\/2022\/09\/2-6-1536x1024.jpeg 1536w, https:\/\/szkolenia-udt.pl\/wp-content\/uploads\/2022\/09\/2-6-18x12.jpeg 18w, https:\/\/szkolenia-udt.pl\/wp-content\/uploads\/2022\/09\/2-6.jpeg 1600w\" sizes=\"auto, (max-width: 512px) 100vw, 512px\" \/><\/a><\/figure>\n<\/div>\n\n\n<p>All utrustning kr\u00e4ver skickligt underh\u00e5ll, och det \u00e4r inte annorlunda f\u00f6r brandbek\u00e4mpningsutrustning, som m\u00e5ste testas regelbundet f\u00f6r att fungera effektivt. F\u00f6r att kunna erbjuda b\u00e4sta m\u00f6jliga utbildningstj\u00e4nst s\u00e4kerst\u00e4ller vi en liknande undervisningsniv\u00e5 f\u00f6r varje deltagare. Dessutom ser v\u00e5ra f\u00f6rel\u00e4sare till att tillhandah\u00e5lla ytterligare inneh\u00e5ll f\u00f6r deltagarna i form av en upps\u00e4ttning utbildningsmaterial som \u00e4r utformade f\u00f6r att f\u00f6rdjupa och bef\u00e4sta v\u00e5ra kunders kunskaper.\u00a0<\/p>\n\n\n\n<h2 class=\"wp-block-heading\">Underh\u00e5ll av brandbek\u00e4mpningsutrustning, eller vad vi l\u00e4r v\u00e5ra elever\u00a0<\/h2>\n\n\n\n<p>Under kursen kommer vi att ge deltagarna all den viktigaste informationen om inspektion av brandbek\u00e4mpningsutrustning. Detta kommer att vara en serie steg som beh\u00f6vs f\u00f6r att s\u00e4kerst\u00e4lla att utrustningen \u00e4r s\u00e4ker och funktionell och utf\u00f6r sina uppgifter utan problem. Det \u00e4r underh\u00e5llsteknikerns ansvar att inte bara se \u00f6ver utrustningen, utan ocks\u00e5 att reparera den.&nbsp;<\/p>\n\n\n\n<h4 class=\"wp-block-heading\">Korrekt underh\u00e5ll omfattar&nbsp;<\/h4>\n\n\n\n<ul class=\"wp-block-list\">\n<li>Kontrollbesiktning av brandbek\u00e4mpningsutrustning,&nbsp;<\/li>\n\n\n\n<li>periodisk inspektion av brandsl\u00e4ckaren,&nbsp;<\/li>\n\n\n\n<li>Installation och borttagning av brandbek\u00e4mpningsutrustning,&nbsp;<\/li>\n\n\n\n<li>byte av sl\u00e4ckmedel vart femte \u00e5r,&nbsp;<\/li>\n\n\n\n<li>Utf\u00f6ra b\u00e5de reparations- och underh\u00e5llsarbeten,&nbsp;<\/li>\n\n\n\n<li>m\u00e4rkning av utrustning.&nbsp;<\/li>\n<\/ul>\n\n\n\n<p>P\u00e5 OSO tillhandah\u00e5ller vi utbildning f\u00f6r att s\u00e4kerst\u00e4lla att v\u00e5ra praktikanter kan genomf\u00f6ra rekommendationer som r\u00f6r b\u00e5de underh\u00e5lls- och reparationsf\u00f6rfaranden f\u00f6r brandbek\u00e4mpningsutrustning. Vi f\u00f6rser v\u00e5ra kunder med de teoretiska och praktiska kunskaper som kr\u00e4vs f\u00f6r att utf\u00f6ra de \u00e5tg\u00e4rder som kr\u00e4vs f\u00f6r att \u00e5terst\u00e4lla utrustningen till fullt funktionsdugligt skick.\u00a0\u00a0<\/p>\n\n\n\n<h2 class=\"wp-block-heading\">Teknisk kontroll\u00a0<\/h2>\n\n\n\n<p>All brandbek\u00e4mpningsutrustning, inklusive brandsl\u00e4ckare, ska genomg\u00e5 regelbundna tekniska inspektioner och andra underh\u00e5lls\u00e5tg\u00e4rder som anges i g\u00e4llande best\u00e4mmelser, d\u00e4r b\u00e5de underh\u00e5lls\u00e5tg\u00e4rder och information om hur den aktuella utrustningen ska anv\u00e4ndas anges. Teknisk utrustning \u00e4r f\u00f6rem\u00e5l f\u00f6r l\u00f6pande underh\u00e5ll, som best\u00e5r av periodiska inspektioner, strikt definierade i ett diagnostiskt schema (minst en g\u00e5ng per \u00e5r).&nbsp;&nbsp;<\/p>\n\n\n\n<p>Periodiska inspektioner \u00e4r n\u00f6dv\u00e4ndiga f\u00f6r att garantera s\u00e4kerheten f\u00f6r anv\u00e4ndare av utrustning, s\u00e4rskilt om de befinner sig i ett omr\u00e5de med potentiell risk, t.ex. ett brandutbrott. Inspektionen b\u00f6r utf\u00f6ras av en person som har utbildats f\u00f6r detta.&nbsp;<\/p>\n\n\n\n<h2 class=\"wp-block-heading\">Var kommer du att hitta syssels\u00e4ttning?\u00a0<\/h2>\n\n\n\n<p>Underh\u00e5llare med r\u00e4tt kompetens kommer att kunna arbeta p\u00e5 auktoriserade underh\u00e5llscentra, som utf\u00f6r b\u00e5de underh\u00e5ll och reparationer av utrustning av olika slag - inklusive brandbek\u00e4mpning.&nbsp;&nbsp;<\/p>\n\n\n<div class=\"wp-block-image\">\n<figure class=\"alignleft size-large is-resized\"><a href=\"https:\/\/szkolenia-udt.pl\/wp-content\/uploads\/2022\/09\/1-8.jpeg\"><img loading=\"lazy\" decoding=\"async\" src=\"https:\/\/szkolenia-udt.pl\/wp-content\/uploads\/2022\/09\/1-8-1024x768.jpeg\" alt=\"Brandsl\u00e4ckare - utrustning\" class=\"wp-image-3340\" width=\"512\" height=\"384\" srcset=\"https:\/\/szkolenia-udt.pl\/wp-content\/uploads\/2022\/09\/1-8-1024x768.jpeg 1024w, https:\/\/szkolenia-udt.pl\/wp-content\/uploads\/2022\/09\/1-8-300x225.jpeg 300w, https:\/\/szkolenia-udt.pl\/wp-content\/uploads\/2022\/09\/1-8-768x576.jpeg 768w, https:\/\/szkolenia-udt.pl\/wp-content\/uploads\/2022\/09\/1-8-1536x1152.jpeg 1536w, https:\/\/szkolenia-udt.pl\/wp-content\/uploads\/2022\/09\/1-8-16x12.jpeg 16w, https:\/\/szkolenia-udt.pl\/wp-content\/uploads\/2022\/09\/1-8-135x100.jpeg 135w, https:\/\/szkolenia-udt.pl\/wp-content\/uploads\/2022\/09\/1-8.jpeg 1600w\" sizes=\"auto, (max-width: 512px) 100vw, 512px\" \/><\/a><\/figure>\n<\/div>\n\n\n<p>F\u00f6r att bredda sina kunskaper och f\u00e4rdigheter skickar arbetsgivarna ofta sina underordnade till utbildningar som inkluderar kunskap om HMS och UTB - det h\u00e4r \u00e4r specialiserade kurser som genomf\u00f6rs f\u00f6r skolor, f\u00f6retag eller daghem. F\u00f6rm\u00e5gan att utf\u00f6ra tekniska inspektioner kommer att visa sig anv\u00e4ndbar \u00f6verallt d\u00e4r det finns en brandrisk. Det kan vara produktionshallar, lager eller kontor. P\u00e5 OSO kommer vi att ge v\u00e5ra praktikanter en omfattande dos av kunskap som kommer att bredda deras horisonter p\u00e5 arbetsmarknaden. Ta g\u00e4rna en titt p\u00e5 hela v\u00e5rt utbildningsutbud, som \u00e4ven omfattar kurser f\u00f6r UDT eller <a href=\"https:\/\/szkolenia-udt.pl\/sv\/kursy\/sep-g1-g2-g3\/komisje-certyfikujace-sep-pse-simp-sitps\/\">SEP<\/a>. F\u00f6r ytterligare svar p\u00e5 fr\u00e5gor, v\u00e4nligen ring v\u00e5ra konsulter.\u00a0<\/p>","protected":false},"excerpt":{"rendered":"<p>O nas\u00a0 W OSO przygotowali\u015bmy dla naszych klient\u00f3w ofert\u0119 w postaci kompleksowego szkolenia na konserwator\u00f3w podr\u0119cznego sprz\u0119tu ga\u015bniczego. Jeste\u015bmy firm\u0105 \u015bwiadcz\u0105c\u0105 us\u0142ugi szkoleniowe od wielu lat. W naszej ofercie znajd\u0105 Pa\u0144stwo r\u00f3wnie\u017c szkolenia na operator\u00f3w urz\u0105dze\u0144 transportu bliskiego (z kwalifikacjami UDT), jak i szkolenia energetyczne.&nbsp;&nbsp; Dlaczego OSO?\u00a0 Oferujemy atrakcyjne ceny oraz wysoko wykwalifikowan\u0105 kadr\u0119 o [&hellip;]<\/p>\n","protected":false},"author":10,"featured_media":3340,"parent":2739,"menu_order":0,"comment_status":"closed","ping_status":"closed","template":"","meta":{"footnotes":""},"class_list":["post-3339","page","type-page","status-publish","has-post-thumbnail","hentry"],"aioseo_notices":[],"_links":{"self":[{"href":"https:\/\/szkolenia-udt.pl\/sv\/wp-json\/wp\/v2\/pages\/3339","targetHints":{"allow":["GET"]}}],"collection":[{"href":"https:\/\/szkolenia-udt.pl\/sv\/wp-json\/wp\/v2\/pages"}],"about":[{"href":"https:\/\/szkolenia-udt.pl\/sv\/wp-json\/wp\/v2\/types\/page"}],"author":[{"embeddable":true,"href":"https:\/\/szkolenia-udt.pl\/sv\/wp-json\/wp\/v2\/users\/10"}],"replies":[{"embeddable":true,"href":"https:\/\/szkolenia-udt.pl\/sv\/wp-json\/wp\/v2\/comments?post=3339"}],"version-history":[{"count":7,"href":"https:\/\/szkolenia-udt.pl\/sv\/wp-json\/wp\/v2\/pages\/3339\/revisions"}],"predecessor-version":[{"id":4606,"href":"https:\/\/szkolenia-udt.pl\/sv\/wp-json\/wp\/v2\/pages\/3339\/revisions\/4606"}],"up":[{"embeddable":true,"href":"https:\/\/szkolenia-udt.pl\/sv\/wp-json\/wp\/v2\/pages\/2739"}],"wp:featuredmedia":[{"embeddable":true,"href":"https:\/\/szkolenia-udt.pl\/sv\/wp-json\/wp\/v2\/media\/3340"}],"wp:attachment":[{"href":"https:\/\/szkolenia-udt.pl\/sv\/wp-json\/wp\/v2\/media?parent=3339"}],"curies":[{"name":"wp","href":"https:\/\/api.w.org\/{rel}","templated":true}]}}