{"id":3368,"date":"2022-09-23T11:14:18","date_gmt":"2022-09-23T09:14:18","guid":{"rendered":"https:\/\/szkolenia-udt.pl\/?page_id=3368"},"modified":"2023-05-08T16:06:48","modified_gmt":"2023-05-08T14:06:48","slug":"drift-av-tryckbarande-anordningar","status":"publish","type":"page","link":"https:\/\/szkolenia-udt.pl\/sv\/kursy\/uprawnienia-udt-tdt-wdt\/obsluga-urzadzen-cisnieniowych\/","title":{"rendered":"Utbildning i tryckutrustning"},"content":{"rendered":"<h2 class=\"wp-block-heading\">Vem v\u00e4nder sig kursen till?&nbsp;<\/h2>\n\n\n\n<p>Du \u00e4r inbjuden att delta i en kurs i hantering av tryckk\u00e4rl. Utbildningen kommer att ge dig beh\u00f6righet att fylla tankar och flaskor som har en kapacitet p\u00e5 mer \u00e4n 350 cm3.&nbsp;<\/p>\n\n\n<div class=\"wp-block-image\">\n<figure class=\"alignright size-full is-resized\"><a href=\"https:\/\/szkolenia-udt.pl\/wp-content\/uploads\/2023\/05\/1-12-1024x684-1.jpeg\"><img loading=\"lazy\" decoding=\"async\" src=\"https:\/\/szkolenia-udt.pl\/wp-content\/uploads\/2023\/05\/1-12-1024x684-1.jpeg\" alt=\"tryckcylinder\" class=\"wp-image-4868\" width=\"512\" height=\"342\" srcset=\"https:\/\/szkolenia-udt.pl\/wp-content\/uploads\/2023\/05\/1-12-1024x684-1.jpeg 1024w, https:\/\/szkolenia-udt.pl\/wp-content\/uploads\/2023\/05\/1-12-1024x684-1-300x200.jpeg 300w, https:\/\/szkolenia-udt.pl\/wp-content\/uploads\/2023\/05\/1-12-1024x684-1-768x513.jpeg 768w, https:\/\/szkolenia-udt.pl\/wp-content\/uploads\/2023\/05\/1-12-1024x684-1-18x12.jpeg 18w\" sizes=\"auto, (max-width: 512px) 100vw, 512px\" \/><\/a><\/figure>\n<\/div>\n\n\n<h3 class=\"wp-block-heading\">Utbildningen m\u00e5ste genomf\u00f6ras av dem som \u00e4r anst\u00e4llda som:&nbsp;<\/h3>\n\n\n\n<ul class=\"wp-block-list\">\n<li>Kylmont\u00f6rer;&nbsp;&nbsp;<\/li>\n\n\n\n<li>Installat\u00f6rer av v\u00e4rmepumpar; &nbsp;<\/li>\n\n\n\n<li>Brandm\u00e4n;&nbsp;<\/li>\n\n\n\n<li>Sjukhuspersonal; &nbsp;<\/li>\n\n\n\n<li>Spa-arbetare; &nbsp;<\/li>\n\n\n\n<li>Personer som arbetar inom livsmedelsindustrin. &nbsp;<\/li>\n<\/ul>\n\n\n\n<h2 class=\"wp-block-heading\">Kursens syfte\u00a0<\/h2>\n\n\n\n<p>Genom utbildningen kommer varje deltagare att f\u00e5 b\u00e5de praktiska och teoretiska kunskaper.&nbsp;<\/p>\n\n\n\n<p>V\u00e5rt f\u00f6retag erbjuder m\u00f6jligheten att bli certifierad i fyllning och drift av portabla tryckk\u00e4rl med en kapacitet p\u00e5 mer \u00e4n 350 cm3 med gaser:&nbsp;<\/p>\n\n\n\n<ul class=\"wp-block-list\">\n<li>Uppl\u00f6st, t.ex. acetylen;&nbsp;&nbsp;&nbsp;<\/li>\n\n\n\n<li>Komprimerad - t.ex. luft, argon, kv\u00e4ve eller syre;&nbsp;&nbsp;<\/li>\n\n\n\n<li>kondenserad, s\u00e5som dikv\u00e4veoxid, ammoniak eller gasol.&nbsp;&nbsp;<\/li>\n<\/ul>\n\n\n\n<h2 class=\"wp-block-heading\">Vilka \u00e4mnen behandlas p\u00e5 kursen?\u00a0<\/h2>\n\n\n\n<p><a href=\"https:\/\/szkolenia-udt.pl\/sv\/kursy\/\">V\u00e5r utbildning<\/a> \u00e4r inte bara kunskap, utan ocks\u00e5 praktik. Deltagarna f\u00f6rbereds f\u00f6r unders\u00f6kningen av Office of Technical Inspection. &nbsp;<\/p>\n\n\n\n<figure class=\"wp-block-table\"><table><tbody><tr><td><strong>De utbildningar som genomf\u00f6rs p\u00e5 v\u00e5rt f\u00f6retag \u00e4r i enlighet med UDT-programmet. Vi t\u00e4cker \u00e4mnen som t.ex:<\/strong>&nbsp;&nbsp;<\/td><\/tr><tr><td>- Utf\u00f6ra teknisk \u00f6vervakning av flyttbara tankar;\u00a0<br>- Test av b\u00e4rbar tank;\u00a0<br>- Reparationer av mobila tankar;\u00a0<br>- Detaljer om gas;\u00a0<br>- Utformning av tankar;\u00a0<br>- Parametrar f\u00f6r tanken;\u00a0<br>- Inspektion och arbetsmoment vid fyllning av tryckk\u00e4rl;\u00a0<br>- Allm\u00e4nna h\u00e4lso- och s\u00e4kerhetsrekommendationer; Allm\u00e4nna brand- och s\u00e4kerhetsrekommendationer.\u00a0\u00a0<\/td><\/tr><\/tbody><\/table><\/figure>\n\n\n<div class=\"wp-block-image\">\n<figure class=\"alignright size-full is-resized\"><a href=\"https:\/\/szkolenia-udt.pl\/wp-content\/uploads\/2023\/05\/3-3-683x1024-1.jpeg\"><img loading=\"lazy\" decoding=\"async\" src=\"https:\/\/szkolenia-udt.pl\/wp-content\/uploads\/2023\/05\/3-3-683x1024-1.jpeg\" alt=\"tryckutrustning kurs i drift\" class=\"wp-image-4869\" width=\"342\" height=\"512\" srcset=\"https:\/\/szkolenia-udt.pl\/wp-content\/uploads\/2023\/05\/3-3-683x1024-1.jpeg 683w, https:\/\/szkolenia-udt.pl\/wp-content\/uploads\/2023\/05\/3-3-683x1024-1-200x300.jpeg 200w, https:\/\/szkolenia-udt.pl\/wp-content\/uploads\/2023\/05\/3-3-683x1024-1-8x12.jpeg 8w\" sizes=\"auto, (max-width: 342px) 100vw, 342px\" \/><\/a><\/figure>\n<\/div>\n\n\n<h2 class=\"wp-block-heading\">Tillst\u00e5nd att driva och fylla tryckk\u00e4rl\u00a0<\/h2>\n\n\n\n<p>N\u00e4r du har slutf\u00f6rt kursen och klarat UDT-provet f\u00e5r du de relevanta kvalifikationerna. Detta g\u00f6r det m\u00f6jligt f\u00f6r dig att anv\u00e4nda och fylla trycktankar med en kapacitet p\u00e5 mer \u00e4n 350 cm3. Kvalifikationen f\u00f6r fyllning av cylindrar beror p\u00e5 typen av examen. Du kan erh\u00e5lla denna kvalifikation f\u00f6r fyllning av flaskor med gaser:&nbsp;<\/p>\n\n\n\n<ul class=\"wp-block-list\">\n<li>flytande,&nbsp;<\/li>\n\n\n\n<li>komprimerad,&nbsp;<\/li>\n\n\n\n<li>uppl\u00f6st.\u00a0\u00a0<\/li>\n<\/ul>\n\n\n\n<h2 class=\"wp-block-heading\">Vilka provningar genomg\u00e5r tryckk\u00e4rl?\u00a0\u00a0<\/h2>\n\n\n\n<p>Tryckb\u00e4rande anordningar som anv\u00e4nds ska genomg\u00e5 f\u00f6ljande provningar:&nbsp;<\/p>\n\n\n\n<ul class=\"wp-block-list\">\n<li>periodisk;&nbsp;<\/li>\n\n\n\n<li>operativ;&nbsp;<\/li>\n\n\n\n<li>n\u00f6dsituationer efter en olycka eller ett haveri. &nbsp;<\/li>\n<\/ul>\n\n\n\n<h3 class=\"wp-block-heading\">Periodiska unders\u00f6kningar:\u00a0<\/h3>\n\n\n\n<p>Periodiska tester \u00e4r interna revisioner, externa revisioner och trycktester.&nbsp;&nbsp;&nbsp;<\/p>\n\n\n\n<p><strong>Interna granskningar<\/strong> - Under den interna inspektionen g\u00f6rs en visuell bed\u00f6mning av skicket p\u00e5 den tryckb\u00e4rande anordningens v\u00e4ggar. Dess avtagbara och icke avtagbara anslutningar samt dess s\u00e4kerhets- och tryckutrustning bed\u00f6ms ocks\u00e5. I tekniskt motiverade fall kan den visuella bed\u00f6mningen ers\u00e4ttas eller kompletteras med andra provningar. Detta \u00e4r m\u00f6jligt, liksom f\u00f6r tryckprovningen, efter \u00f6verenskommelse med det ber\u00f6rda tekniska kontrollorganet.&nbsp;<\/p>\n\n\n<div class=\"wp-block-image\">\n<figure class=\"alignright size-large is-resized\"><a href=\"https:\/\/szkolenia-udt.pl\/wp-content\/uploads\/2023\/05\/s2-2023-05-08T160152.791.jpg\"><img loading=\"lazy\" decoding=\"async\" src=\"https:\/\/szkolenia-udt.pl\/wp-content\/uploads\/2023\/05\/s2-2023-05-08T160152.791-1024x683.jpg\" alt=\"tryckk\u00e4rl service kurs\" class=\"wp-image-4872\" width=\"512\" height=\"342\" srcset=\"https:\/\/szkolenia-udt.pl\/wp-content\/uploads\/2023\/05\/s2-2023-05-08T160152.791-1024x683.jpg 1024w, https:\/\/szkolenia-udt.pl\/wp-content\/uploads\/2023\/05\/s2-2023-05-08T160152.791-300x200.jpg 300w, https:\/\/szkolenia-udt.pl\/wp-content\/uploads\/2023\/05\/s2-2023-05-08T160152.791-768x512.jpg 768w, https:\/\/szkolenia-udt.pl\/wp-content\/uploads\/2023\/05\/s2-2023-05-08T160152.791-1536x1024.jpg 1536w, https:\/\/szkolenia-udt.pl\/wp-content\/uploads\/2023\/05\/s2-2023-05-08T160152.791-18x12.jpg 18w, https:\/\/szkolenia-udt.pl\/wp-content\/uploads\/2023\/05\/s2-2023-05-08T160152.791.jpg 1600w\" sizes=\"auto, (max-width: 512px) 100vw, 512px\" \/><\/a><\/figure>\n<\/div>\n\n\n<p><strong>Externa revisioner<\/strong> - En bed\u00f6mning av den tryckb\u00e4rande anordningen fr\u00e5n utsidan utf\u00f6rs, liksom en bed\u00f6mning av anordningen i tillg\u00e4ngliga utrymmen. Om m\u00f6jligt utf\u00f6rs \u00e4ven drift av utrustningen och funktionsprovningar.&nbsp;&nbsp;<\/p>\n\n\n\n<p><strong>Tryckprovning - W<\/strong>De anv\u00e4nds i allm\u00e4nhet som hydrauliska provningar. I motiverade fall kan den hydrauliska provningen ers\u00e4ttas av en annan provning eller en annan typ av provning. Liksom vid en intern \u00f6versyn kan detta g\u00f6ras efter f\u00f6rhandsgodk\u00e4nnande fr\u00e5n enheten f\u00f6r teknisk \u00f6vervakning. &nbsp;<\/p>\n\n\n\n<h3 class=\"wp-block-heading\">Operativa tester och ad hoc-tester\u00a0\u00a0<\/h3>\n\n\n\n<p>Omfattningen av dessa tester och hur de f\u00f6rbereds best\u00e4ms av enheterna f\u00f6r teknisk \u00f6vervakning. Detta beror p\u00e5 de omst\u00e4ndigheter som motiverar deras genomf\u00f6rande. De kan utf\u00f6ras:\u00a0<\/p>\n\n\n\n<ul class=\"wp-block-list\">\n<li>tryckprovningar,&nbsp;<\/li>\n\n\n\n<li>interna revideringar,&nbsp;&nbsp;<\/li>\n\n\n\n<li>externa revideringar.&nbsp;<\/li>\n<\/ul>\n\n\n\n<p>De f\u00e5r kompletteras eller ers\u00e4ttas med annan provning. De skall utf\u00f6ras p\u00e5 beg\u00e4ran av anv\u00e4ndaren av den tryckb\u00e4rande anordningen, s\u00e4rskilt i f\u00f6ljande fall&nbsp;<\/p>\n\n\n<div class=\"wp-block-image\">\n<figure class=\"alignright size-large is-resized\"><a href=\"https:\/\/szkolenia-udt.pl\/wp-content\/uploads\/2023\/05\/screen_2x-2023-05-08T160132.907.jpg\"><img loading=\"lazy\" decoding=\"async\" src=\"https:\/\/szkolenia-udt.pl\/wp-content\/uploads\/2023\/05\/screen_2x-2023-05-08T160132.907-1024x683.jpg\" alt=\"tryckcylindrar\" class=\"wp-image-4871\" width=\"512\" height=\"342\" srcset=\"https:\/\/szkolenia-udt.pl\/wp-content\/uploads\/2023\/05\/screen_2x-2023-05-08T160132.907-1024x683.jpg 1024w, https:\/\/szkolenia-udt.pl\/wp-content\/uploads\/2023\/05\/screen_2x-2023-05-08T160132.907-300x200.jpg 300w, https:\/\/szkolenia-udt.pl\/wp-content\/uploads\/2023\/05\/screen_2x-2023-05-08T160132.907-768x512.jpg 768w, https:\/\/szkolenia-udt.pl\/wp-content\/uploads\/2023\/05\/screen_2x-2023-05-08T160132.907-1536x1024.jpg 1536w, https:\/\/szkolenia-udt.pl\/wp-content\/uploads\/2023\/05\/screen_2x-2023-05-08T160132.907-18x12.jpg 18w, https:\/\/szkolenia-udt.pl\/wp-content\/uploads\/2023\/05\/screen_2x-2023-05-08T160132.907.jpg 1600w\" sizes=\"auto, (max-width: 512px) 100vw, 512px\" \/><\/a><\/figure>\n<\/div>\n\n\n<ul class=\"wp-block-list\">\n<li>F\u00f6r\u00e4ndringar p\u00e5 webbplatsen;&nbsp;&nbsp;<\/li>\n\n\n\n<li>Reparationer av tryckb\u00e4rande anordningar;&nbsp;&nbsp;<\/li>\n\n\n\n<li>Uppgradering av tryckb\u00e4rande anordningar;&nbsp;<\/li>\n\n\n\n<li>Utbyte av utrustningsdelar;&nbsp;&nbsp;<\/li>\n\n\n\n<li>F\u00f6r\u00e4ndringar i typen av leveransutrustning;&nbsp;<\/li>\n\n\n\n<li>Uppt\u00e4ckt av skador p\u00e5 v\u00e4ggarna i enheten;&nbsp;&nbsp;<\/li>\n\n\n\n<li>Detektering av l\u00e4ckage i enheten.\u00a0<\/li>\n<\/ul>\n\n\n\n<h2 class=\"wp-block-heading\">Varf\u00f6r v\u00e4lja den kurs som erbjuds av v\u00e5rt f\u00f6retag?&nbsp;<\/h2>\n\n\n\n<p>Utbildning i v\u00e5rt f\u00f6retag garanterar h\u00f6g effektivitet. N\u00e4stan 100% av v\u00e5ra praktikanter kan skryta med att ha klarat UDT-examen.  Kurspriset i v\u00e5rt f\u00f6retag inkluderar teoretiska och praktiska lektioner samt kursmaterial. Efter avslutad utbildning och godk\u00e4nd examination f\u00e5r varje deltagare ett certifikat.  Certifikatet \u00e4r giltigt i hela Europeiska unionen och \u00e4r obegr\u00e4nsat i tid. F\u00f6rutom certifikatet erh\u00e5ller varje deltagare en kvalifikation fr\u00e5n Office of Technical Inspection.&nbsp;<\/p>\n\n\n\n<p>Vi bjuder in dig att ta en titt p\u00e5 vad v\u00e5rt f\u00f6retag har att erbjuda!\u00a0<\/p>\n\n\n\n<figure class=\"wp-block-image size-full\"><a href=\"https:\/\/szkolenia-udt.pl\/wp-content\/uploads\/2023\/05\/0082-oso.edu_.pl_-1024x853-1.jpg\"><img loading=\"lazy\" decoding=\"async\" width=\"1024\" height=\"853\" src=\"https:\/\/szkolenia-udt.pl\/wp-content\/uploads\/2023\/05\/0082-oso.edu_.pl_-1024x853-1.jpg\" alt=\"\" class=\"wp-image-4866\" srcset=\"https:\/\/szkolenia-udt.pl\/wp-content\/uploads\/2023\/05\/0082-oso.edu_.pl_-1024x853-1.jpg 1024w, https:\/\/szkolenia-udt.pl\/wp-content\/uploads\/2023\/05\/0082-oso.edu_.pl_-1024x853-1-300x250.jpg 300w, https:\/\/szkolenia-udt.pl\/wp-content\/uploads\/2023\/05\/0082-oso.edu_.pl_-1024x853-1-768x640.jpg 768w, https:\/\/szkolenia-udt.pl\/wp-content\/uploads\/2023\/05\/0082-oso.edu_.pl_-1024x853-1-14x12.jpg 14w\" sizes=\"auto, (max-width: 1024px) 100vw, 1024px\" \/><\/a><\/figure>","protected":false},"excerpt":{"rendered":"<p>Dla kogo kurs?&nbsp; Zapraszamy do skorzystania z kursu z zakresu obs\u0142ugi zbiornik\u00f3w ci\u015bnieniowych. Szkolenie pozwoli ci uzyska\u0107 uprawnienia z zakresu nape\u0142niania zbiornik\u00f3w oraz butli, kt\u00f3re maj\u0105 pojemno\u015b\u0107 powy\u017cej 350 cm3.&nbsp; Takie szkolenia musz\u0105 zrobi\u0107 osoby, kt\u00f3re s\u0105 zatrudnione jako:&nbsp; Cel kursu\u00a0 Dzi\u0119ki szkoleniu ka\u017cdy uczestnik zdob\u0119dzie wiedz\u0119 zar\u00f3wno praktyczn\u0105, jak i teoretyczn\u0105.&nbsp; Nasza firma oferuje [&hellip;]<\/p>\n","protected":false},"author":10,"featured_media":3369,"parent":2266,"menu_order":0,"comment_status":"closed","ping_status":"closed","template":"","meta":{"footnotes":""},"class_list":["post-3368","page","type-page","status-publish","has-post-thumbnail","hentry"],"aioseo_notices":[],"_links":{"self":[{"href":"https:\/\/szkolenia-udt.pl\/sv\/wp-json\/wp\/v2\/pages\/3368","targetHints":{"allow":["GET"]}}],"collection":[{"href":"https:\/\/szkolenia-udt.pl\/sv\/wp-json\/wp\/v2\/pages"}],"about":[{"href":"https:\/\/szkolenia-udt.pl\/sv\/wp-json\/wp\/v2\/types\/page"}],"author":[{"embeddable":true,"href":"https:\/\/szkolenia-udt.pl\/sv\/wp-json\/wp\/v2\/users\/10"}],"replies":[{"embeddable":true,"href":"https:\/\/szkolenia-udt.pl\/sv\/wp-json\/wp\/v2\/comments?post=3368"}],"version-history":[{"count":9,"href":"https:\/\/szkolenia-udt.pl\/sv\/wp-json\/wp\/v2\/pages\/3368\/revisions"}],"predecessor-version":[{"id":4873,"href":"https:\/\/szkolenia-udt.pl\/sv\/wp-json\/wp\/v2\/pages\/3368\/revisions\/4873"}],"up":[{"embeddable":true,"href":"https:\/\/szkolenia-udt.pl\/sv\/wp-json\/wp\/v2\/pages\/2266"}],"wp:featuredmedia":[{"embeddable":true,"href":"https:\/\/szkolenia-udt.pl\/sv\/wp-json\/wp\/v2\/media\/3369"}],"wp:attachment":[{"href":"https:\/\/szkolenia-udt.pl\/sv\/wp-json\/wp\/v2\/media?parent=3368"}],"curies":[{"name":"wp","href":"https:\/\/api.w.org\/{rel}","templated":true}]}}