{"id":3374,"date":"2022-09-23T11:52:42","date_gmt":"2022-09-23T09:52:42","guid":{"rendered":"https:\/\/szkolenia-udt.pl\/?page_id=3374"},"modified":"2023-03-20T15:29:03","modified_gmt":"2023-03-20T14:29:03","slug":"evakuering-av-personer","status":"publish","type":"page","link":"https:\/\/szkolenia-udt.pl\/sv\/kursy\/prace-wysokosciowe\/ewakuacja-osob\/","title":{"rendered":"Utbildning i evakuering av personer fr\u00e5n tr\u00e5nga utrymmen."},"content":{"rendered":"<h2 class=\"wp-block-heading\">Varf\u00f6r \u00e4r det s\u00e5 viktigt med utbildning inom detta omr\u00e5de?<\/h2>\n\n\n<div class=\"wp-block-image\">\n<figure class=\"alignright size-large is-resized\"><a href=\"https:\/\/szkolenia-udt.pl\/wp-content\/uploads\/2022\/09\/3-4.jpeg\"><img loading=\"lazy\" decoding=\"async\" src=\"https:\/\/szkolenia-udt.pl\/wp-content\/uploads\/2022\/09\/3-4-1024x683.jpeg\" alt=\"utbildning i att evakuera personer fr\u00e5n slutna utrymmen \" class=\"wp-image-3377\" width=\"512\" height=\"342\" srcset=\"https:\/\/szkolenia-udt.pl\/wp-content\/uploads\/2022\/09\/3-4-1024x683.jpeg 1024w, https:\/\/szkolenia-udt.pl\/wp-content\/uploads\/2022\/09\/3-4-300x200.jpeg 300w, https:\/\/szkolenia-udt.pl\/wp-content\/uploads\/2022\/09\/3-4-768x512.jpeg 768w, https:\/\/szkolenia-udt.pl\/wp-content\/uploads\/2022\/09\/3-4-1536x1024.jpeg 1536w, https:\/\/szkolenia-udt.pl\/wp-content\/uploads\/2022\/09\/3-4-18x12.jpeg 18w, https:\/\/szkolenia-udt.pl\/wp-content\/uploads\/2022\/09\/3-4.jpeg 1600w\" sizes=\"auto, (max-width: 512px) 100vw, 512px\" \/><\/a><\/figure>\n<\/div>\n\n\n<p>N\u00e4r vi arbetar i tr\u00e5nga och farliga utrymmen uts\u00e4tts vi f\u00f6r allvarliga risker f\u00f6r liv och h\u00e4lsa. Slutna utrymmen kan till exempel vara brunnar, avloppsbrunnar eller cesspits. Arbete i s\u00e5dana utrymmen inneb\u00e4r en stor risk f\u00f6r olyckor. En av dem \u00e4r f\u00f6rgiftning eller till och med kv\u00e4vning till f\u00f6ljd av att man befinner sig p\u00e5 en plats d\u00e4r det inte finns tillr\u00e4ckligt med syre eller vid kontakt med giftiga gaser. F\u00f6r att veta hur man ska bete sig i farliga situationer och hur man evakuerar s\u00e5dana utrymmen \u00e4r det l\u00e4mpligt att delta i en kurs om detta \u00e4mne som erbjuds av v\u00e5rt f\u00f6retag OSO.\u00a0<\/p>\n\n\n\n<h2 class=\"wp-block-heading\"><strong>Utbildning i evakuering av personer fr\u00e5n slutna utrymmen<\/strong>&nbsp;<\/h2>\n\n\n\n<p>I utbildningen diskuteras de faror som \u00e4r f\u00f6rknippade med slutna utrymmen. \u00c4mnet tekniker f\u00f6r arbete i slutna utrymmen behandlas ocks\u00e5. Varje deltagare f\u00e5r l\u00e4ra sig om den utrustning som kr\u00e4vs f\u00f6r att arbeta p\u00e5 h\u00f6g h\u00f6jd och vid utrymning. Under utbildningen genomf\u00f6r vi ocks\u00e5 \u00f6vningar i utrymning fr\u00e5n slutna utrymmen, som sker enligt scenarier som tagits fram tillsammans med utbildningsarrang\u00f6rerna.&nbsp;<\/p>\n\n\n\n<h2 class=\"wp-block-heading\"><strong>Vem riktar sig utbildningen till?<\/strong>&nbsp;<\/h2>\n\n\n\n<p>Utbildningen \u00e4r utformad f\u00f6r medarbetare som arbetar i tr\u00e5nga och begr\u00e4nsade utrymmen, t.ex. tankar, manh\u00e5l etc. Utbildningen \u00e4r l\u00e4mplig f\u00f6r personer utan n\u00e5gon erfarenhet alls, liksom f\u00f6r dem som beh\u00f6ver ytterligare utbildning eller repetitionsutbildning.&nbsp;<\/p>\n\n\n\n<div class=\"filmw\">\n<div class=\"responsive-youtube\" style=\"text-align: center;\"><iframe loading=\"lazy\" title=\"YouTube-videospelare\" src=\"https:\/\/www.youtube.com\/embed\/QcT4h2Z50M0\" width=\"560\" height=\"315\" frameborder=\"0\" allowfullscreen=\"allowfullscreen\"><\/iframe><\/div>\n<\/div>\n\n\n\n<h2 class=\"wp-block-heading\"><strong>Krav f\u00f6r dem som \u00e4r intresserade av att delta i utbildningen<\/strong>&nbsp;<\/h2>\n\n\n\n<p>Utbildningen \u00e4r ganska fysiskt kr\u00e4vande. Deltagarna \u00f6var p\u00e5 att anv\u00e4nda andningsapparater. Personer med synneds\u00e4ttning kan ocks\u00e5 delta, men ombeds d\u00e5 att anm\u00e4la detta i f\u00f6rv\u00e4g. F\u00f6r att delta i kursen beh\u00f6ver du:&nbsp;<\/p>\n\n\n\n<ul class=\"wp-block-list\">\n<li>CS3-utbildning slutf\u00f6rd,&nbsp;<\/li>\n\n\n\n<li>att bli vuxen,&nbsp;<\/li>\n\n\n\n<li>Minst grundskoleutbildning,&nbsp;<\/li>\n\n\n\n<li>ett intyg om att det inte finns n\u00e5gon medicinsk kontraindikation som g\u00f6r att vi kan arbeta p\u00e5 h\u00f6jder \u00f6ver 3 meter och i ett utrymme som \u00e4r begr\u00e4nsat.&nbsp;<\/li>\n<\/ul>\n\n\n\n<p><strong>Utbildningens omfattning<\/strong>&nbsp;<\/p>\n\n\n\n<figure class=\"wp-block-table\"><table><tbody><tr><td><strong>Under kursen f\u00e5r du bland annat kunskap om:<\/strong><\/td><\/tr><tr><td>\n<ul>\n<li>H\u00e4lso- och s\u00e4kerhetsf\u00f6reskrifter som g\u00e4ller f\u00f6r slutna utrymmen och arbete p\u00e5 h\u00f6g h\u00f6jd<\/li>\n<li>Utrustning som anv\u00e4nds i tr\u00e5nga utrymmen<\/li>\n<li>Hantering av stativ<\/li>\n<li>Grundl\u00e4ggande r\u00e4ddningsteknik<\/li>\n<li>Grundl\u00e4ggande evakueringsteknik<\/li>\n<li>Val av gasdetektorer<\/li>\n<li>Hantering av farliga situationer<\/li>\n<li>R\u00e4ddningsteknik<\/li>\n<\/ul>\n<\/td><\/tr><\/tbody><\/table><\/figure>\n\n\n\n<h2 class=\"wp-block-heading\"><strong>Syftet med utbildningen<\/strong>&nbsp;<\/h2>\n\n\n\n<p>Deltagande i utbildningen inneb\u00e4r i f\u00f6rsta hand inh\u00e4mtande av kunskaper som g\u00f6r att deltagarna kan \u00f6ka sin yrkesskicklighet vid arbete i slutna utrymmen. Detta ger medarbetaren fler anst\u00e4llningsm\u00f6jligheter inom tj\u00e4nster som utf\u00f6rs i slutna utrymmen.&nbsp;&nbsp;<\/p>\n\n\n<div class=\"wp-block-image\">\n<figure class=\"alignleft size-large is-resized\"><a href=\"https:\/\/szkolenia-udt.pl\/wp-content\/uploads\/2022\/09\/1-13.jpeg\"><img loading=\"lazy\" decoding=\"async\" src=\"https:\/\/szkolenia-udt.pl\/wp-content\/uploads\/2022\/09\/1-13-1024x684.jpeg\" alt=\"slutna utrymmen\" class=\"wp-image-3375\" width=\"512\" height=\"342\" srcset=\"https:\/\/szkolenia-udt.pl\/wp-content\/uploads\/2022\/09\/1-13-1024x684.jpeg 1024w, https:\/\/szkolenia-udt.pl\/wp-content\/uploads\/2022\/09\/1-13-300x200.jpeg 300w, https:\/\/szkolenia-udt.pl\/wp-content\/uploads\/2022\/09\/1-13-768x513.jpeg 768w, https:\/\/szkolenia-udt.pl\/wp-content\/uploads\/2022\/09\/1-13-1536x1025.jpeg 1536w, https:\/\/szkolenia-udt.pl\/wp-content\/uploads\/2022\/09\/1-13-18x12.jpeg 18w, https:\/\/szkolenia-udt.pl\/wp-content\/uploads\/2022\/09\/1-13.jpeg 1600w\" sizes=\"auto, (max-width: 512px) 100vw, 512px\" \/><\/a><\/figure>\n<\/div>\n\n\n<p>Utbildning handlar inte bara om kunskap, utan ocks\u00e5 om f\u00e4rdigheter. Kursdeltagarna f\u00e5r l\u00e4ra sig om den utrustning som skyddar mot fall fr\u00e5n h\u00f6jd och de system som anv\u00e4nds vid evakuering. Kurserna best\u00e5r av tv\u00e5 delar - en praktisk och en teoretisk. Stor vikt l\u00e4ggs vid praktiska \u00f6vningar. I den teoretiska delen av utbildningen ing\u00e5r olika utbildningsmetoder som \u00e4r anpassade f\u00f6r undervisning av vuxna. Vi anv\u00e4nder ocks\u00e5 fotografier, filmer och multimediapresentationer under lektionerna. I den praktiska delen ing\u00e5r d\u00e4remot b\u00e5de individuella \u00f6vningar och grupp\u00f6vningar. Vi v\u00e4ljer metoderna individuellt med h\u00e4nsyn till utbildningens effekter och gruppens specifika egenskaper.&nbsp;<\/p>\n\n\n\n<h2 class=\"wp-block-heading\"><strong>Certifikat<\/strong>&nbsp;<\/h2>\n\n\n\n<p>Efter avslutad praktisk och teoretisk del av kursen erh\u00e5ller deltagarna ett certifikat och en bricka. Dessa \u00e4r giltiga under en period av tre \u00e5r.&nbsp;&nbsp;<\/p>\n\n\n\n<h2 class=\"wp-block-heading\"><strong>Vad \u00e4r ett slutet utrymme?<\/strong>&nbsp;<\/h2>\n\n\n\n<p>Ett slutet utrymme \u00e4r ett utrymme med begr\u00e4nsade \u00f6ppningar f\u00f6r in- och utpassering. Ventilationen \u00e4r otillr\u00e4cklig. S\u00e5dana utrymmen \u00e4r inte tillr\u00e4ckligt f\u00f6rberedda f\u00f6r den st\u00e4ndiga n\u00e4rvaron av arbetstagare. Det \u00e4r detta som g\u00f6r det s\u00e4rskilt farligt att arbeta i s\u00e5dana utrymmen. I vissa industrianl\u00e4ggningar finns det flera slutna utrymmen som m\u00e5ste inspekteras regelbundet. Innan du planerar att g\u00e5 in i s\u00e5dana utrymmen \u00e4r det viktigt att se till att den person som g\u00e5r in i dem har f\u00e5tt tillr\u00e4cklig utbildning f\u00f6r att g\u00f6ra det.<\/p>\n\n\n\n<h4 class=\"wp-block-heading\"><strong>Exempel p\u00e5 branscher d\u00e4r slutna utrymmen ofta anv\u00e4nds:<\/strong>&nbsp;<\/h4>\n\n\n\n<ul class=\"dwiekolumny wp-block-list\">\n<li>l\u00e4kemedelsindustrin,&nbsp;<\/li>\n\n\n\n<li>dryckesproduktion,&nbsp;<\/li>\n\n\n\n<li>livsmedelsproduktion,&nbsp;<\/li>\n\n\n\n<li>kemisk produktion,&nbsp;<\/li>\n\n\n\n<li>petrokemisk industri.&nbsp;<\/li>\n<\/ul>\n\n\n\n<p>Slutna utrymmen finns ocks\u00e5 p\u00e5 sjukhus, skolor, k\u00f6pcentrum och till och med p\u00e5 gator i st\u00e4der. N\u00e4r ett utrymme \u00e4r helt eller delvis slutet och n\u00e4r arbete i det utg\u00f6r en risk f\u00f6r m\u00e4nniskors h\u00e4lsa och s\u00e4kerhet, kan vi kalla ett s\u00e5dant utrymme f\u00f6r ett slutet utrymme.\u00a0\u00a0<\/p>\n\n\n\n<h2 class=\"wp-block-heading\">Risker som uppst\u00e5r vid arbete i tr\u00e5nga utrymmen<\/h2>\n\n\n\n<p>Det finns m\u00e5nga risker f\u00f6rknippade med att arbeta i ett tr\u00e5ngt utrymme. Vi kan bland annat inkludera:&nbsp;<\/p>\n\n\n<div class=\"wp-block-image\">\n<figure class=\"alignright size-large is-resized\"><a href=\"https:\/\/szkolenia-udt.pl\/wp-content\/uploads\/2022\/09\/2-2.webp\"><img loading=\"lazy\" decoding=\"async\" src=\"https:\/\/szkolenia-udt.pl\/wp-content\/uploads\/2022\/09\/2-2-1024x768.webp\" alt=\"F\u00f6rsta hj\u00e4lpen-utrustning\" class=\"wp-image-3376\" width=\"512\" height=\"384\" srcset=\"https:\/\/szkolenia-udt.pl\/wp-content\/uploads\/2022\/09\/2-2-1024x768.webp 1024w, https:\/\/szkolenia-udt.pl\/wp-content\/uploads\/2022\/09\/2-2-300x225.webp 300w, https:\/\/szkolenia-udt.pl\/wp-content\/uploads\/2022\/09\/2-2-768x576.webp 768w, https:\/\/szkolenia-udt.pl\/wp-content\/uploads\/2022\/09\/2-2-1536x1152.webp 1536w, https:\/\/szkolenia-udt.pl\/wp-content\/uploads\/2022\/09\/2-2-16x12.webp 16w, https:\/\/szkolenia-udt.pl\/wp-content\/uploads\/2022\/09\/2-2-135x100.webp 135w, https:\/\/szkolenia-udt.pl\/wp-content\/uploads\/2022\/09\/2-2.webp 1600w\" sizes=\"auto, (max-width: 512px) 100vw, 512px\" \/><\/a><\/figure>\n<\/div>\n\n\n<ul class=\"wp-block-list\">\n<li>risk f\u00f6r brand eller explosion,&nbsp;<\/li>\n\n\n\n<li>Medvetsl\u00f6shet, som kan uppst\u00e5 p\u00e5 grund av h\u00f6ga koncentrationer av gaser som metan eller koldioxid,&nbsp;<\/li>\n\n\n\n<li>drunkning, som till exempel kan orsakas av f\u00f6rh\u00f6jda vattenniv\u00e5er,&nbsp;<\/li>\n\n\n\n<li>svimning, som kan uppst\u00e5 p\u00e5 grund av l\u00e5g syrehalt p\u00e5 arbetsplatsen,&nbsp;<\/li>\n\n\n\n<li>kv\u00e4vning, som kan orsakas av of\u00f6rm\u00e5ga att ta sig ut ur ett slutet utrymme.&nbsp;<\/li>\n<\/ul>\n\n\n\n<p>Arbete i omr\u00e5den som tankar, avlopp och andra riskfyllda utrymmen \u00e4r reglerat.&nbsp;&nbsp;<\/p>\n\n\n\n<p><strong>Ta en titt p\u00e5 v\u00e5rt utbud av kurser om evakuering av personer fr\u00e5n slutna utrymmen!<\/strong>\u00a0<\/p>\n\n\n<div class=\"wp-block-image\">\n<figure class=\"aligncenter size-large\"><a href=\"https:\/\/szkolenia-udt.pl\/wp-content\/uploads\/2022\/09\/0096-oso.edu_.pl_.jpg\"><img loading=\"lazy\" decoding=\"async\" width=\"1024\" height=\"853\" src=\"https:\/\/szkolenia-udt.pl\/wp-content\/uploads\/2022\/09\/0096-oso.edu_.pl_-1024x853.jpg\" alt=\"grafisk annonsering av kursen\" class=\"wp-image-3378\" srcset=\"https:\/\/szkolenia-udt.pl\/wp-content\/uploads\/2022\/09\/0096-oso.edu_.pl_-1024x853.jpg 1024w, https:\/\/szkolenia-udt.pl\/wp-content\/uploads\/2022\/09\/0096-oso.edu_.pl_-300x250.jpg 300w, https:\/\/szkolenia-udt.pl\/wp-content\/uploads\/2022\/09\/0096-oso.edu_.pl_-768x640.jpg 768w, https:\/\/szkolenia-udt.pl\/wp-content\/uploads\/2022\/09\/0096-oso.edu_.pl_-14x12.jpg 14w, https:\/\/szkolenia-udt.pl\/wp-content\/uploads\/2022\/09\/0096-oso.edu_.pl_.jpg 1200w\" sizes=\"auto, (max-width: 1024px) 100vw, 1024px\" \/><\/a><\/figure>\n<\/div>","protected":false},"excerpt":{"rendered":"<p>Dlaczego szkolenie w tym zakresie jest tak wa\u017cne? Pracuj\u0105c w przestrzeniach zamkni\u0119tych oraz niebezpiecznych jeste\u015bmy nara\u017ceni na powa\u017cne zagro\u017cenia dla \u017cycia oraz zdrowia. Do przestrzeni zamkni\u0119tych mo\u017cemy zaliczy\u0107 m.in. studnie, studzienki kanalizacyjne czy szamba. Praca w takich miejscach wi\u0105\u017ce si\u0119 z ogromnym ryzykiem wyst\u0105pienia nieszcz\u0119\u015bliwych wypadk\u00f3w. Jednymi z nich s\u0105 zatrucia czy nawet uduszenia, w [&hellip;]<\/p>\n","protected":false},"author":10,"featured_media":3377,"parent":1874,"menu_order":0,"comment_status":"closed","ping_status":"closed","template":"","meta":{"footnotes":""},"class_list":["post-3374","page","type-page","status-publish","has-post-thumbnail","hentry"],"aioseo_notices":[],"_links":{"self":[{"href":"https:\/\/szkolenia-udt.pl\/sv\/wp-json\/wp\/v2\/pages\/3374","targetHints":{"allow":["GET"]}}],"collection":[{"href":"https:\/\/szkolenia-udt.pl\/sv\/wp-json\/wp\/v2\/pages"}],"about":[{"href":"https:\/\/szkolenia-udt.pl\/sv\/wp-json\/wp\/v2\/types\/page"}],"author":[{"embeddable":true,"href":"https:\/\/szkolenia-udt.pl\/sv\/wp-json\/wp\/v2\/users\/10"}],"replies":[{"embeddable":true,"href":"https:\/\/szkolenia-udt.pl\/sv\/wp-json\/wp\/v2\/comments?post=3374"}],"version-history":[{"count":5,"href":"https:\/\/szkolenia-udt.pl\/sv\/wp-json\/wp\/v2\/pages\/3374\/revisions"}],"predecessor-version":[{"id":4650,"href":"https:\/\/szkolenia-udt.pl\/sv\/wp-json\/wp\/v2\/pages\/3374\/revisions\/4650"}],"up":[{"embeddable":true,"href":"https:\/\/szkolenia-udt.pl\/sv\/wp-json\/wp\/v2\/pages\/1874"}],"wp:featuredmedia":[{"embeddable":true,"href":"https:\/\/szkolenia-udt.pl\/sv\/wp-json\/wp\/v2\/media\/3377"}],"wp:attachment":[{"href":"https:\/\/szkolenia-udt.pl\/sv\/wp-json\/wp\/v2\/media?parent=3374"}],"curies":[{"name":"wp","href":"https:\/\/api.w.org\/{rel}","templated":true}]}}