{"id":3474,"date":"2023-02-03T01:13:07","date_gmt":"2023-02-03T00:13:07","guid":{"rendered":"https:\/\/szkolenia-udt.pl\/?page_id=3474"},"modified":"2023-02-03T01:16:50","modified_gmt":"2023-02-03T00:16:50","slug":"mobila-kranar","status":"publish","type":"page","link":"https:\/\/szkolenia-udt.pl\/sv\/kursy\/uprawnienia-udt-tdt-wdt\/zurawie-przenosne\/","title":{"rendered":"MOBILKRANAR - UDT-KURS F\u00d6R OPERAT\u00d6RER"},"content":{"rendered":"\n<p>\u017burawie przeno\u015bne czy te\u017c przewo\u017ane to rodzaj urz\u0105dze\u0144 d\u017awigowych, kt\u00f3rych najwi\u0119ksz\u0105 zalet\u0105 jest mobilno\u015b\u0107. Sprz\u0119t ten spotyka si\u0119 w wielu r\u00f3\u017cnorodnych bran\u017cach. Kursami z ich obs\u0142ugi zajmujemy si\u0119 od lat. Posiadamy bogat\u0105 ofert\u0119 zaj\u0119ciow\u0105. Z nami zdob\u0119dziesz uprawnienia UDT.&nbsp;<\/p>\n\n\n<div class=\"wp-block-image\">\n<figure class=\"alignleft size-large is-resized\"><a href=\"https:\/\/szkolenia-udt.pl\/wp-content\/uploads\/2023\/02\/screen_2x-1-1.webp\"><img loading=\"lazy\" decoding=\"async\" src=\"https:\/\/szkolenia-udt.pl\/wp-content\/uploads\/2023\/02\/screen_2x-1-1-1024x683.webp\" alt=\"\" class=\"wp-image-3477\" width=\"512\" height=\"342\" srcset=\"https:\/\/szkolenia-udt.pl\/wp-content\/uploads\/2023\/02\/screen_2x-1-1-1024x683.webp 1024w, https:\/\/szkolenia-udt.pl\/wp-content\/uploads\/2023\/02\/screen_2x-1-1-300x200.webp 300w, https:\/\/szkolenia-udt.pl\/wp-content\/uploads\/2023\/02\/screen_2x-1-1-768x512.webp 768w, https:\/\/szkolenia-udt.pl\/wp-content\/uploads\/2023\/02\/screen_2x-1-1-1536x1024.webp 1536w, https:\/\/szkolenia-udt.pl\/wp-content\/uploads\/2023\/02\/screen_2x-1-1-18x12.webp 18w, https:\/\/szkolenia-udt.pl\/wp-content\/uploads\/2023\/02\/screen_2x-1-1.webp 1600w\" sizes=\"auto, (max-width: 512px) 100vw, 512px\" \/><\/a><\/figure>\n<\/div>\n\n\n<h2 class=\"wp-block-heading\"><strong>D\u017awig przeno\u015bny definicja<\/strong>&nbsp;<\/h2>\n\n\n\n<p>D\u017awig przeno\u015bny to urz\u0105dzenie manipulacyjne zamontowane na podwoziu pojazdu. Wyposa\u017cony jest w haki lub inne elementy chwytaj\u0105ce i wykorzystuje si\u0119 go do przemieszczania \u0142adunk\u00f3w. Cz\u0119\u015b\u0107 nazwy \u201eprzeno\u015bna\u201d wynika z faktu, \u017ce maszyny te mo\u017cna \u0142atwo przenie\u015b\u0107 z jednego podwozia na drugie. Innymi s\u0142owy, d\u017awigi te nazywane s\u0105 hydraulicznymi d\u017awigami samochodowymi lub ci\u0119\u017ckimi d\u017awigami prze\u0142adunkowymi.&nbsp;<\/p>\n\n\n\n<h2 class=\"wp-block-heading\"><strong>Konstrukcja i podzia\u0142 \u017curawi przeno\u015bnych<\/strong>&nbsp;<\/h2>\n\n\n\n<p>\u017burawie przeno\u015bne posiadaj\u0105 pomp\u0119 hydrauliczn\u0105 pobieraj\u0105c\u0105 moc z podwozia za pomoc\u0105 specjalnego elektrycznego wa\u0142u odbioru mocy. Tego typu sprz\u0119t wyposa\u017cony jest w obrotow\u0105 podstaw\u0119 \u017curawia kolumnowego. Ta kolumna jest po\u0142\u0105czona z ramieniem sk\u0142adaj\u0105cym si\u0119 z jednego lub dw\u00f3ch wysi\u0119gnik\u00f3w. W niekt\u00f3rych wypadkach z takiego wysi\u0119gnika mo\u017cna wysun\u0105\u0107 dodatkowe cz\u0119\u015bci, kt\u00f3re zwi\u0119kszaj\u0105 maksymalny zasi\u0119g \u017curawia. Hak lub inne urz\u0105dzenie chwytaj\u0105ce s\u0105 zamontowane na ko\u0144c\u00f3wce cz\u0119\u015bci chwytaj\u0105cej. Rozdzielacz hydrauliczny odpowiada za ruchy pionowe i poziome. \u017burawie przeno\u015bne dzielimy na:&nbsp;&nbsp;<\/p>\n\n\n\n<ul class=\"wp-block-list\">\n<li>\u017curawie og\u00f3lne,&nbsp;&nbsp;<\/li>\n\n\n\n<li>\u017curawie le\u015bne,&nbsp;&nbsp;<\/li>\n\n\n\n<li>ma\u0142e, \u015brednie i du\u017ce (sklasyfikowane wed\u0142ug ud\u017awigu),&nbsp;<\/li>\n\n\n\n<li>\u017curawie za\u0142adunkowo-roz\u0142adunkowe,&nbsp;&nbsp;<\/li>\n\n\n\n<li>\u017curawie przemys\u0142owe.&nbsp;<\/li>\n<\/ul>\n\n\n\n<p>Urz\u0105dzenia te r\u00f3\u017cni\u0105 si\u0119 pod wzgl\u0119dem konstrukcyjnym oraz mo\u017cliwo\u015bciami eksploatacyjnymi.&nbsp;<\/p>\n\n\n\n<h2 class=\"wp-block-heading\"><strong>Wykorzystanie \u017curawi przeno\u015bnych<\/strong>&nbsp;<\/h2>\n\n\n\n<p>D\u017awigi przeno\u015bne zw\u0142aszcza w bran\u017cy budowlanej idealnie nadaj\u0105 si\u0119 do transportu towar\u00f3w i roz\u0142adunku materia\u0142\u00f3w na palety oraz przenoszenia ich na wy\u017csze kondygnacje czy wreszcie sk\u0142adowania towar\u00f3w. D\u017awig samojezdny s\u0142u\u017cy wi\u0119c do transportu i podnoszenia ci\u0119\u017ckich i du\u017cych \u0142adunk\u00f3w. Wykorzystuje si\u0119 je r\u00f3wnie\u017c do wznoszenia wi\u0119kszych \u017curawi wie\u017cowych.&nbsp;<\/p>\n\n\n\n<h2 class=\"wp-block-heading\"><strong>\u017burawie przeno\u015bne i ich poprawne u\u017cytkowanie<\/strong>&nbsp;<\/h2>\n\n\n\n<p>\u017burawie przeno\u015bne s\u0105 poddawane tzw. dozorowi technicznemu. Aby mo\u017cna by\u0142o z nich korzysta\u0107, ka\u017cde urz\u0105dzenie musi mie\u0107 odpowiedni\u0105 licencj\u0119. Dokument ten wydaje Urz\u0105d Dozoru Technicznego. Zgodnie z polskim prawem operatorzy musz\u0105 posiada\u0107 zezwolenia potwierdzaj\u0105ce ich uprawnienia. Aby je zdoby\u0107, trzeba zda\u0107 egzamin praktyczny i teoretyczny.&nbsp;&nbsp;<\/p>\n\n\n\n<p>Maksymalny ud\u017awig to 3,2 tony. D\u017awigi przeno\u015bne podlegaj\u0105 ograniczonemu nadzorowi z okresow\u0105 kontrol\u0105 co 2 lata. Inne urz\u0105dzenia nale\u017cy testowa\u0107 co rok. Z kolei przegl\u0105dy konserwacyjne \u017curawi samojezdnych nale\u017cy wykonywa\u0107 co najmniej raz na 60 dni \u2013 chyba, \u017ce producent okre\u015bli inny termin. Ka\u017cdy \u017curaw samojezdny musi te\u017c posiada\u0107 dziennik konserwacji z w\u0142a\u015bciwymi wpisami z kontroli technicznych.&nbsp;&nbsp;<\/p>\n\n\n\n<p>Warto r\u00f3wnie\u017c wspomnie\u0107, \u017ce ka\u017cdy operator \u017curawia musi przestrzega\u0107 instrukcji producenta. Tylko w takim przypadku mo\u017cliwe jest bezpieczne u\u017cytkowanie urz\u0105dzenia. Ka\u017cda maszyna jest inna, wi\u0119c znajomo\u015b\u0107 podstaw jest niezb\u0119dna, aby unikn\u0105\u0107 wypadk\u00f3w i uszkodze\u0144 sprz\u0119tu.&nbsp;&nbsp;<\/p>\n\n\n\n<h2 class=\"wp-block-heading\"><strong>Wymagania do kursu&nbsp;<\/strong>&nbsp;<\/h2>\n\n\n\n<p>Wymagania dla przysz\u0142ych uczestnik\u00f3w kursu to:&nbsp;&nbsp;<\/p>\n\n\n\n<ul class=\"wp-block-list\">\n<li>pe\u0142noletno\u015b\u0107,&nbsp;&nbsp;<\/li>\n\n\n\n<li>co najmniej wykszta\u0142cenie podstawowe,&nbsp;&nbsp;<\/li>\n\n\n\n<li>orzeczenie lekarskie uprawniaj\u0105ce do pracy w zawodzie.&nbsp;&nbsp;<\/li>\n<\/ul>\n\n\n\n<h2 class=\"wp-block-heading\"><strong>Program szkolenia&nbsp;<\/strong>&nbsp;<\/h2>\n\n\n\n<p>W szkoleniu z obs\u0142ugi \u017curawi przeno\u015bnych uczestnicy musz\u0105 by\u0107 przygotowani do przysz\u0142ej pracy zar\u00f3wno pod wzgl\u0119dem teoretycznym, jak i praktycznym. Obejmuje to np.:&nbsp;&nbsp;<\/p>\n\n\n\n<ul class=\"wp-block-list\">\n<li>zapoznanie si\u0119 z formalno\u015bciami organ\u00f3w kontrolnych,&nbsp;&nbsp;<\/li>\n\n\n\n<li>zapoznanie si\u0119 z rodzajami i specyfikacjami \u017curawi,&nbsp;<\/li>\n\n\n\n<li>poznanie sposob\u00f3w zapewnienia bezpiecze\u0144stwa pracy,&nbsp;&nbsp;<\/li>\n\n\n\n<li>nauk\u0119 o podsystemach wykorzystywanych przez r\u00f3\u017cne rodzaje \u017curawi,&nbsp;&nbsp;<\/li>\n\n\n\n<li>przygotowanie si\u0119 przed i po pracy,&nbsp;&nbsp;<\/li>\n\n\n\n<li>umiej\u0119tno\u015bci pracy w r\u00f3\u017cnych warunkach.&nbsp;&nbsp;<\/li>\n<\/ul>\n\n\n\n<p>Zaj\u0119cia praktyczne odbywaj\u0105 si\u0119 w salach przeznaczonych do tego celu. Zawsze wykonujemy \u0107wiczenia na najnowocze\u015bniejszym sprz\u0119cie.&nbsp;&nbsp;<\/p>\n\n\n\n<h2 class=\"wp-block-heading\"><strong>Egzamin licencyjny&nbsp;<\/strong>&nbsp;<\/h2>\n\n\n\n<p>Szkolenie uwa\u017ca si\u0119 za zako\u0144czone dopiero po zdaniu egzaminu pa\u0144stwowego przed komisj\u0105 UDT. Egzamin obejmuje teori\u0119 i informacje praktyczne. Uko\u0144czenie obu z nich kwalifikuje do nabycia uprawnie\u0144 niezb\u0119dnych do pracy w zawodzie. Wszystkie nasze dzia\u0142ania s\u0105 zgodne z programem opracowanym zgodnie z aktualnymi wymaganiami kwalifikacyjnymi Urz\u0119du Dozoru Technicznego.&nbsp;&nbsp;<\/p>\n\n\n\n<h2 class=\"wp-block-heading\"><strong>Lokalizacja&nbsp;<\/strong>&nbsp;<\/h2>\n\n\n\n<p>Szkolenia odbywaj\u0105 si\u0119 na miejscu w naszej siedzibie w Warszawie lub w lokalnych plac\u00f3wkach w wi\u0119kszo\u015bci du\u017cych polskich miast. W niekt\u00f3rych przypadkach realizujemy r\u00f3wnie\u017c kursy z dojazdem do klienta. Kurs mo\u017ce by\u0107 zar\u00f3wno zamkni\u0119ty, jak i otwarty. <a href=\"https:\/\/szkolenia-udt.pl\/sv\/oferta\/\">Cena<\/a> i terminy zale\u017c\u0105 od zainteresowania.&nbsp;<\/p>\n\n\n\n<h2 class=\"wp-block-heading\">Pytania i odpowiedzi<\/h2>\n\n\n\t\t<details\t\thelp class=\"sc_fs_faq sc_card    \"\n\t\topen\t\t>\n\t\t\t\t\t<summary>\n\t\t\t\t<h3>CZEMU WARTO ZOSTA\u0106 OPERATOREM \u017bURAWI PRZENO\u015aNYCH?\u00a0<\/h3>\t\t\t\t\t<\/summary>\n\t\t\t\t<div>\n\t\t\t\t\t\t<div class=\"sc_fs_faq__content\">\n\t\t\t\t\n\n<p>\u017burawie przeno\u015bne doskonale sprawdzaj\u0105 si\u0119, gdy potrzebny jest mobilny sprz\u0119t z zakresu transportu bliskiego. Mog\u0105 przewozi\u0107 du\u017ce materia\u0142y oraz radzi\u0107 sobie z pracami za\u0142adowczymi. Osoby z uprawnieniami operatora powinny bez problemu poradzi\u0107 sobie ze znalezieniem pracy.\u00a0\u00a0<\/p>\n\n\t\t\t<\/div>\n\t\t<\/div>\n\t\t<\/details>\n\t\t\t\t<details\t\thelp class=\"sc_fs_faq sc_card    \"\n\t\t\t\t>\n\t\t\t\t\t<summary>\n\t\t\t\t<h3>JAKIE PRZEPISY MAJ\u0104 ZASTOSOWANIE DO \u017bURAWIA PRZENO\u015aNEGO?\u00a0<\/h3>\t\t\t\t\t<\/summary>\n\t\t\t\t<div>\n\t\t\t\t\t\t<div class=\"sc_fs_faq__content\">\n\t\t\t\t\n\n<p>D\u017awigi samochodowe nale\u017c\u0105 do grupy urz\u0105dze\u0144 pozostaj\u0105cych pod regulacj\u0105 Urz\u0119du Dozoru Technicznego. Oznacza to, \u017ce musz\u0105 by\u0107 zarejestrowane i regularnie przegl\u0105dane. Korzystanie z nich wymaga odpowiedniej autoryzacji, dlatego szkolenie musi zako\u0144czy\u0107 si\u0119 egzaminem.\u00a0<\/p>\n\n\t\t\t<\/div>\n\t\t<\/div>\n\t\t<\/details>\n\t\t\t\t<details\t\thelp class=\"sc_fs_faq sc_card    \"\n\t\t\t\t>\n\t\t\t\t\t<summary>\n\t\t\t\t<h3>JAKIE JESZCZE MO\u017bNA WYR\u00d3\u017bNI\u0106 RODZAJE \u017bURAWI?\u00a0<\/h3>\t\t\t\t\t<\/summary>\n\t\t\t\t<div>\n\t\t\t\t\t\t<div class=\"sc_fs_faq__content\">\n\t\t\t\t\n\n<p>Opr\u00f3cz \u017curawi przeno\u015bnych dost\u0119pne s\u0105 r\u00f3wnie\u017c <a href=\"https:\/\/szkolenia-udt.pl\/sv\/kursy\/uprawnienia-udt-tdt-wdt\/operator-konserwator-zurawia-samojezdnego\/\">\u017curawie samojezdne<\/a>, stacjonarne, p\u0142ywaj\u0105ce, szynowe, torowe, pok\u0142adowe i wie\u017cowe.\u00a0<\/p>\n\n\t\t\t<\/div>\n\t\t<\/div>\n\t\t<\/details>\n\t\t\n<script type=\"application\/ld+json\">\n\t{\n\t\t\"@context\": \"https:\/\/schema.org\",\n\t\t\"@type\": \"FAQPage\",\n\t\t\"mainEntity\": [\n\t\t\t\t\t{\n\t\t\t\t\"@type\": \"Question\",\n\t\t\t\t\"name\": \"CZEMU WARTO ZOSTA\u0106 OPERATOREM \u017bURAWI PRZENO\u015aNYCH?\u00a0\",\n\t\t\t\t\"acceptedAnswer\": {\n\t\t\t\t\t\"@type\": \"Answer\",\n\t\t\t\t\t\"text\": \"<p>\u017burawie przeno\u015bne doskonale sprawdzaj\u0105 si\u0119, gdy potrzebny jest mobilny sprz\u0119t z zakresu transportu bliskiego. Mog\u0105 przewozi\u0107 du\u017ce materia\u0142y oraz radzi\u0107 sobie z pracami za\u0142adowczymi. Osoby z uprawnieniami operatora powinny bez problemu poradzi\u0107 sobie ze znalezieniem pracy.\u00a0\u00a0<\/p>\"\n\t\t\t\t\t\t\t\t\t}\n\t\t\t}\n\t\t\t,\t\t\t\t{\n\t\t\t\t\"@type\": \"Question\",\n\t\t\t\t\"name\": \"JAKIE PRZEPISY MAJ\u0104 ZASTOSOWANIE DO \u017bURAWIA PRZENO\u015aNEGO?\u00a0\",\n\t\t\t\t\"acceptedAnswer\": {\n\t\t\t\t\t\"@type\": \"Answer\",\n\t\t\t\t\t\"text\": \"<p>D\u017awigi samochodowe nale\u017c\u0105 do grupy urz\u0105dze\u0144 pozostaj\u0105cych pod regulacj\u0105 Urz\u0119du Dozoru Technicznego. Oznacza to, \u017ce musz\u0105 by\u0107 zarejestrowane i regularnie przegl\u0105dane. Korzystanie z nich wymaga odpowiedniej autoryzacji, dlatego szkolenie musi zako\u0144czy\u0107 si\u0119 egzaminem.\u00a0<\/p>\"\n\t\t\t\t\t\t\t\t\t}\n\t\t\t}\n\t\t\t,\t\t\t\t{\n\t\t\t\t\"@type\": \"Question\",\n\t\t\t\t\"name\": \"JAKIE JESZCZE MO\u017bNA WYR\u00d3\u017bNI\u0106 RODZAJE \u017bURAWI?\u00a0\",\n\t\t\t\t\"acceptedAnswer\": {\n\t\t\t\t\t\"@type\": \"Answer\",\n\t\t\t\t\t\"text\": \"<p>Opr\u00f3cz \u017curawi przeno\u015bnych dost\u0119pne s\u0105 r\u00f3wnie\u017c \u017curawie samojezdne, stacjonarne, p\u0142ywaj\u0105ce, szynowe, torowe, pok\u0142adowe i wie\u017cowe.\u00a0<\/p>\"\n\t\t\t\t\t\t\t\t\t}\n\t\t\t}\n\t\t\t\t\t\t]\n\t}\n<\/script>\n","protected":false},"excerpt":{"rendered":"<p>\u017burawie przeno\u015bne czy te\u017c przewo\u017ane to rodzaj urz\u0105dze\u0144 d\u017awigowych, kt\u00f3rych najwi\u0119ksz\u0105 zalet\u0105 jest mobilno\u015b\u0107. Sprz\u0119t ten spotyka si\u0119 w wielu r\u00f3\u017cnorodnych bran\u017cach. Kursami z ich obs\u0142ugi zajmujemy si\u0119 od lat. Posiadamy bogat\u0105 ofert\u0119 zaj\u0119ciow\u0105. Z nami zdob\u0119dziesz uprawnienia UDT.&nbsp; D\u017awig przeno\u015bny definicja&nbsp; D\u017awig przeno\u015bny to urz\u0105dzenie manipulacyjne zamontowane na podwoziu pojazdu. Wyposa\u017cony jest w haki [&hellip;]<\/p>\n","protected":false},"author":3,"featured_media":3476,"parent":2266,"menu_order":0,"comment_status":"closed","ping_status":"closed","template":"","meta":{"footnotes":""},"class_list":["post-3474","page","type-page","status-publish","has-post-thumbnail","hentry"],"aioseo_notices":[],"_links":{"self":[{"href":"https:\/\/szkolenia-udt.pl\/sv\/wp-json\/wp\/v2\/pages\/3474","targetHints":{"allow":["GET"]}}],"collection":[{"href":"https:\/\/szkolenia-udt.pl\/sv\/wp-json\/wp\/v2\/pages"}],"about":[{"href":"https:\/\/szkolenia-udt.pl\/sv\/wp-json\/wp\/v2\/types\/page"}],"author":[{"embeddable":true,"href":"https:\/\/szkolenia-udt.pl\/sv\/wp-json\/wp\/v2\/users\/3"}],"replies":[{"embeddable":true,"href":"https:\/\/szkolenia-udt.pl\/sv\/wp-json\/wp\/v2\/comments?post=3474"}],"version-history":[{"count":2,"href":"https:\/\/szkolenia-udt.pl\/sv\/wp-json\/wp\/v2\/pages\/3474\/revisions"}],"predecessor-version":[{"id":3480,"href":"https:\/\/szkolenia-udt.pl\/sv\/wp-json\/wp\/v2\/pages\/3474\/revisions\/3480"}],"up":[{"embeddable":true,"href":"https:\/\/szkolenia-udt.pl\/sv\/wp-json\/wp\/v2\/pages\/2266"}],"wp:featuredmedia":[{"embeddable":true,"href":"https:\/\/szkolenia-udt.pl\/sv\/wp-json\/wp\/v2\/media\/3476"}],"wp:attachment":[{"href":"https:\/\/szkolenia-udt.pl\/sv\/wp-json\/wp\/v2\/media?parent=3474"}],"curies":[{"name":"wp","href":"https:\/\/api.w.org\/{rel}","templated":true}]}}