{"id":35,"date":"2014-10-07T16:19:41","date_gmt":"2014-10-07T16:19:41","guid":{"rendered":"http:\/\/szkolenia-udt.pl\/?page_id=35"},"modified":"2022-09-01T22:14:41","modified_gmt":"2022-09-01T20:14:41","slug":"mobila-plattformar","status":"publish","type":"page","link":"https:\/\/szkolenia-udt.pl\/sv\/kursy\/podesty-ruchome\/","title":{"rendered":"Mobila plattformar"},"content":{"rendered":"<h2>Kurser f\u00f6r mobila plattformar - Warszawa och hela Polen<\/h2>\n<div class=\"sliderpage\"><div id=\"metaslider-id-408\" style=\"max-width: 300px;\" class=\"ml-slider-3-107-0 metaslider metaslider-flex metaslider-408 ml-slider ms-theme-default nav-hidden\" role=\"region\" aria-label=\"Mobila plattformar1\" data-height=\"225\" data-width=\"300\">\n    <div id=\"metaslider_container_408\">\n        <div id=\"metaslider_408\">\n            <ul class='slides'>\n                <li style=\"display: block; width: 100%;\" class=\"slide-540 ms-image\" aria-roledescription=\"slide\" data-date=\"2014-10-11 16:42:06\" data-filename=\"170AETJL_BI_NRJ_045.jpg\" data-slide-type=\"image\"><img loading=\"lazy\" decoding=\"async\" src=\"https:\/\/szkolenia-udt.pl\/wp-content\/uploads\/2014\/10\/170AETJL_BI_NRJ_045.jpg\" height=\"225\" width=\"300\" alt=\"Kurser och utbildning \" class=\"slider-408 slide-540 msDefaultImage\" \/><\/li>\n                <li style=\"display: none; width: 100%;\" class=\"slide-537 ms-image\" aria-roledescription=\"slide\" data-date=\"2014-10-11 16:38:05\" data-filename=\"3219.jpg\" data-slide-type=\"image\"><img loading=\"lazy\" decoding=\"async\" src=\"https:\/\/szkolenia-udt.pl\/wp-content\/uploads\/2014\/10\/3219.jpg\" height=\"225\" width=\"300\" alt=\"Kurs f\u00f6r mobil plattform\" class=\"slider-408 slide-537 msDefaultImage\" \/><\/li>\n                <li style=\"display: none; width: 100%;\" class=\"slide-1172 ms-image\" aria-roledescription=\"slide\" data-date=\"2014-11-17 19:01:41\" data-filename=\"78XE_003a.jpg\" data-slide-type=\"image\"><img loading=\"lazy\" decoding=\"async\" src=\"https:\/\/szkolenia-udt.pl\/wp-content\/uploads\/2014\/11\/78XE_003a.jpg\" height=\"225\" width=\"300\" alt=\"utbildning warszawa\" class=\"slider-408 slide-1172 msDefaultImage\" \/><\/li>\n                <li style=\"display: none; width: 100%;\" class=\"slide-1173 ms-image\" aria-roledescription=\"slide\" data-date=\"2014-11-17 19:01:41\" data-filename=\"80VJR_Evo_002a.jpg\" data-slide-type=\"image\"><img loading=\"lazy\" decoding=\"async\" src=\"https:\/\/szkolenia-udt.pl\/wp-content\/uploads\/2014\/11\/80VJR_Evo_002a.jpg\" height=\"225\" width=\"300\" alt=\"\" class=\"slider-408 slide-1173 msDefaultImage\" \/><\/li>\n                <li style=\"display: none; width: 100%;\" class=\"slide-1187 ms-image\" aria-roledescription=\"slide\" data-date=\"2014-11-17 19:45:05\" data-filename=\"60V_005a.jpg\" data-slide-type=\"image\"><img loading=\"lazy\" decoding=\"async\" src=\"https:\/\/szkolenia-udt.pl\/wp-content\/uploads\/2014\/11\/60V_005a.jpg\" height=\"225\" width=\"300\" alt=\"hissar\" class=\"slider-408 slide-1187 msDefaultImage\" \/><\/li>\n            <\/ul>\n        <\/div>\n        \n    <\/div>\n<\/div><\/div>\n<div class=\"wyjustuj\">\n<p>Vi inbjuder dig att <a href=\"https:\/\/szkolenia-udt.pl\/sv\/kursy\/uprawnienia-udt-tdt-wdt\/podesty-ruchome\/\">kurs f\u00f6r mobila plattformar<\/a> till utbildningscentret f\u00f6r operat\u00f6rer! V\u00e5rt center kommer att l\u00e4ra dig hur man anv\u00e4nder en mobil plattform p\u00e5 r\u00e4tt s\u00e4tt och tack vare oss kommer du att f\u00e5 de n\u00f6dv\u00e4ndiga licenserna fr\u00e5n Office of Technical Inspection f\u00f6r befattningen som operat\u00f6r. Nuf\u00f6rtiden anv\u00e4nds arbetsplattformar och saxliftar ofta f\u00f6r arbete p\u00e5 h\u00f6g h\u00f6jd, inklusive konstruktion, montering, efterbehandling eller dekorationsarbete. Bommar, eller liftar, monteras oftast p\u00e5 bilsl\u00e4pvagnar och anv\u00e4nds f\u00f6r utomhusarbete. Saxmodeller anv\u00e4nds fr\u00e4mst p\u00e5 arbetsplatser. Alla dessa typer av utrustning \u00e4r f\u00f6rem\u00e5l f\u00f6r teknisk \u00f6vervakning.<\/p>\n<h2 class=\"boldnagl\">Vi l\u00e4r ut hur man anv\u00e4nder utrustning i f\u00f6ljande UDT-kategorier:<\/h2>\n<ul>\n<li>saxliftar, mobila korgliftar, mobila plattformar monterade i fordon.<\/li>\n<li>h\u00e4ngande, fasta och mastade plattformar<\/li>\n<\/ul>\n<p>Vi \u00e4r engagerade i att se till att deltagarna i v\u00e5ra kurser inte bara f\u00e5r den kunskap de beh\u00f6ver f\u00f6r att bli certifierade i den utrustningskategori de v\u00e4ljer, utan ocks\u00e5 att den \u00e4r till hj\u00e4lp i deras dagliga arbete som operat\u00f6r. D\u00e4rf\u00f6r \u00e4r v\u00e5ra program skrivna s\u00e5 att de inneh\u00e5ller anv\u00e4ndbar information samt \u00f6vningar f\u00f6r att visa hur man till\u00e4mpar den i praktiken. V\u00e5ra instrukt\u00f6rer ser till att undervisningsniv\u00e5n \u00e4r av h\u00f6gsta klass - vi anst\u00e4ller personer med m\u00e5nga \u00e5rs erfarenhet.<\/p>\n<h2 class=\"boldnagl\">Varje kurs f\u00f6r mobila plattformar inneh\u00e5ller f\u00f6ljande information:<\/h2>\n<ul>\n<li>den mobila plattformen - dess typer och konstruktion<\/li>\n<li>Operat\u00f6rens arbetsuppgifter p\u00e5 arbetsplatsen - f\u00f6re, under och efter arbetet.<\/li>\n<li>Information om den tekniska \u00f6vervakningen av utrustningen.<\/li>\n<li>regler f\u00f6r h\u00e4lsa och s\u00e4kerhet<\/li>\n<li>praktiska \u00f6vningar<\/li>\n<\/ul>\n<p>Efter avslutad kurs avl\u00e4gger deltagarna ett prov inf\u00f6r en n\u00e4mnd vid kontoret f\u00f6r teknisk kontroll. Om man klarar provet med godk\u00e4nt resultat f\u00e5r man r\u00e4tt till UDT-beh\u00f6righet. De \u00e4r giltiga i Polen och internationellt. Det \u00e4r m\u00f6jligt att utf\u00e4rda dokument p\u00e5 andra spr\u00e5k.<\/p>\n<div class=\"filmw\">\n<div class=\"responsive-youtube\"><iframe loading=\"lazy\" title=\"YouTube-videospelare\" src=\"https:\/\/www.youtube.com\/embed\/OUKdY5V51M4\" width=\"560\" height=\"315\" frameborder=\"0\" allowfullscreen=\"allowfullscreen\"><\/iframe><\/div>\n<\/div>\n<h2 class=\"boldnagl\">Krav<\/h2>\n<p>F\u00f6ljande krav m\u00e5ste uppfyllas f\u00f6r att du ska kunna delta i kursen om mobila plattformar:<\/p>\n<ul>\n<li>vara minst 18 \u00e5r gammal<\/li>\n<li>Minst grundskoleutbildning.<\/li>\n<li>inga kontraindikationer f\u00f6r att arbeta i denna position<\/li>\n<\/ul>\n<h2 class=\"boldnagl\">Pris<\/h2>\n<p>Du betalar mindre f\u00f6r en kurs i lyfts\u00e4kerhet p\u00e5 v\u00e5rt center \u00e4n p\u00e5 andra centra. Vi ser alltid till att priset \u00e4r \u00f6verkomligt hos oss, och vi ger f\u00f6rm\u00e5nliga rabatter f\u00f6r st\u00f6rre grupper. Vi till\u00e5ter ocks\u00e5 f\u00f6rhandlingar. F\u00f6r att kontrollera avgifterna kan du anv\u00e4nda <a href=\"https:\/\/szkolenia-udt.pl\/sv\/oferta\/\">prislista<\/a> eller . <a href=\"https:\/\/szkolenia-udt.pl\/sv\/kontakt\/\">kontakta oss<\/a> via f\u00f6rfr\u00e5gningsformul\u00e4ret.<\/p>\n<h2 class=\"boldnagl\">Var \u00e4r vi verksamma?<\/h2>\n<div class=\"sliderpageright\"><div id=\"metaslider-id-419\" style=\"max-width: 300px;\" class=\"ml-slider-3-107-0 metaslider metaslider-flex metaslider-419 ml-slider ms-theme-default nav-hidden nav-hidden\" role=\"region\" aria-label=\"Mobila plattformar2\" data-height=\"225\" data-width=\"300\">\n    <div id=\"metaslider_container_419\">\n        <div id=\"metaslider_419\">\n            <ul class='slides'>\n                <li style=\"display: block; width: 100%;\" class=\"slide-1191 ms-image\" aria-roledescription=\"slide\" data-date=\"2014-11-17 19:52:58\" data-filename=\"podesty4a.jpg\" data-slide-type=\"image\"><img loading=\"lazy\" decoding=\"async\" src=\"https:\/\/szkolenia-udt.pl\/wp-content\/uploads\/2014\/11\/podesty4a.jpg\" height=\"225\" width=\"300\" alt=\"mobila plattformar\" class=\"slider-419 slide-1191 msDefaultImage\" \/><\/li>\n                <li style=\"display: none; width: 100%;\" class=\"slide-1192 ms-image\" aria-roledescription=\"slide\" data-date=\"2014-11-17 19:52:59\" data-filename=\"podesty5a.jpg\" data-slide-type=\"image\"><img loading=\"lazy\" decoding=\"async\" src=\"https:\/\/szkolenia-udt.pl\/wp-content\/uploads\/2014\/11\/podesty5a.jpg\" height=\"225\" width=\"300\" alt=\"udt-utbildning\" class=\"slider-419 slide-1192 msDefaultImage\" \/><\/li>\n                <li style=\"display: none; width: 100%;\" class=\"slide-1189 ms-image\" aria-roledescription=\"slide\" data-date=\"2014-11-17 19:52:57\" data-filename=\"podesty2a.jpg\" data-slide-type=\"image\"><img loading=\"lazy\" decoding=\"async\" src=\"https:\/\/szkolenia-udt.pl\/wp-content\/uploads\/2014\/11\/podesty2a.jpg\" height=\"225\" width=\"300\" alt=\"korglyftor warszawa\" class=\"slider-419 slide-1189 msDefaultImage\" \/><\/li>\n                <li style=\"display: none; width: 100%;\" class=\"slide-1190 ms-image\" aria-roledescription=\"slide\" data-date=\"2014-11-17 19:52:57\" data-filename=\"podesty3a.jpg\" data-slide-type=\"image\"><img loading=\"lazy\" decoding=\"async\" src=\"https:\/\/szkolenia-udt.pl\/wp-content\/uploads\/2014\/11\/podesty3a.jpg\" height=\"225\" width=\"300\" alt=\"utbildning warszawa\" class=\"slider-419 slide-1190 msDefaultImage\" \/><\/li>\n                <li style=\"display: none; width: 100%;\" class=\"slide-1188 ms-image\" aria-roledescription=\"slide\" data-date=\"2014-11-17 19:52:56\" data-filename=\"podesty1a.jpg\" data-slide-type=\"image\"><img loading=\"lazy\" decoding=\"async\" src=\"https:\/\/szkolenia-udt.pl\/wp-content\/uploads\/2014\/11\/podesty1a.jpg\" height=\"225\" width=\"300\" alt=\"\" class=\"slider-419 slide-1188 msDefaultImage\" \/><\/li>\n            <\/ul>\n        <\/div>\n        \n    <\/div>\n<\/div><\/div>\n<p>Vid <a href=\"https:\/\/szkolenia-udt.pl\/sv\/kursy\/uprawnienia-udt-tdt-wdt\/podesty-ruchome-wiszace\/\">utbildning f\u00f6r mobila plattformar<\/a> Du kan anm\u00e4la dig till mobila plattformar p\u00e5 v\u00e5ra 4 filialer runt om i landet. Vi erbjuder utbildning f\u00f6r saxliftar och arbetsplattformar i Warszawa, samt i Krak\u00f3w, Katowice och Bielsko-Bia\u0142a. Vi kan ocks\u00e5 resa till kunder p\u00e5 utvalda platser i hela Polen. Kontakta oss f\u00f6r mer information om dessa tj\u00e4nster.<\/p>\n<p>Om du har n\u00e5gra fr\u00e5gor \u00e4r vi alltid tillg\u00e4ngliga, tveka inte att kontakta oss. V\u00e5r personal kommer att f\u00f6rbereda omfattande svar och ge dem s\u00e5 snart som m\u00f6jligt.<\/p>\n<p>Vi bjuder in dig att ta en titt p\u00e5 v\u00e5rt erbjudande!<\/p>\n<\/div>","protected":false},"excerpt":{"rendered":"<p>Kursy na podesty ruchome &#8211; Warszawa i ca\u0142a Polska Zapraszamy na kurs na podesty ruchome do O\u015brodka Szkolenia Operator\u00f3w! Nasz O\u015brodek nauczy ci\u0119, jak prawid\u0142owo obs\u0142ugiwa\u0107 podest ruchomy i dzi\u0119ki nam zdob\u0119dziesz potrzebne na stanowisku operatora uprawnienia Urz\u0119du Dozoru Technicznego. Obecnie podno\u015bnik koszowy oraz podno\u015bnik no\u017cycowy to urz\u0105dzenia powszechnie wykorzystywane w pracach na wysoko\u015bciach, w [&hellip;]<\/p>\n","protected":false},"author":3,"featured_media":540,"parent":22,"menu_order":0,"comment_status":"closed","ping_status":"closed","template":"","meta":{"footnotes":""},"class_list":["post-35","page","type-page","status-publish","has-post-thumbnail","hentry"],"aioseo_notices":[],"_links":{"self":[{"href":"https:\/\/szkolenia-udt.pl\/sv\/wp-json\/wp\/v2\/pages\/35","targetHints":{"allow":["GET"]}}],"collection":[{"href":"https:\/\/szkolenia-udt.pl\/sv\/wp-json\/wp\/v2\/pages"}],"about":[{"href":"https:\/\/szkolenia-udt.pl\/sv\/wp-json\/wp\/v2\/types\/page"}],"author":[{"embeddable":true,"href":"https:\/\/szkolenia-udt.pl\/sv\/wp-json\/wp\/v2\/users\/3"}],"replies":[{"embeddable":true,"href":"https:\/\/szkolenia-udt.pl\/sv\/wp-json\/wp\/v2\/comments?post=35"}],"version-history":[{"count":27,"href":"https:\/\/szkolenia-udt.pl\/sv\/wp-json\/wp\/v2\/pages\/35\/revisions"}],"predecessor-version":[{"id":3256,"href":"https:\/\/szkolenia-udt.pl\/sv\/wp-json\/wp\/v2\/pages\/35\/revisions\/3256"}],"up":[{"embeddable":true,"href":"https:\/\/szkolenia-udt.pl\/sv\/wp-json\/wp\/v2\/pages\/22"}],"wp:featuredmedia":[{"embeddable":true,"href":"https:\/\/szkolenia-udt.pl\/sv\/wp-json\/wp\/v2\/media\/540"}],"wp:attachment":[{"href":"https:\/\/szkolenia-udt.pl\/sv\/wp-json\/wp\/v2\/media?parent=35"}],"curies":[{"name":"wp","href":"https:\/\/api.w.org\/{rel}","templated":true}]}}