{"id":3508,"date":"2023-02-11T22:53:41","date_gmt":"2023-02-11T21:53:41","guid":{"rendered":"https:\/\/szkolenia-udt.pl\/?page_id=3508"},"modified":"2023-02-12T23:07:49","modified_gmt":"2023-02-12T22:07:49","slug":"halsa-och-sakerhet-for-nyanstallda","status":"publish","type":"page","link":"https:\/\/szkolenia-udt.pl\/sv\/kursy\/bhp-ppoz\/bhp-dla-nowych-pracownikow\/","title":{"rendered":"H\u00e4lso- och s\u00e4kerhetsutbildning f\u00f6r nyanst\u00e4llda"},"content":{"rendered":"<div class=\"wp-block-image\">\n<figure class=\"alignleft size-large is-resized\"><a href=\"https:\/\/szkolenia-udt.pl\/wp-content\/uploads\/2023\/02\/s2.jpg\"><img loading=\"lazy\" decoding=\"async\" src=\"https:\/\/szkolenia-udt.pl\/wp-content\/uploads\/2023\/02\/s2-1024x492.jpg\" alt=\"Instruktor szkoleniowy udzielaj\u0105cy wyk\u0142adu BHP.\" class=\"wp-image-3511\" width=\"512\" height=\"246\" srcset=\"https:\/\/szkolenia-udt.pl\/wp-content\/uploads\/2023\/02\/s2-1024x492.jpg 1024w, https:\/\/szkolenia-udt.pl\/wp-content\/uploads\/2023\/02\/s2-300x144.jpg 300w, https:\/\/szkolenia-udt.pl\/wp-content\/uploads\/2023\/02\/s2-768x369.jpg 768w, https:\/\/szkolenia-udt.pl\/wp-content\/uploads\/2023\/02\/s2-1536x737.jpg 1536w, https:\/\/szkolenia-udt.pl\/wp-content\/uploads\/2023\/02\/s2-18x9.jpg 18w, https:\/\/szkolenia-udt.pl\/wp-content\/uploads\/2023\/02\/s2.jpg 1600w\" sizes=\"auto, (max-width: 512px) 100vw, 512px\" \/><\/a><\/figure>\n<\/div>\n\n\n<p>Wymagane kursy BHP dla nowo zatrudnionych pracownik\u00f3w<strong> <\/strong>Obowi\u0105zkiem ka\u017cdego pracodawcy jest przeszkolenie nowych pracownik\u00f3w z zakresu BHP \u2013 niezale\u017cnie od pe\u0142nionego stanowiska. Dodatkowo jest to szczeg\u00f3lnie wa\u017cne przy pracach uznawanych za niebezpieczne. Wymogiem jest udzielenie bezpo\u015bredniego nadzoru nad tym typem prac. Ponadto od pracodawcy oczekuje si\u0119, \u017ce umo\u017cliwi dost\u0119p do odpowiednio zabezpieczonych miejsc \u2013 dopuszcza si\u0119 by na niebezpieczne stanowiska pracy upowa\u017cniano wy\u0142\u0105cznie wykwalifikowane osoby. Pracownicy natomiast powinni bezwzgl\u0119dnie przestrzega\u0107 przykazanych zasad BHP, by bezpiecznie wykonywa\u0107 zlecane polecenia.&nbsp;<\/p>\n\n\n\n<p>Nowicjusze nie zaznajomieni z normami bezpiecze\u0144stwa i higieny pracy, nie zostan\u0105 dopuszczeni do wykonywania prac na niekt\u00f3rych stanowiskach. Zapoznanie ich z zasadami BHP pozwoli na przyswojenie im niezb\u0119dnej wiedzy, by pracowali zgodnie z przepisami. &nbsp;<\/p>\n\n\n\n<p>Szkolenia okresowe s\u0105 przeznaczone dla pracownik\u00f3w ze sta\u017cem w firmie, by zaktualizowa\u0107 wiedz\u0119 odno\u015bnie zasad panuj\u0105cych na danych stanowiskach \u2013 zagro\u017ceniach i niebezpiecze\u0144stwach z nimi zwi\u0105zanych. Po odbyciu okresowego szkolenia, pracownik otrzymuje za\u015bwiadczenie jego odbycia. Dokumentacja przechowywana jest w aktach osobowych.&nbsp;<\/p>\n\n\n\n<h2 class=\"wp-block-heading\"><strong>OSOBY ODPOWIEDZIALNE ZA SZKOLENIA BHP<\/strong>&nbsp;<\/h2>\n\n\n\n<p>Przeprowadzanie szkole\u0144 BHP mo\u017ce le\u017ce\u0107 zar\u00f3wno po stronie pracodawcy jak i zatrudnionych w tym celu os\u00f3b, s\u0105 to mi\u0119dzy innymi:&nbsp;<\/p>\n\n\n\n<ul class=\"wp-block-list\">\n<li>wyspecjalizowani pracownicy s\u0142u\u017cb BHP,&nbsp;<\/li>\n\n\n\n<li>osoby odpowiedzialne za szkolenia BHP na zleceniu od pracodawcy,&nbsp;<\/li>\n\n\n\n<li>pracownicy wcze\u015bniej zatrudnieni, kt\u00f3rzy zapoznali si\u0119 z wiedz\u0105 BHP, dodatkowo posiadaj\u0105cy wa\u017cne za\u015bwiadczenia o uko\u0144czeniu kursu.&nbsp;&nbsp;<\/li>\n<\/ul>\n\n\n\n<h2 class=\"wp-block-heading\"><strong>WA\u017bNO\u015a\u0106 SZKOLE\u0143 BHP<\/strong>&nbsp;<\/h2>\n\n\n\n<p>Zgodnie z funkcj\u0105 i stanowiskiem, termin wa\u017cno\u015bci szkolenia trwa od jednego roku do 6 lat po uko\u0144czeniu wymaganego szkolenia pracowniczego.&nbsp;<\/p>\n\n\n\n<h2 class=\"wp-block-heading\"><strong>PROGRAM SZKOLENIOWY<\/strong>&nbsp;<\/h2>\n\n\n\n<p>Program szkoleniowy opiera si\u0119 na przekazaniu niezb\u0119dnej wiedzy i umiej\u0119tno\u015bci podczas, wykonywania prac w przestrzeni zamkni\u0119tej i otwartej. Podczas zaj\u0119\u0107 omawiane s\u0105 zasady udzielania pierwszej pomocy. Nast\u0119pnie kursant zapoznaje si\u0119 z czynnikami wyst\u0119puj\u0105cymi przy realizowaniu zlece\u0144 niebezpiecznych. Ponadto okre\u015bla si\u0119 stosowanie \u015brodk\u00f3w ochrony indywidualnej dla pracownik\u00f3w. Warto wspomnie\u0107 o zapoznaniu si\u0119 z ochron\u0105 PPO\u017b przy pracach szczeg\u00f3lnie niebezpiecznych, tak\u017ce omawiane s\u0105 okoliczno\u015bci i przyczyny wypadk\u00f3w,&nbsp;&nbsp;<\/p>\n\n\n\n<h2 class=\"wp-block-heading\"><strong>KORZY\u015aCI DLA KURSANT\u00d3W<\/strong>&nbsp;<\/h2>\n\n\n\n<p>Ka\u017cdy kursant, poza uzyskaniem za\u015bwiadczenia odno\u015bnie odbycia szkolenia BHP:&nbsp;<\/p>\n\n\n\n<ul class=\"wp-block-list\">\n<li>otrzymuje wzory dokumentacji niezb\u0119dnej przy przeprowadzaniu zada\u0144 wysokiego ryzyka,&nbsp;<\/li>\n\n\n\n<li>przyczynia si\u0119 do znacznego zani\u017cenia statystyk wypadk\u00f3w w miejscach pracy \u2013 \u015bmiertelnych, ci\u0119\u017ckich lub zbiorowych,&nbsp;<\/li>\n\n\n\n<li>przyczynia si\u0119 do zredukowania wysokiego wsp\u00f3\u0142czynnika zagro\u017cenia podczas szczeg\u00f3lnie niebezpiecznych prac,&nbsp;<\/li>\n\n\n\n<li>przyczynia si\u0119 do zwi\u0119kszenia ochrony zdrowia i \u017cycia pozosta\u0142ych pracownik\u00f3w,&nbsp;<\/li>\n\n\n\n<li>otrzymuje u\u017cyteczn\u0105 wiedz\u0119, kt\u00f3ra wp\u0142ywa na bezpiecze\u0144stwo pracownicze.&nbsp;<\/li>\n<\/ul>\n\n\n\n<h2 class=\"wp-block-heading\"><strong>Pytania i odpowiedzi<\/strong><\/h2>\n\n\n\t\t<details\t\thelp class=\"sc_fs_faq sc_card    \"\n\t\topen\t\t>\n\t\t\t\t\t<summary>\n\t\t\t\t<h3>Jaka jest wa\u017cno\u015b\u0107 szkole\u0144 BHP?\u00a0<\/h3>\t\t\t\t\t<\/summary>\n\t\t\t\t<div>\n\t\t\t\t\t\t<div class=\"sc_fs_faq__content\">\n\t\t\t\t\n\n<p>Czas wa\u017cno\u015bci szkole\u0144 BHP uzale\u017cniony jest od sta\u017cu i stanowiska pracownika, najcz\u0119\u015bciej za\u015bwiadczenia wa\u017cne s\u0105 od roku do 6 lat od daty ich nabycia.&nbsp;<\/p>\n\n\t\t\t<\/div>\n\t\t<\/div>\n\t\t<\/details>\n\t\t\t\t<details\t\thelp class=\"sc_fs_faq sc_card    \"\n\t\t\t\t>\n\t\t\t\t\t<summary>\n\t\t\t\t<h3>Kto mo\u017ce udziela\u0107 szkole\u0144 BHP?\u00a0<\/h3>\t\t\t\t\t<\/summary>\n\t\t\t\t<div>\n\t\t\t\t\t\t<div class=\"sc_fs_faq__content\">\n\t\t\t\t\n\n<p>Przeszkolenia BHP mog\u0105 zosta\u0107 prowadzone przez: pracodawc\u0119, wyznaczonego pracownika s\u0142u\u017cb BHP, innych pracownik\u00f3w o d\u0142u\u017cszym sta\u017cu z wa\u017cnym za\u015bwiadczeniem BHP.&nbsp;<\/p>\n\n\t\t\t<\/div>\n\t\t<\/div>\n\t\t<\/details>\n\t\t\n<script type=\"application\/ld+json\">\n\t{\n\t\t\"@context\": \"https:\/\/schema.org\",\n\t\t\"@type\": \"FAQPage\",\n\t\t\"mainEntity\": [\n\t\t\t\t\t{\n\t\t\t\t\"@type\": \"Question\",\n\t\t\t\t\"name\": \"Jaka jest wa\u017cno\u015b\u0107 szkole\u0144 BHP?\u00a0\",\n\t\t\t\t\"acceptedAnswer\": {\n\t\t\t\t\t\"@type\": \"Answer\",\n\t\t\t\t\t\"text\": \"<p>Czas wa\u017cno\u015bci szkole\u0144 BHP uzale\u017cniony jest od sta\u017cu i stanowiska pracownika, najcz\u0119\u015bciej za\u015bwiadczenia wa\u017cne s\u0105 od roku do 6 lat od daty ich nabycia.&nbsp;<\/p>\"\n\t\t\t\t\t\t\t\t\t}\n\t\t\t}\n\t\t\t,\t\t\t\t{\n\t\t\t\t\"@type\": \"Question\",\n\t\t\t\t\"name\": \"Kto mo\u017ce udziela\u0107 szkole\u0144 BHP?\u00a0\",\n\t\t\t\t\"acceptedAnswer\": {\n\t\t\t\t\t\"@type\": \"Answer\",\n\t\t\t\t\t\"text\": \"<p>Przeszkolenia BHP mog\u0105 zosta\u0107 prowadzone przez: pracodawc\u0119, wyznaczonego pracownika s\u0142u\u017cb BHP, innych pracownik\u00f3w o d\u0142u\u017cszym sta\u017cu z wa\u017cnym za\u015bwiadczeniem BHP.&nbsp;<\/p>\"\n\t\t\t\t\t\t\t\t\t}\n\t\t\t}\n\t\t\t\t\t\t]\n\t}\n<\/script>\n","protected":false},"excerpt":{"rendered":"<p>Wymagane kursy BHP dla nowo zatrudnionych pracownik\u00f3w Obowi\u0105zkiem ka\u017cdego pracodawcy jest przeszkolenie nowych pracownik\u00f3w z zakresu BHP \u2013 niezale\u017cnie od pe\u0142nionego stanowiska. Dodatkowo jest to szczeg\u00f3lnie wa\u017cne przy pracach uznawanych za niebezpieczne. Wymogiem jest udzielenie bezpo\u015bredniego nadzoru nad tym typem prac. Ponadto od pracodawcy oczekuje si\u0119, \u017ce umo\u017cliwi dost\u0119p do odpowiednio zabezpieczonych miejsc \u2013 dopuszcza [&hellip;]<\/p>\n","protected":false},"author":3,"featured_media":3511,"parent":2739,"menu_order":0,"comment_status":"closed","ping_status":"closed","template":"","meta":{"footnotes":""},"class_list":["post-3508","page","type-page","status-publish","has-post-thumbnail","hentry"],"aioseo_notices":[],"_links":{"self":[{"href":"https:\/\/szkolenia-udt.pl\/sv\/wp-json\/wp\/v2\/pages\/3508","targetHints":{"allow":["GET"]}}],"collection":[{"href":"https:\/\/szkolenia-udt.pl\/sv\/wp-json\/wp\/v2\/pages"}],"about":[{"href":"https:\/\/szkolenia-udt.pl\/sv\/wp-json\/wp\/v2\/types\/page"}],"author":[{"embeddable":true,"href":"https:\/\/szkolenia-udt.pl\/sv\/wp-json\/wp\/v2\/users\/3"}],"replies":[{"embeddable":true,"href":"https:\/\/szkolenia-udt.pl\/sv\/wp-json\/wp\/v2\/comments?post=3508"}],"version-history":[{"count":5,"href":"https:\/\/szkolenia-udt.pl\/sv\/wp-json\/wp\/v2\/pages\/3508\/revisions"}],"predecessor-version":[{"id":3526,"href":"https:\/\/szkolenia-udt.pl\/sv\/wp-json\/wp\/v2\/pages\/3508\/revisions\/3526"}],"up":[{"embeddable":true,"href":"https:\/\/szkolenia-udt.pl\/sv\/wp-json\/wp\/v2\/pages\/2739"}],"wp:featuredmedia":[{"embeddable":true,"href":"https:\/\/szkolenia-udt.pl\/sv\/wp-json\/wp\/v2\/media\/3511"}],"wp:attachment":[{"href":"https:\/\/szkolenia-udt.pl\/sv\/wp-json\/wp\/v2\/media?parent=3508"}],"curies":[{"name":"wp","href":"https:\/\/api.w.org\/{rel}","templated":true}]}}