{"id":3570,"date":"2023-02-22T12:02:58","date_gmt":"2023-02-22T11:02:58","guid":{"rendered":"https:\/\/szkolenia-udt.pl\/?page_id=3570"},"modified":"2023-02-22T12:11:42","modified_gmt":"2023-02-22T11:11:42","slug":"kurs-for-yrkeskvalifikationer-for-krokrigare","status":"publish","type":"page","link":"https:\/\/szkolenia-udt.pl\/sv\/kursy\/hakowy-sygnalista\/rigger-hakowy-profesjonalny-kurs-na-uprawnienia\/","title":{"rendered":"Krokrigare - kurs f\u00f6r yrkeskvalifikationer"},"content":{"rendered":"\n<h2 class=\"wp-block-heading\"><strong>Program szkolenia<\/strong>&nbsp;<\/h2>\n\n\n\n<p>Nasz kurs ma zadanie profesjonalnie i rzetelnie przygotowa\u0107 przysz\u0142ego riggera hakowego do pracy. Kursy s\u0105 skierowane do os\u00f3b do\u015bwiadczonych w przenoszeniu \u0142adunk\u00f3w na r\u00f3\u017cnego rodzaju podwieszaniach. W naszym kursie teoria jest tak samo wa\u017cna jak praktyka. Na kursie b\u0119d\u0105 poruszane nast\u0119puj\u0105ce kwestie:&nbsp;&nbsp;<\/p>\n\n\n<div class=\"wp-block-image\">\n<figure class=\"alignright size-medium\"><a href=\"https:\/\/szkolenia-udt.pl\/wp-content\/uploads\/2023\/02\/screen_2x-16.jpg\"><img loading=\"lazy\" decoding=\"async\" width=\"300\" height=\"200\" src=\"https:\/\/szkolenia-udt.pl\/wp-content\/uploads\/2023\/02\/screen_2x-16-300x200.jpg\" alt=\"Rigger hakowy na budowie\" class=\"wp-image-3572\" srcset=\"https:\/\/szkolenia-udt.pl\/wp-content\/uploads\/2023\/02\/screen_2x-16-300x200.jpg 300w, https:\/\/szkolenia-udt.pl\/wp-content\/uploads\/2023\/02\/screen_2x-16-1024x682.jpg 1024w, https:\/\/szkolenia-udt.pl\/wp-content\/uploads\/2023\/02\/screen_2x-16-768x511.jpg 768w, https:\/\/szkolenia-udt.pl\/wp-content\/uploads\/2023\/02\/screen_2x-16-1536x1022.jpg 1536w, https:\/\/szkolenia-udt.pl\/wp-content\/uploads\/2023\/02\/screen_2x-16-18x12.jpg 18w, https:\/\/szkolenia-udt.pl\/wp-content\/uploads\/2023\/02\/screen_2x-16.jpg 1600w\" sizes=\"auto, (max-width: 300px) 100vw, 300px\" \/><\/a><\/figure>\n<\/div>\n\n\n<ul class=\"wp-block-list\">\n<li>budowa urz\u0105dzenia,\u00a0<\/li>\n\n\n\n<li>zasada obs\u0142ugi riggera,&nbsp;&nbsp;<\/li>\n\n\n\n<li>obowi\u0105zuj\u0105ce przepisy BHP i UDT,&nbsp;&nbsp;<\/li>\n\n\n\n<li>przenoszenie \u0142adunk\u00f3w,&nbsp;<\/li>\n\n\n\n<li>okre\u015blanie masy \u0142adunk\u00f3w,&nbsp;&nbsp;<\/li>\n\n\n\n<li>zasady umieszczania towar\u00f3w,&nbsp;<\/li>\n\n\n\n<li>zasady zdejmowania towaru.&nbsp;<\/li>\n<\/ul>\n\n\n\n<p><strong>Wyj\u0105tkowe cechy <a href=\"https:\/\/szkolenia-udt.pl\/sv\/kursy\/\">naszych kurs\u00f3w<\/a>:<\/strong>&nbsp;<\/p>\n\n\n\n<ul class=\"wp-block-list\">\n<li>do\u015bwiadczona kadra,&nbsp;<\/li>\n\n\n\n<li>materia\u0142y szkoleniowe,&nbsp;<\/li>\n\n\n\n<li>zaj\u0119cia zar\u00f3wno teoretyczne, jak i praktyczne,&nbsp;<\/li>\n\n\n\n<li>za\u015bwiadczenie pozwalaj\u0105ce na zacz\u0119cie pracy.&nbsp;<\/li>\n<\/ul>\n\n\n\n<h2 class=\"wp-block-heading\"><strong>Uprawnienia&nbsp;<\/strong>&nbsp;<\/h2>\n\n\n\n<p>Po zako\u0144czonym szkoleniu, kursant przyst\u0119puje do egzaminu pa\u0144stwowego. Je\u015bli uzyska z niego pozytywny wynik, dostaje za\u015bwiadczenie pozwalaj\u0105ce na podj\u0119cie pracy. Takie za\u015bwiadczenie wydawane jest na podstawie rozporz\u0105dzenia Ministra Edukacji Narodowej przez Urz\u0105d Dozoru Technicznego.&nbsp;<\/p>\n\n\n\n<h2 class=\"wp-block-heading\"><strong>Dla kogo jest kurs riggera hakowego?<\/strong>&nbsp;<\/h2>\n\n\n\n<p>Kandydaci musz\u0105 spe\u0142ni\u0107 kilka warunk\u00f3w:&nbsp;<\/p>\n\n\n\n<ul class=\"wp-block-list\">\n<li>uko\u0144czone 18 lat,&nbsp;<\/li>\n\n\n\n<li>dobry stan zdrowia pozwalaj\u0105cy na prac\u0119 jako rigger hakowy.&nbsp;<\/li>\n<\/ul>\n\n\n\n<h2 class=\"wp-block-heading\"><strong>Czym si\u0119 zajmuje rigger?<\/strong>&nbsp;<\/h2>\n\n\n<div class=\"wp-block-image\">\n<figure class=\"alignright size-medium\"><a href=\"https:\/\/szkolenia-udt.pl\/wp-content\/uploads\/2023\/02\/screen_2x-15-1.jpg\"><img loading=\"lazy\" decoding=\"async\" width=\"300\" height=\"200\" src=\"https:\/\/szkolenia-udt.pl\/wp-content\/uploads\/2023\/02\/screen_2x-15-1-300x200.jpg\" alt=\"\u017curaw wie\u017cowy podnosz\u0105cy \u0142adunek \" class=\"wp-image-3573\" srcset=\"https:\/\/szkolenia-udt.pl\/wp-content\/uploads\/2023\/02\/screen_2x-15-1-300x200.jpg 300w, https:\/\/szkolenia-udt.pl\/wp-content\/uploads\/2023\/02\/screen_2x-15-1-1024x682.jpg 1024w, https:\/\/szkolenia-udt.pl\/wp-content\/uploads\/2023\/02\/screen_2x-15-1-768x511.jpg 768w, https:\/\/szkolenia-udt.pl\/wp-content\/uploads\/2023\/02\/screen_2x-15-1-1536x1022.jpg 1536w, https:\/\/szkolenia-udt.pl\/wp-content\/uploads\/2023\/02\/screen_2x-15-1-18x12.jpg 18w, https:\/\/szkolenia-udt.pl\/wp-content\/uploads\/2023\/02\/screen_2x-15-1.jpg 1600w\" sizes=\"auto, (max-width: 300px) 100vw, 300px\" \/><\/a><\/figure>\n<\/div>\n\n\n<p>Rigger hakowy to osoba odpowiedzialna za rozmieszczanie ci\u0119\u017ckich maszyn, kt\u00f3re s\u0142u\u017c\u0105 do obs\u0142ugi \u0142adunk\u00f3w oraz umieszczanie takich \u0142adunk\u00f3w do d\u017awig\u00f3w za pomoc\u0105 szelek, zacisk\u00f3w czy pas\u00f3w. W celu umieszczenia towar\u00f3w s\u0105 te\u017c wykorzystywane podno\u015bniki, wci\u0105garki i inne tego typu urz\u0105dzenia. Riggersi zajmuj\u0105 si\u0119 r\u00f3wnie\u017c monta\u017cem i demonta\u017cem sprz\u0119tu.&nbsp;&nbsp;<\/p>\n\n\n\n<h2 class=\"wp-block-heading\"><strong>Obowi\u0105zki<\/strong>&nbsp;<\/h2>\n\n\n\n<p>Do obowi\u0105zk\u00f3w riggera nale\u017cy mi\u0119dzy innymi:&nbsp;&nbsp;<\/p>\n\n\n\n<ul class=\"wp-block-list\">\n<li>zapoznanie si\u0119 z niezb\u0119dn\u0105 dokumentacj\u0105,&nbsp;&nbsp;<\/li>\n\n\n\n<li>zapoznanie si\u0119 z za\u0142adunkiem,&nbsp;<\/li>\n\n\n\n<li>okre\u015blenie masy \u0142adunku,&nbsp;&nbsp;<\/li>\n\n\n\n<li>zapewnienie bezpiecznego zamontowania \u0142adunku,&nbsp;&nbsp;<\/li>\n\n\n\n<li>wybranie odpowiedniego osprz\u0119tu,&nbsp;&nbsp;<\/li>\n\n\n\n<li>ustalenie miejsca na za\u0142adunek i przygotowanie na niego miejsca.&nbsp;&nbsp;<\/li>\n<\/ul>\n\n\n\n<h2 class=\"wp-block-heading\"><strong>Dlaczego zasady bhp s\u0105 wa\u017cne<\/strong>&nbsp;<\/h2>\n\n\n\n<p>Gruntowne zapoznanie si\u0119 z zasadami bezpiecze\u0144stwa w miejscu pracy to podstawa. Naszym zdaniem bezpiecze\u0144stwo i zdrowie s\u0105 priorytetowe. Im lepiej wyszkolony pracownik z zasad bezpiecze\u0144stwa, tym mniejsze ryzyko wypadku i utraty zdrowia czy \u017cycia. Z tego powodu, na naszych kursach ka\u017cda cz\u0119\u015b\u0107 zaj\u0119\u0107 jest tak samo wa\u017cna, r\u00f3wnie\u017c wyk\u0142ady z zakresu bezpiecze\u0144stwa i higieny pracy.&nbsp;<\/p>\n\n\n\n<h2 class=\"wp-block-heading\"><strong>Kursy i szkolenia<\/strong>&nbsp;<\/h2>\n\n\n\n<p>W naszym <a href=\"https:\/\/szkolenia-udt.pl\/sv\/o-firmie\/\">o\u015brodku<\/a> prowadzimy r\u00f3wnie\u017c szkolenia przeciwpo\u017carowe oraz BHP, a tak\u017ce kursy na uprawnienia operatora i konserwatora maszyn UDT m.in. \u0142adowarek teleskopowych, w\u00f3zk\u00f3w wid\u0142owych, suwnic, uk\u0142adnic i innych. Wszystkie zaj\u0119cia prowadzi do\u015bwiadczona kadra szkoleniowa.&nbsp;<\/p>\n\n\n\n<p><strong>Dodatkowo oferujemy:<\/strong>&nbsp;<\/p>\n\n\n\n<ul class=\"wp-block-list\">\n<li>modernizacj\u0119, konserwacj\u0119,&nbsp;<\/li>\n\n\n\n<li>przegl\u0105dy,&nbsp;<\/li>\n\n\n\n<li>serwis stacjonarny i mobilny maszyn UDT,&nbsp;<\/li>\n\n\n\n<li>us\u0142ug\u0119 wypo\u017cyczenia w\u00f3zka wid\u0142owego lub podno\u015bnika no\u017cycowego,&nbsp;<\/li>\n\n\n\n<li>us\u0142ug\u0119 wypr\u00f3bowania maszyny przed jej zakupem,&nbsp;<\/li>\n\n\n\n<li>sprzeda\u017c maszyn nowych i u\u017cywanych.&nbsp;<\/li>\n<\/ul>\n\n\n\n<h2 class=\"wp-block-heading\"><strong>Pytania i odpowiedzi<\/strong><\/h2>\n\n\n\t\t<details\t\thelp class=\"sc_fs_faq sc_card    \"\n\t\topen\t\t>\n\t\t\t\t\t<summary>\n\t\t\t\t<h3>Czym si\u0119 zajmuje rigger hakowy?\u00a0\u00a0\u00a0\u00a0<\/h3>\t\t\t\t\t<\/summary>\n\t\t\t\t<div>\n\t\t\t\t\t\t<div class=\"sc_fs_faq__content\">\n\t\t\t\t\n\n<p>Rigger hakowy to osoba odpowiedzialna za rozmieszczanie ci\u0119\u017ckich maszyn, kt\u00f3re s\u0142u\u017c\u0105 do obs\u0142ugi \u0142adunk\u00f3w oraz przytwierdzanie takich \u0142adunk\u00f3w do d\u017awig\u00f3w za pomoc\u0105 szelek.&nbsp;<\/p>\n\n\t\t\t<\/div>\n\t\t<\/div>\n\t\t<\/details>\n\t\t\t\t<details\t\thelp class=\"sc_fs_faq sc_card    \"\n\t\t\t\t>\n\t\t\t\t\t<summary>\n\t\t\t\t<h3>Dlaczego zasady BHP s\u0105 tak wa\u017cne?\u00a0\u00a0<\/h3>\t\t\t\t\t<\/summary>\n\t\t\t\t<div>\n\t\t\t\t\t\t<div class=\"sc_fs_faq__content\">\n\t\t\t\t\n\n<p>Zasady BHP s\u0105 niezwykle istotne, bo zdrowie i \u017cycie jest najwa\u017cniejsze, a pracownik znaj\u0105cy zasady bezpiecze\u0144stwa to bezpieczniejsze i lepsze miejsce pracy dla wszystkich.&nbsp;&nbsp;<\/p>\n\n\t\t\t<\/div>\n\t\t<\/div>\n\t\t<\/details>\n\t\t\t\t<details\t\thelp class=\"sc_fs_faq sc_card    \"\n\t\t\t\t>\n\t\t\t\t\t<summary>\n\t\t\t\t<h3>Czy kurs na riggera hakowego ko\u0144czy si\u0119 egzaminem?\u00a0<\/h3>\t\t\t\t\t<\/summary>\n\t\t\t\t<div>\n\t\t\t\t\t\t<div class=\"sc_fs_faq__content\">\n\t\t\t\t\n\n<p>Tak. Po zako\u0144czeniu szkolenia, uczestnicy przyst\u0119puj\u0105 do egzaminu sprawdzaj\u0105cego wiedz\u0119. Je\u015bli uzyskaj\u0105 pozytywny wynik, otrzymuj\u0105 uprawnienia niezb\u0119dne do pracy jako rigger. Wydaje je Urz\u0105d Dozoru Technicznego.&nbsp;<\/p>\n\n\t\t\t<\/div>\n\t\t<\/div>\n\t\t<\/details>\n\t\t\n<script type=\"application\/ld+json\">\n\t{\n\t\t\"@context\": \"https:\/\/schema.org\",\n\t\t\"@type\": \"FAQPage\",\n\t\t\"mainEntity\": [\n\t\t\t\t\t{\n\t\t\t\t\"@type\": \"Question\",\n\t\t\t\t\"name\": \"Czym si\u0119 zajmuje rigger hakowy?\u00a0\u00a0\u00a0\u00a0\",\n\t\t\t\t\"acceptedAnswer\": {\n\t\t\t\t\t\"@type\": \"Answer\",\n\t\t\t\t\t\"text\": \"<p>Rigger hakowy to osoba odpowiedzialna za rozmieszczanie ci\u0119\u017ckich maszyn, kt\u00f3re s\u0142u\u017c\u0105 do obs\u0142ugi \u0142adunk\u00f3w oraz przytwierdzanie takich \u0142adunk\u00f3w do d\u017awig\u00f3w za pomoc\u0105 szelek.&nbsp;<\/p>\"\n\t\t\t\t\t\t\t\t\t}\n\t\t\t}\n\t\t\t,\t\t\t\t{\n\t\t\t\t\"@type\": \"Question\",\n\t\t\t\t\"name\": \"Dlaczego zasady BHP s\u0105 tak wa\u017cne?\u00a0\u00a0\",\n\t\t\t\t\"acceptedAnswer\": {\n\t\t\t\t\t\"@type\": \"Answer\",\n\t\t\t\t\t\"text\": \"<p>Zasady BHP s\u0105 niezwykle istotne, bo zdrowie i \u017cycie jest najwa\u017cniejsze, a pracownik znaj\u0105cy zasady bezpiecze\u0144stwa to bezpieczniejsze i lepsze miejsce pracy dla wszystkich.&nbsp;&nbsp;<\/p>\"\n\t\t\t\t\t\t\t\t\t}\n\t\t\t}\n\t\t\t,\t\t\t\t{\n\t\t\t\t\"@type\": \"Question\",\n\t\t\t\t\"name\": \"Czy kurs na riggera hakowego ko\u0144czy si\u0119 egzaminem?\u00a0\",\n\t\t\t\t\"acceptedAnswer\": {\n\t\t\t\t\t\"@type\": \"Answer\",\n\t\t\t\t\t\"text\": \"<p>Tak. Po zako\u0144czeniu szkolenia, uczestnicy przyst\u0119puj\u0105 do egzaminu sprawdzaj\u0105cego wiedz\u0119. Je\u015bli uzyskaj\u0105 pozytywny wynik, otrzymuj\u0105 uprawnienia niezb\u0119dne do pracy jako rigger. Wydaje je Urz\u0105d Dozoru Technicznego.&nbsp;<\/p>\"\n\t\t\t\t\t\t\t\t\t}\n\t\t\t}\n\t\t\t\t\t\t]\n\t}\n<\/script>\n","protected":false},"excerpt":{"rendered":"<p>Program szkolenia&nbsp; Nasz kurs ma zadanie profesjonalnie i rzetelnie przygotowa\u0107 przysz\u0142ego riggera hakowego do pracy. Kursy s\u0105 skierowane do os\u00f3b do\u015bwiadczonych w przenoszeniu \u0142adunk\u00f3w na r\u00f3\u017cnego rodzaju podwieszaniach. W naszym kursie teoria jest tak samo wa\u017cna jak praktyka. Na kursie b\u0119d\u0105 poruszane nast\u0119puj\u0105ce kwestie:&nbsp;&nbsp; Wyj\u0105tkowe cechy naszych kurs\u00f3w:&nbsp; Uprawnienia&nbsp;&nbsp; Po zako\u0144czonym szkoleniu, kursant przyst\u0119puje do [&hellip;]<\/p>\n","protected":false},"author":3,"featured_media":3572,"parent":3556,"menu_order":0,"comment_status":"closed","ping_status":"closed","template":"","meta":{"footnotes":""},"class_list":["post-3570","page","type-page","status-publish","has-post-thumbnail","hentry"],"aioseo_notices":[],"_links":{"self":[{"href":"https:\/\/szkolenia-udt.pl\/sv\/wp-json\/wp\/v2\/pages\/3570","targetHints":{"allow":["GET"]}}],"collection":[{"href":"https:\/\/szkolenia-udt.pl\/sv\/wp-json\/wp\/v2\/pages"}],"about":[{"href":"https:\/\/szkolenia-udt.pl\/sv\/wp-json\/wp\/v2\/types\/page"}],"author":[{"embeddable":true,"href":"https:\/\/szkolenia-udt.pl\/sv\/wp-json\/wp\/v2\/users\/3"}],"replies":[{"embeddable":true,"href":"https:\/\/szkolenia-udt.pl\/sv\/wp-json\/wp\/v2\/comments?post=3570"}],"version-history":[{"count":3,"href":"https:\/\/szkolenia-udt.pl\/sv\/wp-json\/wp\/v2\/pages\/3570\/revisions"}],"predecessor-version":[{"id":3576,"href":"https:\/\/szkolenia-udt.pl\/sv\/wp-json\/wp\/v2\/pages\/3570\/revisions\/3576"}],"up":[{"embeddable":true,"href":"https:\/\/szkolenia-udt.pl\/sv\/wp-json\/wp\/v2\/pages\/3556"}],"wp:featuredmedia":[{"embeddable":true,"href":"https:\/\/szkolenia-udt.pl\/sv\/wp-json\/wp\/v2\/media\/3572"}],"wp:attachment":[{"href":"https:\/\/szkolenia-udt.pl\/sv\/wp-json\/wp\/v2\/media?parent=3570"}],"curies":[{"name":"wp","href":"https:\/\/api.w.org\/{rel}","templated":true}]}}