{"id":361,"date":"2014-10-09T17:19:21","date_gmt":"2014-10-09T17:19:21","guid":{"rendered":"http:\/\/szkolenia-udt.pl\/?page_id=361"},"modified":"2023-12-11T00:59:20","modified_gmt":"2023-12-10T23:59:20","slug":"teleskoplastare","status":"publish","type":"page","link":"https:\/\/szkolenia-udt.pl\/sv\/kursy\/uprawnienia-udt-tdt-wdt\/ladowarki-teleskopowe\/","title":{"rendered":"Teleskoplastare"},"content":{"rendered":"<h2>Kurser f\u00f6r teleskoplastare - Warszawa och hela Polen<\/h2>\n<div style=\"float: left; padding-right: 10px;\"><div id=\"metaslider-id-388\" style=\"max-width: 300px;\" class=\"ml-slider-3-107-0 metaslider metaslider-flex metaslider-388 ml-slider ms-theme-default nav-hidden\" role=\"region\" aria-label=\"Teleskoplastare\" data-height=\"225\" data-width=\"300\">\n    <div id=\"metaslider_container_388\">\n        <div id=\"metaslider_388\">\n            <ul class='slides'>\n                <li style=\"display: block; width: 100%;\" class=\"slide-702 ms-image\" aria-roledescription=\"slide\" data-date=\"2014-10-12 11:29:19\" data-filename=\"O\u015brodek-szkolenia-operator\u00f3w1.jpg\" data-slide-type=\"image\"><img loading=\"lazy\" decoding=\"async\" src=\"https:\/\/szkolenia-udt.pl\/wp-content\/uploads\/2014\/10\/O\u015brodek-szkolenia-operator\u00f3w1.jpg\" height=\"225\" width=\"300\" alt=\"laddningskurser\" class=\"slider-388 slide-702 msDefaultImage\" \/><\/li>\n                <li style=\"display: none; width: 100%;\" class=\"slide-699 ms-image\" aria-roledescription=\"slide\" data-date=\"2014-10-12 11:29:17\" data-filename=\"Kurs-\u0142adowarka-teleskopowa.jpg\" data-slide-type=\"image\"><img loading=\"lazy\" decoding=\"async\" src=\"https:\/\/szkolenia-udt.pl\/wp-content\/uploads\/2014\/10\/Kurs-\u0142adowarka-teleskopowa.jpg\" height=\"225\" width=\"300\" alt=\"\" class=\"slider-388 slide-699 msDefaultImage\" \/><\/li>\n                <li style=\"display: none; width: 100%;\" class=\"slide-701 ms-image\" aria-roledescription=\"slide\" data-date=\"2014-10-12 11:29:19\" data-filename=\"OSO-Warszawa3.jpg\" data-slide-type=\"image\"><img loading=\"lazy\" decoding=\"async\" src=\"https:\/\/szkolenia-udt.pl\/wp-content\/uploads\/2014\/10\/OSO-Warszawa3.jpg\" height=\"225\" width=\"300\" alt=\"\" class=\"slider-388 slide-701 msDefaultImage\" \/><\/li>\n                <li style=\"display: none; width: 100%;\" class=\"slide-700 ms-image\" aria-roledescription=\"slide\" data-date=\"2014-10-12 11:29:18\" data-filename=\"Kursy-oraz-szkolenia-uprawnienia-udt.jpg\" data-slide-type=\"image\"><img loading=\"lazy\" decoding=\"async\" src=\"https:\/\/szkolenia-udt.pl\/wp-content\/uploads\/2014\/10\/Kursy-oraz-szkolenia-uprawnienia-udt.jpg\" height=\"225\" width=\"300\" alt=\"udt-utbildning\" class=\"slider-388 slide-700 msDefaultImage\" \/><\/li>\n                <li style=\"display: none; width: 100%;\" class=\"slide-1207 ms-image\" aria-roledescription=\"slide\" data-date=\"2014-11-17 21:42:14\" data-filename=\"\u0142adowarka-teles3a.jpg\" data-slide-type=\"image\"><img loading=\"lazy\" decoding=\"async\" src=\"https:\/\/szkolenia-udt.pl\/wp-content\/uploads\/2014\/11\/\u0142adowarka-teles3a.jpg\" height=\"225\" width=\"300\" alt=\"\" class=\"slider-388 slide-1207 msDefaultImage\" \/><\/li>\n            <\/ul>\n        <\/div>\n        \n    <\/div>\n<\/div><\/div>\n<div class=\"wyjustuj\">Kurs i hantering av teleskoplastare \u00e4ger rum i <a href=\"https:\/\/szkolenia-udt.pl\/sv\/o-firmie\/\">Centrum f\u00f6r utbildning av operat\u00f6rer<\/a> \u00e4r ett erbjudande som riktar sig till alla som vill skaffa sig de kvalifikationer som kr\u00e4vs f\u00f6r att arbeta som f\u00f6rare av denna typ av utrustning. Som utbildningsf\u00f6retag med erfarenhet garanterar vi att v\u00e5r lastarkurs blir en bra investering!<\/div>\n<h2 class=\"wyjustuj boldnagl\"><strong>Anv\u00e4ndning av utrustning<\/strong><\/h2>\n<div class=\"wyjustuj\">\n<p>Lastare med variabel r\u00e4ckvidd - teleskopisk \u00e4r en specialiserad gaffeltruck som fr\u00e4mst \u00e4r avsedd f\u00f6r transportarbete p\u00e5 byggarbetsplatser och inom jordbruket. Tack vare sin konstruktion och kraft kan den transportera st\u00f6rre f\u00f6rem\u00e5l \u00e4n vanliga gaffeltruckar. Den anv\u00e4nds bland annat f\u00f6r hantering av f\u00f6rem\u00e5l som st\u00e5lkonstruktioner, betongelement, aggregat, tr\u00e4, halm och annat. Bland de mest popul\u00e4ra tillverkarna av denna typ av utrustning finns: Manitou, JCB, Merlo, New Holland, Dieci eller Case. F\u00f6r att f\u00e5 anv\u00e4nda utrustningen m\u00e5ste f\u00f6raren ha ett kompetensbevis.<\/p>\n<h2 class=\"boldnagl\"><strong>Syfte med utbildningen<\/strong><\/h2>\n<p>Teleskoplastarkurserna \u00e4r utformade f\u00f6r att ge deltagaren en helt\u00e4ckande kunskap. Kurserna ger teoretiska kunskaper och praktiska f\u00e4rdigheter f\u00f6r anv\u00e4ndning av utrustning i kategori I WJO - specialiserade gaffeltruckar, inklusive truckar med variabel r\u00e4ckvidd, eller teleskoplastare.<\/p>\n<p>Tack vare oss kan du skaffa dig kvalifikationer till ett f\u00f6rm\u00e5nligt pris och vara s\u00e4ker p\u00e5 att f\u00e5 utbildning av kompetent personal. Utbildningens kvalitet har varit en prioritet f\u00f6r oss i \u00e5ratal, vilket ocks\u00e5 framg\u00e5r av v\u00e5ra kunders tillfredsst\u00e4llelse.<\/p>\n<h2 class=\"boldnagl\"><strong>Program<\/strong><\/h2>\n<p>V\u00e5ra kurser i teleskoplastare \u00e4r utformade f\u00f6r att ge deltagarna en helt\u00e4ckande kunskap om hur maskinen ska anv\u00e4ndas. V\u00e5rt m\u00e5l \u00e4r inte bara att l\u00e4ra ut f\u00f6r att klara provet, utan ocks\u00e5 att ge anv\u00e4ndbara r\u00e5d som \u00e4r anv\u00e4ndbara i det dagliga arbetet s\u00e5 att det \u00e4r s\u00e4kert och g\u00e5r smidigt. Det \u00e4r d\u00e4rf\u00f6r varje utbildning som vi anordnar leds av en person som \u00e4r mycket kompetent och erfaren inom utbildning och inom sitt yrke. Programmen utvecklas p\u00e5 grundval av UDT:s riktlinjer och den senaste lagstiftningen.<\/p>\n<h3 class=\"boldnagl\"><strong>Kurser om teleskoplastare - med variabel r\u00e4ckvidd baseras p\u00e5 f\u00f6ljande information:<\/strong><\/h3>\n<ul>\n<li>typer av utrustning och deras konstruktion<\/li>\n<li>teknisk \u00f6vervakning.<\/li>\n<li>utrustningsoperat\u00f6rens aktiviteter f\u00f6re, under och efter uppgiften<\/li>\n<li>grunderna i lastvetenskap<\/li>\n<li>extra utrustning tillbeh\u00f6r<\/li>\n<li>konstruktion och drift av gasflaskor<\/li>\n<li>H\u00e4lsa och s\u00e4kerhet p\u00e5 arbetsplatsen<\/li>\n<\/ul>\n<p>Utbildningen omfattar \u00e4ven praktiska \u00f6vningar med utrustning. N\u00e4r det g\u00e4ller slutna kurser \u00e4r det m\u00f6jligt att inkludera \u00e4mnen som \u00e4r relaterade till de anst\u00e4lldas specifika jobb.<\/p>\n<div style=\"float: left; padding-right: 10px;\"><div id=\"metaslider-id-388\" style=\"max-width: 300px;\" class=\"ml-slider-3-107-0 metaslider metaslider-flex metaslider-388 ml-slider ms-theme-default nav-hidden nav-hidden\" role=\"region\" aria-label=\"Teleskoplastare\" data-height=\"225\" data-width=\"300\">\n    <div id=\"metaslider_container_388\">\n        <div id=\"metaslider_388\">\n            <ul class='slides'>\n                <li style=\"display: block; width: 100%;\" class=\"slide-702 ms-image\" aria-roledescription=\"slide\" data-date=\"2014-10-12 11:29:19\" data-filename=\"O\u015brodek-szkolenia-operator\u00f3w1.jpg\" data-slide-type=\"image\"><img loading=\"lazy\" decoding=\"async\" src=\"https:\/\/szkolenia-udt.pl\/wp-content\/uploads\/2014\/10\/O\u015brodek-szkolenia-operator\u00f3w1.jpg\" height=\"225\" width=\"300\" alt=\"laddningskurser\" class=\"slider-388 slide-702 msDefaultImage\" \/><\/li>\n                <li style=\"display: none; width: 100%;\" class=\"slide-699 ms-image\" aria-roledescription=\"slide\" data-date=\"2014-10-12 11:29:17\" data-filename=\"Kurs-\u0142adowarka-teleskopowa.jpg\" data-slide-type=\"image\"><img loading=\"lazy\" decoding=\"async\" src=\"https:\/\/szkolenia-udt.pl\/wp-content\/uploads\/2014\/10\/Kurs-\u0142adowarka-teleskopowa.jpg\" height=\"225\" width=\"300\" alt=\"\" class=\"slider-388 slide-699 msDefaultImage\" \/><\/li>\n                <li style=\"display: none; width: 100%;\" class=\"slide-701 ms-image\" aria-roledescription=\"slide\" data-date=\"2014-10-12 11:29:19\" data-filename=\"OSO-Warszawa3.jpg\" data-slide-type=\"image\"><img loading=\"lazy\" decoding=\"async\" src=\"https:\/\/szkolenia-udt.pl\/wp-content\/uploads\/2014\/10\/OSO-Warszawa3.jpg\" height=\"225\" width=\"300\" alt=\"\" class=\"slider-388 slide-701 msDefaultImage\" \/><\/li>\n                <li style=\"display: none; width: 100%;\" class=\"slide-700 ms-image\" aria-roledescription=\"slide\" data-date=\"2014-10-12 11:29:18\" data-filename=\"Kursy-oraz-szkolenia-uprawnienia-udt.jpg\" data-slide-type=\"image\"><img loading=\"lazy\" decoding=\"async\" src=\"https:\/\/szkolenia-udt.pl\/wp-content\/uploads\/2014\/10\/Kursy-oraz-szkolenia-uprawnienia-udt.jpg\" height=\"225\" width=\"300\" alt=\"udt-utbildning\" class=\"slider-388 slide-700 msDefaultImage\" \/><\/li>\n                <li style=\"display: none; width: 100%;\" class=\"slide-1207 ms-image\" aria-roledescription=\"slide\" data-date=\"2014-11-17 21:42:14\" data-filename=\"\u0142adowarka-teles3a.jpg\" data-slide-type=\"image\"><img loading=\"lazy\" decoding=\"async\" src=\"https:\/\/szkolenia-udt.pl\/wp-content\/uploads\/2014\/11\/\u0142adowarka-teles3a.jpg\" height=\"225\" width=\"300\" alt=\"\" class=\"slider-388 slide-1207 msDefaultImage\" \/><\/li>\n            <\/ul>\n        <\/div>\n        \n    <\/div>\n<\/div><\/div>\n<h3 class=\"boldnagl\"><strong>R\u00e4ttigheter<\/strong><\/h3>\n<p>F\u00f6r att erh\u00e5lla en kvalifikation m\u00e5ste praktikanten f\u00f6rst delta i en kurs om teleskoplastare och sedan genomg\u00e5 ett prov inf\u00f6r en n\u00e4mnd fr\u00e5n kontoret f\u00f6r teknisk inspektion. Efter godk\u00e4nt resultat f\u00e5r han eller hon det relevanta certifikatet och \u00e4r beh\u00f6rig att arbeta som maskinoperat\u00f6r. Dessa \u00e4r giltiga i 5 \u00e5r i Polen och l\u00e4nderna i Europeiska unionen. Det \u00e4r m\u00f6jligt att utf\u00e4rda dokument p\u00e5 andra spr\u00e5k.<\/p>\n<h3 class=\"boldnagl\"><strong>Villkor f\u00f6r tilltr\u00e4de<\/strong><\/h3>\n<p>Kurser f\u00f6r lastare \u00e4r tillg\u00e4ngliga f\u00f6r dig som:<\/p>\n<ul>\n<li>\u00e4r minst 18 \u00e5r gamla<\/li>\n<li>ha minst grundskoleutbildning<\/li>\n<li>inte har n\u00e5gra kontraindikationer f\u00f6r att arbeta som maskinoperat\u00f6r<\/li>\n<\/ul>\n<p>Lastmaskinkursen anordnas i b\u00e5de \u00f6ppna och slutna format. F\u00f6r schemat f\u00f6r kommande \u00f6ppna kurser, som \u00e4r \u00f6ppna f\u00f6r alla intresserade, se v\u00e5rt schema. N\u00e4r det g\u00e4ller slutna klasser organiserar vi dem vid en l\u00e4mplig tidpunkt f\u00f6r kunden, inklusive i deras lokaler.<\/p>\n<p><a href=\"https:\/\/szkolenia-udt.pl\/sv\/oferta\/\">Pris f\u00f6r utbildning<\/a> best\u00e4ms individuellt beroende p\u00e5 antalet deltagare. I v\u00e5r prislista anges h\u00f6gsta och l\u00e4gsta m\u00f6jliga belopp f\u00f6r anv\u00e4ndning av tj\u00e4nsten. Maximalt 15 personer kan delta i kursen.<\/p>\n<p>Kurserna h\u00e5lls p\u00e5 v\u00e5ra filialer i st\u00e4derna: Warszawa, Krakow, Katowice och Bielsko-Biala. Vi kan ocks\u00e5 organisera dem p\u00e5 valfri plats i Polen som kunden anger.<\/p>\n<p>Vi st\u00e5r alltid till f\u00f6rfogande f\u00f6r fr\u00e5gor. Vi uppmuntrar dig att <a href=\"https:\/\/szkolenia-udt.pl\/sv\/kontakt\/\">kontakta oss<\/a> via e-post, telefon eller personligen p\u00e5 n\u00e5got av v\u00e5ra kontor. V\u00e5r personal kommer att f\u00f6rbereda ett individuellt erbjudande speciellt f\u00f6r dig och svara p\u00e5 alla dina fr\u00e5gor.<\/p>\n<\/div>","protected":false},"excerpt":{"rendered":"<p>Kursy na \u0142adowarki teleskopowe &#8211; Warszawa i ca\u0142a Polska Kurs na \u0142adowark\u0119 teleskopow\u0105 odbywaj\u0105cy si\u0119 w O\u015brodku Szkolenia Operator\u00f3w to oferta skierowana do ka\u017cdego, kto chcia\u0142by uzyska\u0107 niezb\u0119dne uprawnienia do pracy na stanowisku operatora urz\u0105dze\u0144 tego typu. Jako firma szkoleniowa z do\u015bwiadczeniem gwarantujemy, \u017ce nasz kurs na \u0142adowark\u0119 b\u0119dzie dobr\u0105 inwestycj\u0105! Zastosowanie sprz\u0119tu \u0141adowarka ze [&hellip;]<\/p>\n","protected":false},"author":3,"featured_media":702,"parent":2266,"menu_order":0,"comment_status":"closed","ping_status":"closed","template":"","meta":{"footnotes":""},"class_list":["post-361","page","type-page","status-publish","has-post-thumbnail","hentry"],"aioseo_notices":[],"_links":{"self":[{"href":"https:\/\/szkolenia-udt.pl\/sv\/wp-json\/wp\/v2\/pages\/361","targetHints":{"allow":["GET"]}}],"collection":[{"href":"https:\/\/szkolenia-udt.pl\/sv\/wp-json\/wp\/v2\/pages"}],"about":[{"href":"https:\/\/szkolenia-udt.pl\/sv\/wp-json\/wp\/v2\/types\/page"}],"author":[{"embeddable":true,"href":"https:\/\/szkolenia-udt.pl\/sv\/wp-json\/wp\/v2\/users\/3"}],"replies":[{"embeddable":true,"href":"https:\/\/szkolenia-udt.pl\/sv\/wp-json\/wp\/v2\/comments?post=361"}],"version-history":[{"count":18,"href":"https:\/\/szkolenia-udt.pl\/sv\/wp-json\/wp\/v2\/pages\/361\/revisions"}],"predecessor-version":[{"id":3257,"href":"https:\/\/szkolenia-udt.pl\/sv\/wp-json\/wp\/v2\/pages\/361\/revisions\/3257"}],"up":[{"embeddable":true,"href":"https:\/\/szkolenia-udt.pl\/sv\/wp-json\/wp\/v2\/pages\/2266"}],"wp:featuredmedia":[{"embeddable":true,"href":"https:\/\/szkolenia-udt.pl\/sv\/wp-json\/wp\/v2\/media\/702"}],"wp:attachment":[{"href":"https:\/\/szkolenia-udt.pl\/sv\/wp-json\/wp\/v2\/media?parent=361"}],"curies":[{"name":"wp","href":"https:\/\/api.w.org\/{rel}","templated":true}]}}