{"id":366,"date":"2014-10-09T17:25:31","date_gmt":"2014-10-09T17:25:31","guid":{"rendered":"http:\/\/szkolenia-udt.pl\/?page_id=366"},"modified":"2022-09-01T22:20:46","modified_gmt":"2022-09-01T20:20:46","slug":"teleskoplastare-med-variabel-hojd","status":"publish","type":"page","link":"https:\/\/szkolenia-udt.pl\/sv\/dzwignice\/ladowarki-teleskopowe-ze-zmiennym-wysiegiem\/","title":{"rendered":"Teleskoplastare"},"content":{"rendered":"<div style=\"float: left; padding-right: 10px;\"><div id=\"metaslider-id-388\" style=\"max-width: 300px;\" class=\"ml-slider-3-107-0 metaslider metaslider-flex metaslider-388 ml-slider ms-theme-default nav-hidden\" role=\"region\" aria-label=\"Teleskoplastare\" data-height=\"225\" data-width=\"300\">\n    <div id=\"metaslider_container_388\">\n        <div id=\"metaslider_388\">\n            <ul class='slides'>\n                <li style=\"display: block; width: 100%;\" class=\"slide-702 ms-image\" aria-roledescription=\"slide\" data-date=\"2014-10-12 11:29:19\" data-filename=\"O\u015brodek-szkolenia-operator\u00f3w1.jpg\" data-slide-type=\"image\"><img loading=\"lazy\" decoding=\"async\" src=\"https:\/\/szkolenia-udt.pl\/wp-content\/uploads\/2014\/10\/O\u015brodek-szkolenia-operator\u00f3w1.jpg\" height=\"225\" width=\"300\" alt=\"laddningskurser\" class=\"slider-388 slide-702 msDefaultImage\" \/><\/li>\n                <li style=\"display: none; width: 100%;\" class=\"slide-699 ms-image\" aria-roledescription=\"slide\" data-date=\"2014-10-12 11:29:17\" data-filename=\"Kurs-\u0142adowarka-teleskopowa.jpg\" data-slide-type=\"image\"><img loading=\"lazy\" decoding=\"async\" src=\"https:\/\/szkolenia-udt.pl\/wp-content\/uploads\/2014\/10\/Kurs-\u0142adowarka-teleskopowa.jpg\" height=\"225\" width=\"300\" alt=\"\" class=\"slider-388 slide-699 msDefaultImage\" \/><\/li>\n                <li style=\"display: none; width: 100%;\" class=\"slide-701 ms-image\" aria-roledescription=\"slide\" data-date=\"2014-10-12 11:29:19\" data-filename=\"OSO-Warszawa3.jpg\" data-slide-type=\"image\"><img loading=\"lazy\" decoding=\"async\" src=\"https:\/\/szkolenia-udt.pl\/wp-content\/uploads\/2014\/10\/OSO-Warszawa3.jpg\" height=\"225\" width=\"300\" alt=\"\" class=\"slider-388 slide-701 msDefaultImage\" \/><\/li>\n                <li style=\"display: none; width: 100%;\" class=\"slide-700 ms-image\" aria-roledescription=\"slide\" data-date=\"2014-10-12 11:29:18\" data-filename=\"Kursy-oraz-szkolenia-uprawnienia-udt.jpg\" data-slide-type=\"image\"><img loading=\"lazy\" decoding=\"async\" src=\"https:\/\/szkolenia-udt.pl\/wp-content\/uploads\/2014\/10\/Kursy-oraz-szkolenia-uprawnienia-udt.jpg\" height=\"225\" width=\"300\" alt=\"udt-utbildning\" class=\"slider-388 slide-700 msDefaultImage\" \/><\/li>\n                <li style=\"display: none; width: 100%;\" class=\"slide-1207 ms-image\" aria-roledescription=\"slide\" data-date=\"2014-11-17 21:42:14\" data-filename=\"\u0142adowarka-teles3a.jpg\" data-slide-type=\"image\"><img loading=\"lazy\" decoding=\"async\" src=\"https:\/\/szkolenia-udt.pl\/wp-content\/uploads\/2014\/11\/\u0142adowarka-teles3a.jpg\" height=\"225\" width=\"300\" alt=\"\" class=\"slider-388 slide-1207 msDefaultImage\" \/><\/li>\n            <\/ul>\n        <\/div>\n        \n    <\/div>\n<\/div><\/div>\n<div class=\"wyjustuj\">Laddare anv\u00e4nds ofta i transportarbete. Teleskoplastare - med sin variabla r\u00e4ckvidd - h\u00f6r till den h\u00e4r kategorin och anv\u00e4nds ofta inom byggnads- och jordbruksarbete. Modern utrustning g\u00f6r det m\u00f6jligt att utf\u00f6ra arbetet p\u00e5 ett s\u00e4kert s\u00e4tt och mycket snabbare. F\u00f6r att f\u00e5 anv\u00e4nda dessa maskiner beh\u00f6ver du en kurs i teleskoplastare och ett godk\u00e4nnande fr\u00e5n tekniska kontrollbyr\u00e5n.<\/div>\n<h2 class=\"wyjustuj\"><strong>Grundl\u00e4ggande information<\/strong><\/h2>\n<p class=\"wyjustuj\">En teleskoplastare - en lastare med variabel r\u00e4ckvidd - \u00e4r en specialiserad gaffeltruck. Popul\u00e4ra tillverkare av denna typ av utrustning \u00e4r bland annat: Dieci, Manitou, Merlo, New Holland, Case, JCB. Modellerna erbjuds i olika varianter och med extra redskap, vilket g\u00f6r dem mycket anv\u00e4ndbara och allm\u00e4nt anv\u00e4nda p\u00e5 arbetsplatser. Den h\u00e4r typen av utrustning skiljer sig fr\u00e5n vanliga gaffeltruckar genom sin annorlunda utformning. De \u00e4r utrustade med s\u00e4rskilda redskap som g\u00f6r att de kan hantera st\u00f6rre och tyngre f\u00f6rem\u00e5l och material. De har motorer med h\u00f6gre effekt, deras hytt \u00e4r extra skyddad f\u00f6r att skydda f\u00f6raren fr\u00e5n olyckor och de \u00e4r ocks\u00e5 utrustade med en s\u00e4rskild drivning och s\u00e4rskilda d\u00e4ck, s\u00e5 att de kan k\u00f6ra p\u00e5 de flesta ytor, \u00e4ven sv\u00e5ra. Den speciella konstruktionen och kraften g\u00f6r att dessa maskiner anv\u00e4nds i arbeten d\u00e4r vanliga gaffeltruckar inte \u00e4r l\u00e4mpliga och d\u00e4r en specialiserad gaffeltruck kr\u00e4vs.<\/p>\n<h3 class=\"boldnagl\"><strong>Ans\u00f6kan<\/strong><\/h3>\n<p>Laddare anv\u00e4nds i stor utstr\u00e4ckning inom byggnads- och jordbrukssektorn. De har en m\u00e4ngd olika tillbeh\u00f6r som g\u00f6r att de kan utf\u00f6ra m\u00e5nga olika uppgifter. De anv\u00e4nds bland annat f\u00f6r jordarbeten och transport av jord och aggregat av olika slag, f\u00f6r transport av st\u00e5lkonstruktioner, betongelement samt g\u00f6dsel, halm och tr\u00e4. Dessutom anv\u00e4nds utrustningen inom lagerindustrin f\u00f6r lastning och lossning av pallar, big-bags och boxpallar. Om man l\u00e4gger till m\u00e4nniskokorgar p\u00e5 vagnarna kan man anv\u00e4nda dem som hissar.<\/p>\n<h3 class=\"boldnagl\"><strong>Typer av utrustning<\/strong><\/h3>\n<p><strong>Det finns tv\u00e5 typer av utrustning beroende p\u00e5 deras utformning:<\/strong><\/p>\n<ul>\n<li>Stela, frontmonterade - har f\u00f6rarhytten fast placerad p\u00e5 maskinramen. Bommarna styrs fr\u00e5n fordonets h\u00f6gra sida. Enheterna kan f\u00f6rses med sidost\u00f6d. I genomsnitt har de en lyftkapacitet p\u00e5 mellan 1,5 och 20 ton och en maximal r\u00e4ckvidd p\u00e5 20 meter.<\/li>\n<li>Roterande - har ett sv\u00e4ngbart huvud som g\u00f6r att f\u00f6rarhytten kan flyttas och att bommen kan flyttas 360 grader p\u00e5 maskinplattformen. De har i genomsnitt en lyftkapacitet p\u00e5 3-5 ton och en maximal r\u00e4ckvidd p\u00e5 30 meter.<\/li>\n<\/ul>\n<h3 class=\"boldnagl\"><strong>L\u00e4rande i tj\u00e4nsten<\/strong><\/h3>\n<p>F\u00f6r att kunna anv\u00e4nda utrustningen beh\u00f6ver du en kurs i teleskoplastare. F\u00f6r att arbeta med den beskrivna utrustningen m\u00e5ste du vara kvalificerad i WJO-kategori I f\u00f6r specialiserade gaffeltruckar. De kan inte anv\u00e4ndas av personer som \u00e4r certifierade f\u00f6r andra typer av gaffeltruckar. Det grundl\u00e4ggande kravet \u00e4r att delta i en utbildning p\u00e5 ett certifierat center. F\u00f6r att delta i utbildningen m\u00e5ste du vara myndig, ha minst grundskoleutbildning och inte ha n\u00e5gra medicinska kontraindikationer f\u00f6r att arbeta som operat\u00f6r.<\/p>\n<div style=\"float: left; padding-right: 10px;\"><div id=\"metaslider-id-704\" style=\"max-width: 300px;\" class=\"ml-slider-3-107-0 metaslider metaslider-flex metaslider-704 ml-slider ms-theme-default nav-hidden nav-hidden\" role=\"region\" aria-label=\"teleskoplastare2\" data-height=\"225\" data-width=\"300\">\n    <div id=\"metaslider_container_704\">\n        <div id=\"metaslider_704\">\n            <ul class='slides'>\n                <li style=\"display: block; width: 100%;\" class=\"slide-713 ms-image\" aria-roledescription=\"slide\" data-date=\"2014-10-12 11:48:49\" data-filename=\"foto-\u0142adowarka.jpg\" data-slide-type=\"image\"><img loading=\"lazy\" decoding=\"async\" src=\"https:\/\/szkolenia-udt.pl\/wp-content\/uploads\/2014\/10\/foto-\u0142adowarka.jpg\" height=\"225\" width=\"300\" alt=\"Kurser Teleskopisk hantering\" class=\"slider-704 slide-713 msDefaultImage\" \/><\/li>\n                <li style=\"display: none; width: 100%;\" class=\"slide-715 ms-image\" aria-roledescription=\"slide\" data-date=\"2014-10-12 11:48:51\" data-filename=\"kursy-\u0142adowarki2.jpg\" data-slide-type=\"image\"><img loading=\"lazy\" decoding=\"async\" src=\"https:\/\/szkolenia-udt.pl\/wp-content\/uploads\/2014\/10\/kursy-\u0142adowarki2.jpg\" height=\"225\" width=\"300\" alt=\"Utbildningscenter f\u00f6r operat\u00f6rer Warszawa\" class=\"slider-704 slide-715 msDefaultImage\" \/><\/li>\n                <li style=\"display: none; width: 100%;\" class=\"slide-717 ms-image\" aria-roledescription=\"slide\" data-date=\"2014-10-12 11:48:53\" data-filename=\"OSO-Warszawa4.jpg\" data-slide-type=\"image\"><img loading=\"lazy\" decoding=\"async\" src=\"https:\/\/szkolenia-udt.pl\/wp-content\/uploads\/2014\/10\/OSO-Warszawa4.jpg\" height=\"225\" width=\"300\" alt=\"\" class=\"slider-704 slide-717 msDefaultImage\" \/><\/li>\n                <li style=\"display: none; width: 100%;\" class=\"slide-718 ms-image\" aria-roledescription=\"slide\" data-date=\"2014-10-12 11:48:53\" data-filename=\"zdj\u0119cie-\u0142adowarka-teleskopowa.jpg\" data-slide-type=\"image\"><img loading=\"lazy\" decoding=\"async\" src=\"https:\/\/szkolenia-udt.pl\/wp-content\/uploads\/2014\/10\/zdj\u0119cie-\u0142adowarka-teleskopowa.jpg\" height=\"225\" width=\"300\" alt=\"Kurser och utbildning f\u00f6r teleskoplastare\" class=\"slider-704 slide-718 msDefaultImage\" \/><\/li>\n                <li style=\"display: none; width: 100%;\" class=\"slide-714 ms-image\" aria-roledescription=\"slide\" data-date=\"2014-10-12 11:48:50\" data-filename=\"kursy-\u0142adowarki.jpg\" data-slide-type=\"image\"><img loading=\"lazy\" decoding=\"async\" src=\"https:\/\/szkolenia-udt.pl\/wp-content\/uploads\/2014\/10\/kursy-\u0142adowarki.jpg\" height=\"225\" width=\"300\" alt=\"\" class=\"slider-704 slide-714 msDefaultImage\" \/><\/li>\n            <\/ul>\n        <\/div>\n        \n    <\/div>\n<\/div><\/div>\n<p>Utbildningen ger deltagarna teoretisk information om hur utrustningen fungerar, h\u00e4lso- och s\u00e4kerhetsregler och andra kunskaper som beh\u00f6vs f\u00f6r s\u00e4kert arbete. Utbildningen omfattar \u00e4ven praktiska \u00f6vningar. I slutet av kursen avl\u00e4gger deltagaren ett prov inf\u00f6r en kommission fr\u00e5n kontoret f\u00f6r teknisk kontroll. Om deltagaren klarar provet f\u00e5r han\/hon ett intyg och en licens som \u00e4r giltig i fem \u00e5r.<\/p>\n<p>I v\u00e5r <a href=\"https:\/\/szkolenia-udt.pl\/sv\/o-firmie\/\">Centrum f\u00f6r utbildning av operat\u00f6rer<\/a> Vi erbjuder yrkesutbildning f\u00f6r f\u00f6rare av lastare med variabel r\u00e4ckvidd - teleskoplastare. Kurserna anordnas p\u00e5 fyra platser i Polen: Warszawa, Krakow, Katowice, Bielsko-Bia\u0142a, samt i hela Polen med resor till kunderna. <a href=\"https:\/\/szkolenia-udt.pl\/sv\/oferta\/\">Prislista<\/a> beror p\u00e5 antalet deltagare i klasserna.<\/p>\n<p><a href=\"https:\/\/szkolenia-udt.pl\/sv\/kontakt\/\">Du \u00e4r hj\u00e4rtligt inbjuden<\/a> p\u00e5 <a href=\"https:\/\/szkolenia-udt.pl\/sv\/kursy\/uprawnienia-udt-tdt-wdt\/ladowarki-teleskopowe\/\">kurser f\u00f6r teleskoplastare<\/a> till v\u00e5rt utbildningscenter f\u00f6r operat\u00f6rer!<\/p>","protected":false},"excerpt":{"rendered":"<p>\u0141adowarki s\u0105 powszechnie wykorzystywanymi w pracach transportowych urz\u0105dzeniami. \u0141adowarki teleskopowe \u2013 ze zmiennym wysi\u0119giem nale\u017c\u0105 do tej kategorii i znajduj\u0105 szerokie zastosowanie w pracach w bran\u017cy budowniczej oraz rolniczej. Nowoczesne sprz\u0119ty pozwalaj\u0105 na bezpieczne i znacznie szybsze wykonywanie prac. Do ich obs\u0142ugi potrzebny jest kurs na \u0142adowark\u0119 teleskopow\u0105 i odpowiednie uprawnienia nadawane przez UDT. Podstawowe [&hellip;]<\/p>\n","protected":false},"author":3,"featured_media":0,"parent":69,"menu_order":0,"comment_status":"closed","ping_status":"closed","template":"","meta":{"footnotes":""},"class_list":["post-366","page","type-page","status-publish","hentry"],"aioseo_notices":[],"_links":{"self":[{"href":"https:\/\/szkolenia-udt.pl\/sv\/wp-json\/wp\/v2\/pages\/366","targetHints":{"allow":["GET"]}}],"collection":[{"href":"https:\/\/szkolenia-udt.pl\/sv\/wp-json\/wp\/v2\/pages"}],"about":[{"href":"https:\/\/szkolenia-udt.pl\/sv\/wp-json\/wp\/v2\/types\/page"}],"author":[{"embeddable":true,"href":"https:\/\/szkolenia-udt.pl\/sv\/wp-json\/wp\/v2\/users\/3"}],"replies":[{"embeddable":true,"href":"https:\/\/szkolenia-udt.pl\/sv\/wp-json\/wp\/v2\/comments?post=366"}],"version-history":[{"count":13,"href":"https:\/\/szkolenia-udt.pl\/sv\/wp-json\/wp\/v2\/pages\/366\/revisions"}],"predecessor-version":[{"id":3258,"href":"https:\/\/szkolenia-udt.pl\/sv\/wp-json\/wp\/v2\/pages\/366\/revisions\/3258"}],"up":[{"embeddable":true,"href":"https:\/\/szkolenia-udt.pl\/sv\/wp-json\/wp\/v2\/pages\/69"}],"wp:attachment":[{"href":"https:\/\/szkolenia-udt.pl\/sv\/wp-json\/wp\/v2\/media?parent=366"}],"curies":[{"name":"wp","href":"https:\/\/api.w.org\/{rel}","templated":true}]}}