{"id":3672,"date":"2023-03-06T19:05:38","date_gmt":"2023-03-06T18:05:38","guid":{"rendered":"https:\/\/szkolenia-udt.pl\/?page_id=3672"},"modified":"2023-03-08T01:28:20","modified_gmt":"2023-03-08T00:28:20","slug":"underhall-av-dackskranar","status":"publish","type":"page","link":"https:\/\/szkolenia-udt.pl\/sv\/kursy\/uprawnienia-udt-tdt-wdt\/zurawie-pokladowe-konserwacja\/","title":{"rendered":"D\u00e4ckskranar - underh\u00e5ll"},"content":{"rendered":"\n<h2 class=\"wp-block-heading\">O nas<\/h2>\n\n\n\n<p>Jeste\u015bmy firm\u0105, kt\u00f3ra od lat prowadzi profesjonalne kursy, przygotowuj\u0105ce m.in. do konserwacji \u017curawi pok\u0142adowych. Prowadzimy zaj\u0119cia zgodnie z wymaganiami egzaminacyjnymi UDT. Posiadamy wieloletnie do\u015bwiadczenie i gwarantujemy kompleksowe przygotowanie do zawodu konserwatora.&nbsp;&nbsp;<\/p>\n\n\n<div class=\"wp-block-image\">\n<figure class=\"alignright size-large is-resized\"><a href=\"https:\/\/szkolenia-udt.pl\/wp-content\/uploads\/2023\/02\/screen_2x-13-1.jpg\"><img loading=\"lazy\" decoding=\"async\" src=\"https:\/\/szkolenia-udt.pl\/wp-content\/uploads\/2023\/02\/screen_2x-13-1-1024x609.jpg\" alt=\"Zbli\u017cenie na \u017curaw p\u0142ywaj\u0105cy\" class=\"wp-image-3674\" width=\"512\" height=\"305\" srcset=\"https:\/\/szkolenia-udt.pl\/wp-content\/uploads\/2023\/02\/screen_2x-13-1-1024x609.jpg 1024w, https:\/\/szkolenia-udt.pl\/wp-content\/uploads\/2023\/02\/screen_2x-13-1-300x179.jpg 300w, https:\/\/szkolenia-udt.pl\/wp-content\/uploads\/2023\/02\/screen_2x-13-1-768x457.jpg 768w, https:\/\/szkolenia-udt.pl\/wp-content\/uploads\/2023\/02\/screen_2x-13-1-1536x914.jpg 1536w, https:\/\/szkolenia-udt.pl\/wp-content\/uploads\/2023\/02\/screen_2x-13-1-18x12.jpg 18w, https:\/\/szkolenia-udt.pl\/wp-content\/uploads\/2023\/02\/screen_2x-13-1.jpg 1600w\" sizes=\"auto, (max-width: 512px) 100vw, 512px\" \/><\/a><\/figure>\n<\/div>\n\n\n<h2 class=\"wp-block-heading\">Zaw\u00f3d konserwatora&nbsp;<\/h2>\n\n\n\n<p>Szkolenie na konserwatora \u017curawi pok\u0142adowych przeznaczone jest dla os\u00f3b zainteresowanych prac\u0105 przy konserwacji i naprawie urz\u0105dze\u0144 prze\u0142adunkowych w magazynach portowych, b\u0105d\u017a te\u017c stoczniach.&nbsp;&nbsp;<\/p>\n\n\n\n<h2 class=\"wp-block-heading\">Wymagania<\/h2>\n\n\n\n<p>Aby przyst\u0105pi\u0107 do kursu, nale\u017cy:&nbsp;<\/p>\n\n\n\n<ul class=\"wp-block-list\">\n<li>mie\u0107 uko\u0144czone 18 lat,&nbsp;<\/li>\n\n\n\n<li>posiada\u0107 za\u015bwiadczenie od lekarza,&nbsp;<\/li>\n\n\n\n<li>mie\u0107 uko\u0144czone co najmniej wykszta\u0142cenie podstawowe.&nbsp;<\/li>\n<\/ul>\n\n\n\n<h2 class=\"wp-block-heading\">UDT \u2013 konserwacja \u017curawi&nbsp;<\/h2>\n\n\n\n<p>Konserwacja \u017curawi pok\u0142adowych, jak i wi\u0119kszo\u015b\u0107 pozosta\u0142ych urz\u0105dze\u0144 przemys\u0142owych, uj\u0119ta jest w wymogach Urz\u0119du Dozoru Technicznego. Maszyny, kt\u00f3rych dotyczy kontrola UDT, znajduj\u0105 zastosowanie g\u0142\u00f3wnie w miejscach takich jak zak\u0142ady przemys\u0142owe i budowlane. W przypadku \u017curawi pok\u0142adowych s\u0105 to najcz\u0119\u015bciej porty i stocznie.&nbsp;&nbsp;<\/p>\n\n\n\n<h2 class=\"wp-block-heading\">Egzamin&nbsp;<\/h2>\n\n\n\n<p>Do uko\u0144czenia kursu konieczne jest zdanie egzaminu pa\u0144stwowego przed komisj\u0105 z Urz\u0119du Dozoru Technicznego. Nasze zaj\u0119cia uwzgl\u0119dniaj\u0105 aktualne wymagania egzaminacyjne, wyznaczone przez UDT.&nbsp;<\/p>\n\n\n<div class=\"wp-block-image\">\n<figure class=\"alignright size-large is-resized\"><a href=\"https:\/\/szkolenia-udt.pl\/wp-content\/uploads\/2023\/02\/zurawie_pladowe.jpg\"><img loading=\"lazy\" decoding=\"async\" src=\"https:\/\/szkolenia-udt.pl\/wp-content\/uploads\/2023\/02\/zurawie_pladowe-1024x556.jpg\" alt=\"\u017buraw p\u0142ywaj\u0105cy w porcie\" class=\"wp-image-3676\" width=\"512\" height=\"278\" srcset=\"https:\/\/szkolenia-udt.pl\/wp-content\/uploads\/2023\/02\/zurawie_pladowe-1024x556.jpg 1024w, https:\/\/szkolenia-udt.pl\/wp-content\/uploads\/2023\/02\/zurawie_pladowe-300x163.jpg 300w, https:\/\/szkolenia-udt.pl\/wp-content\/uploads\/2023\/02\/zurawie_pladowe-768x417.jpg 768w, https:\/\/szkolenia-udt.pl\/wp-content\/uploads\/2023\/02\/zurawie_pladowe-1536x834.jpg 1536w, https:\/\/szkolenia-udt.pl\/wp-content\/uploads\/2023\/02\/zurawie_pladowe-18x10.jpg 18w, https:\/\/szkolenia-udt.pl\/wp-content\/uploads\/2023\/02\/zurawie_pladowe.jpg 1562w\" sizes=\"auto, (max-width: 512px) 100vw, 512px\" \/><\/a><\/figure>\n<\/div>\n\n\n<h2 class=\"wp-block-heading\">Program kursu&nbsp;<\/h2>\n\n\n\n<p>Tematy omawiane na kursach to, m.in.:&nbsp;<\/p>\n\n\n\n<ul class=\"wp-block-list\">\n<li>wykrywanie i usuwanie usterek,&nbsp;<\/li>\n\n\n\n<li>wymogi BHP,&nbsp;<\/li>\n\n\n\n<li>zapoznanie si\u0119 ze specyfikacjami technicznymi danych modeli,&nbsp;<\/li>\n\n\n\n<li>konstrukcja \u017curawi podestowych,&nbsp;<\/li>\n\n\n\n<li>w\u0142a\u015bciwa eksploatacja urz\u0105dze\u0144,&nbsp;<\/li>\n\n\n\n<li>spawalnictwo,<\/li>\n\n\n\n<li>prowadzenie dokumentacji technicznej.&nbsp;<\/li>\n<\/ul>\n\n\n\n<h2 class=\"wp-block-heading\">Obowi\u0105zki konserwatora&nbsp;<\/h2>\n\n\n\n<p>Wed\u0142ug aktualnych przepis\u00f3w prawnych w\u0142a\u015bciciele wszystkich urz\u0105dze\u0144 podleg\u0142ych UDT, musz\u0105 regularnie dokonywa\u0107 rutynowych przegl\u0105d\u00f3w technicznych. W odpowiednim terminie ka\u017cdy zak\u0142ad powinien podda\u0107 sw\u00f3j sprz\u0119t odpowiednim czynno\u015bciom konserwacyjnym. UDT, w przypadku niespe\u0142nienia tego wymogu, mo\u017ce na\u0142o\u017cy\u0107 kar\u0119 administracyjn\u0105. Istnieje wi\u0119c du\u017ce zapotrzebowanie na osoby zajmuj\u0105ce si\u0119 konserwacj\u0105 takich urz\u0105dze\u0144. Czynno\u015bci konserwacyjne przek\u0142adaj\u0105 si\u0119 na bezpiecze\u0144stwo i sprawno\u015b\u0107 zak\u0142ad\u00f3w.<\/p>\n\n\n\n<h2 class=\"wp-block-heading\">Zapraszamy na kursy<\/h2>\n\n\n\n<p>Zapraszamy na <a href=\"https:\/\/szkolenia-udt.pl\/sv\/kursy\/\">nasze szkolenia<\/a> z zakresu obs\u0142ugi i konserwacji urz\u0105dze\u0144, m.in. \u017curawi p\u0142ywaj\u0105cych, wie\u017cowych, HDS czy kolejowych, suwnic, w\u00f3zk\u00f3w wid\u0142owych, podest\u00f3w ruchomych, \u0142adowarek teleskopowych i innych maszyn. <\/p>\n\n\n\n<p>Szkolimy w Warszawie i na terenie ca\u0142ego kraju. Zapraszamy do kontaktu. <\/p>\n\n\n\n<h2 class=\"wp-block-heading\">Pytania i odpowiedzi:<\/h2>\n\n\n\t\t<details\t\thelp class=\"sc_fs_faq sc_card    \"\n\t\topen\t\t>\n\t\t\t\t\t<summary>\n\t\t\t\t<h3>1. Jak uzyska\u0107 kwalifikacje konserwatora \u017curawi pok\u0142adowych?<\/h3>\t\t\t\t\t<\/summary>\n\t\t\t\t<div>\n\t\t\t\t\t\t<div class=\"sc_fs_faq__content\">\n\t\t\t\t\n\n<p>Aby m\u00f3c wykonywa\u0107 prace konserwacyjne przy urz\u0105dzeniach takich, jak \u017curawie pok\u0142adowe, trzeba uko\u0144czy\u0107 odpowiedni kurs. Warunki przyst\u0105pienia do szkolenia to pe\u0142noletnio\u015b\u0107 oraz posiadanie w\u0142a\u015bciwego za\u015bwiadczenia lekarskiego i co najmniej podstawowego wykszta\u0142cenia.<\/p>\n\n\t\t\t<\/div>\n\t\t<\/div>\n\t\t<\/details>\n\t\t\t\t<details\t\thelp class=\"sc_fs_faq sc_card    \"\n\t\t\t\t>\n\t\t\t\t\t<summary>\n\t\t\t\t<h3>2. Co ma na celu konserwacja \u017curawi pok\u0142adowych?<\/h3>\t\t\t\t\t<\/summary>\n\t\t\t\t<div>\n\t\t\t\t\t\t<div class=\"sc_fs_faq__content\">\n\t\t\t\t\n\n<p>\u017burawie pok\u0142adowe, jak i inne podobne im sprz\u0119ty przemys\u0142owe, rejestrowane s\u0105 w Urz\u0119dzie Dozoru Technicznego. Jednym z podstawowych wymaga\u0144 UDT jest rutynowa kontrola w wyznaczonym terminie. Konserwatorzy, opr\u00f3cz tego, dbaj\u0105 o utrzymanie urz\u0105dze\u0144 jak najd\u0142u\u017cej w jak najlepszej kondycji oraz zapewniaj\u0105 bezpiecze\u0144stwo ich obs\u0142ugi.&nbsp;<\/p>\n\n\t\t\t<\/div>\n\t\t<\/div>\n\t\t<\/details>\n\t\t\n<script type=\"application\/ld+json\">\n\t{\n\t\t\"@context\": \"https:\/\/schema.org\",\n\t\t\"@type\": \"FAQPage\",\n\t\t\"mainEntity\": [\n\t\t\t\t\t{\n\t\t\t\t\"@type\": \"Question\",\n\t\t\t\t\"name\": \"1. Jak uzyska\u0107 kwalifikacje konserwatora \u017curawi pok\u0142adowych?\",\n\t\t\t\t\"acceptedAnswer\": {\n\t\t\t\t\t\"@type\": \"Answer\",\n\t\t\t\t\t\"text\": \"<p>Aby m\u00f3c wykonywa\u0107 prace konserwacyjne przy urz\u0105dzeniach takich, jak \u017curawie pok\u0142adowe, trzeba uko\u0144czy\u0107 odpowiedni kurs. Warunki przyst\u0105pienia do szkolenia to pe\u0142noletnio\u015b\u0107 oraz posiadanie w\u0142a\u015bciwego za\u015bwiadczenia lekarskiego i co najmniej podstawowego wykszta\u0142cenia.<\/p>\"\n\t\t\t\t\t\t\t\t\t}\n\t\t\t}\n\t\t\t,\t\t\t\t{\n\t\t\t\t\"@type\": \"Question\",\n\t\t\t\t\"name\": \"2. Co ma na celu konserwacja \u017curawi pok\u0142adowych?\",\n\t\t\t\t\"acceptedAnswer\": {\n\t\t\t\t\t\"@type\": \"Answer\",\n\t\t\t\t\t\"text\": \"<p>\u017burawie pok\u0142adowe, jak i inne podobne im sprz\u0119ty przemys\u0142owe, rejestrowane s\u0105 w Urz\u0119dzie Dozoru Technicznego. Jednym z podstawowych wymaga\u0144 UDT jest rutynowa kontrola w wyznaczonym terminie. Konserwatorzy, opr\u00f3cz tego, dbaj\u0105 o utrzymanie urz\u0105dze\u0144 jak najd\u0142u\u017cej w jak najlepszej kondycji oraz zapewniaj\u0105 bezpiecze\u0144stwo ich obs\u0142ugi.&nbsp;<\/p>\"\n\t\t\t\t\t\t\t\t\t}\n\t\t\t}\n\t\t\t\t\t\t]\n\t}\n<\/script>\n","protected":false},"excerpt":{"rendered":"<p>O nas Jeste\u015bmy firm\u0105, kt\u00f3ra od lat prowadzi profesjonalne kursy, przygotowuj\u0105ce m.in. do konserwacji \u017curawi pok\u0142adowych. Prowadzimy zaj\u0119cia zgodnie z wymaganiami egzaminacyjnymi UDT. Posiadamy wieloletnie do\u015bwiadczenie i gwarantujemy kompleksowe przygotowanie do zawodu konserwatora.&nbsp;&nbsp; Zaw\u00f3d konserwatora&nbsp; Szkolenie na konserwatora \u017curawi pok\u0142adowych przeznaczone jest dla os\u00f3b zainteresowanych prac\u0105 przy konserwacji i naprawie urz\u0105dze\u0144 prze\u0142adunkowych w magazynach portowych, [&hellip;]<\/p>\n","protected":false},"author":10,"featured_media":3674,"parent":2266,"menu_order":0,"comment_status":"closed","ping_status":"closed","template":"","meta":{"footnotes":""},"class_list":["post-3672","page","type-page","status-publish","has-post-thumbnail","hentry"],"aioseo_notices":[],"_links":{"self":[{"href":"https:\/\/szkolenia-udt.pl\/sv\/wp-json\/wp\/v2\/pages\/3672","targetHints":{"allow":["GET"]}}],"collection":[{"href":"https:\/\/szkolenia-udt.pl\/sv\/wp-json\/wp\/v2\/pages"}],"about":[{"href":"https:\/\/szkolenia-udt.pl\/sv\/wp-json\/wp\/v2\/types\/page"}],"author":[{"embeddable":true,"href":"https:\/\/szkolenia-udt.pl\/sv\/wp-json\/wp\/v2\/users\/10"}],"replies":[{"embeddable":true,"href":"https:\/\/szkolenia-udt.pl\/sv\/wp-json\/wp\/v2\/comments?post=3672"}],"version-history":[{"count":11,"href":"https:\/\/szkolenia-udt.pl\/sv\/wp-json\/wp\/v2\/pages\/3672\/revisions"}],"predecessor-version":[{"id":4242,"href":"https:\/\/szkolenia-udt.pl\/sv\/wp-json\/wp\/v2\/pages\/3672\/revisions\/4242"}],"up":[{"embeddable":true,"href":"https:\/\/szkolenia-udt.pl\/sv\/wp-json\/wp\/v2\/pages\/2266"}],"wp:featuredmedia":[{"embeddable":true,"href":"https:\/\/szkolenia-udt.pl\/sv\/wp-json\/wp\/v2\/media\/3674"}],"wp:attachment":[{"href":"https:\/\/szkolenia-udt.pl\/sv\/wp-json\/wp\/v2\/media?parent=3672"}],"curies":[{"name":"wp","href":"https:\/\/api.w.org\/{rel}","templated":true}]}}