{"id":37,"date":"2014-10-07T16:20:56","date_gmt":"2014-10-07T16:20:56","guid":{"rendered":"http:\/\/szkolenia-udt.pl\/?page_id=37"},"modified":"2016-07-05T20:02:46","modified_gmt":"2016-07-05T20:02:46","slug":"udt-rattigheter","status":"publish","type":"page","link":"https:\/\/szkolenia-udt.pl\/sv\/uprawnienia-udt\/","title":{"rendered":"UDT-kvalifikationer"},"content":{"rendered":"<h3>Med oss kommer du att f\u00e5 dina UDT-tillst\u00e5nd - Warszawa och hela Polen.<\/h3>\n<div class=\"wyjustuj\">Kontoret f\u00f6r teknisk inspektion (UDT) \u00e4r en statlig institution med s\u00e4te i Warszawa, vars syfte \u00e4r att kontrollera s\u00e4kerheten hos installationer och tekniska anordningar som omfattas av teknisk tillsyn. Det \u00e4r en enhet som bedriver utbildnings- och certifieringsverksamhet och har sina egna forsknings- och expertanl\u00e4ggningar.<strong>Verksamhetsomr\u00e5de f\u00f6r Byr\u00e5n f\u00f6r teknisk inspektion:<\/strong><\/p>\n<ul>\n<li>utf\u00f6ra tillsyn och kontroll i samband med efterlevnaden av tekniska tillsynsregler och andra till\u00e4mpliga regler<\/li>\n<li>utf\u00f6ra teknisk \u00f6vervakning av utrustning som f\u00f6rtecknas i f\u00f6reskrifterna<\/li>\n<li>utf\u00e4rda beslut om teknisk \u00f6vervakning<\/li>\n<li>Inspelning av teknisk utrustning<\/li>\n<li>Analyser av orsaker till och effekter av skador p\u00e5 utrustning och riskbed\u00f6mning av dessa.<\/li>\n<li>motivera anv\u00e4ndare och tillverkare att f\u00f6rb\u00e4ttra sina f\u00e4rdigheter n\u00e4r de arbetar med utrustning<\/li>\n<li>utarbetande och godk\u00e4nnande av program f\u00f6r UDT-kurser<\/li>\n<li>kontroll av anst\u00e4lldas kvalifikationer, utf\u00e4rdande av UDT-tillst\u00e5nd<\/li>\n<\/ul>\n<p>Alla personer som vill arbeta med utrustning som traverser, kranar, HDS, gaffeltruckar, track stackers, liftar och linbanor, containerhanterings- och fyllningsutrustning eller mobila plattformar, bland annat, \u00e4r certifierade av Office of Technical Inspection. En person som arbetar som operat\u00f6r av ovan n\u00e4mnda utrustning men saknar UTD-certifikat uts\u00e4tter arbetsgivaren f\u00f6r p\u00e5f\u00f6ljder.<\/p>\n<div style=\"float: left; padding-right: 10px;\"><div id=\"metaslider-id-625\" style=\"max-width: 300px;\" class=\"ml-slider-3-108-0 metaslider metaslider-flex metaslider-625 ml-slider ms-theme-default nav-hidden\" role=\"region\" aria-label=\"R\u00e4ttigheter\" data-height=\"225\" data-width=\"300\">\n    <div id=\"metaslider_container_625\">\n        <div id=\"metaslider_625\">\n            <ul class='slides'>\n                <li style=\"display: block; width: 100%;\" class=\"slide-540 ms-image\" aria-roledescription=\"slide\" data-date=\"2014-10-11 16:42:06\" data-filename=\"170AETJL_BI_NRJ_045.jpg\" data-slide-type=\"image\"><img loading=\"lazy\" decoding=\"async\" src=\"https:\/\/szkolenia-udt.pl\/wp-content\/uploads\/2014\/10\/170AETJL_BI_NRJ_045.jpg\" height=\"225\" width=\"300\" alt=\"Kurser och utbildning \" class=\"slider-625 slide-540 msDefaultImage\" \/><\/li>\n                <li style=\"display: none; width: 100%;\" class=\"slide-1109 ms-image\" aria-roledescription=\"slide\" data-date=\"2014-11-12 13:56:05\" data-filename=\"bizness3a.jpg\" data-slide-type=\"image\"><img loading=\"lazy\" decoding=\"async\" src=\"https:\/\/szkolenia-udt.pl\/wp-content\/uploads\/2014\/11\/bizness3a.jpg\" height=\"225\" width=\"300\" alt=\"utbildning\" class=\"slider-625 slide-1109 msDefaultImage\" \/><\/li>\n                <li style=\"display: none; width: 100%;\" class=\"slide-1105 ms-image\" aria-roledescription=\"slide\" data-date=\"2014-11-12 13:56:03\" data-filename=\"biznes4a.jpg\" data-slide-type=\"image\"><img loading=\"lazy\" decoding=\"async\" src=\"https:\/\/szkolenia-udt.pl\/wp-content\/uploads\/2014\/11\/biznes4a.jpg\" height=\"225\" width=\"300\" alt=\"\" class=\"slider-625 slide-1105 msDefaultImage\" \/><\/li>\n                <li style=\"display: none; width: 100%;\" class=\"slide-1104 ms-image\" aria-roledescription=\"slide\" data-date=\"2014-11-12 13:56:02\" data-filename=\"biznes1a.jpg\" data-slide-type=\"image\"><img loading=\"lazy\" decoding=\"async\" src=\"https:\/\/szkolenia-udt.pl\/wp-content\/uploads\/2014\/11\/biznes1a.jpg\" height=\"225\" width=\"300\" alt=\"\" class=\"slider-625 slide-1104 msDefaultImage\" \/><\/li>\n                <li style=\"display: none; width: 100%;\" class=\"slide-1112 ms-image\" aria-roledescription=\"slide\" data-date=\"2014-11-12 14:10:23\" data-filename=\"engeneer2.jpg\" data-slide-type=\"image\"><img loading=\"lazy\" decoding=\"async\" src=\"https:\/\/szkolenia-udt.pl\/wp-content\/uploads\/2014\/11\/engeneer2.jpg\" height=\"225\" width=\"300\" alt=\"\" class=\"slider-625 slide-1112 msDefaultImage\" \/><\/li>\n            <\/ul>\n        <\/div>\n        \n    <\/div>\n<\/div><\/div>\n<p>F\u00f6r att erh\u00e5lla en UDT-licens \u00e4r det n\u00f6dv\u00e4ndigt att delta i utbildningskurser. UDT-kurser genomf\u00f6rs i hela Polen av yrkesutbildningsinstitutioner. S\u00e5dana <a href=\"https:\/\/szkolenia-udt.pl\/sv\/kursy\/uprawnienia-udt-tdt-wdt\/szkolenia-z-zakresu-udt\/\">UDT-kurs<\/a> skall organiseras av en certifierad anl\u00e4ggning som samarbetar med myndigheten. Anl\u00e4ggningen skall tillhandah\u00e5lla undervisning i enlighet med myndighetens krav i form av teori och praktiska \u00f6vningar. <a href=\"https:\/\/szkolenia-udt.pl\/sv\/kursy\/szkolenie-audytorskie-udt\/\">UDT-utbildning<\/a> f\u00f6rbereder dig f\u00f6r ett prov som \u00e4ger rum inf\u00f6r en n\u00e4mnd best\u00e5ende av ledam\u00f6ter fr\u00e5n myndigheten. Proven best\u00e5r vanligtvis av ett skriftligt prov eller ett muntligt prov. Villkoren f\u00f6r att klara provet beror p\u00e5 vilken typ av r\u00e4ttighet deltagaren ans\u00f6ker om. Mer information kan f\u00e5s fr\u00e5n utbildningscentrumen eller fr\u00e5n myndigheten.<\/p>\n<p><strong>R\u00e4ttslig grund:<\/strong><\/p>\n<ul>\n<li>Lag av den 21 december 2000 om teknisk \u00f6vervakning (Journal of Laws nr 122, punkt 1321, med \u00e4ndringar).<\/li>\n<li>Ekonomiministerns f\u00f6rordning av den 18 juli 2001 om kontroll av kvalifikationer f\u00f6r drift och underh\u00e5ll av teknisk utrustning (Journal of Laws nr 79, punkt 849), \u00e4ndrad genom f\u00f6rordning av den 20 februari 2003 (Journal of Laws nr 50, punkt 426), utf\u00e4rdad p\u00e5 grundval av artikel 23.5 i lagen om teknisk \u00f6vervakning.<\/li>\n<\/ul>\n<p>Alla som \u00e4r intresserade av att erh\u00e5lla en UDT-licens <a href=\"https:\/\/szkolenia-udt.pl\/sv\/kontakt\/\">varmt v\u00e4lkomna<\/a> till v\u00e5rt utbildningscenter f\u00f6r operat\u00f6rer. Vi samarbetar med myndigheten och tillhandah\u00e5ller l\u00e4rlingsutbildning f\u00f6r maskinf\u00f6rare. Tack vare oss kan du f\u00e5 kvalifikationer f\u00f6r bland annat arbetsplattformar, saxliftar och kranar, <a href=\"https:\/\/szkolenia-udt.pl\/sv\/kursy\/wozki-widlowe\/\">k\u00f6rkort f\u00f6r gaffeltruck<\/a>kranar. Vi h\u00e5ller kurser i st\u00e4der som Warszawa, Krakow, Katowice och Bielsko-Bia\u0142a, d\u00e4r v\u00e5ra center \u00e4r bel\u00e4gna, men vi kan ocks\u00e5 h\u00e5lla dem direkt i kundens lokaler. Vi erbjuder slutna kurser (f\u00f6r organiserade grupper) och \u00f6ppna kurser (f\u00f6r alla intresserade). Vi garanterar l\u00e5ga priser!<\/p>\n<p>Du \u00e4r varmt v\u00e4lkommen att delta i UDT-utbildningar p\u00e5 v\u00e5rt center!<\/p>\n<\/div>","protected":false},"excerpt":{"rendered":"<p>Z nami zdob\u0119dziesz Uprawnienia UDT &#8211; Warszawa i ca\u0142a Polska Urz\u0105d Dozoru Technicznego (UDT) to pa\u0144stwowa instytucja z siedzib\u0105 w Warszawie, kt\u00f3rej celem jest kontrola bezpiecze\u0144stwa instalacji i urz\u0105dze\u0144 technicznych podlegaj\u0105cych dozorowi technicznemu. Jest jednostk\u0105 prowadz\u0105c\u0105 dzia\u0142alno\u015b\u0107 szkoleniow\u0105, certyfikacyjn\u0105, posiadaj\u0105c\u0105 w\u0142asne zaplecze badawczo-ekspertyzowe.Zakres dzia\u0142ania Urz\u0119du Dozoru Technicznego: prowadzenie nadzoru i kontroli w zwi\u0105zku z przestrzeganiem [&hellip;]<\/p>\n","protected":false},"author":3,"featured_media":0,"parent":0,"menu_order":3,"comment_status":"closed","ping_status":"closed","template":"","meta":{"footnotes":""},"class_list":["post-37","page","type-page","status-publish","hentry"],"aioseo_notices":[],"_links":{"self":[{"href":"https:\/\/szkolenia-udt.pl\/sv\/wp-json\/wp\/v2\/pages\/37","targetHints":{"allow":["GET"]}}],"collection":[{"href":"https:\/\/szkolenia-udt.pl\/sv\/wp-json\/wp\/v2\/pages"}],"about":[{"href":"https:\/\/szkolenia-udt.pl\/sv\/wp-json\/wp\/v2\/types\/page"}],"author":[{"embeddable":true,"href":"https:\/\/szkolenia-udt.pl\/sv\/wp-json\/wp\/v2\/users\/3"}],"replies":[{"embeddable":true,"href":"https:\/\/szkolenia-udt.pl\/sv\/wp-json\/wp\/v2\/comments?post=37"}],"version-history":[{"count":9,"href":"https:\/\/szkolenia-udt.pl\/sv\/wp-json\/wp\/v2\/pages\/37\/revisions"}],"predecessor-version":[{"id":1667,"href":"https:\/\/szkolenia-udt.pl\/sv\/wp-json\/wp\/v2\/pages\/37\/revisions\/1667"}],"wp:attachment":[{"href":"https:\/\/szkolenia-udt.pl\/sv\/wp-json\/wp\/v2\/media?parent=37"}],"curies":[{"name":"wp","href":"https:\/\/api.w.org\/{rel}","templated":true}]}}