{"id":3773,"date":"2023-03-06T19:21:06","date_gmt":"2023-03-06T18:21:06","guid":{"rendered":"https:\/\/szkolenia-udt.pl\/?page_id=3773"},"modified":"2023-03-08T01:21:52","modified_gmt":"2023-03-08T00:21:52","slug":"forare-av-mobilkranar","status":"publish","type":"page","link":"https:\/\/szkolenia-udt.pl\/sv\/kursy\/uprawnienia-udt-tdt-wdt\/operatora-zurawie-samojezdne\/","title":{"rendered":"UDT-kurs f\u00f6r operat\u00f6rer - mobilkranar"},"content":{"rendered":"<div class=\"wp-block-image\">\n<figure class=\"alignright size-large is-resized\"><a href=\"https:\/\/szkolenia-udt.pl\/wp-content\/uploads\/2023\/02\/s2-15.jpg\"><img loading=\"lazy\" decoding=\"async\" src=\"https:\/\/szkolenia-udt.pl\/wp-content\/uploads\/2023\/02\/s2-15-1024x682.jpg\" alt=\"\u017buraw samojezdny po pracy\" class=\"wp-image-3775\" width=\"473\" height=\"315\" srcset=\"https:\/\/szkolenia-udt.pl\/wp-content\/uploads\/2023\/02\/s2-15-1024x682.jpg 1024w, https:\/\/szkolenia-udt.pl\/wp-content\/uploads\/2023\/02\/s2-15-300x200.jpg 300w, https:\/\/szkolenia-udt.pl\/wp-content\/uploads\/2023\/02\/s2-15-768x512.jpg 768w, https:\/\/szkolenia-udt.pl\/wp-content\/uploads\/2023\/02\/s2-15-1536x1023.jpg 1536w, https:\/\/szkolenia-udt.pl\/wp-content\/uploads\/2023\/02\/s2-15-18x12.jpg 18w, https:\/\/szkolenia-udt.pl\/wp-content\/uploads\/2023\/02\/s2-15.jpg 1600w\" sizes=\"auto, (max-width: 473px) 100vw, 473px\" \/><\/a><\/figure>\n<\/div>\n\n\n<h2 class=\"wp-block-heading\">Wybierz szkolenie w OSO<\/h2>\n\n\n\n<p>Je\u015bli chcesz zdoby\u0107 odpowiednie uprawnienia, aby zosta\u0107 operatorem \u017curawia samojezdnego to dobrze trafi\u0142e\u015b. Prowadzimy kurs, kt\u00f3ry ma na celu przygotowanie kursanta do pracy z tym urz\u0105dzeniem. <a href=\"https:\/\/szkolenia-udt.pl\/sv\/kursy\/\">Nasze szkolenia<\/a> prowadzimy od ponad 15 lat i jeste\u015bmy zaufanym o\u015brodkiem szkoleniowym, kt\u00f3ry starannie przygotuje Ci\u0119 do egzaminu UDT.&nbsp;<\/p>\n\n\n\n<h2 class=\"wp-block-heading\">Program szkoleniowy&nbsp;<\/h2>\n\n\n\n<p>Ca\u0142o\u015b\u0107 programu opiera si\u0119 na odpowiednim przygotowaniu uczestnika do uzyskania uprawnie\u0144 UDT. W tym celu prowadzimy szkolenia teoretyczne oraz praktyczne, podczas kt\u00f3rych dowiesz si\u0119 m.in.:&nbsp;<\/p>\n\n\n\n<ul class=\"wp-block-list\">\n<li>jak pracowa\u0107 z urz\u0105dzaniem,&nbsp;<\/li>\n\n\n\n<li>poznasz zasady prawid\u0142owej pracy operatora \u017curawia samojezdnego zgodne z UDT,&nbsp;<\/li>\n\n\n\n<li>zapoznasz si\u0119 z zasadami BHP,&nbsp;<\/li>\n\n\n\n<li>poka\u017cemy Ci, jakie zadania obowi\u0105zuj\u0105 operatora \u017curawia,&nbsp;<\/li>\n\n\n\n<li>wyt\u0142umaczymy, jak wygl\u0105da egzamin, by uzyska\u0107 kwalifikacje.&nbsp;<\/li>\n<\/ul>\n\n\n\n<p>Podczas kursu uczestnicy dowiedz\u0105 si\u0119 r\u00f3wnie\u017c o bezpiecznej eksploatacji, konstrukcji \u017curawia samojezdnego. <\/p>\n\n\n<div class=\"wp-block-image\">\n<figure class=\"alignright size-large is-resized\"><a href=\"https:\/\/szkolenia-udt.pl\/wp-content\/uploads\/2023\/02\/s2-14-1.jpg\"><img loading=\"lazy\" decoding=\"async\" src=\"https:\/\/szkolenia-udt.pl\/wp-content\/uploads\/2023\/02\/s2-14-1-684x1024.jpg\" alt=\"\u017curaw samojezdny podczas pracy\" class=\"wp-image-3776\" width=\"342\" height=\"512\" srcset=\"https:\/\/szkolenia-udt.pl\/wp-content\/uploads\/2023\/02\/s2-14-1-684x1024.jpg 684w, https:\/\/szkolenia-udt.pl\/wp-content\/uploads\/2023\/02\/s2-14-1-200x300.jpg 200w, https:\/\/szkolenia-udt.pl\/wp-content\/uploads\/2023\/02\/s2-14-1-768x1151.jpg 768w, https:\/\/szkolenia-udt.pl\/wp-content\/uploads\/2023\/02\/s2-14-1-1025x1536.jpg 1025w, https:\/\/szkolenia-udt.pl\/wp-content\/uploads\/2023\/02\/s2-14-1-8x12.jpg 8w, https:\/\/szkolenia-udt.pl\/wp-content\/uploads\/2023\/02\/s2-14-1.jpg 1068w\" sizes=\"auto, (max-width: 342px) 100vw, 342px\" \/><\/a><\/figure>\n<\/div>\n\n\n<p>Szkolenie ma na celu przekazanie niezb\u0119dnych wiadomo\u015bci, by uczestnicy zapoznali si\u0119 z informacjami o maszynie i nauczyli si\u0119 bezpiecznie wykonywa\u0107 prace na owym urz\u0105dzeniu. Odbycie szkolenia upowa\u017cnia do p\u00f3\u017aniejszego przyst\u0105pienia do egzaminu.&nbsp;<\/p>\n\n\n\n<p>Okres, na jaki wa\u017cne jest uprawnienie do pracy z \u017curawiem samojezdnym wynosi 5 lat. Po tym czasie nale\u017cy odnowi\u0107 uprawnienia.&nbsp;<\/p>\n\n\n\n<h2 class=\"wp-block-heading\">Szkolenie praktyczne&nbsp;&nbsp;<\/h2>\n\n\n\n<p>Zaj\u0119cia praktyczne odbywa\u0107 si\u0119 b\u0119d\u0105 pod okiem instruktora. Taki rodzaj szkolenia przygotuje kursanta do pracy jako operator. W trakcie nauki uczestnik kursu wykonuje zadania pod okiem naszych wykwalifikowanych specjalist\u00f3w.&nbsp;<\/p>\n\n\n\n<h2 class=\"wp-block-heading\">Wymagania, aby przyst\u0105pi\u0107 do kursu:&nbsp;<\/h2>\n\n\n\n<p>Je\u015bli chcemy podj\u0105\u0107 si\u0119 kursu nale\u017cy spe\u0142ni\u0107 proste wymagania, a s\u0105 nimi:&nbsp;<\/p>\n\n\n\n<ul class=\"wp-block-list\">\n<li>uko\u0144czony 18. rok \u017cycia,&nbsp;<\/li>\n\n\n\n<li>przychylna opinia lekarza do wykonywania tego rodzaju pracy,&nbsp;<\/li>\n\n\n\n<li>posiadanie wykszta\u0142cenia na poziomie przynajmniej podstawowym.&nbsp;<\/li>\n<\/ul>\n\n\n\n<h2 class=\"wp-block-heading\">Co gwarantuje nasz kurs na \u017curawie samojezdne?&nbsp;<\/h2>\n\n\n\n<p>Ka\u017cdemu kursantowi mo\u017cemy zagwarantowa\u0107 niezb\u0119dne przygotowanie do egzaminu pa\u0144stwowego, w celu pozyskania odpowiednich uprawnie\u0144. Szkolenia prowadzone s\u0105 przez naszych wyk\u0142adowc\u00f3w, kt\u00f3rzy posiadaj\u0105 wieloletnie do\u015bwiadczenie w prowadzeniu kurs\u00f3w oraz maj\u0105 odpowiednie uprawnienia i wiedz\u0119, kt\u00f3rymi ch\u0119tnie dziel\u0105 si\u0119 na zaj\u0119ciach.&nbsp;<\/p>\n\n\n<div class=\"wp-block-image\">\n<figure class=\"alignright size-large is-resized\"><a href=\"https:\/\/szkolenia-udt.pl\/wp-content\/uploads\/2023\/03\/s2-12.jpg\"><img loading=\"lazy\" decoding=\"async\" src=\"https:\/\/szkolenia-udt.pl\/wp-content\/uploads\/2023\/03\/s2-12-1024x683.jpg\" alt=\"operator kieruj\u0105cy d\u017awigiem samojezdnym\" class=\"wp-image-3777\" width=\"394\" height=\"262\" srcset=\"https:\/\/szkolenia-udt.pl\/wp-content\/uploads\/2023\/03\/s2-12-1024x683.jpg 1024w, https:\/\/szkolenia-udt.pl\/wp-content\/uploads\/2023\/03\/s2-12-300x200.jpg 300w, https:\/\/szkolenia-udt.pl\/wp-content\/uploads\/2023\/03\/s2-12-768x512.jpg 768w, https:\/\/szkolenia-udt.pl\/wp-content\/uploads\/2023\/03\/s2-12-1536x1024.jpg 1536w, https:\/\/szkolenia-udt.pl\/wp-content\/uploads\/2023\/03\/s2-12-18x12.jpg 18w, https:\/\/szkolenia-udt.pl\/wp-content\/uploads\/2023\/03\/s2-12.jpg 1600w\" sizes=\"auto, (max-width: 394px) 100vw, 394px\" \/><\/a><\/figure>\n<\/div>\n\n\n<h2 class=\"wp-block-heading\">Czym s\u0105 \u017curawie samojezdne?&nbsp;<\/h2>\n\n\n\n<p>\u017buraw samojezdny jest to d\u017awignica, kt\u00f3rej d\u017awig umieszcza si\u0119 na specjalnie skonstruowanym podwoziu lub umieszcza si\u0119 go na samochodzie ci\u0119\u017carowym. U\u017cywany jest do prac monta\u017cowych oraz prze\u0142adunkowych. Z\u0142o\u017cony jest z wci\u0105garek i wychylnego wysi\u0119gnika, co daje mu mo\u017cliwo\u015b\u0107 podnoszenia i opuszczania r\u00f3\u017cnych element\u00f3w oraz przemieszczanie \u0142adunku.&nbsp;<\/p>\n\n\n\n<h3 class=\"wp-block-heading\">Do czego wykorzystuje si\u0119 \u017curawie samojezdne?&nbsp;<\/h3>\n\n\n\n<p>Najcz\u0119\u015bciej wykorzystuje si\u0119 te maszyny przy monta\u017cu obiekt\u00f3w przemys\u0142owych. Zastosowanie tych urz\u0105dze\u0144 nie ko\u0144czy si\u0119 tylko w budownictwie, u\u017cywa si\u0119 je r\u00f3wnie\u017c do prac transportowych i prze\u0142adunkowych. Maszyny mog\u0105 przemieszcza\u0107 si\u0119 po drogach publicznych oraz po drogach wyznaczonych na placach budowy.&nbsp;&nbsp;<\/p>\n\n\n<div class=\"wp-block-image\">\n<figure class=\"alignright size-large is-resized\"><a href=\"https:\/\/szkolenia-udt.pl\/wp-content\/uploads\/2023\/03\/screen_2x-25.jpg\"><img loading=\"lazy\" decoding=\"async\" src=\"https:\/\/szkolenia-udt.pl\/wp-content\/uploads\/2023\/03\/screen_2x-25-683x1024.jpg\" alt=\"D\u017awig samojezdny na placu budowy\" class=\"wp-image-3778\" width=\"266\" height=\"398\" srcset=\"https:\/\/szkolenia-udt.pl\/wp-content\/uploads\/2023\/03\/screen_2x-25-683x1024.jpg 683w, https:\/\/szkolenia-udt.pl\/wp-content\/uploads\/2023\/03\/screen_2x-25-200x300.jpg 200w, https:\/\/szkolenia-udt.pl\/wp-content\/uploads\/2023\/03\/screen_2x-25-768x1152.jpg 768w, https:\/\/szkolenia-udt.pl\/wp-content\/uploads\/2023\/03\/screen_2x-25-1024x1536.jpg 1024w, https:\/\/szkolenia-udt.pl\/wp-content\/uploads\/2023\/03\/screen_2x-25-8x12.jpg 8w, https:\/\/szkolenia-udt.pl\/wp-content\/uploads\/2023\/03\/screen_2x-25.jpg 1067w\" sizes=\"auto, (max-width: 266px) 100vw, 266px\" \/><\/a><\/figure>\n<\/div>\n\n\n<h2 class=\"wp-block-heading\">Rodzaje \u017curawi samojezdnych&nbsp;<\/h2>\n\n\n\n<p>R\u00f3\u017cnica polega na rodzaju podwozia, na jakim montujemy \u017curaw, s\u0105 nimi:&nbsp;<\/p>\n\n\n\n<ul class=\"wp-block-list\">\n<li>\u017curawie jezdniowo-terenowe,&nbsp;<\/li>\n\n\n\n<li>\u017curawie samochodowe,&nbsp;<\/li>\n\n\n\n<li>\u017curawie g\u0105sienicowe,&nbsp;<\/li>\n\n\n\n<li>\u017curawie terenowe ko\u0142owe.&nbsp;<\/li>\n<\/ul>\n\n\n\n<p>Mo\u017cemy je r\u00f3wnie\u017c wyodr\u0119bni\u0107 ze wzgl\u0119du na rodzaj nap\u0119du. Wyr\u00f3\u017cniamy <a href=\"https:\/\/szkolenia-udt.pl\/sv\/kursy\/uprawnienia-udt-tdt-wdt\/operator-konserwator-zurawia-samojezdnego\/\">\u017curawie samojezdne<\/a>:&nbsp;<\/p>\n\n\n\n<ul class=\"wp-block-list\">\n<li>spalinowo &#8211; elektryczne,&nbsp;<\/li>\n\n\n\n<li>spalinowo \u2013 mechaniczne,&nbsp;<\/li>\n\n\n\n<li>spalinowo \u2013 hydrauliczne.&nbsp;<\/li>\n<\/ul>\n\n\n\n<h2 class=\"wp-block-heading\">Inne kursy&nbsp;<\/h2>\n\n\n\n<p>Nasz firma OSO prowadzi r\u00f3wnie\u017c inne kursy maj\u0105ce przygotowa\u0107 kursant\u00f3w do pozyskania kwalifikacji w celu podj\u0119cia pracy na okre\u015blonych urz\u0105dzeniach. Opr\u00f3cz opisanego \u017curawia samojezdnego prowadzimy szkolenia na takie urz\u0105dzenia jak:&nbsp;<\/p>\n\n\n\n<ul class=\"wp-block-list\">\n<li>w\u00f3zki wid\u0142owe,&nbsp;<\/li>\n\n\n\n<li>suwnice,&nbsp;<\/li>\n\n\n\n<li>wci\u0105garki i wci\u0105gniki,&nbsp;<\/li>\n\n\n\n<li>uk\u0142adnice magazynowe.&nbsp;<\/li>\n<\/ul>\n\n\n\n<p>Je\u015bli zainteresowa\u0142 Ci\u0119 jeden z naszych kurs\u00f3w, to zapraszamy do kontaktu w celu dok\u0142adnego zapoznania si\u0119 ze szkoleniem.&nbsp;<\/p>\n\n\n\n<h2 class=\"wp-block-heading\">Pytania i odpowiedzi:<\/h2>\n\n\n\t\t<details\t\thelp class=\"sc_fs_faq sc_card    \"\n\t\topen\t\t>\n\t\t\t\t\t<summary>\n\t\t\t\t<h3>1. Czym s\u0105 \u017curawie samojezdne? <\/h3>\t\t\t\t\t<\/summary>\n\t\t\t\t<div>\n\t\t\t\t\t\t<div class=\"sc_fs_faq__content\">\n\t\t\t\t\n\n<p>S\u0105 to d\u017awigi umieszczone na podwoziu samochodu ci\u0119\u017carowego lub specjalnie skonstruowanym podwoziu. Urz\u0105dzenia te wykorzystywane s\u0105 najcz\u0119\u015bciej do prac monta\u017cowych, transportowych i prze\u0142adunkowych.&nbsp;<\/p>\n\n\t\t\t<\/div>\n\t\t<\/div>\n\t\t<\/details>\n\t\t\t\t<details\t\thelp class=\"sc_fs_faq sc_card    \"\n\t\t\t\t>\n\t\t\t\t\t<summary>\n\t\t\t\t<h3>2. Przez jaki okres czasu wa\u017cne s\u0105 uprawnienia do pracy z \u017curawiem samojezdnym? <\/h3>\t\t\t\t\t<\/summary>\n\t\t\t\t<div>\n\t\t\t\t\t\t<div class=\"sc_fs_faq__content\">\n\t\t\t\t\n\n<p>Uprawnienia na \u017curawia samojezdnego wa\u017cne s\u0105 przez okres 5 lat od momentu otrzymania takich kwalifikacji.&nbsp;<\/p>\n\n\t\t\t<\/div>\n\t\t<\/div>\n\t\t<\/details>\n\t\t\n<script type=\"application\/ld+json\">\n\t{\n\t\t\"@context\": \"https:\/\/schema.org\",\n\t\t\"@type\": \"FAQPage\",\n\t\t\"mainEntity\": [\n\t\t\t\t\t{\n\t\t\t\t\"@type\": \"Question\",\n\t\t\t\t\"name\": \"1. Czym s\u0105 \u017curawie samojezdne? \",\n\t\t\t\t\"acceptedAnswer\": {\n\t\t\t\t\t\"@type\": \"Answer\",\n\t\t\t\t\t\"text\": \"<p>S\u0105 to d\u017awigi umieszczone na podwoziu samochodu ci\u0119\u017carowego lub specjalnie skonstruowanym podwoziu. Urz\u0105dzenia te wykorzystywane s\u0105 najcz\u0119\u015bciej do prac monta\u017cowych, transportowych i prze\u0142adunkowych.&nbsp;<\/p>\"\n\t\t\t\t\t\t\t\t\t}\n\t\t\t}\n\t\t\t,\t\t\t\t{\n\t\t\t\t\"@type\": \"Question\",\n\t\t\t\t\"name\": \"2. Przez jaki okres czasu wa\u017cne s\u0105 uprawnienia do pracy z \u017curawiem samojezdnym? \",\n\t\t\t\t\"acceptedAnswer\": {\n\t\t\t\t\t\"@type\": \"Answer\",\n\t\t\t\t\t\"text\": \"<p>Uprawnienia na \u017curawia samojezdnego wa\u017cne s\u0105 przez okres 5 lat od momentu otrzymania takich kwalifikacji.&nbsp;<\/p>\"\n\t\t\t\t\t\t\t\t\t}\n\t\t\t}\n\t\t\t\t\t\t]\n\t}\n<\/script>\n","protected":false},"excerpt":{"rendered":"<p>Wybierz szkolenie w OSO Je\u015bli chcesz zdoby\u0107 odpowiednie uprawnienia, aby zosta\u0107 operatorem \u017curawia samojezdnego to dobrze trafi\u0142e\u015b. Prowadzimy kurs, kt\u00f3ry ma na celu przygotowanie kursanta do pracy z tym urz\u0105dzeniem. Nasze szkolenia prowadzimy od ponad 15 lat i jeste\u015bmy zaufanym o\u015brodkiem szkoleniowym, kt\u00f3ry starannie przygotuje Ci\u0119 do egzaminu UDT.&nbsp; Program szkoleniowy&nbsp; Ca\u0142o\u015b\u0107 programu opiera si\u0119 [&hellip;]<\/p>\n","protected":false},"author":10,"featured_media":3775,"parent":2266,"menu_order":0,"comment_status":"closed","ping_status":"closed","template":"","meta":{"footnotes":""},"class_list":["post-3773","page","type-page","status-publish","has-post-thumbnail","hentry"],"aioseo_notices":[],"_links":{"self":[{"href":"https:\/\/szkolenia-udt.pl\/sv\/wp-json\/wp\/v2\/pages\/3773","targetHints":{"allow":["GET"]}}],"collection":[{"href":"https:\/\/szkolenia-udt.pl\/sv\/wp-json\/wp\/v2\/pages"}],"about":[{"href":"https:\/\/szkolenia-udt.pl\/sv\/wp-json\/wp\/v2\/types\/page"}],"author":[{"embeddable":true,"href":"https:\/\/szkolenia-udt.pl\/sv\/wp-json\/wp\/v2\/users\/10"}],"replies":[{"embeddable":true,"href":"https:\/\/szkolenia-udt.pl\/sv\/wp-json\/wp\/v2\/comments?post=3773"}],"version-history":[{"count":30,"href":"https:\/\/szkolenia-udt.pl\/sv\/wp-json\/wp\/v2\/pages\/3773\/revisions"}],"predecessor-version":[{"id":4240,"href":"https:\/\/szkolenia-udt.pl\/sv\/wp-json\/wp\/v2\/pages\/3773\/revisions\/4240"}],"up":[{"embeddable":true,"href":"https:\/\/szkolenia-udt.pl\/sv\/wp-json\/wp\/v2\/pages\/2266"}],"wp:featuredmedia":[{"embeddable":true,"href":"https:\/\/szkolenia-udt.pl\/sv\/wp-json\/wp\/v2\/media\/3775"}],"wp:attachment":[{"href":"https:\/\/szkolenia-udt.pl\/sv\/wp-json\/wp\/v2\/media?parent=3773"}],"curies":[{"name":"wp","href":"https:\/\/api.w.org\/{rel}","templated":true}]}}