{"id":40,"date":"2014-10-07T16:21:46","date_gmt":"2014-10-07T16:21:46","guid":{"rendered":"http:\/\/szkolenia-udt.pl\/?page_id=40"},"modified":"2022-06-15T13:19:34","modified_gmt":"2022-06-15T11:19:34","slug":"kategorier-av-tillstand","status":"publish","type":"page","link":"https:\/\/szkolenia-udt.pl\/sv\/uprawnienia-udt\/kategorie-uprawnien\/","title":{"rendered":"UDT-licenskategorier till 1 juni 2019"},"content":{"rendered":"<div style=\"float: left; padding-right: 10px;\"><div id=\"metaslider-id-373\" style=\"max-width: 300px;\" class=\"ml-slider-3-107-0 metaslider metaslider-flex metaslider-373 ml-slider ms-theme-default nav-hidden\" role=\"region\" aria-label=\"Om f\u00f6retaget 2\" data-height=\"225\" data-width=\"300\">\n    <div id=\"metaslider_container_373\">\n        <div id=\"metaslider_373\">\n            <ul class='slides'>\n                <li style=\"display: block; width: 100%;\" class=\"slide-1109 ms-image\" aria-roledescription=\"slide\" data-date=\"2014-11-12 13:56:05\" data-filename=\"bizness3a.jpg\" data-slide-type=\"image\"><img loading=\"lazy\" decoding=\"async\" src=\"https:\/\/szkolenia-udt.pl\/wp-content\/uploads\/2014\/11\/bizness3a.jpg\" height=\"225\" width=\"300\" alt=\"utbildning\" class=\"slider-373 slide-1109 msDefaultImage\" \/><\/li>\n                <li style=\"display: none; width: 100%;\" class=\"slide-1106 ms-image\" aria-roledescription=\"slide\" data-date=\"2014-11-12 13:56:03\" data-filename=\"biznes5a.jpg\" data-slide-type=\"image\"><img loading=\"lazy\" decoding=\"async\" src=\"https:\/\/szkolenia-udt.pl\/wp-content\/uploads\/2014\/11\/biznes5a.jpg\" height=\"225\" width=\"300\" alt=\"Myndighet f\u00f6r teknisk kontroll.\" class=\"slider-373 slide-1106 msDefaultImage\" \/><\/li>\n                <li style=\"display: none; width: 100%;\" class=\"slide-1110 ms-image\" aria-roledescription=\"slide\" data-date=\"2014-11-12 14:04:12\" data-filename=\"meeting-2a.jpg\" data-slide-type=\"image\"><img loading=\"lazy\" decoding=\"async\" src=\"https:\/\/szkolenia-udt.pl\/wp-content\/uploads\/2014\/11\/meeting-2a.jpg\" height=\"225\" width=\"300\" alt=\"udt-kurser\" class=\"slider-373 slide-1110 msDefaultImage\" \/><\/li>\n                <li style=\"display: none; width: 100%;\" class=\"slide-1199 ms-image\" aria-roledescription=\"slide\" data-date=\"2014-11-17 21:17:06\" data-filename=\"firma-5a.jpg\" data-slide-type=\"image\"><img loading=\"lazy\" decoding=\"async\" src=\"https:\/\/szkolenia-udt.pl\/wp-content\/uploads\/2014\/11\/firma-5a.jpg\" height=\"225\" width=\"300\" alt=\"warsaw lyftvagnar\" class=\"slider-373 slide-1199 msDefaultImage\" \/><\/li>\n                <li style=\"display: none; width: 100%;\" class=\"slide-1196 ms-image\" aria-roledescription=\"slide\" data-date=\"2014-11-17 21:17:04\" data-filename=\"Firma-2a.jpg\" data-slide-type=\"image\"><img loading=\"lazy\" decoding=\"async\" src=\"https:\/\/szkolenia-udt.pl\/wp-content\/uploads\/2014\/11\/Firma-2a.jpg\" height=\"225\" width=\"300\" alt=\"\" class=\"slider-373 slide-1196 msDefaultImage\" \/><\/li>\n            <\/ul>\n        <\/div>\n        \n    <\/div>\n<\/div><\/div>\n<div class=\"wyjustuj\">\n<p>P\u00e5 den h\u00e4r sidan hittar du en detaljerad lista \u00f6ver utrustning f\u00f6r vilken det kr\u00e4vs en UDT-licens. Det h\u00e4r \u00e4r utrustning som \u00e4r f\u00f6rem\u00e5l f\u00f6r teknisk \u00f6vervakning och som kr\u00e4ver inledande utbildning f\u00f6r att anv\u00e4ndas och f\u00f6r att klara ett prov inf\u00f6r en n\u00e4mnd vid Office of Technical Inspection. Genom att v\u00e4lja v\u00e5rt personalf\u00f6rb\u00e4ttringscenter kan du f\u00e5 UDT-tillst\u00e5nd inom det omr\u00e5de du v\u00e4ljer. Vi erbjuder omfattande utbildning till \u00f6verkomliga priser och v\u00e5ra undervisningsmetoder leder till att praktiskt taget alla kursdeltagare klarar sina prov p\u00e5 f\u00f6rsta f\u00f6rs\u00f6ket. Vi erbjuder \u00f6verkomliga kurspriser, och eftersom vi arbetar med myndigheten organiseras tentor p\u00e5 l\u00e4mpliga tider f\u00f6r v\u00e5ra kunder. F\u00f6r mer information om UDT-tillst\u00e5nd och teknisk utrustning som \u00e4r f\u00f6rem\u00e5l f\u00f6r teknisk \u00f6vervakning, bes\u00f6k v\u00e5r webbplats p\u00e5 <a href=\"http:\/\/www.udt.gov.pl\" target=\"_blank\" rel=\"noopener noreferrer\">https:\/\/www.udt.gov.pl<\/a>. N\u00e4r du har fr\u00e5gor om <a href=\"https:\/\/szkolenia-udt.pl\/sv\/oferta\/\">v\u00e5ra tj\u00e4nster<\/a> utbildning eller om du vill boka en utbildning, bes\u00f6k f\u00f6ljande webbplats <a href=\"https:\/\/szkolenia-udt.pl\/sv\/kontakt\/\">kontakta oss<\/a> - Vi svarar s\u00e5 snart som m\u00f6jligt!<\/p>\n<div style=\"width: 90%; margin-left: 40px; font-size: 80%; overflow: auto;\">\n<table border=\"3\" cellspacing=\"1\" cellpadding=\"1\">\n<tbody>\n<tr>\n<td width=\"85\">Grupp<\/td>\n<td width=\"85\">Kategori<\/td>\n<td width=\"236\">Drifttillst\u00e5ndets omfattning best\u00e4ms av utrustningens typ (\u00e4ndam\u00e5l).<\/td>\n<td width=\"227\">Detaljerad omfattning - eventuella begr\u00e4nsningar<\/td>\n<\/tr>\n<tr>\n<td width=\"85\">1<\/td>\n<td width=\"85\">2<\/td>\n<td width=\"236\">3<\/td>\n<td width=\"227\">4<\/td>\n<\/tr>\n<tr>\n<td rowspan=\"2\">dragbilar<\/td>\n<td width=\"85\">II W<\/td>\n<td width=\"236\">Arbetsniv\u00e5 kontrollerade lyftanordningar och vinschar samt station\u00e4ra verkstadskranar.<\/td>\n<td width=\"227\">Syfte med utrustningen:<\/p>\n<ul>\n<li>krokar f\u00f6r allm\u00e4nt \u00e4ndam\u00e5l,<\/li>\n<li>speciell:\n<ul>\n<li>cuzienne,<\/li>\n<li>H\u00e4rdning,<\/li>\n<li>ley,<\/li>\n<li>gripande,<\/li>\n<li>gripdon,<\/li>\n<li>andra.<\/li>\n<\/ul>\n<\/li>\n<\/ul>\n<\/td>\n<\/tr>\n<tr>\n<td width=\"85\">I W<\/td>\n<td width=\"236\">Lyftanordningar och vinschar som styrs fr\u00e5n arbetsniv\u00e5 eller fr\u00e5n hytten samt station\u00e4ra verkstadskranar.<\/td>\n<td width=\"227\">Syfte med utrustningen:<\/p>\n<ul>\n<li>krokar f\u00f6r allm\u00e4nt \u00e4ndam\u00e5l,<\/li>\n<li>speciell:\n<ul>\n<li>cuzienne,<\/li>\n<li>H\u00e4rdning,<\/li>\n<li>ley,<\/li>\n<li>gripande,<\/li>\n<li>gripdon,<\/li>\n<li>andra.<\/li>\n<\/ul>\n<\/li>\n<\/ul>\n<\/td>\n<\/tr>\n<tr>\n<td rowspan=\"2\">Kranar<\/td>\n<td width=\"85\">II S<\/td>\n<td width=\"236\">Traverskranar, lyftanordningar och vinschar som styrs fr\u00e5n arbetsniv\u00e5 samt station\u00e4ra verkstadskranar.<\/td>\n<td width=\"227\">Syfte med utrustningen:<\/p>\n<ul>\n<li>krokar f\u00f6r allm\u00e4nt \u00e4ndam\u00e5l,<\/li>\n<li>speciell:\n<ul>\n<li>kaffir,<\/li>\n<li>kolumner,<\/li>\n<li>cuzienne,<\/li>\n<li>Pawpaw,<\/li>\n<li>ticker,<\/li>\n<li>stryper,<\/li>\n<li>parti,<\/li>\n<li>H\u00e4rdning,<\/li>\n<li>ley,<\/li>\n<li>gripande,<\/li>\n<li>gripdon,<\/li>\n<li>korsa,<\/li>\n<li>andra.<\/li>\n<\/ul>\n<\/li>\n<\/ul>\n<\/td>\n<\/tr>\n<tr>\n<td width=\"85\">I S<\/td>\n<td width=\"236\">Traverskranar, lyftanordningar och vinschar som styrs fr\u00e5n arbetsniv\u00e5n eller fr\u00e5n hytten samt station\u00e4ra verkstadskranar.<\/td>\n<td width=\"227\">Syfte med utrustningen:<\/p>\n<ul>\n<li>krokar f\u00f6r allm\u00e4nt \u00e4ndam\u00e5l,<\/li>\n<li>speciell:\n<ul>\n<li>kaffir,<\/li>\n<li>kolumner,<\/li>\n<li>cuzienne,<\/li>\n<li>Pawpaw,<\/li>\n<li>ticker,<\/li>\n<li>stryper,<\/li>\n<li>parti,<\/li>\n<li>H\u00e4rdning,<\/li>\n<li>ley,<\/li>\n<li>gripande,<\/li>\n<li>gripdon,<\/li>\n<li>korsa,<\/li>\n<li>andra.<\/li>\n<\/ul>\n<\/li>\n<\/ul>\n<\/td>\n<\/tr>\n<tr>\n<td rowspan=\"3\">Kranar<\/td>\n<td width=\"85\">II \u00bf<\/td>\n<td width=\"236\">Kranar:<\/p>\n<ul>\n<li>station\u00e4r,<\/li>\n<li>mobil,<\/li>\n<li>portabel,<\/li>\n<li>sj\u00e4lvg\u00e5ende.<\/li>\n<\/ul>\n<\/td>\n<td width=\"227\">Typer av utrustning,typer av utrustning,<\/p>\n<p>kapacitetsbegr\u00e4nsning.<\/td>\n<\/tr>\n<tr>\n<td rowspan=\"2\" width=\"85\">I \u017b<\/td>\n<td width=\"236\">Kranar:<\/p>\n<ul>\n<li>torn och snabbf\u00e4ste.<\/li>\n<\/ul>\n<\/td>\n<td width=\"227\">Olika typer av utrustning:<\/p>\n<ul>\n<li>konstruktion,<\/li>\n<li>andra,<\/li>\n<\/ul>\n<p>typer av utrustning,<\/p>\n<p>kapacitetsbegr\u00e4nsning.<\/td>\n<\/tr>\n<tr>\n<td width=\"236\">\n<ul>\n<li>j\u00e4rnv\u00e4g<\/li>\n<\/ul>\n<\/td>\n<td width=\"227\">Olika typer av utrustning:<\/p>\n<ul>\n<li>skeppsbyggnad,<\/li>\n<li>andra,<\/li>\n<\/ul>\n<p>kapacitetsbegr\u00e4nsning.<\/td>\n<\/tr>\n<tr>\n<td rowspan=\"2\">Mobila plattformar<\/td>\n<td width=\"85\">II P<\/td>\n<td width=\"236\">Mobila plattformar:<\/p>\n<ul>\n<li>h\u00e4ngande,<\/li>\n<li>masthuvuden,<\/li>\n<li>station\u00e4r.<\/li>\n<\/ul>\n<\/td>\n<td width=\"227\">Typer av utrustning,typer av utrustning.<\/td>\n<\/tr>\n<tr>\n<td width=\"85\">I P<\/td>\n<td width=\"236\">Mobila plattformar:<\/p>\n<ul>\n<li>l\u00e5ngsamt r\u00f6rlig,<\/li>\n<li>fordonsmonterad sj\u00e4lvg\u00e5ende,<\/li>\n<li>mobil.<\/li>\n<\/ul>\n<\/td>\n<td width=\"227\">Typer av utrustning,typer av utrustning.<\/td>\n<\/tr>\n<tr>\n<td>Staplingskranar<\/td>\n<td width=\"85\">I U<\/td>\n<td width=\"236\">Staplingskranar.<\/td>\n<td width=\"227\">Enhetstyper.<\/td>\n<\/tr>\n<tr>\n<td>Rep rep kranar<\/td>\n<td width=\"85\">I L<\/td>\n<td width=\"236\">Linmotorkranar.<\/td>\n<td width=\"227\"><\/td>\n<\/tr>\n<tr>\n<td><a href=\"https:\/\/szkolenia-udt.pl\/sv\/kursy\/uprawnienia-udt-tdt-wdt\/wyciagi-towarowe\/\">Varuhissar<\/a><\/td>\n<td width=\"85\">I WT<\/td>\n<td width=\"236\">Lasthissar:<\/p>\n<ul>\n<li>station\u00e4r,<\/li>\n<li>mobil och b\u00e4rbar,<\/li>\n<li>fartygshissar.<\/li>\n<\/ul>\n<\/td>\n<td width=\"227\">Typer av utrustning,typer av utrustning.<\/td>\n<\/tr>\n<tr>\n<td rowspan=\"2\">Kranar<\/td>\n<td width=\"85\">II D<\/td>\n<td width=\"236\">Byggkranar:<\/p>\n<ul>\n<li>gods och mobila och portabla godsliftar,<\/li>\n<li>gods och m\u00e4nniskor.<\/li>\n<\/ul>\n<\/td>\n<td width=\"227\">Olika typer av utrustning.<\/td>\n<\/tr>\n<tr>\n<td width=\"85\">\n<p style=\"text-align: center;\">I D<\/p>\n<\/td>\n<td width=\"236\">Egenkontrollerade frakt- och sjukhuskranar.<\/td>\n<td width=\"227\"><\/td>\n<\/tr>\n<tr>\n<td>Utrustning f\u00f6r containerhantering<\/td>\n<td width=\"85\">I K<\/td>\n<td width=\"236\">Containerhanteringsutrustning f\u00f6r omlastningsarbete.<\/td>\n<td width=\"227\">Enhetstyper.<\/td>\n<\/tr>\n<tr>\n<td rowspan=\"3\"><a href=\"https:\/\/szkolenia-udt.pl\/sv\/kursy\/wozki-widlowe\/budowa-wozka-jezdniowego\/\">Mobila lastbilar<\/a> lyftanordning<\/td>\n<td width=\"85\">III WJO<\/td>\n<td width=\"236\">Sj\u00e4lvg\u00e5ende och fj\u00e4rrstyrda staplingstruckar<\/td>\n<td width=\"227\"><\/td>\n<\/tr>\n<tr>\n<td width=\"85\">\u00a0II WJO<\/td>\n<td width=\"236\">Lyfttruckar exklusive specialiserade.<\/td>\n<td width=\"227\"><\/td>\n<\/tr>\n<tr>\n<td width=\"85\">I WJO<\/td>\n<td width=\"236\">Lyfttruckar, inklusive specialtruckar.<\/td>\n<td width=\"227\">Typ av specialiserad vagn:<\/p>\n<ul>\n<li>med f\u00f6raren som lyfter lasten,<\/li>\n<li>med varierande \u00f6verh\u00e4ng.<\/li>\n<\/ul>\n<\/td>\n<\/tr>\n<\/tbody>\n<\/table>\n<p>&nbsp;<\/p>\n<\/div>\n<\/div>","protected":false},"excerpt":{"rendered":"<p>Na tej stronie znajdziesz szczeg\u00f3\u0142owy wykaz urz\u0105dze\u0144, do kt\u00f3rych obs\u0142ugi potrzebne s\u0105 uprawnienia UDT. S\u0105 to urz\u0105dzenia podlegaj\u0105ce dozorowi technicznemu i wymagaj\u0105ce pocz\u0105tkowego przeszkolenia do obs\u0142ugi oraz zdania egzaminu przed komisj\u0105 Urz\u0119du Dozoru Technicznego. Wybieraj\u0105c nasz O\u015brodek Doskonalenia Kadr, mo\u017cesz uzyska\u0107 uprawnienia UDT w wybranym przez siebie zakresie. Zapewniamy kompleksowe przeszkolenie w przyst\u0119pnych cenach, a [&hellip;]<\/p>\n","protected":false},"author":3,"featured_media":0,"parent":37,"menu_order":0,"comment_status":"closed","ping_status":"closed","template":"","meta":{"footnotes":""},"class_list":["post-40","page","type-page","status-publish","hentry"],"aioseo_notices":[],"_links":{"self":[{"href":"https:\/\/szkolenia-udt.pl\/sv\/wp-json\/wp\/v2\/pages\/40","targetHints":{"allow":["GET"]}}],"collection":[{"href":"https:\/\/szkolenia-udt.pl\/sv\/wp-json\/wp\/v2\/pages"}],"about":[{"href":"https:\/\/szkolenia-udt.pl\/sv\/wp-json\/wp\/v2\/types\/page"}],"author":[{"embeddable":true,"href":"https:\/\/szkolenia-udt.pl\/sv\/wp-json\/wp\/v2\/users\/3"}],"replies":[{"embeddable":true,"href":"https:\/\/szkolenia-udt.pl\/sv\/wp-json\/wp\/v2\/comments?post=40"}],"version-history":[{"count":19,"href":"https:\/\/szkolenia-udt.pl\/sv\/wp-json\/wp\/v2\/pages\/40\/revisions"}],"predecessor-version":[{"id":2905,"href":"https:\/\/szkolenia-udt.pl\/sv\/wp-json\/wp\/v2\/pages\/40\/revisions\/2905"}],"up":[{"embeddable":true,"href":"https:\/\/szkolenia-udt.pl\/sv\/wp-json\/wp\/v2\/pages\/37"}],"wp:attachment":[{"href":"https:\/\/szkolenia-udt.pl\/sv\/wp-json\/wp\/v2\/media?parent=40"}],"curies":[{"name":"wp","href":"https:\/\/api.w.org\/{rel}","templated":true}]}}