{"id":4055,"date":"2023-03-08T16:56:11","date_gmt":"2023-03-08T15:56:11","guid":{"rendered":"https:\/\/szkolenia-udt.pl\/?page_id=4055"},"modified":"2023-03-17T12:14:27","modified_gmt":"2023-03-17T11:14:27","slug":"saxliftar-skyjack","status":"publish","type":"page","link":"https:\/\/szkolenia-udt.pl\/sv\/kursy\/uprawnienia-udt-tdt-wdt\/podnosniki-nozycowe-skyjack\/","title":{"rendered":"SkyJacks kurs i saxliftar"},"content":{"rendered":"<div class=\"wp-block-image\">\n<figure class=\"alignright size-large is-resized\"><a href=\"https:\/\/szkolenia-udt.pl\/wp-content\/uploads\/2023\/03\/SKYJACK-SJIII-4632-4.jpg\"><img loading=\"lazy\" decoding=\"async\" src=\"https:\/\/szkolenia-udt.pl\/wp-content\/uploads\/2023\/03\/SKYJACK-SJIII-4632-4-1024x768.jpg\" alt=\"zaj\u0119cia praktyczne z urz\u0105dzeniem SkyJack\" class=\"wp-image-4564\" width=\"512\" height=\"384\" srcset=\"https:\/\/szkolenia-udt.pl\/wp-content\/uploads\/2023\/03\/SKYJACK-SJIII-4632-4-1024x768.jpg 1024w, https:\/\/szkolenia-udt.pl\/wp-content\/uploads\/2023\/03\/SKYJACK-SJIII-4632-4-300x225.jpg 300w, https:\/\/szkolenia-udt.pl\/wp-content\/uploads\/2023\/03\/SKYJACK-SJIII-4632-4-768x576.jpg 768w, https:\/\/szkolenia-udt.pl\/wp-content\/uploads\/2023\/03\/SKYJACK-SJIII-4632-4-1536x1152.jpg 1536w, https:\/\/szkolenia-udt.pl\/wp-content\/uploads\/2023\/03\/SKYJACK-SJIII-4632-4-16x12.jpg 16w, https:\/\/szkolenia-udt.pl\/wp-content\/uploads\/2023\/03\/SKYJACK-SJIII-4632-4-135x100.jpg 135w, https:\/\/szkolenia-udt.pl\/wp-content\/uploads\/2023\/03\/SKYJACK-SJIII-4632-4.jpg 2016w\" sizes=\"auto, (max-width: 512px) 100vw, 512px\" \/><\/a><\/figure>\n<\/div>\n\n\n<h2 class=\"wp-block-heading\">Nasze szkolenia na operator\u00f3w i konserwator\u00f3w<\/h2>\n\n\n\n<p>Przeprowadzamy kompleksowe szkolenia w celu uzyskania uprawnie\u0144 operatora i konserwatora na podesty ruchome. Nasz <a href=\"https:\/\/szkolenia-udt.pl\/sv\/o-firmie\/\">o\u015brodek<\/a> nauczy Ci\u0119 pracy z podestami typu SkyJack. <\/p>\n\n\n\n<p>Podno\u015bniki no\u017cycowe i koszowe u\u017cytkowane s\u0105 do pracy na wysoko\u015bciach, w zakresach prac budowlanych, monta\u017cowych, dekoratorskich i wyko\u0144czeniowych. Podno\u015bniki koszowe, potocznie zwane zwy\u017ckami, montuje si\u0119 na naczepach pojazd\u00f3w i stosuje si\u0119 w pracach zewn\u0119trznych. Podesty no\u017cycowe u\u017cytkuje si\u0119 zazwyczaj w zak\u0142adach pracy.&nbsp;<\/p>\n\n\n\n<h2 class=\"wp-block-heading\">Komu jest dedykowany kurs?&nbsp;<\/h2>\n\n\n\n<p>Nasz kurs skierowany jest do os\u00f3b chc\u0105cych posiada\u0107 <a href=\"https:\/\/szkolenia-udt.pl\/sv\/kursy\/uprawnienia-udt-tdt-wdt\/podesty-ruchome\/\">uprawnienia na podesty ruchome<\/a> typu SkyJack takie jak:&nbsp;<\/p>\n\n\n\n<ul class=\"wp-block-list\">\n<li>no\u017cycowe samojezdne,&nbsp;<\/li>\n\n\n\n<li>przegubowe,&nbsp;<\/li>\n\n\n\n<li>koszowe samojezdne (potocznie zwy\u017cki),&nbsp;<\/li>\n\n\n\n<li>masztowe.&nbsp;<\/li>\n<\/ul>\n\n\n\n<p>Na naszych zaj\u0119ciach kursanci otrzymaj\u0105 wiedz\u0119 w zakresie uzyskania uprawnie\u0144 do pracy z podestami. Opr\u00f3cz przekazania og\u00f3lnej wiedzy nauczymy Ci\u0119 codziennych zada\u0144, jakich b\u0119dziesz podejmowa\u0107 si\u0119 przy u\u017cyciu podno\u015bnik\u00f3w koszowych czy te\u017c no\u017cycowych. <\/p>\n\n\n\n<p>Ca\u0142o\u015b\u0107 kursu jest odpowiednio przygotowana, aby\u015b nauczy\u0142 si\u0119 najpierw wiedzy teoretycznej, a potem wiedzy praktycznej dotycz\u0105cej kierowania urz\u0105dzeniem. Instruktorzy do\u0142o\u017c\u0105 wszelkich stara\u0144, by przygotowa\u0107 Ci\u0119 do egzaminu oraz pracy z tym urz\u0105dzeniem.&nbsp;<\/p>\n\n\n\n<h2 class=\"wp-block-heading\">Kurs na podesty ruchome \u2013 SkyJack&nbsp;<\/h2>\n\n\n\n<p>Nasze szkolenie skierowane jest do os\u00f3b, chc\u0105cych zdoby\u0107 uprawnienia do obs\u0142ugi i konserwacji podno\u015bnik\u00f3w no\u017cycowych SkyJack, ale tak\u017ce urz\u0105dze\u0144 innych producent\u00f3w. Zastosowanie maszyn tej marki jest bardzo szerokie i u\u017cytkowane s\u0105 najcz\u0119\u015bciej w pomieszczeniach zamkni\u0119tych. Ich wielk\u0105 zalet\u0105 jest to, \u017ce nie wymagaj\u0105 wielu prac konserwacyjnych. Podesty SkyJack sprawuj\u0105 si\u0119 wr\u0119cz idealnie podczas prac wykonywanych w magazynach i g\u0142\u00f3wnie tam s\u0105 u\u017cytkowane.&nbsp;<\/p>\n\n\n<div class=\"wp-block-image\">\n<figure class=\"alignright size-large is-resized\"><a href=\"https:\/\/szkolenia-udt.pl\/wp-content\/uploads\/2023\/03\/skyjack-SJ7135-RT.jpg\"><img loading=\"lazy\" decoding=\"async\" src=\"https:\/\/szkolenia-udt.pl\/wp-content\/uploads\/2023\/03\/skyjack-SJ7135-RT-1024x784.jpg\" alt=\"podest ruchomy SkyJack\" class=\"wp-image-4059\" width=\"512\" height=\"392\" srcset=\"https:\/\/szkolenia-udt.pl\/wp-content\/uploads\/2023\/03\/skyjack-SJ7135-RT-1024x784.jpg 1024w, https:\/\/szkolenia-udt.pl\/wp-content\/uploads\/2023\/03\/skyjack-SJ7135-RT-300x230.jpg 300w, https:\/\/szkolenia-udt.pl\/wp-content\/uploads\/2023\/03\/skyjack-SJ7135-RT-768x588.jpg 768w, https:\/\/szkolenia-udt.pl\/wp-content\/uploads\/2023\/03\/skyjack-SJ7135-RT-16x12.jpg 16w, https:\/\/szkolenia-udt.pl\/wp-content\/uploads\/2023\/03\/skyjack-SJ7135-RT.jpg 1500w\" sizes=\"auto, (max-width: 512px) 100vw, 512px\" \/><\/a><\/figure>\n<\/div>\n\n\n<h2 class=\"wp-block-heading\">Informacje odno\u015bnie kursu na podesty ruchome&nbsp;<\/h2>\n\n\n\n<p>Podczas naszego kursu dowiesz si\u0119 takich rzeczy jak:&nbsp;<\/p>\n\n\n\n<ul class=\"wp-block-list\">\n<li>obowi\u0105zki operatora i konserwatora podest\u00f3w ruchomych,&nbsp;<\/li>\n\n\n\n<li>zasady BHP w pracy z podestami,&nbsp;<\/li>\n\n\n\n<li>konstrukcja oraz rodzaje podest\u00f3w ruchomych,&nbsp;<\/li>\n\n\n\n<li>informacje na temat dozoru technicznego,&nbsp;<\/li>\n\n\n\n<li>wiadomo\u015bci odno\u015bnie eksploatacji maszyny.&nbsp;<\/li>\n<\/ul>\n\n\n\n<p>Opr\u00f3cz tych rzeczy b\u0119dziemy zajmowa\u0107 si\u0119 \u0107wiczeniami praktycznymi, kt\u00f3re ucz\u0105 najlepiej pracy z tymi urz\u0105dzeniami. Przygotujemy Ci\u0119 do egzaminu Urz\u0119du Dozoru Technicznego. Po odbyciu nauki na naszym kursie mo\u017cesz z pe\u0142n\u0105 gotowo\u015bci\u0105 przyst\u0105pi\u0107 do testu UDT.&nbsp;<\/p>\n\n\n\n<h2 class=\"wp-block-heading\">Jakie wymagania trzeba spe\u0142ni\u0107, \u017ceby zapisa\u0107 si\u0119 na kurs?&nbsp;<\/h2>\n\n\n\n<ul class=\"wp-block-list\">\n<li>brak przeciwwskaza\u0144 od lekarza do pracy na stanowisku operatora\/konserwatora,&nbsp;<\/li>\n\n\n\n<li>posiadanie wykszta\u0142cenia na poziomie minimum podstawowym,&nbsp;<\/li>\n\n\n\n<li>uko\u0144czenie 18. roku \u017cycia.&nbsp;<\/li>\n<\/ul>\n\n\n\n<p>Bez posiadanych uprawnie\u0144 nie wolno wykonywa\u0107 prac na podestach ruchomych.&nbsp;<\/p>\n\n\n<div class=\"wp-block-image\">\n<figure class=\"alignright size-large is-resized\"><a href=\"https:\/\/szkolenia-udt.pl\/wp-content\/uploads\/2023\/03\/sj3226.jpg\"><img loading=\"lazy\" decoding=\"async\" src=\"https:\/\/szkolenia-udt.pl\/wp-content\/uploads\/2023\/03\/sj3226-1024x911.jpg\" alt=\"Kurs na podesty ruchome Skyjack\" class=\"wp-image-4061\" width=\"512\" height=\"456\" srcset=\"https:\/\/szkolenia-udt.pl\/wp-content\/uploads\/2023\/03\/sj3226-1024x911.jpg 1024w, https:\/\/szkolenia-udt.pl\/wp-content\/uploads\/2023\/03\/sj3226-300x267.jpg 300w, https:\/\/szkolenia-udt.pl\/wp-content\/uploads\/2023\/03\/sj3226-768x683.jpg 768w, https:\/\/szkolenia-udt.pl\/wp-content\/uploads\/2023\/03\/sj3226-1536x1366.jpg 1536w, https:\/\/szkolenia-udt.pl\/wp-content\/uploads\/2023\/03\/sj3226-13x12.jpg 13w, https:\/\/szkolenia-udt.pl\/wp-content\/uploads\/2023\/03\/sj3226.jpg 1574w\" sizes=\"auto, (max-width: 512px) 100vw, 512px\" \/><\/a><\/figure>\n<\/div>\n\n\n<h2 class=\"wp-block-heading\">Jak odbywaj\u0105 si\u0119 kursy?&nbsp;<\/h2>\n\n\n\n<p>Szkolenia prowadzone przez nasz o\u015brodek szkoleniowy odbywaj\u0105 si\u0119 w trybie stacjonarnym, poniewa\u017c wtedy \u0142atwiej naszym wyk\u0142adowcom przekaza\u0107 wiedz\u0119 uczestnikom kursu.&nbsp;<\/p>\n\n\n\n<h2 class=\"wp-block-heading\">Inne szkolenia&nbsp;<\/h2>\n\n\n\n<p>Opr\u00f3cz wy\u017cej opisanego szkolenia dla operator\u00f3w i konserwator\u00f3w podest\u00f3w ruchomych, prowadzimy inne kursy w dziedzinie urz\u0105dze\u0144 UDT na:&nbsp;<\/p>\n\n\n\n<ul class=\"wp-block-list\">\n<li>w\u00f3zki wid\u0142owe,&nbsp;<\/li>\n\n\n\n<li>\u0142adowarki teleskopowe,&nbsp;<\/li>\n\n\n\n<li>suwnice.&nbsp;<\/li>\n\n\n\n<li>wci\u0105garki i wci\u0105gniki,&nbsp;<\/li>\n\n\n\n<li>\u017curawie HDS.&nbsp;<\/li>\n<\/ul>\n\n\n\n<h3 class=\"wp-block-heading\">Producenci podest\u00f3w ruchomych:&nbsp;<\/h3>\n\n\n\n<div class=\"wp-block-columns is-layout-flex wp-container-core-columns-is-layout-9d6595d7 wp-block-columns-is-layout-flex\">\n<div class=\"wp-block-column is-layout-flow wp-block-column-is-layout-flow\" style=\"flex-basis:33.34%\">\n<ul class=\"wp-block-list\">\n<li>Niftylift,&nbsp;<\/li>\n\n\n\n<li>Moog,&nbsp;<\/li>\n\n\n\n<li>Alp-lift,&nbsp;<\/li>\n\n\n\n<li>Topper,<\/li>\n<\/ul>\n<\/div>\n\n\n\n<div class=\"wp-block-column is-layout-flow wp-block-column-is-layout-flow\" style=\"flex-basis:33.34%\">\n<ul class=\"wp-block-list\">\n<li>Holland lift,<\/li>\n\n\n\n<li>BST,&nbsp;<\/li>\n\n\n\n<li>JLG,&nbsp;<\/li>\n\n\n\n<li>Bison,<\/li>\n<\/ul>\n<\/div>\n\n\n\n<div class=\"wp-block-column is-layout-flow wp-block-column-is-layout-flow\" style=\"flex-basis:33.33%\">\n<ul class=\"wp-block-list\">\n<li>Aichi,&nbsp;<\/li>\n\n\n\n<li>Manitou,&nbsp;<\/li>\n\n\n\n<li>Yale,&nbsp;<\/li>\n\n\n\n<li>Oil &amp; Steel,&nbsp;<\/li>\n\n\n\n<li>Marklift.<\/li>\n<\/ul>\n<\/div>\n<\/div>\n\n\n\n<h2 class=\"wp-block-heading\">Pytania i odpowiedzi:<\/h2>\n\n\n\t\t<details\t\thelp class=\"sc_fs_faq sc_card    \"\n\t\topen\t\t>\n\t\t\t\t\t<summary>\n\t\t\t\t<h3>1. Czego uczestnik dowie si\u0119 podczas kursu? <\/h3>\t\t\t\t\t<\/summary>\n\t\t\t\t<div>\n\t\t\t\t\t\t<div class=\"sc_fs_faq__content\">\n\t\t\t\t\n\n<p>Uczestnik podczas kursu dowie si\u0119 informacji odno\u015bnie: zasad BHP, konstrukcji podestu ruchomego, zapozna si\u0119 z zasadami eksploatacji maszyny, zaznajomi si\u0119 z obowi\u0105zkami konserwatora i\/lub operatora oraz dowie si\u0119 wielu innych niezmiernie wa\u017cnych wiadomo\u015bci.&nbsp;<\/p>\n\n\t\t\t<\/div>\n\t\t<\/div>\n\t\t<\/details>\n\t\t\t\t<details\t\thelp class=\"sc_fs_faq sc_card    \"\n\t\t\t\t>\n\t\t\t\t\t<summary>\n\t\t\t\t<h3>2. Na jakie urz\u0105dzenia prowadzicie tak\u017ce szkolenia? <\/h3>\t\t\t\t\t<\/summary>\n\t\t\t\t<div>\n\t\t\t\t\t\t<div class=\"sc_fs_faq__content\">\n\t\t\t\t\n\n<p>Prowadzimy szkolenia r\u00f3wnie\u017c na maszyny takie jak: \u017curawie HDS, suwnice, w\u00f3zki wid\u0142owe, \u0142adowarki teleskopowe, wci\u0105garki i wci\u0105gniki.&nbsp;<\/p>\n\n\t\t\t<\/div>\n\t\t<\/div>\n\t\t<\/details>\n\t\t\n<script type=\"application\/ld+json\">\n\t{\n\t\t\"@context\": \"https:\/\/schema.org\",\n\t\t\"@type\": \"FAQPage\",\n\t\t\"mainEntity\": [\n\t\t\t\t\t{\n\t\t\t\t\"@type\": \"Question\",\n\t\t\t\t\"name\": \"1. Czego uczestnik dowie si\u0119 podczas kursu? \",\n\t\t\t\t\"acceptedAnswer\": {\n\t\t\t\t\t\"@type\": \"Answer\",\n\t\t\t\t\t\"text\": \"<p>Uczestnik podczas kursu dowie si\u0119 informacji odno\u015bnie: zasad BHP, konstrukcji podestu ruchomego, zapozna si\u0119 z zasadami eksploatacji maszyny, zaznajomi si\u0119 z obowi\u0105zkami konserwatora i\/lub operatora oraz dowie si\u0119 wielu innych niezmiernie wa\u017cnych wiadomo\u015bci.&nbsp;<\/p>\"\n\t\t\t\t\t\t\t\t\t}\n\t\t\t}\n\t\t\t,\t\t\t\t{\n\t\t\t\t\"@type\": \"Question\",\n\t\t\t\t\"name\": \"2. Na jakie urz\u0105dzenia prowadzicie tak\u017ce szkolenia? \",\n\t\t\t\t\"acceptedAnswer\": {\n\t\t\t\t\t\"@type\": \"Answer\",\n\t\t\t\t\t\"text\": \"<p>Prowadzimy szkolenia r\u00f3wnie\u017c na maszyny takie jak: \u017curawie HDS, suwnice, w\u00f3zki wid\u0142owe, \u0142adowarki teleskopowe, wci\u0105garki i wci\u0105gniki.&nbsp;<\/p>\"\n\t\t\t\t\t\t\t\t\t}\n\t\t\t}\n\t\t\t\t\t\t]\n\t}\n<\/script>\n","protected":false},"excerpt":{"rendered":"<p>Nasze szkolenia na operator\u00f3w i konserwator\u00f3w Przeprowadzamy kompleksowe szkolenia w celu uzyskania uprawnie\u0144 operatora i konserwatora na podesty ruchome. Nasz o\u015brodek nauczy Ci\u0119 pracy z podestami typu SkyJack. Podno\u015bniki no\u017cycowe i koszowe u\u017cytkowane s\u0105 do pracy na wysoko\u015bciach, w zakresach prac budowlanych, monta\u017cowych, dekoratorskich i wyko\u0144czeniowych. Podno\u015bniki koszowe, potocznie zwane zwy\u017ckami, montuje si\u0119 na naczepach [&hellip;]<\/p>\n","protected":false},"author":10,"featured_media":4061,"parent":2266,"menu_order":0,"comment_status":"closed","ping_status":"closed","template":"","meta":{"footnotes":""},"class_list":["post-4055","page","type-page","status-publish","has-post-thumbnail","hentry"],"aioseo_notices":[],"_links":{"self":[{"href":"https:\/\/szkolenia-udt.pl\/sv\/wp-json\/wp\/v2\/pages\/4055","targetHints":{"allow":["GET"]}}],"collection":[{"href":"https:\/\/szkolenia-udt.pl\/sv\/wp-json\/wp\/v2\/pages"}],"about":[{"href":"https:\/\/szkolenia-udt.pl\/sv\/wp-json\/wp\/v2\/types\/page"}],"author":[{"embeddable":true,"href":"https:\/\/szkolenia-udt.pl\/sv\/wp-json\/wp\/v2\/users\/10"}],"replies":[{"embeddable":true,"href":"https:\/\/szkolenia-udt.pl\/sv\/wp-json\/wp\/v2\/comments?post=4055"}],"version-history":[{"count":10,"href":"https:\/\/szkolenia-udt.pl\/sv\/wp-json\/wp\/v2\/pages\/4055\/revisions"}],"predecessor-version":[{"id":4568,"href":"https:\/\/szkolenia-udt.pl\/sv\/wp-json\/wp\/v2\/pages\/4055\/revisions\/4568"}],"up":[{"embeddable":true,"href":"https:\/\/szkolenia-udt.pl\/sv\/wp-json\/wp\/v2\/pages\/2266"}],"wp:featuredmedia":[{"embeddable":true,"href":"https:\/\/szkolenia-udt.pl\/sv\/wp-json\/wp\/v2\/media\/4061"}],"wp:attachment":[{"href":"https:\/\/szkolenia-udt.pl\/sv\/wp-json\/wp\/v2\/media?parent=4055"}],"curies":[{"name":"wp","href":"https:\/\/api.w.org\/{rel}","templated":true}]}}