{"id":4097,"date":"2023-03-08T17:08:43","date_gmt":"2023-03-08T16:08:43","guid":{"rendered":"https:\/\/szkolenia-udt.pl\/?page_id=4097"},"modified":"2023-03-09T15:02:03","modified_gmt":"2023-03-09T14:02:03","slug":"mobila-plattformar-2","status":"publish","type":"page","link":"https:\/\/szkolenia-udt.pl\/sv\/zakres-uslug\/serwis-naprawa\/podestow-ruchomych\/","title":{"rendered":"Service och reparation av mobila plattformar"},"content":{"rendered":"\n<h2 class=\"wp-block-heading\">O naszych us\u0142ugach<\/h2>\n\n\n<div class=\"wp-block-image\">\n<figure class=\"alignright size-large is-resized\"><a href=\"https:\/\/szkolenia-udt.pl\/wp-content\/uploads\/2023\/03\/screen_2x-69.jpg\"><img loading=\"lazy\" decoding=\"async\" src=\"https:\/\/szkolenia-udt.pl\/wp-content\/uploads\/2023\/03\/screen_2x-69-683x1024.jpg\" alt=\"serwis mobilny na terenie budowy\" class=\"wp-image-4099\" width=\"342\" height=\"512\" srcset=\"https:\/\/szkolenia-udt.pl\/wp-content\/uploads\/2023\/03\/screen_2x-69-683x1024.jpg 683w, https:\/\/szkolenia-udt.pl\/wp-content\/uploads\/2023\/03\/screen_2x-69-200x300.jpg 200w, https:\/\/szkolenia-udt.pl\/wp-content\/uploads\/2023\/03\/screen_2x-69-768x1152.jpg 768w, https:\/\/szkolenia-udt.pl\/wp-content\/uploads\/2023\/03\/screen_2x-69-1024x1536.jpg 1024w, https:\/\/szkolenia-udt.pl\/wp-content\/uploads\/2023\/03\/screen_2x-69-8x12.jpg 8w, https:\/\/szkolenia-udt.pl\/wp-content\/uploads\/2023\/03\/screen_2x-69.jpg 1067w\" sizes=\"auto, (max-width: 342px) 100vw, 342px\" \/><\/a><\/figure>\n<\/div>\n\n\n<p><a href=\"https:\/\/szkolenia-udt.pl\/sv\/o-firmie\/\">O\u015brodek Szkolenia Operator\u00f3w<\/a>, opr\u00f3cz przeprowadzania kurs\u00f3w, zajmuje si\u0119 kompleksowym serwisem urz\u0105dze\u0144 transportu bliskiego.&nbsp;&nbsp;<\/p>\n\n\n\n<p>Firma OSO oferuje fachow\u0105 pomoc z zakresu naprawy, modernizacji i konserwacji urz\u0105dze\u0144, takich jak podesty ruchome. Posiadamy wieloletnie do\u015bwiadczenie i wykwalifikowanych specjalist\u00f3w, kt\u00f3rzy bez problemu zajm\u0105 si\u0119 urz\u0105dzeniem. Wszelkie prace naprawcze wykonujemy na terenie ca\u0142ej Polski, a w tym, w miejscu awarii urz\u0105dzenia. Nasz serwis skr\u00f3ci post\u00f3j maszyny i po wykonanym serwisie, urz\u0105dzenie b\u0119dzie sprawne do wykonywania pracy.&nbsp;&nbsp;<\/p>\n\n\n\n<h2 class=\"wp-block-heading\">Zapewniamy:&nbsp;<\/h2>\n\n\n\n<ul class=\"wp-block-list\">\n<li>serwis stacjonarny i mobilny,&nbsp;<\/li>\n\n\n\n<li>dostaw\u0119 cz\u0119\u015bci pod wybrany adres,&nbsp;<\/li>\n\n\n\n<li>wynajem podno\u015bnik\u00f3w no\u017cycowych,&nbsp;<\/li>\n\n\n\n<li>wszelkie przegl\u0105dy,&nbsp;<\/li>\n\n\n\n<li>generalny remont urz\u0105dzenia,&nbsp;<\/li>\n\n\n\n<li>dost\u0119p do wykwalifikowanych specjalist\u00f3w,&nbsp;&nbsp;<\/li>\n\n\n\n<li><a href=\"https:\/\/szkolenia-udt.pl\/sv\/kursy\/podesty-ruchome\/\">szkolenie z obs\u0142ugi podest\u00f3w ruchomych<\/a>,&nbsp;<\/li>\n\n\n\n<li>sprawdzenie urz\u0105dzenia przed zakupem.&nbsp;<\/li>\n<\/ul>\n\n\n\n<h2 class=\"wp-block-heading\">Czym si\u0119 zajmujemy?&nbsp;<\/h2>\n\n\n\n<p>Przez ponad kilkana\u015bcie lat prowadzimy dzia\u0142alno\u015b\u0107 i nieustannie \u015bledzimy rozwijaj\u0105c\u0105 si\u0119 technologi\u0119, przez co korzystamy z coraz to nowocze\u015bniejszych rozwi\u0105za\u0144. Dbamy o to, by <a href=\"https:\/\/szkolenia-udt.pl\/sv\/oferta\/\">nasze us\u0142ugi<\/a> by\u0142y wykonywane szybko i sprawnie. Przeprowadzamy wszelkie prace naprawcze na nowych, jak i starszych maszynach od r\u00f3\u017cnych producent\u00f3w, takich jak:&nbsp;<\/p>\n\n\n\n<div class=\"wp-block-columns is-layout-flex wp-container-core-columns-is-layout-9d6595d7 wp-block-columns-is-layout-flex\">\n<div class=\"wp-block-column is-layout-flow wp-block-column-is-layout-flow\" style=\"flex-basis:50%\">\n<ul class=\"wp-block-list\">\n<li>GSL,&nbsp;<\/li>\n\n\n\n<li>Lionlift,<\/li>\n\n\n\n<li>Omme,&nbsp;<\/li>\n\n\n\n<li>Denka,<\/li>\n<\/ul>\n<\/div>\n\n\n\n<div class=\"wp-block-column is-layout-flow wp-block-column-is-layout-flow\" style=\"flex-basis:50%\">\n<ul class=\"wp-block-list\">\n<li>Bocker,&nbsp;<\/li>\n\n\n\n<li>Snorkel,&nbsp;<\/li>\n\n\n\n<li>CTE,&nbsp;<\/li>\n\n\n\n<li>Alp-Lift,&nbsp;<\/li>\n\n\n\n<li>Bison.&nbsp;<\/li>\n<\/ul>\n<\/div>\n<\/div>\n\n\n\n<p>Bez problemu zajmiemy si\u0119 pogwarancyjnymi urz\u0105dzeniami. Posiadamy wieloletnie do\u015bwiadczenie w modernizacji i konserwacji wszelkich urz\u0105dze\u0144 podlegaj\u0105cych pod UDT.&nbsp;&nbsp;<\/p>\n\n\n<div class=\"wp-block-image\">\n<figure class=\"alignleft size-large is-resized\"><a href=\"https:\/\/szkolenia-udt.pl\/wp-content\/uploads\/2023\/03\/screen_2x-68-1.jpg\"><img loading=\"lazy\" decoding=\"async\" src=\"https:\/\/szkolenia-udt.pl\/wp-content\/uploads\/2023\/03\/screen_2x-68-1-1024x966.jpg\" alt=\"Serwisowanie podestu ruchomego\" class=\"wp-image-4104\" width=\"512\" height=\"483\" srcset=\"https:\/\/szkolenia-udt.pl\/wp-content\/uploads\/2023\/03\/screen_2x-68-1-1024x966.jpg 1024w, https:\/\/szkolenia-udt.pl\/wp-content\/uploads\/2023\/03\/screen_2x-68-1-300x283.jpg 300w, https:\/\/szkolenia-udt.pl\/wp-content\/uploads\/2023\/03\/screen_2x-68-1-768x725.jpg 768w, https:\/\/szkolenia-udt.pl\/wp-content\/uploads\/2023\/03\/screen_2x-68-1-13x12.jpg 13w, https:\/\/szkolenia-udt.pl\/wp-content\/uploads\/2023\/03\/screen_2x-68-1.jpg 1065w\" sizes=\"auto, (max-width: 512px) 100vw, 512px\" \/><\/a><\/figure>\n<\/div>\n\n\n<h2 class=\"wp-block-heading\">G\u0142\u00f3wne naprawy wykonywane w ramach serwisu podest\u00f3w ruchomych:&nbsp;<\/h2>\n\n\n\n<ul class=\"wp-block-list\">\n<li>naprawa uk\u0142ad\u00f3w elektrycznych i hydraulicznych,&nbsp;<\/li>\n\n\n\n<li>remont silnik\u00f3w spalinowych,&nbsp;<\/li>\n\n\n\n<li>regeneracja zwy\u017cek i podest\u00f3w,&nbsp;<\/li>\n\n\n\n<li>wymiana cz\u0119\u015bci,&nbsp;&nbsp;<\/li>\n\n\n\n<li>profesjonalna diagnostyka,&nbsp;<\/li>\n\n\n\n<li>przegl\u0105dy techniczne.&nbsp;<\/li>\n<\/ul>\n\n\n\n<h2 class=\"wp-block-heading\">Cz\u0119\u015bci zamienne&nbsp;<\/h2>\n\n\n\n<p>Nasi eksperci po wst\u0119pnej diagnostyce, zlokalizuj\u0105 problem awarii i kompleksowo zajm\u0105 si\u0119 napraw\u0105 urz\u0105dzenia. Wszelkie naprawy wykonujemy bazuj\u0105c na dobrych jako\u015bciowo cz\u0119\u015bciach zamiennych, co daje najlepsz\u0105 gwarancj\u0119, na wyd\u0142u\u017cenie \u017cywotno\u015bci i jako\u015bci pracy.&nbsp;<\/p>\n\n\n\n<h2 class=\"wp-block-heading\">Przeprowadzamy serwisy w ca\u0142ej Polsce&nbsp;<\/h2>\n\n\n\n<p>W naszej ofercie, posiadamy serwis mobilny, dzi\u0119ki temu przeprowadzamy serwisy na terenie ca\u0142ego kraju. Jeste\u015bmy posiadaczami wyspecjalizowanych pojazd\u00f3w serwisowych, mo\u017cemy przeprowadzi\u0107&nbsp;napraw\u0119 w wybranym przez Ciebie miejscu. Nasi mobilni serwisanci na miejscu awarii, zajm\u0105 si\u0119&nbsp;napraw\u0105, a po wykonanej pracy urz\u0105dzenie b\u0119dzie gotowe do u\u017cytku.&nbsp;<\/p>\n\n\n\n<h2 class=\"wp-block-heading\">Kadra specjalist\u00f3w&nbsp;&nbsp;<\/h2>\n\n\n<div class=\"wp-block-image\">\n<figure class=\"alignright size-large is-resized\"><a href=\"https:\/\/szkolenia-udt.pl\/wp-content\/uploads\/2023\/03\/screen_2x-70.jpg\"><img loading=\"lazy\" decoding=\"async\" src=\"https:\/\/szkolenia-udt.pl\/wp-content\/uploads\/2023\/03\/screen_2x-70-682x1024.jpg\" alt=\"Serwisowanie podestu ruchomego\" class=\"wp-image-4100\" width=\"341\" height=\"512\" srcset=\"https:\/\/szkolenia-udt.pl\/wp-content\/uploads\/2023\/03\/screen_2x-70-682x1024.jpg 682w, https:\/\/szkolenia-udt.pl\/wp-content\/uploads\/2023\/03\/screen_2x-70-200x300.jpg 200w, https:\/\/szkolenia-udt.pl\/wp-content\/uploads\/2023\/03\/screen_2x-70-768x1154.jpg 768w, https:\/\/szkolenia-udt.pl\/wp-content\/uploads\/2023\/03\/screen_2x-70-1022x1536.jpg 1022w, https:\/\/szkolenia-udt.pl\/wp-content\/uploads\/2023\/03\/screen_2x-70-8x12.jpg 8w, https:\/\/szkolenia-udt.pl\/wp-content\/uploads\/2023\/03\/screen_2x-70.jpg 1065w\" sizes=\"auto, (max-width: 341px) 100vw, 341px\" \/><\/a><\/figure>\n<\/div>\n\n\n<p>Posiadamy kadr\u0119 wyspecjalizowanych fachowc\u00f3w w dziedzinie konserwacji, modernizacji i naprawy. Z ka\u017cdym rokiem k\u0142adziemy nacisk na szkolenia dla naszych fachowc\u00f3w, aby jako\u015b\u0107 przeprowadzanych us\u0142ug by\u0142a na najwy\u017cszym poziomie.&nbsp;&nbsp;<\/p>\n\n\n\n<h2 class=\"wp-block-heading\">Dlaczego warto nam zaufa\u0107?&nbsp;<\/h2>\n\n\n\n<p>Od lat zajmujemy si\u0119 napraw\u0105 i modernizacj\u0105 podest\u00f3w ruchomych takich jak zwy\u017cki, podno\u015bniki koszowe i nie tylko. Posiadamy wykwalifikowan\u0105 kadr\u0119 specjalist\u00f3w, kt\u00f3rzy s\u0105 niezawodni w przeprowadzaniu wszelkich napraw. Setki zadowolonych klient\u00f3w \u015bwiadczy o jako\u015bci, przeprowadzanych us\u0142ug w naszej firmie.&nbsp;<\/p>\n\n\n\n<h2 class=\"wp-block-heading\">Opr\u00f3cz podest\u00f3w ruchomych, serwisujemy tak\u017ce:&nbsp;&nbsp;&nbsp;<\/h2>\n\n\n\n<ul class=\"wp-block-list\">\n<li>\u0142adowarki teleskopowe,&nbsp;<\/li>\n\n\n\n<li>suwnice,&nbsp;&nbsp;<\/li>\n\n\n\n<li>\u017curawie HDS,&nbsp;&nbsp;&nbsp;<\/li>\n\n\n\n<li>w\u00f3zki wid\u0142owe.<\/li>\n<\/ul>\n\n\n\n<h2 class=\"wp-block-heading\">Pytania i odpowiedzi:<\/h2>\n\n\n\t\t<details\t\thelp class=\"sc_fs_faq sc_card    \"\n\t\topen\t\t>\n\t\t\t\t\t<summary>\n\t\t\t\t<h3>1. Czy zajmujecie si\u0119 modernizacj\u0105 podno\u015bnika no\u017cycowego? <\/h3>\t\t\t\t\t<\/summary>\n\t\t\t\t<div>\n\t\t\t\t\t\t<div class=\"sc_fs_faq__content\">\n\t\t\t\t\n\n<p>Tak, nasz serwis oferuje wszelkie prace naprawcze i modernizacyjne podno\u015bnika no\u017cycowego.&nbsp;<\/p>\n\n\t\t\t<\/div>\n\t\t<\/div>\n\t\t<\/details>\n\t\t\t\t<details\t\thelp class=\"sc_fs_faq sc_card    \"\n\t\t\t\t>\n\t\t\t\t\t<summary>\n\t\t\t\t<h3>2. Czy w swojej ofercie zajmujecie si\u0119 napraw\u0105 innych maszyn UDT? <\/h3>\t\t\t\t\t<\/summary>\n\t\t\t\t<div>\n\t\t\t\t\t\t<div class=\"sc_fs_faq__content\">\n\t\t\t\t\n\n<p>Tak, przeprowadzamy serwis suwnic, \u017curawi HDS i w\u00f3zk\u00f3w wid\u0142owych.&nbsp;<\/p>\n\n\t\t\t<\/div>\n\t\t<\/div>\n\t\t<\/details>\n\t\t\t\t<details\t\thelp class=\"sc_fs_faq sc_card    \"\n\t\t\t\t>\n\t\t\t\t\t<summary>\n\t\t\t\t<h3>3. Czy zajmujecie si\u0119 napraw\u0105 pogwarancyjn\u0105? <\/h3>\t\t\t\t\t<\/summary>\n\t\t\t\t<div>\n\t\t\t\t\t\t<div class=\"sc_fs_faq__content\">\n\t\t\t\t\n\n<p>Tak w naszym serwisie oferujemy prac\u0119 pogwarancyjne, konserwacyjne i modernizacyjne.&nbsp;<\/p>\n\n\t\t\t<\/div>\n\t\t<\/div>\n\t\t<\/details>\n\t\t\n<script type=\"application\/ld+json\">\n\t{\n\t\t\"@context\": \"https:\/\/schema.org\",\n\t\t\"@type\": \"FAQPage\",\n\t\t\"mainEntity\": [\n\t\t\t\t\t{\n\t\t\t\t\"@type\": \"Question\",\n\t\t\t\t\"name\": \"1. Czy zajmujecie si\u0119 modernizacj\u0105 podno\u015bnika no\u017cycowego? \",\n\t\t\t\t\"acceptedAnswer\": {\n\t\t\t\t\t\"@type\": \"Answer\",\n\t\t\t\t\t\"text\": \"<p>Tak, nasz serwis oferuje wszelkie prace naprawcze i modernizacyjne podno\u015bnika no\u017cycowego.&nbsp;<\/p>\"\n\t\t\t\t\t\t\t\t\t}\n\t\t\t}\n\t\t\t,\t\t\t\t{\n\t\t\t\t\"@type\": \"Question\",\n\t\t\t\t\"name\": \"2. Czy w swojej ofercie zajmujecie si\u0119 napraw\u0105 innych maszyn UDT? \",\n\t\t\t\t\"acceptedAnswer\": {\n\t\t\t\t\t\"@type\": \"Answer\",\n\t\t\t\t\t\"text\": \"<p>Tak, przeprowadzamy serwis suwnic, \u017curawi HDS i w\u00f3zk\u00f3w wid\u0142owych.&nbsp;<\/p>\"\n\t\t\t\t\t\t\t\t\t}\n\t\t\t}\n\t\t\t,\t\t\t\t{\n\t\t\t\t\"@type\": \"Question\",\n\t\t\t\t\"name\": \"3. Czy zajmujecie si\u0119 napraw\u0105 pogwarancyjn\u0105? \",\n\t\t\t\t\"acceptedAnswer\": {\n\t\t\t\t\t\"@type\": \"Answer\",\n\t\t\t\t\t\"text\": \"<p>Tak w naszym serwisie oferujemy prac\u0119 pogwarancyjne, konserwacyjne i modernizacyjne.&nbsp;<\/p>\"\n\t\t\t\t\t\t\t\t\t}\n\t\t\t}\n\t\t\t\t\t\t]\n\t}\n<\/script>\n","protected":false},"excerpt":{"rendered":"<p>O naszych us\u0142ugach O\u015brodek Szkolenia Operator\u00f3w, opr\u00f3cz przeprowadzania kurs\u00f3w, zajmuje si\u0119 kompleksowym serwisem urz\u0105dze\u0144 transportu bliskiego.&nbsp;&nbsp; Firma OSO oferuje fachow\u0105 pomoc z zakresu naprawy, modernizacji i konserwacji urz\u0105dze\u0144, takich jak podesty ruchome. Posiadamy wieloletnie do\u015bwiadczenie i wykwalifikowanych specjalist\u00f3w, kt\u00f3rzy bez problemu zajm\u0105 si\u0119 urz\u0105dzeniem. Wszelkie prace naprawcze wykonujemy na terenie ca\u0142ej Polski, a w tym, [&hellip;]<\/p>\n","protected":false},"author":10,"featured_media":4099,"parent":4354,"menu_order":0,"comment_status":"closed","ping_status":"closed","template":"","meta":{"footnotes":""},"class_list":["post-4097","page","type-page","status-publish","has-post-thumbnail","hentry"],"aioseo_notices":[],"_links":{"self":[{"href":"https:\/\/szkolenia-udt.pl\/sv\/wp-json\/wp\/v2\/pages\/4097","targetHints":{"allow":["GET"]}}],"collection":[{"href":"https:\/\/szkolenia-udt.pl\/sv\/wp-json\/wp\/v2\/pages"}],"about":[{"href":"https:\/\/szkolenia-udt.pl\/sv\/wp-json\/wp\/v2\/types\/page"}],"author":[{"embeddable":true,"href":"https:\/\/szkolenia-udt.pl\/sv\/wp-json\/wp\/v2\/users\/10"}],"replies":[{"embeddable":true,"href":"https:\/\/szkolenia-udt.pl\/sv\/wp-json\/wp\/v2\/comments?post=4097"}],"version-history":[{"count":9,"href":"https:\/\/szkolenia-udt.pl\/sv\/wp-json\/wp\/v2\/pages\/4097\/revisions"}],"predecessor-version":[{"id":4165,"href":"https:\/\/szkolenia-udt.pl\/sv\/wp-json\/wp\/v2\/pages\/4097\/revisions\/4165"}],"up":[{"embeddable":true,"href":"https:\/\/szkolenia-udt.pl\/sv\/wp-json\/wp\/v2\/pages\/4354"}],"wp:featuredmedia":[{"embeddable":true,"href":"https:\/\/szkolenia-udt.pl\/sv\/wp-json\/wp\/v2\/media\/4099"}],"wp:attachment":[{"href":"https:\/\/szkolenia-udt.pl\/sv\/wp-json\/wp\/v2\/media?parent=4097"}],"curies":[{"name":"wp","href":"https:\/\/api.w.org\/{rel}","templated":true}]}}