{"id":42,"date":"2014-10-07T16:22:36","date_gmt":"2014-10-07T16:22:36","guid":{"rendered":"http:\/\/szkolenia-udt.pl\/?page_id=42"},"modified":"2019-05-09T13:41:47","modified_gmt":"2019-05-09T13:41:47","slug":"bestammelser","status":"publish","type":"page","link":"https:\/\/szkolenia-udt.pl\/sv\/uprawnienia-udt\/przepisy\/","title":{"rendered":"Recept"},"content":{"rendered":"<div class=\"wyjustuj\">Vi presenterar de viktigaste best\u00e4mmelserna relaterade till v\u00e5r <a href=\"https:\/\/szkolenia-udt.pl\/sv\/o-firmie\/\">Centrum<\/a> utbildningsverksamhet, de villkor enligt vilka UDT-tillst\u00e5nd beviljas och teknisk utrustning som \u00e4r f\u00f6rem\u00e5l f\u00f6r teknisk \u00f6vervakning.<\/p>\n<ul>\n<ul>\n<li><strong>Ministerr\u00e5dets f\u00f6rordning av den 7 december 2012 om typer av tekniska anordningar som omfattas av teknisk tillsyn (Journal of Laws 2012 nr 0 punkt 1468), utf\u00e4rdad p\u00e5 grundval av artikel 5.2 i lagen om teknisk tillsyn<\/strong><\/li>\n<\/ul>\n<\/ul>\n<p>F\u00f6reskriften inneh\u00e5ller de typer av teknisk utrustning som omfattas av teknisk \u00f6vervakning. Dokumentet inneh\u00e5ller information om formerna f\u00f6r teknisk \u00f6vervakning av utrustning, alternativen f\u00f6r tekniska tester och deras tidsfrister samt omfattningen av tester f\u00f6r teknisk utrustning som anv\u00e4nds p\u00e5 arbetsplatser. I f\u00f6reskriften behandlas tryckb\u00e4rande anordningar, kranar, anordningar f\u00f6r n\u00e4rtransport, stol- och kabintransport\u00f6rer, tankar f\u00f6r lagring av brandfarliga och giftiga \u00e4mnen.<\/p>\n<ul>\n<ul>\n<li><strong>Lag av den 21 december 2000 om teknisk tillsyn (Journal of Laws 2013, punkt 963, i dess \u00e4ndrade lydelse).<\/strong><\/li>\n<\/ul>\n<\/ul>\n<p>Lagen inneh\u00e5ller information om principerna, formerna och profilen f\u00f6r teknisk tillsyn som utf\u00f6rs av beh\u00f6riga organ. Dessa \u00e4r de grundl\u00e4ggande r\u00e4ttsliga best\u00e4mmelser enligt vilka byr\u00e5n f\u00f6r teknisk inspektion fungerar. Dokumentet inneh\u00e5ller ocks\u00e5 best\u00e4mmelser om genomf\u00f6randet av f\u00f6rordningarna i Polen, de principer enligt vilka UDT-tillst\u00e5nd beviljas, principerna f\u00f6r godk\u00e4nnande av tekniska anordningar f\u00f6r anv\u00e4ndning, deras utveckling och produktion samt reparationer och modernisering.<\/p>\n<ul>\n<ul>\n<li><strong>Ekonomiministerns f\u00f6rordning av den 18 juli 2001 om f\u00f6rfarandet f\u00f6r kontroll av kvalifikationer f\u00f6r drift och underh\u00e5ll av tekniska anordningar (Dz. U. nr 79, punkt 849), \u00e4ndrad genom f\u00f6rordningen av den 20 februari 2003 (Dz. U. nr 50, punkt 426), utf\u00e4rdad p\u00e5 grundval av artikel 23.5 i lagen om teknisk \u00f6vervakning<\/strong><\/li>\n<\/ul>\n<\/ul>\n<p>F\u00f6rordningen inneh\u00e5ller best\u00e4mmelser om kontroll av kvalifikationer som kr\u00e4vs f\u00f6r drift och underh\u00e5ll av teknisk utrustning och de typer av teknisk utrustning f\u00f6r vilka kvalifikationer kr\u00e4vs. Dessutom inneh\u00e5ller dokumentet en mall f\u00f6r ans\u00f6kan om kontroll av kvalifikationer med en f\u00f6rklaring av dess best\u00e4mmelser och de tidsfrister inom vilka personer som \u00f6nskar erh\u00e5lla kvalifikationer m\u00e5ste meddelas. F\u00f6rordningen omfattar \u00e4ven villkoren f\u00f6r de unders\u00f6kningar som utf\u00f6rs av byr\u00e5n f\u00f6r teknisk inspektion f\u00f6r drift och underh\u00e5ll av utrustning.<\/p>\n<ul>\n<ul>\n<li><strong>Ekonomiministerns f\u00f6rordning av den 28 december 2001 om de tekniska villkor f\u00f6r teknisk \u00f6vervakning som skall uppfyllas av hissar (Dz. U. nr 4, punkt 43).<\/strong><\/li>\n<\/ul>\n<\/ul>\n<p>Denna f\u00f6rordning \u00e4r inriktad p\u00e5 villkoren f\u00f6r teknisk tillsyn inom ramen f\u00f6r utf\u00f6randet av konstruktion, tillverkning och drift och underh\u00e5ll av mekaniska och manuella lyftanordningar och lyftanordningar f\u00f6r r\u00e4tlinjig f\u00f6rflyttning av laster i vertikaler med hj\u00e4lp av styva element och delvis anv\u00e4ndning av ett l\u00e4nksystem. F\u00f6rordningen ger dessutom information om formler, konstruktionsfaktorer f\u00f6r utrustning, s\u00e4kerhetsfaktorer, f\u00f6rfaranden f\u00f6r utbyte av lyftkomponenter, inklusive de som inte kr\u00e4ver samr\u00e5d med tekniska \u00f6vervakningsorgan.<\/p>\n<ul>\n<ul>\n<li><strong>F\u00f6rordning fr\u00e5n ministern f\u00f6r entrepren\u00f6rskap och teknik av den 30 oktober 2018 om de tekniska villkoren f\u00f6r teknisk \u00f6vervakning vid drift, reparation och modernisering av materialhanteringsutrustning (Journal of Laws 2018, punkt 2176)<\/strong><\/li>\n<\/ul>\n<\/ul>\n<p>F\u00f6rordningen inneh\u00e5ller best\u00e4mmelser om de tekniska villkoren f\u00f6r teknisk \u00f6vervakning av hanteringsutrustning, inklusive, men inte begr\u00e4nsat till, traverskranar, lyftanordningar och vinschar, kranar, lastlyftar, stapelkranar, mobila plattformar, transportutrustning f\u00f6r funktionshindrade, plattforms- och rundhyttlyftar, g\u00e5ngbroar och rulltrappor, kranar avsedda f\u00f6r transport av personer och laster, byggkranar, sm\u00e5godskranar, linmotorkranar, <a href=\"https:\/\/szkolenia-udt.pl\/sv\/kursy\/wozki-widlowe\/budowa-wozka-jezdniowego\/\">gaffeltruckar<\/a> lyftplattformar, domkrafter f\u00f6r hantering av icke r\u00e4tlinjiga laster och containerhanteringsutrustning.<\/p>\n<p>Vi inbjuder dig ocks\u00e5 att l\u00e4ra dig mer om UDT-beh\u00f6righetskategorierna!<\/p>\n<\/div>","protected":false},"excerpt":{"rendered":"<p>Przedstawiamy najwa\u017cniejsze przepisy zwi\u0105zane z prowadzon\u0105 przez nas O\u015brodek dzia\u0142alno\u015bci\u0105 szkoleniow\u0105, warunkami, na kt\u00f3rych nadawane s\u0105 uprawnienia UDT oraz urz\u0105dzeniami technicznymi podlegaj\u0105cymi dozorowi technicznemu. Rozporz\u0105dzenie Rady Ministr\u00f3w z dnia 7 grudnia 2012 r. w sprawie rodzaj\u00f3w urz\u0105dze\u0144 technicznych podlegaj\u0105cych dozorowi technicznemu (Dz. U. 2012 nr 0 poz. 1468), wydane na podstawie art. 5 ust. 2 [&hellip;]<\/p>\n","protected":false},"author":3,"featured_media":0,"parent":37,"menu_order":0,"comment_status":"closed","ping_status":"closed","template":"","meta":{"footnotes":""},"class_list":["post-42","page","type-page","status-publish","hentry"],"aioseo_notices":[],"_links":{"self":[{"href":"https:\/\/szkolenia-udt.pl\/sv\/wp-json\/wp\/v2\/pages\/42","targetHints":{"allow":["GET"]}}],"collection":[{"href":"https:\/\/szkolenia-udt.pl\/sv\/wp-json\/wp\/v2\/pages"}],"about":[{"href":"https:\/\/szkolenia-udt.pl\/sv\/wp-json\/wp\/v2\/types\/page"}],"author":[{"embeddable":true,"href":"https:\/\/szkolenia-udt.pl\/sv\/wp-json\/wp\/v2\/users\/3"}],"replies":[{"embeddable":true,"href":"https:\/\/szkolenia-udt.pl\/sv\/wp-json\/wp\/v2\/comments?post=42"}],"version-history":[{"count":8,"href":"https:\/\/szkolenia-udt.pl\/sv\/wp-json\/wp\/v2\/pages\/42\/revisions"}],"predecessor-version":[{"id":2070,"href":"https:\/\/szkolenia-udt.pl\/sv\/wp-json\/wp\/v2\/pages\/42\/revisions\/2070"}],"up":[{"embeddable":true,"href":"https:\/\/szkolenia-udt.pl\/sv\/wp-json\/wp\/v2\/pages\/37"}],"wp:attachment":[{"href":"https:\/\/szkolenia-udt.pl\/sv\/wp-json\/wp\/v2\/media?parent=42"}],"curies":[{"name":"wp","href":"https:\/\/api.w.org\/{rel}","templated":true}]}}