{"id":4342,"date":"2023-03-16T19:08:38","date_gmt":"2023-03-16T18:08:38","guid":{"rendered":"https:\/\/szkolenia-udt.pl\/?page_id=4342"},"modified":"2023-03-17T12:48:09","modified_gmt":"2023-03-17T11:48:09","slug":"underhall-och-service-av-hd-kranar","status":"publish","type":"page","link":"https:\/\/szkolenia-udt.pl\/sv\/kursy\/uprawnienia-udt-tdt-wdt\/zurawie-hds-konserwacja-i-obsluga\/","title":{"rendered":"HDS-kurs f\u00f6r kranlicens - underh\u00e5ll och drift"},"content":{"rendered":"<div class=\"wp-block-image\">\n<figure class=\"alignright size-large is-resized\"><a href=\"https:\/\/szkolenia-udt.pl\/wp-content\/uploads\/2023\/03\/6d6981e5-f79f-4029-acd8-bd1c2b259243.jpg\"><img loading=\"lazy\" decoding=\"async\" src=\"https:\/\/szkolenia-udt.pl\/wp-content\/uploads\/2023\/03\/6d6981e5-f79f-4029-acd8-bd1c2b259243-1024x961.jpg\" alt=\"naprawa \u017curawia HDS\" class=\"wp-image-4576\" width=\"512\" height=\"481\" srcset=\"https:\/\/szkolenia-udt.pl\/wp-content\/uploads\/2023\/03\/6d6981e5-f79f-4029-acd8-bd1c2b259243-1024x961.jpg 1024w, https:\/\/szkolenia-udt.pl\/wp-content\/uploads\/2023\/03\/6d6981e5-f79f-4029-acd8-bd1c2b259243-300x282.jpg 300w, https:\/\/szkolenia-udt.pl\/wp-content\/uploads\/2023\/03\/6d6981e5-f79f-4029-acd8-bd1c2b259243-768x721.jpg 768w, https:\/\/szkolenia-udt.pl\/wp-content\/uploads\/2023\/03\/6d6981e5-f79f-4029-acd8-bd1c2b259243-13x12.jpg 13w, https:\/\/szkolenia-udt.pl\/wp-content\/uploads\/2023\/03\/6d6981e5-f79f-4029-acd8-bd1c2b259243.jpg 1242w\" sizes=\"auto, (max-width: 512px) 100vw, 512px\" \/><\/a><\/figure>\n<\/div>\n\n\n<h2 class=\"wp-block-heading\">Jak wygl\u0105daj\u0105 nasze szkolenia?<\/h2>\n\n\n\n<p>Prowadzimy kurs, kt\u00f3ry ma na celu przekazanie wiedzy teoretycznej jak i praktycznej, kt\u00f3ra jest niezb\u0119dna, je\u015bli chcemy zdoby\u0107 uprawnienia do obs\u0142ugi lub konserwacji tych urz\u0105dze\u0144. <\/p>\n\n\n\n<p>Na kursie uczestnik dowie si\u0119 wszystkiego co mo\u017ce okaza\u0107 mu si\u0119 niezb\u0119dne do wykonywania prac ze wszystkimi typami \u017curawi. Nast\u0119pnie po zako\u0144czeniu kursu uczestnik szkolenia podchodzi do egzaminu pa\u0144stwowego, kt\u00f3ry zweryfikuje stan jego wiedzy.&nbsp;&nbsp;<\/p>\n\n\n\n<h3 class=\"wp-block-heading\">Egzamin z uprawnieniami UDT<\/h3>\n\n\n\n<p>Egzamin sk\u0142ada si\u0119 z cz\u0119\u015bci praktycznej i teoretycznej, przed komisj\u0105 egzaminacyjn\u0105 Urz\u0119du Dozoru Technicznego. Je\u015bli pozytywnie zaliczmy dwie cz\u0119\u015bci, otrzymamy uprawnienia do wykonywania prac z \u017curawiem.&nbsp;<\/p>\n\n\n\n<h2 class=\"wp-block-heading\">Program szkolenia&nbsp;&nbsp;<\/h2>\n\n\n\n<p>Nasz program opiera si\u0119 na przeszkoleniu uczestnika kursu, tak aby po zako\u0144czonym szkoleniu kursant potrafi\u0142 pracowa\u0107 z urz\u0105dzeniami. <\/p>\n\n\n<div class=\"wp-block-image\">\n<figure class=\"alignright size-full is-resized\"><a href=\"https:\/\/szkolenia-udt.pl\/wp-content\/uploads\/2023\/03\/PHOTO-manipulator-7-1.webp\"><img loading=\"lazy\" decoding=\"async\" src=\"https:\/\/szkolenia-udt.pl\/wp-content\/uploads\/2023\/03\/PHOTO-manipulator-7-1.webp\" alt=\"\u017curaw stacjonarny podczas zaj\u0119\u0107 praktycznych\" class=\"wp-image-4573\" width=\"500\" height=\"282\" srcset=\"https:\/\/szkolenia-udt.pl\/wp-content\/uploads\/2023\/03\/PHOTO-manipulator-7-1.webp 1000w, https:\/\/szkolenia-udt.pl\/wp-content\/uploads\/2023\/03\/PHOTO-manipulator-7-1-300x169.webp 300w, https:\/\/szkolenia-udt.pl\/wp-content\/uploads\/2023\/03\/PHOTO-manipulator-7-1-768x432.webp 768w, https:\/\/szkolenia-udt.pl\/wp-content\/uploads\/2023\/03\/PHOTO-manipulator-7-1-18x10.webp 18w\" sizes=\"auto, (max-width: 500px) 100vw, 500px\" \/><\/a><\/figure>\n<\/div>\n\n\n<p>Podczas zaj\u0119\u0107 poruszane s\u0105 takie tematy jak:&nbsp;<\/p>\n\n\n\n<ul class=\"wp-block-list\">\n<li>informacje dotycz\u0105ce dozoru technicznego,&nbsp;<\/li>\n\n\n\n<li>jak wykonywa\u0107 poprawnie prace z \u017curawiami HDS i innymi,&nbsp;<\/li>\n\n\n\n<li>bezpieczna obs\u0142uga urz\u0105dze\u0144,&nbsp;<\/li>\n\n\n\n<li>zasady BHP,&nbsp;<\/li>\n\n\n\n<li>umiej\u0119tna diagnoza stanu technicznego \u017curawi,&nbsp;<\/li>\n\n\n\n<li>obowi\u0105zki konserwatora i\/lub operatora,&nbsp;<\/li>\n\n\n\n<li>konstrukcja i budowa \u017curawi,&nbsp;<\/li>\n\n\n\n<li>zapoznanie si\u0119 z mechanizmami maszyn.&nbsp;<\/li>\n<\/ul>\n\n\n\n<h2 class=\"wp-block-heading\">Typy \u017curawi&nbsp;&nbsp;<\/h2>\n\n\n\n<p>Prowadzimy profesjonalne szkolenia na ka\u017cdy typ \u017curawia, m.in.:&nbsp;<\/p>\n\n\n\n<div class=\"wp-block-columns is-layout-flex wp-container-core-columns-is-layout-9d6595d7 wp-block-columns-is-layout-flex\">\n<div class=\"wp-block-column is-layout-flow wp-block-column-is-layout-flow\" style=\"flex-basis:50%\">\n<ul class=\"wp-block-list\">\n<li><a href=\"https:\/\/szkolenia-udt.pl\/sv\/kursy\/uprawnienia-udt-tdt-wdt\/zurawie-przenosne\/\">\u017curawie przeno\u015bne<\/a> HDS,<\/li>\n\n\n\n<li>\u017curawie pok\u0142adowe,&nbsp;<\/li>\n\n\n\n<li>\u017curawie stacjonarne,&nbsp;&nbsp;<\/li>\n<\/ul>\n<\/div>\n\n\n\n<div class=\"wp-block-column is-layout-flow wp-block-column-is-layout-flow\" style=\"flex-basis:50%\">\n<ul class=\"wp-block-list\">\n<li>\u017curawie kolejowe i na pojazdach kolejowych,&nbsp;<\/li>\n\n\n\n<li><a href=\"https:\/\/szkolenia-udt.pl\/sv\/kursy\/uprawnienia-udt-tdt-wdt\/operator-konserwator-zurawia-samojezdnego\/\">\u017curawie samojezdne<\/a>\/d\u017awigi,&nbsp;<\/li>\n\n\n\n<li>\u017curawie wie\u017cowe.&nbsp;<\/li>\n<\/ul>\n<\/div>\n<\/div>\n\n\n\n<h2 class=\"wp-block-heading\">\u017burawie HDS<\/h2>\n\n\n\n<p>Najcz\u0119\u015bciej wykorzystywane do pracy urz\u0105dzenia to tzw. HDS\u2013y. S\u0105 to \u017curawie z obrotowym nap\u0119dem hydraulicznym stosowanym do poruszania sworzniem obrotowym do transportu \u0142adunku wok\u00f3\u0142 w\u0142asnej osi. Cechuj\u0105 si\u0119 du\u017c\u0105 moc\u0105 i precyzj\u0105. Pozwalaj\u0105 kontrolowa\u0107 pr\u0119dko\u015b\u0107 i kierunek obrotu \u0142adunkiem. <\/p>\n\n\n\n<p>HDS stosuje si\u0119 m.in. w przemy\u015ble stoczniowym, budownictwie, przemy\u015ble naftowym i gazowym oraz w sektorze transportowym. S\u0105 niezb\u0119dne do za\u0142adunku i roz\u0142adunku element\u00f3w ci\u0119\u017ckich, tj. platform wiertniczych, element\u00f3w konstrukcyjnych most\u00f3w czy maszyn przemys\u0142owych. <\/p>\n\n\n\n<h2 class=\"wp-block-heading\">Obowi\u0105zki konserwatora \u017curawi HDS<\/h2>\n\n\n<div class=\"wp-block-image\">\n<figure class=\"alignright size-large is-resized\"><a href=\"https:\/\/szkolenia-udt.pl\/wp-content\/uploads\/2023\/03\/s2-3.jpg\"><img loading=\"lazy\" decoding=\"async\" src=\"https:\/\/szkolenia-udt.pl\/wp-content\/uploads\/2023\/03\/s2-3-1024x683.jpg\" alt=\"\u017curaw wie\u017cowy na placu budowlanym\" class=\"wp-image-4578\" width=\"512\" height=\"342\" srcset=\"https:\/\/szkolenia-udt.pl\/wp-content\/uploads\/2023\/03\/s2-3-1024x683.jpg 1024w, https:\/\/szkolenia-udt.pl\/wp-content\/uploads\/2023\/03\/s2-3-300x200.jpg 300w, https:\/\/szkolenia-udt.pl\/wp-content\/uploads\/2023\/03\/s2-3-768x512.jpg 768w, https:\/\/szkolenia-udt.pl\/wp-content\/uploads\/2023\/03\/s2-3-1536x1024.jpg 1536w, https:\/\/szkolenia-udt.pl\/wp-content\/uploads\/2023\/03\/s2-3-18x12.jpg 18w, https:\/\/szkolenia-udt.pl\/wp-content\/uploads\/2023\/03\/s2-3.jpg 1600w\" sizes=\"auto, (max-width: 512px) 100vw, 512px\" \/><\/a><\/figure>\n<\/div>\n\n\n<p>Do najwa\u017cniejszych zada\u0144 konserwator\u00f3w d\u017awig\u00f3w HDS nale\u017c\u0105:<\/p>\n\n\n\n<ul class=\"wp-block-list\">\n<li>regularne przegl\u0105dy techniczne i konserwacja \u2013 inspekcje uk\u0142adu nap\u0119dowego, \u0142o\u017cyska i innych cz\u0119\u015bci;<\/li>\n\n\n\n<li>naprawy, wymiana uszkodzonych cz\u0119\u015bci;<\/li>\n\n\n\n<li>testowanie system\u00f3w bezpiecze\u0144stwa \u2013 systemu hamulcowego i awaryjnego;<\/li>\n\n\n\n<li>utrzymywanie dokumentacji technicznej urz\u0105dzenia \u2013 dokumentacja przegl\u0105d\u00f3w, napraw i wymian cz\u0119\u015bci; \u015bledzenie historii konserwacji;<\/li>\n\n\n\n<li>szkolenia pracownik\u00f3w obs\u0142uguj\u0105cych \u2013 w celu om\u00f3wienia wskaz\u00f3wek prawid\u0142owej eksploatacji i bezpiecze\u0144stwa oraz odpowiednich umiej\u0119tno\u015bci i wiedzy na temat konserwacji.<\/li>\n<\/ul>\n\n\n\n<h2 class=\"wp-block-heading\">O nas&nbsp;&nbsp;<\/h2>\n\n\n\n<p>Firma OSO oferuje szkolenia na wszystkie rodzaje \u017curawi dla przysz\u0142ych operator\u00f3w jak i konserwator\u00f3w. Kursy prowadzi nasza kadra, kt\u00f3ra jest \u015bwietnie do\u015bwiadczona, a tak\u017ce posiada wysoki poziom wiedzy na temat urz\u0105dze\u0144. Przygotujemy Ci\u0119 w spos\u00f3b w\u0142a\u015bciwy, oznacza to, \u017ce po zako\u0144czeniu kursu b\u0119dziesz m\u00f3g\u0142 bez problemu pozytywnie zda\u0107 egzamin, a nast\u0119pnie pracowa\u0107 ju\u017c z urz\u0105dzeniami.&nbsp;&nbsp;<\/p>\n\n\n\n<h2 class=\"wp-block-heading\">Wymagania, aby przyst\u0105pi\u0107 do kursu&nbsp;<\/h2>\n\n\n<div class=\"wp-block-image\">\n<figure class=\"alignright size-large is-resized\"><a href=\"https:\/\/szkolenia-udt.pl\/wp-content\/uploads\/2023\/03\/s2-2.jpg\"><img loading=\"lazy\" decoding=\"async\" src=\"https:\/\/szkolenia-udt.pl\/wp-content\/uploads\/2023\/03\/s2-2-683x1024.jpg\" alt=\"Hydrauliczny \u017curaw samochodowy na terenie budowy\" class=\"wp-image-4577\" width=\"342\" height=\"512\" srcset=\"https:\/\/szkolenia-udt.pl\/wp-content\/uploads\/2023\/03\/s2-2-683x1024.jpg 683w, https:\/\/szkolenia-udt.pl\/wp-content\/uploads\/2023\/03\/s2-2-200x300.jpg 200w, https:\/\/szkolenia-udt.pl\/wp-content\/uploads\/2023\/03\/s2-2-768x1152.jpg 768w, https:\/\/szkolenia-udt.pl\/wp-content\/uploads\/2023\/03\/s2-2-1024x1536.jpg 1024w, https:\/\/szkolenia-udt.pl\/wp-content\/uploads\/2023\/03\/s2-2-8x12.jpg 8w, https:\/\/szkolenia-udt.pl\/wp-content\/uploads\/2023\/03\/s2-2.jpg 1067w\" sizes=\"auto, (max-width: 342px) 100vw, 342px\" \/><\/a><\/figure>\n<\/div>\n\n\n<p>Je\u015bli chcemy rozpocz\u0105\u0107 kurs, trzeba spe\u0142ni\u0107 wymagania, kt\u00f3re s\u0105 obowi\u0105zkowe, nale\u017cy:&nbsp;<\/p>\n\n\n\n<ul class=\"wp-block-list\">\n<li>mie\u0107 uko\u0144czony 18 rok \u017cycia,&nbsp;<\/li>\n\n\n\n<li>posiada\u0107 wykszta\u0142cenie na poziomie minimum podstawowym,&nbsp;<\/li>\n\n\n\n<li>dostarczy\u0107 za\u015bwiadczenie lekarskie, w kt\u00f3rym nie ma przeciwskaza\u0144 medycznych.&nbsp;<\/li>\n<\/ul>\n\n\n\n<p>Gdy spe\u0142niasz te trzy wymagania \u015bmia\u0142o mo\u017cesz rozpocz\u0105\u0107 szkolenie na \u017curawie.&nbsp;<\/p>\n\n\n\n<h2 class=\"wp-block-heading\">Inne nasze szkolenia&nbsp;<\/h2>\n\n\n\n<p>Przeprowadzamy tak\u017ce kursy na inne urz\u0105dzenia transportu bliskiego, takie jak:&nbsp;<\/p>\n\n\n\n<ul class=\"wp-block-list\">\n<li>suwnice,&nbsp;<\/li>\n\n\n\n<li>w\u00f3zki wid\u0142owe,&nbsp;<\/li>\n\n\n\n<li>podesty ruchome,&nbsp;<\/li>\n\n\n\n<li>\u0142adowarki teleskopowe.&nbsp;<\/li>\n<\/ul>\n\n\n\n<p>Je\u015bli zach\u0119ci\u0142a Ci\u0119 <a href=\"https:\/\/szkolenia-udt.pl\/sv\/oferta\/\">nasza oferta<\/a> dotycz\u0105ca szkolenia na jedno z poszczeg\u00f3lnych urz\u0105dze\u0144, zapraszamy do kontaktu telefonicznego, a udzielimy informacji na temat danego kursu.&nbsp;<\/p>\n\n\n\n<h2 class=\"wp-block-heading\">Pytania i odpowiedzi:<\/h2>\n\n\n\t\t<details\t\thelp class=\"sc_fs_faq sc_card    \"\n\t\topen\t\t>\n\t\t\t\t\t<summary>\n\t\t\t\t<h3>1. Czym jest \u017curaw stacjonarny? <\/h3>\t\t\t\t\t<\/summary>\n\t\t\t\t<div>\n\t\t\t\t\t\t<div class=\"sc_fs_faq__content\">\n\t\t\t\t\n\n<p>\u017buraw stacjonarny to lekka d\u017awignica ze s\u0142upa, kt\u00f3r\u0105 montuje si\u0119 u pod\u0142o\u017ca, a na s\u0142upie usadzony jest obrotowy wysi\u0119gnik, po kt\u00f3rym przemieszcza si\u0119 wci\u0105gnik, kt\u00f3ry ma za zadanie unosi\u0107 \u0142adunki.&nbsp;<\/p>\n\n\t\t\t<\/div>\n\t\t<\/div>\n\t\t<\/details>\n\t\t\t\t<details\t\thelp class=\"sc_fs_faq sc_card    \"\n\t\t\t\t>\n\t\t\t\t\t<summary>\n\t\t\t\t<h3>2. Kto mo\u017ce przyst\u0105pi\u0107 do naszego kursu? <\/h3>\t\t\t\t\t<\/summary>\n\t\t\t\t<div>\n\t\t\t\t\t\t<div class=\"sc_fs_faq__content\">\n\t\t\t\t\n\n<p>Przyst\u0105pi\u0107 mog\u0105 osoby, kt\u00f3re: uko\u0144czy\u0142y 18 rok \u017cycia, posiadaj\u0105 wykszta\u0142cenie przynajmniej podstawowe oraz osoby, kt\u00f3re posiadaj\u0105 za\u015bwiadczenie lekarskie o braku przeciwskaza\u0144 do wykonywania pracy.<\/p>\n\n\t\t\t<\/div>\n\t\t<\/div>\n\t\t<\/details>\n\t\t\n<script type=\"application\/ld+json\">\n\t{\n\t\t\"@context\": \"https:\/\/schema.org\",\n\t\t\"@type\": \"FAQPage\",\n\t\t\"mainEntity\": [\n\t\t\t\t\t{\n\t\t\t\t\"@type\": \"Question\",\n\t\t\t\t\"name\": \"1. Czym jest \u017curaw stacjonarny? \",\n\t\t\t\t\"acceptedAnswer\": {\n\t\t\t\t\t\"@type\": \"Answer\",\n\t\t\t\t\t\"text\": \"<p>\u017buraw stacjonarny to lekka d\u017awignica ze s\u0142upa, kt\u00f3r\u0105 montuje si\u0119 u pod\u0142o\u017ca, a na s\u0142upie usadzony jest obrotowy wysi\u0119gnik, po kt\u00f3rym przemieszcza si\u0119 wci\u0105gnik, kt\u00f3ry ma za zadanie unosi\u0107 \u0142adunki.&nbsp;<\/p>\"\n\t\t\t\t\t\t\t\t\t}\n\t\t\t}\n\t\t\t,\t\t\t\t{\n\t\t\t\t\"@type\": \"Question\",\n\t\t\t\t\"name\": \"2. Kto mo\u017ce przyst\u0105pi\u0107 do naszego kursu? \",\n\t\t\t\t\"acceptedAnswer\": {\n\t\t\t\t\t\"@type\": \"Answer\",\n\t\t\t\t\t\"text\": \"<p>Przyst\u0105pi\u0107 mog\u0105 osoby, kt\u00f3re: uko\u0144czy\u0142y 18 rok \u017cycia, posiadaj\u0105 wykszta\u0142cenie przynajmniej podstawowe oraz osoby, kt\u00f3re posiadaj\u0105 za\u015bwiadczenie lekarskie o braku przeciwskaza\u0144 do wykonywania pracy.<\/p>\"\n\t\t\t\t\t\t\t\t\t}\n\t\t\t}\n\t\t\t\t\t\t]\n\t}\n<\/script>\n","protected":false},"excerpt":{"rendered":"<p>Jak wygl\u0105daj\u0105 nasze szkolenia? Prowadzimy kurs, kt\u00f3ry ma na celu przekazanie wiedzy teoretycznej jak i praktycznej, kt\u00f3ra jest niezb\u0119dna, je\u015bli chcemy zdoby\u0107 uprawnienia do obs\u0142ugi lub konserwacji tych urz\u0105dze\u0144. Na kursie uczestnik dowie si\u0119 wszystkiego co mo\u017ce okaza\u0107 mu si\u0119 niezb\u0119dne do wykonywania prac ze wszystkimi typami \u017curawi. Nast\u0119pnie po zako\u0144czeniu kursu uczestnik szkolenia podchodzi [&hellip;]<\/p>\n","protected":false},"author":10,"featured_media":4576,"parent":2266,"menu_order":0,"comment_status":"closed","ping_status":"closed","template":"","meta":{"footnotes":""},"class_list":["post-4342","page","type-page","status-publish","has-post-thumbnail","hentry"],"aioseo_notices":[],"_links":{"self":[{"href":"https:\/\/szkolenia-udt.pl\/sv\/wp-json\/wp\/v2\/pages\/4342","targetHints":{"allow":["GET"]}}],"collection":[{"href":"https:\/\/szkolenia-udt.pl\/sv\/wp-json\/wp\/v2\/pages"}],"about":[{"href":"https:\/\/szkolenia-udt.pl\/sv\/wp-json\/wp\/v2\/types\/page"}],"author":[{"embeddable":true,"href":"https:\/\/szkolenia-udt.pl\/sv\/wp-json\/wp\/v2\/users\/10"}],"replies":[{"embeddable":true,"href":"https:\/\/szkolenia-udt.pl\/sv\/wp-json\/wp\/v2\/comments?post=4342"}],"version-history":[{"count":7,"href":"https:\/\/szkolenia-udt.pl\/sv\/wp-json\/wp\/v2\/pages\/4342\/revisions"}],"predecessor-version":[{"id":4584,"href":"https:\/\/szkolenia-udt.pl\/sv\/wp-json\/wp\/v2\/pages\/4342\/revisions\/4584"}],"up":[{"embeddable":true,"href":"https:\/\/szkolenia-udt.pl\/sv\/wp-json\/wp\/v2\/pages\/2266"}],"wp:featuredmedia":[{"embeddable":true,"href":"https:\/\/szkolenia-udt.pl\/sv\/wp-json\/wp\/v2\/media\/4576"}],"wp:attachment":[{"href":"https:\/\/szkolenia-udt.pl\/sv\/wp-json\/wp\/v2\/media?parent=4342"}],"curies":[{"name":"wp","href":"https:\/\/api.w.org\/{rel}","templated":true}]}}