{"id":44,"date":"2014-10-07T16:23:18","date_gmt":"2014-10-07T16:23:18","guid":{"rendered":"http:\/\/szkolenia-udt.pl\/?page_id=44"},"modified":"2021-07-19T22:19:44","modified_gmt":"2021-07-19T22:19:44","slug":"snickare","status":"publish","type":"page","link":"https:\/\/szkolenia-udt.pl\/sv\/dzwignice\/ciegniki\/","title":{"rendered":"dragbilar"},"content":{"rendered":"<div style=\"float: left; padding-right: 10px;\"><div id=\"metaslider-id-629\" style=\"max-width: 300px;\" class=\"ml-slider-3-107-0 metaslider metaslider-flex metaslider-629 ml-slider ms-theme-default nav-hidden\" role=\"region\" aria-label=\"dragbilar\" data-height=\"225\" data-width=\"300\">\n    <div id=\"metaslider_container_629\">\n        <div id=\"metaslider_629\">\n            <ul class='slides'>\n                <li style=\"display: block; width: 100%;\" class=\"slide-636 ms-image\" aria-roledescription=\"slide\" data-date=\"2014-10-12 07:55:54\" data-filename=\"Szkolenia-Ci\u0119gnik.jpg\" data-slide-type=\"image\"><img loading=\"lazy\" decoding=\"async\" src=\"https:\/\/szkolenia-udt.pl\/wp-content\/uploads\/2014\/10\/Szkolenia-Ci\u0119gnik.jpg\" height=\"225\" width=\"300\" alt=\"Utbildning av traktorer\" class=\"slider-629 slide-636 msDefaultImage\" \/><\/li>\n                <li style=\"display: none; width: 100%;\" class=\"slide-635 ms-image\" aria-roledescription=\"slide\" data-date=\"2014-10-12 07:55:53\" data-filename=\"OSO-Warszawa.jpg\" data-slide-type=\"image\"><img loading=\"lazy\" decoding=\"async\" src=\"https:\/\/szkolenia-udt.pl\/wp-content\/uploads\/2014\/10\/OSO-Warszawa.jpg\" height=\"225\" width=\"300\" alt=\"\" class=\"slider-629 slide-635 msDefaultImage\" \/><\/li>\n                <li style=\"display: none; width: 100%;\" class=\"slide-637 ms-image\" aria-roledescription=\"slide\" data-date=\"2014-10-12 07:55:54\" data-filename=\"Szkolenia-w\u00f3zki-wid\u0142owe2.jpg\" data-slide-type=\"image\"><img loading=\"lazy\" decoding=\"async\" src=\"https:\/\/szkolenia-udt.pl\/wp-content\/uploads\/2014\/10\/Szkolenia-w\u00f3zki-wid\u0142owe2.jpg\" height=\"225\" width=\"300\" alt=\"Kurser och utbildning B\u00e4rgningsbilar\" class=\"slider-629 slide-637 msDefaultImage\" \/><\/li>\n                <li style=\"display: none; width: 100%;\" class=\"slide-632 ms-image\" aria-roledescription=\"slide\" data-date=\"2014-10-12 07:55:51\" data-filename=\"D\u017awigi-uprawnienia-UDT.jpg\" data-slide-type=\"image\"><img loading=\"lazy\" decoding=\"async\" src=\"https:\/\/szkolenia-udt.pl\/wp-content\/uploads\/2014\/10\/D\u017awigi-uprawnienia-UDT.jpg\" height=\"225\" width=\"300\" alt=\"\" class=\"slider-629 slide-632 msDefaultImage\" \/><\/li>\n                <li style=\"display: none; width: 100%;\" class=\"slide-634 ms-image\" aria-roledescription=\"slide\" data-date=\"2014-10-12 07:55:52\" data-filename=\"Kursy-szkolenia1.jpg\" data-slide-type=\"image\"><img loading=\"lazy\" decoding=\"async\" src=\"https:\/\/szkolenia-udt.pl\/wp-content\/uploads\/2014\/10\/Kursy-szkolenia1.jpg\" height=\"225\" width=\"300\" alt=\"Utbildningscenter f\u00f6r operat\u00f6rer Warszawa\" class=\"slider-629 slide-634 msDefaultImage\" \/><\/li>\n            <\/ul>\n        <\/div>\n        \n    <\/div>\n<\/div><\/div>\n<div class=\"wyjustuj\">Lyftanordningar (vinschar, domkrafter, vinschar) \u00e4r kranar och kr\u00e4ver tillst\u00e5nd fr\u00e5n Tekniska kontrollcentralen f\u00f6r att f\u00e5 anv\u00e4ndas. Syftet med vinschar \u00e4r att flytta laster med hj\u00e4lp av linor i form av gripar eller krokar. I v\u00e5rt <a href=\"https:\/\/szkolenia-udt.pl\/sv\/o-firmie\/\">Centrum<\/a> OSO kan du anm\u00e4la dig till en kurs f\u00f6r l\u00e4nkage, vilket ger dig de n\u00f6dv\u00e4ndiga kvalifikationerna f\u00f6r att anv\u00e4nda dem.L\u00e4nkage drivs antingen manuellt eller mekaniskt med hj\u00e4lp av motorer. De \u00e4r frist\u00e5ende maskiner eller kan vara en del av annan lyftutrustning.<br \/>\n<strong><br \/>\nTraktorer kan flytta laster i olika plan:<\/strong><\/p>\n<ul>\n<li>dragare - lasten r\u00f6r sig i riktning mot dragaren<\/li>\n<li>vinschar - lasten r\u00f6r sig mot och bort fr\u00e5n vinschen med hj\u00e4lp av dess tyngdkraft; n\u00e4r vinschen \u00e4r upph\u00e4ngd kallas den en lyftanordning<\/li>\n<li>dragv\u00e4xel - lasten f\u00f6rflyttas med tv\u00e5 l\u00e4nkar, varav den ena f\u00f6rflyttar lasten fr\u00e5n dragv\u00e4xeln och den andra till dragv\u00e4xeln<\/li>\n<\/ul>\n<div style=\"float: left; padding-right: 10px;\"><div id=\"metaslider-id-639\" style=\"max-width: 300px;\" class=\"ml-slider-3-107-0 metaslider metaslider-flex metaslider-639 ml-slider ms-theme-default nav-hidden nav-hidden\" role=\"region\" aria-label=\"Traktorer2\" data-height=\"225\" data-width=\"300\">\n    <div id=\"metaslider_container_639\">\n        <div id=\"metaslider_639\">\n            <ul class='slides'>\n                <li style=\"display: block; width: 100%;\" class=\"slide-630 ms-image\" aria-roledescription=\"slide\" data-date=\"2014-10-12 07:55:49\" data-filename=\"Ci\u0119gnik.jpg\" data-slide-type=\"image\"><img loading=\"lazy\" decoding=\"async\" src=\"https:\/\/szkolenia-udt.pl\/wp-content\/uploads\/2014\/10\/Ci\u0119gnik.jpg\" height=\"225\" width=\"300\" alt=\"\" class=\"slider-639 slide-630 msDefaultImage\" \/><\/li>\n                <li style=\"display: none; width: 100%;\" class=\"slide-631 ms-image\" aria-roledescription=\"slide\" data-date=\"2014-10-12 07:55:50\" data-filename=\"Ci\u0119gniki.jpg\" data-slide-type=\"image\"><img loading=\"lazy\" decoding=\"async\" src=\"https:\/\/szkolenia-udt.pl\/wp-content\/uploads\/2014\/10\/Ci\u0119gniki.jpg\" height=\"225\" width=\"300\" alt=\"Kurser Traktorer\" class=\"slider-639 slide-631 msDefaultImage\" \/><\/li>\n                <li style=\"display: none; width: 100%;\" class=\"slide-633 ms-image\" aria-roledescription=\"slide\" data-date=\"2014-10-12 07:55:51\" data-filename=\"kursy-Ci\u0119gniki.jpg\" data-slide-type=\"image\"><img loading=\"lazy\" decoding=\"async\" src=\"https:\/\/szkolenia-udt.pl\/wp-content\/uploads\/2014\/10\/kursy-Ci\u0119gniki.jpg\" height=\"225\" width=\"300\" alt=\"\" class=\"slider-639 slide-633 msDefaultImage\" \/><\/li>\n                <li style=\"display: none; width: 100%;\" class=\"slide-637 ms-image\" aria-roledescription=\"slide\" data-date=\"2014-10-12 07:55:54\" data-filename=\"Szkolenia-w\u00f3zki-wid\u0142owe2.jpg\" data-slide-type=\"image\"><img loading=\"lazy\" decoding=\"async\" src=\"https:\/\/szkolenia-udt.pl\/wp-content\/uploads\/2014\/10\/Szkolenia-w\u00f3zki-wid\u0142owe2.jpg\" height=\"225\" width=\"300\" alt=\"Kurser och utbildning B\u00e4rgningsbilar\" class=\"slider-639 slide-637 msDefaultImage\" \/><\/li>\n                <li style=\"display: none; width: 100%;\" class=\"slide-634 ms-image\" aria-roledescription=\"slide\" data-date=\"2014-10-12 07:55:52\" data-filename=\"Kursy-szkolenia1.jpg\" data-slide-type=\"image\"><img loading=\"lazy\" decoding=\"async\" src=\"https:\/\/szkolenia-udt.pl\/wp-content\/uploads\/2014\/10\/Kursy-szkolenia1.jpg\" height=\"225\" width=\"300\" alt=\"Utbildningscenter f\u00f6r operat\u00f6rer Warszawa\" class=\"slider-639 slide-634 msDefaultImage\" \/><\/li>\n            <\/ul>\n        <\/div>\n        \n    <\/div>\n<\/div><\/div>\n<p>Multipelvinschar - \u00e4r en separat typ av vinschar som bildar en upps\u00e4ttning vinschar, huvudspel och drag. De anv\u00e4nds fr\u00e4mst i mastkranar, linmotorkranar och gripare.<\/p>\n<p>Vi har h\u00e5llit kurser i traktorer i flera \u00e5r och hj\u00e4lper v\u00e5ra kunder att f\u00e5 r\u00e4tt kvalifikationer f\u00f6r att k\u00f6ra dem. Vi utm\u00e4rker oss genom h\u00f6gsta kvalitet p\u00e5 utbildningen, kundn\u00f6jdhet och prisv\u00e4rda <a href=\"https:\/\/szkolenia-udt.pl\/sv\/oferta\/\">pris<\/a>.<\/p>\n<p>Kom till OSO f\u00f6r traktorutbildning!<\/p>\n<\/div>","protected":false},"excerpt":{"rendered":"<p>Ci\u0119gniki (przyci\u0105garki, wodzarki, wci\u0105garki) zaliczane s\u0105 do urz\u0105dze\u0144 d\u017awigowych i do ich obs\u0142ugi potrzebne s\u0105 uprawnienia UDT. Zadaniem ci\u0119gnik\u00f3w jest przemieszczanie \u0142adunk\u00f3w z u\u017cyciem ci\u0119gien w formie chwytak\u00f3w lub hak\u00f3w. W naszym O\u015brodku OSO mo\u017cesz zapisa\u0107 si\u0119 na kurs na ci\u0119gniki, dzi\u0119ki kt\u00f3remu uzyskasz potrzebne do ich eksploatacji uprawnienia.Ci\u0119gniki nap\u0119dzane s\u0105 r\u0119cznie lub mechanicznie z [&hellip;]<\/p>\n","protected":false},"author":3,"featured_media":0,"parent":69,"menu_order":0,"comment_status":"closed","ping_status":"closed","template":"","meta":{"footnotes":""},"class_list":["post-44","page","type-page","status-publish","hentry"],"aioseo_notices":[],"_links":{"self":[{"href":"https:\/\/szkolenia-udt.pl\/sv\/wp-json\/wp\/v2\/pages\/44","targetHints":{"allow":["GET"]}}],"collection":[{"href":"https:\/\/szkolenia-udt.pl\/sv\/wp-json\/wp\/v2\/pages"}],"about":[{"href":"https:\/\/szkolenia-udt.pl\/sv\/wp-json\/wp\/v2\/types\/page"}],"author":[{"embeddable":true,"href":"https:\/\/szkolenia-udt.pl\/sv\/wp-json\/wp\/v2\/users\/3"}],"replies":[{"embeddable":true,"href":"https:\/\/szkolenia-udt.pl\/sv\/wp-json\/wp\/v2\/comments?post=44"}],"version-history":[{"count":8,"href":"https:\/\/szkolenia-udt.pl\/sv\/wp-json\/wp\/v2\/pages\/44\/revisions"}],"predecessor-version":[{"id":2388,"href":"https:\/\/szkolenia-udt.pl\/sv\/wp-json\/wp\/v2\/pages\/44\/revisions\/2388"}],"up":[{"embeddable":true,"href":"https:\/\/szkolenia-udt.pl\/sv\/wp-json\/wp\/v2\/pages\/69"}],"wp:attachment":[{"href":"https:\/\/szkolenia-udt.pl\/sv\/wp-json\/wp\/v2\/media?parent=44"}],"curies":[{"name":"wp","href":"https:\/\/api.w.org\/{rel}","templated":true}]}}