{"id":46,"date":"2014-10-07T16:23:50","date_gmt":"2014-10-07T16:23:50","guid":{"rendered":"http:\/\/szkolenia-udt.pl\/?page_id=46"},"modified":"2016-07-06T17:35:30","modified_gmt":"2016-07-06T17:35:30","slug":"kranar-3","status":"publish","type":"page","link":"https:\/\/szkolenia-udt.pl\/sv\/dzwignice\/dzwigi\/","title":{"rendered":"Kranar"},"content":{"rendered":"<div style=\"float: left; padding-right: 10px;\"><div id=\"metaslider-id-642\" style=\"max-width: 300px;\" class=\"ml-slider-3-107-0 metaslider metaslider-flex metaslider-642 ml-slider ms-theme-default nav-hidden\" role=\"region\" aria-label=\"Kranar\" data-height=\"225\" data-width=\"300\">\n    <div id=\"metaslider_container_642\">\n        <div id=\"metaslider_642\">\n            <ul class='slides'>\n                <li style=\"display: block; width: 100%;\" class=\"slide-647 ms-image\" aria-roledescription=\"slide\" data-date=\"2014-10-12 09:52:02\" data-filename=\"O\u015brodek-Szkolenia-Operator\u00f3w.jpg\" data-slide-type=\"image\"><img loading=\"lazy\" decoding=\"async\" src=\"https:\/\/szkolenia-udt.pl\/wp-content\/uploads\/2014\/10\/O\u015brodek-Szkolenia-Operator\u00f3w.jpg\" height=\"225\" width=\"300\" alt=\"\" class=\"slider-642 slide-647 msDefaultImage\" \/><\/li>\n                <li style=\"display: none; width: 100%;\" class=\"slide-649 ms-image\" aria-roledescription=\"slide\" data-date=\"2014-10-12 09:52:03\" data-filename=\"Szkolenie-d\u017awigi.jpg\" data-slide-type=\"image\"><img loading=\"lazy\" decoding=\"async\" src=\"https:\/\/szkolenia-udt.pl\/wp-content\/uploads\/2014\/10\/Szkolenie-d\u017awigi.jpg\" height=\"225\" width=\"300\" alt=\"Kranbana\" class=\"slider-642 slide-649 msDefaultImage\" \/><\/li>\n                <li style=\"display: none; width: 100%;\" class=\"slide-650 ms-image\" aria-roledescription=\"slide\" data-date=\"2014-10-12 09:52:03\" data-filename=\"Uprawnienia-UDT1.jpg\" data-slide-type=\"image\"><img loading=\"lazy\" decoding=\"async\" src=\"https:\/\/szkolenia-udt.pl\/wp-content\/uploads\/2014\/10\/Uprawnienia-UDT1.jpg\" height=\"225\" width=\"300\" alt=\"\" class=\"slider-642 slide-650 msDefaultImage\" \/><\/li>\n                <li style=\"display: none; width: 100%;\" class=\"slide-648 ms-image\" aria-roledescription=\"slide\" data-date=\"2014-10-12 09:52:02\" data-filename=\"szkolenia-d\u017awigi.jpg\" data-slide-type=\"image\"><img loading=\"lazy\" decoding=\"async\" src=\"https:\/\/szkolenia-udt.pl\/wp-content\/uploads\/2014\/10\/szkolenia-d\u017awigi.jpg\" height=\"225\" width=\"300\" alt=\"Utbildningscentrum f\u00f6r operat\u00f6rer\" class=\"slider-642 slide-648 msDefaultImage\" \/><\/li>\n                <li style=\"display: none; width: 100%;\" class=\"slide-651 ms-image\" aria-roledescription=\"slide\" data-date=\"2014-10-12 09:52:04\" data-filename=\"zdj\u0119cie-d\u017awig.jpg\" data-slide-type=\"image\"><img loading=\"lazy\" decoding=\"async\" src=\"https:\/\/szkolenia-udt.pl\/wp-content\/uploads\/2014\/10\/zdj\u0119cie-d\u017awig.jpg\" height=\"225\" width=\"300\" alt=\"Kranutbildning. UDT-auktorisationer\" class=\"slider-642 slide-651 msDefaultImage\" \/><\/li>\n            <\/ul>\n        <\/div>\n        \n    <\/div>\n<\/div><\/div>\n<div class=\"wyjustuj\">\nKranar kallas lyftanordningar eller kranar, eller hissar eller lyftanordningar, vars funktion \u00e4r att f\u00f6rflytta gods eller personer. Dessa laster kan befinna sig p\u00e5 plattformar eller i hytter. En kranf\u00f6rare ansvarar f\u00f6r att lyfta eller s\u00e4nka laster. F\u00f6r att f\u00e5 k\u00f6ra kr\u00e4vs en krankurs och ett certifikat som utf\u00e4rdas av Tekniska kontrollcentralen. Efter avslutad kurs g\u00f6r man UDT-examen.<\/p>\n<p><strong>Kranar indelas i f\u00f6ljande typer:<\/strong><\/p>\n<ul>\n<li>schakt - \u00e4ven k\u00e4nda som hissar<\/li>\n<li>cirkul\u00e4r - \u00e4ven k\u00e4nd som paternoster <\/li>\n<li>\nvertikal konstruktion - v\u00e4ggmonterad, masthissar<\/li>\n<li>hamnkranar<\/li>\n<li>lutande<\/li>\n<\/ul>\n<p>Om du vill arbeta som kranf\u00f6rare kan en kurs i v\u00e5r <a href=\"https:\/\/szkolenia-udt.pl\/sv\/o-firmie\/\">Centrum<\/a> \u00e4r det b\u00e4sta valet. Det som skiljer oss \u00e5t \u00e4r v\u00e5rt uppmuntrande pris f\u00f6r utbildning, v\u00e5r professionalism och v\u00e5r h\u00f6ga godk\u00e4nnandegrad och praktikantn\u00f6jdhet. Vi utbildar f\u00f6r kranar i st\u00e4derna: Warszawa, Krakow, Katowice, Bielsko-Bia\u0142a. Vi inbjuder dig att dra nytta av <a href=\"https:\/\/szkolenia-udt.pl\/sv\/oferta\/\">v\u00e5ra tj\u00e4nster<\/a>!\n<\/p><\/div>","protected":false},"excerpt":{"rendered":"<p>D\u017awigami nazywamy urz\u0105dzenia d\u017awigowe czy te\u017c d\u017awignice, inaczej windy czy wyci\u0105gi, kt\u00f3rych zadaniem jest przemieszanie towar\u00f3w lub os\u00f3b. \u0141adunki te mog\u0105 znajdowa\u0107 si\u0119 na platformach lub w kabinach. Za podnoszenie lub opuszczanie \u0142adunk\u00f3w odpowiedzialny jest d\u017awigowy. Do prowadzenia obs\u0142ugi potrzebny jest kurs d\u017awigowego oraz uprawnienia nadane przez Urz\u0105d Dozoru Technicznego. Po zako\u0144czeniu nauki kursanci podchodz\u0105 [&hellip;]<\/p>\n","protected":false},"author":3,"featured_media":0,"parent":69,"menu_order":0,"comment_status":"closed","ping_status":"closed","template":"","meta":{"footnotes":""},"class_list":["post-46","page","type-page","status-publish","hentry"],"aioseo_notices":[],"_links":{"self":[{"href":"https:\/\/szkolenia-udt.pl\/sv\/wp-json\/wp\/v2\/pages\/46","targetHints":{"allow":["GET"]}}],"collection":[{"href":"https:\/\/szkolenia-udt.pl\/sv\/wp-json\/wp\/v2\/pages"}],"about":[{"href":"https:\/\/szkolenia-udt.pl\/sv\/wp-json\/wp\/v2\/types\/page"}],"author":[{"embeddable":true,"href":"https:\/\/szkolenia-udt.pl\/sv\/wp-json\/wp\/v2\/users\/3"}],"replies":[{"embeddable":true,"href":"https:\/\/szkolenia-udt.pl\/sv\/wp-json\/wp\/v2\/comments?post=46"}],"version-history":[{"count":5,"href":"https:\/\/szkolenia-udt.pl\/sv\/wp-json\/wp\/v2\/pages\/46\/revisions"}],"predecessor-version":[{"id":652,"href":"https:\/\/szkolenia-udt.pl\/sv\/wp-json\/wp\/v2\/pages\/46\/revisions\/652"}],"up":[{"embeddable":true,"href":"https:\/\/szkolenia-udt.pl\/sv\/wp-json\/wp\/v2\/pages\/69"}],"wp:attachment":[{"href":"https:\/\/szkolenia-udt.pl\/sv\/wp-json\/wp\/v2\/media?parent=46"}],"curies":[{"name":"wp","href":"https:\/\/api.w.org\/{rel}","templated":true}]}}