{"id":48,"date":"2014-10-07T16:24:25","date_gmt":"2014-10-07T16:24:25","guid":{"rendered":"http:\/\/szkolenia-udt.pl\/?page_id=48"},"modified":"2021-06-27T22:16:57","modified_gmt":"2021-06-27T22:16:57","slug":"lankade-kranar","status":"publish","type":"page","link":"https:\/\/szkolenia-udt.pl\/sv\/dzwignice\/dzwignice-linotorowe\/","title":{"rendered":"Rep rep kranar"},"content":{"rendered":"<div style=\"float: left; padding-right: 10px;\"><div id=\"metaslider-id-653\" style=\"max-width: 300px;\" class=\"ml-slider-3-108-0 metaslider metaslider-flex metaslider-653 ml-slider ms-theme-default nav-hidden\" role=\"region\" aria-label=\"kranar2\" data-height=\"225\" data-width=\"300\">\n    <div id=\"metaslider_container_653\">\n        <div id=\"metaslider_653\">\n            <ul class='slides'>\n                <li style=\"display: block; width: 100%;\" class=\"slide-645 ms-image\" aria-roledescription=\"slide\" data-date=\"2014-10-12 09:52:00\" data-filename=\"Foto-szkolenia-uprawnienia-udt.jpg\" data-slide-type=\"image\"><img loading=\"lazy\" decoding=\"async\" src=\"https:\/\/szkolenia-udt.pl\/wp-content\/uploads\/2014\/10\/Foto-szkolenia-uprawnienia-udt.jpg\" height=\"225\" width=\"300\" alt=\"Utbildning av kranar\" class=\"slider-653 slide-645 msDefaultImage\" \/><\/li>\n                <li style=\"display: none; width: 100%;\" class=\"slide-646 ms-image\" aria-roledescription=\"slide\" data-date=\"2014-10-12 09:52:01\" data-filename=\"Operator-D\u017awig.jpg\" data-slide-type=\"image\"><img loading=\"lazy\" decoding=\"async\" src=\"https:\/\/szkolenia-udt.pl\/wp-content\/uploads\/2014\/10\/Operator-D\u017awig.jpg\" height=\"225\" width=\"300\" alt=\"\" class=\"slider-653 slide-646 msDefaultImage\" \/><\/li>\n                <li style=\"display: none; width: 100%;\" class=\"slide-643 ms-image\" aria-roledescription=\"slide\" data-date=\"2014-10-12 09:51:58\" data-filename=\"D\u017awig.jpg\" data-slide-type=\"image\"><img loading=\"lazy\" decoding=\"async\" src=\"https:\/\/szkolenia-udt.pl\/wp-content\/uploads\/2014\/10\/D\u017awig.jpg\" height=\"225\" width=\"300\" alt=\"\" class=\"slider-653 slide-643 msDefaultImage\" \/><\/li>\n                <li style=\"display: none; width: 100%;\" class=\"slide-644 ms-image\" aria-roledescription=\"slide\" data-date=\"2014-10-12 09:51:59\" data-filename=\"D\u017awig-foto.jpg\" data-slide-type=\"image\"><img loading=\"lazy\" decoding=\"async\" src=\"https:\/\/szkolenia-udt.pl\/wp-content\/uploads\/2014\/10\/D\u017awig-foto.jpg\" height=\"225\" width=\"300\" alt=\"Linotor-kranar\" class=\"slider-653 slide-644 msDefaultImage\" \/><\/li>\n                <li style=\"display: none; width: 100%;\" class=\"slide-648 ms-image\" aria-roledescription=\"slide\" data-date=\"2014-10-12 09:52:02\" data-filename=\"szkolenia-d\u017awigi.jpg\" data-slide-type=\"image\"><img loading=\"lazy\" decoding=\"async\" src=\"https:\/\/szkolenia-udt.pl\/wp-content\/uploads\/2014\/10\/szkolenia-d\u017awigi.jpg\" height=\"225\" width=\"300\" alt=\"Utbildningscentrum f\u00f6r operat\u00f6rer\" class=\"slider-653 slide-648 msDefaultImage\" \/><\/li>\n            <\/ul>\n        <\/div>\n        \n    <\/div>\n<\/div><\/div>\n<div class=\"wyjustuj\">\n<p>Linotype-kranar klassificeras som kranutrustning. Dessa kranar liknar linbanor n\u00e4r det g\u00e4ller deras konstruktion. De best\u00e5r av l\u00f6pvagnar eller vagnar som \u00e4r upph\u00e4ngda i h\u00e4ngkablar mellan torn. De g\u00f6r det enkelt att flytta olika typer av laster, inklusive bulkmaterial, till exempel p\u00e5 byggarbetsplatser. Alla linbanekranar \u00e4r f\u00f6rem\u00e5l f\u00f6r teknisk \u00f6vervakning.<\/p>\n<p><strong>Kranar, med avseende p\u00e5 deras konstruktion, \u00e4r indelade i:<\/strong><\/p>\n<ul>\n<li>utrustning med fasta torn<\/li>\n<li>utrustning med skjutbara torn<\/li>\n<li>utrustning med fasta och roterande torn<\/li>\n<\/ul>\n<p>Genom att v\u00e4lja v\u00e5r linmotorkrankurs f\u00e5r du n\u00f6dv\u00e4ndig teoretisk kunskap och kan \u00f6va dina praktiska f\u00e4rdigheter relaterade till driften av utrustningen. I slutet av kursen kommer du att beh\u00f6va g\u00f6ra ett prov f\u00f6r att f\u00e5 din UDT-licens. Om du klarar provet med godk\u00e4nt resultat f\u00e5r du ett certifikat f\u00f6r linmotorkranar. Vi inbjuder dig att l\u00e4ra dig med Operator Training Centre!<\/p>\n<\/div>","protected":false},"excerpt":{"rendered":"<p>D\u017awignice linotorowe zaliczane s\u0105 do urz\u0105dze\u0144 d\u017awignicowych. D\u017awignice te pod k\u0105tem swojej budowy przypominaj\u0105 kolejki linowe. S\u0105 skonstruowane z wodzak\u00f3w, czyli w\u00f3zk\u00f3w b\u0105d\u017a te\u017c z w\u00f3zk\u00f3w podwieszonych na linach no\u015bnych mi\u0119dzy wie\u017cami. Dzi\u0119ki nim mo\u017cna \u0142atwo przemieszcza\u0107 \u0142adunki r\u00f3\u017cnych typ\u00f3w, tak\u017ce materia\u0142y sypkie, na przyk\u0142ad na placach bud\u00f3w. Wszystkie d\u017awignice linotorowe podlegaj\u0105 dozorowi technicznemu. D\u017awignice [&hellip;]<\/p>\n","protected":false},"author":3,"featured_media":0,"parent":69,"menu_order":0,"comment_status":"closed","ping_status":"closed","template":"","meta":{"footnotes":""},"class_list":["post-48","page","type-page","status-publish","hentry"],"aioseo_notices":[],"_links":{"self":[{"href":"https:\/\/szkolenia-udt.pl\/sv\/wp-json\/wp\/v2\/pages\/48","targetHints":{"allow":["GET"]}}],"collection":[{"href":"https:\/\/szkolenia-udt.pl\/sv\/wp-json\/wp\/v2\/pages"}],"about":[{"href":"https:\/\/szkolenia-udt.pl\/sv\/wp-json\/wp\/v2\/types\/page"}],"author":[{"embeddable":true,"href":"https:\/\/szkolenia-udt.pl\/sv\/wp-json\/wp\/v2\/users\/3"}],"replies":[{"embeddable":true,"href":"https:\/\/szkolenia-udt.pl\/sv\/wp-json\/wp\/v2\/comments?post=48"}],"version-history":[{"count":6,"href":"https:\/\/szkolenia-udt.pl\/sv\/wp-json\/wp\/v2\/pages\/48\/revisions"}],"predecessor-version":[{"id":2234,"href":"https:\/\/szkolenia-udt.pl\/sv\/wp-json\/wp\/v2\/pages\/48\/revisions\/2234"}],"up":[{"embeddable":true,"href":"https:\/\/szkolenia-udt.pl\/sv\/wp-json\/wp\/v2\/pages\/69"}],"wp:attachment":[{"href":"https:\/\/szkolenia-udt.pl\/sv\/wp-json\/wp\/v2\/media?parent=48"}],"curies":[{"name":"wp","href":"https:\/\/api.w.org\/{rel}","templated":true}]}}