{"id":4829,"date":"2023-06-30T12:47:41","date_gmt":"2023-06-30T10:47:41","guid":{"rendered":"https:\/\/szkolenia-udt.pl\/?page_id=4829"},"modified":"2023-06-30T12:47:42","modified_gmt":"2023-06-30T10:47:42","slug":"service-reparation-och-underhall-av-bilhissar","status":"publish","type":"page","link":"https:\/\/szkolenia-udt.pl\/sv\/serwis-naprawa-i-konserwacja-wind-samochodowych\/","title":{"rendered":"Service, reparation och underh\u00e5ll av fordonslyftar"},"content":{"rendered":"<h2 class=\"wp-block-heading\">Om f\u00f6retaget&nbsp;<\/h2>\n\n\n\n<p>Vi \u00e4r verksamma i <a href=\"https:\/\/szkolenia-udt.pl\/sv\/o-firmie\/\">Centrum f\u00f6r utbildning av operat\u00f6rer<\/a> OSO har funnits i mer \u00e4n 15 \u00e5r, men v\u00e5r erfarenhet str\u00e4cker sig mer \u00e4n 20 \u00e5r tillbaka i tiden. Vi tillhandah\u00e5ller helt\u00e4ckande tj\u00e4nster inom service, underh\u00e5ll och UDT-support. V\u00e5rt huvudkontor ligger i Warszawa, men vi har filialer i hela Polen. &nbsp;<\/p>\n\n\n\n<p>Vi reparerar och underh\u00e5ller alla lyftmaskiner. Vi samarbetar med olika institutioner, t.ex. Office of Technical Inspection och Association of Polish Electricians. V\u00e5r personal best\u00e5r av h\u00f6gt kvalificerade specialister med l\u00e5ng erfarenhet. Tack vare dem kan vi utf\u00f6ra alla best\u00e4llningar p\u00e5 ett tillf\u00f6rlitligt s\u00e4tt och i tid.&nbsp;<\/p>\n\n\n\n<h2 class=\"wp-block-heading\">Erbjudande&nbsp;<\/h2>\n\n\n\n<p>Vi tar ett individuellt grepp om varje jobb och ger professionell r\u00e5dgivning. Vi har alla beh\u00f6righeter f\u00f6r att utf\u00f6ra service- och underh\u00e5llsarbeten. Vi kan ocks\u00e5 \u00e5ta oss komplexa och ovanliga uppdrag. I det dagliga arbetet utbildar vi i drift och underh\u00e5ll av olika typer av utrustning och driver egen service.&nbsp;<\/p>\n\n\n<div class=\"wp-block-image\">\n<figure class=\"alignright size-large is-resized\"><a href=\"https:\/\/szkolenia-udt.pl\/wp-content\/uploads\/2023\/05\/whdh.png\"><img loading=\"lazy\" decoding=\"async\" src=\"https:\/\/szkolenia-udt.pl\/wp-content\/uploads\/2023\/05\/whdh-1024x693.png\" alt=\"Underh\u00e5ll och inspektion av lasthissen \" class=\"wp-image-4832\" width=\"512\" height=\"347\" srcset=\"https:\/\/szkolenia-udt.pl\/wp-content\/uploads\/2023\/05\/whdh-1024x693.png 1024w, https:\/\/szkolenia-udt.pl\/wp-content\/uploads\/2023\/05\/whdh-300x203.png 300w, https:\/\/szkolenia-udt.pl\/wp-content\/uploads\/2023\/05\/whdh-768x520.png 768w, https:\/\/szkolenia-udt.pl\/wp-content\/uploads\/2023\/05\/whdh-18x12.png 18w, https:\/\/szkolenia-udt.pl\/wp-content\/uploads\/2023\/05\/whdh.png 1137w\" sizes=\"auto, (max-width: 512px) 100vw, 512px\" \/><\/a><\/figure>\n<\/div>\n\n\n<h3 class=\"wp-block-heading\">I v\u00e5rt erbjudande kommer du ocks\u00e5 att hitta:&nbsp;<\/h3>\n\n\n\n<ul class=\"wp-block-list\">\n<li>utf\u00f6rande av reparationer och underh\u00e5ll av hissar;&nbsp;<\/li>\n\n\n\n<li>Utf\u00f6ra underh\u00e5llskontroller;&nbsp;<\/li>\n\n\n\n<li>Utarbetande av dokumentation;&nbsp;<\/li>\n\n\n\n<li>reparation av mobila plattformar och modernisering av kranar;&nbsp;<\/li>\n\n\n\n<li>Genomf\u00f6ra regelbundna unders\u00f6kningar;&nbsp;<\/li>\n\n\n\n<li>Uppr\u00e4tta dokumentation f\u00f6r maskiner som k\u00f6pts utomlands;&nbsp;<\/li>\n\n\n\n<li>utbildningsorganisationer.&nbsp;<\/li>\n<\/ul>\n\n\n\n<p>Vi erbjuder en mobil tj\u00e4nst f\u00f6r lasthissar i hela Polen med tillg\u00e5ng till kunden. Vi tillhandah\u00e5ller professionella tj\u00e4nster. Vi f\u00f6rfogar \u00f6ver ett brett sortiment av reservdelar till mobila plattformar fr\u00e5n alla tillverkare. Vi hanterar fel i b\u00e5de elektriska och hydrauliska system. &nbsp;<\/p>\n\n\n\n<p>Vi garanterar exakt och snabb feldiagnos. Dessutom regenererar vi st\u00e4lldon och utf\u00f6r underh\u00e5llsinspektioner i enlighet med UDT:s riktlinjer. V\u00e5ra medarbetare f\u00f6rb\u00e4ttrar st\u00e4ndigt sina f\u00e4rdigheter och ut\u00f6kar sina kunskaper p\u00e5 specialiserade kurser. Med oss \u00e4r du garanterad h\u00f6gsta professionalism!&nbsp;&nbsp;<\/p>\n\n\n\n<h2 class=\"wp-block-heading\">Reparation av fel p\u00e5 trucklyftar och lastplattformar&nbsp;&nbsp;<\/h2>\n\n\n\n<p>Moderna lasthissar snabbar upp logistiken och godshanteringen avsev\u00e4rt. Logistikbranschen k\u00e4nnetecknas av en h\u00f6g grad av dynamik och \u00e4r ofta en verksamhet som p\u00e5g\u00e5r dygnet runt. D\u00e4rf\u00f6r kan varje fel p\u00e5 hissarna orsaka stillest\u00e5nd och d\u00e4rmed ekonomiska f\u00f6rluster f\u00f6r transportf\u00f6retagen. &nbsp;<\/p>\n\n\n\n<p>Det \u00e4r d\u00e4rf\u00f6r vi utf\u00f6r v\u00e5r service p\u00e5 ett sakkunnigt och uttryckligt s\u00e4tt p\u00e5 plats hos kunden. Vi utf\u00f6r ocks\u00e5 g\u00e4rna periodiska inspektioner och f\u00f6rbereder den n\u00f6dv\u00e4ndiga UDT-dokumentationen.&nbsp;&nbsp;<\/p>\n\n\n\n<p>De m\u00e5nga olika l\u00f6sningar som finns p\u00e5 marknaden inneb\u00e4r att man m\u00e5ste ha en bred kunskapsbas f\u00f6r att kunna serva plattformar, och denna kunskapsbas m\u00e5ste systematiskt ut\u00f6kas. V\u00e5ra medarbetare f\u00f6rb\u00e4ttrar sin kompetens varje dag. Vi utf\u00f6r reparationsarbeten f\u00f6r alla tillverkare. Vi st\u00e4ller en snabb och tillf\u00f6rlitlig diagnos. Vi har ett v\u00e4lfyllt lager med b\u00e5de original- och reservdelar. D\u00e4rf\u00f6r kan vi byta ut systemkomponenter utan att v\u00e4nta p\u00e5 en best\u00e4llning, vilket avsev\u00e4rt p\u00e5skyndar driftstoppet och \u00e5terg\u00e5ngen till korrekt maskindrift. Om din hiss har drabbats av ett haveri - v\u00e4nligen kontakta oss!&nbsp;<\/p>\n\n\n\n<h2 class=\"wp-block-heading\">Fordonslyftar - vad \u00e4r det? Vad anv\u00e4nds de till?<\/h2>\n\n\n<div class=\"wp-block-image\">\n<figure class=\"alignright size-full is-resized\"><a href=\"https:\/\/szkolenia-udt.pl\/wp-content\/uploads\/2023\/05\/egtegedh-1.png\"><img loading=\"lazy\" decoding=\"async\" src=\"https:\/\/szkolenia-udt.pl\/wp-content\/uploads\/2023\/05\/egtegedh-1.png\" alt=\"Billyft med lyftkran\" class=\"wp-image-4838\" width=\"515\" height=\"344\" srcset=\"https:\/\/szkolenia-udt.pl\/wp-content\/uploads\/2023\/05\/egtegedh-1.png 878w, https:\/\/szkolenia-udt.pl\/wp-content\/uploads\/2023\/05\/egtegedh-1-300x200.png 300w, https:\/\/szkolenia-udt.pl\/wp-content\/uploads\/2023\/05\/egtegedh-1-768x513.png 768w, https:\/\/szkolenia-udt.pl\/wp-content\/uploads\/2023\/05\/egtegedh-1-18x12.png 18w\" sizes=\"auto, (max-width: 515px) 100vw, 515px\" \/><\/a><\/figure>\n<\/div>\n\n\n<p><strong>Bilhissar<\/strong> \u00e4r en s\u00e4llsynt men mycket funktionell l\u00f6sning som kan hittas i privata eller offentliga byggnader. De \u00e4r ett utm\u00e4rkt val i omr\u00e5den med ett litet fotavtryck f\u00f6r att rymma s\u00e5 m\u00e5nga fordon som m\u00f6jligt.&nbsp;&nbsp;<\/p>\n\n\n\n<p>Det h\u00e4r \u00e4r mobila plattformar som g\u00f6r det m\u00f6jligt att lyfta ett fordon till en viss h\u00f6jd utan hinder. De fungerar bra i underjordiska parkeringshus eller parkeringshus ovan jord d\u00e4r det finns f\u00e5 parkeringsplatser. I den h\u00e4r situationen kan en bil st\u00e5 ovanp\u00e5 och en annan under.&nbsp;&nbsp;<\/p>\n\n\n\n<p>Hissar anv\u00e4nds ocks\u00e5 i industrianl\u00e4ggningar och p\u00e5 andra platser d\u00e4r olika fordon m\u00e5ste lyftas till h\u00f6gre v\u00e5ningar.&nbsp;<\/p>\n\n\n\n<p>VL-lyftar (en typ av hydraulisk personlyft) \u00e4r l\u00e4mpliga f\u00f6r transport av bilar. De finns i tre standardversioner, d\u00e4r varje version har ett EG-konstruktionskontrollintyg:&nbsp;<\/p>\n\n\n\n<figure class=\"wp-block-table\"><table><tbody><tr><td>VL mobilkranar&nbsp;&nbsp;<\/td><td>Lastkapacitet och hyttm\u00e5tt&nbsp;<\/td><\/tr><tr><td>VL30&nbsp;<\/td><td>3.000 kg; 2,4 x 5,3 m och 2,3 m d\u00f6rrbredd&nbsp;&nbsp;<\/td><\/tr><tr><td>VL35&nbsp;&nbsp;<\/td><td>3.500 kg; 2,7 x 5,6 m och 2,4 m d\u00f6rrbredd&nbsp;&nbsp;<\/td><\/tr><tr><td>VL40&nbsp;<\/td><td>4.000 kg; 2,8 x 6,0 m och 2,6 m d\u00f6rrbredd&nbsp;&nbsp;<\/td><\/tr><\/tbody><\/table><\/figure>\n\n\n\n<p>Vi rekommenderar VL40- och VL35-versionerna, eftersom endast dessa hissar erbjuder transport f\u00f6r alla serieproducerade personbilar - inklusive de st\u00f6rsta amerikanska SUV:arna.&nbsp;<\/p>\n\n\n\n<p>VL:erna \u00e4r tillverkade med GMV 1:1-teknik - v\u00e4rldens unika 1:1-direktdrivningsteknik - hyttgolvet kollapsar inte vid inpassering i fordonet och lyftf\u00f6nstren har en extremt liten storlek j\u00e4mf\u00f6rt med hyttstorleken.&nbsp;<\/p>\n\n\n\n<p>De betj\u00e4nar underjordiska och ovanjordiska parkeringshus med flera v\u00e5ningar. De \u00e4r oftast den enda l\u00f6sningen f\u00f6r garageplatser under byggnader i stadsk\u00e4rnor. En hiss i ett litet garage under en byggnad, i st\u00e4llet f\u00f6r en vanlig utfart, sparar mellan 5 och 9 parkeringsplatser per v\u00e5ningsplan.&nbsp;&nbsp;<\/p>\n\n\n\n<h2 class=\"wp-block-heading\">Hur billyftar fungerar&nbsp;<\/h2>\n\n\n<div class=\"wp-block-image\">\n<figure class=\"alignright size-large is-resized\"><a href=\"https:\/\/szkolenia-udt.pl\/wp-content\/uploads\/2023\/05\/sghrjr.png\"><img loading=\"lazy\" decoding=\"async\" src=\"https:\/\/szkolenia-udt.pl\/wp-content\/uploads\/2023\/05\/sghrjr-1024x678.png\" alt=\"bilhiss - garage\" class=\"wp-image-4833\" width=\"512\" height=\"339\" srcset=\"https:\/\/szkolenia-udt.pl\/wp-content\/uploads\/2023\/05\/sghrjr-1024x678.png 1024w, https:\/\/szkolenia-udt.pl\/wp-content\/uploads\/2023\/05\/sghrjr-300x199.png 300w, https:\/\/szkolenia-udt.pl\/wp-content\/uploads\/2023\/05\/sghrjr-768x508.png 768w, https:\/\/szkolenia-udt.pl\/wp-content\/uploads\/2023\/05\/sghrjr-18x12.png 18w, https:\/\/szkolenia-udt.pl\/wp-content\/uploads\/2023\/05\/sghrjr.png 1065w\" sizes=\"auto, (max-width: 512px) 100vw, 512px\" \/><\/a><\/figure>\n<\/div>\n\n\n<p>Lyftsystem i bilhissar \u00e4r mycket kompakta och kr\u00e4ver endast en grund f\u00f6rdjupning i markytan. Lyftsystem i korghissar \u00e4r mycket kompakta och kr\u00e4ver bara en grund f\u00f6rdjupning i markytan. De fungerar bra \u00e4ven i utrymmen med mycket begr\u00e4nsat utrymme, eftersom de inte tar upp mycket plats. Med hj\u00e4lp av en speciell kedja kan tunga fordon lyftas kontinuerligt och utan anstr\u00e4ngning.&nbsp;&nbsp;<\/p>\n\n\n\n<p>Den h\u00e4r l\u00f6sningen fungerar b\u00e4st i offentliga lokaler, d\u00e4r trafiken \u00e4r mycket h\u00f6gre \u00e4n i privata byggnader. Hissar har styrsystem och har ofta fortfarande en glaskupa med d\u00f6rrar och f\u00f6nster.&nbsp;&nbsp;<\/p>\n\n\n\n<p>Deras arbetss\u00e4tt skiljer sig inte s\u00e5 mycket fr\u00e5n klassiska personhissar. Bilhissar \u00e4r \u00e5 andra sidan mycket st\u00f6rre och mer robusta, och vissa kan lyfta fordon som v\u00e4ger upp till 60 ton.&nbsp;<\/p>\n\n\n\n<h2 class=\"wp-block-heading\">Typer av tekniska unders\u00f6kningar&nbsp;<\/h2>\n\n\n\n<p>En billift f\u00e5r endast godk\u00e4nnas f\u00f6r anv\u00e4ndning om den \u00e4r m\u00e4rkt med instruktioner fr\u00e5n tillverkaren.&nbsp;&nbsp;<\/p>\n\n\n<div class=\"wp-block-image\">\n<figure class=\"alignright size-large is-resized\"><a href=\"https:\/\/szkolenia-udt.pl\/wp-content\/uploads\/2023\/05\/bdfnfjf.png\"><img loading=\"lazy\" decoding=\"async\" src=\"https:\/\/szkolenia-udt.pl\/wp-content\/uploads\/2023\/05\/bdfnfjf-1024x689.png\" alt=\"bilhiss med parkerade bilar\" class=\"wp-image-4834\" width=\"512\" height=\"345\" srcset=\"https:\/\/szkolenia-udt.pl\/wp-content\/uploads\/2023\/05\/bdfnfjf-1024x689.png 1024w, https:\/\/szkolenia-udt.pl\/wp-content\/uploads\/2023\/05\/bdfnfjf-300x202.png 300w, https:\/\/szkolenia-udt.pl\/wp-content\/uploads\/2023\/05\/bdfnfjf-768x517.png 768w, https:\/\/szkolenia-udt.pl\/wp-content\/uploads\/2023\/05\/bdfnfjf-18x12.png 18w, https:\/\/szkolenia-udt.pl\/wp-content\/uploads\/2023\/05\/bdfnfjf.png 1045w\" sizes=\"auto, (max-width: 512px) 100vw, 512px\" \/><\/a><\/figure>\n<\/div>\n\n\n<p>Innan hissen f\u00e5r installeras kr\u00e4vs tillst\u00e5nd fr\u00e5n tekniska kontrollcentralen och l\u00e4mplig dokumentation. Korrekt drift \u00e4r beroende av cyklisk service av utrustningen, s\u00e4rskilt f\u00f6r hissar med en lastkapacitet p\u00e5 \u00f6ver 250 kg. Under inspektionen kontrolleras utrustningens tekniska skick, att m\u00e4rkningen \u00e4r korrekt och att dokumenten \u00e4r fullst\u00e4ndiga och \u00f6verensst\u00e4mmer med kraven. Inspekt\u00f6ren kontrollerar att lasthissen \u00e4r korrekt monterad p\u00e5 lastbilschassit och utf\u00f6r funktionstester med lasten, vilket s\u00e4kerst\u00e4ller att alla mekanismer och s\u00e4kerhetsfunktioner p\u00e5 plattformen fungerar som de ska.&nbsp;&nbsp;<\/p>\n\n\n\n<p>N\u00e4r acceptanstestet har godk\u00e4nts fyller besiktningsmannen i ett protokoll som ger upphov till ett beslut om att till\u00e5ta anv\u00e4ndning av lasthissen.&nbsp;<\/p>","protected":false},"excerpt":{"rendered":"<p>O firmie&nbsp; Dzia\u0142amy w O\u015brodku Szkolenia Operator\u00f3w OSO od ponad 15 lat, ale nasze do\u015bwiadczenie si\u0119ga ponad 20 lat wstecz. \u015awiadczymy kompleksowe us\u0142ugi zwi\u0105zane z serwisem, konserwacj\u0105 i obs\u0142ug\u0105 UDT. Siedziba naszej firmy znajduje si\u0119 w Warszawie, ale mamy dost\u0119pne oddzia\u0142y na terenie ca\u0142ej Polski. &nbsp; Naprawiamy i konserwujemy wszelkie maszyny d\u017awigowe. Wsp\u00f3\u0142pracujemy z r\u00f3\u017cnymi [&hellip;]<\/p>\n","protected":false},"author":10,"featured_media":4838,"parent":0,"menu_order":0,"comment_status":"closed","ping_status":"closed","template":"","meta":{"footnotes":""},"class_list":["post-4829","page","type-page","status-publish","has-post-thumbnail","hentry"],"aioseo_notices":[],"_links":{"self":[{"href":"https:\/\/szkolenia-udt.pl\/sv\/wp-json\/wp\/v2\/pages\/4829","targetHints":{"allow":["GET"]}}],"collection":[{"href":"https:\/\/szkolenia-udt.pl\/sv\/wp-json\/wp\/v2\/pages"}],"about":[{"href":"https:\/\/szkolenia-udt.pl\/sv\/wp-json\/wp\/v2\/types\/page"}],"author":[{"embeddable":true,"href":"https:\/\/szkolenia-udt.pl\/sv\/wp-json\/wp\/v2\/users\/10"}],"replies":[{"embeddable":true,"href":"https:\/\/szkolenia-udt.pl\/sv\/wp-json\/wp\/v2\/comments?post=4829"}],"version-history":[{"count":8,"href":"https:\/\/szkolenia-udt.pl\/sv\/wp-json\/wp\/v2\/pages\/4829\/revisions"}],"predecessor-version":[{"id":4842,"href":"https:\/\/szkolenia-udt.pl\/sv\/wp-json\/wp\/v2\/pages\/4829\/revisions\/4842"}],"wp:featuredmedia":[{"embeddable":true,"href":"https:\/\/szkolenia-udt.pl\/sv\/wp-json\/wp\/v2\/media\/4838"}],"wp:attachment":[{"href":"https:\/\/szkolenia-udt.pl\/sv\/wp-json\/wp\/v2\/media?parent=4829"}],"curies":[{"name":"wp","href":"https:\/\/api.w.org\/{rel}","templated":true}]}}