{"id":4843,"date":"2023-06-30T12:48:46","date_gmt":"2023-06-30T10:48:46","guid":{"rendered":"https:\/\/szkolenia-udt.pl\/?page_id=4843"},"modified":"2023-06-30T12:48:47","modified_gmt":"2023-06-30T10:48:47","slug":"kranservice-vid-utbildningscentret-for-operatorer","status":"publish","type":"page","link":"https:\/\/szkolenia-udt.pl\/sv\/serwis-zurawi-w-osrodku-szkolenia-operatorow\/","title":{"rendered":"Kranservice vid Operator Training Centre\u00a0"},"content":{"rendered":"<p>OSO \u00e4r m\u00e5n om kvaliteten p\u00e5 sina tj\u00e4nster. Vi delar upp underh\u00e5llet i akut (vid fel) och planerat underh\u00e5ll.&nbsp;<\/p>\n\n\n\n<h2 class=\"wp-block-heading\">Vad utm\u00e4rker planerat underh\u00e5llsarbete?&nbsp;<\/h2>\n\n\n\n<p>Oavsett vilka underh\u00e5lls\u00e5tg\u00e4rder som vidtas har varje komponent en specifik livsl\u00e4ngd som \u00e4r beroende av ett antal faktorer. D\u00e4rf\u00f6r ges alla kranar en tidsgr\u00e4ns f\u00f6r det naturliga slitaget p\u00e5 enskilda delar. I m\u00e5nga avtal om f\u00f6rs\u00e4ljning av ny utrustning finns bilagor som anger dessa komponenter och instruktioner f\u00f6r korrekt anv\u00e4ndning och utbyte. Ut\u00f6ver detta \u00e4r det serviceteknikerns uppgift att fortl\u00f6pande kontrollera komponenternas skick och fastst\u00e4lla graden av slitage efter en viss anv\u00e4ndningstid. En bra servicetekniker informerar dig i f\u00f6rv\u00e4g om behovet av reparation eller byte och ger f\u00f6rslag s\u00e5 att du kan f\u00f6rbereda dig i god tid.&nbsp;<\/p>\n\n\n<div class=\"wp-block-image\">\n<figure class=\"alignright size-large is-resized\"><a href=\"https:\/\/szkolenia-udt.pl\/wp-content\/uploads\/2023\/05\/screen_2x-2023-05-04T205807.892.jpg\"><img loading=\"lazy\" decoding=\"async\" src=\"https:\/\/szkolenia-udt.pl\/wp-content\/uploads\/2023\/05\/screen_2x-2023-05-04T205807.892-1024x500.jpg\" alt=\"Professionella reparationer p\u00e5 plats\" class=\"wp-image-4844\" width=\"512\" height=\"250\" srcset=\"https:\/\/szkolenia-udt.pl\/wp-content\/uploads\/2023\/05\/screen_2x-2023-05-04T205807.892-1024x500.jpg 1024w, https:\/\/szkolenia-udt.pl\/wp-content\/uploads\/2023\/05\/screen_2x-2023-05-04T205807.892-300x146.jpg 300w, https:\/\/szkolenia-udt.pl\/wp-content\/uploads\/2023\/05\/screen_2x-2023-05-04T205807.892-768x375.jpg 768w, https:\/\/szkolenia-udt.pl\/wp-content\/uploads\/2023\/05\/screen_2x-2023-05-04T205807.892-1536x750.jpg 1536w, https:\/\/szkolenia-udt.pl\/wp-content\/uploads\/2023\/05\/screen_2x-2023-05-04T205807.892-18x9.jpg 18w, https:\/\/szkolenia-udt.pl\/wp-content\/uploads\/2023\/05\/screen_2x-2023-05-04T205807.892.jpg 1600w\" sizes=\"auto, (max-width: 512px) 100vw, 512px\" \/><\/a><\/figure>\n<\/div>\n\n\n<h2 class=\"wp-block-heading\">En del av tj\u00e4nstens arbete planeras p\u00e5 grund av:&nbsp;<\/h2>\n\n\n\n<ul class=\"wp-block-list\">\n<li>\u00c4ndringar i lagstiftningen som inneb\u00e4r nya skyldigheter f\u00f6r anv\u00e4ndarna;&nbsp;<\/li>\n\n\n\n<li>aff\u00e4rsutveckling;&nbsp;<\/li>\n\n\n\n<li>m\u00f6jligheter att f\u00f6rb\u00e4ttra ergonomin vid anv\u00e4ndning av kranar;&nbsp;<\/li>\n\n\n\n<li>\u00e4ndring av produktionsprofilen.&nbsp;<\/li>\n<\/ul>\n\n\n\n<p>I \u00e4ldre kranar kan problemet vara det minskade antalet tillg\u00e4ngliga reservdelar eller bristen p\u00e5 kompatibilitet med ny teknik, f\u00f6r att inte tala om s\u00e4kerheten i arbetet. V\u00e5ra specialister kommer att utf\u00f6ra renovering av utrustningen, t.ex. byte av str\u00f6mf\u00f6rs\u00f6rjning, installation av radiostyrningar och mycket mer. Genomt\u00e4nkt och noggrant planerat arbete \u00e4r k\u00e4nnetecknet f\u00f6r v\u00e5r verksamhet. Detta inkluderar inledande och s\u00e4rskilda inspektioner, expertrapporter och tillst\u00e5ndsbed\u00f6mningar. Allt utf\u00f6rt av v\u00e5rt team av experter!&nbsp;<\/p>\n\n\n\n<h2 class=\"wp-block-heading\">L\u00e4mplig respons p\u00e5 n\u00f6dsituationer&nbsp;<\/h2>\n\n\n<div class=\"wp-block-image\">\n<figure class=\"alignright size-large is-resized\"><a href=\"https:\/\/szkolenia-udt.pl\/wp-content\/uploads\/2023\/05\/screen_2x-2023-05-04T205720.559.jpg\"><img loading=\"lazy\" decoding=\"async\" src=\"https:\/\/szkolenia-udt.pl\/wp-content\/uploads\/2023\/05\/screen_2x-2023-05-04T205720.559-1024x673.jpg\" alt=\"kran p\u00e5 plats\" class=\"wp-image-4847\" width=\"512\" height=\"337\" srcset=\"https:\/\/szkolenia-udt.pl\/wp-content\/uploads\/2023\/05\/screen_2x-2023-05-04T205720.559-1024x673.jpg 1024w, https:\/\/szkolenia-udt.pl\/wp-content\/uploads\/2023\/05\/screen_2x-2023-05-04T205720.559-300x197.jpg 300w, https:\/\/szkolenia-udt.pl\/wp-content\/uploads\/2023\/05\/screen_2x-2023-05-04T205720.559-768x505.jpg 768w, https:\/\/szkolenia-udt.pl\/wp-content\/uploads\/2023\/05\/screen_2x-2023-05-04T205720.559-1536x1010.jpg 1536w, https:\/\/szkolenia-udt.pl\/wp-content\/uploads\/2023\/05\/screen_2x-2023-05-04T205720.559-18x12.jpg 18w, https:\/\/szkolenia-udt.pl\/wp-content\/uploads\/2023\/05\/screen_2x-2023-05-04T205720.559.jpg 1600w\" sizes=\"auto, (max-width: 512px) 100vw, 512px\" \/><\/a><\/figure>\n<\/div>\n\n\n<p>Vi str\u00e4var efter att s\u00e4kerst\u00e4lla att underh\u00e5llet av \u00e4ldre kranutrustning (t.ex. kranar) minskar fel och haverier. Ny utrustning b\u00f6r h\u00e5llas i drift s\u00e5 l\u00e4nge som m\u00f6jligt, s\u00e5 att komponenternas livsl\u00e4ngd f\u00f6rl\u00e4ngs och den konfigureras p\u00e5 r\u00e4tt s\u00e4tt. Man f\u00e5r inte gl\u00f6mma att potentiella fel p\u00e5verkas av andra faktorer som inte \u00e4r strikt relaterade till det tekniska tillst\u00e5ndet, och dessa \u00e4r utrustningens och komponenternas \u00e5lder, sv\u00e5ra arbetsf\u00f6rh\u00e5llanden och kvaliteten p\u00e5 operat\u00f6rens service. OSO reagerar snabbt p\u00e5 rapporter om fel genom att ing\u00e5 permanenta eller individuella avtal enligt \u00f6verenskommelse.&nbsp;<\/p>\n\n\n\n<h2 class=\"wp-block-heading\">Hur ser detta ut i praktiken?&nbsp;<\/h2>\n\n\n\n<ul class=\"wp-block-list\">\n<li>Aff\u00e4rsvillkor avtalas med enskilda kunder, bekr\u00e4ftas via e-post av v\u00e5r s\u00e4ljare och en prislista \u00f6ver tj\u00e4nster presenteras.\u00a0<\/li>\n\n\n\n<li>Servicemedarbetaren kontaktar entrepren\u00f6ren p\u00e5 avtalad tid enligt kontraktet. F\u00f6r att komplettera informationen om behovet av reservdelar eller specifika servicearbeten och f\u00f6r att bed\u00f6ma situationen.&nbsp;<\/li>\n\n\n\n<li>T\u00e4nk p\u00e5 fr\u00e5gorna som r\u00f6r tillg\u00e5ng till enheten och servicevillkor.&nbsp;<\/li>\n\n\n\n<li>Vi kommer \u00f6verens om ett datum f\u00f6r n\u00e4r v\u00e5rt serviceteam ska anl\u00e4nda. F\u00f6r kontrakt som regleras av register - detta \u00e4r mycket snabbt.&nbsp;<\/li>\n\n\n\n<li>I slutet av servicearbetet tillhandah\u00e5ller vi en kranservicerapport, som huvudsakligen inneh\u00e5ller: funna fel, arbetstid, omfattning av utf\u00f6rt arbete, antal servicetekniker och ytterligare rekommendationer.&nbsp;<\/li>\n\n\n\n<li>Om det inte \u00e4r m\u00f6jligt att \u00e5tg\u00e4rda felet vid det f\u00f6rsta servicebes\u00f6ket best\u00e4mmer vi hur vi ska g\u00e5 vidare.&nbsp;<\/li>\n<\/ul>\n\n\n\n<p>Vi vet hur viktigt det \u00e4r att kommunicera med kunden, som s\u00e5 snart som m\u00f6jligt vill f\u00e5 reda p\u00e5 vad som h\u00e4nt med maskinen och kunna forts\u00e4tta med sin produktion. Det \u00e4r d\u00e4rf\u00f6r vi insisterar p\u00e5 att v\u00e5ra medarbetare ska kunna ge specifik information. Vi ger g\u00e4rna r\u00e5d, hj\u00e4lper till och svarar p\u00e5 dina fr\u00e5gor. Vi ser fram emot att h\u00f6ra fr\u00e5n dig!&nbsp;<\/p>\n\n\n\n<h2 class=\"wp-block-heading\">F\u00f6reskrifter och service av kranar&nbsp;<\/h2>\n\n\n<div class=\"wp-block-image\">\n<figure class=\"alignright size-large is-resized\"><a href=\"https:\/\/szkolenia-udt.pl\/wp-content\/uploads\/2023\/05\/canva-bez-tytulu-MAEGxB8unE0.jpg\"><img loading=\"lazy\" decoding=\"async\" src=\"https:\/\/szkolenia-udt.pl\/wp-content\/uploads\/2023\/05\/canva-bez-tytulu-MAEGxB8unE0-1024x681.jpg\" alt=\"underh\u00e5ll av tornkran\" class=\"wp-image-4846\" width=\"512\" height=\"341\" srcset=\"https:\/\/szkolenia-udt.pl\/wp-content\/uploads\/2023\/05\/canva-bez-tytulu-MAEGxB8unE0-1024x681.jpg 1024w, https:\/\/szkolenia-udt.pl\/wp-content\/uploads\/2023\/05\/canva-bez-tytulu-MAEGxB8unE0-300x200.jpg 300w, https:\/\/szkolenia-udt.pl\/wp-content\/uploads\/2023\/05\/canva-bez-tytulu-MAEGxB8unE0-768x511.jpg 768w, https:\/\/szkolenia-udt.pl\/wp-content\/uploads\/2023\/05\/canva-bez-tytulu-MAEGxB8unE0-1536x1021.jpg 1536w, https:\/\/szkolenia-udt.pl\/wp-content\/uploads\/2023\/05\/canva-bez-tytulu-MAEGxB8unE0-18x12.jpg 18w, https:\/\/szkolenia-udt.pl\/wp-content\/uploads\/2023\/05\/canva-bez-tytulu-MAEGxB8unE0.jpg 1600w\" sizes=\"auto, (max-width: 512px) 100vw, 512px\" \/><\/a><\/figure>\n<\/div>\n\n\n<p>Vi bedriver v\u00e5r verksamhet p\u00e5 grundval av best\u00e4mmelserna i f\u00f6reskriften fr\u00e5n ministern f\u00f6r entrepren\u00f6rskap och teknik av den 30 oktober 2018 om de tekniska villkoren f\u00f6r teknisk \u00f6vervakning vid drift, reparation och modernisering av materialhanteringsutrustning. Detaljerade riktlinjer f\u00f6r underh\u00e5ll av kranen och komponenterna eller fastst\u00e4llande av tidsfrister f\u00f6r dessa aktiviteter skrivs vanligtvis i manualen, som har prioritet i till\u00e4mpningen. V\u00e4nligen tillhandah\u00e5ll denna information och g\u00f6r \u00f6verenskommelser.&nbsp;<\/p>\n\n\n\n<h2 class=\"wp-block-heading\">Vad ing\u00e5r i underh\u00e5ll av kranar?&nbsp;<\/h2>\n\n\n\n<figure class=\"wp-block-table\"><table><tbody><tr><td><strong>Kontrollera<\/strong>&nbsp;<\/td><td><strong>Visuell inspektion av skick&nbsp;<\/strong><\/td><td><strong>Reparation<\/strong>&nbsp;<\/td><\/tr><tr><td>skicket p\u00e5 drivmekanismerna, bromssystemet och f\u00e4stanordningarnas l\u00e4nkar;&nbsp;&nbsp;<\/td><td>\u00f6verbyggnaden - med s\u00e4rskild h\u00e4nsyn till l\u00f6stagbara och svetsade anslutningar, lyftanordningens l\u00f6pbana;&nbsp;&nbsp;<\/td><td>bromsjustering, p\u00e5fyllning och \u00e5tdragning av skruvar, sm\u00f6rjning etc;&nbsp;<\/td><\/tr><tr><td>man\u00f6veranordningar, signalanordningar, belysningsanordningar, s\u00e4kerhetskomponenter, man\u00f6verstopp, korrekt funktion;&nbsp;<\/td><td>kranens inf\u00e4stningskomponenter p\u00e5 plats, installation av skydd mot elektriska st\u00f6tar;&nbsp;&nbsp;<\/td><td>avhj\u00e4lpande av funktionsst\u00f6rningar.&nbsp;<\/td><\/tr><\/tbody><\/table><\/figure>\n\n\n\n<h2 class=\"wp-block-heading\">Vi f\u00f6r underh\u00e5lls- och inspektionsregister&nbsp;<\/h2>\n\n\n<div class=\"wp-block-image\">\n<figure class=\"alignright size-large is-resized\"><a href=\"https:\/\/szkolenia-udt.pl\/wp-content\/uploads\/2023\/05\/screen_2x-2023-05-04T205756.134.jpg\"><img loading=\"lazy\" decoding=\"async\" src=\"https:\/\/szkolenia-udt.pl\/wp-content\/uploads\/2023\/05\/screen_2x-2023-05-04T205756.134-678x1024.jpg\" alt=\"service, reparation och underh\u00e5ll av kranar\" class=\"wp-image-4845\" width=\"339\" height=\"512\" srcset=\"https:\/\/szkolenia-udt.pl\/wp-content\/uploads\/2023\/05\/screen_2x-2023-05-04T205756.134-678x1024.jpg 678w, https:\/\/szkolenia-udt.pl\/wp-content\/uploads\/2023\/05\/screen_2x-2023-05-04T205756.134-199x300.jpg 199w, https:\/\/szkolenia-udt.pl\/wp-content\/uploads\/2023\/05\/screen_2x-2023-05-04T205756.134-768x1160.jpg 768w, https:\/\/szkolenia-udt.pl\/wp-content\/uploads\/2023\/05\/screen_2x-2023-05-04T205756.134-1017x1536.jpg 1017w, https:\/\/szkolenia-udt.pl\/wp-content\/uploads\/2023\/05\/screen_2x-2023-05-04T205756.134-8x12.jpg 8w, https:\/\/szkolenia-udt.pl\/wp-content\/uploads\/2023\/05\/screen_2x-2023-05-04T205756.134.jpg 1059w\" sizes=\"auto, (max-width: 339px) 100vw, 339px\" \/><\/a><\/figure>\n<\/div>\n\n\n<p>Varje utf\u00f6rd service eller reparation registreras i en loggbok, som ska f\u00f6rvaras av anv\u00e4ndaren. Vi g\u00f6r dock v\u00e5rt yttersta f\u00f6r att tillgodose v\u00e5ra kunders behov och kan p\u00e5 beg\u00e4ran uppr\u00e4tta en s\u00e5dan loggbok f\u00f6r varje utrustning som du \u00e4ger. Ut\u00f6ver detta kommer f\u00f6ljande att noteras i besiktningsprotokollet:&nbsp;<\/p>\n\n\n\n<ul class=\"wp-block-list\">\n<li>Antal anst\u00e4llda som utf\u00f6r granskningen;&nbsp;<\/li>\n\n\n\n<li>Varaktighet f\u00f6r underh\u00e5ll av kran;&nbsp;<\/li>\n\n\n\n<li>Resultat av \u00f6versyns- och underh\u00e5llsarbetet;&nbsp;<\/li>\n\n\n\n<li>Anteckningar om enhetens skick;&nbsp;<\/li>\n\n\n\n<li>Rekommendationer f\u00f6r ytterligare arbete och utbyte av delar under drift;&nbsp;<\/li>\n\n\n\n<li>F\u00f6rslag till f\u00f6rberedelse av reservdelar som beredskapslager.&nbsp;<\/li>\n<\/ul>\n\n\n\n<p>Vi utf\u00e4rdar fakturor p\u00e5 grundval av loggboken. Vi meddelar omedelbart anv\u00e4ndaren om det har uppst\u00e5tt problem som har lett till att utrustningen har slutat fungera och antecknar detta i loggboken.&nbsp;<\/p>\n\n\n\n<p>Vi inbjuder dig att kontakta oss f\u00f6r att diskutera detaljerna i v\u00e5ra tj\u00e4nster inom service, reparation och underh\u00e5ll av maskiner, inklusive kranar eller byggkranar. Vi tillhandah\u00e5ller v\u00e5ra tj\u00e4nster i hela Polen. Vi erbjuder ocks\u00e5 resor till kunden! <\/p>","protected":false},"excerpt":{"rendered":"<p>Firma OSO stawia na jako\u015b\u0107 wykonywanych us\u0142ug. Konserwacj\u0119 dzielimy na awaryjn\u0105 (w odpowiedzi na usterk\u0119) i planowan\u0105.&nbsp; Czym wyr\u00f3\u017cniaj\u0105 si\u0119 prace konserwacyjne planowane?&nbsp; Niezale\u017cnie od podj\u0119tych dzia\u0142a\u0144 serwisowych, ka\u017cdy z element\u00f3w ma okre\u015blon\u0105 d\u0142ugo\u015b\u0107 eksploatacji oraz jest zale\u017cny od wielu czynnik\u00f3w. Dlatego te\u017c, wszystkim \u017curawiom okre\u015bla si\u0119 czas naturalnego zu\u017cycia poszczeg\u00f3lnych cz\u0119\u015bci. W wielu umowach [&hellip;]<\/p>\n","protected":false},"author":10,"featured_media":4844,"parent":0,"menu_order":0,"comment_status":"closed","ping_status":"closed","template":"","meta":{"footnotes":""},"class_list":["post-4843","page","type-page","status-publish","has-post-thumbnail","hentry"],"aioseo_notices":[],"_links":{"self":[{"href":"https:\/\/szkolenia-udt.pl\/sv\/wp-json\/wp\/v2\/pages\/4843","targetHints":{"allow":["GET"]}}],"collection":[{"href":"https:\/\/szkolenia-udt.pl\/sv\/wp-json\/wp\/v2\/pages"}],"about":[{"href":"https:\/\/szkolenia-udt.pl\/sv\/wp-json\/wp\/v2\/types\/page"}],"author":[{"embeddable":true,"href":"https:\/\/szkolenia-udt.pl\/sv\/wp-json\/wp\/v2\/users\/10"}],"replies":[{"embeddable":true,"href":"https:\/\/szkolenia-udt.pl\/sv\/wp-json\/wp\/v2\/comments?post=4843"}],"version-history":[{"count":2,"href":"https:\/\/szkolenia-udt.pl\/sv\/wp-json\/wp\/v2\/pages\/4843\/revisions"}],"predecessor-version":[{"id":5279,"href":"https:\/\/szkolenia-udt.pl\/sv\/wp-json\/wp\/v2\/pages\/4843\/revisions\/5279"}],"wp:featuredmedia":[{"embeddable":true,"href":"https:\/\/szkolenia-udt.pl\/sv\/wp-json\/wp\/v2\/media\/4844"}],"wp:attachment":[{"href":"https:\/\/szkolenia-udt.pl\/sv\/wp-json\/wp\/v2\/media?parent=4843"}],"curies":[{"name":"wp","href":"https:\/\/api.w.org\/{rel}","templated":true}]}}