{"id":4850,"date":"2023-06-30T12:49:30","date_gmt":"2023-06-30T10:49:30","guid":{"rendered":"https:\/\/szkolenia-udt.pl\/?page_id=4850"},"modified":"2023-06-30T12:49:31","modified_gmt":"2023-06-30T10:49:31","slug":"service-reparation-underhall-av-kranar","status":"publish","type":"page","link":"https:\/\/szkolenia-udt.pl\/sv\/serwis-naprawa-konserwacja-suwnic\/","title":{"rendered":"Service, reparation och underh\u00e5ll av kranar\u00a0"},"content":{"rendered":"<div class=\"wp-block-image\">\n<figure class=\"alignright size-large is-resized\"><a href=\"https:\/\/szkolenia-udt.pl\/wp-content\/uploads\/2023\/05\/screen_2x-2023-05-08T132000.333.jpg\"><img loading=\"lazy\" decoding=\"async\" src=\"https:\/\/szkolenia-udt.pl\/wp-content\/uploads\/2023\/05\/screen_2x-2023-05-08T132000.333-683x1024.jpg\" alt=\"krankrok\" class=\"wp-image-4854\" width=\"342\" height=\"512\" srcset=\"https:\/\/szkolenia-udt.pl\/wp-content\/uploads\/2023\/05\/screen_2x-2023-05-08T132000.333-683x1024.jpg 683w, https:\/\/szkolenia-udt.pl\/wp-content\/uploads\/2023\/05\/screen_2x-2023-05-08T132000.333-200x300.jpg 200w, https:\/\/szkolenia-udt.pl\/wp-content\/uploads\/2023\/05\/screen_2x-2023-05-08T132000.333-768x1152.jpg 768w, https:\/\/szkolenia-udt.pl\/wp-content\/uploads\/2023\/05\/screen_2x-2023-05-08T132000.333-1024x1536.jpg 1024w, https:\/\/szkolenia-udt.pl\/wp-content\/uploads\/2023\/05\/screen_2x-2023-05-08T132000.333-8x12.jpg 8w, https:\/\/szkolenia-udt.pl\/wp-content\/uploads\/2023\/05\/screen_2x-2023-05-08T132000.333.jpg 1067w\" sizes=\"auto, (max-width: 342px) 100vw, 342px\" \/><\/a><\/figure>\n<\/div>\n\n\n<h2 class=\"wp-block-heading\">Anv\u00e4ndning av kranar&nbsp;<\/h2>\n\n\n\n<p>Traverskranar anv\u00e4nds ofta f\u00f6r snabba och s\u00e4kra produktionsprocesser. De anv\u00e4nds vid lagerh\u00e5llning, reparation eller monteringsarbete. De s\u00e4kerst\u00e4ller att alla lyft och f\u00f6rflyttningar av tunga varor utf\u00f6rs effektivt, \u00e4ndam\u00e5lsenligt och felfritt. Allt fler sm\u00e5 och stora f\u00f6retag v\u00e4ljer att k\u00f6pa kranar, eftersom de uppskattar ergonomin och robustheten hos dessa maskiner. Det h\u00e4r \u00e4r en investering som kommer att h\u00e5lla i m\u00e5nga \u00e5r. Man m\u00e5ste dock komma ih\u00e5g att den intensiva anv\u00e4ndningen av utrustningen p\u00e5verkar behovet av regelbundet underh\u00e5ll. Underl\u00e5tenhet att g\u00f6ra detta kan leda till frekventa haverier och funktionsst\u00f6rningar, eller till och med till ett fullst\u00e4ndigt avbrott i arbetet eller en olycka, d\u00e4r anst\u00e4llda kan drabbas. Det \u00e4r d\u00e4rf\u00f6r l\u00e4mpligt att se till att kranar underh\u00e5lls ordentligt f\u00f6r att skydda dig mot allvarliga problem och f\u00f6r att uppt\u00e4cka potentiella fel i f\u00f6rv\u00e4g.&nbsp;<\/p>\n\n\n\n<h3 class=\"wp-block-heading\">P\u00e5 grundval av ekonomiministerns f\u00f6reskrifter och riktlinjerna fr\u00e5n Office of Technical Inspection kan underh\u00e5llsarbete delas in i flera typer:&nbsp;<\/h3>\n\n\n\n<ul class=\"wp-block-list\">\n<li>underh\u00e5ll och f\u00f6rebyggande \u00e5tg\u00e4rder;\u00a0<\/li>\n\n\n\n<li>standard;&nbsp;&nbsp;<\/li>\n\n\n\n<li>granskning efter ink\u00f6p av begagnad eller ny utrustning.&nbsp;<\/li>\n<\/ul>\n\n\n\n<h2 class=\"wp-block-heading\">Varf\u00f6r \u00e4r underh\u00e5ll s\u00e5 viktigt?&nbsp;<\/h2>\n\n\n\n<p>Huvudsyftet med kranunderh\u00e5ll \u00e4r att uppt\u00e4cka de olika farorna p\u00e5 arbetsplatsen och att uppr\u00e4tth\u00e5lla maskinens prestanda. Det \u00e4r viktigt att anpassa strategin till f\u00f6retaget i fr\u00e5ga och f\u00f6lja utrustningstillverkarnas rekommendationer. Rutinm\u00e4ssigt underh\u00e5ll s\u00e4kerst\u00e4ller att maskinen fungerar korrekt. Det s\u00e4kerst\u00e4ller att utslitna komponenter kan bytas ut i tid och att livsl\u00e4ngden f\u00f6rl\u00e4ngs.&nbsp;&nbsp;<\/p>\n\n\n\n<p>Vid service \u00e4r det viktigt att f\u00f6lja de lagstadgade best\u00e4mmelserna f\u00f6r kranar. Det \u00e4r d\u00e4rf\u00f6r viktigt att ha ett gott samarbete med servicetekniker som \u00e4r experter inom sitt omr\u00e5de och v\u00e4l f\u00f6rtrogna med de lagstadgade kraven fr\u00e5n UDT eller arbetsmilj\u00f6n. F\u00f6r att s\u00e4kerst\u00e4lla att servicearbetet utf\u00f6rs i tid och utan avbrott rekommenderar vi att du i f\u00f6rv\u00e4g planerar in specialisternas ankomst till ditt f\u00f6retag. &nbsp;<\/p>\n\n\n\n<h2 class=\"wp-block-heading\">L\u00f6nar det sig att reparera kranar?&nbsp;<\/h2>\n\n\n<div class=\"wp-block-image\">\n<figure class=\"alignright size-large is-resized\"><a href=\"https:\/\/szkolenia-udt.pl\/wp-content\/uploads\/2023\/05\/screen_2x-2023-05-08T132022.906.jpg\"><img loading=\"lazy\" decoding=\"async\" src=\"https:\/\/szkolenia-udt.pl\/wp-content\/uploads\/2023\/05\/screen_2x-2023-05-08T132022.906-1024x683.jpg\" alt=\"service, reparation av kranar\" class=\"wp-image-4852\" width=\"552\" height=\"369\" srcset=\"https:\/\/szkolenia-udt.pl\/wp-content\/uploads\/2023\/05\/screen_2x-2023-05-08T132022.906-1024x683.jpg 1024w, https:\/\/szkolenia-udt.pl\/wp-content\/uploads\/2023\/05\/screen_2x-2023-05-08T132022.906-300x200.jpg 300w, https:\/\/szkolenia-udt.pl\/wp-content\/uploads\/2023\/05\/screen_2x-2023-05-08T132022.906-768x512.jpg 768w, https:\/\/szkolenia-udt.pl\/wp-content\/uploads\/2023\/05\/screen_2x-2023-05-08T132022.906-1536x1024.jpg 1536w, https:\/\/szkolenia-udt.pl\/wp-content\/uploads\/2023\/05\/screen_2x-2023-05-08T132022.906-18x12.jpg 18w, https:\/\/szkolenia-udt.pl\/wp-content\/uploads\/2023\/05\/screen_2x-2023-05-08T132022.906.jpg 1600w\" sizes=\"auto, (max-width: 552px) 100vw, 552px\" \/><\/a><\/figure>\n<\/div>\n\n\n<p>Traverskranar \u00e4r maskiner som i regel ska h\u00e5lla i flera \u00e5r. D\u00e4rf\u00f6r \u00e4r det inte tillr\u00e5dligt att byta ut delarna direkt mot nya n\u00e4r det uppst\u00e5r funktionsfel eller fel, men de kan repareras med liknande resultat. Reparationerna b\u00f6r utf\u00f6ras p\u00e5 servicecenter med bra verktyg, framf\u00f6r allt innovativa analysatorer. Med dessa apparater kan alla problem i maskinens funktion kontrolleras, t.ex. sp\u00e4nningsavbrott eller \u00f6verbelastning, utan att utrustningen beh\u00f6ver st\u00e4ngas av. F\u00f6re reparationen g\u00f6r ett erfaret serviceteam en grundlig diagnos av det \u00f6vergripande skicket och kontrollerar utsatta omr\u00e5den f\u00f6r \u00f6kat slitage, t.ex. lager, hjul och motor.&nbsp;<\/p>\n\n\n\n<h2 class=\"wp-block-heading\"><strong>Service<\/strong>j<strong>Vi har v\u00e4lk\u00e4nda varum\u00e4rken som t.ex:<\/strong>&nbsp;<\/h2>\n\n\n\n<div class=\"wp-block-columns is-layout-flex wp-container-core-columns-is-layout-9d6595d7 wp-block-columns-is-layout-flex\">\n<div class=\"wp-block-column is-layout-flow wp-block-column-is-layout-flow\" style=\"flex-basis:50%\">\n<ul class=\"wp-block-list\">\n<li>CONECRANES,&nbsp;<\/li>\n\n\n\n<li>STHAL,&nbsp;<\/li>\n\n\n\n<li>SWF,&nbsp;<\/li>\n\n\n\n<li>VETTER,&nbsp;<\/li>\n<\/ul>\n<\/div>\n\n\n\n<div class=\"wp-block-column is-layout-flow wp-block-column-is-layout-flow\" style=\"flex-basis:50%\">\n<ul class=\"wp-block-list\">\n<li>YALE,&nbsp;<\/li>\n\n\n\n<li>ABUS,&nbsp;<\/li>\n\n\n\n<li>DEMAG\/KBK,&nbsp;<\/li>\n\n\n\n<li>HAK.&nbsp;<\/li>\n<\/ul>\n<\/div>\n<\/div>\n\n\n\n<h2 class=\"wp-block-heading\">Varf\u00f6r ska du anf\u00f6rtro din service till OSO?&nbsp;<\/h2>\n\n\n<div class=\"wp-block-image\">\n<figure class=\"alignright size-large is-resized\"><a href=\"https:\/\/szkolenia-udt.pl\/wp-content\/uploads\/2023\/05\/screen_2x-2023-05-08T131912.060.jpg\"><img loading=\"lazy\" decoding=\"async\" src=\"https:\/\/szkolenia-udt.pl\/wp-content\/uploads\/2023\/05\/screen_2x-2023-05-08T131912.060-1024x683.jpg\" alt=\"Kranreparat\u00f6r\" class=\"wp-image-4851\" width=\"512\" height=\"342\" srcset=\"https:\/\/szkolenia-udt.pl\/wp-content\/uploads\/2023\/05\/screen_2x-2023-05-08T131912.060-1024x683.jpg 1024w, https:\/\/szkolenia-udt.pl\/wp-content\/uploads\/2023\/05\/screen_2x-2023-05-08T131912.060-300x200.jpg 300w, https:\/\/szkolenia-udt.pl\/wp-content\/uploads\/2023\/05\/screen_2x-2023-05-08T131912.060-768x512.jpg 768w, https:\/\/szkolenia-udt.pl\/wp-content\/uploads\/2023\/05\/screen_2x-2023-05-08T131912.060-1536x1024.jpg 1536w, https:\/\/szkolenia-udt.pl\/wp-content\/uploads\/2023\/05\/screen_2x-2023-05-08T131912.060-18x12.jpg 18w, https:\/\/szkolenia-udt.pl\/wp-content\/uploads\/2023\/05\/screen_2x-2023-05-08T131912.060.jpg 1600w\" sizes=\"auto, (max-width: 512px) 100vw, 512px\" \/><\/a><\/figure>\n<\/div>\n\n\n<ul class=\"wp-block-list\">\n<li>Vi har kvalificerad och erfaren personal som har samlat p\u00e5 sig kunskap under de \u00e5r som f\u00f6retaget har funnits p\u00e5 marknaden.&nbsp;<\/li>\n\n\n\n<li>Vi har den b\u00e4sta utrustningen och innovativ teknik till v\u00e5rt f\u00f6rfogande, s\u00e5 att vi kan utf\u00f6ra reparationer utan on\u00f6digt dr\u00f6jsm\u00e5l, men ocks\u00e5 under full s\u00e4kerhet.&nbsp;<\/li>\n\n\n\n<li>V\u00e5ra kunders v\u00e4rdefulla tid \u00e4r v\u00e5r prioritet, och d\u00e4rf\u00f6r ordnar vi allt p\u00e5 tider som passar f\u00f6retagen. Vi stoppar inte upp f\u00f6retaget utan l\u00e5ter det verka fritt.&nbsp;<\/li>\n\n\n\n<li>Allt v\u00e5rt samarbete bygger p\u00e5 tydliga och definierade regler. Redan i b\u00f6rjan informerar vi dig om den totala reparations- och servicekostnaden.&nbsp;<\/li>\n\n\n\n<li>Vi utf\u00f6r alla tj\u00e4nster endast enligt h\u00f6gsta standard och erbjuder attraktiva priser.&nbsp;<\/li>\n\n\n\n<li>Vi har utvecklat ett gott rykte, vilket \u00e4r anledningen till att gamla kunder kommer tillbaka till oss och rekommenderar v\u00e5rt f\u00f6retag till sina v\u00e4nner. Detta visar p\u00e5 den professionella inst\u00e4llning som hela teamet har.&nbsp;<\/li>\n\n\n\n<li>Vi \u00e5tar oss reparationer av gamla och nya kranar fr\u00e5n olika tillverkare. Oavsett fel, haveri eller olyckor eller efterverkningarna av en uppgradering av utrustningen. V\u00e5ra professionella tekniker \u00e5terst\u00e4ller maskinerna till full drift p\u00e5 ett effektivt och s\u00e4kert s\u00e4tt.&nbsp;<\/li>\n<\/ul>\n\n\n\n<h2 class=\"wp-block-heading\">Modernisering av kranar&nbsp;<\/h2>\n\n\n\n<p>Det handlar ofta om att modernisera str\u00f6mf\u00f6rs\u00f6rjningssystem eller mekaniska strukturer, vilket g\u00f6r det m\u00f6jligt att anpassa kranens exakta parametrar till f\u00f6retagets aktuella och f\u00f6r\u00e4nderliga behov, platsf\u00f6rh\u00e5llanden eller uppfylla nya krav fr\u00e5n Office of Technical Inspection. N\u00e4r det g\u00e4ller modernisering av kranar utf\u00f6r vi huvudsakligen modifieringar av automations- och str\u00f6mf\u00f6rs\u00f6rjningselement, drivsystem och styrsystem.&nbsp;<\/p>\n\n\n\n<figure class=\"wp-block-table\"><table><tbody><tr><td><strong>Reparation<\/strong>&nbsp;<\/td><td><strong>Kranar<\/strong>&nbsp;<\/td><\/tr><tr><td>kranar, lyftanordningar, mobilkranar (HDS), lyftplattformar, lyftanordningar, vinschar, kranar, gaffeltruckar, drivteknik&nbsp;<\/td><td>standard, teknisk, enkel- och dubbelbalk, sp\u00e5rbunden, gantry, konsoler&nbsp;<\/td><\/tr><\/tbody><\/table><\/figure>\n\n\n\n<h2 class=\"wp-block-heading\">Vad utm\u00e4rker v\u00e5rt f\u00f6retag?&nbsp;<\/h2>\n\n\n<div class=\"wp-block-image\">\n<figure class=\"alignright size-large is-resized\"><a href=\"https:\/\/szkolenia-udt.pl\/wp-content\/uploads\/2023\/05\/screen_2x-2023-05-08T132012.262.jpg\"><img loading=\"lazy\" decoding=\"async\" src=\"https:\/\/szkolenia-udt.pl\/wp-content\/uploads\/2023\/05\/screen_2x-2023-05-08T132012.262-1024x682.jpg\" alt=\"kran i lagerlokal\" class=\"wp-image-4853\" width=\"539\" height=\"359\" srcset=\"https:\/\/szkolenia-udt.pl\/wp-content\/uploads\/2023\/05\/screen_2x-2023-05-08T132012.262-1024x682.jpg 1024w, https:\/\/szkolenia-udt.pl\/wp-content\/uploads\/2023\/05\/screen_2x-2023-05-08T132012.262-300x200.jpg 300w, https:\/\/szkolenia-udt.pl\/wp-content\/uploads\/2023\/05\/screen_2x-2023-05-08T132012.262-768x512.jpg 768w, https:\/\/szkolenia-udt.pl\/wp-content\/uploads\/2023\/05\/screen_2x-2023-05-08T132012.262-1536x1023.jpg 1536w, https:\/\/szkolenia-udt.pl\/wp-content\/uploads\/2023\/05\/screen_2x-2023-05-08T132012.262-18x12.jpg 18w, https:\/\/szkolenia-udt.pl\/wp-content\/uploads\/2023\/05\/screen_2x-2023-05-08T132012.262.jpg 1600w\" sizes=\"auto, (max-width: 539px) 100vw, 539px\" \/><\/a><\/figure>\n<\/div>\n\n\n<ul class=\"wp-block-list\">\n<li>expertr\u00e5dgivning i varje skede av kontraktet;&nbsp;<\/li>\n\n\n\n<li>ett individuellt f\u00f6rh\u00e5llningss\u00e4tt till varje kund;&nbsp;<\/li>\n\n\n\n<li>leverans av order i enlighet med \u00f6verenskommen tidsfrist;&nbsp;<\/li>\n\n\n\n<li>m\u00e5nga \u00e5rs erfarenhet inom sektorn;&nbsp;<\/li>\n\n\n\n<li>engagemang och professionalism;&nbsp;<\/li>\n\n\n\n<li>specialiserad utrustning f\u00f6r att utf\u00f6ra reparationer;&nbsp;<\/li>\n\n\n\n<li>konkurrenskraftiga priser;&nbsp;<\/li>\n\n\n\n<li>kunskap om den senaste tekniska utvecklingen inom sektorn;&nbsp;<\/li>\n\n\n\n<li>kontinuerlig f\u00f6rb\u00e4ttring av kompetensen;&nbsp;<\/li>\n\n\n\n<li>attraktiva rabatter f\u00f6r stamkunder;&nbsp;<\/li>\n\n\n\n<li>kontinuerlig ut\u00f6kning av sortimentet;&nbsp;<\/li>\n\n\n\n<li>garanti f\u00f6r varje utf\u00f6rd reparation.<\/li>\n<\/ul>\n\n\n\n<h2 class=\"wp-block-heading\">\u00d6versyn och reparation av kranar&nbsp;<\/h2>\n\n\n\n<p>Vi erbjuder ocks\u00e5 kompletta \u00f6versyner och reparationer f\u00f6r att h\u00e5lla kranen i perfekt skick, vilket garanterar problemfri och effektiv drift och avsev\u00e4rt minskar risken f\u00f6r allvarliga haverier eller olyckor.&nbsp;<\/p>\n\n\n\n<p>Dessutom erbjuder vi en ber\u00e4kning av UTB:s nya unders\u00f6kning.&nbsp;<\/p>\n\n\n\n<p>Om du har n\u00e5gra fr\u00e5gor \u00e4r du varmt v\u00e4lkommen att kontakta v\u00e5ra experter, som mer \u00e4n g\u00e4rna svarar p\u00e5 dina fr\u00e5gor, ger dig experthj\u00e4lp och skingrar dina tvivel om service, underh\u00e5ll och reparation av traverskranar.&nbsp;<\/p>","protected":false},"excerpt":{"rendered":"<p>Zastosowanie suwnic&nbsp; Suwnice cz\u0119sto wykorzystuje si\u0119 do szybkiego i bezpiecznego procesu produkcji. U\u017cywa si\u0119 ich przy pracach magazynowych, remontowych czy monta\u017cowych. Dzi\u0119ki nim wszystkie czynno\u015bci dotycz\u0105ce unoszenia i przemieszczania ci\u0119\u017ckich towar\u00f3w s\u0105 wykonywane sprawnie, wydajnie i bez zarzutu. Coraz wi\u0119cej ma\u0142ych i du\u017cych przedsi\u0119biorstw decyduje si\u0119 na zakup suwnic, doceniaj\u0105c ergonomi\u0119 oraz solidno\u015b\u0107 tych maszyn. [&hellip;]<\/p>\n","protected":false},"author":10,"featured_media":4852,"parent":0,"menu_order":0,"comment_status":"closed","ping_status":"closed","template":"","meta":{"footnotes":""},"class_list":["post-4850","page","type-page","status-publish","has-post-thumbnail","hentry"],"aioseo_notices":[],"_links":{"self":[{"href":"https:\/\/szkolenia-udt.pl\/sv\/wp-json\/wp\/v2\/pages\/4850","targetHints":{"allow":["GET"]}}],"collection":[{"href":"https:\/\/szkolenia-udt.pl\/sv\/wp-json\/wp\/v2\/pages"}],"about":[{"href":"https:\/\/szkolenia-udt.pl\/sv\/wp-json\/wp\/v2\/types\/page"}],"author":[{"embeddable":true,"href":"https:\/\/szkolenia-udt.pl\/sv\/wp-json\/wp\/v2\/users\/10"}],"replies":[{"embeddable":true,"href":"https:\/\/szkolenia-udt.pl\/sv\/wp-json\/wp\/v2\/comments?post=4850"}],"version-history":[{"count":5,"href":"https:\/\/szkolenia-udt.pl\/sv\/wp-json\/wp\/v2\/pages\/4850\/revisions"}],"predecessor-version":[{"id":5280,"href":"https:\/\/szkolenia-udt.pl\/sv\/wp-json\/wp\/v2\/pages\/4850\/revisions\/5280"}],"wp:featuredmedia":[{"embeddable":true,"href":"https:\/\/szkolenia-udt.pl\/sv\/wp-json\/wp\/v2\/media\/4852"}],"wp:attachment":[{"href":"https:\/\/szkolenia-udt.pl\/sv\/wp-json\/wp\/v2\/media?parent=4850"}],"curies":[{"name":"wp","href":"https:\/\/api.w.org\/{rel}","templated":true}]}}