{"id":51,"date":"2014-10-07T16:24:48","date_gmt":"2014-10-07T16:24:48","guid":{"rendered":"http:\/\/szkolenia-udt.pl\/?page_id=51"},"modified":"2016-07-06T17:39:02","modified_gmt":"2016-07-06T17:39:02","slug":"saxplattformar","status":"publish","type":"page","link":"https:\/\/szkolenia-udt.pl\/sv\/dzwignice\/platformy-nozycowe\/","title":{"rendered":"Saxplattformar"},"content":{"rendered":"<div style=\"float: left; padding-right: 10px;\"><div id=\"metaslider-id-655\" style=\"max-width: 300px;\" class=\"ml-slider-3-108-0 metaslider metaslider-flex metaslider-655 ml-slider ms-theme-default nav-hidden\" role=\"region\" aria-label=\"saxplattformar\" data-height=\"225\" data-width=\"300\">\n    <div id=\"metaslider_container_655\">\n        <div id=\"metaslider_655\">\n            <ul class='slides'>\n                <li style=\"display: block; width: 100%;\" class=\"slide-657 ms-image\" aria-roledescription=\"slide\" data-date=\"2014-10-12 10:19:28\" data-filename=\"Uprawnienia-udt.jpg\" data-slide-type=\"image\"><img loading=\"lazy\" decoding=\"async\" src=\"https:\/\/szkolenia-udt.pl\/wp-content\/uploads\/2014\/10\/Uprawnienia-udt.jpg\" height=\"225\" width=\"300\" alt=\"\" class=\"slider-655 slide-657 msDefaultImage\" \/><\/li>\n                <li style=\"display: none; width: 100%;\" class=\"slide-573 ms-image\" aria-roledescription=\"slide\" data-date=\"2014-10-11 18:02:18\" data-filename=\"platforma-podest-stacjonarny.jpg\" data-slide-type=\"image\"><img loading=\"lazy\" decoding=\"async\" src=\"https:\/\/szkolenia-udt.pl\/wp-content\/uploads\/2014\/10\/platforma-podest-stacjonarny.jpg\" height=\"225\" width=\"300\" alt=\"Kurser och utbildning CSO Warszawa\" class=\"slider-655 slide-573 msDefaultImage\" \/><\/li>\n                <li style=\"display: none; width: 100%;\" class=\"slide-656 ms-image\" aria-roledescription=\"slide\" data-date=\"2014-10-12 10:19:27\" data-filename=\"kursy-Platformy-no\u017cycowe.jpg\" data-slide-type=\"image\"><img loading=\"lazy\" decoding=\"async\" src=\"https:\/\/szkolenia-udt.pl\/wp-content\/uploads\/2014\/10\/kursy-Platformy-no\u017cycowe.jpg\" height=\"225\" width=\"300\" alt=\"Utbildning och kurser Bommar\" class=\"slider-655 slide-656 msDefaultImage\" \/><\/li>\n                <li style=\"display: none; width: 100%;\" class=\"slide-618 ms-image\" aria-roledescription=\"slide\" data-date=\"2014-10-12 07:16:03\" data-filename=\"podest-stacjonarny-IIP1.jpg\" data-slide-type=\"image\"><img loading=\"lazy\" decoding=\"async\" src=\"https:\/\/szkolenia-udt.pl\/wp-content\/uploads\/2014\/10\/podest-stacjonarny-IIP1.jpg\" height=\"225\" width=\"300\" alt=\"Saxplattformar\" class=\"slider-655 slide-618 msDefaultImage\" \/><\/li>\n                <li style=\"display: none; width: 100%;\" class=\"slide-1222 ms-image\" aria-roledescription=\"slide\" data-date=\"2014-11-18 10:40:33\" data-filename=\"78XE_000_d1a.jpg\" data-slide-type=\"image\"><img loading=\"lazy\" decoding=\"async\" src=\"https:\/\/szkolenia-udt.pl\/wp-content\/uploads\/2014\/11\/78XE_000_d1a.jpg\" height=\"225\" width=\"300\" alt=\"\" class=\"slider-655 slide-1222 msDefaultImage\" \/><\/li>\n            <\/ul>\n        <\/div>\n        \n    <\/div>\n<\/div><\/div>\n<div class=\"wyjustuj\">Saxplattformar eller saxliftar \u00e4r utrustning som vanligen anv\u00e4nds vid materialhantering. De \u00e4r f\u00f6rem\u00e5l f\u00f6r teknisk \u00f6vervakning och kr\u00e4ver tillst\u00e5nd som beviljas av UDT. I v\u00e5rt <a href=\"https:\/\/szkolenia-udt.pl\/sv\/o-firmie\/\">Centrum f\u00f6r utbildning av operat\u00f6rer<\/a> Du kan g\u00e5 kurser i saxliftar och g\u00f6ra provet f\u00f6r att f\u00e5 ditt certifikat.Saxliftar (plattformar, hissar) tillh\u00f6r kategorin mobila plattformar. De \u00e4r frirullande anordningar som g\u00f6r det m\u00f6jligt att lyfta laster - varor eller personer - till en viss h\u00f6jd, t.ex. byggmaterial, arbetare under monterings- och efterbehandlingsarbeten, bilar i verkst\u00e4der, funktionshindrade i rullstolar. De har f\u00e5tt sitt namn fr\u00e5n den karakteristiska saxkonstruktionen som lyfter plattformen till en viss h\u00f6jd.<\/p>\n<p>I kategorin mobila plattformar ing\u00e5r ocks\u00e5 arbetsplattformar (korglyftar). Det \u00e4r anordningar som \u00e4r monterade p\u00e5 lastbilssl\u00e4p eller med egen drivning och som \u00e4r utrustade med en korg p\u00e5 en justerbar arm. Till skillnad fr\u00e5n saxliftar kan armen manipuleras i olika riktningar. Detta g\u00f6r arbetsplattformen mer m\u00e5ngsidig, men den anv\u00e4nds fr\u00e4mst f\u00f6r utomhusarbeten.<\/p>\n<p>B\u00e5de sax- och korgmodeller finns i en m\u00e4ngd olika utf\u00f6randen, vilket g\u00f6r det m\u00f6jligt att lyfta laster av en viss storlek, till en viss h\u00f6jd och inom r\u00e4ckh\u00e5ll f\u00f6r armen eller plattformen. Vissa modeller \u00e4r utrustade med terr\u00e4nghjul och kan d\u00e4rf\u00f6r \u00e4ven anv\u00e4ndas p\u00e5 sv\u00e5ra underlag.<\/p>\n<p>St\u00e4der d\u00e4r vi erbjuder utbildning f\u00f6r saxliftar och arbetsplattformar: Warszawa, Krakow, Bielsko-Bia\u0142a, Katowice. Vi har ocks\u00e5 \u00e5tagit oss att tillhandah\u00e5lla prisv\u00e4rd utbildning. <a href=\"https:\/\/szkolenia-udt.pl\/sv\/oferta\/\">pris<\/a> i v\u00e5rt center \u00e4r alltid beroende av antalet deltagare, och f\u00f6r st\u00f6rre grupper har vi ocks\u00e5 uppmuntrande rabatter. Det inneb\u00e4r att en utbildning hos oss inte bara \u00e4r en garanti f\u00f6r att du blir n\u00f6jd med kvaliteten, utan ocks\u00e5 f\u00f6r att du f\u00e5r l\u00e5ga priser. V\u00e5ra utbildningar \u00e4r \u00f6ppna f\u00f6r alla och \u00e4ven tillg\u00e4ngliga f\u00f6r grupper. Vi inbjuder dig att l\u00e4ra dig med oss!<\/p>\n<\/div>","protected":false},"excerpt":{"rendered":"<p>Platformy no\u017cycowe czy te\u017c podno\u015bniki no\u017cycowe to urz\u0105dzenia wykorzystywane powszechnie w transporcie bliskim. Podlegaj\u0105 dozorowi technicznemu i wymagaj\u0105 posiadania uprawnie\u0144 nadanych przez UDT. W naszym O\u015brodku Szkolenia Operator\u00f3w mo\u017cesz wzi\u0105\u0107 udzia\u0142 w kursach na podno\u015bnik no\u017cycowy i podej\u015b\u0107 do egzaminu w celu otrzymania uprawnie\u0144.Podesty no\u017cycowe (platformy, podno\u015bniki) nale\u017c\u0105 do kategorii podest\u00f3w ruchomych. S\u0105 to urz\u0105dzenia [&hellip;]<\/p>\n","protected":false},"author":3,"featured_media":0,"parent":69,"menu_order":0,"comment_status":"closed","ping_status":"closed","template":"","meta":{"footnotes":""},"class_list":["post-51","page","type-page","status-publish","hentry"],"aioseo_notices":[],"_links":{"self":[{"href":"https:\/\/szkolenia-udt.pl\/sv\/wp-json\/wp\/v2\/pages\/51","targetHints":{"allow":["GET"]}}],"collection":[{"href":"https:\/\/szkolenia-udt.pl\/sv\/wp-json\/wp\/v2\/pages"}],"about":[{"href":"https:\/\/szkolenia-udt.pl\/sv\/wp-json\/wp\/v2\/types\/page"}],"author":[{"embeddable":true,"href":"https:\/\/szkolenia-udt.pl\/sv\/wp-json\/wp\/v2\/users\/3"}],"replies":[{"embeddable":true,"href":"https:\/\/szkolenia-udt.pl\/sv\/wp-json\/wp\/v2\/comments?post=51"}],"version-history":[{"count":6,"href":"https:\/\/szkolenia-udt.pl\/sv\/wp-json\/wp\/v2\/pages\/51\/revisions"}],"predecessor-version":[{"id":1690,"href":"https:\/\/szkolenia-udt.pl\/sv\/wp-json\/wp\/v2\/pages\/51\/revisions\/1690"}],"up":[{"embeddable":true,"href":"https:\/\/szkolenia-udt.pl\/sv\/wp-json\/wp\/v2\/pages\/69"}],"wp:attachment":[{"href":"https:\/\/szkolenia-udt.pl\/sv\/wp-json\/wp\/v2\/media?parent=51"}],"curies":[{"name":"wp","href":"https:\/\/api.w.org\/{rel}","templated":true}]}}