{"id":5197,"date":"2023-06-30T12:09:45","date_gmt":"2023-06-30T10:09:45","guid":{"rendered":"https:\/\/szkolenia-udt.pl\/?page_id=5197"},"modified":"2023-06-30T12:09:46","modified_gmt":"2023-06-30T10:09:46","slug":"udt-tillstand-for-underhall-av-lasthissar","status":"publish","type":"page","link":"https:\/\/szkolenia-udt.pl\/sv\/uprawnienia-udt-konserwacji-wyciagu-towarowego\/","title":{"rendered":"UDT-tillst\u00e5nd f\u00f6r drift och underh\u00e5ll av en varuhiss vid SPA"},"content":{"rendered":"<h2 class=\"wp-block-heading\">F\u00e5 din beh\u00f6righet f\u00f6r lasthissar hos oss&nbsp;<\/h2>\n\n\n\n<p>V\u00e5rt f\u00f6retag bjuder in dig till utbildningar som \u00e4r utformade f\u00f6r alla f\u00f6retag och som genomf\u00f6rs av kompetenta instrukt\u00f6rer med l\u00e5ng erfarenhet. Vi erbjuder <strong>UDT-utbildning<\/strong> hj\u00e4lpa dig att f\u00f6rv\u00e4rva service- eller konversationsf\u00e4rdigheter <strong>lastlyft. <\/strong>De \u00e4r f\u00f6rem\u00e5l f\u00f6r teknisk \u00f6vervakning av en officiell statlig institution.&nbsp;<\/p>\n\n\n<div class=\"wp-block-image\">\n<figure class=\"alignleft size-large is-resized\"><a href=\"https:\/\/szkolenia-udt.pl\/wp-content\/uploads\/2023\/05\/IMG_20190905_173555-1-1-scaled.jpg\"><img loading=\"lazy\" decoding=\"async\" src=\"https:\/\/szkolenia-udt.pl\/wp-content\/uploads\/2023\/05\/IMG_20190905_173555-1-1-1024x567.jpg\" alt=\"Lastlyft\" class=\"wp-image-5199\" width=\"512\" height=\"284\" srcset=\"https:\/\/szkolenia-udt.pl\/wp-content\/uploads\/2023\/05\/IMG_20190905_173555-1-1-1024x567.jpg 1024w, https:\/\/szkolenia-udt.pl\/wp-content\/uploads\/2023\/05\/IMG_20190905_173555-1-1-300x166.jpg 300w, https:\/\/szkolenia-udt.pl\/wp-content\/uploads\/2023\/05\/IMG_20190905_173555-1-1-768x425.jpg 768w, https:\/\/szkolenia-udt.pl\/wp-content\/uploads\/2023\/05\/IMG_20190905_173555-1-1-1536x851.jpg 1536w, https:\/\/szkolenia-udt.pl\/wp-content\/uploads\/2023\/05\/IMG_20190905_173555-1-1-2048x1134.jpg 2048w, https:\/\/szkolenia-udt.pl\/wp-content\/uploads\/2023\/05\/IMG_20190905_173555-1-1-18x10.jpg 18w\" sizes=\"auto, (max-width: 512px) 100vw, 512px\" \/><\/a><\/figure>\n<\/div>\n\n\n<h2 class=\"wp-block-heading\">Vad \u00e4r en lasthiss?&nbsp;<\/h2>\n\n\n\n<p><strong>Lyft av gods<\/strong> \u00e4r kranen. Det \u00e4r en krantransportanordning som anv\u00e4nds f\u00f6r att transportera laster vertikalt och horisontellt \u00f6ver korta avst\u00e5nd och i intermittent r\u00f6relse. Det \u00e4r en plattform som anv\u00e4nds f\u00f6r att flytta en last l\u00e4ngs en mast med hj\u00e4lp av lutande styrningar. Syftet \u00e4r att placera denna last p\u00e5 byggnader p\u00e5 h\u00f6ga niv\u00e5er och \u00e4ven p\u00e5 byggnadernas tak.&nbsp;<\/p>\n\n\n\n<p>Mast <strong>Lastlyft <\/strong>har ett f\u00e4ste p\u00e5 ett b\u00e4rbart chassi. Den liknar en stege och d\u00e4rf\u00f6r kallas hela anordningen vanligen f\u00f6r lift eller stege.&nbsp;<\/p>\n\n\n\n<p>Lasthissar delas in i rep- och kedjehissar. En linhiss har en koppling i form av ett rep, medan en k\u00e4ttinghiss har en koppling i form av en k\u00e4tting.&nbsp;<\/p>\n\n\n\n<p><strong>Kontoret f\u00f6r teknisk inspektion (UDT)<\/strong> har varit verksamt under mycket l\u00e5ng tid, mer \u00e4n ett sekel. Det \u00e4r en nationell juridisk person. Den \u00e4r verksam inom omr\u00e5det s\u00e4kerhet f\u00f6r tekniska anordningar, bland annat p\u00e5 grundval av lagen fr\u00e5n 2000 och andra r\u00e4ttsakter. Polen har flera av myndighetens filialer och mer \u00e4n tjugo kontor p\u00e5 sitt territorium.&nbsp;<\/p>\n\n\n\n<h2 class=\"wp-block-heading\">UDT-funktioner inkluderar:&nbsp;<\/h2>\n\n\n\n<ol class=\"wp-block-list\" start=\"1\">\n<li>kontroll av efterlevnaden av g\u00e4llande lagstiftning om underh\u00e5ll och andra till\u00e4mpliga best\u00e4mmelser,&nbsp;<\/li>\n<\/ol>\n\n\n\n<ol class=\"wp-block-list\" start=\"2\">\n<li>Utf\u00f6ra tekniskt underh\u00e5ll p\u00e5 teknisk utrustning som definieras i f\u00f6reskrifterna (t.ex. utrustning f\u00f6r \u00e5tervinning av br\u00e4nsle\u00e5ngor),&nbsp;<\/li>\n<\/ol>\n\n\n\n<ol class=\"wp-block-list\" start=\"3\">\n<li>fatta beslut p\u00e5 grundval av ans\u00f6kningar och efter teknisk \u00f6vervakning,&nbsp;<\/li>\n<\/ol>\n\n\n\n<ol class=\"wp-block-list\" start=\"4\">\n<li>Underh\u00e5ll av tekniska register,&nbsp;<\/li>\n<\/ol>\n\n\n\n<ol class=\"wp-block-list\" start=\"5\">\n<li>\u00c5tg\u00e4rder f\u00f6r att fr\u00e4mja en f\u00f6rb\u00e4ttring av kvalifikationer och utrustning,&nbsp;<\/li>\n<\/ol>\n\n\n\n<ol class=\"wp-block-list\" start=\"6\">\n<li>Organisera lektionsprogram f\u00f6r UDT-kurser,&nbsp;<\/li>\n<\/ol>\n\n\n\n<ol class=\"wp-block-list\" start=\"7\">\n<li>S\u00e4kerst\u00e4llande av kvalitetssystem f\u00f6r teknisk utrustning.&nbsp;<\/li>\n<\/ol>\n\n\n\n<p>Bortom <strong>Lasthissar<\/strong>, \u00e4r den utrustning f\u00f6r vilken en licens kan erh\u00e5llas genom UDT f\u00f6ljande:&nbsp;<\/p>\n\n\n<div class=\"wp-block-image\">\n<figure class=\"alignright size-full is-resized\"><a href=\"https:\/\/szkolenia-udt.pl\/wp-content\/uploads\/2023\/05\/oso.edu_.pl-058.jpg\"><img loading=\"lazy\" decoding=\"async\" src=\"https:\/\/szkolenia-udt.pl\/wp-content\/uploads\/2023\/05\/oso.edu_.pl-058.jpg\" alt=\"Utbildning erbjuds\" class=\"wp-image-5201\" width=\"500\" height=\"450\" srcset=\"https:\/\/szkolenia-udt.pl\/wp-content\/uploads\/2023\/05\/oso.edu_.pl-058.jpg 1000w, https:\/\/szkolenia-udt.pl\/wp-content\/uploads\/2023\/05\/oso.edu_.pl-058-300x270.jpg 300w, https:\/\/szkolenia-udt.pl\/wp-content\/uploads\/2023\/05\/oso.edu_.pl-058-768x691.jpg 768w, https:\/\/szkolenia-udt.pl\/wp-content\/uploads\/2023\/05\/oso.edu_.pl-058-13x12.jpg 13w\" sizes=\"auto, (max-width: 500px) 100vw, 500px\" \/><\/a><\/figure>\n<\/div>\n\n\n<ul class=\"wp-block-list\">\n<li>fartygshissar,&nbsp;<\/li>\n\n\n\n<li>vinschar och lyftanordningar,&nbsp;<\/li>\n\n\n\n<li>kranar,&nbsp;<\/li>\n\n\n\n<li>kranar,&nbsp;<\/li>\n\n\n\n<li>stapelkranar,&nbsp;<\/li>\n\n\n\n<li>linbanor,&nbsp;<\/li>\n\n\n\n<li>lyftvagnar,&nbsp;<\/li>\n\n\n\n<li>mobila plattformar,&nbsp;<\/li>\n\n\n\n<li>kranar med l\u00e4nkage,&nbsp;<\/li>\n\n\n\n<li>kranar,&nbsp;<\/li>\n\n\n\n<li>utrustning f\u00f6r containerhantering,&nbsp;<\/li>\n\n\n\n<li>stackers,&nbsp;<\/li>\n\n\n\n<li>hissar f\u00f6r att flytta m\u00e4nniskor f\u00f6r turism och sport,&nbsp;<\/li>\n\n\n\n<li>flyttbara tankar,&nbsp;<\/li>\n\n\n\n<li>plattformar och mobila plattformar med drivenheter vid kajerna,&nbsp;<\/li>\n\n\n\n<li>Utrustning f\u00f6r t\u00f6mning och fyllning av transporttankar f\u00f6r farliga \u00e4mnen,&nbsp;<\/li>\n\n\n\n<li>Utrustning f\u00f6r t\u00f6mning och fyllning av transporttankar f\u00f6r icke-farliga material,&nbsp;<\/li>\n\n\n\n<li>tankar f\u00f6r flytande eller komprimerad gas som anv\u00e4nds f\u00f6r att driva f\u00f6rbr\u00e4nningsmotorer i fordon,&nbsp;<\/li>\n\n\n\n<li>\u00e5ngpannor som \u00e4r konstruerade f\u00f6r att generera \u00e5nga med hj\u00e4lp av v\u00e4rme fr\u00e5n br\u00e4nsle som erh\u00e5lls genom en exoterm reaktion,&nbsp;<\/li>\n\n\n\n<li>lastning, lossning eller tillhandah\u00e5llande av utrustning genom hanteringslinjer, .&nbsp;<\/li>\n\n\n\n<li>specialutrustning under milit\u00e4r teknisk \u00f6vervakning.&nbsp;<\/li>\n<\/ul>\n\n\n\n<p><strong>Med UDT-kvalifikationen f\u00e5r operat\u00f6ren f\u00f6rm\u00e5gan att driva och underh\u00e5lla godshissen<\/strong>&nbsp;<\/p>\n\n\n\n<p>N\u00e5gra viktiga punkter b\u00f6r noteras vid anv\u00e4ndning av detta verktyg:&nbsp;<\/p>\n\n\n\n<ul class=\"wp-block-list\">\n<li>innan arbetet p\u00e5b\u00f6rjas, kontrollera att plattformens fallskyddsanordning fungerar korrekt;&nbsp;<\/li>\n\n\n\n<li>Se upp s\u00e5 att den till\u00e5tna lastkapaciteten inte \u00f6verskrids;&nbsp;<\/li>\n\n\n\n<li>dagligen rapportera till arbetsledaren om fel och skador p\u00e5 maskinkomponenter;&nbsp;<\/li>\n\n\n\n<li>undvika s\u00e4ttningar under den transporterade lasten;&nbsp;<\/li>\n\n\n\n<li>ta bort lasten om den lastade transportplattformen stannar;&nbsp;<\/li>\n\n\n\n<li>anv\u00e4nda s\u00e4rskild skyddsutrustning i form av hj\u00e4lm\/hatt, handskar eller st\u00f6vlar;&nbsp;<\/li>\n\n\n\n<li>hantera och rapportera fel och skador p\u00e5 maskinkomponenter till arbetsledaren p\u00e5 daglig basis enligt vad som kr\u00e4vs;&nbsp;<\/li>\n\n\n\n<li>helt undvika transport av organiskt material p\u00e5 plattformen;&nbsp;<\/li>\n\n\n\n<li>m\u00f6jligg\u00f6r kontinuerlig fri \u00f6vervakning av last\u00f6verf\u00f6ringselementen och lastplattformen under f\u00f6rflyttning;&nbsp;<\/li>\n\n\n\n<li>s\u00e4kerst\u00e4lla att det inte finns n\u00e5gra personer ur allm\u00e4nheten, t.ex. f\u00f6rbipasserande, i n\u00e4rheten av arbetsomr\u00e5det och att deras liv och h\u00e4lsa inte \u00e4ventyras;&nbsp;<\/li>\n\n\n\n<li>l\u00e4mna plattformen s\u00e5 n\u00e4ra marken som m\u00f6jligt efter arbetet.&nbsp;<\/li>\n<\/ul>\n\n\n\n<p>Vid utf\u00f6rande av underh\u00e5llsaktiviteter \u00e5tar sig operat\u00f6ren att inspektera. Underh\u00e5llaren \u00e4r skyldig att utf\u00f6ra: &nbsp;<\/p>\n\n\n\n<ul class=\"wp-block-list\">\n<li>Veckovis underh\u00e5ll: reng\u00f6r smuts och h\u00e5ll arbetsomr\u00e5det runt lyftanordningen rent samt kontrollera kabelns kvalitet med avseende p\u00e5 slitage och korrosion;&nbsp;<\/li>\n\n\n\n<li>m\u00e5natligt underh\u00e5ll: sm\u00f6rjning av trummans kugghjul, som \u00e4r en del av kabelvinschen, av kabelhissen med en fettspruta och kontroll av att kabelns slunganordning r\u00f6r sig fritt,&nbsp;<\/li>\n\n\n\n<li>kvartalsvis underh\u00e5ll: kontroll av att utrustningen visar tecken p\u00e5 fel, att alla s\u00e4kerhetsanordningar fungerar korrekt och att informationsskyltarna \u00e4r l\u00e4sbara och sitter p\u00e5 plats,&nbsp;<\/li>\n\n\n\n<li>kontrollera att n\u00f6dstoppet fungerar korrekt.&nbsp;<\/li>\n<\/ul>\n\n\n<div class=\"wp-block-image\">\n<figure class=\"alignleft size-large is-resized\"><a href=\"https:\/\/szkolenia-udt.pl\/wp-content\/uploads\/2023\/05\/5.jpg\"><img loading=\"lazy\" decoding=\"async\" src=\"https:\/\/szkolenia-udt.pl\/wp-content\/uploads\/2023\/05\/5-1024x826.jpg\" alt=\"Man\u00f6vrering av en kran\" class=\"wp-image-5200\" width=\"512\" height=\"413\" srcset=\"https:\/\/szkolenia-udt.pl\/wp-content\/uploads\/2023\/05\/5-1024x826.jpg 1024w, https:\/\/szkolenia-udt.pl\/wp-content\/uploads\/2023\/05\/5-300x242.jpg 300w, https:\/\/szkolenia-udt.pl\/wp-content\/uploads\/2023\/05\/5-768x620.jpg 768w, https:\/\/szkolenia-udt.pl\/wp-content\/uploads\/2023\/05\/5-15x12.jpg 15w, https:\/\/szkolenia-udt.pl\/wp-content\/uploads\/2023\/05\/5.jpg 1093w\" sizes=\"auto, (max-width: 512px) 100vw, 512px\" \/><\/a><\/figure>\n<\/div>\n\n\n<h2 class=\"wp-block-heading\">Hur ser utbildningen ut i civilsamh\u00e4llesorganisationer?&nbsp;<\/h2>\n\n\n\n<p>Vi driver v\u00e5ra center i de flesta polska st\u00e4der, d\u00e4r det finns klassrum med l\u00e4mplig utrustning f\u00f6r din anv\u00e4ndning. P\u00e5 beg\u00e4ran kan vi resa till den adress som kunden f\u00f6redrar som plats f\u00f6r kursen.&nbsp;&nbsp;<\/p>\n\n\n\n<p>Vi erbjuder m\u00f6jligheten att delta i klasser som \u00e4r \u00f6ppna f\u00f6r alla intresserade och slutna klasser f\u00f6r grupper.&nbsp;&nbsp;<\/p>\n\n\n\n<p>Kursen \u00e4r baserad p\u00e5 riktlinjerna fr\u00e5n den tekniska forskningsmyndigheten. Undervisningen \u00e4r uppdelad i teoretiska och praktiska delar. De sker genom ett n\u00e4mndprov som \u00f6vervakas av medlemmar i byr\u00e5n. Proven \u00e4r vanligtvis skriftliga och muntliga. Giltigheten f\u00f6r kvalifikationer, som ger kvalifikationer och tillst\u00e5nd, \u00e4r begr\u00e4nsad och utf\u00e4rdas f\u00f6r en period p\u00e5 10 \u00e5r.&nbsp;<\/p>","protected":false},"excerpt":{"rendered":"<p>Zyskaj u nas kwalifikacje do obs\u0142ugi wyci\u0105gu towarowego&nbsp; Nasza firma zaprasza na szkolenia przeznaczone dla ka\u017cdej firmy prowadzone przez kompetentnych instruktor\u00f3w z du\u017cym do\u015bwiadczeniem. Oferowane przez nas szkolenia UDT pomagaj\u0105 zdoby\u0107 kwalifikacje w zakresie obs\u0142ugi, czy konwersacji wyci\u0105gu towarowego. Podlegaj\u0105 one dozorowi technicznemu przez urz\u0119dnicz\u0105 instytucj\u0119 pa\u0144stwow\u0105.&nbsp; Czym jest wyci\u0105g towarowy?&nbsp; Wyci\u0105giem towarowym jest d\u017awignica. [&hellip;]<\/p>\n","protected":false},"author":10,"featured_media":5202,"parent":0,"menu_order":0,"comment_status":"closed","ping_status":"closed","template":"","meta":{"footnotes":""},"class_list":["post-5197","page","type-page","status-publish","has-post-thumbnail","hentry"],"aioseo_notices":[],"_links":{"self":[{"href":"https:\/\/szkolenia-udt.pl\/sv\/wp-json\/wp\/v2\/pages\/5197","targetHints":{"allow":["GET"]}}],"collection":[{"href":"https:\/\/szkolenia-udt.pl\/sv\/wp-json\/wp\/v2\/pages"}],"about":[{"href":"https:\/\/szkolenia-udt.pl\/sv\/wp-json\/wp\/v2\/types\/page"}],"author":[{"embeddable":true,"href":"https:\/\/szkolenia-udt.pl\/sv\/wp-json\/wp\/v2\/users\/10"}],"replies":[{"embeddable":true,"href":"https:\/\/szkolenia-udt.pl\/sv\/wp-json\/wp\/v2\/comments?post=5197"}],"version-history":[{"count":4,"href":"https:\/\/szkolenia-udt.pl\/sv\/wp-json\/wp\/v2\/pages\/5197\/revisions"}],"predecessor-version":[{"id":5271,"href":"https:\/\/szkolenia-udt.pl\/sv\/wp-json\/wp\/v2\/pages\/5197\/revisions\/5271"}],"wp:featuredmedia":[{"embeddable":true,"href":"https:\/\/szkolenia-udt.pl\/sv\/wp-json\/wp\/v2\/media\/5202"}],"wp:attachment":[{"href":"https:\/\/szkolenia-udt.pl\/sv\/wp-json\/wp\/v2\/media?parent=5197"}],"curies":[{"name":"wp","href":"https:\/\/api.w.org\/{rel}","templated":true}]}}