{"id":5210,"date":"2023-06-30T11:24:00","date_gmt":"2023-06-30T09:24:00","guid":{"rendered":"https:\/\/szkolenia-udt.pl\/?page_id=5210"},"modified":"2023-06-30T11:28:52","modified_gmt":"2023-06-30T09:28:52","slug":"reparation-av-lyftanordningar-och-vinschar","status":"publish","type":"page","link":"https:\/\/szkolenia-udt.pl\/sv\/naprawa-wciagnikow-i-wciagarek\/","title":{"rendered":"Reparation av lyftanordningar och vinschar"},"content":{"rendered":"<h2 class=\"wp-block-heading\">Dra nytta av v\u00e5ra reparationstj\u00e4nster f\u00f6r lyftanordningar och vinschar<\/h2>\n\n\n\n<p><strong>Lyftanordningar och vinschar<\/strong> \u00e4r n\u00e5gra av de mest anv\u00e4nda maskinerna inom bygg- och anl\u00e4ggningsindustrin. De anv\u00e4nds ocks\u00e5 inom tung industri, transport och logistik. Det \u00e4r viktigt att de alltid fungerar korrekt, eftersom detta p\u00e5verkar arbetets kvalitet och hastighet samt s\u00e4kerheten f\u00f6r arbetare och \u00e5sk\u00e5dare.&nbsp;<\/p>\n\n\n<div class=\"wp-block-image\">\n<figure class=\"alignleft size-large is-resized\"><a href=\"https:\/\/szkolenia-udt.pl\/wp-content\/uploads\/2023\/05\/screen_2x-2023-05-19T131929.271.jpg\"><img loading=\"lazy\" decoding=\"async\" src=\"https:\/\/szkolenia-udt.pl\/wp-content\/uploads\/2023\/05\/screen_2x-2023-05-19T131929.271-1024x683.jpg\" alt=\"Lyftanordningar och vinschar\" class=\"wp-image-5212\" width=\"512\" height=\"342\" srcset=\"https:\/\/szkolenia-udt.pl\/wp-content\/uploads\/2023\/05\/screen_2x-2023-05-19T131929.271-1024x683.jpg 1024w, https:\/\/szkolenia-udt.pl\/wp-content\/uploads\/2023\/05\/screen_2x-2023-05-19T131929.271-300x200.jpg 300w, https:\/\/szkolenia-udt.pl\/wp-content\/uploads\/2023\/05\/screen_2x-2023-05-19T131929.271-768x512.jpg 768w, https:\/\/szkolenia-udt.pl\/wp-content\/uploads\/2023\/05\/screen_2x-2023-05-19T131929.271-1536x1024.jpg 1536w, https:\/\/szkolenia-udt.pl\/wp-content\/uploads\/2023\/05\/screen_2x-2023-05-19T131929.271-18x12.jpg 18w, https:\/\/szkolenia-udt.pl\/wp-content\/uploads\/2023\/05\/screen_2x-2023-05-19T131929.271.jpg 1600w\" sizes=\"auto, (max-width: 512px) 100vw, 512px\" \/><\/a><\/figure>\n<\/div>\n\n\n<h2 class=\"wp-block-heading\">Vad \u00e4r felet med telfrar och vinschar?&nbsp;<\/h2>\n\n\n\n<p>Fel kan orsakas av en m\u00e4ngd olika faktorer. F\u00f6rutom slitage p\u00e5 f\u00f6rem\u00e5len kan \u00e4ven m\u00e4nskliga fel vara orsaken till att utrustningen g\u00e5r s\u00f6nder. Det vanligaste felet \u00e4r felaktig anv\u00e4ndning av maskiner.&nbsp;<\/p>\n\n\n\n<h2 class=\"wp-block-heading\">Exempel p\u00e5 fel p\u00e5 lyftanordningar och vinschar&nbsp;<\/h2>\n\n\n\n<div class=\"wp-block-group is-horizontal is-content-justification-center is-layout-flex wp-container-core-group-is-layout-ddb39544 wp-block-group-is-layout-flex\">\n<figure class=\"wp-block-table is-style-regular\"><table><tbody><tr><td><strong>Exempel p\u00e5 misslyckande<\/strong>&nbsp;<\/td><td><strong>Diskussion om misslyckande<\/strong>&nbsp;<\/td><\/tr><tr><td>Motorskada&nbsp;<\/td><td>Den troliga orsaken \u00e4r d\u00e5 ett felaktigt rel\u00e4. F\u00f6r att reparera det tar du bort locket till kontrollboxen och kommer \u00e5t rel\u00e4et. Du m\u00e5ste sedan kontrollera att ledningarna \u00e4r korrekt anslutna - att de inte \u00e4r i kontakt med varandra eller sitter l\u00f6st. Om rel\u00e4et fortfarande inte svarar p\u00e5 str\u00f6mmen efter att du har kontrollerat att alla kablar \u00e4r korrekt anslutna, b\u00f6r du byta ut rel\u00e4et mot ett nytt. Felaktig installation av motorn kan ocks\u00e5 vara orsaken till motorfel.  Om den har skruvats ihop p\u00e5 fel s\u00e4tt kan detta orsaka h\u00f6g friktion, vilket kan leda till att motorn \u00f6verhettas. I s\u00e5 fall b\u00f6r den bytas ut mot en ny. Motorfel kan ocks\u00e5 orsakas av en utbr\u00e4nd motorlindning. Skruva i s\u00e5 fall loss motorlocket och dra ut rotorn. Om du k\u00e4nner den karakteristiska lukten av br\u00e4nda lindningar och det finns tecken p\u00e5 br\u00e4nda stator- eller rotorlindningar, m\u00e5ste hela motorn bytas ut.&nbsp;<\/td><\/tr><tr><td>Of\u00f6rm\u00e5ga att koppla in lyftanordningen\/vinschen&nbsp;<\/td><td>De tv\u00e5 vanligaste orsakerna kan identifieras: ett kortslutet reed-rel\u00e4 och en defekt tr\u00e5dl\u00f6s fj\u00e4rrkontrollmottagare. I det f\u00f6rsta fallet m\u00e5ste f\u00f6rst och fr\u00e4mst str\u00f6mf\u00f6rs\u00f6rjningen st\u00e4ngas av s\u00e5 snart som m\u00f6jligt via spiralen, som kr\u00e4vs i uppstigningsanordningens str\u00f6mf\u00f6rs\u00f6rjningsinstallation, och sedan m\u00e5ste rel\u00e4et\/kontaktorn bytas ut mot ett nytt. Om det d\u00e4remot inte g\u00e5r att starta maskinen p\u00e5 grund av att mottagaren f\u00f6r den tr\u00e5dl\u00f6sa fj\u00e4rrkontrollen \u00e4r defekt, best\u00e5r reparationen av att byta ut hela den tr\u00e5dl\u00f6sa fj\u00e4rrkontrollen (s\u00e4ndare med mottagare).&nbsp;<\/td><\/tr><tr><td>Felaktig effekt eller hastighet&nbsp;<\/td><td>Bland de troliga orsakerna till detta tillst\u00e5nd finns fr\u00e4mst f\u00f6ljande: ett svagt batteri, en skadad ascenderjord, en br\u00e4nd stator- eller rotorlindning, en skadad borststicka, felaktig motormontering. N\u00e4r det g\u00e4ller reparationer inom detta omr\u00e5de, och om orsaken till felet \u00e4r en skadad ascenderjord, \u00e4r det f\u00f6rst n\u00f6dv\u00e4ndigt att kontrollera om ascenderjordsledningen \u00e4r f\u00f6r l\u00f6s eller om den \u00e4r rostig eller har hakar. Det \u00e4r ocks\u00e5 l\u00e4mpligt att kontrollera skicket p\u00e5 jordskruven som leder till motorns stator. Defekta delar b\u00f6r ers\u00e4ttas med nya. Om ascendern \u00f6verbelastas leder detta ofta till \u00f6verhettning av ledningarna inuti motorn och till att elektroisoleringen p\u00e5 ledningarna br\u00e4nns. Man kan till och med k\u00e4nna den karakteristiska lukten av br\u00e4nda lindningar. Hela motorn \u00e4r d\u00e5 l\u00e4mplig att byta ut. Om du d\u00e4remot inte k\u00e4nner den karakteristiska lukten av br\u00e4nda lindningar n\u00e4r du \u00f6ppnar motorlocket, kan detta tyda p\u00e5 en defekt borststicka eller slitna kolborstar. I s\u00e5 fall m\u00e5ste borstarna eller hela borsth\u00e5llaren inklusive borstarna bytas ut mot nya borstar.&nbsp;<\/td><\/tr><tr><td>Ingen roterande trumma med motorn ig\u00e5ng&nbsp;<\/td><td>Detta kan bero p\u00e5 t.ex.: bromsfel, skadad drivaxel, frikopplad eller skadad v\u00e4xell\u00e5da, b\u00f6jd trumfl\u00e4ns. Om bromsen vid kontroll av maskinens skick faller ut av sig sj\u00e4lv med sina komponenter, inneb\u00e4r det att den har skadats till f\u00f6ljd av ett kraftigt kabelryck. Hela bromsen m\u00e5ste d\u00e5 bytas ut mot en ny. Om axeln \u00e4r skadad m\u00e5ste den ocks\u00e5 bytas ut mot en ny komponent. Om orsaken till felet \u00e4r en skadad v\u00e4xell\u00e5da \u00e4r det f\u00f6rsta steget att skruva av v\u00e4xell\u00e5dans lock, ta bort alla steg och kontrollera att planeterna i stegen roterar fritt. N\u00e4sta steg \u00e4r att kontrollera t\u00e4ndernas skick - p\u00e5 planeterna och p\u00e5 kuggkransen. Om planeterna har fastnat eller om kuggarna \u00e4r skadade m\u00e5ste hela v\u00e4xell\u00e5dan bytas ut mot en ny.&nbsp;<\/td><\/tr><\/tbody><\/table><\/figure>\n<\/div>\n\n\n\n<p>Vid ett eventuellt fel p\u00e5 lyftanordningar och vinschar \u00e4r det mycket viktigt att reparera dem p\u00e5 r\u00e4tt s\u00e4tt. F\u00f6r att kunna g\u00f6ra det \u00e4r det viktigt att ta hj\u00e4lp av kvalificerade specialister.&nbsp;<\/p>\n\n\n\n<h2 class=\"wp-block-heading\">Anv\u00e4nd v\u00e5r tj\u00e4nst&nbsp;<\/h2>\n\n\n\n<p>Oavsett om du f\u00f6redrar service p\u00e5 plats eller att ta din utrustning till en annan ort f\u00f6r reparation, kan vi erbjuda en l\u00f6sning som \u00e4r skr\u00e4ddarsydd f\u00f6r dina behov.&nbsp;&nbsp;<\/p>\n\n\n<div class=\"wp-block-image\">\n<figure class=\"alignleft size-large is-resized\"><a href=\"https:\/\/szkolenia-udt.pl\/wp-content\/uploads\/2023\/05\/screen_2x-2023-05-19T131915.987.jpg\"><img loading=\"lazy\" decoding=\"async\" src=\"https:\/\/szkolenia-udt.pl\/wp-content\/uploads\/2023\/05\/screen_2x-2023-05-19T131915.987-1024x683.jpg\" alt=\"Skadad drivaxel\" class=\"wp-image-5213\" width=\"512\" height=\"342\" srcset=\"https:\/\/szkolenia-udt.pl\/wp-content\/uploads\/2023\/05\/screen_2x-2023-05-19T131915.987-1024x683.jpg 1024w, https:\/\/szkolenia-udt.pl\/wp-content\/uploads\/2023\/05\/screen_2x-2023-05-19T131915.987-300x200.jpg 300w, https:\/\/szkolenia-udt.pl\/wp-content\/uploads\/2023\/05\/screen_2x-2023-05-19T131915.987-768x512.jpg 768w, https:\/\/szkolenia-udt.pl\/wp-content\/uploads\/2023\/05\/screen_2x-2023-05-19T131915.987-1536x1024.jpg 1536w, https:\/\/szkolenia-udt.pl\/wp-content\/uploads\/2023\/05\/screen_2x-2023-05-19T131915.987-18x12.jpg 18w, https:\/\/szkolenia-udt.pl\/wp-content\/uploads\/2023\/05\/screen_2x-2023-05-19T131915.987.jpg 1600w\" sizes=\"auto, (max-width: 512px) 100vw, 512px\" \/><\/a><\/figure>\n<\/div>\n\n\n<p>Vi har l\u00e5ng erfarenhet av service p\u00e5 manuella, pneumatiska, hydrauliska och eldrivna lyftanordningar, kranar och vinschar. Vi kan utf\u00f6ra reparationer av utrustning p\u00e5 plats f\u00f6r att minimera stillest\u00e5ndstiden.&nbsp;&nbsp;<\/p>\n\n\n\n<p>I de fall d\u00e4r reparation p\u00e5 plats inte \u00e4r m\u00f6jlig kan vi utf\u00f6ra det n\u00f6dv\u00e4ndiga arbetet i v\u00e5ra verkst\u00e4der. I s\u00e5dana fall ordnar vi g\u00e4rna s\u00e5 att du kan hyra ers\u00e4ttningsutrustning f\u00f6r att minimera eventuella problem i produktionsprocessen.&nbsp;&nbsp;<\/p>\n\n\n\n<p>Vi erbjuder tj\u00e4nster av v\u00e5ra tekniker med n\u00f6dv\u00e4ndig kunskap om teknisk \u00f6vervakning, som alltid kommer att ge goda r\u00e5d.&nbsp;<\/p>","protected":false},"excerpt":{"rendered":"<p>Zach\u0119camy do skorzystania z naszych us\u0142ug naprawczych wci\u0105gnik\u00f3w i wci\u0105garek Wci\u0105gniki i wci\u0105garki to jedne z najcz\u0119\u015bciej u\u017cywanych urz\u0105dze\u0144 w bran\u017cy budowlanej i przemy\u015ble. Wykorzystywane s\u0105 tak\u017ce w przemy\u015ble ci\u0119\u017ckim, transporcie i logistyce. Istotne jest, aby zawsze prawid\u0142owo funkcjonowa\u0142y, bowiem wp\u0142ywa to na jako\u015b\u0107 i szybko\u015b\u0107 wykonywania pracy oraz na bezpiecze\u0144stwo pracownik\u00f3w i os\u00f3b postronnych.&nbsp; [&hellip;]<\/p>\n","protected":false},"author":10,"featured_media":5214,"parent":0,"menu_order":0,"comment_status":"closed","ping_status":"closed","template":"","meta":{"footnotes":""},"class_list":["post-5210","page","type-page","status-publish","has-post-thumbnail","hentry"],"aioseo_notices":[],"_links":{"self":[{"href":"https:\/\/szkolenia-udt.pl\/sv\/wp-json\/wp\/v2\/pages\/5210","targetHints":{"allow":["GET"]}}],"collection":[{"href":"https:\/\/szkolenia-udt.pl\/sv\/wp-json\/wp\/v2\/pages"}],"about":[{"href":"https:\/\/szkolenia-udt.pl\/sv\/wp-json\/wp\/v2\/types\/page"}],"author":[{"embeddable":true,"href":"https:\/\/szkolenia-udt.pl\/sv\/wp-json\/wp\/v2\/users\/10"}],"replies":[{"embeddable":true,"href":"https:\/\/szkolenia-udt.pl\/sv\/wp-json\/wp\/v2\/comments?post=5210"}],"version-history":[{"count":6,"href":"https:\/\/szkolenia-udt.pl\/sv\/wp-json\/wp\/v2\/pages\/5210\/revisions"}],"predecessor-version":[{"id":5269,"href":"https:\/\/szkolenia-udt.pl\/sv\/wp-json\/wp\/v2\/pages\/5210\/revisions\/5269"}],"wp:featuredmedia":[{"embeddable":true,"href":"https:\/\/szkolenia-udt.pl\/sv\/wp-json\/wp\/v2\/media\/5214"}],"wp:attachment":[{"href":"https:\/\/szkolenia-udt.pl\/sv\/wp-json\/wp\/v2\/media?parent=5210"}],"curies":[{"name":"wp","href":"https:\/\/api.w.org\/{rel}","templated":true}]}}