{"id":53,"date":"2014-10-07T16:25:40","date_gmt":"2014-10-07T16:25:40","guid":{"rendered":"http:\/\/szkolenia-udt.pl\/?page_id=53"},"modified":"2021-06-27T22:16:24","modified_gmt":"2021-06-27T22:16:24","slug":"mobila-lyftar","status":"publish","type":"page","link":"https:\/\/szkolenia-udt.pl\/sv\/dzwignice\/podnosniki-podesty-ruchome\/","title":{"rendered":"Hissar - mobila plattformar"},"content":{"rendered":"<div style=\"float: left; padding-right: 10px;\"><div id=\"metaslider-id-1219\" style=\"max-width: 300px;\" class=\"ml-slider-3-107-0 metaslider metaslider-flex metaslider-1219 ml-slider ms-theme-default nav-hidden\" role=\"region\" aria-label=\"Mobila plattformar 3\" data-height=\"225\" data-width=\"300\">\n    <div id=\"metaslider_container_1219\">\n        <div id=\"metaslider_1219\">\n            <ul class='slides'>\n                <li style=\"display: block; width: 100%;\" class=\"slide-1218 ms-image\" aria-roledescription=\"slide\" data-date=\"2014-11-18 10:21:09\" data-filename=\"78XE_001a.jpg\" data-slide-type=\"image\"><img loading=\"lazy\" decoding=\"async\" src=\"https:\/\/szkolenia-udt.pl\/wp-content\/uploads\/2014\/11\/78XE_001a.jpg\" height=\"225\" width=\"300\" alt=\"hissar\" class=\"slider-1219 slide-1218 msDefaultImage\" \/><\/li>\n                <li style=\"display: none; width: 100%;\" class=\"slide-1217 ms-image\" aria-roledescription=\"slide\" data-date=\"2014-11-18 10:21:08\" data-filename=\"78SEC_006a.jpg\" data-slide-type=\"image\"><img loading=\"lazy\" decoding=\"async\" src=\"https:\/\/szkolenia-udt.pl\/wp-content\/uploads\/2014\/11\/78SEC_006a.jpg\" height=\"225\" width=\"300\" alt=\"udt-utbildning\" class=\"slider-1219 slide-1217 msDefaultImage\" \/><\/li>\n                <li style=\"display: none; width: 100%;\" class=\"slide-1216 ms-image\" aria-roledescription=\"slide\" data-date=\"2014-11-18 10:21:07\" data-filename=\"78SEC_004a.jpg\" data-slide-type=\"image\"><img loading=\"lazy\" decoding=\"async\" src=\"https:\/\/szkolenia-udt.pl\/wp-content\/uploads\/2014\/11\/78SEC_004a.jpg\" height=\"225\" width=\"300\" alt=\"warsaw udt kurser\" class=\"slider-1219 slide-1216 msDefaultImage\" \/><\/li>\n                <li style=\"display: none; width: 100%;\" class=\"slide-1215 ms-image\" aria-roledescription=\"slide\" data-date=\"2014-11-18 10:21:06\" data-filename=\"60V_026a.jpg\" data-slide-type=\"image\"><img loading=\"lazy\" decoding=\"async\" src=\"https:\/\/szkolenia-udt.pl\/wp-content\/uploads\/2014\/11\/60V_026a.jpg\" height=\"225\" width=\"300\" alt=\"Udt utbildningscenter\" class=\"slider-1219 slide-1215 msDefaultImage\" \/><\/li>\n                <li style=\"display: none; width: 100%;\" class=\"slide-1214 ms-image\" aria-roledescription=\"slide\" data-date=\"2014-11-18 10:21:04\" data-filename=\"60V_007a.jpg\" data-slide-type=\"image\"><img loading=\"lazy\" decoding=\"async\" src=\"https:\/\/szkolenia-udt.pl\/wp-content\/uploads\/2014\/11\/60V_007a.jpg\" height=\"225\" width=\"300\" alt=\"\" class=\"slider-1219 slide-1214 msDefaultImage\" \/><\/li>\n            <\/ul>\n        <\/div>\n        \n    <\/div>\n<\/div><\/div>\n<div class=\"wyjustuj\">\n<p>Rulltrappor \u00e4r anordningar som ing\u00e5r i kategorin lyftutrustning och \u00e4r avsedda f\u00f6r transport av laster - material, varor eller personer p\u00e5 h\u00f6g h\u00f6jd. De anv\u00e4nds fr\u00e4mst vid monterings- och byggnadsarbeten p\u00e5 arbetsplatser och vid utomhusarbete. Plattformar best\u00e5r av en plattform eller gondol som \u00e4r omsluten av barri\u00e4rer, som \u00e4r monterade p\u00e5 l\u00e4nkar eller lyfts med domkrafter. De \u00e4r diesel-, el- eller batteridrivna. Man skiljer mellan sj\u00e4lvg\u00e5ende och station\u00e4ra plattformar.<\/p>\n<p><strong>Enligt klassificeringen av Office of Technical Inspection finns det f\u00f6ljande kategorier f\u00f6r mobila plattformar:<\/strong><\/p>\n<ul>\n<li>II P - h\u00e4ngande, station\u00e4ra och master<\/li>\n<li>I P - saxliftar, mobila korgliftar, fordonsmonterade mobila plattformar<\/li>\n<\/ul>\n<p>Bland de mest popul\u00e4ra typerna av plattformar skiljer vi mellan arbetsplattformar och saxliftar.<\/p>\n<p>En saxlift best\u00e5r av korsade armar, d\u00e4rav namnet, samt en plattform p\u00e5 vilken laster placeras och en bas. Saxplattformar anv\u00e4nds oftast inom materialhantering, t.ex. n\u00e4r man lyfter fordon, byggmaterial eller m\u00e4nniskor till en viss h\u00f6jd f\u00f6r montering, konstruktion eller efterarbete. Dessa anordningar har olika parametrar - m\u00e5tt, maximal lyftkapacitet, lyfth\u00f6jd - s\u00e5 att de kan anpassas individuellt till den typ av arbete som utf\u00f6rs.<\/p>\n<p>En arbetsplattform \u00e4r en huvudsakligen sl\u00e4pvagnsmonterad eller sj\u00e4lvg\u00e5ende anordning som \u00e4r f\u00f6rsedd med hjul (som kan vara terr\u00e4nghjul f\u00f6r arbete p\u00e5 sv\u00e5ra underlag). Denna utrustning anv\u00e4nds fr\u00e4mst f\u00f6r utomhusarbete inom montering, konstruktion, efterbehandling eller dekorationsarbete. Lyftgondolen \u00e4r placerad p\u00e5 en arm som kan man\u00f6vreras p\u00e5 olika sidor och f\u00f6rl\u00e4ngas till en viss utstr\u00e4ckning.<\/p>\n<div style=\"float: left; padding-right: 10px;\"><div id=\"metaslider-id-615\" style=\"max-width: 300px;\" class=\"ml-slider-3-107-0 metaslider metaslider-flex metaslider-615 ml-slider ms-theme-default nav-hidden nav-hidden\" role=\"region\" aria-label=\"Mobila plattformar3\" data-height=\"225\" data-width=\"300\">\n    <div id=\"metaslider_container_615\">\n        <div id=\"metaslider_615\">\n            <ul class='slides'>\n                <li style=\"display: block; width: 100%;\" class=\"slide-617 ms-image\" aria-roledescription=\"slide\" data-date=\"2014-10-12 07:16:02\" data-filename=\"kursy-podest-ruchome.jpg\" data-slide-type=\"image\"><img loading=\"lazy\" decoding=\"async\" src=\"https:\/\/szkolenia-udt.pl\/wp-content\/uploads\/2014\/10\/kursy-podest-ruchome.jpg\" height=\"225\" width=\"300\" alt=\"Utbildningscenter f\u00f6r operat\u00f6rer\" class=\"slider-615 slide-617 msDefaultImage\" \/><\/li>\n                <li style=\"display: none; width: 100%;\" class=\"slide-619 ms-image\" aria-roledescription=\"slide\" data-date=\"2014-10-12 07:16:04\" data-filename=\"Podest-ruchomy-masztowy.jpg\" data-slide-type=\"image\"><img loading=\"lazy\" decoding=\"async\" src=\"https:\/\/szkolenia-udt.pl\/wp-content\/uploads\/2014\/10\/Podest-ruchomy-masztowy.jpg\" height=\"225\" width=\"300\" alt=\"Kurs f\u00f6r mobila plattformar\" class=\"slider-615 slide-619 msDefaultImage\" \/><\/li>\n                <li style=\"display: none; width: 100%;\" class=\"slide-618 ms-image\" aria-roledescription=\"slide\" data-date=\"2014-10-12 07:16:03\" data-filename=\"podest-stacjonarny-IIP1.jpg\" data-slide-type=\"image\"><img loading=\"lazy\" decoding=\"async\" src=\"https:\/\/szkolenia-udt.pl\/wp-content\/uploads\/2014\/10\/podest-stacjonarny-IIP1.jpg\" height=\"225\" width=\"300\" alt=\"Saxplattformar\" class=\"slider-615 slide-618 msDefaultImage\" \/><\/li>\n                <li style=\"display: none; width: 100%;\" class=\"slide-620 ms-image\" aria-roledescription=\"slide\" data-date=\"2014-10-12 07:16:04\" data-filename=\"Podesty-masztowe.jpg\" data-slide-type=\"image\"><img loading=\"lazy\" decoding=\"async\" src=\"https:\/\/szkolenia-udt.pl\/wp-content\/uploads\/2014\/10\/Podesty-masztowe.jpg\" height=\"225\" width=\"300\" alt=\"\" class=\"slider-615 slide-620 msDefaultImage\" \/><\/li>\n                <li style=\"display: none; width: 100%;\" class=\"slide-621 ms-image\" aria-roledescription=\"slide\" data-date=\"2014-10-12 07:16:05\" data-filename=\"Szkolenia-OSO.jpg\" data-slide-type=\"image\"><img loading=\"lazy\" decoding=\"async\" src=\"https:\/\/szkolenia-udt.pl\/wp-content\/uploads\/2014\/10\/Szkolenia-OSO.jpg\" height=\"225\" width=\"300\" alt=\"Mobila plattformar. UDT-auktorisationer\" class=\"slider-615 slide-621 msDefaultImage\" \/><\/li>\n            <\/ul>\n        <\/div>\n        \n    <\/div>\n<\/div><\/div>\n<p>F\u00f6r att f\u00e5 anv\u00e4nda mobila plattformar m\u00e5ste du vara certifierad av UDT; dessa enheter \u00e4r f\u00f6rem\u00e5l f\u00f6r teknisk \u00f6vervakning. F\u00f6r att erh\u00e5lla certifikaten m\u00e5ste du ha slutf\u00f6rt <a href=\"https:\/\/szkolenia-udt.pl\/sv\/kursy\/podesty-ruchome\/\">kurs f\u00f6r mobila plattformar<\/a>och sedan genomg\u00e5 ett prov inf\u00f6r den tekniska inspektionskommissionen.<\/p>\n<p><a href=\"https:\/\/szkolenia-udt.pl\/sv\/kontakt\/\">Du \u00e4r hj\u00e4rtligt inbjuden<\/a> f\u00f6r kurser p\u00e5 v\u00e5ra <a href=\"https:\/\/szkolenia-udt.pl\/sv\/o-firmie\/\">Centrum f\u00f6r utbildning av operat\u00f6rer<\/a> Vi erbjuder kurser i saxliftar och korgliftar samt andra typer av liftar, s\u00e5 att du kan l\u00e4ra dig att anv\u00e4nda dem p\u00e5 ett korrekt och s\u00e4kert s\u00e4tt. Kurserna h\u00e5lls i st\u00e4derna Warszawa, Krakow, Bielsko-Bia\u0142a och Katowice, b\u00e5de i \u00f6ppet format (\u00f6ppet f\u00f6r alla) och f\u00f6r slutna grupper. <a href=\"https:\/\/szkolenia-udt.pl\/sv\/oferta\/\">Pris<\/a> beror p\u00e5 antalet deltagare i klasserna.<\/p>\n<\/div>","protected":false},"excerpt":{"rendered":"<p>Podesty ruchome to urz\u0105dzenia zaliczane do kategorii urz\u0105dze\u0144 d\u017awigowych, kt\u00f3re s\u0105 przeznaczone do transportowanie \u0142adunk\u00f3w \u2013 materia\u0142\u00f3w, towar\u00f3w lub os\u00f3b na wysoko\u015b\u0107. S\u0105 one wykorzystywane przede wszystkim w pracach monta\u017cowych oraz pracach budowlanych na terenie zak\u0142ad\u00f3w pracy oraz w pracach na zewn\u0105trz. Podesty zbudowane s\u0105 z platformy lub z gondoli ogrodzonych barierkami, kt\u00f3re zamontowane s\u0105 [&hellip;]<\/p>\n","protected":false},"author":3,"featured_media":0,"parent":69,"menu_order":0,"comment_status":"closed","ping_status":"closed","template":"","meta":{"footnotes":""},"class_list":["post-53","page","type-page","status-publish","hentry"],"aioseo_notices":[],"_links":{"self":[{"href":"https:\/\/szkolenia-udt.pl\/sv\/wp-json\/wp\/v2\/pages\/53","targetHints":{"allow":["GET"]}}],"collection":[{"href":"https:\/\/szkolenia-udt.pl\/sv\/wp-json\/wp\/v2\/pages"}],"about":[{"href":"https:\/\/szkolenia-udt.pl\/sv\/wp-json\/wp\/v2\/types\/page"}],"author":[{"embeddable":true,"href":"https:\/\/szkolenia-udt.pl\/sv\/wp-json\/wp\/v2\/users\/3"}],"replies":[{"embeddable":true,"href":"https:\/\/szkolenia-udt.pl\/sv\/wp-json\/wp\/v2\/comments?post=53"}],"version-history":[{"count":9,"href":"https:\/\/szkolenia-udt.pl\/sv\/wp-json\/wp\/v2\/pages\/53\/revisions"}],"predecessor-version":[{"id":2233,"href":"https:\/\/szkolenia-udt.pl\/sv\/wp-json\/wp\/v2\/pages\/53\/revisions\/2233"}],"up":[{"embeddable":true,"href":"https:\/\/szkolenia-udt.pl\/sv\/wp-json\/wp\/v2\/pages\/69"}],"wp:attachment":[{"href":"https:\/\/szkolenia-udt.pl\/sv\/wp-json\/wp\/v2\/media?parent=53"}],"curies":[{"name":"wp","href":"https:\/\/api.w.org\/{rel}","templated":true}]}}