{"id":5314,"date":"2023-12-11T00:49:06","date_gmt":"2023-12-10T23:49:06","guid":{"rendered":"https:\/\/szkolenia-udt.pl\/?page_id=5314"},"modified":"2023-12-11T12:10:46","modified_gmt":"2023-12-11T11:10:46","slug":"global-vindkraftsorganisation","status":"publish","type":"page","link":"https:\/\/szkolenia-udt.pl\/sv\/kursy\/global-wind-organisation\/","title":{"rendered":"Organisationen f\u00f6r global vindkraft (GWO)\u00a0"},"content":{"rendered":"<p>GWO-certifieringar \u00e4r n\u00f6dv\u00e4ndiga f\u00f6r dem som arbetar i vindturbinmilj\u00f6er &nbsp;<br>Global Wind Organisation (GWO) \u00e4r ett internationellt organ som bildats av ledande f\u00f6retag inom vindkraftssektorn. Syftet \u00e4r att standardisera kunskap, f\u00e4rdigheter och potentiella h\u00e4lso- och s\u00e4kerhetsrisker f\u00f6r arbetstagare i branschen. Som en del av GWO:s verksamhet har man skapat universella s\u00e4kerhetsriktlinjer och utbildningsstandarder som \u00e4r till\u00e4mpliga p\u00e5 vindkraftsomr\u00e5det.&nbsp;<\/p>\n\n\n\n<h2 class=\"wp-block-heading\">GWO:s utbildningsstandarder&nbsp;<\/h2>\n\n\n\n<p>GWO:s utbildningsstandarder \u00e4r omfattande kurser som \u00e4r utformade f\u00f6r att \u00f6ka medvetenheten och minimera riskerna i samband med s\u00e4kerhetsrisker inom vindturbinsektorn. Kurserna ger deltagarna de kunskaper och f\u00e4rdigheter som kr\u00e4vs f\u00f6r att arbeta inom detta omr\u00e5de av branschen.&nbsp;<\/p>\n\n\n\n<p>De senaste versionerna av alla utbildningsstandarder finns tillg\u00e4ngliga p\u00e5 GWO:s officiella webbplats. Inneh\u00e5llet granskas och uppdateras regelbundet av olika kommitt\u00e9er, t.ex. utbildningskommitt\u00e9n och kommitt\u00e9n f\u00f6r revision och efterlevnad.&nbsp;<\/p>\n\n\n\n<h2 class=\"wp-block-heading\">Uppkomst av organisationer och utbildning&nbsp;<\/h2>\n\n\n\n<p>Under 2009 tog ledande tillverkare och operat\u00f6rer av vindkraftverk initiativ till bildandet av Global Wind Organisation (GWO), en organisation som syftar till att reglera och standardisera arbetsmetoderna vid vindkraftverk. Evenemanget var ett viktigt steg inom ramen f\u00f6r utvecklingen av gr\u00f6n energi och inf\u00f6rde standarder f\u00f6r att garantera s\u00e4kerheten f\u00f6r arbetstagare som \u00e4r verksamma inom vindkraftssektorn. GWO:s huvudm\u00e5l \u00e4r att minimera arbetsplatsolyckor och skador inom vindkraftsindustrin.&nbsp;<\/p>\n\n\n\n<h2 class=\"wp-block-heading\">Grundl\u00e4ggande s\u00e4kerhetsutbildning&nbsp;<\/h2>\n\n\n\n<p>\u00c5r 2012 utf\u00e4rdade Global Wind Organisation den f\u00f6rsta utbildningsstandarden f\u00f6r arbetstagare inom vindkraftsindustrin, kallad Basic Safety Training (BST). Genom att vara certifierad enligt denna standard kan f\u00f6retag vara s\u00e4kra p\u00e5 att en anst\u00e4lld har de kunskaper och f\u00e4rdigheter som kr\u00e4vs f\u00f6r att arbeta s\u00e4kert runt vindkraftverk.&nbsp;<\/p>\n\n\n\n<p>GWO Basic Safety Training Onshore \u00e4r obligatorisk f\u00f6r alla som arbetar med landbaserade vindkraftverk och best\u00e5r av fyra moduler:&nbsp;<\/p>\n\n\n\n<ul class=\"wp-block-list\">\n<li>Arbete p\u00e5 h\u00f6g h\u00f6jd (WAH),&nbsp;<\/li>\n\n\n\n<li>Medvetenhet om brand (FAW),&nbsp;<\/li>\n\n\n\n<li>F\u00f6rsta hj\u00e4lpen (FA),&nbsp;<\/li>\n\n\n\n<li>Manuell hantering (MH).&nbsp;<\/li>\n<\/ul>\n\n\n\n<p>Grundl\u00e4ggande s\u00e4kerhetsutbildning f\u00f6r GWO <a href=\"https:\/\/szkolenia-udt.pl\/sv\/kursy\/onshore-i-offshore\/\">Offshore<\/a> \u00e4r obligatorisk f\u00f6r dem som arbetar med havsbaserade vindkraftverk och best\u00e5r av fem moduler:&nbsp;<\/p>\n\n\n\n<ul class=\"wp-block-list\">\n<li>Arbete p\u00e5 h\u00f6g h\u00f6jd (WAH),&nbsp;<\/li>\n\n\n\n<li>Medvetenhet om brand (FAW),&nbsp;<\/li>\n\n\n\n<li>F\u00f6rsta hj\u00e4lpen (FA),&nbsp;<\/li>\n\n\n\n<li>Manuell hantering (MH),&nbsp;<\/li>\n\n\n\n<li>\u00d6verlevnad till havs.&nbsp;<\/li>\n<\/ul>\n\n\n\n<p>Deltagande i ovanst\u00e5ende kurser garanterar omfattande f\u00f6rberedelser f\u00f6r yrkesm\u00e4ssiga uppgifter. Under utbildningen f\u00f6rv\u00e4rvar deltagaren de f\u00e4rdigheter som kr\u00e4vs f\u00f6r att reagera effektivt p\u00e5 n\u00f6dsituationer och of\u00f6ruts\u00e4gbara situationer. Utbildningsprogrammet omfattar f\u00f6ljande \u00e4mnen: f\u00f6rsta hj\u00e4lpen, manuell hantering, hantering av eventuella br\u00e4nder i turbiner, iakttagande av s\u00e4kerhetsregler vid arbete p\u00e5 h\u00f6ga h\u00f6jder och \u00f6verlevnadsf\u00e4rdigheter till sj\u00f6ss.&nbsp;<\/p>\n\n\n\n<h2 class=\"wp-block-heading\">Grundl\u00e4ggande teknisk utbildning&nbsp;<\/h2>\n\n\n\n<p>Under 2017 sl\u00e4pptes ytterligare en viktig standard, GWO Basic Technical Training (BTT). Kursen \u00e4r n\u00e4sta steg i kompetensutvecklingen av vindkraftsarbetare inom teknisk kunskap, konstruktion och drift av vindkraftverk. Den omfattande GWO-kursen Full Basic Technical Training (BTT) inneh\u00e5ller tre nyckelmoduler samt ett installationspaket (inneh\u00e5ller tv\u00e5 moduler: mekanik och installation). Om du slutf\u00f6r den fullst\u00e4ndiga BTT-utbildningen f\u00e5r du m\u00f6jlighet att s\u00f6ka jobb inom vindkraftsindustrin b\u00e5de p\u00e5 land och till havs. De tre nyckelmodulerna i GWO:s BTT-utbildning:&nbsp;<\/p>\n\n\n\n<ul class=\"wp-block-list\">\n<li>Mekanisk,&nbsp;<\/li>\n\n\n\n<li>Elektrisk,&nbsp;<\/li>\n\n\n\n<li>Hydraulisk (hydraulisk).&nbsp;<\/li>\n<\/ul>\n\n\n\n<h2 class=\"wp-block-heading\">Utbildningspaket f\u00f6r GWO&nbsp;<\/h2>\n\n\n\n<p>GWO erbjuder f\u00f6r n\u00e4rvarande 11 olika utbildningsstandarder, som \u00e4r ordnade i en m\u00e4ngd olika modul\u00e4ra variationer. Standarderna t\u00e4cker hela utbudet av processer som \u00e4r involverade i konstruktion och efterf\u00f6ljande underh\u00e5ll av vindkraftverk - fr\u00e5n jackdrift och bladreparation till enkel drift av vindkraftverk. Varje modul inom dessa 11 standarder \u00e4r en separat utbildningsenhet, vilket ger deltagarna flexibilitet att anpassa sig till verksamhetens behov.&nbsp;<\/p>\n\n\n\n<h2 class=\"wp-block-heading\">CSO med GWO-ackreditering f\u00f6r utbildning&nbsp;<\/h2>\n\n\n\n<p><a href=\"https:\/\/szkolenia-udt.pl\/sv\/o-firmie\/\">CSO:s utbildningscentrum<\/a> erbjuder Global Wind Organisation (GWO) utbildningsprogram, som \u00e4r n\u00f6dv\u00e4ndiga f\u00f6r dem som planerar att arbeta med vindkraftverk. Enligt GWO:s riktlinjer kan dessa utbildningar endast erbjudas av ackrediterade utbildningscenter. F\u00f6r att ge tillg\u00e5ng till den senaste informationen om utbildningsinneh\u00e5ll f\u00f6r enskilda tekniker och utbildningsleverant\u00f6rer finns det en internationell GWO WINDA-plattform, tillg\u00e4nglig online p\u00e5: <a href=\"https:\/\/winda.globalwindsafety.org\/\" target=\"_blank\" rel=\"noopener nofollow\" title=\"\">https:\/\/winda.globalwindsafety.org<\/a>.&nbsp;<\/p>\n\n\n\n<p>GWO-certifieringar v\u00e4rdes\u00e4tts av arbetsgivare \u00f6ver hela v\u00e4rlden och bekr\u00e4ftar att en anst\u00e4lld \u00e4r kvalificerad och kunnig n\u00e4r det g\u00e4ller att s\u00e4kerst\u00e4lla s\u00e4kerheten p\u00e5 arbetsplatsen.&nbsp;<\/p>\n\n\n\n<h2 class=\"wp-block-heading\">GWO WINDA - internationellt registreringssystem&nbsp;&nbsp;<\/h2>\n\n\n\n<p>WINDA \u00e4r en v\u00e4rldsomsp\u00e4nnande databas som skapats av GWO f\u00f6r att verifiera certifieringen av utbildningsleverant\u00f6rer och elever som genomg\u00e5r GWO-certifierad utbildning. Varje GWO-trainee m\u00e5ste skapa ett personligt konto i WINDA-systemet. Efter registrering skickar han eller hon sitt WINDA-ID till utbildningsleverant\u00f6ren f\u00f6r att komplettera informationen om den slutf\u00f6rda utbildningen i systemet. Efter avslutad kurs kommer provresultatet att laddas upp till WINDA-databasen. P\u00e5 s\u00e5 s\u00e4tt kan en anst\u00e4lld, arbetsledare eller ett f\u00f6retag som vill anst\u00e4lla en person s\u00f6ka efter den personen via deras individuella WINDA-ID och se vilka giltiga GWO-certifikat den personen har. Certifikat som erh\u00e5llits under Basic Safety Training GWO \u00e4r giltiga i 24 m\u00e5nader. F\u00f6r att beh\u00e5lla giltigheten m\u00e5ste deltagaren delta i \u00e5terkommande utbildning i den relevanta modulen inom tv\u00e5 m\u00e5nader innan certifikatet l\u00f6per ut. Det \u00e4r m\u00f6jligt att komplettera kunskaperna genom att delta i GWO BST Refresher-kursen. Om denna process f\u00f6rsummas blir certifikatet ogiltigt och deltagaren \u00e4r skyldig att starta hela utbildningsproceduren p\u00e5 nytt.&nbsp;<\/p>\n\n\n\n<h2 class=\"wp-block-heading\">GWO-kurser - plats f\u00f6r undervisning&nbsp;<\/h2>\n\n\n\n<p><a href=\"https:\/\/szkolenia-udt.pl\/sv\/kursy\/\">V\u00e5r utbildning<\/a> De \u00e4ger rum p\u00e5 olika platser, inklusive Warszawa och v\u00e5ra regionala filialer i hela Polen. Vi erbjuder ocks\u00e5 m\u00f6jlighet till utbildning i kundens lokaler och reser till en plats som \u00e4r l\u00e4mplig f\u00f6r kunden.&nbsp;<\/p>\n\n\n\n<p>P\u00e5 v\u00e5r webbplats finns information om \u00f6ppna kurser. Om du \u00e4r intresserad av sluten utbildning uppmanar vi dig att kontakta v\u00e5rt centrum s\u00e5 att vi kan ta fram ett personligt erbjudande som \u00e4r anpassat efter dina behov.&nbsp;<\/p>\n\n\n\n<p>Om du har n\u00e5gra fr\u00e5gor om v\u00e5ra kurser \u00e4r du v\u00e4lkommen att kontakta <a href=\"https:\/\/szkolenia-udt.pl\/sv\/kontakt\/\">Telefon- eller e-postkontakt<\/a>. V\u00e5rt team \u00e4r redo att svara p\u00e5 alla fr\u00e5gor och skingra alla tvivel. Du \u00e4r ocks\u00e5 v\u00e4lkommen att bes\u00f6ka v\u00e5rt center, d\u00e4r vi g\u00e4rna presenterar v\u00e5rt erbjudande och f\u00f6rbereder en offert f\u00f6r intresserade parter.&nbsp;<br>&nbsp;<\/p>","protected":false},"excerpt":{"rendered":"<p>Certyfikaty GWO niezb\u0119dne dla os\u00f3b pracuj\u0105cych w \u015brodowisku turbin wiatrowych &nbsp;Global Wind Organisation (GWO) jest mi\u0119dzynarodow\u0105 instytucj\u0105, utworzon\u0105 przez czo\u0142owe firmy z sektora energii wiatrowej. Jej celem jest standaryzacja wiedzy, umiej\u0119tno\u015bci oraz potencjalnych zagro\u017ce\u0144 dla zdrowia i bezpiecze\u0144stwa pracownik\u00f3w w tej bran\u017cy. W ramach dzia\u0142alno\u015bci GWO stworzono powszechne wytyczne dotycz\u0105ce bezpiecze\u0144stwa oraz standardy szkole\u0144, maj\u0105ce [&hellip;]<\/p>\n","protected":false},"author":3,"featured_media":5318,"parent":22,"menu_order":0,"comment_status":"closed","ping_status":"closed","template":"template-podkategorie.php","meta":{"footnotes":""},"class_list":["post-5314","page","type-page","status-publish","has-post-thumbnail","hentry"],"aioseo_notices":[],"_links":{"self":[{"href":"https:\/\/szkolenia-udt.pl\/sv\/wp-json\/wp\/v2\/pages\/5314","targetHints":{"allow":["GET"]}}],"collection":[{"href":"https:\/\/szkolenia-udt.pl\/sv\/wp-json\/wp\/v2\/pages"}],"about":[{"href":"https:\/\/szkolenia-udt.pl\/sv\/wp-json\/wp\/v2\/types\/page"}],"author":[{"embeddable":true,"href":"https:\/\/szkolenia-udt.pl\/sv\/wp-json\/wp\/v2\/users\/3"}],"replies":[{"embeddable":true,"href":"https:\/\/szkolenia-udt.pl\/sv\/wp-json\/wp\/v2\/comments?post=5314"}],"version-history":[{"count":2,"href":"https:\/\/szkolenia-udt.pl\/sv\/wp-json\/wp\/v2\/pages\/5314\/revisions"}],"predecessor-version":[{"id":5319,"href":"https:\/\/szkolenia-udt.pl\/sv\/wp-json\/wp\/v2\/pages\/5314\/revisions\/5319"}],"up":[{"embeddable":true,"href":"https:\/\/szkolenia-udt.pl\/sv\/wp-json\/wp\/v2\/pages\/22"}],"wp:featuredmedia":[{"embeddable":true,"href":"https:\/\/szkolenia-udt.pl\/sv\/wp-json\/wp\/v2\/media\/5318"}],"wp:attachment":[{"href":"https:\/\/szkolenia-udt.pl\/sv\/wp-json\/wp\/v2\/media?parent=5314"}],"curies":[{"name":"wp","href":"https:\/\/api.w.org\/{rel}","templated":true}]}}